{"id":15270,"date":"2016-03-15T15:12:41","date_gmt":"2016-03-15T15:12:41","guid":{"rendered":"https:\/\/dev.tg4.ie\/en\/?page_id=15270"},"modified":"2019-06-24T16:21:25","modified_gmt":"2019-06-24T15:21:25","slug":"15-03-16","status":"publish","type":"page","link":"https:\/\/dev.tg4.ie\/en\/information\/press\/press-releases\/2016-2\/15-03-16\/","title":{"rendered":"15.03.16"},"content":{"rendered":"<h2>Splanc! 2016 on TG4<\/h2>\n<p>Following the premiere at the Irish Film Institute on 14<sup>th<\/sup> of March, seven of the Splanc! 2016 short films commissioned by the Arts Council and TG4, in partnership with the Galway Film Centre, will be broadcast on TG4 over the Easter weekend. This is a special edition of the Irish-language documentary scheme in which film artists provide their creative responses to the legacy of 1916 in the arts in Ireland. The short films which will be broadcast on TG4 are as follows:<\/p>\n<p>D\u00f3nal \u00d3 C\u00e9illeachair\u2019s <strong>\u00c1iliu Iath n-hErend<\/strong> (Invoking Ireland) draws its inspiration from the ancient collection of poems, The Songs of Amergin, which, according to legend the Poems, or Songs, of Amhairghin Gl\u00fangheal are the first poems in Irish recited in Ireland.\u00a0 This film brings the poems to life with a chorus of Ireland&#8217;s finest living poets and a kaleidoscope of images from Ireland&#8217;s past and present. (26\/3\/16 7.45pm)<\/p>\n<p>Fergal Ward\u2019s and Adrian Duncan\u2019s <strong>Bungal\u00f3 Bliss<\/strong> revisits Jack Fitzsimon&#8217;s housing catalogue of 1971, and the extraordinary effect it had on Irish house design and rural ways of living. (26\/3\/16 7.50pm)<\/p>\n<p>Tadhg O\u2019Sullivan\u2019s <strong>Solas C\u00e9ad Bliain<\/strong> is a poetic meditation on light, explored as a cinematic journey through one hundred years of Irish art. (27\/3\/16 7.15pm)<\/p>\n<p>Sharon Whooley\u2019s <strong>Imogen Stuart Dealbh\u00f3ir<\/strong> explores the powerful work of German-Irish sculptor Imogen Stuart. Imogen&#8217;s prodigious work in a variety of media has attracted international attention and critical acclaim over her career. (27\/3\/16 7.20pm)<\/p>\n<p>Pat Collins brings us into the beautiful, immersive paintings of Co. Tyrone\u2019s William McKeown in <strong>Idir Neamh agus Talamh: Saothar William McKeown<\/strong>. (27\/3\/16 8.55pm)<\/p>\n<p>Megs Morley\u2019s and Tom Flanagan\u2019s <strong>Cruth na Cumhachta<\/strong> (Allegories of Power) explores the significance of stone statues found throughout Ireland and their relationship to our political history and our collective memory. (28\/3\/16 7.15pm)<\/p>\n<p>Oonagh Kearney\u2019s <strong>O\u00edche Nollaig na mBan<\/strong> is inspired by Se\u00e1n \u00d3 R\u00edord\u00e1in\u2019s well known poem and aims to capture the powerful energy of the work in a highly visual treatment. Working with a schoolgirl choir and inter-generational cast of female performers, the film pays tribute to \u00d3&#8217;Ri\u00f3rd\u00e1in&#8217;s language and radical vision of Women&#8217;s Christmas night.\u00a0 (28\/3\/16 7.20pm)<\/p>\n<p>Art O\u2019Briain invites us into <strong>The Souvenir Shop<\/strong>, a playful exhibition by artist Rita Duffy which gathers together a collection of unique objects with a sense of irony, history and mischief. (April on TG4)<\/p>\n","protected":false},"excerpt":{"rendered":"<p>Splanc! 2016 on TG4 Following the premiere at the Irish Film Institute on 14th of March, seven of the Splanc! 2016 short films commissioned by the Arts Council and TG4, in partnership with the Galway Film Centre, will be broadcast on TG4 over the Easter weekend. This is a special edition of the Irish-language documentary [&hellip;]<\/p>\n","protected":false},"author":876,"featured_media":0,"parent":6901,"menu_order":11,"comment_status":"closed","ping_status":"closed","template":"page-templates\/template-pr.php","meta":{"_acf_changed":false,"footnotes":""},"acf":[],"yoast_head":"<!-- This site is optimized with the Yoast SEO plugin v22.6 - https:\/\/yoast.com\/wordpress\/plugins\/seo\/ -->\n<title>15.03.16 - TG4<\/title>\n<meta name=\"robots\" content=\"index, follow, max-snippet:-1, max-image-preview:large, max-video-preview:-1\" \/>\n<meta property=\"og:locale\" content=\"en_US\" \/>\n<meta property=\"og:type\" content=\"article\" \/>\n<meta property=\"og:title\" content=\"15.03.16 - TG4\" \/>\n<meta property=\"og:description\" content=\"Splanc! 2016 on TG4 Following the premiere at the Irish Film Institute on 14th of March, seven of the Splanc! 2016 short films commissioned by the Arts Council and TG4, in partnership with the Galway Film Centre, will be broadcast on TG4 over the Easter weekend. This is a special edition of the Irish-language documentary [&hellip;]\" \/>\n<meta property=\"og:url\" content=\"https:\/\/dev.tg4.ie\/en\/information\/press\/press-releases\/2016-2\/15-03-16\/\" \/>\n<meta property=\"og:site_name\" content=\"TG4\" \/>\n<meta property=\"article:publisher\" content=\"https:\/\/www.facebook.com\/TG4TV\" \/>\n<meta property=\"article:modified_time\" content=\"2019-06-24T15:21:25+00:00\" \/>\n<meta property=\"og:image\" content=\"https:\/\/tg4-docs.s3.amazonaws.com\/wp-content\/uploads\/2024\/11\/18151812\/TG4_2024_corcra_teal_1-1920x1080-1.jpg\" \/>\n\t<meta property=\"og:image:width\" content=\"1920\" \/>\n\t<meta property=\"og:image:height\" content=\"1080\" \/>\n\t<meta property=\"og:image:type\" content=\"image\/jpeg\" \/>\n<meta name=\"twitter:card\" content=\"summary_large_image\" \/>\n<meta name=\"twitter:site\" content=\"@TG4TV\" \/>\n<meta name=\"twitter:label1\" content=\"Est. reading time\" \/>\n\t<meta name=\"twitter:data1\" content=\"2 minutes\" \/>\n<script type=\"application\/ld+json\" class=\"yoast-schema-graph\">{\"@context\":\"https:\/\/schema.org\",\"@graph\":[{\"@type\":\"WebPage\",\"@id\":\"https:\/\/dev.tg4.ie\/en\/information\/press\/press-releases\/2016-2\/15-03-16\/\",\"url\":\"https:\/\/dev.tg4.ie\/en\/information\/press\/press-releases\/2016-2\/15-03-16\/\",\"name\":\"15.03.16 - TG4\",\"isPartOf\":{\"@id\":\"https:\/\/dev.tg4.ie\/en\/#website\"},\"datePublished\":\"2016-03-15T15:12:41+00:00\",\"dateModified\":\"2019-06-24T15:21:25+00:00\",\"breadcrumb\":{\"@id\":\"https:\/\/dev.tg4.ie\/en\/information\/press\/press-releases\/2016-2\/15-03-16\/#breadcrumb\"},\"inLanguage\":\"en-ie\",\"potentialAction\":[{\"@type\":\"ReadAction\",\"target\":[\"https:\/\/dev.tg4.ie\/en\/information\/press\/press-releases\/2016-2\/15-03-16\/\"]}]},{\"@type\":\"BreadcrumbList\",\"@id\":\"https:\/\/dev.tg4.ie\/en\/information\/press\/press-releases\/2016-2\/15-03-16\/#breadcrumb\",\"itemListElement\":[{\"@type\":\"ListItem\",\"position\":1,\"name\":\"Home\",\"item\":\"https:\/\/dev.tg4.ie\/en\/\"},{\"@type\":\"ListItem\",\"position\":2,\"name\":\"Information\",\"item\":\"https:\/\/dev.tg4.ie\/en\/information\/\"},{\"@type\":\"ListItem\",\"position\":3,\"name\":\"Press\",\"item\":\"https:\/\/dev.tg4.ie\/en\/information\/press\/\"},{\"@type\":\"ListItem\",\"position\":4,\"name\":\"Press Releases\",\"item\":\"https:\/\/dev.tg4.ie\/en\/information\/press\/press-releases\/\"},{\"@type\":\"ListItem\",\"position\":5,\"name\":\"2016\",\"item\":\"https:\/\/dev.tg4.ie\/en\/information\/press\/press-releases\/2016-2\/\"},{\"@type\":\"ListItem\",\"position\":6,\"name\":\"15.03.16\"}]},{\"@type\":\"WebSite\",\"@id\":\"https:\/\/dev.tg4.ie\/en\/#website\",\"url\":\"https:\/\/dev.tg4.ie\/en\/\",\"name\":\"TG4\",\"description\":\"S\u00fail Eile\",\"potentialAction\":[{\"@type\":\"SearchAction\",\"target\":{\"@type\":\"EntryPoint\",\"urlTemplate\":\"https:\/\/dev.tg4.ie\/en\/?s={search_term_string}\"},\"query-input\":\"required name=search_term_string\"}],\"inLanguage\":\"en-ie\"}]}<\/script>\n<!-- \/ Yoast SEO plugin. -->","yoast_head_json":{"title":"15.03.16 - TG4","robots":{"index":"index","follow":"follow","max-snippet":"max-snippet:-1","max-image-preview":"max-image-preview:large","max-video-preview":"max-video-preview:-1"},"og_locale":"en_US","og_type":"article","og_title":"15.03.16 - TG4","og_description":"Splanc! 2016 on TG4 Following the premiere at the Irish Film Institute on 14th of March, seven of the Splanc! 2016 short films commissioned by the Arts Council and TG4, in partnership with the Galway Film Centre, will be broadcast on TG4 over the Easter weekend. This is a special edition of the Irish-language documentary [&hellip;]","og_url":"https:\/\/dev.tg4.ie\/en\/information\/press\/press-releases\/2016-2\/15-03-16\/","og_site_name":"TG4","article_publisher":"https:\/\/www.facebook.com\/TG4TV","article_modified_time":"2019-06-24T15:21:25+00:00","og_image":[{"width":1920,"height":1080,"url":"https:\/\/tg4-docs.s3.amazonaws.com\/wp-content\/uploads\/2024\/11\/18151812\/TG4_2024_corcra_teal_1-1920x1080-1.jpg","type":"image\/jpeg"}],"twitter_card":"summary_large_image","twitter_site":"@TG4TV","twitter_misc":{"Est. reading time":"2 minutes"},"schema":{"@context":"https:\/\/schema.org","@graph":[{"@type":"WebPage","@id":"https:\/\/dev.tg4.ie\/en\/information\/press\/press-releases\/2016-2\/15-03-16\/","url":"https:\/\/dev.tg4.ie\/en\/information\/press\/press-releases\/2016-2\/15-03-16\/","name":"15.03.16 - TG4","isPartOf":{"@id":"https:\/\/dev.tg4.ie\/en\/#website"},"datePublished":"2016-03-15T15:12:41+00:00","dateModified":"2019-06-24T15:21:25+00:00","breadcrumb":{"@id":"https:\/\/dev.tg4.ie\/en\/information\/press\/press-releases\/2016-2\/15-03-16\/#breadcrumb"},"inLanguage":"en-ie","potentialAction":[{"@type":"ReadAction","target":["https:\/\/dev.tg4.ie\/en\/information\/press\/press-releases\/2016-2\/15-03-16\/"]}]},{"@type":"BreadcrumbList","@id":"https:\/\/dev.tg4.ie\/en\/information\/press\/press-releases\/2016-2\/15-03-16\/#breadcrumb","itemListElement":[{"@type":"ListItem","position":1,"name":"Home","item":"https:\/\/dev.tg4.ie\/en\/"},{"@type":"ListItem","position":2,"name":"Information","item":"https:\/\/dev.tg4.ie\/en\/information\/"},{"@type":"ListItem","position":3,"name":"Press","item":"https:\/\/dev.tg4.ie\/en\/information\/press\/"},{"@type":"ListItem","position":4,"name":"Press Releases","item":"https:\/\/dev.tg4.ie\/en\/information\/press\/press-releases\/"},{"@type":"ListItem","position":5,"name":"2016","item":"https:\/\/dev.tg4.ie\/en\/information\/press\/press-releases\/2016-2\/"},{"@type":"ListItem","position":6,"name":"15.03.16"}]},{"@type":"WebSite","@id":"https:\/\/dev.tg4.ie\/en\/#website","url":"https:\/\/dev.tg4.ie\/en\/","name":"TG4","description":"S\u00fail Eile","potentialAction":[{"@type":"SearchAction","target":{"@type":"EntryPoint","urlTemplate":"https:\/\/dev.tg4.ie\/en\/?s={search_term_string}"},"query-input":"required name=search_term_string"}],"inLanguage":"en-ie"}]}},"_links":{"self":[{"href":"https:\/\/dev.tg4.ie\/en\/wp-json\/wp\/v2\/pages\/15270"}],"collection":[{"href":"https:\/\/dev.tg4.ie\/en\/wp-json\/wp\/v2\/pages"}],"about":[{"href":"https:\/\/dev.tg4.ie\/en\/wp-json\/wp\/v2\/types\/page"}],"author":[{"embeddable":true,"href":"https:\/\/dev.tg4.ie\/en\/wp-json\/wp\/v2\/users\/876"}],"replies":[{"embeddable":true,"href":"https:\/\/dev.tg4.ie\/en\/wp-json\/wp\/v2\/comments?post=15270"}],"version-history":[{"count":0,"href":"https:\/\/dev.tg4.ie\/en\/wp-json\/wp\/v2\/pages\/15270\/revisions"}],"up":[{"embeddable":true,"href":"https:\/\/dev.tg4.ie\/en\/wp-json\/wp\/v2\/pages\/6901"}],"wp:attachment":[{"href":"https:\/\/dev.tg4.ie\/en\/wp-json\/wp\/v2\/media?parent=15270"}],"curies":[{"name":"wp","href":"https:\/\/api.w.org\/{rel}","templated":true}]}}