{"id":1529,"date":"2015-08-20T10:20:41","date_gmt":"2015-08-20T09:20:41","guid":{"rendered":"https:\/\/dev.tg4.ie\/?page_id=1529"},"modified":"2019-10-22T15:26:14","modified_gmt":"2019-10-22T14:26:14","slug":"2012-2","status":"publish","type":"page","link":"https:\/\/dev.tg4.ie\/en\/information\/awards\/2012-2\/","title":{"rendered":"2012"},"content":{"rendered":"<h1>2012<\/h1>\n<p><strong>Br\u00edd\u00edn N\u00ed Dhonncha<\/strong><br \/>\nActor of the Year, Oireachtas na Gaeilge Media Awards 2012<\/p>\n<p><strong>P\u00e1id\u00ed \u00d3 Lion\u00e1ird<\/strong><br \/>\nTV Personality of the Year, Oireachtas na Gaeilge Media Awards 2012<\/p>\n<p><strong>Sc\u00e9al na Gaeilge<\/strong><br \/>\nTelevision Series of the Year, Oireachtas \u00a0na Gaeilge Media Awards 2012<\/p>\n<p><strong>\u00d3 Tholg go Tolg<\/strong><br \/>\nBest Youth Programme, \u00a0Celtic Media Festival 2012<\/p>\n<p><strong>Corp &amp; Anam<\/strong><br \/>\nSpirit of the Festival, Celtic Media Festival 2012<br \/>\nBest Drama Series, \u00a0Celtic Media Festival 2012<\/p>\n","protected":false},"excerpt":{"rendered":"<p>2012 Br\u00edd\u00edn N\u00ed Dhonncha Actor of the Year, Oireachtas na Gaeilge Media Awards 2012 P\u00e1id\u00ed \u00d3 Lion\u00e1ird TV Personality of the Year, Oireachtas na Gaeilge Media Awards 2012 Sc\u00e9al na Gaeilge Television Series of the Year, Oireachtas \u00a0na Gaeilge Media Awards 2012 \u00d3 Tholg go Tolg Best Youth Programme, \u00a0Celtic Media Festival 2012 Corp &amp; [&hellip;]<\/p>\n","protected":false},"author":6,"featured_media":1530,"parent":1217,"menu_order":15,"comment_status":"closed","ping_status":"closed","template":"page-templates\/template-corporate.php","meta":{"_acf_changed":false,"footnotes":""},"acf":[],"yoast_head":"<!-- This site is optimized with the Yoast SEO plugin v22.6 - https:\/\/yoast.com\/wordpress\/plugins\/seo\/ -->\n<title>2012 - TG4<\/title>\n<meta name=\"robots\" content=\"index, follow, max-snippet:-1, max-image-preview:large, max-video-preview:-1\" \/>\n<meta property=\"og:locale\" content=\"en_US\" \/>\n<meta property=\"og:type\" content=\"article\" \/>\n<meta property=\"og:title\" content=\"2012 - TG4\" \/>\n<meta property=\"og:description\" content=\"2012 Br\u00edd\u00edn N\u00ed Dhonncha Actor of the Year, Oireachtas na Gaeilge Media Awards 2012 P\u00e1id\u00ed \u00d3 Lion\u00e1ird TV Personality of the Year, Oireachtas na Gaeilge Media Awards 2012 Sc\u00e9al na Gaeilge Television Series of the Year, Oireachtas \u00a0na Gaeilge Media Awards 2012 \u00d3 Tholg go Tolg Best Youth Programme, \u00a0Celtic Media Festival 2012 Corp &amp; [&hellip;]\" \/>\n<meta property=\"og:url\" content=\"https:\/\/dev.tg4.ie\/en\/information\/awards\/2012-2\/\" \/>\n<meta property=\"og:site_name\" content=\"TG4\" \/>\n<meta property=\"article:publisher\" content=\"https:\/\/www.facebook.com\/TG4TV\" \/>\n<meta property=\"article:modified_time\" content=\"2019-10-22T14:26:14+00:00\" \/>\n<meta property=\"og:image\" content=\"https:\/\/tg4-docs.s3.amazonaws.com\/tg4-redesign-2015\/wp-content\/uploads\/2015\/08\/Corp_S_Anam_Sr2_HD.jpg\" \/>\n\t<meta property=\"og:image:width\" content=\"1920\" \/>\n\t<meta property=\"og:image:height\" content=\"1080\" \/>\n\t<meta property=\"og:image:type\" content=\"image\/jpeg\" \/>\n<meta name=\"twitter:card\" content=\"summary_large_image\" \/>\n<meta name=\"twitter:site\" content=\"@TG4TV\" \/>\n<script type=\"application\/ld+json\" class=\"yoast-schema-graph\">{\"@context\":\"https:\/\/schema.org\",\"@graph\":[{\"@type\":\"WebPage\",\"@id\":\"https:\/\/dev.tg4.ie\/en\/information\/awards\/2012-2\/\",\"url\":\"https:\/\/dev.tg4.ie\/en\/information\/awards\/2012-2\/\",\"name\":\"2012 - TG4\",\"isPartOf\":{\"@id\":\"https:\/\/dev.tg4.ie\/en\/#website\"},\"primaryImageOfPage\":{\"@id\":\"https:\/\/dev.tg4.ie\/en\/information\/awards\/2012-2\/#primaryimage\"},\"image\":{\"@id\":\"https:\/\/dev.tg4.ie\/en\/information\/awards\/2012-2\/#primaryimage\"},\"thumbnailUrl\":\"https:\/\/tg4-docs.s3.amazonaws.com\/tg4-redesign-2015\/wp-content\/uploads\/2015\/08\/Corp_S_Anam_Sr2_HD.jpg\",\"datePublished\":\"2015-08-20T09:20:41+00:00\",\"dateModified\":\"2019-10-22T14:26:14+00:00\",\"breadcrumb\":{\"@id\":\"https:\/\/dev.tg4.ie\/en\/information\/awards\/2012-2\/#breadcrumb\"},\"inLanguage\":\"en-ie\",\"potentialAction\":[{\"@type\":\"ReadAction\",\"target\":[\"https:\/\/dev.tg4.ie\/en\/information\/awards\/2012-2\/\"]}]},{\"@type\":\"ImageObject\",\"inLanguage\":\"en-ie\",\"@id\":\"https:\/\/dev.tg4.ie\/en\/information\/awards\/2012-2\/#primaryimage\",\"url\":\"https:\/\/tg4-docs.s3.amazonaws.com\/tg4-redesign-2015\/wp-content\/uploads\/2015\/08\/Corp_S_Anam_Sr2_HD.jpg\",\"contentUrl\":\"https:\/\/tg4-docs.s3.amazonaws.com\/tg4-redesign-2015\/wp-content\/uploads\/2015\/08\/Corp_S_Anam_Sr2_HD.jpg\",\"width\":1920,\"height\":1080},{\"@type\":\"BreadcrumbList\",\"@id\":\"https:\/\/dev.tg4.ie\/en\/information\/awards\/2012-2\/#breadcrumb\",\"itemListElement\":[{\"@type\":\"ListItem\",\"position\":1,\"name\":\"Home\",\"item\":\"https:\/\/dev.tg4.ie\/en\/\"},{\"@type\":\"ListItem\",\"position\":2,\"name\":\"Information\",\"item\":\"https:\/\/dev.tg4.ie\/en\/information\/\"},{\"@type\":\"ListItem\",\"position\":3,\"name\":\"Awards\",\"item\":\"https:\/\/dev.tg4.ie\/en\/information\/awards\/\"},{\"@type\":\"ListItem\",\"position\":4,\"name\":\"2012\"}]},{\"@type\":\"WebSite\",\"@id\":\"https:\/\/dev.tg4.ie\/en\/#website\",\"url\":\"https:\/\/dev.tg4.ie\/en\/\",\"name\":\"TG4\",\"description\":\"S\u00fail Eile\",\"potentialAction\":[{\"@type\":\"SearchAction\",\"target\":{\"@type\":\"EntryPoint\",\"urlTemplate\":\"https:\/\/dev.tg4.ie\/en\/?s={search_term_string}\"},\"query-input\":\"required name=search_term_string\"}],\"inLanguage\":\"en-ie\"}]}<\/script>\n<!-- \/ Yoast SEO plugin. -->","yoast_head_json":{"title":"2012 - TG4","robots":{"index":"index","follow":"follow","max-snippet":"max-snippet:-1","max-image-preview":"max-image-preview:large","max-video-preview":"max-video-preview:-1"},"og_locale":"en_US","og_type":"article","og_title":"2012 - TG4","og_description":"2012 Br\u00edd\u00edn N\u00ed Dhonncha Actor of the Year, Oireachtas na Gaeilge Media Awards 2012 P\u00e1id\u00ed \u00d3 Lion\u00e1ird TV Personality of the Year, Oireachtas na Gaeilge Media Awards 2012 Sc\u00e9al na Gaeilge Television Series of the Year, Oireachtas \u00a0na Gaeilge Media Awards 2012 \u00d3 Tholg go Tolg Best Youth Programme, \u00a0Celtic Media Festival 2012 Corp &amp; [&hellip;]","og_url":"https:\/\/dev.tg4.ie\/en\/information\/awards\/2012-2\/","og_site_name":"TG4","article_publisher":"https:\/\/www.facebook.com\/TG4TV","article_modified_time":"2019-10-22T14:26:14+00:00","og_image":[{"width":1920,"height":1080,"url":"https:\/\/tg4-docs.s3.amazonaws.com\/tg4-redesign-2015\/wp-content\/uploads\/2015\/08\/Corp_S_Anam_Sr2_HD.jpg","type":"image\/jpeg"}],"twitter_card":"summary_large_image","twitter_site":"@TG4TV","schema":{"@context":"https:\/\/schema.org","@graph":[{"@type":"WebPage","@id":"https:\/\/dev.tg4.ie\/en\/information\/awards\/2012-2\/","url":"https:\/\/dev.tg4.ie\/en\/information\/awards\/2012-2\/","name":"2012 - TG4","isPartOf":{"@id":"https:\/\/dev.tg4.ie\/en\/#website"},"primaryImageOfPage":{"@id":"https:\/\/dev.tg4.ie\/en\/information\/awards\/2012-2\/#primaryimage"},"image":{"@id":"https:\/\/dev.tg4.ie\/en\/information\/awards\/2012-2\/#primaryimage"},"thumbnailUrl":"https:\/\/tg4-docs.s3.amazonaws.com\/tg4-redesign-2015\/wp-content\/uploads\/2015\/08\/Corp_S_Anam_Sr2_HD.jpg","datePublished":"2015-08-20T09:20:41+00:00","dateModified":"2019-10-22T14:26:14+00:00","breadcrumb":{"@id":"https:\/\/dev.tg4.ie\/en\/information\/awards\/2012-2\/#breadcrumb"},"inLanguage":"en-ie","potentialAction":[{"@type":"ReadAction","target":["https:\/\/dev.tg4.ie\/en\/information\/awards\/2012-2\/"]}]},{"@type":"ImageObject","inLanguage":"en-ie","@id":"https:\/\/dev.tg4.ie\/en\/information\/awards\/2012-2\/#primaryimage","url":"https:\/\/tg4-docs.s3.amazonaws.com\/tg4-redesign-2015\/wp-content\/uploads\/2015\/08\/Corp_S_Anam_Sr2_HD.jpg","contentUrl":"https:\/\/tg4-docs.s3.amazonaws.com\/tg4-redesign-2015\/wp-content\/uploads\/2015\/08\/Corp_S_Anam_Sr2_HD.jpg","width":1920,"height":1080},{"@type":"BreadcrumbList","@id":"https:\/\/dev.tg4.ie\/en\/information\/awards\/2012-2\/#breadcrumb","itemListElement":[{"@type":"ListItem","position":1,"name":"Home","item":"https:\/\/dev.tg4.ie\/en\/"},{"@type":"ListItem","position":2,"name":"Information","item":"https:\/\/dev.tg4.ie\/en\/information\/"},{"@type":"ListItem","position":3,"name":"Awards","item":"https:\/\/dev.tg4.ie\/en\/information\/awards\/"},{"@type":"ListItem","position":4,"name":"2012"}]},{"@type":"WebSite","@id":"https:\/\/dev.tg4.ie\/en\/#website","url":"https:\/\/dev.tg4.ie\/en\/","name":"TG4","description":"S\u00fail Eile","potentialAction":[{"@type":"SearchAction","target":{"@type":"EntryPoint","urlTemplate":"https:\/\/dev.tg4.ie\/en\/?s={search_term_string}"},"query-input":"required name=search_term_string"}],"inLanguage":"en-ie"}]}},"_links":{"self":[{"href":"https:\/\/dev.tg4.ie\/en\/wp-json\/wp\/v2\/pages\/1529"}],"collection":[{"href":"https:\/\/dev.tg4.ie\/en\/wp-json\/wp\/v2\/pages"}],"about":[{"href":"https:\/\/dev.tg4.ie\/en\/wp-json\/wp\/v2\/types\/page"}],"author":[{"embeddable":true,"href":"https:\/\/dev.tg4.ie\/en\/wp-json\/wp\/v2\/users\/6"}],"replies":[{"embeddable":true,"href":"https:\/\/dev.tg4.ie\/en\/wp-json\/wp\/v2\/comments?post=1529"}],"version-history":[{"count":0,"href":"https:\/\/dev.tg4.ie\/en\/wp-json\/wp\/v2\/pages\/1529\/revisions"}],"up":[{"embeddable":true,"href":"https:\/\/dev.tg4.ie\/en\/wp-json\/wp\/v2\/pages\/1217"}],"wp:featuredmedia":[{"embeddable":true,"href":"https:\/\/dev.tg4.ie\/en\/wp-json\/wp\/v2\/media\/1530"}],"wp:attachment":[{"href":"https:\/\/dev.tg4.ie\/en\/wp-json\/wp\/v2\/media?parent=1529"}],"curies":[{"name":"wp","href":"https:\/\/api.w.org\/{rel}","templated":true}]}}