{"id":153197,"date":"2022-06-28T17:34:52","date_gmt":"2022-06-28T16:34:52","guid":{"rendered":"https:\/\/dev.tg4.ie\/?page_id=153197"},"modified":"2022-06-28T18:01:31","modified_gmt":"2022-06-28T17:01:31","slug":"tg4-films-to-receive-world-premieres-at-galway-film-fleadh-2022","status":"publish","type":"page","link":"https:\/\/dev.tg4.ie\/en\/information\/press\/press-releases\/2022-2\/tg4-films-to-receive-world-premieres-at-galway-film-fleadh-2022\/","title":{"rendered":"TG4 films to receive world premieres at Galway Film Fleadh 2022"},"content":{"rendered":"<p>TG4 is delighted that 5 of its projects will be screened at the 2022 Galway Film Fleadh.  TG4 and Screen Ireland will also host a networking event at the Fleadh on Saturday 9th July, for Producers interested in creating content in the Irish language.<br \/>\n&nbsp;<br \/>\nThe next CINE4 film, <strong>Tarrac<\/strong>, is to receive its premiere at this year\u2019s Galway Film Fleadh. It will be screened at the <strong>Town Hall Theatre Friday 8th July at 9pm<\/strong>.<br \/>\n&nbsp;<br \/>\n<img loading=\"lazy\" decoding=\"async\" width=\"1920\" height=\"1080\" src=\"https:\/\/tg4-docs.s3.amazonaws.com\/wp-content\/uploads\/2022\/06\/28171037\/Tarrac_1_1920x1080.jpg\" alt=\"\" class=\"alignleft size-full wp-image-153192\" srcset=\"https:\/\/tg4-docs.s3.amazonaws.com\/wp-content\/uploads\/2022\/06\/28171037\/Tarrac_1_1920x1080.jpg 1920w, https:\/\/tg4-docs.s3.amazonaws.com\/wp-content\/uploads\/2022\/06\/28171037\/Tarrac_1_1920x1080-250x141.jpg 250w, https:\/\/tg4-docs.s3.amazonaws.com\/wp-content\/uploads\/2022\/06\/28171037\/Tarrac_1_1920x1080-700x394.jpg 700w, https:\/\/tg4-docs.s3.amazonaws.com\/wp-content\/uploads\/2022\/06\/28171037\/Tarrac_1_1920x1080-252x141.jpg 252w, https:\/\/tg4-docs.s3.amazonaws.com\/wp-content\/uploads\/2022\/06\/28171037\/Tarrac_1_1920x1080-1536x864.jpg 1536w, https:\/\/tg4-docs.s3.amazonaws.com\/wp-content\/uploads\/2022\/06\/28171037\/Tarrac_1_1920x1080-120x68.jpg 120w\" sizes=\"(max-width: 1920px) 100vw, 1920px\" \/><br \/>\n&nbsp;<\/p>\n<p>Tarrac is an intimate character drama set in the Kerry Gaeltacht. Aoife N\u00ed Bhraoin returns home to help her father, Breand\u00e1n \u2018The Bear\u2019 \u00d3 Braoin, recover from a heart attack. Day to day they get along just fine. As we dig a little deeper we find that there is so much that has been left unsaid about the loss of Aoife\u2019s mother. Directed by Declan Recks, written by Eugene O\u2019Brien and produced by Cl\u00edona N\u00ed Bhuachalla. Cast includes Kelly Gough, Lorcan Cranitch, Kate Nic Chonaonaigh, Kate Finegan, Rachel Feeney &#038; Cillian \u00d3 Gairbh\u00ed.  <a href=\"https:\/\/www.galwayfilmfleadh.com\/project\/tarrac\/\" rel=\"noopener\" target=\"_blank\">Tarrac &#8211; Galway Film Fleadh<\/a><br \/>\n&nbsp;<br \/>\nAnother from the <strong>Cine4<\/strong> pot is <strong>R\u00f3ise &#038; Frank<\/strong> which will be showing at the <strong>Town Hall Theatre at 6pm on Wednesday 6th July<\/strong>. R\u00f3ise + Frank is a family film has been a hit at festivals since its release earlier this year.  Awards for the film to date include, a Dublin Film Critic Circle Award, Best Ensemble at the Dublin International Film Festival and Audience awards at both the Santa Barbara and Sonoma International festivals. <strong>R\u00f3ise &#038; Frank<\/strong> was written and directed by Rachael Moriarty and Peter Murphy, produced by Macalla. It\u2019s been two years since R\u00f3ise lost her husband Frank. Isolated by grief, she has cut herself off from family and the village community. The arrival of a mysterious dog, who seems intent on connecting with her, heralds a huge change, but is it for the better? The dog loves hurling and steaks, has a favourite armchair in R\u00f3sie\u2019s house, and an aversion to her neighbour, Donncha.  Writers: Peter Murphy &#038; Rachael Moriarty. Producer: C\u00fa\u00e1n Mac Conghail. Cast: Br\u00edd N\u00ed Neachtain, Cillian \u00d3 Gairbh\u00ed, Lorcan Cranitch, Ruadh\u00e1n de Faoite, Michelle Beamish, Claire O\u2019Connor, Peadar Cox &#038; Deagl\u00e1n de Paor. <a href=\"https:\/\/www.galwayfilmfleadh.com\/project\/roise-frank\/\" rel=\"noopener\" target=\"_blank\">R\u00f3ise &#038; Frank &#8211; Galway Film Fleadh<\/a><br \/>\n&nbsp;<br \/>\nCine4 is an Irish language film scheme supported by Screen Ireland, the Broadcasting Authority of Ireland (BAI) and TG4.<br \/>\n&nbsp;<br \/>\nOther TG4 films to receive Irish and world premieres at this years Galway Film Fleadh are <strong>Aisling Tr\u00ed N\u00e9allaibh<\/strong> and <strong>Cathair na M\u00edlte Grian<\/strong>:<br \/>\n&nbsp;<br \/>\n<strong>Aisling Tr\u00ed N\u00e9allaibh &#8211; Town Hall Theatre Thursday 7th July 2pm &#8211; World Premiere.<\/strong> Aisling Tr\u00ed N\u00e9allaibh (Clouded Reveries) is an intimate exploration of Doireann N\u00ed Ghr\u00edofa\u2019s world and creative process. It is a film about memories, motherhood and the mysterious nature of creativity. Captured through intimate performances of her own work and in-depth interviews, the film reveals N\u00ed Ghr\u00edofa\u2019s creative impulses and journeys with her to the heart of her inspiration: her homeplace in Co. Clare. Funded by The Arts Council &#038; TG4 through the ilD\u00c1NA scheme.  Director: Ciara Nic Chormaic. Producer: Sharon Whooley. <a href=\"https:\/\/www.galwayfilmfleadh.com\/project\/clouded-reveries\/\" rel=\"noopener\" target=\"_blank\">Clouded Reveries &#8211; Galway Film Fleadh<\/a><br \/>\n&nbsp;<br \/>\n<strong>Cathair na M\u00edlte Grian &#8211; Town Hall Theatre Friday 8th July 2pm &#8211; World Premiere.<\/strong> Cathair na M\u00edlte Grian (City of a Thousand Suns) is a cinematic pilgrimage exploring the cultural and psychological impacts of war. Part poem, part elegy, this film forges connections between the inhabitants of two distant cities, Dublin and Hiroshima. Asking the questions: who are we, and how can we remain human in the era of industrial mechanical warfare? Directors: Paula Kehoe &#038; Feargal Ward. Writers: Paula Kehoe &#038; Feargal Ward. Producer: Paula Kehoe. Cast: Marcus Mac Conghail, Kazuyoshi Meiki, Tristan Warner, Ailbhe N\u00ed Ghearbhuigh (narrator) &#038; Ri\u00f3na N\u00ed Fhrighil. <a href=\"https:\/\/www.galwayfilmfleadh.com\/project\/city-of-a-thousand-suns\/\" rel=\"noopener\" target=\"_blank\">City of a Thousand Suns &#8211; Galway Film Fleadh <\/a><br \/>\n&nbsp;<br \/>\nAlso screening will be <strong>An Buachaill Gealgh\u00e1ireach &#8211; P\u00e1l\u00e1s Sunday 10th July 1pm<\/strong>. An Buachaill Gealgh\u00e1ireach is the remarkable and untold story of a song. An Irish song called \u201cThe Laughing Boy\u201d written by a teenage rebel Brendan Behan in memory of another iconic rebel, Michael Collins \u2013 the centenary of whose death is commemorated this year. This song also had an extraordinary and dramatic afterlife as \u201cTo Gelasto Paidi,\u201d the powerful left-wing anthem of resistance against the dictatorship that ruled Greece in the late 60s and early 70s. Translated by the poet Vassilis Rotas, Behan\u2019s words in Greek were set to music by the legendary Mikis Theodorakis, the most famous Greek composer of all time. The song remains an enduring and potent cultural force in the heart of Greece today. Director: Alan Gilsenan. Writer: Theo Dorgan. Producers: Kathryn Baird &#038; Sheila Friel. <a href=\"https:\/\/www.galwayfilmfleadh.com\/project\/an-buachaill-geal-gaireach\/\" rel=\"noopener\" target=\"_blank\">An Buachaill Gealgh\u00e1ireach &#8211; Galway Film Fleadh <\/a><br \/>\n&nbsp;<br \/>\n<strong>TG4\u202fand Screen Ireland<\/strong>\u202fwill host a networking event for producers at  the Rowing Club at 2pm on Saturday 9th July.  We welcome producers, directors and creatives\u202fto the announcement of a new Irish language development fund in partnership between Screen Ireland and TG4.\u202fThe new fund\u202fis for producers &#038; creators interested in developing drama and documentary projects.\u202f\u202fThis informal social afternoon is also an opportunity for those in the industry to meet or reacquaint themselves with the TG4 commissioning team, discuss ideas and hopefully sow the seeds for future creative relationships.\u202f\u202fF\u00e1ilte roimh dhaoine le smaointe!<br \/>\n<a href=\"https:\/\/www.galwayfilmfleadh.com\/project\/failtiu-tg4-fis-eireann-ag-an-fleadh\/\" rel=\"noopener\" target=\"_blank\">F\u00e1ilti\u00fa TG4\u202f&#038; F\u00eds \u00c9ireann\u202fag an Fleadh &#8211; Galway Film Fleadh<\/a><br \/>\n&nbsp;<br \/>\n&nbsp;<\/p>\n","protected":false},"excerpt":{"rendered":"<p>TG4 is delighted that 5 of its projects will be screened at the 2022 Galway Film Fleadh. TG4 and Screen Ireland will also host a networking event at the Fleadh on Saturday 9th July, for Producers interested in creating content in the Irish language. &nbsp; The next CINE4 film, Tarrac, is to receive its premiere [&hellip;]<\/p>\n","protected":false},"author":876,"featured_media":0,"parent":138173,"menu_order":20,"comment_status":"closed","ping_status":"closed","template":"page-templates\/template-pr.php","meta":{"_acf_changed":false,"footnotes":""},"acf":[],"yoast_head":"<!-- This site is optimized with the Yoast SEO plugin v22.6 - https:\/\/yoast.com\/wordpress\/plugins\/seo\/ -->\n<title>TG4 films to receive world premieres at Galway Film Fleadh 2022 | Press Release | TG4<\/title>\n<meta name=\"description\" content=\"TG4 is delighted that 5 of its projects will be screened at the 2022 Galway Film Fleadh. TG4 and Screen Ireland will also host a networking event at the Fleadh on Saturday 9th July, for Producers interested in creating content in the Irish language.\" \/>\n<meta name=\"robots\" content=\"index, follow, max-snippet:-1, max-image-preview:large, max-video-preview:-1\" \/>\n<meta property=\"og:locale\" content=\"en_US\" \/>\n<meta property=\"og:type\" content=\"article\" \/>\n<meta property=\"og:title\" content=\"TG4 films to receive world premieres at Galway Film Fleadh 2022 | Press Release | TG4\" \/>\n<meta property=\"og:description\" content=\"TG4 is delighted that 5 of its projects will be screened at the 2022 Galway Film Fleadh. TG4 and Screen Ireland will also host a networking event at the Fleadh on Saturday 9th July, for Producers interested in creating content in the Irish language.\" \/>\n<meta property=\"og:url\" content=\"https:\/\/dev.tg4.ie\/en\/information\/press\/press-releases\/2022-2\/tg4-films-to-receive-world-premieres-at-galway-film-fleadh-2022\/\" \/>\n<meta property=\"og:site_name\" content=\"TG4\" \/>\n<meta property=\"article:publisher\" content=\"https:\/\/www.facebook.com\/TG4TV\" \/>\n<meta property=\"article:modified_time\" content=\"2022-06-28T17:01:31+00:00\" \/>\n<meta property=\"og:image\" content=\"https:\/\/tg4-docs.s3.amazonaws.com\/wp-content\/uploads\/2022\/06\/28171037\/Tarrac_1_1920x1080-700x394.jpg\" \/>\n<meta name=\"twitter:card\" content=\"summary_large_image\" \/>\n<meta name=\"twitter:image\" content=\"https:\/\/tg4-docs.s3.amazonaws.com\/wp-content\/uploads\/2022\/06\/28171037\/Tarrac_1_1920x1080-700x394.jpg\" \/>\n<meta name=\"twitter:site\" content=\"@TG4TV\" \/>\n<meta name=\"twitter:label1\" content=\"Est. reading time\" \/>\n\t<meta name=\"twitter:data1\" content=\"5 minutes\" \/>\n<script type=\"application\/ld+json\" class=\"yoast-schema-graph\">{\"@context\":\"https:\/\/schema.org\",\"@graph\":[{\"@type\":\"WebPage\",\"@id\":\"https:\/\/dev.tg4.ie\/en\/information\/press\/press-releases\/2022-2\/tg4-films-to-receive-world-premieres-at-galway-film-fleadh-2022\/\",\"url\":\"https:\/\/dev.tg4.ie\/en\/information\/press\/press-releases\/2022-2\/tg4-films-to-receive-world-premieres-at-galway-film-fleadh-2022\/\",\"name\":\"TG4 films to receive world premieres at Galway Film Fleadh 2022 | Press Release | TG4\",\"isPartOf\":{\"@id\":\"https:\/\/dev.tg4.ie\/en\/#website\"},\"primaryImageOfPage\":{\"@id\":\"https:\/\/dev.tg4.ie\/en\/information\/press\/press-releases\/2022-2\/tg4-films-to-receive-world-premieres-at-galway-film-fleadh-2022\/#primaryimage\"},\"image\":{\"@id\":\"https:\/\/dev.tg4.ie\/en\/information\/press\/press-releases\/2022-2\/tg4-films-to-receive-world-premieres-at-galway-film-fleadh-2022\/#primaryimage\"},\"thumbnailUrl\":\"https:\/\/dev.tg4.ie\/wp-content\/uploads\/2022\/06\/Tarrac_1_1920x1080.jpg\",\"datePublished\":\"2022-06-28T16:34:52+00:00\",\"dateModified\":\"2022-06-28T17:01:31+00:00\",\"description\":\"TG4 is delighted that 5 of its projects will be screened at the 2022 Galway Film Fleadh. TG4 and Screen Ireland will also host a networking event at the Fleadh on Saturday 9th July, for Producers interested in creating content in the Irish language.\",\"breadcrumb\":{\"@id\":\"https:\/\/dev.tg4.ie\/en\/information\/press\/press-releases\/2022-2\/tg4-films-to-receive-world-premieres-at-galway-film-fleadh-2022\/#breadcrumb\"},\"inLanguage\":\"en-ie\",\"potentialAction\":[{\"@type\":\"ReadAction\",\"target\":[\"https:\/\/dev.tg4.ie\/en\/information\/press\/press-releases\/2022-2\/tg4-films-to-receive-world-premieres-at-galway-film-fleadh-2022\/\"]}]},{\"@type\":\"ImageObject\",\"inLanguage\":\"en-ie\",\"@id\":\"https:\/\/dev.tg4.ie\/en\/information\/press\/press-releases\/2022-2\/tg4-films-to-receive-world-premieres-at-galway-film-fleadh-2022\/#primaryimage\",\"url\":\"https:\/\/dev.tg4.ie\/wp-content\/uploads\/2022\/06\/Tarrac_1_1920x1080.jpg\",\"contentUrl\":\"https:\/\/dev.tg4.ie\/wp-content\/uploads\/2022\/06\/Tarrac_1_1920x1080.jpg\"},{\"@type\":\"BreadcrumbList\",\"@id\":\"https:\/\/dev.tg4.ie\/en\/information\/press\/press-releases\/2022-2\/tg4-films-to-receive-world-premieres-at-galway-film-fleadh-2022\/#breadcrumb\",\"itemListElement\":[{\"@type\":\"ListItem\",\"position\":1,\"name\":\"Home\",\"item\":\"https:\/\/dev.tg4.ie\/en\/\"},{\"@type\":\"ListItem\",\"position\":2,\"name\":\"Information\",\"item\":\"https:\/\/dev.tg4.ie\/en\/information\/\"},{\"@type\":\"ListItem\",\"position\":3,\"name\":\"Press\",\"item\":\"https:\/\/dev.tg4.ie\/en\/information\/press\/\"},{\"@type\":\"ListItem\",\"position\":4,\"name\":\"Press Releases\",\"item\":\"https:\/\/dev.tg4.ie\/en\/information\/press\/press-releases\/\"},{\"@type\":\"ListItem\",\"position\":5,\"name\":\"2022\",\"item\":\"https:\/\/dev.tg4.ie\/en\/information\/press\/press-releases\/2022-2\/\"},{\"@type\":\"ListItem\",\"position\":6,\"name\":\"TG4 films to receive world premieres at Galway Film Fleadh 2022\"}]},{\"@type\":\"WebSite\",\"@id\":\"https:\/\/dev.tg4.ie\/en\/#website\",\"url\":\"https:\/\/dev.tg4.ie\/en\/\",\"name\":\"TG4\",\"description\":\"S\u00fail Eile\",\"potentialAction\":[{\"@type\":\"SearchAction\",\"target\":{\"@type\":\"EntryPoint\",\"urlTemplate\":\"https:\/\/dev.tg4.ie\/en\/?s={search_term_string}\"},\"query-input\":\"required name=search_term_string\"}],\"inLanguage\":\"en-ie\"}]}<\/script>\n<!-- \/ Yoast SEO plugin. -->","yoast_head_json":{"title":"TG4 films to receive world premieres at Galway Film Fleadh 2022 | Press Release | TG4","description":"TG4 is delighted that 5 of its projects will be screened at the 2022 Galway Film Fleadh. TG4 and Screen Ireland will also host a networking event at the Fleadh on Saturday 9th July, for Producers interested in creating content in the Irish language.","robots":{"index":"index","follow":"follow","max-snippet":"max-snippet:-1","max-image-preview":"max-image-preview:large","max-video-preview":"max-video-preview:-1"},"og_locale":"en_US","og_type":"article","og_title":"TG4 films to receive world premieres at Galway Film Fleadh 2022 | Press Release | TG4","og_description":"TG4 is delighted that 5 of its projects will be screened at the 2022 Galway Film Fleadh. TG4 and Screen Ireland will also host a networking event at the Fleadh on Saturday 9th July, for Producers interested in creating content in the Irish language.","og_url":"https:\/\/dev.tg4.ie\/en\/information\/press\/press-releases\/2022-2\/tg4-films-to-receive-world-premieres-at-galway-film-fleadh-2022\/","og_site_name":"TG4","article_publisher":"https:\/\/www.facebook.com\/TG4TV","article_modified_time":"2022-06-28T17:01:31+00:00","og_image":[{"url":"https:\/\/tg4-docs.s3.amazonaws.com\/wp-content\/uploads\/2022\/06\/28171037\/Tarrac_1_1920x1080-700x394.jpg"}],"twitter_card":"summary_large_image","twitter_image":"https:\/\/tg4-docs.s3.amazonaws.com\/wp-content\/uploads\/2022\/06\/28171037\/Tarrac_1_1920x1080-700x394.jpg","twitter_site":"@TG4TV","twitter_misc":{"Est. reading time":"5 minutes"},"schema":{"@context":"https:\/\/schema.org","@graph":[{"@type":"WebPage","@id":"https:\/\/dev.tg4.ie\/en\/information\/press\/press-releases\/2022-2\/tg4-films-to-receive-world-premieres-at-galway-film-fleadh-2022\/","url":"https:\/\/dev.tg4.ie\/en\/information\/press\/press-releases\/2022-2\/tg4-films-to-receive-world-premieres-at-galway-film-fleadh-2022\/","name":"TG4 films to receive world premieres at Galway Film Fleadh 2022 | Press Release | TG4","isPartOf":{"@id":"https:\/\/dev.tg4.ie\/en\/#website"},"primaryImageOfPage":{"@id":"https:\/\/dev.tg4.ie\/en\/information\/press\/press-releases\/2022-2\/tg4-films-to-receive-world-premieres-at-galway-film-fleadh-2022\/#primaryimage"},"image":{"@id":"https:\/\/dev.tg4.ie\/en\/information\/press\/press-releases\/2022-2\/tg4-films-to-receive-world-premieres-at-galway-film-fleadh-2022\/#primaryimage"},"thumbnailUrl":"https:\/\/dev.tg4.ie\/wp-content\/uploads\/2022\/06\/Tarrac_1_1920x1080.jpg","datePublished":"2022-06-28T16:34:52+00:00","dateModified":"2022-06-28T17:01:31+00:00","description":"TG4 is delighted that 5 of its projects will be screened at the 2022 Galway Film Fleadh. TG4 and Screen Ireland will also host a networking event at the Fleadh on Saturday 9th July, for Producers interested in creating content in the Irish language.","breadcrumb":{"@id":"https:\/\/dev.tg4.ie\/en\/information\/press\/press-releases\/2022-2\/tg4-films-to-receive-world-premieres-at-galway-film-fleadh-2022\/#breadcrumb"},"inLanguage":"en-ie","potentialAction":[{"@type":"ReadAction","target":["https:\/\/dev.tg4.ie\/en\/information\/press\/press-releases\/2022-2\/tg4-films-to-receive-world-premieres-at-galway-film-fleadh-2022\/"]}]},{"@type":"ImageObject","inLanguage":"en-ie","@id":"https:\/\/dev.tg4.ie\/en\/information\/press\/press-releases\/2022-2\/tg4-films-to-receive-world-premieres-at-galway-film-fleadh-2022\/#primaryimage","url":"https:\/\/dev.tg4.ie\/wp-content\/uploads\/2022\/06\/Tarrac_1_1920x1080.jpg","contentUrl":"https:\/\/dev.tg4.ie\/wp-content\/uploads\/2022\/06\/Tarrac_1_1920x1080.jpg"},{"@type":"BreadcrumbList","@id":"https:\/\/dev.tg4.ie\/en\/information\/press\/press-releases\/2022-2\/tg4-films-to-receive-world-premieres-at-galway-film-fleadh-2022\/#breadcrumb","itemListElement":[{"@type":"ListItem","position":1,"name":"Home","item":"https:\/\/dev.tg4.ie\/en\/"},{"@type":"ListItem","position":2,"name":"Information","item":"https:\/\/dev.tg4.ie\/en\/information\/"},{"@type":"ListItem","position":3,"name":"Press","item":"https:\/\/dev.tg4.ie\/en\/information\/press\/"},{"@type":"ListItem","position":4,"name":"Press Releases","item":"https:\/\/dev.tg4.ie\/en\/information\/press\/press-releases\/"},{"@type":"ListItem","position":5,"name":"2022","item":"https:\/\/dev.tg4.ie\/en\/information\/press\/press-releases\/2022-2\/"},{"@type":"ListItem","position":6,"name":"TG4 films to receive world premieres at Galway Film Fleadh 2022"}]},{"@type":"WebSite","@id":"https:\/\/dev.tg4.ie\/en\/#website","url":"https:\/\/dev.tg4.ie\/en\/","name":"TG4","description":"S\u00fail Eile","potentialAction":[{"@type":"SearchAction","target":{"@type":"EntryPoint","urlTemplate":"https:\/\/dev.tg4.ie\/en\/?s={search_term_string}"},"query-input":"required name=search_term_string"}],"inLanguage":"en-ie"}]}},"_links":{"self":[{"href":"https:\/\/dev.tg4.ie\/en\/wp-json\/wp\/v2\/pages\/153197"}],"collection":[{"href":"https:\/\/dev.tg4.ie\/en\/wp-json\/wp\/v2\/pages"}],"about":[{"href":"https:\/\/dev.tg4.ie\/en\/wp-json\/wp\/v2\/types\/page"}],"author":[{"embeddable":true,"href":"https:\/\/dev.tg4.ie\/en\/wp-json\/wp\/v2\/users\/876"}],"replies":[{"embeddable":true,"href":"https:\/\/dev.tg4.ie\/en\/wp-json\/wp\/v2\/comments?post=153197"}],"version-history":[{"count":0,"href":"https:\/\/dev.tg4.ie\/en\/wp-json\/wp\/v2\/pages\/153197\/revisions"}],"up":[{"embeddable":true,"href":"https:\/\/dev.tg4.ie\/en\/wp-json\/wp\/v2\/pages\/138173"}],"wp:attachment":[{"href":"https:\/\/dev.tg4.ie\/en\/wp-json\/wp\/v2\/media?parent=153197"}],"curies":[{"name":"wp","href":"https:\/\/api.w.org\/{rel}","templated":true}]}}