{"id":153212,"date":"2022-06-28T17:58:53","date_gmt":"2022-06-28T16:58:53","guid":{"rendered":"https:\/\/dev.tg4.ie\/?page_id=153212"},"modified":"2022-06-28T17:58:53","modified_gmt":"2022-06-28T16:58:53","slug":"tg4s-arts-programme-samhlu-2020-received-live-music-award-at-celtic-media-festival","status":"publish","type":"page","link":"https:\/\/dev.tg4.ie\/en\/information\/press\/press-releases\/2022-2\/tg4s-arts-programme-samhlu-2020-received-live-music-award-at-celtic-media-festival\/","title":{"rendered":"TG4\u2019s arts programme Samhl\u00fa 2020 received live music award at Celtic Media Festival"},"content":{"rendered":"<p><img loading=\"lazy\" decoding=\"async\" width=\"1920\" height=\"1080\" src=\"https:\/\/tg4-docs.s3.amazonaws.com\/tg4-redesign-2015\/wp-content\/uploads\/2020\/11\/SAMHLU_2020_Tommy_Tiernan_1920x1080.jpg\" alt=\"\" class=\"alignleft size-full wp-image-115186\" srcset=\"https:\/\/tg4-docs.s3.amazonaws.com\/tg4-redesign-2015\/wp-content\/uploads\/2020\/11\/SAMHLU_2020_Tommy_Tiernan_1920x1080.jpg 1920w, https:\/\/tg4-docs.s3.amazonaws.com\/tg4-redesign-2015\/wp-content\/uploads\/2020\/11\/SAMHLU_2020_Tommy_Tiernan_1920x1080-250x141.jpg 250w, https:\/\/tg4-docs.s3.amazonaws.com\/tg4-redesign-2015\/wp-content\/uploads\/2020\/11\/SAMHLU_2020_Tommy_Tiernan_1920x1080-700x394.jpg 700w, https:\/\/tg4-docs.s3.amazonaws.com\/tg4-redesign-2015\/wp-content\/uploads\/2020\/11\/SAMHLU_2020_Tommy_Tiernan_1920x1080-252x141.jpg 252w, https:\/\/tg4-docs.s3.amazonaws.com\/tg4-redesign-2015\/wp-content\/uploads\/2020\/11\/SAMHLU_2020_Tommy_Tiernan_1920x1080-1536x864.jpg 1536w, https:\/\/tg4-docs.s3.amazonaws.com\/tg4-redesign-2015\/wp-content\/uploads\/2020\/11\/SAMHLU_2020_Tommy_Tiernan_1920x1080-120x68.jpg 120w\" sizes=\"(max-width: 1920px) 100vw, 1920px\" \/><br \/>\n&nbsp;<\/p>\n<p>At this evening\u2019s Celtic Media Festival awards the Torc for Arts programme went to Samhl\u00fa 2020. Produced by F\u00edb\u00edn Media, Samhl\u00fa 2020 celebrated a year like no other where cultures and traditions collides into a celebration of togetherness inspired by the artistic ventures of 2020. Led by Tommy Tiernan, a bringer of light and storyteller, with new music by Bill Whelan, this magical setting in Roundstone Co. Galway erupts into performances from every artform, where doorsteps, piers and chipper vans become stages. The programme is available to view on TG4\u2019s player here:  <a href=\"https:\/\/nasc.tg4.tv\/Samhl\u00fa2020\" rel=\"noopener\" target=\"_blank\">https:\/\/nasc.tg4.tv\/Samhl\u00fa2020<\/a><br \/>\n&nbsp;<br \/>\nThe Celtic Media Festival (CMF) is one of the most prestigious and long-established in these islands and is held each year, rotating between venues in the various Celtic nations and regions.  It combines a three-day media conference that attracts broadcasters, producers, media and students with a competition across the full range of Film, TV, Radio and new media content genres. This year\u2019s Festival is taking place in Quimper in France. (<a href=\"https:\/\/www.celticmediafestival.co.uk\/\" rel=\"noopener\" target=\"_blank\">www.celticmediafestival.co.uk<\/a>).<br \/>\n&nbsp;<br \/>\n<strong>TG4 Ardsti\u00farth\u00f3ir Alan Esslemont<\/strong> congratulated the winning entry saying that, <em>&#8220;As well as meeting the needs of the domestic audience, TG4 content is now accessible globally,\u2019 he added \u2019it is particularly rewarding to see our content stand up to competition from the best programmes from our peers in the Celtic media industries.&#8221;<\/em><br \/>\n&nbsp;<br \/>\n&nbsp;<\/p>\n","protected":false},"excerpt":{"rendered":"<p>&nbsp; At this evening\u2019s Celtic Media Festival awards the Torc for Arts programme went to Samhl\u00fa 2020. Produced by F\u00edb\u00edn Media, Samhl\u00fa 2020 celebrated a year like no other where cultures and traditions collides into a celebration of togetherness inspired by the artistic ventures of 2020. Led by Tommy Tiernan, a bringer of light and [&hellip;]<\/p>\n","protected":false},"author":876,"featured_media":0,"parent":138173,"menu_order":19,"comment_status":"closed","ping_status":"closed","template":"page-templates\/template-pr.php","meta":{"_acf_changed":false,"footnotes":""},"acf":[],"yoast_head":"<!-- This site is optimized with the Yoast SEO plugin v22.6 - https:\/\/yoast.com\/wordpress\/plugins\/seo\/ -->\n<title>TG4\u2019s arts programme Samhl\u00fa 2020 received live music award at Celtic Media Festival | Preas R\u00e1iteas | TG4<\/title>\n<meta name=\"description\" content=\"At this evening\u2019s Celtic Media Festival awards the Torc for Arts programme went to Samhl\u00fa 2020. Produced by F\u00edb\u00edn Media, Samhl\u00fa 2020 celebrated a year like no other where cultures and traditions collides into a celebration of togetherness inspired by the artistic ventures of 2020.\" \/>\n<meta name=\"robots\" content=\"index, follow, max-snippet:-1, max-image-preview:large, max-video-preview:-1\" \/>\n<meta property=\"og:locale\" content=\"en_US\" \/>\n<meta property=\"og:type\" content=\"article\" \/>\n<meta property=\"og:title\" content=\"TG4\u2019s arts programme Samhl\u00fa 2020 received live music award at Celtic Media Festival | Preas R\u00e1iteas | TG4\" \/>\n<meta property=\"og:description\" content=\"At this evening\u2019s Celtic Media Festival awards the Torc for Arts programme went to Samhl\u00fa 2020. Produced by F\u00edb\u00edn Media, Samhl\u00fa 2020 celebrated a year like no other where cultures and traditions collides into a celebration of togetherness inspired by the artistic ventures of 2020.\" \/>\n<meta property=\"og:url\" content=\"https:\/\/dev.tg4.ie\/en\/information\/press\/press-releases\/2022-2\/tg4s-arts-programme-samhlu-2020-received-live-music-award-at-celtic-media-festival\/\" \/>\n<meta property=\"og:site_name\" content=\"TG4\" \/>\n<meta property=\"article:publisher\" content=\"https:\/\/www.facebook.com\/TG4TV\" \/>\n<meta property=\"og:image\" content=\"https:\/\/tg4-docs.s3.amazonaws.com\/tg4-redesign-2015\/wp-content\/uploads\/2020\/11\/SAMHLU_2020_Tommy_Tiernan_1920x1080-700x394.jpg\" \/>\n<meta name=\"twitter:card\" content=\"summary_large_image\" \/>\n<meta name=\"twitter:image\" content=\"https:\/\/tg4-docs.s3.amazonaws.com\/tg4-redesign-2015\/wp-content\/uploads\/2020\/11\/SAMHLU_2020_Tommy_Tiernan_1920x1080-700x394.jpg\" \/>\n<meta name=\"twitter:site\" content=\"@TG4TV\" \/>\n<meta name=\"twitter:label1\" content=\"Est. reading time\" \/>\n\t<meta name=\"twitter:data1\" content=\"1 minute\" \/>\n<script type=\"application\/ld+json\" class=\"yoast-schema-graph\">{\"@context\":\"https:\/\/schema.org\",\"@graph\":[{\"@type\":\"WebPage\",\"@id\":\"https:\/\/dev.tg4.ie\/en\/information\/press\/press-releases\/2022-2\/tg4s-arts-programme-samhlu-2020-received-live-music-award-at-celtic-media-festival\/\",\"url\":\"https:\/\/dev.tg4.ie\/en\/information\/press\/press-releases\/2022-2\/tg4s-arts-programme-samhlu-2020-received-live-music-award-at-celtic-media-festival\/\",\"name\":\"TG4\u2019s arts programme Samhl\u00fa 2020 received live music award at Celtic Media Festival | Preas R\u00e1iteas | TG4\",\"isPartOf\":{\"@id\":\"https:\/\/dev.tg4.ie\/en\/#website\"},\"primaryImageOfPage\":{\"@id\":\"https:\/\/dev.tg4.ie\/en\/information\/press\/press-releases\/2022-2\/tg4s-arts-programme-samhlu-2020-received-live-music-award-at-celtic-media-festival\/#primaryimage\"},\"image\":{\"@id\":\"https:\/\/dev.tg4.ie\/en\/information\/press\/press-releases\/2022-2\/tg4s-arts-programme-samhlu-2020-received-live-music-award-at-celtic-media-festival\/#primaryimage\"},\"thumbnailUrl\":\"https:\/\/dev.tg4.ie\/wp-content\/uploads\/2020\/11\/SAMHLU_2020_Tommy_Tiernan_1920x1080.jpg\",\"datePublished\":\"2022-06-28T16:58:53+00:00\",\"dateModified\":\"2022-06-28T16:58:53+00:00\",\"description\":\"At this evening\u2019s Celtic Media Festival awards the Torc for Arts programme went to Samhl\u00fa 2020. Produced by F\u00edb\u00edn Media, Samhl\u00fa 2020 celebrated a year like no other where cultures and traditions collides into a celebration of togetherness inspired by the artistic ventures of 2020.\",\"breadcrumb\":{\"@id\":\"https:\/\/dev.tg4.ie\/en\/information\/press\/press-releases\/2022-2\/tg4s-arts-programme-samhlu-2020-received-live-music-award-at-celtic-media-festival\/#breadcrumb\"},\"inLanguage\":\"en-ie\",\"potentialAction\":[{\"@type\":\"ReadAction\",\"target\":[\"https:\/\/dev.tg4.ie\/en\/information\/press\/press-releases\/2022-2\/tg4s-arts-programme-samhlu-2020-received-live-music-award-at-celtic-media-festival\/\"]}]},{\"@type\":\"ImageObject\",\"inLanguage\":\"en-ie\",\"@id\":\"https:\/\/dev.tg4.ie\/en\/information\/press\/press-releases\/2022-2\/tg4s-arts-programme-samhlu-2020-received-live-music-award-at-celtic-media-festival\/#primaryimage\",\"url\":\"https:\/\/dev.tg4.ie\/wp-content\/uploads\/2020\/11\/SAMHLU_2020_Tommy_Tiernan_1920x1080.jpg\",\"contentUrl\":\"https:\/\/dev.tg4.ie\/wp-content\/uploads\/2020\/11\/SAMHLU_2020_Tommy_Tiernan_1920x1080.jpg\"},{\"@type\":\"BreadcrumbList\",\"@id\":\"https:\/\/dev.tg4.ie\/en\/information\/press\/press-releases\/2022-2\/tg4s-arts-programme-samhlu-2020-received-live-music-award-at-celtic-media-festival\/#breadcrumb\",\"itemListElement\":[{\"@type\":\"ListItem\",\"position\":1,\"name\":\"Home\",\"item\":\"https:\/\/dev.tg4.ie\/en\/\"},{\"@type\":\"ListItem\",\"position\":2,\"name\":\"Information\",\"item\":\"https:\/\/dev.tg4.ie\/en\/information\/\"},{\"@type\":\"ListItem\",\"position\":3,\"name\":\"Press\",\"item\":\"https:\/\/dev.tg4.ie\/en\/information\/press\/\"},{\"@type\":\"ListItem\",\"position\":4,\"name\":\"Press Releases\",\"item\":\"https:\/\/dev.tg4.ie\/en\/information\/press\/press-releases\/\"},{\"@type\":\"ListItem\",\"position\":5,\"name\":\"2022\",\"item\":\"https:\/\/dev.tg4.ie\/en\/information\/press\/press-releases\/2022-2\/\"},{\"@type\":\"ListItem\",\"position\":6,\"name\":\"TG4\u2019s arts programme Samhl\u00fa 2020 received live music award at Celtic Media Festival\"}]},{\"@type\":\"WebSite\",\"@id\":\"https:\/\/dev.tg4.ie\/en\/#website\",\"url\":\"https:\/\/dev.tg4.ie\/en\/\",\"name\":\"TG4\",\"description\":\"S\u00fail Eile\",\"potentialAction\":[{\"@type\":\"SearchAction\",\"target\":{\"@type\":\"EntryPoint\",\"urlTemplate\":\"https:\/\/dev.tg4.ie\/en\/?s={search_term_string}\"},\"query-input\":\"required name=search_term_string\"}],\"inLanguage\":\"en-ie\"}]}<\/script>\n<!-- \/ Yoast SEO plugin. -->","yoast_head_json":{"title":"TG4\u2019s arts programme Samhl\u00fa 2020 received live music award at Celtic Media Festival | Preas R\u00e1iteas | TG4","description":"At this evening\u2019s Celtic Media Festival awards the Torc for Arts programme went to Samhl\u00fa 2020. Produced by F\u00edb\u00edn Media, Samhl\u00fa 2020 celebrated a year like no other where cultures and traditions collides into a celebration of togetherness inspired by the artistic ventures of 2020.","robots":{"index":"index","follow":"follow","max-snippet":"max-snippet:-1","max-image-preview":"max-image-preview:large","max-video-preview":"max-video-preview:-1"},"og_locale":"en_US","og_type":"article","og_title":"TG4\u2019s arts programme Samhl\u00fa 2020 received live music award at Celtic Media Festival | Preas R\u00e1iteas | TG4","og_description":"At this evening\u2019s Celtic Media Festival awards the Torc for Arts programme went to Samhl\u00fa 2020. Produced by F\u00edb\u00edn Media, Samhl\u00fa 2020 celebrated a year like no other where cultures and traditions collides into a celebration of togetherness inspired by the artistic ventures of 2020.","og_url":"https:\/\/dev.tg4.ie\/en\/information\/press\/press-releases\/2022-2\/tg4s-arts-programme-samhlu-2020-received-live-music-award-at-celtic-media-festival\/","og_site_name":"TG4","article_publisher":"https:\/\/www.facebook.com\/TG4TV","og_image":[{"url":"https:\/\/tg4-docs.s3.amazonaws.com\/tg4-redesign-2015\/wp-content\/uploads\/2020\/11\/SAMHLU_2020_Tommy_Tiernan_1920x1080-700x394.jpg"}],"twitter_card":"summary_large_image","twitter_image":"https:\/\/tg4-docs.s3.amazonaws.com\/tg4-redesign-2015\/wp-content\/uploads\/2020\/11\/SAMHLU_2020_Tommy_Tiernan_1920x1080-700x394.jpg","twitter_site":"@TG4TV","twitter_misc":{"Est. reading time":"1 minute"},"schema":{"@context":"https:\/\/schema.org","@graph":[{"@type":"WebPage","@id":"https:\/\/dev.tg4.ie\/en\/information\/press\/press-releases\/2022-2\/tg4s-arts-programme-samhlu-2020-received-live-music-award-at-celtic-media-festival\/","url":"https:\/\/dev.tg4.ie\/en\/information\/press\/press-releases\/2022-2\/tg4s-arts-programme-samhlu-2020-received-live-music-award-at-celtic-media-festival\/","name":"TG4\u2019s arts programme Samhl\u00fa 2020 received live music award at Celtic Media Festival | Preas R\u00e1iteas | TG4","isPartOf":{"@id":"https:\/\/dev.tg4.ie\/en\/#website"},"primaryImageOfPage":{"@id":"https:\/\/dev.tg4.ie\/en\/information\/press\/press-releases\/2022-2\/tg4s-arts-programme-samhlu-2020-received-live-music-award-at-celtic-media-festival\/#primaryimage"},"image":{"@id":"https:\/\/dev.tg4.ie\/en\/information\/press\/press-releases\/2022-2\/tg4s-arts-programme-samhlu-2020-received-live-music-award-at-celtic-media-festival\/#primaryimage"},"thumbnailUrl":"https:\/\/dev.tg4.ie\/wp-content\/uploads\/2020\/11\/SAMHLU_2020_Tommy_Tiernan_1920x1080.jpg","datePublished":"2022-06-28T16:58:53+00:00","dateModified":"2022-06-28T16:58:53+00:00","description":"At this evening\u2019s Celtic Media Festival awards the Torc for Arts programme went to Samhl\u00fa 2020. Produced by F\u00edb\u00edn Media, Samhl\u00fa 2020 celebrated a year like no other where cultures and traditions collides into a celebration of togetherness inspired by the artistic ventures of 2020.","breadcrumb":{"@id":"https:\/\/dev.tg4.ie\/en\/information\/press\/press-releases\/2022-2\/tg4s-arts-programme-samhlu-2020-received-live-music-award-at-celtic-media-festival\/#breadcrumb"},"inLanguage":"en-ie","potentialAction":[{"@type":"ReadAction","target":["https:\/\/dev.tg4.ie\/en\/information\/press\/press-releases\/2022-2\/tg4s-arts-programme-samhlu-2020-received-live-music-award-at-celtic-media-festival\/"]}]},{"@type":"ImageObject","inLanguage":"en-ie","@id":"https:\/\/dev.tg4.ie\/en\/information\/press\/press-releases\/2022-2\/tg4s-arts-programme-samhlu-2020-received-live-music-award-at-celtic-media-festival\/#primaryimage","url":"https:\/\/dev.tg4.ie\/wp-content\/uploads\/2020\/11\/SAMHLU_2020_Tommy_Tiernan_1920x1080.jpg","contentUrl":"https:\/\/dev.tg4.ie\/wp-content\/uploads\/2020\/11\/SAMHLU_2020_Tommy_Tiernan_1920x1080.jpg"},{"@type":"BreadcrumbList","@id":"https:\/\/dev.tg4.ie\/en\/information\/press\/press-releases\/2022-2\/tg4s-arts-programme-samhlu-2020-received-live-music-award-at-celtic-media-festival\/#breadcrumb","itemListElement":[{"@type":"ListItem","position":1,"name":"Home","item":"https:\/\/dev.tg4.ie\/en\/"},{"@type":"ListItem","position":2,"name":"Information","item":"https:\/\/dev.tg4.ie\/en\/information\/"},{"@type":"ListItem","position":3,"name":"Press","item":"https:\/\/dev.tg4.ie\/en\/information\/press\/"},{"@type":"ListItem","position":4,"name":"Press Releases","item":"https:\/\/dev.tg4.ie\/en\/information\/press\/press-releases\/"},{"@type":"ListItem","position":5,"name":"2022","item":"https:\/\/dev.tg4.ie\/en\/information\/press\/press-releases\/2022-2\/"},{"@type":"ListItem","position":6,"name":"TG4\u2019s arts programme Samhl\u00fa 2020 received live music award at Celtic Media Festival"}]},{"@type":"WebSite","@id":"https:\/\/dev.tg4.ie\/en\/#website","url":"https:\/\/dev.tg4.ie\/en\/","name":"TG4","description":"S\u00fail Eile","potentialAction":[{"@type":"SearchAction","target":{"@type":"EntryPoint","urlTemplate":"https:\/\/dev.tg4.ie\/en\/?s={search_term_string}"},"query-input":"required name=search_term_string"}],"inLanguage":"en-ie"}]}},"_links":{"self":[{"href":"https:\/\/dev.tg4.ie\/en\/wp-json\/wp\/v2\/pages\/153212"}],"collection":[{"href":"https:\/\/dev.tg4.ie\/en\/wp-json\/wp\/v2\/pages"}],"about":[{"href":"https:\/\/dev.tg4.ie\/en\/wp-json\/wp\/v2\/types\/page"}],"author":[{"embeddable":true,"href":"https:\/\/dev.tg4.ie\/en\/wp-json\/wp\/v2\/users\/876"}],"replies":[{"embeddable":true,"href":"https:\/\/dev.tg4.ie\/en\/wp-json\/wp\/v2\/comments?post=153212"}],"version-history":[{"count":0,"href":"https:\/\/dev.tg4.ie\/en\/wp-json\/wp\/v2\/pages\/153212\/revisions"}],"up":[{"embeddable":true,"href":"https:\/\/dev.tg4.ie\/en\/wp-json\/wp\/v2\/pages\/138173"}],"wp:attachment":[{"href":"https:\/\/dev.tg4.ie\/en\/wp-json\/wp\/v2\/media?parent=153212"}],"curies":[{"name":"wp","href":"https:\/\/api.w.org\/{rel}","templated":true}]}}