{"id":15656,"date":"2016-03-24T14:34:27","date_gmt":"2016-03-24T14:34:27","guid":{"rendered":"https:\/\/dev.tg4.ie\/en\/corporate\/press\/press-releases\/2016-2\/24-03-16\/"},"modified":"2019-06-24T16:22:43","modified_gmt":"2019-06-24T15:22:43","slug":"24-03-16","status":"publish","type":"page","link":"https:\/\/dev.tg4.ie\/en\/information\/press\/press-releases\/2016-2\/24-03-16\/","title":{"rendered":"24.03.16"},"content":{"rendered":"<h2>7 L\u00e1 \u2013 29<sup>th<\/sup> March Live from the Pearse Museum, Rathfarnham<\/h2>\n<p>The role of the Irish language in the Easter Rising of 1916 will be the theme of a special live programme to be broadcast on Tuesday 29th of March on TG4. TG4\u2019s current affairs programme 7 L\u00e1, will broadcast live from the Pearse Museum, formerly Patrick Pearse\u2019s Scoil \u00c9anna, between 19:30-20:30 on Easter Tuesday.\u00a0 Five of the seven signatories of the Proclamation were fluent Irish speakers as were many of the other men and women who fought during the rising.<\/p>\n<p>The role of Conradh na Gaeilge and the cultural revolution that took place in the build up to the rising will be addressed by relatives of those took part in it as well as prominent historians. The stories of ordinary members of the Gaelic League who fought in 1916 will also be told as well as the connection with Gaeltacht communities on the west coast. Of the sixteen leaders who were executed 11 were members of Conradh na Gaeilge and the programme will showcase the organisation\u2019s considerable archive of the period.<\/p>\n<p>Guests will include \u00c9amon \u00d3 Cu\u00edv, Professor Miche\u00e1l \u00d3 Siochr\u00fa (TCD) as well as Cathal McSweeney Brugha and a host of other historians, and relations. The one hour live celebration will be presented by Paid\u00ed \u00d3 Lion\u00e1ird and will feature music from harpist Siobh\u00e1n Armstrong and songs from Aoife Scott.<\/p>\n","protected":false},"excerpt":{"rendered":"<p>7 L\u00e1 \u2013 29th March Live from the Pearse Museum, Rathfarnham The role of the Irish language in the Easter Rising of 1916 will be the theme of a special live programme to be broadcast on Tuesday 29th of March on TG4. TG4\u2019s current affairs programme 7 L\u00e1, will broadcast live from the Pearse Museum, [&hellip;]<\/p>\n","protected":false},"author":876,"featured_media":0,"parent":6901,"menu_order":12,"comment_status":"closed","ping_status":"closed","template":"page-templates\/template-pr.php","meta":{"_acf_changed":false,"footnotes":""},"acf":[],"yoast_head":"<!-- This site is optimized with the Yoast SEO plugin v22.6 - https:\/\/yoast.com\/wordpress\/plugins\/seo\/ -->\n<title>24.03.16 - TG4<\/title>\n<meta name=\"robots\" content=\"index, follow, max-snippet:-1, max-image-preview:large, max-video-preview:-1\" \/>\n<meta property=\"og:locale\" content=\"en_US\" \/>\n<meta property=\"og:type\" content=\"article\" \/>\n<meta property=\"og:title\" content=\"24.03.16 - TG4\" \/>\n<meta property=\"og:description\" content=\"7 L\u00e1 \u2013 29th March Live from the Pearse Museum, Rathfarnham The role of the Irish language in the Easter Rising of 1916 will be the theme of a special live programme to be broadcast on Tuesday 29th of March on TG4. TG4\u2019s current affairs programme 7 L\u00e1, will broadcast live from the Pearse Museum, [&hellip;]\" \/>\n<meta property=\"og:url\" content=\"https:\/\/dev.tg4.ie\/en\/information\/press\/press-releases\/2016-2\/24-03-16\/\" \/>\n<meta property=\"og:site_name\" content=\"TG4\" \/>\n<meta property=\"article:publisher\" content=\"https:\/\/www.facebook.com\/TG4TV\" \/>\n<meta property=\"article:modified_time\" content=\"2019-06-24T15:22:43+00:00\" \/>\n<meta property=\"og:image\" content=\"https:\/\/tg4-docs.s3.amazonaws.com\/wp-content\/uploads\/2024\/11\/18151812\/TG4_2024_corcra_teal_1-1920x1080-1.jpg\" \/>\n\t<meta property=\"og:image:width\" content=\"1920\" \/>\n\t<meta property=\"og:image:height\" content=\"1080\" \/>\n\t<meta property=\"og:image:type\" content=\"image\/jpeg\" \/>\n<meta name=\"twitter:card\" content=\"summary_large_image\" \/>\n<meta name=\"twitter:site\" content=\"@TG4TV\" \/>\n<meta name=\"twitter:label1\" content=\"Est. reading time\" \/>\n\t<meta name=\"twitter:data1\" content=\"1 minute\" \/>\n<script type=\"application\/ld+json\" class=\"yoast-schema-graph\">{\"@context\":\"https:\/\/schema.org\",\"@graph\":[{\"@type\":\"WebPage\",\"@id\":\"https:\/\/dev.tg4.ie\/en\/information\/press\/press-releases\/2016-2\/24-03-16\/\",\"url\":\"https:\/\/dev.tg4.ie\/en\/information\/press\/press-releases\/2016-2\/24-03-16\/\",\"name\":\"24.03.16 - TG4\",\"isPartOf\":{\"@id\":\"https:\/\/dev.tg4.ie\/en\/#website\"},\"datePublished\":\"2016-03-24T14:34:27+00:00\",\"dateModified\":\"2019-06-24T15:22:43+00:00\",\"breadcrumb\":{\"@id\":\"https:\/\/dev.tg4.ie\/en\/information\/press\/press-releases\/2016-2\/24-03-16\/#breadcrumb\"},\"inLanguage\":\"en-ie\",\"potentialAction\":[{\"@type\":\"ReadAction\",\"target\":[\"https:\/\/dev.tg4.ie\/en\/information\/press\/press-releases\/2016-2\/24-03-16\/\"]}]},{\"@type\":\"BreadcrumbList\",\"@id\":\"https:\/\/dev.tg4.ie\/en\/information\/press\/press-releases\/2016-2\/24-03-16\/#breadcrumb\",\"itemListElement\":[{\"@type\":\"ListItem\",\"position\":1,\"name\":\"Home\",\"item\":\"https:\/\/dev.tg4.ie\/en\/\"},{\"@type\":\"ListItem\",\"position\":2,\"name\":\"Information\",\"item\":\"https:\/\/dev.tg4.ie\/en\/information\/\"},{\"@type\":\"ListItem\",\"position\":3,\"name\":\"Press\",\"item\":\"https:\/\/dev.tg4.ie\/en\/information\/press\/\"},{\"@type\":\"ListItem\",\"position\":4,\"name\":\"Press Releases\",\"item\":\"https:\/\/dev.tg4.ie\/en\/information\/press\/press-releases\/\"},{\"@type\":\"ListItem\",\"position\":5,\"name\":\"2016\",\"item\":\"https:\/\/dev.tg4.ie\/en\/information\/press\/press-releases\/2016-2\/\"},{\"@type\":\"ListItem\",\"position\":6,\"name\":\"24.03.16\"}]},{\"@type\":\"WebSite\",\"@id\":\"https:\/\/dev.tg4.ie\/en\/#website\",\"url\":\"https:\/\/dev.tg4.ie\/en\/\",\"name\":\"TG4\",\"description\":\"S\u00fail Eile\",\"potentialAction\":[{\"@type\":\"SearchAction\",\"target\":{\"@type\":\"EntryPoint\",\"urlTemplate\":\"https:\/\/dev.tg4.ie\/en\/?s={search_term_string}\"},\"query-input\":\"required name=search_term_string\"}],\"inLanguage\":\"en-ie\"}]}<\/script>\n<!-- \/ Yoast SEO plugin. -->","yoast_head_json":{"title":"24.03.16 - TG4","robots":{"index":"index","follow":"follow","max-snippet":"max-snippet:-1","max-image-preview":"max-image-preview:large","max-video-preview":"max-video-preview:-1"},"og_locale":"en_US","og_type":"article","og_title":"24.03.16 - TG4","og_description":"7 L\u00e1 \u2013 29th March Live from the Pearse Museum, Rathfarnham The role of the Irish language in the Easter Rising of 1916 will be the theme of a special live programme to be broadcast on Tuesday 29th of March on TG4. TG4\u2019s current affairs programme 7 L\u00e1, will broadcast live from the Pearse Museum, [&hellip;]","og_url":"https:\/\/dev.tg4.ie\/en\/information\/press\/press-releases\/2016-2\/24-03-16\/","og_site_name":"TG4","article_publisher":"https:\/\/www.facebook.com\/TG4TV","article_modified_time":"2019-06-24T15:22:43+00:00","og_image":[{"width":1920,"height":1080,"url":"https:\/\/tg4-docs.s3.amazonaws.com\/wp-content\/uploads\/2024\/11\/18151812\/TG4_2024_corcra_teal_1-1920x1080-1.jpg","type":"image\/jpeg"}],"twitter_card":"summary_large_image","twitter_site":"@TG4TV","twitter_misc":{"Est. reading time":"1 minute"},"schema":{"@context":"https:\/\/schema.org","@graph":[{"@type":"WebPage","@id":"https:\/\/dev.tg4.ie\/en\/information\/press\/press-releases\/2016-2\/24-03-16\/","url":"https:\/\/dev.tg4.ie\/en\/information\/press\/press-releases\/2016-2\/24-03-16\/","name":"24.03.16 - TG4","isPartOf":{"@id":"https:\/\/dev.tg4.ie\/en\/#website"},"datePublished":"2016-03-24T14:34:27+00:00","dateModified":"2019-06-24T15:22:43+00:00","breadcrumb":{"@id":"https:\/\/dev.tg4.ie\/en\/information\/press\/press-releases\/2016-2\/24-03-16\/#breadcrumb"},"inLanguage":"en-ie","potentialAction":[{"@type":"ReadAction","target":["https:\/\/dev.tg4.ie\/en\/information\/press\/press-releases\/2016-2\/24-03-16\/"]}]},{"@type":"BreadcrumbList","@id":"https:\/\/dev.tg4.ie\/en\/information\/press\/press-releases\/2016-2\/24-03-16\/#breadcrumb","itemListElement":[{"@type":"ListItem","position":1,"name":"Home","item":"https:\/\/dev.tg4.ie\/en\/"},{"@type":"ListItem","position":2,"name":"Information","item":"https:\/\/dev.tg4.ie\/en\/information\/"},{"@type":"ListItem","position":3,"name":"Press","item":"https:\/\/dev.tg4.ie\/en\/information\/press\/"},{"@type":"ListItem","position":4,"name":"Press Releases","item":"https:\/\/dev.tg4.ie\/en\/information\/press\/press-releases\/"},{"@type":"ListItem","position":5,"name":"2016","item":"https:\/\/dev.tg4.ie\/en\/information\/press\/press-releases\/2016-2\/"},{"@type":"ListItem","position":6,"name":"24.03.16"}]},{"@type":"WebSite","@id":"https:\/\/dev.tg4.ie\/en\/#website","url":"https:\/\/dev.tg4.ie\/en\/","name":"TG4","description":"S\u00fail Eile","potentialAction":[{"@type":"SearchAction","target":{"@type":"EntryPoint","urlTemplate":"https:\/\/dev.tg4.ie\/en\/?s={search_term_string}"},"query-input":"required name=search_term_string"}],"inLanguage":"en-ie"}]}},"_links":{"self":[{"href":"https:\/\/dev.tg4.ie\/en\/wp-json\/wp\/v2\/pages\/15656"}],"collection":[{"href":"https:\/\/dev.tg4.ie\/en\/wp-json\/wp\/v2\/pages"}],"about":[{"href":"https:\/\/dev.tg4.ie\/en\/wp-json\/wp\/v2\/types\/page"}],"author":[{"embeddable":true,"href":"https:\/\/dev.tg4.ie\/en\/wp-json\/wp\/v2\/users\/876"}],"replies":[{"embeddable":true,"href":"https:\/\/dev.tg4.ie\/en\/wp-json\/wp\/v2\/comments?post=15656"}],"version-history":[{"count":0,"href":"https:\/\/dev.tg4.ie\/en\/wp-json\/wp\/v2\/pages\/15656\/revisions"}],"up":[{"embeddable":true,"href":"https:\/\/dev.tg4.ie\/en\/wp-json\/wp\/v2\/pages\/6901"}],"wp:attachment":[{"href":"https:\/\/dev.tg4.ie\/en\/wp-json\/wp\/v2\/media?parent=15656"}],"curies":[{"name":"wp","href":"https:\/\/api.w.org\/{rel}","templated":true}]}}