{"id":1588,"date":"2015-08-20T11:34:08","date_gmt":"2015-08-20T10:34:08","guid":{"rendered":"https:\/\/dev.tg4.ie\/?page_id=1588"},"modified":"2019-10-22T15:20:08","modified_gmt":"2019-10-22T14:20:08","slug":"2009-2","status":"publish","type":"page","link":"https:\/\/dev.tg4.ie\/en\/information\/awards\/2009-2\/","title":{"rendered":"2009"},"content":{"rendered":"<h1>2009<\/h1>\n<p><strong>Seisi\u00fan &#8211; TG4 TV Ad.<\/strong><br \/>\nPromax 2009 &#8211; The Gold Award<br \/>\nPromax 2009 &#8211; The Silver Award<br \/>\nAPMC &#8211; Silver Award<br \/>\nCannes Lions &#8211; Shortlist.<\/p>\n<p><strong>Seacht<\/strong><br \/>\nCeltic Media Festival: Best Youth<\/p>\n<p><strong>Ceolchuairt &#8211; Nua Eabhrac<\/strong><br \/>\nCeltic Media Festival 2009: Best Entertainment<\/p>\n<p><strong>Troid Fhuilteach<\/strong><br \/>\nIFTA 2009: Best Sports Programme<\/p>\n<p><strong>Aifric<\/strong><br \/>\nIFTA 2009: Children&#8217;s\/Youth Award<\/p>\n<p><strong>Joe Steve \u00d3 Neachtain<\/strong><br \/>\nActor of the Year: Oireachtas na Gaeilge Media Awards 2009<\/p>\n<p><strong>D\u00e1ith\u00ed \u00d3 S\u00e9<\/strong><br \/>\nWinner: Television Personality Oireachtas Media Awards 2009<\/p>\n<p><strong>Ernie O\u2019Malley<\/strong><br \/>\nWinner: Special Jury Award, Remi Awards, Houston Worldfest 2009<\/p>\n<p><strong>Cr\u00edosta\u00edocht<\/strong><br \/>\nWinner: Special Jury Award, Remi Awards, Houston Worldfest 2009<\/p>\n<p><strong>Kennedy\u2019s Cadets<\/strong><br \/>\nWinner: Special Jury Award, Remi Awards, Houston Worldfest 2009<\/p>\n<p><strong>Ceolchuairt<\/strong><br \/>\nGold Award, Remi Awards, Houston Worldfest 2009<\/p>\n<p><strong>Mobs Mheirice\u00e1<\/strong><br \/>\nGold Award, Remi Awards, Houston Worldfest 2009<\/p>\n<p><strong>Faoi L\u00e1n Cheoil<\/strong><br \/>\nPlatinum Award, Remi Awards, Houston Worldfest 2009<\/p>\n<p><strong>Pobal<\/strong><br \/>\nSilver Medal: Circom 2009<\/p>\n<p><strong>Na B\u00e1id <\/strong><br \/>\nSilver Medal: Circom 2009<\/p>\n<p><strong>Se\u00e1n Mac an tS\u00edthigh<\/strong><br \/>\nSilver Medal: Video Journalist Circom 2009<br \/>\nWinner European TV Reporter\u2019s Cup 2009 (under 35)<\/p>\n","protected":false},"excerpt":{"rendered":"<p>2009 Seisi\u00fan &#8211; TG4 TV Ad. Promax 2009 &#8211; The Gold Award Promax 2009 &#8211; The Silver Award APMC &#8211; Silver Award Cannes Lions &#8211; Shortlist. Seacht Celtic Media Festival: Best Youth Ceolchuairt &#8211; Nua Eabhrac Celtic Media Festival 2009: Best Entertainment Troid Fhuilteach IFTA 2009: Best Sports Programme Aifric IFTA 2009: Children&#8217;s\/Youth Award Joe [&hellip;]<\/p>\n","protected":false},"author":6,"featured_media":0,"parent":1217,"menu_order":12,"comment_status":"closed","ping_status":"closed","template":"page-templates\/template-corporate.php","meta":{"_acf_changed":false,"footnotes":""},"acf":[],"yoast_head":"<!-- This site is optimized with the Yoast SEO plugin v22.6 - https:\/\/yoast.com\/wordpress\/plugins\/seo\/ -->\n<title>2009 - TG4<\/title>\n<meta name=\"robots\" content=\"index, follow, max-snippet:-1, max-image-preview:large, max-video-preview:-1\" \/>\n<meta property=\"og:locale\" content=\"en_US\" \/>\n<meta property=\"og:type\" content=\"article\" \/>\n<meta property=\"og:title\" content=\"2009 - TG4\" \/>\n<meta property=\"og:description\" content=\"2009 Seisi\u00fan &#8211; TG4 TV Ad. Promax 2009 &#8211; The Gold Award Promax 2009 &#8211; The Silver Award APMC &#8211; Silver Award Cannes Lions &#8211; Shortlist. Seacht Celtic Media Festival: Best Youth Ceolchuairt &#8211; Nua Eabhrac Celtic Media Festival 2009: Best Entertainment Troid Fhuilteach IFTA 2009: Best Sports Programme Aifric IFTA 2009: Children&#8217;s\/Youth Award Joe [&hellip;]\" \/>\n<meta property=\"og:url\" content=\"https:\/\/dev.tg4.ie\/en\/information\/awards\/2009-2\/\" \/>\n<meta property=\"og:site_name\" content=\"TG4\" \/>\n<meta property=\"article:publisher\" content=\"https:\/\/www.facebook.com\/TG4TV\" \/>\n<meta property=\"article:modified_time\" content=\"2019-10-22T14:20:08+00:00\" \/>\n<meta property=\"og:image\" content=\"https:\/\/tg4-docs.s3.amazonaws.com\/wp-content\/uploads\/2024\/11\/18151812\/TG4_2024_corcra_teal_1-1920x1080-1.jpg\" \/>\n\t<meta property=\"og:image:width\" content=\"1920\" \/>\n\t<meta property=\"og:image:height\" content=\"1080\" \/>\n\t<meta property=\"og:image:type\" content=\"image\/jpeg\" \/>\n<meta name=\"twitter:card\" content=\"summary_large_image\" \/>\n<meta name=\"twitter:site\" content=\"@TG4TV\" \/>\n<meta name=\"twitter:label1\" content=\"Est. reading time\" \/>\n\t<meta name=\"twitter:data1\" content=\"1 minute\" \/>\n<script type=\"application\/ld+json\" class=\"yoast-schema-graph\">{\"@context\":\"https:\/\/schema.org\",\"@graph\":[{\"@type\":\"WebPage\",\"@id\":\"https:\/\/dev.tg4.ie\/en\/information\/awards\/2009-2\/\",\"url\":\"https:\/\/dev.tg4.ie\/en\/information\/awards\/2009-2\/\",\"name\":\"2009 - TG4\",\"isPartOf\":{\"@id\":\"https:\/\/dev.tg4.ie\/en\/#website\"},\"datePublished\":\"2015-08-20T10:34:08+00:00\",\"dateModified\":\"2019-10-22T14:20:08+00:00\",\"breadcrumb\":{\"@id\":\"https:\/\/dev.tg4.ie\/en\/information\/awards\/2009-2\/#breadcrumb\"},\"inLanguage\":\"en-ie\",\"potentialAction\":[{\"@type\":\"ReadAction\",\"target\":[\"https:\/\/dev.tg4.ie\/en\/information\/awards\/2009-2\/\"]}]},{\"@type\":\"BreadcrumbList\",\"@id\":\"https:\/\/dev.tg4.ie\/en\/information\/awards\/2009-2\/#breadcrumb\",\"itemListElement\":[{\"@type\":\"ListItem\",\"position\":1,\"name\":\"Home\",\"item\":\"https:\/\/dev.tg4.ie\/en\/\"},{\"@type\":\"ListItem\",\"position\":2,\"name\":\"Information\",\"item\":\"https:\/\/dev.tg4.ie\/en\/information\/\"},{\"@type\":\"ListItem\",\"position\":3,\"name\":\"Awards\",\"item\":\"https:\/\/dev.tg4.ie\/en\/information\/awards\/\"},{\"@type\":\"ListItem\",\"position\":4,\"name\":\"2009\"}]},{\"@type\":\"WebSite\",\"@id\":\"https:\/\/dev.tg4.ie\/en\/#website\",\"url\":\"https:\/\/dev.tg4.ie\/en\/\",\"name\":\"TG4\",\"description\":\"S\u00fail Eile\",\"potentialAction\":[{\"@type\":\"SearchAction\",\"target\":{\"@type\":\"EntryPoint\",\"urlTemplate\":\"https:\/\/dev.tg4.ie\/en\/?s={search_term_string}\"},\"query-input\":\"required name=search_term_string\"}],\"inLanguage\":\"en-ie\"}]}<\/script>\n<!-- \/ Yoast SEO plugin. -->","yoast_head_json":{"title":"2009 - TG4","robots":{"index":"index","follow":"follow","max-snippet":"max-snippet:-1","max-image-preview":"max-image-preview:large","max-video-preview":"max-video-preview:-1"},"og_locale":"en_US","og_type":"article","og_title":"2009 - TG4","og_description":"2009 Seisi\u00fan &#8211; TG4 TV Ad. Promax 2009 &#8211; The Gold Award Promax 2009 &#8211; The Silver Award APMC &#8211; Silver Award Cannes Lions &#8211; Shortlist. Seacht Celtic Media Festival: Best Youth Ceolchuairt &#8211; Nua Eabhrac Celtic Media Festival 2009: Best Entertainment Troid Fhuilteach IFTA 2009: Best Sports Programme Aifric IFTA 2009: Children&#8217;s\/Youth Award Joe [&hellip;]","og_url":"https:\/\/dev.tg4.ie\/en\/information\/awards\/2009-2\/","og_site_name":"TG4","article_publisher":"https:\/\/www.facebook.com\/TG4TV","article_modified_time":"2019-10-22T14:20:08+00:00","og_image":[{"width":1920,"height":1080,"url":"https:\/\/tg4-docs.s3.amazonaws.com\/wp-content\/uploads\/2024\/11\/18151812\/TG4_2024_corcra_teal_1-1920x1080-1.jpg","type":"image\/jpeg"}],"twitter_card":"summary_large_image","twitter_site":"@TG4TV","twitter_misc":{"Est. reading time":"1 minute"},"schema":{"@context":"https:\/\/schema.org","@graph":[{"@type":"WebPage","@id":"https:\/\/dev.tg4.ie\/en\/information\/awards\/2009-2\/","url":"https:\/\/dev.tg4.ie\/en\/information\/awards\/2009-2\/","name":"2009 - TG4","isPartOf":{"@id":"https:\/\/dev.tg4.ie\/en\/#website"},"datePublished":"2015-08-20T10:34:08+00:00","dateModified":"2019-10-22T14:20:08+00:00","breadcrumb":{"@id":"https:\/\/dev.tg4.ie\/en\/information\/awards\/2009-2\/#breadcrumb"},"inLanguage":"en-ie","potentialAction":[{"@type":"ReadAction","target":["https:\/\/dev.tg4.ie\/en\/information\/awards\/2009-2\/"]}]},{"@type":"BreadcrumbList","@id":"https:\/\/dev.tg4.ie\/en\/information\/awards\/2009-2\/#breadcrumb","itemListElement":[{"@type":"ListItem","position":1,"name":"Home","item":"https:\/\/dev.tg4.ie\/en\/"},{"@type":"ListItem","position":2,"name":"Information","item":"https:\/\/dev.tg4.ie\/en\/information\/"},{"@type":"ListItem","position":3,"name":"Awards","item":"https:\/\/dev.tg4.ie\/en\/information\/awards\/"},{"@type":"ListItem","position":4,"name":"2009"}]},{"@type":"WebSite","@id":"https:\/\/dev.tg4.ie\/en\/#website","url":"https:\/\/dev.tg4.ie\/en\/","name":"TG4","description":"S\u00fail Eile","potentialAction":[{"@type":"SearchAction","target":{"@type":"EntryPoint","urlTemplate":"https:\/\/dev.tg4.ie\/en\/?s={search_term_string}"},"query-input":"required name=search_term_string"}],"inLanguage":"en-ie"}]}},"_links":{"self":[{"href":"https:\/\/dev.tg4.ie\/en\/wp-json\/wp\/v2\/pages\/1588"}],"collection":[{"href":"https:\/\/dev.tg4.ie\/en\/wp-json\/wp\/v2\/pages"}],"about":[{"href":"https:\/\/dev.tg4.ie\/en\/wp-json\/wp\/v2\/types\/page"}],"author":[{"embeddable":true,"href":"https:\/\/dev.tg4.ie\/en\/wp-json\/wp\/v2\/users\/6"}],"replies":[{"embeddable":true,"href":"https:\/\/dev.tg4.ie\/en\/wp-json\/wp\/v2\/comments?post=1588"}],"version-history":[{"count":0,"href":"https:\/\/dev.tg4.ie\/en\/wp-json\/wp\/v2\/pages\/1588\/revisions"}],"up":[{"embeddable":true,"href":"https:\/\/dev.tg4.ie\/en\/wp-json\/wp\/v2\/pages\/1217"}],"wp:attachment":[{"href":"https:\/\/dev.tg4.ie\/en\/wp-json\/wp\/v2\/media?parent=1588"}],"curies":[{"name":"wp","href":"https:\/\/api.w.org\/{rel}","templated":true}]}}