{"id":1594,"date":"2015-08-20T11:51:07","date_gmt":"2015-08-20T10:51:07","guid":{"rendered":"https:\/\/dev.tg4.ie\/?page_id=1594"},"modified":"2019-10-22T15:19:37","modified_gmt":"2019-10-22T14:19:37","slug":"2008-2","status":"publish","type":"page","link":"https:\/\/dev.tg4.ie\/en\/information\/awards\/2008-2\/","title":{"rendered":"2008"},"content":{"rendered":"<h1>2008<\/h1>\n<p><strong>Skunk Fu!<\/strong><br \/>\nNomination for Best Animation: BAFTA 2008<\/p>\n<p><strong>Channel Television Advert &#8211; Seisi\u00fan<\/strong><br \/>\nBronze Award<br \/>\nEPICA 2008<br \/>\nICAD 2008<\/p>\n<p><strong>TV Advert &#8211; Mobs Mheirice\u00e1<\/strong><br \/>\nSilver Award<br \/>\nICAD 2008<\/p>\n<p><strong>Raidio Advert &#8211; Seacht<\/strong><br \/>\nBronze Award<br \/>\nICAD 2008<\/p>\n<p><strong>Station Ident &#8211; Female Warrior at the Washing Machine<\/strong><br \/>\nBronze Award<br \/>\nICAD 2008<\/p>\n<p><strong>F\u00e9ileac\u00e1n<\/strong><br \/>\nBest Irish Short Film (produced in Ireland),<br \/>\nCork Film Festival 2008<\/p>\n<p><strong>Foireann Codladh<\/strong><br \/>\nGael Linn Prize for Best Irish Language Film<br \/>\n&amp; Special Commendation from Jury<br \/>\nCork Film Festival 2008<\/p>\n<p><strong>Fear na nOile\u00e1n<\/strong><br \/>\nAudience Award<br \/>\nInternational Islands\u2019 Film Festival 2008<br \/>\n(Isle de Groix, Brittany)<\/p>\n<p><strong>Kings<\/strong><br \/>\nBest Foreign Film<br \/>\nWestchester Film Festival 2008<\/p>\n<p>Spirit of the Festival Award<br \/>\nCeltic Media Festival 2008<\/p>\n<p>Irish Language Award, IFTA 2008<br \/>\nEditing, IFTA 2008<br \/>\nOriginal Score, IFTA 2008<br \/>\nSound, IFTA 2008<br \/>\nMusic, IFTA 2008<\/p>\n<p><strong>Peil na mBan<\/strong><br \/>\nGold Medal &#8211; Print Ads<br \/>\nPromax Europe 2008<\/p>\n<p>Gold Medal &#8211; Promo Print<br \/>\nSharks International Awards 2008<\/p>\n<p>Bronze Medal &#8211; Print<br \/>\nSharks International Awards 2008<\/p>\n<p><strong>Ros na R\u00fan\/Cold Case<\/strong><br \/>\nGold Medal &#8211; Television Ads<br \/>\nPromax Europe 2008<\/p>\n<p>Silver Medal &#8211; Best Film Promo<br \/>\nSharks International Awards 2008<\/p>\n<p><strong>Seacht<\/strong><br \/>\nSilver Medal &#8211; Radio<br \/>\nSharks International Awards 2008<\/p>\n<p>Greenhorne Award<br \/>\nRadio Advertising Awards 2008<\/p>\n<p><strong>P\u00e1draic \u00d3 Conaire &#8211; An Fear<\/strong><br \/>\nBest Feature Documentary<br \/>\nCeltic Media Festival 2008<\/p>\n<p><strong>Imeacht na nIarla\u00ed &#8211; Paul Larkin<\/strong><br \/>\nBest Director in the International Documentary Category<br \/>\nNew York Independent Film and Video Festival 2008<\/p>\n<p><strong>Troid Fhuilteach &amp; Se\u00e1n Mac a\u2019 tS\u00edthigh<\/strong><br \/>\nJury&#8217;s Special Praise<br \/>\nPrix Circom Regional 2008<\/p>\n<p><strong>S\u00edle N\u00ed Bhraon\u00e1in<\/strong><br \/>\nTV Personality of the Year<br \/>\nOireachtas Na Gaeilge Media Awards 2008<\/p>\n<p><strong>Macdara \u00d3 F\u00e1tharta<\/strong><br \/>\nActor of Year<br \/>\nOireachtas Na Gaeilge Media Awards 2008<\/p>\n<p><strong>Cr\u00e9 na Cille<\/strong><br \/>\nTV Programme of the Year<br \/>\nOireachtas Na Gaeilge Media Awards 2008<\/p>\n<p><strong>Aifric<\/strong><br \/>\nChildren&#8217;s \/ Youth Programme Award &#8211; IFTA 2008<\/p>\n<p><em>Aifric &#8211; Gafa le Mata<\/em><br \/>\nBest Children\u2019s Programme<br \/>\nCeltic Media Festival 2008<\/p>\n<p>Special Praise &#8211; Prix Circom Regional 2008<\/p>\n<p><strong>Brendan Conroy (Kings)<\/strong><br \/>\nBest Actor in a Supporting Role<br \/>\nIFTA 2008<\/p>\n<p><strong>The Running Mate<\/strong><br \/>\nBest Single Drama \/ Drama Series<br \/>\nIFTA 2008<\/p>\n<p><strong>Skunk Fu!<\/strong><br \/>\nAnimation Award<br \/>\nIFTA 2008<br \/>\nNomination for Best Animation<br \/>\nBAFTA 2008<\/p>\n<p><strong>Rolla Saor<\/strong><br \/>\nAudience Prize (Prix du Public) Short Film Festival of Lyon-Villeurbanne 2008<br \/>\nAudience Prize Santiago de Compostela Film Festival 2008<\/p>\n","protected":false},"excerpt":{"rendered":"<p>2008 Skunk Fu! Nomination for Best Animation: BAFTA 2008 Channel Television Advert &#8211; Seisi\u00fan Bronze Award EPICA 2008 ICAD 2008 TV Advert &#8211; Mobs Mheirice\u00e1 Silver Award ICAD 2008 Raidio Advert &#8211; Seacht Bronze Award ICAD 2008 Station Ident &#8211; Female Warrior at the Washing Machine Bronze Award ICAD 2008 F\u00e9ileac\u00e1n Best Irish Short Film [&hellip;]<\/p>\n","protected":false},"author":6,"featured_media":6948,"parent":1217,"menu_order":11,"comment_status":"closed","ping_status":"closed","template":"page-templates\/template-corporate.php","meta":{"_acf_changed":false,"footnotes":""},"acf":[],"yoast_head":"<!-- This site is optimized with the Yoast SEO plugin v22.6 - https:\/\/yoast.com\/wordpress\/plugins\/seo\/ -->\n<title>2008 - TG4<\/title>\n<meta name=\"robots\" content=\"index, follow, max-snippet:-1, max-image-preview:large, max-video-preview:-1\" \/>\n<meta property=\"og:locale\" content=\"en_US\" \/>\n<meta property=\"og:type\" content=\"article\" \/>\n<meta property=\"og:title\" content=\"2008 - TG4\" \/>\n<meta property=\"og:description\" content=\"2008 Skunk Fu! Nomination for Best Animation: BAFTA 2008 Channel Television Advert &#8211; Seisi\u00fan Bronze Award EPICA 2008 ICAD 2008 TV Advert &#8211; Mobs Mheirice\u00e1 Silver Award ICAD 2008 Raidio Advert &#8211; Seacht Bronze Award ICAD 2008 Station Ident &#8211; Female Warrior at the Washing Machine Bronze Award ICAD 2008 F\u00e9ileac\u00e1n Best Irish Short Film [&hellip;]\" \/>\n<meta property=\"og:url\" content=\"https:\/\/dev.tg4.ie\/en\/information\/awards\/2008-2\/\" \/>\n<meta property=\"og:site_name\" content=\"TG4\" \/>\n<meta property=\"article:publisher\" content=\"https:\/\/www.facebook.com\/TG4TV\" \/>\n<meta property=\"article:modified_time\" content=\"2019-10-22T14:19:37+00:00\" \/>\n<meta property=\"og:image\" content=\"https:\/\/tg4-docs.s3.amazonaws.com\/tg4-redesign-2015\/wp-content\/uploads\/2015\/08\/kings-1.jpg\" \/>\n\t<meta property=\"og:image:width\" content=\"1920\" \/>\n\t<meta property=\"og:image:height\" content=\"1080\" \/>\n\t<meta property=\"og:image:type\" content=\"image\/jpeg\" \/>\n<meta name=\"twitter:card\" content=\"summary_large_image\" \/>\n<meta name=\"twitter:site\" content=\"@TG4TV\" \/>\n<meta name=\"twitter:label1\" content=\"Est. reading time\" \/>\n\t<meta name=\"twitter:data1\" content=\"2 minutes\" \/>\n<script type=\"application\/ld+json\" class=\"yoast-schema-graph\">{\"@context\":\"https:\/\/schema.org\",\"@graph\":[{\"@type\":\"WebPage\",\"@id\":\"https:\/\/dev.tg4.ie\/en\/information\/awards\/2008-2\/\",\"url\":\"https:\/\/dev.tg4.ie\/en\/information\/awards\/2008-2\/\",\"name\":\"2008 - TG4\",\"isPartOf\":{\"@id\":\"https:\/\/dev.tg4.ie\/en\/#website\"},\"primaryImageOfPage\":{\"@id\":\"https:\/\/dev.tg4.ie\/en\/information\/awards\/2008-2\/#primaryimage\"},\"image\":{\"@id\":\"https:\/\/dev.tg4.ie\/en\/information\/awards\/2008-2\/#primaryimage\"},\"thumbnailUrl\":\"https:\/\/tg4-docs.s3.amazonaws.com\/tg4-redesign-2015\/wp-content\/uploads\/2015\/08\/kings-1.jpg\",\"datePublished\":\"2015-08-20T10:51:07+00:00\",\"dateModified\":\"2019-10-22T14:19:37+00:00\",\"breadcrumb\":{\"@id\":\"https:\/\/dev.tg4.ie\/en\/information\/awards\/2008-2\/#breadcrumb\"},\"inLanguage\":\"en-ie\",\"potentialAction\":[{\"@type\":\"ReadAction\",\"target\":[\"https:\/\/dev.tg4.ie\/en\/information\/awards\/2008-2\/\"]}]},{\"@type\":\"ImageObject\",\"inLanguage\":\"en-ie\",\"@id\":\"https:\/\/dev.tg4.ie\/en\/information\/awards\/2008-2\/#primaryimage\",\"url\":\"https:\/\/tg4-docs.s3.amazonaws.com\/tg4-redesign-2015\/wp-content\/uploads\/2015\/08\/kings-1.jpg\",\"contentUrl\":\"https:\/\/tg4-docs.s3.amazonaws.com\/tg4-redesign-2015\/wp-content\/uploads\/2015\/08\/kings-1.jpg\",\"width\":1920,\"height\":1080,\"caption\":\"Kings\"},{\"@type\":\"BreadcrumbList\",\"@id\":\"https:\/\/dev.tg4.ie\/en\/information\/awards\/2008-2\/#breadcrumb\",\"itemListElement\":[{\"@type\":\"ListItem\",\"position\":1,\"name\":\"Home\",\"item\":\"https:\/\/dev.tg4.ie\/en\/\"},{\"@type\":\"ListItem\",\"position\":2,\"name\":\"Information\",\"item\":\"https:\/\/dev.tg4.ie\/en\/information\/\"},{\"@type\":\"ListItem\",\"position\":3,\"name\":\"Awards\",\"item\":\"https:\/\/dev.tg4.ie\/en\/information\/awards\/\"},{\"@type\":\"ListItem\",\"position\":4,\"name\":\"2008\"}]},{\"@type\":\"WebSite\",\"@id\":\"https:\/\/dev.tg4.ie\/en\/#website\",\"url\":\"https:\/\/dev.tg4.ie\/en\/\",\"name\":\"TG4\",\"description\":\"S\u00fail Eile\",\"potentialAction\":[{\"@type\":\"SearchAction\",\"target\":{\"@type\":\"EntryPoint\",\"urlTemplate\":\"https:\/\/dev.tg4.ie\/en\/?s={search_term_string}\"},\"query-input\":\"required name=search_term_string\"}],\"inLanguage\":\"en-ie\"}]}<\/script>\n<!-- \/ Yoast SEO plugin. -->","yoast_head_json":{"title":"2008 - TG4","robots":{"index":"index","follow":"follow","max-snippet":"max-snippet:-1","max-image-preview":"max-image-preview:large","max-video-preview":"max-video-preview:-1"},"og_locale":"en_US","og_type":"article","og_title":"2008 - TG4","og_description":"2008 Skunk Fu! Nomination for Best Animation: BAFTA 2008 Channel Television Advert &#8211; Seisi\u00fan Bronze Award EPICA 2008 ICAD 2008 TV Advert &#8211; Mobs Mheirice\u00e1 Silver Award ICAD 2008 Raidio Advert &#8211; Seacht Bronze Award ICAD 2008 Station Ident &#8211; Female Warrior at the Washing Machine Bronze Award ICAD 2008 F\u00e9ileac\u00e1n Best Irish Short Film [&hellip;]","og_url":"https:\/\/dev.tg4.ie\/en\/information\/awards\/2008-2\/","og_site_name":"TG4","article_publisher":"https:\/\/www.facebook.com\/TG4TV","article_modified_time":"2019-10-22T14:19:37+00:00","og_image":[{"width":1920,"height":1080,"url":"https:\/\/tg4-docs.s3.amazonaws.com\/tg4-redesign-2015\/wp-content\/uploads\/2015\/08\/kings-1.jpg","type":"image\/jpeg"}],"twitter_card":"summary_large_image","twitter_site":"@TG4TV","twitter_misc":{"Est. reading time":"2 minutes"},"schema":{"@context":"https:\/\/schema.org","@graph":[{"@type":"WebPage","@id":"https:\/\/dev.tg4.ie\/en\/information\/awards\/2008-2\/","url":"https:\/\/dev.tg4.ie\/en\/information\/awards\/2008-2\/","name":"2008 - TG4","isPartOf":{"@id":"https:\/\/dev.tg4.ie\/en\/#website"},"primaryImageOfPage":{"@id":"https:\/\/dev.tg4.ie\/en\/information\/awards\/2008-2\/#primaryimage"},"image":{"@id":"https:\/\/dev.tg4.ie\/en\/information\/awards\/2008-2\/#primaryimage"},"thumbnailUrl":"https:\/\/tg4-docs.s3.amazonaws.com\/tg4-redesign-2015\/wp-content\/uploads\/2015\/08\/kings-1.jpg","datePublished":"2015-08-20T10:51:07+00:00","dateModified":"2019-10-22T14:19:37+00:00","breadcrumb":{"@id":"https:\/\/dev.tg4.ie\/en\/information\/awards\/2008-2\/#breadcrumb"},"inLanguage":"en-ie","potentialAction":[{"@type":"ReadAction","target":["https:\/\/dev.tg4.ie\/en\/information\/awards\/2008-2\/"]}]},{"@type":"ImageObject","inLanguage":"en-ie","@id":"https:\/\/dev.tg4.ie\/en\/information\/awards\/2008-2\/#primaryimage","url":"https:\/\/tg4-docs.s3.amazonaws.com\/tg4-redesign-2015\/wp-content\/uploads\/2015\/08\/kings-1.jpg","contentUrl":"https:\/\/tg4-docs.s3.amazonaws.com\/tg4-redesign-2015\/wp-content\/uploads\/2015\/08\/kings-1.jpg","width":1920,"height":1080,"caption":"Kings"},{"@type":"BreadcrumbList","@id":"https:\/\/dev.tg4.ie\/en\/information\/awards\/2008-2\/#breadcrumb","itemListElement":[{"@type":"ListItem","position":1,"name":"Home","item":"https:\/\/dev.tg4.ie\/en\/"},{"@type":"ListItem","position":2,"name":"Information","item":"https:\/\/dev.tg4.ie\/en\/information\/"},{"@type":"ListItem","position":3,"name":"Awards","item":"https:\/\/dev.tg4.ie\/en\/information\/awards\/"},{"@type":"ListItem","position":4,"name":"2008"}]},{"@type":"WebSite","@id":"https:\/\/dev.tg4.ie\/en\/#website","url":"https:\/\/dev.tg4.ie\/en\/","name":"TG4","description":"S\u00fail Eile","potentialAction":[{"@type":"SearchAction","target":{"@type":"EntryPoint","urlTemplate":"https:\/\/dev.tg4.ie\/en\/?s={search_term_string}"},"query-input":"required name=search_term_string"}],"inLanguage":"en-ie"}]}},"_links":{"self":[{"href":"https:\/\/dev.tg4.ie\/en\/wp-json\/wp\/v2\/pages\/1594"}],"collection":[{"href":"https:\/\/dev.tg4.ie\/en\/wp-json\/wp\/v2\/pages"}],"about":[{"href":"https:\/\/dev.tg4.ie\/en\/wp-json\/wp\/v2\/types\/page"}],"author":[{"embeddable":true,"href":"https:\/\/dev.tg4.ie\/en\/wp-json\/wp\/v2\/users\/6"}],"replies":[{"embeddable":true,"href":"https:\/\/dev.tg4.ie\/en\/wp-json\/wp\/v2\/comments?post=1594"}],"version-history":[{"count":0,"href":"https:\/\/dev.tg4.ie\/en\/wp-json\/wp\/v2\/pages\/1594\/revisions"}],"up":[{"embeddable":true,"href":"https:\/\/dev.tg4.ie\/en\/wp-json\/wp\/v2\/pages\/1217"}],"wp:featuredmedia":[{"embeddable":true,"href":"https:\/\/dev.tg4.ie\/en\/wp-json\/wp\/v2\/media\/6948"}],"wp:attachment":[{"href":"https:\/\/dev.tg4.ie\/en\/wp-json\/wp\/v2\/media?parent=1594"}],"curies":[{"name":"wp","href":"https:\/\/api.w.org\/{rel}","templated":true}]}}