{"id":160225,"date":"2022-07-12T16:09:08","date_gmt":"2022-07-12T15:09:08","guid":{"rendered":"https:\/\/dev.tg4.ie\/?page_id=160225"},"modified":"2022-07-12T16:14:31","modified_gmt":"2022-07-12T15:14:31","slug":"future-of-media","status":"publish","type":"page","link":"https:\/\/dev.tg4.ie\/en\/information\/press\/press-releases\/2022-2\/future-of-media\/","title":{"rendered":"TG4 welcomes the publication of the report of the Future of Media Commission"},"content":{"rendered":"<p>TG4 welcomes the recommendations published today in the report by the Future of Media Commission for TG4 and Irish language media. The report recommends a comprehensive review of the provision of Irish language media services including the roles of TG4 and RT\u00c9, and RT\u00c9 Raidi\u00f3 na Gaeltachta.  The report also recommends that TG4 should have independent editorial control over its news service Nuacht TG4.  Total public funding of \u20ac44.7 million in 2022 and \u20ac48.7 million in 2023 is recommended in the report for TG4.   The allocation of 25% of BAI&#8217;s Sound and Vision funding to Irish language content should be maintained with consideration to increasing it further.  Strategies for youth engagement and Irish language education as well as opportunities for co-operation and partnership amongt public service media are also recommended in the report. <\/p>\n<p>&nbsp;<br \/>\n<img decoding=\"async\" src=\"https:\/\/tg4-docs.s3.amazonaws.com\/wp-content\/uploads\/2022\/07\/12160445\/Alan-Esslemont-TG4.jpg\" alt=\"Alan Esslemont\" class=\"alignleft size-full wp-image-113320\" \/><br \/>\n&nbsp;<\/p>\n<p>Director General of TG4, Alan Esslemont welcomed the report saying, <em>\u201cTG4 welcomes the publication of the report of the Future of Media Commission and the conversation around public service media in Ireland.  Specifically we welcome the recommendation that TG4 take independent editorial control of Nuacht TG4.  This reflects a long-standing aim of TG4 which will strengthen plurality of news in Ireland.  We also welcome the proposal for a comprehensive review of Irish language media services.  However, given the huge workload being undertaken by the BAI in their transition to becoming Coimisi\u00fan na Me\u00e1n, it is not clear when the review of Irish language media services will happen and what the funding parameters of the review will be.<\/p>\n<p>The funding recommendations of the report itself reflect a continuation of the lack of ambition for Irish language, TG4\u2019s public funding fixed at less than a quarter of RT\u00c9\u2019s public funding and our total funding at around a tenth of RT\u00c9\u2019s turnover.  Given the constitutional status of the Irish language, Ireland should be a \u2018best-in-class\u2019 leader in the area of minority language media but it falls very far behind many other countries including Wales and the Basque Country.<\/p>\n<p>Ireland\u2019s biggest single contribution to global linguistic diversity has been its ability to pass its own language from generation to generation as the living language of homes and communities.  Although Irish has constitutional standing, it behaves like a minority language in Ireland and is under considerable pressure at the level of intergenerational transmission of the mother tongue in the Gaeltacht and throughout Ireland.  It is clear to the Irish language community that Irish language media and arts are funded only at a &#8220;second or third class&#8221; level compared to their national counterparts in the English language, and intergenerational transmission of the Irish language will continue to weaken as a result.&#8221;<\/em><\/p>\n","protected":false},"excerpt":{"rendered":"<p>TG4 welcomes the recommendations published today in the report by the Future of Media Commission for TG4 and Irish language media. The report recommends a comprehensive review of the provision of Irish language media services including the roles of TG4 and RT\u00c9, and RT\u00c9 Raidi\u00f3 na Gaeltachta. The report also recommends that TG4 should have [&hellip;]<\/p>\n","protected":false},"author":4,"featured_media":0,"parent":138173,"menu_order":22,"comment_status":"closed","ping_status":"closed","template":"page-templates\/template-pr.php","meta":{"_acf_changed":false,"footnotes":""},"acf":[],"yoast_head":"<!-- This site is optimized with the Yoast SEO plugin v22.6 - https:\/\/yoast.com\/wordpress\/plugins\/seo\/ -->\n<title>TG4 welcomes the publication of the report of the Future of Media Commission | Press Release | TG4<\/title>\n<meta name=\"description\" content=\"TG4 welcomes the recommendations published today in the report by the Future of Media Commission for TG4 and Irish language media. The report recommends a comprehensive review of the provision of Irish language media services including the roles of TG4 and RT\u00c9, and RT\u00c9 Raidi\u00f3 na Gaeltachta.\" \/>\n<meta name=\"robots\" content=\"index, follow, max-snippet:-1, max-image-preview:large, max-video-preview:-1\" \/>\n<meta property=\"og:locale\" content=\"en_US\" \/>\n<meta property=\"og:type\" content=\"article\" \/>\n<meta property=\"og:title\" content=\"TG4 welcomes the publication of the report of the Future of Media Commission | Press Release | TG4\" \/>\n<meta property=\"og:description\" content=\"TG4 welcomes the recommendations published today in the report by the Future of Media Commission for TG4 and Irish language media. The report recommends a comprehensive review of the provision of Irish language media services including the roles of TG4 and RT\u00c9, and RT\u00c9 Raidi\u00f3 na Gaeltachta.\" \/>\n<meta property=\"og:url\" content=\"https:\/\/dev.tg4.ie\/en\/information\/press\/press-releases\/2022-2\/future-of-media\/\" \/>\n<meta property=\"og:site_name\" content=\"TG4\" \/>\n<meta property=\"article:publisher\" content=\"https:\/\/www.facebook.com\/TG4TV\" \/>\n<meta property=\"article:modified_time\" content=\"2022-07-12T15:14:31+00:00\" \/>\n<meta property=\"og:image\" content=\"https:\/\/tg4-docs.s3.amazonaws.com\/wp-content\/uploads\/2022\/07\/12160445\/Alan-Esslemont-TG4.jpg\" \/>\n\t<meta property=\"og:image:width\" content=\"1920\" \/>\n\t<meta property=\"og:image:height\" content=\"1080\" \/>\n\t<meta property=\"og:image:type\" content=\"image\/jpeg\" \/>\n<meta name=\"twitter:card\" content=\"summary_large_image\" \/>\n<meta name=\"twitter:image\" content=\"https:\/\/tg4-docs.s3.amazonaws.com\/wp-content\/uploads\/2022\/07\/12160445\/Alan-Esslemont-TG4.jpg\" \/>\n<meta name=\"twitter:site\" content=\"@TG4TV\" \/>\n<meta name=\"twitter:label1\" content=\"Est. reading time\" \/>\n\t<meta name=\"twitter:data1\" content=\"2 minutes\" \/>\n<script type=\"application\/ld+json\" class=\"yoast-schema-graph\">{\"@context\":\"https:\/\/schema.org\",\"@graph\":[{\"@type\":\"WebPage\",\"@id\":\"https:\/\/dev.tg4.ie\/en\/information\/press\/press-releases\/2022-2\/future-of-media\/\",\"url\":\"https:\/\/dev.tg4.ie\/en\/information\/press\/press-releases\/2022-2\/future-of-media\/\",\"name\":\"TG4 welcomes the publication of the report of the Future of Media Commission | Press Release | TG4\",\"isPartOf\":{\"@id\":\"https:\/\/dev.tg4.ie\/en\/#website\"},\"primaryImageOfPage\":{\"@id\":\"https:\/\/dev.tg4.ie\/en\/information\/press\/press-releases\/2022-2\/future-of-media\/#primaryimage\"},\"image\":{\"@id\":\"https:\/\/dev.tg4.ie\/en\/information\/press\/press-releases\/2022-2\/future-of-media\/#primaryimage\"},\"thumbnailUrl\":\"https:\/\/dev.tg4.ie\/wp-content\/uploads\/2022\/07\/Alan-Esslemont-TG4.jpg\",\"datePublished\":\"2022-07-12T15:09:08+00:00\",\"dateModified\":\"2022-07-12T15:14:31+00:00\",\"description\":\"TG4 welcomes the recommendations published today in the report by the Future of Media Commission for TG4 and Irish language media. The report recommends a comprehensive review of the provision of Irish language media services including the roles of TG4 and RT\u00c9, and RT\u00c9 Raidi\u00f3 na Gaeltachta.\",\"breadcrumb\":{\"@id\":\"https:\/\/dev.tg4.ie\/en\/information\/press\/press-releases\/2022-2\/future-of-media\/#breadcrumb\"},\"inLanguage\":\"en-ie\",\"potentialAction\":[{\"@type\":\"ReadAction\",\"target\":[\"https:\/\/dev.tg4.ie\/en\/information\/press\/press-releases\/2022-2\/future-of-media\/\"]}]},{\"@type\":\"ImageObject\",\"inLanguage\":\"en-ie\",\"@id\":\"https:\/\/dev.tg4.ie\/en\/information\/press\/press-releases\/2022-2\/future-of-media\/#primaryimage\",\"url\":\"https:\/\/dev.tg4.ie\/wp-content\/uploads\/2022\/07\/Alan-Esslemont-TG4.jpg\",\"contentUrl\":\"https:\/\/dev.tg4.ie\/wp-content\/uploads\/2022\/07\/Alan-Esslemont-TG4.jpg\"},{\"@type\":\"BreadcrumbList\",\"@id\":\"https:\/\/dev.tg4.ie\/en\/information\/press\/press-releases\/2022-2\/future-of-media\/#breadcrumb\",\"itemListElement\":[{\"@type\":\"ListItem\",\"position\":1,\"name\":\"Home\",\"item\":\"https:\/\/dev.tg4.ie\/en\/\"},{\"@type\":\"ListItem\",\"position\":2,\"name\":\"Information\",\"item\":\"https:\/\/dev.tg4.ie\/en\/information\/\"},{\"@type\":\"ListItem\",\"position\":3,\"name\":\"Press\",\"item\":\"https:\/\/dev.tg4.ie\/en\/information\/press\/\"},{\"@type\":\"ListItem\",\"position\":4,\"name\":\"Press Releases\",\"item\":\"https:\/\/dev.tg4.ie\/en\/information\/press\/press-releases\/\"},{\"@type\":\"ListItem\",\"position\":5,\"name\":\"2022\",\"item\":\"https:\/\/dev.tg4.ie\/en\/information\/press\/press-releases\/2022-2\/\"},{\"@type\":\"ListItem\",\"position\":6,\"name\":\"TG4 welcomes the publication of the report of the Future of Media Commission\"}]},{\"@type\":\"WebSite\",\"@id\":\"https:\/\/dev.tg4.ie\/en\/#website\",\"url\":\"https:\/\/dev.tg4.ie\/en\/\",\"name\":\"TG4\",\"description\":\"S\u00fail Eile\",\"potentialAction\":[{\"@type\":\"SearchAction\",\"target\":{\"@type\":\"EntryPoint\",\"urlTemplate\":\"https:\/\/dev.tg4.ie\/en\/?s={search_term_string}\"},\"query-input\":\"required name=search_term_string\"}],\"inLanguage\":\"en-ie\"}]}<\/script>\n<!-- \/ Yoast SEO plugin. -->","yoast_head_json":{"title":"TG4 welcomes the publication of the report of the Future of Media Commission | Press Release | TG4","description":"TG4 welcomes the recommendations published today in the report by the Future of Media Commission for TG4 and Irish language media. The report recommends a comprehensive review of the provision of Irish language media services including the roles of TG4 and RT\u00c9, and RT\u00c9 Raidi\u00f3 na Gaeltachta.","robots":{"index":"index","follow":"follow","max-snippet":"max-snippet:-1","max-image-preview":"max-image-preview:large","max-video-preview":"max-video-preview:-1"},"og_locale":"en_US","og_type":"article","og_title":"TG4 welcomes the publication of the report of the Future of Media Commission | Press Release | TG4","og_description":"TG4 welcomes the recommendations published today in the report by the Future of Media Commission for TG4 and Irish language media. The report recommends a comprehensive review of the provision of Irish language media services including the roles of TG4 and RT\u00c9, and RT\u00c9 Raidi\u00f3 na Gaeltachta.","og_url":"https:\/\/dev.tg4.ie\/en\/information\/press\/press-releases\/2022-2\/future-of-media\/","og_site_name":"TG4","article_publisher":"https:\/\/www.facebook.com\/TG4TV","article_modified_time":"2022-07-12T15:14:31+00:00","og_image":[{"width":1920,"height":1080,"url":"https:\/\/tg4-docs.s3.amazonaws.com\/wp-content\/uploads\/2022\/07\/12160445\/Alan-Esslemont-TG4.jpg","type":"image\/jpeg"}],"twitter_card":"summary_large_image","twitter_image":"https:\/\/tg4-docs.s3.amazonaws.com\/wp-content\/uploads\/2022\/07\/12160445\/Alan-Esslemont-TG4.jpg","twitter_site":"@TG4TV","twitter_misc":{"Est. reading time":"2 minutes"},"schema":{"@context":"https:\/\/schema.org","@graph":[{"@type":"WebPage","@id":"https:\/\/dev.tg4.ie\/en\/information\/press\/press-releases\/2022-2\/future-of-media\/","url":"https:\/\/dev.tg4.ie\/en\/information\/press\/press-releases\/2022-2\/future-of-media\/","name":"TG4 welcomes the publication of the report of the Future of Media Commission | Press Release | TG4","isPartOf":{"@id":"https:\/\/dev.tg4.ie\/en\/#website"},"primaryImageOfPage":{"@id":"https:\/\/dev.tg4.ie\/en\/information\/press\/press-releases\/2022-2\/future-of-media\/#primaryimage"},"image":{"@id":"https:\/\/dev.tg4.ie\/en\/information\/press\/press-releases\/2022-2\/future-of-media\/#primaryimage"},"thumbnailUrl":"https:\/\/dev.tg4.ie\/wp-content\/uploads\/2022\/07\/Alan-Esslemont-TG4.jpg","datePublished":"2022-07-12T15:09:08+00:00","dateModified":"2022-07-12T15:14:31+00:00","description":"TG4 welcomes the recommendations published today in the report by the Future of Media Commission for TG4 and Irish language media. The report recommends a comprehensive review of the provision of Irish language media services including the roles of TG4 and RT\u00c9, and RT\u00c9 Raidi\u00f3 na Gaeltachta.","breadcrumb":{"@id":"https:\/\/dev.tg4.ie\/en\/information\/press\/press-releases\/2022-2\/future-of-media\/#breadcrumb"},"inLanguage":"en-ie","potentialAction":[{"@type":"ReadAction","target":["https:\/\/dev.tg4.ie\/en\/information\/press\/press-releases\/2022-2\/future-of-media\/"]}]},{"@type":"ImageObject","inLanguage":"en-ie","@id":"https:\/\/dev.tg4.ie\/en\/information\/press\/press-releases\/2022-2\/future-of-media\/#primaryimage","url":"https:\/\/dev.tg4.ie\/wp-content\/uploads\/2022\/07\/Alan-Esslemont-TG4.jpg","contentUrl":"https:\/\/dev.tg4.ie\/wp-content\/uploads\/2022\/07\/Alan-Esslemont-TG4.jpg"},{"@type":"BreadcrumbList","@id":"https:\/\/dev.tg4.ie\/en\/information\/press\/press-releases\/2022-2\/future-of-media\/#breadcrumb","itemListElement":[{"@type":"ListItem","position":1,"name":"Home","item":"https:\/\/dev.tg4.ie\/en\/"},{"@type":"ListItem","position":2,"name":"Information","item":"https:\/\/dev.tg4.ie\/en\/information\/"},{"@type":"ListItem","position":3,"name":"Press","item":"https:\/\/dev.tg4.ie\/en\/information\/press\/"},{"@type":"ListItem","position":4,"name":"Press Releases","item":"https:\/\/dev.tg4.ie\/en\/information\/press\/press-releases\/"},{"@type":"ListItem","position":5,"name":"2022","item":"https:\/\/dev.tg4.ie\/en\/information\/press\/press-releases\/2022-2\/"},{"@type":"ListItem","position":6,"name":"TG4 welcomes the publication of the report of the Future of Media Commission"}]},{"@type":"WebSite","@id":"https:\/\/dev.tg4.ie\/en\/#website","url":"https:\/\/dev.tg4.ie\/en\/","name":"TG4","description":"S\u00fail Eile","potentialAction":[{"@type":"SearchAction","target":{"@type":"EntryPoint","urlTemplate":"https:\/\/dev.tg4.ie\/en\/?s={search_term_string}"},"query-input":"required name=search_term_string"}],"inLanguage":"en-ie"}]}},"_links":{"self":[{"href":"https:\/\/dev.tg4.ie\/en\/wp-json\/wp\/v2\/pages\/160225"}],"collection":[{"href":"https:\/\/dev.tg4.ie\/en\/wp-json\/wp\/v2\/pages"}],"about":[{"href":"https:\/\/dev.tg4.ie\/en\/wp-json\/wp\/v2\/types\/page"}],"author":[{"embeddable":true,"href":"https:\/\/dev.tg4.ie\/en\/wp-json\/wp\/v2\/users\/4"}],"replies":[{"embeddable":true,"href":"https:\/\/dev.tg4.ie\/en\/wp-json\/wp\/v2\/comments?post=160225"}],"version-history":[{"count":0,"href":"https:\/\/dev.tg4.ie\/en\/wp-json\/wp\/v2\/pages\/160225\/revisions"}],"up":[{"embeddable":true,"href":"https:\/\/dev.tg4.ie\/en\/wp-json\/wp\/v2\/pages\/138173"}],"wp:attachment":[{"href":"https:\/\/dev.tg4.ie\/en\/wp-json\/wp\/v2\/media?parent=160225"}],"curies":[{"name":"wp","href":"https:\/\/api.w.org\/{rel}","templated":true}]}}