{"id":1603,"date":"2015-08-20T12:01:32","date_gmt":"2015-08-20T11:01:32","guid":{"rendered":"https:\/\/dev.tg4.ie\/?page_id=1603"},"modified":"2019-10-22T15:18:34","modified_gmt":"2019-10-22T14:18:34","slug":"2007-2","status":"publish","type":"page","link":"https:\/\/dev.tg4.ie\/en\/information\/awards\/2007-2\/","title":{"rendered":"2007"},"content":{"rendered":"<h1>2007<\/h1>\n<p><strong>Ros na Run\/Without a Trace<\/strong><br \/>\nSilver Medal &#8211; Best Drama Promos<br \/>\nSharks International Awards 2007<\/p>\n<p><strong>Ros na Run\/Cold Case<\/strong><br \/>\nGold Medal &#8211; Best Drama Promos<br \/>\nSharks International Awards 2007<\/p>\n<p><strong>Ros na Run\/Cold Case<\/strong><br \/>\nSilver Medal &#8211; Promos &#8211; Best Direction<br \/>\nSharks International Awards 2007<\/p>\n<p><strong>Ros na Run\/Cold Case<\/strong><br \/>\nGold Medal &#8211; Promos &#8211; Best Editing<br \/>\nSharks International Awards 2007<\/p>\n<p><strong>Ros na Run\/Cold Case<\/strong><br \/>\nSilver Medal &#8211; Promos &#8211; Irish Broadcast<br \/>\nSharks International Awards 2007<\/p>\n<p><strong>Ros na Run\/Niptuck<\/strong><br \/>\nAd of the Month &#8211; October &#8217;07<br \/>\nIrish Marketing Journal &#8211; Creative Ad of the Month<\/p>\n<p><strong>Paisean Faisean<\/strong><br \/>\nAd of the Decade<br \/>\nIrish Language Awards<\/p>\n<p><strong>TG4\/Department of An Gaeltacht<\/strong><br \/>\nAd of the Decade<br \/>\nIrish Language Awards<\/p>\n<p><strong>Nip\/Tuck &amp; Ros na R\u00fan<\/strong><br \/>\nBronze Medal<br \/>\nICAD 2007<\/p>\n<p><strong>Ulster says N\u00edl<\/strong><br \/>\nBronze Medal<br \/>\nICAD 2007<\/p>\n<p><strong>Paisean Faisean<\/strong><br \/>\nCommendation<br \/>\nPromax Awards International 2007<\/p>\n<p><strong>Wimbledon<\/strong><br \/>\nCommendation<br \/>\nPromax Awards International 2007<\/p>\n<p><strong>Poem<\/strong><br \/>\nAwarded<br \/>\nRadio Advertising Awards<\/p>\n<p><strong>TG4<\/strong><br \/>\nWinner: Lifetime Achievement Award<br \/>\nOireachtas Media Awards 2007<\/p>\n<p><strong>Cl\u00edodhna N\u00ed Ch\u00edos\u00e1in<\/strong><br \/>\nActor of the Year<br \/>\nOireachtas na Gaeilge Media Awards 2007<\/p>\n<p><strong>D\u00e1ith\u00ed \u00d3 S\u00e9<\/strong><br \/>\nWinner: Television Personality<br \/>\nOireachtas Media Awards 2007<br \/>\nSexiest TV Personality 2007<br \/>\nTV Now ! Awards (Public Vote!)<\/p>\n<p><strong>Ar Lorg Shorcha<\/strong><br \/>\nTelevision Programme of the Year<br \/>\nOireachtas na Gaeilge Media Awards 2007<\/p>\n<p><strong>Fear na nOile\u00e1n<\/strong><br \/>\nSpirit of the Festival Award<br \/>\nCeltic Media Festival 2007<\/p>\n<p><strong>P\u00faca &#8216;s P\u00e9ist<\/strong><br \/>\nBest Young Peoples Programme<br \/>\nCeltic Media Festival 2007<\/p>\n<p><strong>Aifric<\/strong><br \/>\nChildren&#8217;s\/Youth Award<br \/>\nIFTA 2007<\/p>\n","protected":false},"excerpt":{"rendered":"<p>2007 Ros na Run\/Without a Trace Silver Medal &#8211; Best Drama Promos Sharks International Awards 2007 Ros na Run\/Cold Case Gold Medal &#8211; Best Drama Promos Sharks International Awards 2007 Ros na Run\/Cold Case Silver Medal &#8211; Promos &#8211; Best Direction Sharks International Awards 2007 Ros na Run\/Cold Case Gold Medal &#8211; Promos &#8211; Best [&hellip;]<\/p>\n","protected":false},"author":6,"featured_media":0,"parent":1217,"menu_order":10,"comment_status":"closed","ping_status":"closed","template":"page-templates\/template-corporate.php","meta":{"_acf_changed":false,"footnotes":""},"acf":[],"yoast_head":"<!-- This site is optimized with the Yoast SEO plugin v22.6 - https:\/\/yoast.com\/wordpress\/plugins\/seo\/ -->\n<title>2007 - TG4<\/title>\n<meta name=\"robots\" content=\"index, follow, max-snippet:-1, max-image-preview:large, max-video-preview:-1\" \/>\n<meta property=\"og:locale\" content=\"en_US\" \/>\n<meta property=\"og:type\" content=\"article\" \/>\n<meta property=\"og:title\" content=\"2007 - TG4\" \/>\n<meta property=\"og:description\" content=\"2007 Ros na Run\/Without a Trace Silver Medal &#8211; Best Drama Promos Sharks International Awards 2007 Ros na Run\/Cold Case Gold Medal &#8211; Best Drama Promos Sharks International Awards 2007 Ros na Run\/Cold Case Silver Medal &#8211; Promos &#8211; Best Direction Sharks International Awards 2007 Ros na Run\/Cold Case Gold Medal &#8211; Promos &#8211; Best [&hellip;]\" \/>\n<meta property=\"og:url\" content=\"https:\/\/dev.tg4.ie\/en\/information\/awards\/2007-2\/\" \/>\n<meta property=\"og:site_name\" content=\"TG4\" \/>\n<meta property=\"article:publisher\" content=\"https:\/\/www.facebook.com\/TG4TV\" \/>\n<meta property=\"article:modified_time\" content=\"2019-10-22T14:18:34+00:00\" \/>\n<meta property=\"og:image\" content=\"https:\/\/tg4-docs.s3.amazonaws.com\/wp-content\/uploads\/2024\/11\/18151812\/TG4_2024_corcra_teal_1-1920x1080-1.jpg\" \/>\n\t<meta property=\"og:image:width\" content=\"1920\" \/>\n\t<meta property=\"og:image:height\" content=\"1080\" \/>\n\t<meta property=\"og:image:type\" content=\"image\/jpeg\" \/>\n<meta name=\"twitter:card\" content=\"summary_large_image\" \/>\n<meta name=\"twitter:site\" content=\"@TG4TV\" \/>\n<meta name=\"twitter:label1\" content=\"Est. reading time\" \/>\n\t<meta name=\"twitter:data1\" content=\"1 minute\" \/>\n<script type=\"application\/ld+json\" class=\"yoast-schema-graph\">{\"@context\":\"https:\/\/schema.org\",\"@graph\":[{\"@type\":\"WebPage\",\"@id\":\"https:\/\/dev.tg4.ie\/en\/information\/awards\/2007-2\/\",\"url\":\"https:\/\/dev.tg4.ie\/en\/information\/awards\/2007-2\/\",\"name\":\"2007 - TG4\",\"isPartOf\":{\"@id\":\"https:\/\/dev.tg4.ie\/en\/#website\"},\"datePublished\":\"2015-08-20T11:01:32+00:00\",\"dateModified\":\"2019-10-22T14:18:34+00:00\",\"breadcrumb\":{\"@id\":\"https:\/\/dev.tg4.ie\/en\/information\/awards\/2007-2\/#breadcrumb\"},\"inLanguage\":\"en-ie\",\"potentialAction\":[{\"@type\":\"ReadAction\",\"target\":[\"https:\/\/dev.tg4.ie\/en\/information\/awards\/2007-2\/\"]}]},{\"@type\":\"BreadcrumbList\",\"@id\":\"https:\/\/dev.tg4.ie\/en\/information\/awards\/2007-2\/#breadcrumb\",\"itemListElement\":[{\"@type\":\"ListItem\",\"position\":1,\"name\":\"Home\",\"item\":\"https:\/\/dev.tg4.ie\/en\/\"},{\"@type\":\"ListItem\",\"position\":2,\"name\":\"Information\",\"item\":\"https:\/\/dev.tg4.ie\/en\/information\/\"},{\"@type\":\"ListItem\",\"position\":3,\"name\":\"Awards\",\"item\":\"https:\/\/dev.tg4.ie\/en\/information\/awards\/\"},{\"@type\":\"ListItem\",\"position\":4,\"name\":\"2007\"}]},{\"@type\":\"WebSite\",\"@id\":\"https:\/\/dev.tg4.ie\/en\/#website\",\"url\":\"https:\/\/dev.tg4.ie\/en\/\",\"name\":\"TG4\",\"description\":\"S\u00fail Eile\",\"potentialAction\":[{\"@type\":\"SearchAction\",\"target\":{\"@type\":\"EntryPoint\",\"urlTemplate\":\"https:\/\/dev.tg4.ie\/en\/?s={search_term_string}\"},\"query-input\":\"required name=search_term_string\"}],\"inLanguage\":\"en-ie\"}]}<\/script>\n<!-- \/ Yoast SEO plugin. -->","yoast_head_json":{"title":"2007 - TG4","robots":{"index":"index","follow":"follow","max-snippet":"max-snippet:-1","max-image-preview":"max-image-preview:large","max-video-preview":"max-video-preview:-1"},"og_locale":"en_US","og_type":"article","og_title":"2007 - TG4","og_description":"2007 Ros na Run\/Without a Trace Silver Medal &#8211; Best Drama Promos Sharks International Awards 2007 Ros na Run\/Cold Case Gold Medal &#8211; Best Drama Promos Sharks International Awards 2007 Ros na Run\/Cold Case Silver Medal &#8211; Promos &#8211; Best Direction Sharks International Awards 2007 Ros na Run\/Cold Case Gold Medal &#8211; Promos &#8211; Best [&hellip;]","og_url":"https:\/\/dev.tg4.ie\/en\/information\/awards\/2007-2\/","og_site_name":"TG4","article_publisher":"https:\/\/www.facebook.com\/TG4TV","article_modified_time":"2019-10-22T14:18:34+00:00","og_image":[{"width":1920,"height":1080,"url":"https:\/\/tg4-docs.s3.amazonaws.com\/wp-content\/uploads\/2024\/11\/18151812\/TG4_2024_corcra_teal_1-1920x1080-1.jpg","type":"image\/jpeg"}],"twitter_card":"summary_large_image","twitter_site":"@TG4TV","twitter_misc":{"Est. reading time":"1 minute"},"schema":{"@context":"https:\/\/schema.org","@graph":[{"@type":"WebPage","@id":"https:\/\/dev.tg4.ie\/en\/information\/awards\/2007-2\/","url":"https:\/\/dev.tg4.ie\/en\/information\/awards\/2007-2\/","name":"2007 - TG4","isPartOf":{"@id":"https:\/\/dev.tg4.ie\/en\/#website"},"datePublished":"2015-08-20T11:01:32+00:00","dateModified":"2019-10-22T14:18:34+00:00","breadcrumb":{"@id":"https:\/\/dev.tg4.ie\/en\/information\/awards\/2007-2\/#breadcrumb"},"inLanguage":"en-ie","potentialAction":[{"@type":"ReadAction","target":["https:\/\/dev.tg4.ie\/en\/information\/awards\/2007-2\/"]}]},{"@type":"BreadcrumbList","@id":"https:\/\/dev.tg4.ie\/en\/information\/awards\/2007-2\/#breadcrumb","itemListElement":[{"@type":"ListItem","position":1,"name":"Home","item":"https:\/\/dev.tg4.ie\/en\/"},{"@type":"ListItem","position":2,"name":"Information","item":"https:\/\/dev.tg4.ie\/en\/information\/"},{"@type":"ListItem","position":3,"name":"Awards","item":"https:\/\/dev.tg4.ie\/en\/information\/awards\/"},{"@type":"ListItem","position":4,"name":"2007"}]},{"@type":"WebSite","@id":"https:\/\/dev.tg4.ie\/en\/#website","url":"https:\/\/dev.tg4.ie\/en\/","name":"TG4","description":"S\u00fail Eile","potentialAction":[{"@type":"SearchAction","target":{"@type":"EntryPoint","urlTemplate":"https:\/\/dev.tg4.ie\/en\/?s={search_term_string}"},"query-input":"required name=search_term_string"}],"inLanguage":"en-ie"}]}},"_links":{"self":[{"href":"https:\/\/dev.tg4.ie\/en\/wp-json\/wp\/v2\/pages\/1603"}],"collection":[{"href":"https:\/\/dev.tg4.ie\/en\/wp-json\/wp\/v2\/pages"}],"about":[{"href":"https:\/\/dev.tg4.ie\/en\/wp-json\/wp\/v2\/types\/page"}],"author":[{"embeddable":true,"href":"https:\/\/dev.tg4.ie\/en\/wp-json\/wp\/v2\/users\/6"}],"replies":[{"embeddable":true,"href":"https:\/\/dev.tg4.ie\/en\/wp-json\/wp\/v2\/comments?post=1603"}],"version-history":[{"count":0,"href":"https:\/\/dev.tg4.ie\/en\/wp-json\/wp\/v2\/pages\/1603\/revisions"}],"up":[{"embeddable":true,"href":"https:\/\/dev.tg4.ie\/en\/wp-json\/wp\/v2\/pages\/1217"}],"wp:attachment":[{"href":"https:\/\/dev.tg4.ie\/en\/wp-json\/wp\/v2\/media?parent=1603"}],"curies":[{"name":"wp","href":"https:\/\/api.w.org\/{rel}","templated":true}]}}