{"id":1627,"date":"2015-08-20T14:15:32","date_gmt":"2015-08-20T13:15:32","guid":{"rendered":"https:\/\/dev.tg4.ie\/?page_id=1627"},"modified":"2019-10-22T15:14:18","modified_gmt":"2019-10-22T14:14:18","slug":"2003-2","status":"publish","type":"page","link":"https:\/\/dev.tg4.ie\/en\/information\/awards\/2003-2\/","title":{"rendered":"2003"},"content":{"rendered":"<h1>2003<\/h1>\n<p><strong>Ocras<\/strong><br \/>\nWinner: Best Direction in an Irish Film<br \/>\nCork International Film Festival 2003<\/p>\n<p><strong>Am\u00fa Amigos \u2013 Amazon<\/strong><br \/>\nWinner: IFTA 2003 &#8211; Best Lifestyle<br \/>\nWinner: IFTA 2003 &#8211; Best Entertainment<br \/>\nWinner: IFTA 2003 &#8211; Best Irish Language<\/p>\n<p><strong>Yu Ming Is Ainm Dom<\/strong><br \/>\nWinner: Best Short Film, Best Short Film from a d\u00e9but director<br \/>\nGalway Film Fleadh 2003<br \/>\nWinner: Audience Award<br \/>\nCork International Film Festival 2003<br \/>\nSpecial commendation Kerry Film Festival 2003<\/p>\n<p><strong>P\u00e1id\u00ed \u00d3 Lion\u00e1ird<\/strong><br \/>\nWinner: Television Personality<br \/>\nOireachtas Media Awards 2003<\/p>\n<p><strong>Timl\u00edn \u00d3 Cearnaigh<\/strong><br \/>\nWinner: Journalist of the Year<br \/>\nOireachtas Media Awards 2003<\/p>\n<p><strong>Oile\u00e1n Thoraigh<\/strong><br \/>\nWinner: Best Television Programme<br \/>\nOireachtas Media Awards 2003<br \/>\nWinner: IFTA 2003 &#8211; Best Documentary<\/p>\n<p><strong>An tSib\u00e9ir &#8211; An B\u00f3thar \u00f3 Thuaidh<\/strong><br \/>\nWinner: Spirit of the Festival Award<br \/>\nInternational Celtic Film &amp; Television Festival 2003<\/p>\n<p><strong>Liam \u00d3 Flaithearta \u2013 Idir Dh\u00e1 Theanga<\/strong><br \/>\nWinner: Arts Documentary<br \/>\nInternational Celtic Film and Television Festival 2003<\/p>\n<p><strong>Am\u00fa san \u00c1ise<\/strong><br \/>\nWinner: Best Entertainment Programme<br \/>\nIFTA 2003<\/p>\n<p><strong>C\u00e1ca Milis<\/strong><br \/>\nWinner: Short Film<br \/>\nIFTA 2003<\/p>\n","protected":false},"excerpt":{"rendered":"<p>2003 Ocras Winner: Best Direction in an Irish Film Cork International Film Festival 2003 Am\u00fa Amigos \u2013 Amazon Winner: IFTA 2003 &#8211; Best Lifestyle Winner: IFTA 2003 &#8211; Best Entertainment Winner: IFTA 2003 &#8211; Best Irish Language Yu Ming Is Ainm Dom Winner: Best Short Film, Best Short Film from a d\u00e9but director Galway Film [&hellip;]<\/p>\n","protected":false},"author":6,"featured_media":0,"parent":1217,"menu_order":6,"comment_status":"closed","ping_status":"closed","template":"page-templates\/template-corporate.php","meta":{"_acf_changed":false,"footnotes":""},"acf":[],"yoast_head":"<!-- This site is optimized with the Yoast SEO plugin v22.6 - https:\/\/yoast.com\/wordpress\/plugins\/seo\/ -->\n<title>2003 - TG4<\/title>\n<meta name=\"robots\" content=\"index, follow, max-snippet:-1, max-image-preview:large, max-video-preview:-1\" \/>\n<meta property=\"og:locale\" content=\"en_US\" \/>\n<meta property=\"og:type\" content=\"article\" \/>\n<meta property=\"og:title\" content=\"2003 - TG4\" \/>\n<meta property=\"og:description\" content=\"2003 Ocras Winner: Best Direction in an Irish Film Cork International Film Festival 2003 Am\u00fa Amigos \u2013 Amazon Winner: IFTA 2003 &#8211; Best Lifestyle Winner: IFTA 2003 &#8211; Best Entertainment Winner: IFTA 2003 &#8211; Best Irish Language Yu Ming Is Ainm Dom Winner: Best Short Film, Best Short Film from a d\u00e9but director Galway Film [&hellip;]\" \/>\n<meta property=\"og:url\" content=\"https:\/\/dev.tg4.ie\/en\/information\/awards\/2003-2\/\" \/>\n<meta property=\"og:site_name\" content=\"TG4\" \/>\n<meta property=\"article:publisher\" content=\"https:\/\/www.facebook.com\/TG4TV\" \/>\n<meta property=\"article:modified_time\" content=\"2019-10-22T14:14:18+00:00\" \/>\n<meta property=\"og:image\" content=\"https:\/\/tg4-docs.s3.amazonaws.com\/wp-content\/uploads\/2024\/11\/18151812\/TG4_2024_corcra_teal_1-1920x1080-1.jpg\" \/>\n\t<meta property=\"og:image:width\" content=\"1920\" \/>\n\t<meta property=\"og:image:height\" content=\"1080\" \/>\n\t<meta property=\"og:image:type\" content=\"image\/jpeg\" \/>\n<meta name=\"twitter:card\" content=\"summary_large_image\" \/>\n<meta name=\"twitter:site\" content=\"@TG4TV\" \/>\n<meta name=\"twitter:label1\" content=\"Est. reading time\" \/>\n\t<meta name=\"twitter:data1\" content=\"1 minute\" \/>\n<script type=\"application\/ld+json\" class=\"yoast-schema-graph\">{\"@context\":\"https:\/\/schema.org\",\"@graph\":[{\"@type\":\"WebPage\",\"@id\":\"https:\/\/dev.tg4.ie\/en\/information\/awards\/2003-2\/\",\"url\":\"https:\/\/dev.tg4.ie\/en\/information\/awards\/2003-2\/\",\"name\":\"2003 - TG4\",\"isPartOf\":{\"@id\":\"https:\/\/dev.tg4.ie\/en\/#website\"},\"datePublished\":\"2015-08-20T13:15:32+00:00\",\"dateModified\":\"2019-10-22T14:14:18+00:00\",\"breadcrumb\":{\"@id\":\"https:\/\/dev.tg4.ie\/en\/information\/awards\/2003-2\/#breadcrumb\"},\"inLanguage\":\"en-ie\",\"potentialAction\":[{\"@type\":\"ReadAction\",\"target\":[\"https:\/\/dev.tg4.ie\/en\/information\/awards\/2003-2\/\"]}]},{\"@type\":\"BreadcrumbList\",\"@id\":\"https:\/\/dev.tg4.ie\/en\/information\/awards\/2003-2\/#breadcrumb\",\"itemListElement\":[{\"@type\":\"ListItem\",\"position\":1,\"name\":\"Home\",\"item\":\"https:\/\/dev.tg4.ie\/en\/\"},{\"@type\":\"ListItem\",\"position\":2,\"name\":\"Information\",\"item\":\"https:\/\/dev.tg4.ie\/en\/information\/\"},{\"@type\":\"ListItem\",\"position\":3,\"name\":\"Awards\",\"item\":\"https:\/\/dev.tg4.ie\/en\/information\/awards\/\"},{\"@type\":\"ListItem\",\"position\":4,\"name\":\"2003\"}]},{\"@type\":\"WebSite\",\"@id\":\"https:\/\/dev.tg4.ie\/en\/#website\",\"url\":\"https:\/\/dev.tg4.ie\/en\/\",\"name\":\"TG4\",\"description\":\"S\u00fail Eile\",\"potentialAction\":[{\"@type\":\"SearchAction\",\"target\":{\"@type\":\"EntryPoint\",\"urlTemplate\":\"https:\/\/dev.tg4.ie\/en\/?s={search_term_string}\"},\"query-input\":\"required name=search_term_string\"}],\"inLanguage\":\"en-ie\"}]}<\/script>\n<!-- \/ Yoast SEO plugin. -->","yoast_head_json":{"title":"2003 - TG4","robots":{"index":"index","follow":"follow","max-snippet":"max-snippet:-1","max-image-preview":"max-image-preview:large","max-video-preview":"max-video-preview:-1"},"og_locale":"en_US","og_type":"article","og_title":"2003 - TG4","og_description":"2003 Ocras Winner: Best Direction in an Irish Film Cork International Film Festival 2003 Am\u00fa Amigos \u2013 Amazon Winner: IFTA 2003 &#8211; Best Lifestyle Winner: IFTA 2003 &#8211; Best Entertainment Winner: IFTA 2003 &#8211; Best Irish Language Yu Ming Is Ainm Dom Winner: Best Short Film, Best Short Film from a d\u00e9but director Galway Film [&hellip;]","og_url":"https:\/\/dev.tg4.ie\/en\/information\/awards\/2003-2\/","og_site_name":"TG4","article_publisher":"https:\/\/www.facebook.com\/TG4TV","article_modified_time":"2019-10-22T14:14:18+00:00","og_image":[{"width":1920,"height":1080,"url":"https:\/\/tg4-docs.s3.amazonaws.com\/wp-content\/uploads\/2024\/11\/18151812\/TG4_2024_corcra_teal_1-1920x1080-1.jpg","type":"image\/jpeg"}],"twitter_card":"summary_large_image","twitter_site":"@TG4TV","twitter_misc":{"Est. reading time":"1 minute"},"schema":{"@context":"https:\/\/schema.org","@graph":[{"@type":"WebPage","@id":"https:\/\/dev.tg4.ie\/en\/information\/awards\/2003-2\/","url":"https:\/\/dev.tg4.ie\/en\/information\/awards\/2003-2\/","name":"2003 - TG4","isPartOf":{"@id":"https:\/\/dev.tg4.ie\/en\/#website"},"datePublished":"2015-08-20T13:15:32+00:00","dateModified":"2019-10-22T14:14:18+00:00","breadcrumb":{"@id":"https:\/\/dev.tg4.ie\/en\/information\/awards\/2003-2\/#breadcrumb"},"inLanguage":"en-ie","potentialAction":[{"@type":"ReadAction","target":["https:\/\/dev.tg4.ie\/en\/information\/awards\/2003-2\/"]}]},{"@type":"BreadcrumbList","@id":"https:\/\/dev.tg4.ie\/en\/information\/awards\/2003-2\/#breadcrumb","itemListElement":[{"@type":"ListItem","position":1,"name":"Home","item":"https:\/\/dev.tg4.ie\/en\/"},{"@type":"ListItem","position":2,"name":"Information","item":"https:\/\/dev.tg4.ie\/en\/information\/"},{"@type":"ListItem","position":3,"name":"Awards","item":"https:\/\/dev.tg4.ie\/en\/information\/awards\/"},{"@type":"ListItem","position":4,"name":"2003"}]},{"@type":"WebSite","@id":"https:\/\/dev.tg4.ie\/en\/#website","url":"https:\/\/dev.tg4.ie\/en\/","name":"TG4","description":"S\u00fail Eile","potentialAction":[{"@type":"SearchAction","target":{"@type":"EntryPoint","urlTemplate":"https:\/\/dev.tg4.ie\/en\/?s={search_term_string}"},"query-input":"required name=search_term_string"}],"inLanguage":"en-ie"}]}},"_links":{"self":[{"href":"https:\/\/dev.tg4.ie\/en\/wp-json\/wp\/v2\/pages\/1627"}],"collection":[{"href":"https:\/\/dev.tg4.ie\/en\/wp-json\/wp\/v2\/pages"}],"about":[{"href":"https:\/\/dev.tg4.ie\/en\/wp-json\/wp\/v2\/types\/page"}],"author":[{"embeddable":true,"href":"https:\/\/dev.tg4.ie\/en\/wp-json\/wp\/v2\/users\/6"}],"replies":[{"embeddable":true,"href":"https:\/\/dev.tg4.ie\/en\/wp-json\/wp\/v2\/comments?post=1627"}],"version-history":[{"count":0,"href":"https:\/\/dev.tg4.ie\/en\/wp-json\/wp\/v2\/pages\/1627\/revisions"}],"up":[{"embeddable":true,"href":"https:\/\/dev.tg4.ie\/en\/wp-json\/wp\/v2\/pages\/1217"}],"wp:attachment":[{"href":"https:\/\/dev.tg4.ie\/en\/wp-json\/wp\/v2\/media?parent=1627"}],"curies":[{"name":"wp","href":"https:\/\/api.w.org\/{rel}","templated":true}]}}