{"id":16293,"date":"2016-04-05T16:25:14","date_gmt":"2016-04-05T15:25:14","guid":{"rendered":"https:\/\/dev.tg4.ie\/en\/?page_id=16293"},"modified":"2019-06-24T16:23:17","modified_gmt":"2019-06-24T15:23:17","slug":"05-04-16","status":"publish","type":"page","link":"https:\/\/dev.tg4.ie\/en\/information\/press\/press-releases\/2016-2\/05-04-16\/","title":{"rendered":"05.04.16"},"content":{"rendered":"<h1>Seo Linn\u2019s Stiof\u00e1n \u00d3 Fearail is a rising star at Irish language Media Awards<\/h1>\n<p>Seo Linn\u2019s lead singer, Stiof\u00e1n \u00d3 Fearail, who stunned the audience at the recent RT\u00c9 Centenary show on Easter Monday, broadcaster Bl\u00e1thnaid N\u00ed Chofaigh and journalist Cathal Mac Coille are amongst the nominees for this year\u2019s Oireachtas Media Awards which will take place on Friday, 13th May in Salthill Hotel, Galway. This awards ceremony, which honours journalists, presenters, programme makers, actors and others within the Irish language media sector, again will be presented by RT\u00c9 newscaster, Aengus Mac Grianna.<\/p>\n<p>\u201cI wish to congratulate all of the nominees on this year\u2019s shortlist\u201d, says Liam \u00d3 Maolaodha, Director of An tOireachtas. \u201cThe Media Awards recognise the achievements and accolades of Irish language broadcasters throughout the year and celebrate the constant growth of the industry. We are delighted that all of this year\u2019s nominees reflect such a high standard\u201d, he said.<\/p>\n<p>As expected, the theme of 1916 is prevalent in this year\u2019s nominations with a range of programmes based on this theme making the short list. They include 1916: Seachtar Dearmadta which is nominated for Television Series of the Year and is produced by Ab\u00fa Media and narrated by Brendan Gleeson. This show is a follow up to Ab\u00fa Media\u2019s IFTA winning series 1916: Seachtar na C\u00e1sca, an historical documentary series about the seven men executed in Kilmainham Gaol after the Rising. Nominated for Best Film\/Programme is Sheehy Skeffington: S\u00edoch\u00e1na\u00ed, produced by Dearc\u00e1n Media. This film tells the story of the killing of Francis Sheehy Skeffington by British troops after he witnessed the killing of a boy who was out after curfew during the Rising.<\/p>\n<p>This year, a new category of Best Short Film has been added which is aimed at attracting new talent from the Irish language film industry. Screenings of the short films will be held in Salthill Hotel, Galway, on Friday 13th May ahead of the awards ceremony that evening.<\/p>\n<p>Well-known broadcaster Bl\u00e1thnaid N\u00ed Chofaigh is taking centre stage in the radio categories this year. She has been nominated for Radio Broadcaster of the Year for her weekly magazine show, Bl\u00e1thnaid Libh, on RT\u00c9 Raidi\u00f3 na Gaeltachta. That same show is also nominated for Best Radio Programme alongside Splanc on Newstalk which is presented by R\u00f3n\u00e1n \u00d3 Muirthile. Morning Ireland broadcaster Cathal Mac Coille has been nominated for Journalist of the Year for his column in Tuairisc.ie.<\/p>\n<p>Joe Steve \u00d3 Neachtain is up for Best Actor for his role as Peadar in Ros na R\u00fan, which he has been playing for twenty years. R\u00f3is\u00edn N\u00ed Ch\u00e9ileachair is in the running for her role as M\u00f3na in TG4\u2019s brand new show EIPIC (Magamedia) which tells the story of five rural teenagers who take over a disused post office to start a musical revolution.<\/p>\n<p>Nominees for best website include raidiofailte.com, tuairisc.ie, tg4.ie and meoneile.ie.<\/p>\n<p>Full list of nominees&#8230;<\/p>\n<h1><u>CARTEGORY: TELEVISION<\/u><\/h1>\n<h3><\/h3>\n<h3><strong>TELEVISION SERIES<\/strong><\/h3>\n<h4>Cuimhn\u00ed \u00f3n mBlascaod\u00a0\u00a0\u00a0\u00a0\u00a0\u00a0\u00a0\u00a0\u00a0\u00a0\u00a0\u00a0\u00a0\u00a0\u00a0\u00a0\u00a0 Praxis Pictures<\/h4>\n<h4>EIPIC\u00a0\u00a0\u00a0\u00a0\u00a0\u00a0\u00a0\u00a0\u00a0\u00a0\u00a0\u00a0\u00a0\u00a0\u00a0\u00a0\u00a0\u00a0\u00a0\u00a0\u00a0\u00a0\u00a0\u00a0\u00a0\u00a0\u00a0\u00a0\u00a0\u00a0\u00a0\u00a0\u00a0\u00a0\u00a0\u00a0\u00a0\u00a0\u00a0\u00a0 Magamedia<\/h4>\n<h4>Imeall \u00a0\u00a0\u00a0\u00a0\u00a0\u00a0\u00a0\u00a0\u00a0\u00a0\u00a0\u00a0\u00a0\u00a0\u00a0\u00a0\u00a0\u00a0\u00a0\u00a0\u00a0\u00a0\u00a0\u00a0\u00a0\u00a0\u00a0\u00a0\u00a0\u00a0\u00a0\u00a0\u00a0\u00a0\u00a0\u00a0\u00a0\u00a0 Redshoe Productions<\/h4>\n<h4>1916: Seachtar Dearmadta\u00a0\u00a0\u00a0\u00a0\u00a0\u00a0\u00a0\u00a0\u00a0\u00a0\u00a0 Ab\u00fa Media<\/h4>\n<h4>Folk Aduaidh \u00a0\u00a0\u00a0\u00a0\u00a0\u00a0\u00a0\u00a0\u00a0\u00a0\u00a0\u00a0\u00a0\u00a0\u00a0\u00a0\u00a0\u00a0\u00a0\u00a0\u00a0\u00a0\u00a0\u00a0\u00a0\u00a0\u00a0\u00a0\u00a0 Sonas Productions<\/h4>\n<h3><\/h3>\n<h3><strong>FILM \/ TELEVISION PROGRAMME<\/strong><\/h3>\n<h4>V\u00f3ta 2016 \u00a0\u00a0\u00a0\u00a0\u00a0\u00a0\u00a0\u00a0\u00a0\u00a0\u00a0\u00a0\u00a0\u00a0\u00a0\u00a0\u00a0\u00a0\u00a0\u00a0\u00a0\u00a0\u00a0\u00a0\u00a0\u00a0\u00a0\u00a0\u00a0\u00a0\u00a0\u00a0 Comh-l\u00e9iri\u00fa de chuid TG4 &amp; Nuacht TG4<\/h4>\n<h4>I mB\u00e9al na Stoirme\u00a0\u00a0 \u00a0\u00a0\u00a0\u00a0\u00a0\u00a0\u00a0\u00a0\u00a0\u00a0\u00a0\u00a0\u00a0\u00a0\u00a0\u00a0\u00a0\u00a0 An Id\u00e9e Originale\/Lugh Films\/South Wind Blows Productions<\/h4>\n<h4>An Klondike \u00a0\u00a0\u00a0\u00a0\u00a0\u00a0\u00a0\u00a0\u00a0\u00a0\u00a0\u00a0\u00a0\u00a0\u00a0\u00a0\u00a0\u00a0\u00a0\u00a0\u00a0\u00a0\u00a0\u00a0\u00a0\u00a0\u00a0\u00a0\u00a0\u00a0 Ab\u00fa Media<\/h4>\n<h4>Sheehy Skeffington: S\u00edoch\u00e1na\u00ed\u00a0\u00a0\u00a0\u00a0\u00a0\u00a0\u00a0 Dearc\u00e1n Media<\/h4>\n<h4>Deoch an Dorais \u00a0\u00a0\u00a0\u00a0\u00a0\u00a0\u00a0\u00a0\u00a0\u00a0\u00a0\u00a0\u00a0\u00a0\u00a0\u00a0\u00a0\u00a0\u00a0\u00a0\u00a0\u00a0\u00a0\u00a0 Magamedia<\/h4>\n<h3><\/h3>\n<h3><strong>BROADCASTER <\/strong><\/h3>\n<h4>P\u00e1id\u00ed \u00d3 Lion\u00e1ird\u00a0\u00a0\u00a0\u00a0\u00a0\u00a0\u00a0\u00a0\u00a0\u00a0\u00a0\u00a0\u00a0\u00a0\u00a0\u00a0\u00a0\u00a0\u00a0\u00a0\u00a0\u00a0\u00a0\u00a0\u00a0 7L\u00e1 \/ V\u00f3ta 2016 &#8211; TG4<\/h4>\n<h4>R\u00f3is\u00edn O\u2019Hara\u00a0\u00a0\u00a0\u00a0\u00a0\u00a0\u00a0\u00a0\u00a0\u00a0\u00a0\u00a0\u00a0\u00a0\u00a0\u00a0\u00a0\u00a0\u00a0\u00a0\u00a0\u00a0\u00a0\u00a0\u00a0\u00a0\u00a0\u00a0 R\u00f3is\u00edn- TG4<\/h4>\n<h4>Tristan Rosenstock\u00a0\u00a0\u00a0\u00a0\u00a0\u00a0\u00a0\u00a0\u00a0\u00a0\u00a0\u00a0\u00a0\u00a0\u00a0\u00a0\u00a0\u00a0\u00a0\u00a0\u00a0\u00a0 Imeall- TG4<\/h4>\n<h4>Dara \u00d3 Cinn\u00e9ide\u00a0\u00a0\u00a0\u00a0\u00a0\u00a0\u00a0\u00a0\u00a0\u00a0\u00a0\u00a0\u00a0\u00a0\u00a0\u00a0\u00a0\u00a0\u00a0\u00a0\u00a0\u00a0\u00a0\u00a0\u00a0 GAA USA \/ Se\u00f3 Sp\u00f3irt- TG4<\/h4>\n<h4>S\u00edle Nic Chonaonaigh \u00a0\u00a0\u00a0\u00a0\u00a0\u00a0\u00a0\u00a0\u00a0\u00a0\u00a0\u00a0\u00a0\u00a0\u00a0\u00a0\u00a0\u00a0\u00a0\u00a0\u00a0\u00a0\u00a0\u00a0\u00a0\u00a0\u00a0 D\u00faiche- TG4<\/h4>\n<h3><\/h3>\n<h3><strong>BEST ACTOR <\/strong><\/h3>\n<h4>R\u00f3is\u00edn N\u00ed Ch\u00e9ileachair\u00a0\u00a0\u00a0\u00a0\u00a0\u00a0\u00a0\u00a0\u00a0\u00a0\u00a0\u00a0\u00a0\u00a0\u00a0\u00a0\u00a0\u00a0\u00a0\u00a0\u00a0\u00a0\u00a0\u00a0\u00a0\u00a0\u00a0 M\u00f3na: EIPIC<\/h4>\n<h4>Joe Steve \u00d3 Neachtain \u00a0\u00a0\u00a0\u00a0\u00a0\u00a0\u00a0\u00a0\u00a0\u00a0\u00a0\u00a0\u00a0\u00a0\u00a0\u00a0 Peadar: Ros na R\u00fan<\/h4>\n<h4>Se\u00e1n T. \u00d3 Meallaigh \u00a0\u00a0\u00a0\u00a0\u00a0\u00a0\u00a0\u00a0\u00a0\u00a0\u00a0\u00a0\u00a0\u00a0\u00a0\u00a0\u00a0\u00a0\u00a0 P\u00e1draig Connolly: An Klondike<\/h4>\n<h4>Tara Breathnach \u00a0\u00a0\u00a0\u00a0\u00a0\u00a0\u00a0\u00a0\u00a0\u00a0\u00a0\u00a0\u00a0\u00a0\u00a0\u00a0\u00a0\u00a0\u00a0\u00a0\u00a0\u00a0\u00a0\u00a0 M\u00e1thair: Maidhm<\/h4>\n<h3><\/h3>\n<h1><u>CATEGORY: RADIO<\/u><\/h1>\n<h3><\/h3>\n<h3><strong>RADIO PROGRAMME \/ SERIES <\/strong><\/h3>\n<h4>Liza mo St\u00f3r agus Sc\u00e9alta Eile \u00a0\u00a0\u00a0\u00a0\u00a0 RT\u00c9 Raidi\u00f3 na Gaeltachta<\/h4>\n<h4>Bl\u00e1thnaid Libh\u00a0\u00a0\u00a0\u00a0\u00a0\u00a0\u00a0\u00a0\u00a0\u00a0\u00a0\u00a0\u00a0\u00a0\u00a0\u00a0\u00a0\u00a0\u00a0\u00a0\u00a0\u00a0\u00a0\u00a0\u00a0\u00a0\u00a0\u00a0\u00a0\u00a0\u00a0\u00a0\u00a0\u00a0\u00a0\u00a0\u00a0 RT\u00c9 Raidi\u00f3 na Gaeltachta<\/h4>\n<h4>Splanc\u00a0\u00a0\u00a0\u00a0\u00a0\u00a0\u00a0\u00a0\u00a0\u00a0\u00a0\u00a0\u00a0\u00a0\u00a0\u00a0\u00a0\u00a0\u00a0\u00a0\u00a0\u00a0\u00a0\u00a0\u00a0\u00a0\u00a0\u00a0\u00a0\u00a0\u00a0\u00a0\u00a0\u00a0\u00a0\u00a0\u00a0\u00a0\u00a0 Newstalk<\/h4>\n<h4>Blas\u00a0\u00a0\u00a0\u00a0\u00a0\u00a0\u00a0\u00a0\u00a0\u00a0\u00a0\u00a0\u00a0\u00a0\u00a0\u00a0\u00a0\u00a0\u00a0\u00a0\u00a0\u00a0\u00a0\u00a0\u00a0\u00a0\u00a0\u00a0\u00a0\u00a0\u00a0\u00a0\u00a0\u00a0\u00a0\u00a0\u00a0\u00a0\u00a0\u00a0\u00a0\u00a0 BBC Raidi\u00f3 Uladh<\/h4>\n<h3><\/h3>\n<h3><strong>BROADCASTER<\/strong><\/h3>\n<h4>Bl\u00e1thnaid N\u00ed Chofaigh\u00a0\u00a0\u00a0\u00a0\u00a0\u00a0\u00a0\u00a0\u00a0\u00a0\u00a0\u00a0\u00a0\u00a0\u00a0\u00a0\u00a0\u00a0 \u00a0 \u00a0\u00a0\u00a0\u00a0\u00a0\u00a0\u00a0 RT\u00c9 Raidi\u00f3 na Gaeltachta<\/h4>\n<h4>R\u00f3n\u00e1n Mac Aodha Bhu\u00ed\u00a0\u00a0\u00a0\u00a0\u00a0\u00a0\u00a0\u00a0\u00a0\u00a0\u00a0\u00a0\u00a0\u00a0\u00a0\u00a0\u00a0 RT\u00c9 Raidi\u00f3 na Gaeltachta<\/h4>\n<h4>Miriam N\u00ed Mheachair \u00a0\u00a0\u00a0\u00a0\u00a0\u00a0\u00a0\u00a0\u00a0\u00a0\u00a0\u00a0\u00a0\u00a0\u00a0\u00a0\u00a0\u00a0\u00a0\u00a0\u00a0\u00a0\u00a0\u00a0\u00a0\u00a0\u00a0 FM 104<\/h4>\n<h4>Eoghan \u00d3 N\u00e9ill \u00a0\u00a0\u00a0\u00a0\u00a0\u00a0\u00a0\u00a0\u00a0\u00a0\u00a0\u00a0\u00a0\u00a0\u00a0\u00a0\u00a0\u00a0\u00a0\u00a0\u00a0\u00a0\u00a0\u00a0\u00a0\u00a0 R\u00e1idi\u00f3 F\u00e1ilte<\/h4>\n<h4>Cormac \u00d3 hEadhra \u00a0\u00a0\u00a0\u00a0\u00a0\u00a0\u00a0\u00a0\u00a0\u00a0\u00a0\u00a0\u00a0\u00a0\u00a0\u00a0\u00a0\u00a0\u00a0\u00a0\u00a0 RT\u00c9 Raidi\u00f3 na Gaeltachta<\/h4>\n<h3><\/h3>\n<h1><u>CATEGORY: PRINT <\/u><\/h1>\n<h3><\/h3>\n<h3><strong>JOURNALIST\/COLUMNIST<\/strong><\/h3>\n<h4>Cathal Mac Coille\u00a0\u00a0\u00a0\u00a0\u00a0\u00a0\u00a0\u00a0\u00a0\u00a0\u00a0\u00a0\u00a0\u00a0\u00a0\u00a0\u00a0\u00a0\u00a0\u00a0\u00a0\u00a0\u00a0\u00a0 Tuairisc.ie<\/h4>\n<h4>M\u00e9abh N\u00ed Thuathal\u00e1in \u00a0\u00a0\u00a0\u00a0\u00a0\u00a0\u00a0\u00a0\u00a0\u00a0\u00a0\u00a0\u00a0\u00a0\u00a0\u00a0\u00a0 N\u00f3s.ie<\/h4>\n<h4>Alan Titley\u00a0\u00a0\u00a0\u00a0\u00a0\u00a0\u00a0\u00a0\u00a0\u00a0\u00a0\u00a0\u00a0\u00a0\u00a0\u00a0\u00a0\u00a0\u00a0\u00a0\u00a0\u00a0\u00a0\u00a0\u00a0\u00a0\u00a0\u00a0\u00a0\u00a0\u00a0\u00a0 Crobhingne, Irish Times<\/h4>\n<h4>Alex Hijmans\u00a0\u00a0\u00a0\u00a0\u00a0\u00a0\u00a0\u00a0\u00a0\u00a0\u00a0\u00a0\u00a0\u00a0\u00a0\u00a0\u00a0\u00a0\u00a0\u00a0\u00a0\u00a0\u00a0\u00a0\u00a0\u00a0\u00a0\u00a0\u00a0 Tuairisc.ie<\/h4>\n<h4>Maiti\u00fa \u00d3 Coim\u00edn \u00a0\u00a0\u00a0\u00a0\u00a0\u00a0\u00a0\u00a0\u00a0\u00a0\u00a0\u00a0\u00a0\u00a0\u00a0\u00a0\u00a0\u00a0\u00a0\u00a0\u00a0\u00a0\u00a0\u00a0 Tuairisc.ie<\/h4>\n<h3><\/h3>\n<h1><u>WEBSITE <\/u><\/h1>\n<h4>www.tuairisc.ie\u00a0\u00a0\u00a0\u00a0\u00a0\u00a0\u00a0\u00a0\u00a0\u00a0\u00a0\u00a0\u00a0\u00a0\u00a0 \u00a0\u00a0\u00a0\u00a0\u00a0\u00a0\u00a0\u00a0 Tuairisc.ie<\/h4>\n<h4>www.tg4.ie \u00a0\u00a0\u00a0\u00a0\u00a0\u00a0\u00a0\u00a0\u00a0\u00a0\u00a0\u00a0\u00a0\u00a0\u00a0\u00a0\u00a0\u00a0\u00a0\u00a0 \u00a0\u00a0\u00a0\u00a0\u00a0\u00a0\u00a0\u00a0\u00a0 TG4<\/h4>\n<h4>www.meoneile.ie\u00a0\u00a0\u00a0\u00a0\u00a0\u00a0\u00a0\u00a0\u00a0\u00a0\u00a0 \u00a0\u00a0\u00a0\u00a0\u00a0\u00a0\u00a0\u00a0\u00a0 Below the Radar<\/h4>\n<h4>www.raidiofailte.com\u00a0\u00a0\u00a0\u00a0\u00a0\u00a0\u00a0\u00a0\u00a0\u00a0\u00a0\u00a0\u00a0 Raidi\u00f3 F\u00e1ilte<\/h4>\n<h3><\/h3>\n<h1><u>YOUNG STAR OF THE YEAR AWARD <\/u><\/h1>\n<h4>Stiof\u00e1n \u00d3 Fearail\u00a0\u00a0\u00a0\u00a0\u00a0\u00a0\u00a0\u00a0\u00a0\u00a0\u00a0\u00a0\u00a0\u00a0\u00a0\u00a0\u00a0\u00a0\u00a0\u00a0\u00a0\u00a0\u00a0\u00a0 Seo Linn\/Cleas Act TG4<\/h4>\n<h4>Sin\u00e9ad N\u00ed Uallach\u00e1in\u00a0\u00a0\u00a0\u00a0\u00a0\u00a0\u00a0\u00a0\u00a0\u00a0\u00a0\u00a0\u00a0\u00a0\u00a0\u00a0\u00a0\u00a0\u00a0 RT\u00c9 Raidi\u00f3 na Gaeltachta<\/h4>\n<h4>Fiona N\u00ed Fhlaithearta \u00a0\u00a0\u00a0\u00a0\u00a0\u00a0\u00a0\u00a0\u00a0\u00a0\u00a0\u00a0\u00a0\u00a0\u00a0\u00a0\u00a0\u00a0\u00a0\u00a0\u00a0\u00a0\u00a0\u00a0\u00a0\u00a0\u00a0 TG4<\/h4>\n<h4>Lisa Madden \u00a0\u00a0\u00a0\u00a0\u00a0\u00a0\u00a0\u00a0\u00a0\u00a0\u00a0\u00a0\u00a0\u00a0\u00a0\u00a0\u00a0\u00a0\u00a0\u00a0\u00a0\u00a0\u00a0\u00a0\u00a0\u00a0\u00a0\u00a0\u00a0 Iriseoir\/l\u00e1ithreoir Neamhsple\u00e1ch<\/h4>\n<h4>Miche\u00e1l \u00d3 Ciaraidh \u00a0\u00a0\u00a0\u00a0\u00a0\u00a0\u00a0\u00a0\u00a0\u00a0\u00a0\u00a0\u00a0\u00a0\u00a0\u00a0\u00a0\u00a0\u00a0\u00a0 C\u00fala 4<\/h4>\n<h4>Edel N\u00ed Churraoin \u00a0\u00a0\u00a0\u00a0\u00a0\u00a0\u00a0\u00a0\u00a0\u00a0\u00a0\u00a0\u00a0\u00a0\u00a0\u00a0\u00a0\u00a0\u00a0\u00a0\u00a0\u00a0 Raidi\u00f3 F\u00e1ilte<\/h4>\n<p><span>\u00a0<\/span><\/p>\n","protected":false},"excerpt":{"rendered":"<p>Seo Linn\u2019s Stiof\u00e1n \u00d3 Fearail is a rising star at Irish language Media Awards Seo Linn\u2019s lead singer, Stiof\u00e1n \u00d3 Fearail, who stunned the audience at the recent RT\u00c9 Centenary show on Easter Monday, broadcaster Bl\u00e1thnaid N\u00ed Chofaigh and journalist Cathal Mac Coille are amongst the nominees for this year\u2019s Oireachtas Media Awards which will [&hellip;]<\/p>\n","protected":false},"author":4,"featured_media":0,"parent":6901,"menu_order":13,"comment_status":"closed","ping_status":"closed","template":"page-templates\/template-pr.php","meta":{"_acf_changed":false,"footnotes":""},"acf":[],"yoast_head":"<!-- This site is optimized with the Yoast SEO plugin v22.6 - https:\/\/yoast.com\/wordpress\/plugins\/seo\/ -->\n<title>05.04.16 - TG4<\/title>\n<meta name=\"robots\" content=\"index, follow, max-snippet:-1, max-image-preview:large, max-video-preview:-1\" \/>\n<meta property=\"og:locale\" content=\"en_US\" \/>\n<meta property=\"og:type\" content=\"article\" \/>\n<meta property=\"og:title\" content=\"05.04.16 - TG4\" \/>\n<meta property=\"og:description\" content=\"Seo Linn\u2019s Stiof\u00e1n \u00d3 Fearail is a rising star at Irish language Media Awards Seo Linn\u2019s lead singer, Stiof\u00e1n \u00d3 Fearail, who stunned the audience at the recent RT\u00c9 Centenary show on Easter Monday, broadcaster Bl\u00e1thnaid N\u00ed Chofaigh and journalist Cathal Mac Coille are amongst the nominees for this year\u2019s Oireachtas Media Awards which will [&hellip;]\" \/>\n<meta property=\"og:url\" content=\"https:\/\/dev.tg4.ie\/en\/information\/press\/press-releases\/2016-2\/05-04-16\/\" \/>\n<meta property=\"og:site_name\" content=\"TG4\" \/>\n<meta property=\"article:publisher\" content=\"https:\/\/www.facebook.com\/TG4TV\" \/>\n<meta property=\"article:modified_time\" content=\"2019-06-24T15:23:17+00:00\" \/>\n<meta property=\"og:image\" content=\"https:\/\/tg4-docs.s3.amazonaws.com\/wp-content\/uploads\/2024\/11\/18151812\/TG4_2024_corcra_teal_1-1920x1080-1.jpg\" \/>\n\t<meta property=\"og:image:width\" content=\"1920\" \/>\n\t<meta property=\"og:image:height\" content=\"1080\" \/>\n\t<meta property=\"og:image:type\" content=\"image\/jpeg\" \/>\n<meta name=\"twitter:card\" content=\"summary_large_image\" \/>\n<meta name=\"twitter:site\" content=\"@TG4TV\" \/>\n<meta name=\"twitter:label1\" content=\"Est. reading time\" \/>\n\t<meta name=\"twitter:data1\" content=\"4 minutes\" \/>\n<script type=\"application\/ld+json\" class=\"yoast-schema-graph\">{\"@context\":\"https:\/\/schema.org\",\"@graph\":[{\"@type\":\"WebPage\",\"@id\":\"https:\/\/dev.tg4.ie\/en\/information\/press\/press-releases\/2016-2\/05-04-16\/\",\"url\":\"https:\/\/dev.tg4.ie\/en\/information\/press\/press-releases\/2016-2\/05-04-16\/\",\"name\":\"05.04.16 - TG4\",\"isPartOf\":{\"@id\":\"https:\/\/dev.tg4.ie\/en\/#website\"},\"datePublished\":\"2016-04-05T15:25:14+00:00\",\"dateModified\":\"2019-06-24T15:23:17+00:00\",\"breadcrumb\":{\"@id\":\"https:\/\/dev.tg4.ie\/en\/information\/press\/press-releases\/2016-2\/05-04-16\/#breadcrumb\"},\"inLanguage\":\"en-ie\",\"potentialAction\":[{\"@type\":\"ReadAction\",\"target\":[\"https:\/\/dev.tg4.ie\/en\/information\/press\/press-releases\/2016-2\/05-04-16\/\"]}]},{\"@type\":\"BreadcrumbList\",\"@id\":\"https:\/\/dev.tg4.ie\/en\/information\/press\/press-releases\/2016-2\/05-04-16\/#breadcrumb\",\"itemListElement\":[{\"@type\":\"ListItem\",\"position\":1,\"name\":\"Home\",\"item\":\"https:\/\/dev.tg4.ie\/en\/\"},{\"@type\":\"ListItem\",\"position\":2,\"name\":\"Information\",\"item\":\"https:\/\/dev.tg4.ie\/en\/information\/\"},{\"@type\":\"ListItem\",\"position\":3,\"name\":\"Press\",\"item\":\"https:\/\/dev.tg4.ie\/en\/information\/press\/\"},{\"@type\":\"ListItem\",\"position\":4,\"name\":\"Press Releases\",\"item\":\"https:\/\/dev.tg4.ie\/en\/information\/press\/press-releases\/\"},{\"@type\":\"ListItem\",\"position\":5,\"name\":\"2016\",\"item\":\"https:\/\/dev.tg4.ie\/en\/information\/press\/press-releases\/2016-2\/\"},{\"@type\":\"ListItem\",\"position\":6,\"name\":\"05.04.16\"}]},{\"@type\":\"WebSite\",\"@id\":\"https:\/\/dev.tg4.ie\/en\/#website\",\"url\":\"https:\/\/dev.tg4.ie\/en\/\",\"name\":\"TG4\",\"description\":\"S\u00fail Eile\",\"potentialAction\":[{\"@type\":\"SearchAction\",\"target\":{\"@type\":\"EntryPoint\",\"urlTemplate\":\"https:\/\/dev.tg4.ie\/en\/?s={search_term_string}\"},\"query-input\":\"required name=search_term_string\"}],\"inLanguage\":\"en-ie\"}]}<\/script>\n<!-- \/ Yoast SEO plugin. -->","yoast_head_json":{"title":"05.04.16 - TG4","robots":{"index":"index","follow":"follow","max-snippet":"max-snippet:-1","max-image-preview":"max-image-preview:large","max-video-preview":"max-video-preview:-1"},"og_locale":"en_US","og_type":"article","og_title":"05.04.16 - TG4","og_description":"Seo Linn\u2019s Stiof\u00e1n \u00d3 Fearail is a rising star at Irish language Media Awards Seo Linn\u2019s lead singer, Stiof\u00e1n \u00d3 Fearail, who stunned the audience at the recent RT\u00c9 Centenary show on Easter Monday, broadcaster Bl\u00e1thnaid N\u00ed Chofaigh and journalist Cathal Mac Coille are amongst the nominees for this year\u2019s Oireachtas Media Awards which will [&hellip;]","og_url":"https:\/\/dev.tg4.ie\/en\/information\/press\/press-releases\/2016-2\/05-04-16\/","og_site_name":"TG4","article_publisher":"https:\/\/www.facebook.com\/TG4TV","article_modified_time":"2019-06-24T15:23:17+00:00","og_image":[{"width":1920,"height":1080,"url":"https:\/\/tg4-docs.s3.amazonaws.com\/wp-content\/uploads\/2024\/11\/18151812\/TG4_2024_corcra_teal_1-1920x1080-1.jpg","type":"image\/jpeg"}],"twitter_card":"summary_large_image","twitter_site":"@TG4TV","twitter_misc":{"Est. reading time":"4 minutes"},"schema":{"@context":"https:\/\/schema.org","@graph":[{"@type":"WebPage","@id":"https:\/\/dev.tg4.ie\/en\/information\/press\/press-releases\/2016-2\/05-04-16\/","url":"https:\/\/dev.tg4.ie\/en\/information\/press\/press-releases\/2016-2\/05-04-16\/","name":"05.04.16 - TG4","isPartOf":{"@id":"https:\/\/dev.tg4.ie\/en\/#website"},"datePublished":"2016-04-05T15:25:14+00:00","dateModified":"2019-06-24T15:23:17+00:00","breadcrumb":{"@id":"https:\/\/dev.tg4.ie\/en\/information\/press\/press-releases\/2016-2\/05-04-16\/#breadcrumb"},"inLanguage":"en-ie","potentialAction":[{"@type":"ReadAction","target":["https:\/\/dev.tg4.ie\/en\/information\/press\/press-releases\/2016-2\/05-04-16\/"]}]},{"@type":"BreadcrumbList","@id":"https:\/\/dev.tg4.ie\/en\/information\/press\/press-releases\/2016-2\/05-04-16\/#breadcrumb","itemListElement":[{"@type":"ListItem","position":1,"name":"Home","item":"https:\/\/dev.tg4.ie\/en\/"},{"@type":"ListItem","position":2,"name":"Information","item":"https:\/\/dev.tg4.ie\/en\/information\/"},{"@type":"ListItem","position":3,"name":"Press","item":"https:\/\/dev.tg4.ie\/en\/information\/press\/"},{"@type":"ListItem","position":4,"name":"Press Releases","item":"https:\/\/dev.tg4.ie\/en\/information\/press\/press-releases\/"},{"@type":"ListItem","position":5,"name":"2016","item":"https:\/\/dev.tg4.ie\/en\/information\/press\/press-releases\/2016-2\/"},{"@type":"ListItem","position":6,"name":"05.04.16"}]},{"@type":"WebSite","@id":"https:\/\/dev.tg4.ie\/en\/#website","url":"https:\/\/dev.tg4.ie\/en\/","name":"TG4","description":"S\u00fail Eile","potentialAction":[{"@type":"SearchAction","target":{"@type":"EntryPoint","urlTemplate":"https:\/\/dev.tg4.ie\/en\/?s={search_term_string}"},"query-input":"required name=search_term_string"}],"inLanguage":"en-ie"}]}},"_links":{"self":[{"href":"https:\/\/dev.tg4.ie\/en\/wp-json\/wp\/v2\/pages\/16293"}],"collection":[{"href":"https:\/\/dev.tg4.ie\/en\/wp-json\/wp\/v2\/pages"}],"about":[{"href":"https:\/\/dev.tg4.ie\/en\/wp-json\/wp\/v2\/types\/page"}],"author":[{"embeddable":true,"href":"https:\/\/dev.tg4.ie\/en\/wp-json\/wp\/v2\/users\/4"}],"replies":[{"embeddable":true,"href":"https:\/\/dev.tg4.ie\/en\/wp-json\/wp\/v2\/comments?post=16293"}],"version-history":[{"count":0,"href":"https:\/\/dev.tg4.ie\/en\/wp-json\/wp\/v2\/pages\/16293\/revisions"}],"up":[{"embeddable":true,"href":"https:\/\/dev.tg4.ie\/en\/wp-json\/wp\/v2\/pages\/6901"}],"wp:attachment":[{"href":"https:\/\/dev.tg4.ie\/en\/wp-json\/wp\/v2\/media?parent=16293"}],"curies":[{"name":"wp","href":"https:\/\/api.w.org\/{rel}","templated":true}]}}