{"id":1632,"date":"2015-08-20T14:25:28","date_gmt":"2015-08-20T13:25:28","guid":{"rendered":"https:\/\/dev.tg4.ie\/?page_id=1632"},"modified":"2019-10-22T15:13:53","modified_gmt":"2019-10-22T14:13:53","slug":"2002-2","status":"publish","type":"page","link":"https:\/\/dev.tg4.ie\/en\/information\/awards\/2002-2\/","title":{"rendered":"2002"},"content":{"rendered":"<h1>2002<\/h1>\n<p><strong>Liam \u00d3 Flaithearta &#8211; Idir Dh\u00e1 Theanga<\/strong><br \/>\nThird Place, Irish Short Film<br \/>\nGalway Film Fleadh 2002<\/p>\n<p><strong>\u00c9ireville<\/strong><br \/>\nBest Short Film<br \/>\nCork International Film Festival 2002<br \/>\nThird Place<br \/>\nIrish Short Film<br \/>\nGalway Film Fleadh 2002<\/p>\n<p><strong>P\u00e1draig &amp; Nadia<\/strong><br \/>\nWinner: Irish Short Film<br \/>\nGalway Film Fleadh 2002<\/p>\n<p><strong>An T\u00e9 Nach bhfuil L\u00e1idir<\/strong><br \/>\nSecond Place: Irish Short Film<br \/>\nGalway Film Fleadh 2002<\/p>\n<p><strong>Laochra Gael &#8211; Eddie Keher<\/strong><br \/>\nSecond Place: Short Documentary<br \/>\nGalway Film Fleadh 2002<\/p>\n<p><strong>Shackleton and Scott<\/strong><br \/>\nGold: Special Jury Award<br \/>\nWorldfest Houston 2002<\/p>\n<p><strong>\u00c1r Dover F\u00e9in<\/strong><br \/>\nWinner: John Healy Prize 2002<\/p>\n<p><strong>Tom\u00e1s Jimmy Mac Eoin: Se\u00f3 Aonair<\/strong><br \/>\nShortlisted for Spirit of the Festival Award and Shortlisted for the Factual Documentary Award<br \/>\nInternational Celtic Film and Television Festival 2002<\/p>\n<p><strong>Caip\u00edn\u00ed<\/strong><br \/>\nShortlisted for Spirit of the Festival Award, and Shortlisted for the Arts Documentary Award<br \/>\nInternational Celtic Film and Television Festival 2002<\/p>\n<p><strong>If I should fall from Grace: The Shane McGowan Story<\/strong><br \/>\nShortlisted for the Film Documentary Award<br \/>\nInternational Celtic Film and Television Festival 2002<\/p>\n<p><strong>Gaeil i gC\u00e9in &#8211; Sorcha<\/strong><br \/>\nJoint Second Place<br \/>\nRadharc Award 2002<\/p>\n","protected":false},"excerpt":{"rendered":"<p>2002 Liam \u00d3 Flaithearta &#8211; Idir Dh\u00e1 Theanga Third Place, Irish Short Film Galway Film Fleadh 2002 \u00c9ireville Best Short Film Cork International Film Festival 2002 Third Place Irish Short Film Galway Film Fleadh 2002 P\u00e1draig &amp; Nadia Winner: Irish Short Film Galway Film Fleadh 2002 An T\u00e9 Nach bhfuil L\u00e1idir Second Place: Irish Short [&hellip;]<\/p>\n","protected":false},"author":6,"featured_media":0,"parent":1217,"menu_order":5,"comment_status":"closed","ping_status":"closed","template":"page-templates\/template-corporate.php","meta":{"_acf_changed":false,"footnotes":""},"acf":[],"yoast_head":"<!-- This site is optimized with the Yoast SEO plugin v22.6 - https:\/\/yoast.com\/wordpress\/plugins\/seo\/ -->\n<title>2002 - TG4<\/title>\n<meta name=\"robots\" content=\"index, follow, max-snippet:-1, max-image-preview:large, max-video-preview:-1\" \/>\n<meta property=\"og:locale\" content=\"en_US\" \/>\n<meta property=\"og:type\" content=\"article\" \/>\n<meta property=\"og:title\" content=\"2002 - TG4\" \/>\n<meta property=\"og:description\" content=\"2002 Liam \u00d3 Flaithearta &#8211; Idir Dh\u00e1 Theanga Third Place, Irish Short Film Galway Film Fleadh 2002 \u00c9ireville Best Short Film Cork International Film Festival 2002 Third Place Irish Short Film Galway Film Fleadh 2002 P\u00e1draig &amp; Nadia Winner: Irish Short Film Galway Film Fleadh 2002 An T\u00e9 Nach bhfuil L\u00e1idir Second Place: Irish Short [&hellip;]\" \/>\n<meta property=\"og:url\" content=\"https:\/\/dev.tg4.ie\/en\/information\/awards\/2002-2\/\" \/>\n<meta property=\"og:site_name\" content=\"TG4\" \/>\n<meta property=\"article:publisher\" content=\"https:\/\/www.facebook.com\/TG4TV\" \/>\n<meta property=\"article:modified_time\" content=\"2019-10-22T14:13:53+00:00\" \/>\n<meta property=\"og:image\" content=\"https:\/\/tg4-docs.s3.amazonaws.com\/wp-content\/uploads\/2024\/11\/18151812\/TG4_2024_corcra_teal_1-1920x1080-1.jpg\" \/>\n\t<meta property=\"og:image:width\" content=\"1920\" \/>\n\t<meta property=\"og:image:height\" content=\"1080\" \/>\n\t<meta property=\"og:image:type\" content=\"image\/jpeg\" \/>\n<meta name=\"twitter:card\" content=\"summary_large_image\" \/>\n<meta name=\"twitter:site\" content=\"@TG4TV\" \/>\n<meta name=\"twitter:label1\" content=\"Est. reading time\" \/>\n\t<meta name=\"twitter:data1\" content=\"1 minute\" \/>\n<script type=\"application\/ld+json\" class=\"yoast-schema-graph\">{\"@context\":\"https:\/\/schema.org\",\"@graph\":[{\"@type\":\"WebPage\",\"@id\":\"https:\/\/dev.tg4.ie\/en\/information\/awards\/2002-2\/\",\"url\":\"https:\/\/dev.tg4.ie\/en\/information\/awards\/2002-2\/\",\"name\":\"2002 - TG4\",\"isPartOf\":{\"@id\":\"https:\/\/dev.tg4.ie\/en\/#website\"},\"datePublished\":\"2015-08-20T13:25:28+00:00\",\"dateModified\":\"2019-10-22T14:13:53+00:00\",\"breadcrumb\":{\"@id\":\"https:\/\/dev.tg4.ie\/en\/information\/awards\/2002-2\/#breadcrumb\"},\"inLanguage\":\"en-ie\",\"potentialAction\":[{\"@type\":\"ReadAction\",\"target\":[\"https:\/\/dev.tg4.ie\/en\/information\/awards\/2002-2\/\"]}]},{\"@type\":\"BreadcrumbList\",\"@id\":\"https:\/\/dev.tg4.ie\/en\/information\/awards\/2002-2\/#breadcrumb\",\"itemListElement\":[{\"@type\":\"ListItem\",\"position\":1,\"name\":\"Home\",\"item\":\"https:\/\/dev.tg4.ie\/en\/\"},{\"@type\":\"ListItem\",\"position\":2,\"name\":\"Information\",\"item\":\"https:\/\/dev.tg4.ie\/en\/information\/\"},{\"@type\":\"ListItem\",\"position\":3,\"name\":\"Awards\",\"item\":\"https:\/\/dev.tg4.ie\/en\/information\/awards\/\"},{\"@type\":\"ListItem\",\"position\":4,\"name\":\"2002\"}]},{\"@type\":\"WebSite\",\"@id\":\"https:\/\/dev.tg4.ie\/en\/#website\",\"url\":\"https:\/\/dev.tg4.ie\/en\/\",\"name\":\"TG4\",\"description\":\"S\u00fail Eile\",\"potentialAction\":[{\"@type\":\"SearchAction\",\"target\":{\"@type\":\"EntryPoint\",\"urlTemplate\":\"https:\/\/dev.tg4.ie\/en\/?s={search_term_string}\"},\"query-input\":\"required name=search_term_string\"}],\"inLanguage\":\"en-ie\"}]}<\/script>\n<!-- \/ Yoast SEO plugin. -->","yoast_head_json":{"title":"2002 - TG4","robots":{"index":"index","follow":"follow","max-snippet":"max-snippet:-1","max-image-preview":"max-image-preview:large","max-video-preview":"max-video-preview:-1"},"og_locale":"en_US","og_type":"article","og_title":"2002 - TG4","og_description":"2002 Liam \u00d3 Flaithearta &#8211; Idir Dh\u00e1 Theanga Third Place, Irish Short Film Galway Film Fleadh 2002 \u00c9ireville Best Short Film Cork International Film Festival 2002 Third Place Irish Short Film Galway Film Fleadh 2002 P\u00e1draig &amp; Nadia Winner: Irish Short Film Galway Film Fleadh 2002 An T\u00e9 Nach bhfuil L\u00e1idir Second Place: Irish Short [&hellip;]","og_url":"https:\/\/dev.tg4.ie\/en\/information\/awards\/2002-2\/","og_site_name":"TG4","article_publisher":"https:\/\/www.facebook.com\/TG4TV","article_modified_time":"2019-10-22T14:13:53+00:00","og_image":[{"width":1920,"height":1080,"url":"https:\/\/tg4-docs.s3.amazonaws.com\/wp-content\/uploads\/2024\/11\/18151812\/TG4_2024_corcra_teal_1-1920x1080-1.jpg","type":"image\/jpeg"}],"twitter_card":"summary_large_image","twitter_site":"@TG4TV","twitter_misc":{"Est. reading time":"1 minute"},"schema":{"@context":"https:\/\/schema.org","@graph":[{"@type":"WebPage","@id":"https:\/\/dev.tg4.ie\/en\/information\/awards\/2002-2\/","url":"https:\/\/dev.tg4.ie\/en\/information\/awards\/2002-2\/","name":"2002 - TG4","isPartOf":{"@id":"https:\/\/dev.tg4.ie\/en\/#website"},"datePublished":"2015-08-20T13:25:28+00:00","dateModified":"2019-10-22T14:13:53+00:00","breadcrumb":{"@id":"https:\/\/dev.tg4.ie\/en\/information\/awards\/2002-2\/#breadcrumb"},"inLanguage":"en-ie","potentialAction":[{"@type":"ReadAction","target":["https:\/\/dev.tg4.ie\/en\/information\/awards\/2002-2\/"]}]},{"@type":"BreadcrumbList","@id":"https:\/\/dev.tg4.ie\/en\/information\/awards\/2002-2\/#breadcrumb","itemListElement":[{"@type":"ListItem","position":1,"name":"Home","item":"https:\/\/dev.tg4.ie\/en\/"},{"@type":"ListItem","position":2,"name":"Information","item":"https:\/\/dev.tg4.ie\/en\/information\/"},{"@type":"ListItem","position":3,"name":"Awards","item":"https:\/\/dev.tg4.ie\/en\/information\/awards\/"},{"@type":"ListItem","position":4,"name":"2002"}]},{"@type":"WebSite","@id":"https:\/\/dev.tg4.ie\/en\/#website","url":"https:\/\/dev.tg4.ie\/en\/","name":"TG4","description":"S\u00fail Eile","potentialAction":[{"@type":"SearchAction","target":{"@type":"EntryPoint","urlTemplate":"https:\/\/dev.tg4.ie\/en\/?s={search_term_string}"},"query-input":"required name=search_term_string"}],"inLanguage":"en-ie"}]}},"_links":{"self":[{"href":"https:\/\/dev.tg4.ie\/en\/wp-json\/wp\/v2\/pages\/1632"}],"collection":[{"href":"https:\/\/dev.tg4.ie\/en\/wp-json\/wp\/v2\/pages"}],"about":[{"href":"https:\/\/dev.tg4.ie\/en\/wp-json\/wp\/v2\/types\/page"}],"author":[{"embeddable":true,"href":"https:\/\/dev.tg4.ie\/en\/wp-json\/wp\/v2\/users\/6"}],"replies":[{"embeddable":true,"href":"https:\/\/dev.tg4.ie\/en\/wp-json\/wp\/v2\/comments?post=1632"}],"version-history":[{"count":0,"href":"https:\/\/dev.tg4.ie\/en\/wp-json\/wp\/v2\/pages\/1632\/revisions"}],"up":[{"embeddable":true,"href":"https:\/\/dev.tg4.ie\/en\/wp-json\/wp\/v2\/pages\/1217"}],"wp:attachment":[{"href":"https:\/\/dev.tg4.ie\/en\/wp-json\/wp\/v2\/media?parent=1632"}],"curies":[{"name":"wp","href":"https:\/\/api.w.org\/{rel}","templated":true}]}}