{"id":1652,"date":"2015-08-20T15:15:02","date_gmt":"2015-08-20T14:15:02","guid":{"rendered":"https:\/\/dev.tg4.ie\/?page_id=1652"},"modified":"2019-10-22T15:10:48","modified_gmt":"2019-10-22T14:10:48","slug":"1999-2","status":"publish","type":"page","link":"https:\/\/dev.tg4.ie\/en\/information\/awards\/1999-2\/","title":{"rendered":"1999"},"content":{"rendered":"<h1>1999<\/h1>\n<p><strong>Michael Hartnett &#8211; Muince Dreoil\u00edn<\/strong><br \/>\nBronze Award: Documentary (Biography)<br \/>\nWorldfest Houston 1999<br \/>\nNomination &#8211; Best Documentary<br \/>\nYorkton Short Film &amp; Video Festival \/ The Golden Sheaf Awards 1999<\/p>\n<p><strong>Rotha M\u00f3r an tSaoil<\/strong><br \/>\nNomination &#8211; Documentary<br \/>\nYorkton Short Film &amp; Video Festival \/ The Golden Sheaf Awards 1999<br \/>\nShortlisted Finalist &#8211; Documentary<br \/>\nWorldfest Houston 1999<br \/>\nWinner: Best Documentary in Irish<br \/>\nIrish Film and Television Academy<\/p>\n<p><strong>Pl\u00e9ar\u00e1ca Ph\u00e1draig &#8211; L\u2019Heritage des Celtes<\/strong><br \/>\nSilver Award: Stage &amp; Concert Performance<br \/>\nWorldfest Houston 1999<\/p>\n<p><strong>An Bealach \u00d3 Dheas<\/strong><br \/>\nShortlisted Finalist &#8211; Documentary<br \/>\nWorldfest Houston 1999<\/p>\n<p><strong>\u00c9al\u00fa \u00d3 Antartica<\/strong><br \/>\nShortlisted Finalist &#8211; Documentary<br \/>\nWorldfest Flagstaff 1998<\/p>\n<p><strong>Sc\u00e9alta \u00d3 Theach na mBocht<\/strong><br \/>\nNomination: Banff Rockie Award for Performance<br \/>\nBanff TV Festival 1999<br \/>\nSecond Place<br \/>\nSilver Screen Awards, Chicago<\/p>\n<p><strong>C\u00e9n F\u00e1th?<\/strong><br \/>\nWinner: Best Actor<br \/>\nCiak Junior International Film Festival 1999 (Alexandra College)<\/p>\n<p><strong>I gCill\u00edn an Bh\u00e1is<\/strong><br \/>\nSpecial Commendation for Documentary:<br \/>\nPrix Circom, European Regional Television 1999<\/p>\n<p><strong>Lipservice<\/strong><br \/>\nWinner: Short Drama<br \/>\nInternational Celtic Film and Television Festival 1999<br \/>\nShortlisted: Spirit of the Festival Award<br \/>\nInternational Celtic Film and Television Festival 1999<br \/>\nWinner: Best Short Film 1999<br \/>\nIrish Film and Television Academy<\/p>\n","protected":false},"excerpt":{"rendered":"<p>1999 Michael Hartnett &#8211; Muince Dreoil\u00edn Bronze Award: Documentary (Biography) Worldfest Houston 1999 Nomination &#8211; Best Documentary Yorkton Short Film &amp; Video Festival \/ The Golden Sheaf Awards 1999 Rotha M\u00f3r an tSaoil Nomination &#8211; Documentary Yorkton Short Film &amp; Video Festival \/ The Golden Sheaf Awards 1999 Shortlisted Finalist &#8211; Documentary Worldfest Houston 1999 [&hellip;]<\/p>\n","protected":false},"author":6,"featured_media":0,"parent":1217,"menu_order":2,"comment_status":"closed","ping_status":"closed","template":"page-templates\/template-corporate.php","meta":{"_acf_changed":false,"footnotes":""},"acf":[],"yoast_head":"<!-- This site is optimized with the Yoast SEO plugin v22.6 - https:\/\/yoast.com\/wordpress\/plugins\/seo\/ -->\n<title>1999 - TG4<\/title>\n<meta name=\"robots\" content=\"index, follow, max-snippet:-1, max-image-preview:large, max-video-preview:-1\" \/>\n<meta property=\"og:locale\" content=\"en_US\" \/>\n<meta property=\"og:type\" content=\"article\" \/>\n<meta property=\"og:title\" content=\"1999 - TG4\" \/>\n<meta property=\"og:description\" content=\"1999 Michael Hartnett &#8211; Muince Dreoil\u00edn Bronze Award: Documentary (Biography) Worldfest Houston 1999 Nomination &#8211; Best Documentary Yorkton Short Film &amp; Video Festival \/ The Golden Sheaf Awards 1999 Rotha M\u00f3r an tSaoil Nomination &#8211; Documentary Yorkton Short Film &amp; Video Festival \/ The Golden Sheaf Awards 1999 Shortlisted Finalist &#8211; Documentary Worldfest Houston 1999 [&hellip;]\" \/>\n<meta property=\"og:url\" content=\"https:\/\/dev.tg4.ie\/en\/information\/awards\/1999-2\/\" \/>\n<meta property=\"og:site_name\" content=\"TG4\" \/>\n<meta property=\"article:publisher\" content=\"https:\/\/www.facebook.com\/TG4TV\" \/>\n<meta property=\"article:modified_time\" content=\"2019-10-22T14:10:48+00:00\" \/>\n<meta property=\"og:image\" content=\"https:\/\/tg4-docs.s3.amazonaws.com\/wp-content\/uploads\/2024\/11\/18151812\/TG4_2024_corcra_teal_1-1920x1080-1.jpg\" \/>\n\t<meta property=\"og:image:width\" content=\"1920\" \/>\n\t<meta property=\"og:image:height\" content=\"1080\" \/>\n\t<meta property=\"og:image:type\" content=\"image\/jpeg\" \/>\n<meta name=\"twitter:card\" content=\"summary_large_image\" \/>\n<meta name=\"twitter:site\" content=\"@TG4TV\" \/>\n<meta name=\"twitter:label1\" content=\"Est. reading time\" \/>\n\t<meta name=\"twitter:data1\" content=\"1 minute\" \/>\n<script type=\"application\/ld+json\" class=\"yoast-schema-graph\">{\"@context\":\"https:\/\/schema.org\",\"@graph\":[{\"@type\":\"WebPage\",\"@id\":\"https:\/\/dev.tg4.ie\/en\/information\/awards\/1999-2\/\",\"url\":\"https:\/\/dev.tg4.ie\/en\/information\/awards\/1999-2\/\",\"name\":\"1999 - TG4\",\"isPartOf\":{\"@id\":\"https:\/\/dev.tg4.ie\/en\/#website\"},\"datePublished\":\"2015-08-20T14:15:02+00:00\",\"dateModified\":\"2019-10-22T14:10:48+00:00\",\"breadcrumb\":{\"@id\":\"https:\/\/dev.tg4.ie\/en\/information\/awards\/1999-2\/#breadcrumb\"},\"inLanguage\":\"en-ie\",\"potentialAction\":[{\"@type\":\"ReadAction\",\"target\":[\"https:\/\/dev.tg4.ie\/en\/information\/awards\/1999-2\/\"]}]},{\"@type\":\"BreadcrumbList\",\"@id\":\"https:\/\/dev.tg4.ie\/en\/information\/awards\/1999-2\/#breadcrumb\",\"itemListElement\":[{\"@type\":\"ListItem\",\"position\":1,\"name\":\"Home\",\"item\":\"https:\/\/dev.tg4.ie\/en\/\"},{\"@type\":\"ListItem\",\"position\":2,\"name\":\"Information\",\"item\":\"https:\/\/dev.tg4.ie\/en\/information\/\"},{\"@type\":\"ListItem\",\"position\":3,\"name\":\"Awards\",\"item\":\"https:\/\/dev.tg4.ie\/en\/information\/awards\/\"},{\"@type\":\"ListItem\",\"position\":4,\"name\":\"1999\"}]},{\"@type\":\"WebSite\",\"@id\":\"https:\/\/dev.tg4.ie\/en\/#website\",\"url\":\"https:\/\/dev.tg4.ie\/en\/\",\"name\":\"TG4\",\"description\":\"S\u00fail Eile\",\"potentialAction\":[{\"@type\":\"SearchAction\",\"target\":{\"@type\":\"EntryPoint\",\"urlTemplate\":\"https:\/\/dev.tg4.ie\/en\/?s={search_term_string}\"},\"query-input\":\"required name=search_term_string\"}],\"inLanguage\":\"en-ie\"}]}<\/script>\n<!-- \/ Yoast SEO plugin. -->","yoast_head_json":{"title":"1999 - TG4","robots":{"index":"index","follow":"follow","max-snippet":"max-snippet:-1","max-image-preview":"max-image-preview:large","max-video-preview":"max-video-preview:-1"},"og_locale":"en_US","og_type":"article","og_title":"1999 - TG4","og_description":"1999 Michael Hartnett &#8211; Muince Dreoil\u00edn Bronze Award: Documentary (Biography) Worldfest Houston 1999 Nomination &#8211; Best Documentary Yorkton Short Film &amp; Video Festival \/ The Golden Sheaf Awards 1999 Rotha M\u00f3r an tSaoil Nomination &#8211; Documentary Yorkton Short Film &amp; Video Festival \/ The Golden Sheaf Awards 1999 Shortlisted Finalist &#8211; Documentary Worldfest Houston 1999 [&hellip;]","og_url":"https:\/\/dev.tg4.ie\/en\/information\/awards\/1999-2\/","og_site_name":"TG4","article_publisher":"https:\/\/www.facebook.com\/TG4TV","article_modified_time":"2019-10-22T14:10:48+00:00","og_image":[{"width":1920,"height":1080,"url":"https:\/\/tg4-docs.s3.amazonaws.com\/wp-content\/uploads\/2024\/11\/18151812\/TG4_2024_corcra_teal_1-1920x1080-1.jpg","type":"image\/jpeg"}],"twitter_card":"summary_large_image","twitter_site":"@TG4TV","twitter_misc":{"Est. reading time":"1 minute"},"schema":{"@context":"https:\/\/schema.org","@graph":[{"@type":"WebPage","@id":"https:\/\/dev.tg4.ie\/en\/information\/awards\/1999-2\/","url":"https:\/\/dev.tg4.ie\/en\/information\/awards\/1999-2\/","name":"1999 - TG4","isPartOf":{"@id":"https:\/\/dev.tg4.ie\/en\/#website"},"datePublished":"2015-08-20T14:15:02+00:00","dateModified":"2019-10-22T14:10:48+00:00","breadcrumb":{"@id":"https:\/\/dev.tg4.ie\/en\/information\/awards\/1999-2\/#breadcrumb"},"inLanguage":"en-ie","potentialAction":[{"@type":"ReadAction","target":["https:\/\/dev.tg4.ie\/en\/information\/awards\/1999-2\/"]}]},{"@type":"BreadcrumbList","@id":"https:\/\/dev.tg4.ie\/en\/information\/awards\/1999-2\/#breadcrumb","itemListElement":[{"@type":"ListItem","position":1,"name":"Home","item":"https:\/\/dev.tg4.ie\/en\/"},{"@type":"ListItem","position":2,"name":"Information","item":"https:\/\/dev.tg4.ie\/en\/information\/"},{"@type":"ListItem","position":3,"name":"Awards","item":"https:\/\/dev.tg4.ie\/en\/information\/awards\/"},{"@type":"ListItem","position":4,"name":"1999"}]},{"@type":"WebSite","@id":"https:\/\/dev.tg4.ie\/en\/#website","url":"https:\/\/dev.tg4.ie\/en\/","name":"TG4","description":"S\u00fail Eile","potentialAction":[{"@type":"SearchAction","target":{"@type":"EntryPoint","urlTemplate":"https:\/\/dev.tg4.ie\/en\/?s={search_term_string}"},"query-input":"required name=search_term_string"}],"inLanguage":"en-ie"}]}},"_links":{"self":[{"href":"https:\/\/dev.tg4.ie\/en\/wp-json\/wp\/v2\/pages\/1652"}],"collection":[{"href":"https:\/\/dev.tg4.ie\/en\/wp-json\/wp\/v2\/pages"}],"about":[{"href":"https:\/\/dev.tg4.ie\/en\/wp-json\/wp\/v2\/types\/page"}],"author":[{"embeddable":true,"href":"https:\/\/dev.tg4.ie\/en\/wp-json\/wp\/v2\/users\/6"}],"replies":[{"embeddable":true,"href":"https:\/\/dev.tg4.ie\/en\/wp-json\/wp\/v2\/comments?post=1652"}],"version-history":[{"count":0,"href":"https:\/\/dev.tg4.ie\/en\/wp-json\/wp\/v2\/pages\/1652\/revisions"}],"up":[{"embeddable":true,"href":"https:\/\/dev.tg4.ie\/en\/wp-json\/wp\/v2\/pages\/1217"}],"wp:attachment":[{"href":"https:\/\/dev.tg4.ie\/en\/wp-json\/wp\/v2\/media?parent=1652"}],"curies":[{"name":"wp","href":"https:\/\/api.w.org\/{rel}","templated":true}]}}