{"id":16622,"date":"2016-04-14T10:49:43","date_gmt":"2016-04-14T09:49:43","guid":{"rendered":"https:\/\/dev.tg4.ie\/en\/corporate\/press\/press-releases\/2016-2\/05-04-16-2-2\/"},"modified":"2019-06-24T16:25:15","modified_gmt":"2019-06-24T15:25:15","slug":"05-04-16-2-2","status":"publish","type":"page","link":"https:\/\/dev.tg4.ie\/en\/information\/press\/press-releases\/2016-2\/05-04-16-2-2\/","title":{"rendered":"14.04.16"},"content":{"rendered":"<p>This high-concept series is an imaginative alternate take on the events of 1916. Though highly dramatic, the series is filled with heart, humour and insight.<\/p>\n<p><strong>WRECKING THE RISING (\u201c<em>\u00c9IR\u00cd AMACH AM\u00da\u201d)<\/em> <\/strong>is an entertaining TV drama for TG4 with a \u2018twist\u2019, in that it involves real historical events and people. P\u00e1draig Pearse, James Connolly, Michael Collins and others are vividly and arrestingly brought to life, and the viewer will share Tom, Se\u00e1n and Ernest\u2019s wide-eyed amazement as they meet these iconic historical figures in the flesh. What would it be like to live, fight and die alongside them? \u00a0It boasts an impressive ensemble cast including <strong>Peter Coonan<\/strong> (<em>Love\/Hate<\/em>), <strong>Owen McDonnell<\/strong> (<em>Singlehanded<\/em>), <strong>Sean T. \u00d3 Meallaigh<\/strong> (<em>Charlie<\/em>), <strong>Jeanne O\u2019Connor <\/strong>(<em>Sineater<\/em>), <strong>Enda Oates<\/strong> (<em>Moone Boy<\/em>), <strong>Eva Jane Gaffney<\/strong> (<em>What Richard Did<\/em>) and <strong>Olga Wehrly<\/strong> (<em>Dark Touch<\/em>).<\/p>\n<p>It is a hugely ambitious drama series produced for TG4 by Tile Films, one of Ireland\u2019s leading television production companies whose past productions include \u201c<em>Saving the Titanic<\/em>\u201d, a HD feature drama-documentary that won the Best Feature-length Drama at the Celtic Media Festival 2013 and the Gold World Medal Award at the New York Festivals2013, and <em>A Terrible Beauty<\/em>\u201d, a 90min feature drama-documentary and winner of a 2015 IFTA Award.<\/p>\n<p>Producer Stephen Rooke says, \u201c<em>The drama lets viewers witness the events of Easter 1916 from a unique 21st-century perspective. Through the eyes of the characters, we really get a sense of what it was like to live and die on the streets of Dublin in 1916.\u201d<\/em><\/p>\n<p>Director Ru\u00e1n Magan is relishing the opportunity to bring the incisive script to life: \u201c<em>This clever premise gives us a chance to step into the boots of someone who experienced the Rising first-hand, and witness these events from a 21<sup>st<\/sup>-century perspective. It also allows us to the see the Rising\u2019s leaders as living, breathing human beings, with doubts and issues of their own to confront.\u201d<\/em><\/p>\n<p>Writer James Phelan (<em>R\u00e1sa\u00ed na Gaillimhe<\/em>) insists that he did not intend to be irreverent in devising the concept: \u201c<em>I wanted to breathe some life back into historical events that are increasingly set in stone. I don\u2019t see the point of simply reiterating the events of Easter week. The point of any drama is to reinvigorate and reengage. Through a fantastical premise, we can strip the veneer off of the Rising and evoke an exciting seismic week where suddenly everything is up for grabs again<\/em>\u201d.<\/p>\n<p>Miche\u00e1l \u00d3 Meallaigh, TG4\u2019s Commissioning Director, says the project appealed to the channel on a number of counts:\u00a0 \u201c<em>We knew that Irish TV audiences would have many straightforward accounts the Rising in both factual and dramatic formats\u00a0on our own and other channels during the current phase of centenary commemorations.\u00a0 Accordingly,\u00a0we felt\u00a0might be useful (and fun) to also bring a \u2018what if\u2019 perspective to the Rising and to add a bit of spice.\u00a0 We trust our viewers to enjoy the spice and take it with a grain of salt too.\u201d<\/em><\/p>\n<p>The project boasts a stellar crew, including acclaimed editor <strong>Anna Maria O\u2019Flanagan<\/strong> (<em>A Date for Mad Mary<\/em>), production designer <strong>Padraig O\u2019Neill<\/strong> (<em>Adam and Paul<\/em>) and DOP <strong>Colm Whelan <\/strong>(winner for a 2015 IFTA for best cinematography on Tile Films\u2019 <em>A Terrible Beauty<\/em>).<\/p>\n<p><strong>WRECKING THE RISING (\u201c\u00c9IR\u00cd AMACH AM\u00da\u201d) <\/strong>is funded by TG4, the Broadcasting Authority of Ireland\u2019s Sound &amp; Vision III Funding Scheme, and Section 481, Ireland\u2019s Film Tax Corporation Credit. \u00a0The series will be broadcast on TG4 \u00a0in late April 2016 on the exact centenary dates of the Rising.<\/p>\n<p>&nbsp;<\/p>\n<p><strong>TX DATE<br \/>\n<\/strong>EPISODE 1 \u2013 SATURDAY, 23<sup>rd<\/sup> APRIL at 9.30pm ON TG4<br \/>\nEPISODE 2 \u2013 SUNDAY, 24<sup>th<\/sup> APRIL at 9.30pm ON TG4<br \/>\nEPISODE 3 \u2013 MONDAY, 25<sup>th<\/sup> APRIL at 9.30pm ON TG4<\/p>\n","protected":false},"excerpt":{"rendered":"<p>This high-concept series is an imaginative alternate take on the events of 1916. Though highly dramatic, the series is filled with heart, humour and insight. WRECKING THE RISING (\u201c\u00c9IR\u00cd AMACH AM\u00da\u201d) is an entertaining TV drama for TG4 with a \u2018twist\u2019, in that it involves real historical events and people. P\u00e1draig Pearse, James Connolly, Michael [&hellip;]<\/p>\n","protected":false},"author":4,"featured_media":16606,"parent":6901,"menu_order":15,"comment_status":"closed","ping_status":"closed","template":"page-templates\/template-pr.php","meta":{"_acf_changed":false,"footnotes":""},"acf":[],"yoast_head":"<!-- This site is optimized with the Yoast SEO plugin v22.6 - https:\/\/yoast.com\/wordpress\/plugins\/seo\/ -->\n<title>14.04.16 - TG4<\/title>\n<meta name=\"robots\" content=\"index, follow, max-snippet:-1, max-image-preview:large, max-video-preview:-1\" \/>\n<meta property=\"og:locale\" content=\"en_US\" \/>\n<meta property=\"og:type\" content=\"article\" \/>\n<meta property=\"og:title\" content=\"14.04.16 - TG4\" \/>\n<meta property=\"og:description\" content=\"This high-concept series is an imaginative alternate take on the events of 1916. Though highly dramatic, the series is filled with heart, humour and insight. WRECKING THE RISING (\u201c\u00c9IR\u00cd AMACH AM\u00da\u201d) is an entertaining TV drama for TG4 with a \u2018twist\u2019, in that it involves real historical events and people. P\u00e1draig Pearse, James Connolly, Michael [&hellip;]\" \/>\n<meta property=\"og:url\" content=\"https:\/\/dev.tg4.ie\/en\/information\/press\/press-releases\/2016-2\/05-04-16-2-2\/\" \/>\n<meta property=\"og:site_name\" content=\"TG4\" \/>\n<meta property=\"article:publisher\" content=\"https:\/\/www.facebook.com\/TG4TV\" \/>\n<meta property=\"article:modified_time\" content=\"2019-06-24T15:25:15+00:00\" \/>\n<meta property=\"og:image\" content=\"https:\/\/tg4-docs.s3.amazonaws.com\/tg4-redesign-2015\/wp-content\/uploads\/2016\/04\/Wrecking_The_Rising_Sr1.jpg\" \/>\n\t<meta property=\"og:image:width\" content=\"1920\" \/>\n\t<meta property=\"og:image:height\" content=\"1080\" \/>\n\t<meta property=\"og:image:type\" content=\"image\/jpeg\" \/>\n<meta name=\"twitter:card\" content=\"summary_large_image\" \/>\n<meta name=\"twitter:site\" content=\"@TG4TV\" \/>\n<meta name=\"twitter:label1\" content=\"Est. reading time\" \/>\n\t<meta name=\"twitter:data1\" content=\"3 minutes\" \/>\n<script type=\"application\/ld+json\" class=\"yoast-schema-graph\">{\"@context\":\"https:\/\/schema.org\",\"@graph\":[{\"@type\":\"WebPage\",\"@id\":\"https:\/\/dev.tg4.ie\/en\/information\/press\/press-releases\/2016-2\/05-04-16-2-2\/\",\"url\":\"https:\/\/dev.tg4.ie\/en\/information\/press\/press-releases\/2016-2\/05-04-16-2-2\/\",\"name\":\"14.04.16 - TG4\",\"isPartOf\":{\"@id\":\"https:\/\/dev.tg4.ie\/en\/#website\"},\"primaryImageOfPage\":{\"@id\":\"https:\/\/dev.tg4.ie\/en\/information\/press\/press-releases\/2016-2\/05-04-16-2-2\/#primaryimage\"},\"image\":{\"@id\":\"https:\/\/dev.tg4.ie\/en\/information\/press\/press-releases\/2016-2\/05-04-16-2-2\/#primaryimage\"},\"thumbnailUrl\":\"https:\/\/tg4-docs.s3.amazonaws.com\/tg4-redesign-2015\/wp-content\/uploads\/2016\/04\/Wrecking_The_Rising_Sr1.jpg\",\"datePublished\":\"2016-04-14T09:49:43+00:00\",\"dateModified\":\"2019-06-24T15:25:15+00:00\",\"breadcrumb\":{\"@id\":\"https:\/\/dev.tg4.ie\/en\/information\/press\/press-releases\/2016-2\/05-04-16-2-2\/#breadcrumb\"},\"inLanguage\":\"en-ie\",\"potentialAction\":[{\"@type\":\"ReadAction\",\"target\":[\"https:\/\/dev.tg4.ie\/en\/information\/press\/press-releases\/2016-2\/05-04-16-2-2\/\"]}]},{\"@type\":\"ImageObject\",\"inLanguage\":\"en-ie\",\"@id\":\"https:\/\/dev.tg4.ie\/en\/information\/press\/press-releases\/2016-2\/05-04-16-2-2\/#primaryimage\",\"url\":\"https:\/\/tg4-docs.s3.amazonaws.com\/tg4-redesign-2015\/wp-content\/uploads\/2016\/04\/Wrecking_The_Rising_Sr1.jpg\",\"contentUrl\":\"https:\/\/tg4-docs.s3.amazonaws.com\/tg4-redesign-2015\/wp-content\/uploads\/2016\/04\/Wrecking_The_Rising_Sr1.jpg\",\"width\":1920,\"height\":1080,\"caption\":\"Wrecking The Rising\"},{\"@type\":\"BreadcrumbList\",\"@id\":\"https:\/\/dev.tg4.ie\/en\/information\/press\/press-releases\/2016-2\/05-04-16-2-2\/#breadcrumb\",\"itemListElement\":[{\"@type\":\"ListItem\",\"position\":1,\"name\":\"Home\",\"item\":\"https:\/\/dev.tg4.ie\/en\/\"},{\"@type\":\"ListItem\",\"position\":2,\"name\":\"Information\",\"item\":\"https:\/\/dev.tg4.ie\/en\/information\/\"},{\"@type\":\"ListItem\",\"position\":3,\"name\":\"Press\",\"item\":\"https:\/\/dev.tg4.ie\/en\/information\/press\/\"},{\"@type\":\"ListItem\",\"position\":4,\"name\":\"Press Releases\",\"item\":\"https:\/\/dev.tg4.ie\/en\/information\/press\/press-releases\/\"},{\"@type\":\"ListItem\",\"position\":5,\"name\":\"2016\",\"item\":\"https:\/\/dev.tg4.ie\/en\/information\/press\/press-releases\/2016-2\/\"},{\"@type\":\"ListItem\",\"position\":6,\"name\":\"14.04.16\"}]},{\"@type\":\"WebSite\",\"@id\":\"https:\/\/dev.tg4.ie\/en\/#website\",\"url\":\"https:\/\/dev.tg4.ie\/en\/\",\"name\":\"TG4\",\"description\":\"S\u00fail Eile\",\"potentialAction\":[{\"@type\":\"SearchAction\",\"target\":{\"@type\":\"EntryPoint\",\"urlTemplate\":\"https:\/\/dev.tg4.ie\/en\/?s={search_term_string}\"},\"query-input\":\"required name=search_term_string\"}],\"inLanguage\":\"en-ie\"}]}<\/script>\n<!-- \/ Yoast SEO plugin. -->","yoast_head_json":{"title":"14.04.16 - TG4","robots":{"index":"index","follow":"follow","max-snippet":"max-snippet:-1","max-image-preview":"max-image-preview:large","max-video-preview":"max-video-preview:-1"},"og_locale":"en_US","og_type":"article","og_title":"14.04.16 - TG4","og_description":"This high-concept series is an imaginative alternate take on the events of 1916. Though highly dramatic, the series is filled with heart, humour and insight. WRECKING THE RISING (\u201c\u00c9IR\u00cd AMACH AM\u00da\u201d) is an entertaining TV drama for TG4 with a \u2018twist\u2019, in that it involves real historical events and people. P\u00e1draig Pearse, James Connolly, Michael [&hellip;]","og_url":"https:\/\/dev.tg4.ie\/en\/information\/press\/press-releases\/2016-2\/05-04-16-2-2\/","og_site_name":"TG4","article_publisher":"https:\/\/www.facebook.com\/TG4TV","article_modified_time":"2019-06-24T15:25:15+00:00","og_image":[{"width":1920,"height":1080,"url":"https:\/\/tg4-docs.s3.amazonaws.com\/tg4-redesign-2015\/wp-content\/uploads\/2016\/04\/Wrecking_The_Rising_Sr1.jpg","type":"image\/jpeg"}],"twitter_card":"summary_large_image","twitter_site":"@TG4TV","twitter_misc":{"Est. reading time":"3 minutes"},"schema":{"@context":"https:\/\/schema.org","@graph":[{"@type":"WebPage","@id":"https:\/\/dev.tg4.ie\/en\/information\/press\/press-releases\/2016-2\/05-04-16-2-2\/","url":"https:\/\/dev.tg4.ie\/en\/information\/press\/press-releases\/2016-2\/05-04-16-2-2\/","name":"14.04.16 - TG4","isPartOf":{"@id":"https:\/\/dev.tg4.ie\/en\/#website"},"primaryImageOfPage":{"@id":"https:\/\/dev.tg4.ie\/en\/information\/press\/press-releases\/2016-2\/05-04-16-2-2\/#primaryimage"},"image":{"@id":"https:\/\/dev.tg4.ie\/en\/information\/press\/press-releases\/2016-2\/05-04-16-2-2\/#primaryimage"},"thumbnailUrl":"https:\/\/tg4-docs.s3.amazonaws.com\/tg4-redesign-2015\/wp-content\/uploads\/2016\/04\/Wrecking_The_Rising_Sr1.jpg","datePublished":"2016-04-14T09:49:43+00:00","dateModified":"2019-06-24T15:25:15+00:00","breadcrumb":{"@id":"https:\/\/dev.tg4.ie\/en\/information\/press\/press-releases\/2016-2\/05-04-16-2-2\/#breadcrumb"},"inLanguage":"en-ie","potentialAction":[{"@type":"ReadAction","target":["https:\/\/dev.tg4.ie\/en\/information\/press\/press-releases\/2016-2\/05-04-16-2-2\/"]}]},{"@type":"ImageObject","inLanguage":"en-ie","@id":"https:\/\/dev.tg4.ie\/en\/information\/press\/press-releases\/2016-2\/05-04-16-2-2\/#primaryimage","url":"https:\/\/tg4-docs.s3.amazonaws.com\/tg4-redesign-2015\/wp-content\/uploads\/2016\/04\/Wrecking_The_Rising_Sr1.jpg","contentUrl":"https:\/\/tg4-docs.s3.amazonaws.com\/tg4-redesign-2015\/wp-content\/uploads\/2016\/04\/Wrecking_The_Rising_Sr1.jpg","width":1920,"height":1080,"caption":"Wrecking The Rising"},{"@type":"BreadcrumbList","@id":"https:\/\/dev.tg4.ie\/en\/information\/press\/press-releases\/2016-2\/05-04-16-2-2\/#breadcrumb","itemListElement":[{"@type":"ListItem","position":1,"name":"Home","item":"https:\/\/dev.tg4.ie\/en\/"},{"@type":"ListItem","position":2,"name":"Information","item":"https:\/\/dev.tg4.ie\/en\/information\/"},{"@type":"ListItem","position":3,"name":"Press","item":"https:\/\/dev.tg4.ie\/en\/information\/press\/"},{"@type":"ListItem","position":4,"name":"Press Releases","item":"https:\/\/dev.tg4.ie\/en\/information\/press\/press-releases\/"},{"@type":"ListItem","position":5,"name":"2016","item":"https:\/\/dev.tg4.ie\/en\/information\/press\/press-releases\/2016-2\/"},{"@type":"ListItem","position":6,"name":"14.04.16"}]},{"@type":"WebSite","@id":"https:\/\/dev.tg4.ie\/en\/#website","url":"https:\/\/dev.tg4.ie\/en\/","name":"TG4","description":"S\u00fail Eile","potentialAction":[{"@type":"SearchAction","target":{"@type":"EntryPoint","urlTemplate":"https:\/\/dev.tg4.ie\/en\/?s={search_term_string}"},"query-input":"required name=search_term_string"}],"inLanguage":"en-ie"}]}},"_links":{"self":[{"href":"https:\/\/dev.tg4.ie\/en\/wp-json\/wp\/v2\/pages\/16622"}],"collection":[{"href":"https:\/\/dev.tg4.ie\/en\/wp-json\/wp\/v2\/pages"}],"about":[{"href":"https:\/\/dev.tg4.ie\/en\/wp-json\/wp\/v2\/types\/page"}],"author":[{"embeddable":true,"href":"https:\/\/dev.tg4.ie\/en\/wp-json\/wp\/v2\/users\/4"}],"replies":[{"embeddable":true,"href":"https:\/\/dev.tg4.ie\/en\/wp-json\/wp\/v2\/comments?post=16622"}],"version-history":[{"count":0,"href":"https:\/\/dev.tg4.ie\/en\/wp-json\/wp\/v2\/pages\/16622\/revisions"}],"up":[{"embeddable":true,"href":"https:\/\/dev.tg4.ie\/en\/wp-json\/wp\/v2\/pages\/6901"}],"wp:featuredmedia":[{"embeddable":true,"href":"https:\/\/dev.tg4.ie\/en\/wp-json\/wp\/v2\/media\/16606"}],"wp:attachment":[{"href":"https:\/\/dev.tg4.ie\/en\/wp-json\/wp\/v2\/media?parent=16622"}],"curies":[{"name":"wp","href":"https:\/\/api.w.org\/{rel}","templated":true}]}}