{"id":1670,"date":"2015-08-20T15:43:33","date_gmt":"2015-08-20T14:43:33","guid":{"rendered":"https:\/\/dev.tg4.ie\/?page_id=1670"},"modified":"2019-10-22T15:42:53","modified_gmt":"2019-10-22T14:42:53","slug":"2014-2","status":"publish","type":"page","link":"https:\/\/dev.tg4.ie\/en\/information\/awards\/2014-2\/","title":{"rendered":"2014"},"content":{"rendered":"<h1>2014<\/h1>\n<p><strong>Cro\u00ed Trodach<\/strong><br \/>\nSport Award, Celtic Media Festival<\/p>\n<p><strong>Pony Dance<\/strong><br \/>\nYoung People Award, Celtic Media Festival<\/p>\n<p><strong>P\u00e1id\u00ed \u00d3 S\u00e9 &#8211; R\u00ed an Phar\u00f3iste<\/strong><br \/>\nSport Award\u00a0IFTA<\/p>\n<p><strong>1916 Seachtar na C\u00e1sca<\/strong><br \/>\nIrish Language Award\u00a0IFTA<br \/>\nPrint &#8211; Consumer Campaign: \u00a0Silver Award, ICAD<br \/>\nPrint Craft Photograohy, Silver Award, ICAD<br \/>\nPrint Craft Campaign, Silver Award, ICAD<br \/>\nRadio, Single Commercial, Silver Award, ICAD<br \/>\nSilver Award, Worldfest Remi Awards<br \/>\nMedia &#8211; Gold Award, Love Radio Awards<br \/>\nIrish Print, Bronze Award, Sharks 2014<br \/>\nIrish Radio, Bronze Award, Sharks 2014<br \/>\nInternational Radio\u00a0Silver Award, Sharks 2014<br \/>\nIrish Print Promo,\u00a0Gold Award<\/p>\n<p><strong>S\u00e9amas Heaney &#8211; Imeall<br \/>\n<\/strong>Factual Award\u00a0IFTA<\/p>\n<p><strong>Garra\u00ed Glas<br \/>\n<\/strong>TV Series of the Year,\u00a0Oireachtas Media Awards<\/p>\n<p><strong>R\u00f3is\u00edn N\u00ed Eadhra<\/strong><br \/>\nBroadcaster of the Year, Oireachtas Media Awards<\/p>\n<p><strong>www.tg4.ie\/seann\u00f3s<\/strong><br \/>\nWebsite of the Year, Oireachtas Media Awards<\/p>\n<p><strong>R\u00faba\u00ed<\/strong><br \/>\nDoireann N\u00ed Fhoighil, Actor of the Year, Oireachtas Media Awards<br \/>\nBest Short Fim, Baton Rouge Film Festival<br \/>\nBest Drama, Corona Fastnet Film Festival<br \/>\nBest Film, Corona Fastnet Film Festival<br \/>\nBest Drama, Tribeca Film Festival<br \/>\nBest Short Drama, Belfast Film Festival<br \/>\nBest Short Drama, Galway Film Festival<br \/>\nBest Irish Short, Charlie Chaplin Comedy Film Festival<\/p>\n<p><strong>An Dubh ina Gheal<\/strong><br \/>\nMionlaigh sa Phobal, Commendation, Prix Circom<br \/>\nMain Award, Radharc Awards<\/p>\n<p><strong>Woof\u00e1il<\/strong><br \/>\nBronze Award, WorldFest Remi Awards<br \/>\nWeb Advertising, Bronze award,\u00a0ICAD<\/p>\n<p><strong>An Ceoldr\u00e1ma<\/strong><br \/>\nGold Award\u00a0&#8211;\u00a0WorldFest Remi\u00a0Awards<\/p>\n<p><strong>Meitheal n\u00f3 Me\u00e1in<\/strong><br \/>\nGold Award, WorldFest Remi\u00a0Awards<\/p>\n<p><strong>Jockey Eile<\/strong><br \/>\nPlatinum Award,\u00a0WorldFest Remi\u00a0Awards<\/p>\n<p><strong>BB agus Bella<\/strong><br \/>\nGradam Platanaim,\u00a0WorldFest Remi\u00a0Awards<\/p>\n<p><strong>Sc\u00fap<\/strong><br \/>\nPlatinum Award,\u00a0WorldFest Remi\u00a0Awards<\/p>\n<p><strong>\u00c1ille an Uaf\u00e1is<\/strong><br \/>\nPlatinum Award,\u00a0WorldFest Remi\u00a0Awards<\/p>\n<p><strong>Pampooties<\/strong><br \/>\nSilver award,\u00a0WorldFest Remi\u00a0Awards<\/p>\n<p><strong>R\u00f3n\u00e1n ar an Camino<\/strong><br \/>\nSilver Award,\u00a0WorldFest Remi\u00a0Awards<\/p>\n<p><strong>Mn\u00e1 D\u00edbeartha<\/strong><br \/>\nSpecial Jury award, Worldfest RemiAwards<\/p>\n<p><strong>Nuacht TG4<\/strong><br \/>\nInvestigative Reporting &#8211; Abuse, Special Award- World Indigenous Journalism Awards (WIJA 2014)<\/p>\n<p><strong>International Rules<\/strong><br \/>\nBest Print Promo &#8211; Silver Award, Sharks 2014<\/p>\n<p><strong>D\u00edol \u00c9<\/strong><br \/>\nBest Lifestyle Promo &#8211; Silver Award, Sharks 2014<\/p>\n<p><strong>Corman &#8211; It Came from Connemara<\/strong><br \/>\nSpirit of the Festival &#8211; Sky Film Festival, An Cloch\u00e1n<\/p>\n<p><strong>Ceolchuairt<\/strong><br \/>\nBest Documentary Series Award, Sky Film Festival, An Cloch\u00e1n<\/p>\n","protected":false},"excerpt":{"rendered":"<p>2014 Cro\u00ed Trodach Sport Award, Celtic Media Festival Pony Dance Young People Award, Celtic Media Festival P\u00e1id\u00ed \u00d3 S\u00e9 &#8211; R\u00ed an Phar\u00f3iste Sport Award\u00a0IFTA 1916 Seachtar na C\u00e1sca Irish Language Award\u00a0IFTA Print &#8211; Consumer Campaign: \u00a0Silver Award, ICAD Print Craft Photograohy, Silver Award, ICAD Print Craft Campaign, Silver Award, ICAD Radio, Single Commercial, Silver [&hellip;]<\/p>\n","protected":false},"author":6,"featured_media":0,"parent":1217,"menu_order":17,"comment_status":"closed","ping_status":"closed","template":"page-templates\/template-corporate.php","meta":{"_acf_changed":false,"footnotes":""},"acf":[],"yoast_head":"<!-- This site is optimized with the Yoast SEO plugin v22.6 - https:\/\/yoast.com\/wordpress\/plugins\/seo\/ -->\n<title>2014 - TG4<\/title>\n<meta name=\"robots\" content=\"index, follow, max-snippet:-1, max-image-preview:large, max-video-preview:-1\" \/>\n<meta property=\"og:locale\" content=\"en_US\" \/>\n<meta property=\"og:type\" content=\"article\" \/>\n<meta property=\"og:title\" content=\"2014 - TG4\" \/>\n<meta property=\"og:description\" content=\"2014 Cro\u00ed Trodach Sport Award, Celtic Media Festival Pony Dance Young People Award, Celtic Media Festival P\u00e1id\u00ed \u00d3 S\u00e9 &#8211; R\u00ed an Phar\u00f3iste Sport Award\u00a0IFTA 1916 Seachtar na C\u00e1sca Irish Language Award\u00a0IFTA Print &#8211; Consumer Campaign: \u00a0Silver Award, ICAD Print Craft Photograohy, Silver Award, ICAD Print Craft Campaign, Silver Award, ICAD Radio, Single Commercial, Silver [&hellip;]\" \/>\n<meta property=\"og:url\" content=\"https:\/\/dev.tg4.ie\/en\/information\/awards\/2014-2\/\" \/>\n<meta property=\"og:site_name\" content=\"TG4\" \/>\n<meta property=\"article:publisher\" content=\"https:\/\/www.facebook.com\/TG4TV\" \/>\n<meta property=\"article:modified_time\" content=\"2019-10-22T14:42:53+00:00\" \/>\n<meta property=\"og:image\" content=\"https:\/\/tg4-docs.s3.amazonaws.com\/wp-content\/uploads\/2024\/11\/18151812\/TG4_2024_corcra_teal_1-1920x1080-1.jpg\" \/>\n\t<meta property=\"og:image:width\" content=\"1920\" \/>\n\t<meta property=\"og:image:height\" content=\"1080\" \/>\n\t<meta property=\"og:image:type\" content=\"image\/jpeg\" \/>\n<meta name=\"twitter:card\" content=\"summary_large_image\" \/>\n<meta name=\"twitter:site\" content=\"@TG4TV\" \/>\n<meta name=\"twitter:label1\" content=\"Est. reading time\" \/>\n\t<meta name=\"twitter:data1\" content=\"2 minutes\" \/>\n<script type=\"application\/ld+json\" class=\"yoast-schema-graph\">{\"@context\":\"https:\/\/schema.org\",\"@graph\":[{\"@type\":\"WebPage\",\"@id\":\"https:\/\/dev.tg4.ie\/en\/information\/awards\/2014-2\/\",\"url\":\"https:\/\/dev.tg4.ie\/en\/information\/awards\/2014-2\/\",\"name\":\"2014 - TG4\",\"isPartOf\":{\"@id\":\"https:\/\/dev.tg4.ie\/en\/#website\"},\"datePublished\":\"2015-08-20T14:43:33+00:00\",\"dateModified\":\"2019-10-22T14:42:53+00:00\",\"breadcrumb\":{\"@id\":\"https:\/\/dev.tg4.ie\/en\/information\/awards\/2014-2\/#breadcrumb\"},\"inLanguage\":\"en-ie\",\"potentialAction\":[{\"@type\":\"ReadAction\",\"target\":[\"https:\/\/dev.tg4.ie\/en\/information\/awards\/2014-2\/\"]}]},{\"@type\":\"BreadcrumbList\",\"@id\":\"https:\/\/dev.tg4.ie\/en\/information\/awards\/2014-2\/#breadcrumb\",\"itemListElement\":[{\"@type\":\"ListItem\",\"position\":1,\"name\":\"Home\",\"item\":\"https:\/\/dev.tg4.ie\/en\/\"},{\"@type\":\"ListItem\",\"position\":2,\"name\":\"Information\",\"item\":\"https:\/\/dev.tg4.ie\/en\/information\/\"},{\"@type\":\"ListItem\",\"position\":3,\"name\":\"Awards\",\"item\":\"https:\/\/dev.tg4.ie\/en\/information\/awards\/\"},{\"@type\":\"ListItem\",\"position\":4,\"name\":\"2014\"}]},{\"@type\":\"WebSite\",\"@id\":\"https:\/\/dev.tg4.ie\/en\/#website\",\"url\":\"https:\/\/dev.tg4.ie\/en\/\",\"name\":\"TG4\",\"description\":\"S\u00fail Eile\",\"potentialAction\":[{\"@type\":\"SearchAction\",\"target\":{\"@type\":\"EntryPoint\",\"urlTemplate\":\"https:\/\/dev.tg4.ie\/en\/?s={search_term_string}\"},\"query-input\":\"required name=search_term_string\"}],\"inLanguage\":\"en-ie\"}]}<\/script>\n<!-- \/ Yoast SEO plugin. -->","yoast_head_json":{"title":"2014 - TG4","robots":{"index":"index","follow":"follow","max-snippet":"max-snippet:-1","max-image-preview":"max-image-preview:large","max-video-preview":"max-video-preview:-1"},"og_locale":"en_US","og_type":"article","og_title":"2014 - TG4","og_description":"2014 Cro\u00ed Trodach Sport Award, Celtic Media Festival Pony Dance Young People Award, Celtic Media Festival P\u00e1id\u00ed \u00d3 S\u00e9 &#8211; R\u00ed an Phar\u00f3iste Sport Award\u00a0IFTA 1916 Seachtar na C\u00e1sca Irish Language Award\u00a0IFTA Print &#8211; Consumer Campaign: \u00a0Silver Award, ICAD Print Craft Photograohy, Silver Award, ICAD Print Craft Campaign, Silver Award, ICAD Radio, Single Commercial, Silver [&hellip;]","og_url":"https:\/\/dev.tg4.ie\/en\/information\/awards\/2014-2\/","og_site_name":"TG4","article_publisher":"https:\/\/www.facebook.com\/TG4TV","article_modified_time":"2019-10-22T14:42:53+00:00","og_image":[{"width":1920,"height":1080,"url":"https:\/\/tg4-docs.s3.amazonaws.com\/wp-content\/uploads\/2024\/11\/18151812\/TG4_2024_corcra_teal_1-1920x1080-1.jpg","type":"image\/jpeg"}],"twitter_card":"summary_large_image","twitter_site":"@TG4TV","twitter_misc":{"Est. reading time":"2 minutes"},"schema":{"@context":"https:\/\/schema.org","@graph":[{"@type":"WebPage","@id":"https:\/\/dev.tg4.ie\/en\/information\/awards\/2014-2\/","url":"https:\/\/dev.tg4.ie\/en\/information\/awards\/2014-2\/","name":"2014 - TG4","isPartOf":{"@id":"https:\/\/dev.tg4.ie\/en\/#website"},"datePublished":"2015-08-20T14:43:33+00:00","dateModified":"2019-10-22T14:42:53+00:00","breadcrumb":{"@id":"https:\/\/dev.tg4.ie\/en\/information\/awards\/2014-2\/#breadcrumb"},"inLanguage":"en-ie","potentialAction":[{"@type":"ReadAction","target":["https:\/\/dev.tg4.ie\/en\/information\/awards\/2014-2\/"]}]},{"@type":"BreadcrumbList","@id":"https:\/\/dev.tg4.ie\/en\/information\/awards\/2014-2\/#breadcrumb","itemListElement":[{"@type":"ListItem","position":1,"name":"Home","item":"https:\/\/dev.tg4.ie\/en\/"},{"@type":"ListItem","position":2,"name":"Information","item":"https:\/\/dev.tg4.ie\/en\/information\/"},{"@type":"ListItem","position":3,"name":"Awards","item":"https:\/\/dev.tg4.ie\/en\/information\/awards\/"},{"@type":"ListItem","position":4,"name":"2014"}]},{"@type":"WebSite","@id":"https:\/\/dev.tg4.ie\/en\/#website","url":"https:\/\/dev.tg4.ie\/en\/","name":"TG4","description":"S\u00fail Eile","potentialAction":[{"@type":"SearchAction","target":{"@type":"EntryPoint","urlTemplate":"https:\/\/dev.tg4.ie\/en\/?s={search_term_string}"},"query-input":"required name=search_term_string"}],"inLanguage":"en-ie"}]}},"_links":{"self":[{"href":"https:\/\/dev.tg4.ie\/en\/wp-json\/wp\/v2\/pages\/1670"}],"collection":[{"href":"https:\/\/dev.tg4.ie\/en\/wp-json\/wp\/v2\/pages"}],"about":[{"href":"https:\/\/dev.tg4.ie\/en\/wp-json\/wp\/v2\/types\/page"}],"author":[{"embeddable":true,"href":"https:\/\/dev.tg4.ie\/en\/wp-json\/wp\/v2\/users\/6"}],"replies":[{"embeddable":true,"href":"https:\/\/dev.tg4.ie\/en\/wp-json\/wp\/v2\/comments?post=1670"}],"version-history":[{"count":0,"href":"https:\/\/dev.tg4.ie\/en\/wp-json\/wp\/v2\/pages\/1670\/revisions"}],"up":[{"embeddable":true,"href":"https:\/\/dev.tg4.ie\/en\/wp-json\/wp\/v2\/pages\/1217"}],"wp:attachment":[{"href":"https:\/\/dev.tg4.ie\/en\/wp-json\/wp\/v2\/media?parent=1670"}],"curies":[{"name":"wp","href":"https:\/\/api.w.org\/{rel}","templated":true}]}}