{"id":167045,"date":"2022-07-21T12:52:45","date_gmt":"2022-07-21T11:52:45","guid":{"rendered":"https:\/\/dev.tg4.ie\/?page_id=167045"},"modified":"2022-07-21T12:52:45","modified_gmt":"2022-07-21T11:52:45","slug":"the-stars-of-the-sse-airtricity-womens-national-league-will-once-again-light-up-free-to-air-television-when-the-tg4-cameras-return-for-10-live-games","status":"publish","type":"page","link":"https:\/\/dev.tg4.ie\/en\/information\/press\/press-releases\/2022-2\/the-stars-of-the-sse-airtricity-womens-national-league-will-once-again-light-up-free-to-air-television-when-the-tg4-cameras-return-for-10-live-games\/","title":{"rendered":"The stars of the SSE Airtricity Women\u2019s National League will once again light up free-to-air television when the TG4 cameras return for 10 live games"},"content":{"rendered":"<p><img loading=\"lazy\" decoding=\"async\" width=\"1920\" height=\"1080\" src=\"https:\/\/tg4-docs.s3.amazonaws.com\/wp-content\/uploads\/2022\/07\/21124145\/Sacar_Beo_WNL_2022-1-1920x1080-1.jpg\" alt=\"\" class=\"alignleft size-full wp-image-166998\" srcset=\"https:\/\/tg4-docs.s3.amazonaws.com\/wp-content\/uploads\/2022\/07\/21124145\/Sacar_Beo_WNL_2022-1-1920x1080-1.jpg 1920w, https:\/\/tg4-docs.s3.amazonaws.com\/wp-content\/uploads\/2022\/07\/21124145\/Sacar_Beo_WNL_2022-1-1920x1080-1-250x141.jpg 250w, https:\/\/tg4-docs.s3.amazonaws.com\/wp-content\/uploads\/2022\/07\/21124145\/Sacar_Beo_WNL_2022-1-1920x1080-1-700x394.jpg 700w, https:\/\/tg4-docs.s3.amazonaws.com\/wp-content\/uploads\/2022\/07\/21124145\/Sacar_Beo_WNL_2022-1-1920x1080-1-252x141.jpg 252w, https:\/\/tg4-docs.s3.amazonaws.com\/wp-content\/uploads\/2022\/07\/21124145\/Sacar_Beo_WNL_2022-1-1920x1080-1-1536x864.jpg 1536w, https:\/\/tg4-docs.s3.amazonaws.com\/wp-content\/uploads\/2022\/07\/21124145\/Sacar_Beo_WNL_2022-1-1920x1080-1-120x68.jpg 120w\" sizes=\"(max-width: 1920px) 100vw, 1920px\" \/><br \/>\n&nbsp;<br \/>\nAfter linking up with the Football Association of Ireland in 2021 to broadcast four WNL games, TG4 has now reaffirmed its dedication to the League by increasing that total by 150% to 10 games.<br \/>\n&nbsp;<br \/>\nSacar Beo will be presented by Galway sports broadcaster M\u00e1ire Treasa N\u00ed Cheallaigh, who will be joined by a team of expert football analysts. The series is produced by Fogarty Fenwick Services.<br \/>\n&nbsp;<br \/>\nSp\u00f3rt TG4 will also have exclusive behind the scenes action from the games across its social media channels and will make the games available globally via the TG4 Player App.<br \/>\n&nbsp;<br \/>\n<strong>TG4\u2019s Head of Sport R\u00f3n\u00e1n \u00d3 Coisdealbha<\/strong> said: <em>&#8220;TG4 was delighted to bring SSE Airtricity Women&#8217;s National League to Irish television audiences for the very first time in 2021. From the brilliant first goal scored by Alex Kavanagh for Shelbourne against DLR Waves to the nail-biting drama of the final night in November which saw Shelbourne become the 2021 Champions; the WNL has everything&#8221;<\/p>\n<p>\u201cTG4 couldn\u2019t be prouder to be bringing the excitement of women\u2019s football to increasingly enthusiastic audiences and looks forward to the next step in the journey with the FAI and the League of Ireland.\u201d<\/em><br \/>\n&nbsp;<br \/>\n<strong>League of Ireland Director Mark Scanlon<\/strong> said: <em>&#8220;We are looking forward to working with TG4 again following a successful collaboration last season. As the domestic game continues to go from strength to strength, we want to secure as much exposure as possible for the players and clubs, so having games broadcast on national television is a key part of that.&#8221;<\/p>\n<p>\u201cIt is fantastic to have games spread around the country with first visits to Sligo, Galway and Athlone already confirmed with more games set to be scheduled. We are looking forward to the games and reaching a wider audience thanks to TG4\u2019s coverage.\u201d<\/em><br \/>\n&nbsp;<br \/>\n<strong>Leanne Sheill, Sponsorship Manager SSE Airtricity<\/strong>, said: <em>\u201cAs proud sponsor of the SSE Airtricity Women\u2019s National League since 2021, we\u2019re delighted to extend our sponsorship this year and support live coverage of the WNL. The women\u2019s game had a phenomenal season last year, and TG4\u2019s increased live coverage for 2022 will elevate the Women\u2019s National League further.\u201d<\/em><br \/>\n&nbsp;<br \/>\nThree of the 10 games have already been confirmed with the first one kicking off at the end of July with the visit of champions Shelbourne to The Showgrounds to take on Sligo Rovers.<br \/>\n&nbsp;<br \/>\nCONFIRMED GAMES<br \/>\nJuly 30 &#8211; Sligo Rovers v Shelbourne, The Showgrounds, KO 18:35<br \/>\nAugust 13 &#8211; Galway WFC v Wexford Youths, Eamonn Deacy Park, KO 19:35<br \/>\nAugust 20 &#8211; Athlone Town v Peamount United, Athlone Town Stadium, KO 19:35<\/p>\n<p>&nbsp;<\/p>\n","protected":false},"excerpt":{"rendered":"<p>&nbsp; After linking up with the Football Association of Ireland in 2021 to broadcast four WNL games, TG4 has now reaffirmed its dedication to the League by increasing that total by 150% to 10 games. &nbsp; Sacar Beo will be presented by Galway sports broadcaster M\u00e1ire Treasa N\u00ed Cheallaigh, who will be joined by a [&hellip;]<\/p>\n","protected":false},"author":876,"featured_media":0,"parent":138173,"menu_order":23,"comment_status":"closed","ping_status":"closed","template":"page-templates\/template-pr.php","meta":{"_acf_changed":false,"footnotes":""},"acf":[],"yoast_head":"<!-- This site is optimized with the Yoast SEO plugin v22.6 - https:\/\/yoast.com\/wordpress\/plugins\/seo\/ -->\n<title>The stars of the SSE Airtricity Women\u2019s National League will once again light up free-to-air television when the TG4 cameras return for 10 live games | Press Release | TG4<\/title>\n<meta name=\"description\" content=\"After linking up with the Football Association of Ireland in 2021 to broadcast four WNL games, TG4 has now reaffirmed its dedication to the League by increasing that total by 150% to 10 games.\" \/>\n<meta name=\"robots\" content=\"index, follow, max-snippet:-1, max-image-preview:large, max-video-preview:-1\" \/>\n<meta property=\"og:locale\" content=\"en_US\" \/>\n<meta property=\"og:type\" content=\"article\" \/>\n<meta property=\"og:title\" content=\"The stars of the SSE Airtricity Women\u2019s National League will once again light up free-to-air television when the TG4 cameras return for 10 live games | Press Release | TG4\" \/>\n<meta property=\"og:description\" content=\"After linking up with the Football Association of Ireland in 2021 to broadcast four WNL games, TG4 has now reaffirmed its dedication to the League by increasing that total by 150% to 10 games.\" \/>\n<meta property=\"og:url\" content=\"https:\/\/dev.tg4.ie\/en\/information\/press\/press-releases\/2022-2\/the-stars-of-the-sse-airtricity-womens-national-league-will-once-again-light-up-free-to-air-television-when-the-tg4-cameras-return-for-10-live-games\/\" \/>\n<meta property=\"og:site_name\" content=\"TG4\" \/>\n<meta property=\"article:publisher\" content=\"https:\/\/www.facebook.com\/TG4TV\" \/>\n<meta property=\"og:image\" content=\"https:\/\/tg4-docs.s3.amazonaws.com\/wp-content\/uploads\/2022\/07\/21124145\/Sacar_Beo_WNL_2022-1-1920x1080-1-700x394.jpg\" \/>\n<meta name=\"twitter:card\" content=\"summary_large_image\" \/>\n<meta name=\"twitter:image\" content=\"https:\/\/tg4-docs.s3.amazonaws.com\/wp-content\/uploads\/2022\/07\/21124145\/Sacar_Beo_WNL_2022-1-1920x1080-1-700x394.jpg\" \/>\n<meta name=\"twitter:site\" content=\"@TG4TV\" \/>\n<meta name=\"twitter:label1\" content=\"Est. reading time\" \/>\n\t<meta name=\"twitter:data1\" content=\"3 minutes\" \/>\n<script type=\"application\/ld+json\" class=\"yoast-schema-graph\">{\"@context\":\"https:\/\/schema.org\",\"@graph\":[{\"@type\":\"WebPage\",\"@id\":\"https:\/\/dev.tg4.ie\/en\/information\/press\/press-releases\/2022-2\/the-stars-of-the-sse-airtricity-womens-national-league-will-once-again-light-up-free-to-air-television-when-the-tg4-cameras-return-for-10-live-games\/\",\"url\":\"https:\/\/dev.tg4.ie\/en\/information\/press\/press-releases\/2022-2\/the-stars-of-the-sse-airtricity-womens-national-league-will-once-again-light-up-free-to-air-television-when-the-tg4-cameras-return-for-10-live-games\/\",\"name\":\"The stars of the SSE Airtricity Women\u2019s National League will once again light up free-to-air television when the TG4 cameras return for 10 live games | Press Release | TG4\",\"isPartOf\":{\"@id\":\"https:\/\/dev.tg4.ie\/en\/#website\"},\"primaryImageOfPage\":{\"@id\":\"https:\/\/dev.tg4.ie\/en\/information\/press\/press-releases\/2022-2\/the-stars-of-the-sse-airtricity-womens-national-league-will-once-again-light-up-free-to-air-television-when-the-tg4-cameras-return-for-10-live-games\/#primaryimage\"},\"image\":{\"@id\":\"https:\/\/dev.tg4.ie\/en\/information\/press\/press-releases\/2022-2\/the-stars-of-the-sse-airtricity-womens-national-league-will-once-again-light-up-free-to-air-television-when-the-tg4-cameras-return-for-10-live-games\/#primaryimage\"},\"thumbnailUrl\":\"https:\/\/dev.tg4.ie\/wp-content\/uploads\/2022\/07\/Sacar_Beo_WNL_2022-1-1920x1080-1.jpg\",\"datePublished\":\"2022-07-21T11:52:45+00:00\",\"dateModified\":\"2022-07-21T11:52:45+00:00\",\"description\":\"After linking up with the Football Association of Ireland in 2021 to broadcast four WNL games, TG4 has now reaffirmed its dedication to the League by increasing that total by 150% to 10 games.\",\"breadcrumb\":{\"@id\":\"https:\/\/dev.tg4.ie\/en\/information\/press\/press-releases\/2022-2\/the-stars-of-the-sse-airtricity-womens-national-league-will-once-again-light-up-free-to-air-television-when-the-tg4-cameras-return-for-10-live-games\/#breadcrumb\"},\"inLanguage\":\"en-ie\",\"potentialAction\":[{\"@type\":\"ReadAction\",\"target\":[\"https:\/\/dev.tg4.ie\/en\/information\/press\/press-releases\/2022-2\/the-stars-of-the-sse-airtricity-womens-national-league-will-once-again-light-up-free-to-air-television-when-the-tg4-cameras-return-for-10-live-games\/\"]}]},{\"@type\":\"ImageObject\",\"inLanguage\":\"en-ie\",\"@id\":\"https:\/\/dev.tg4.ie\/en\/information\/press\/press-releases\/2022-2\/the-stars-of-the-sse-airtricity-womens-national-league-will-once-again-light-up-free-to-air-television-when-the-tg4-cameras-return-for-10-live-games\/#primaryimage\",\"url\":\"https:\/\/dev.tg4.ie\/wp-content\/uploads\/2022\/07\/Sacar_Beo_WNL_2022-1-1920x1080-1.jpg\",\"contentUrl\":\"https:\/\/dev.tg4.ie\/wp-content\/uploads\/2022\/07\/Sacar_Beo_WNL_2022-1-1920x1080-1.jpg\"},{\"@type\":\"BreadcrumbList\",\"@id\":\"https:\/\/dev.tg4.ie\/en\/information\/press\/press-releases\/2022-2\/the-stars-of-the-sse-airtricity-womens-national-league-will-once-again-light-up-free-to-air-television-when-the-tg4-cameras-return-for-10-live-games\/#breadcrumb\",\"itemListElement\":[{\"@type\":\"ListItem\",\"position\":1,\"name\":\"Home\",\"item\":\"https:\/\/dev.tg4.ie\/en\/\"},{\"@type\":\"ListItem\",\"position\":2,\"name\":\"Information\",\"item\":\"https:\/\/dev.tg4.ie\/en\/information\/\"},{\"@type\":\"ListItem\",\"position\":3,\"name\":\"Press\",\"item\":\"https:\/\/dev.tg4.ie\/en\/information\/press\/\"},{\"@type\":\"ListItem\",\"position\":4,\"name\":\"Press Releases\",\"item\":\"https:\/\/dev.tg4.ie\/en\/information\/press\/press-releases\/\"},{\"@type\":\"ListItem\",\"position\":5,\"name\":\"2022\",\"item\":\"https:\/\/dev.tg4.ie\/en\/information\/press\/press-releases\/2022-2\/\"},{\"@type\":\"ListItem\",\"position\":6,\"name\":\"The stars of the SSE Airtricity Women\u2019s National League will once again light up free-to-air television when the TG4 cameras return for 10 live games\"}]},{\"@type\":\"WebSite\",\"@id\":\"https:\/\/dev.tg4.ie\/en\/#website\",\"url\":\"https:\/\/dev.tg4.ie\/en\/\",\"name\":\"TG4\",\"description\":\"S\u00fail Eile\",\"potentialAction\":[{\"@type\":\"SearchAction\",\"target\":{\"@type\":\"EntryPoint\",\"urlTemplate\":\"https:\/\/dev.tg4.ie\/en\/?s={search_term_string}\"},\"query-input\":\"required name=search_term_string\"}],\"inLanguage\":\"en-ie\"}]}<\/script>\n<!-- \/ Yoast SEO plugin. -->","yoast_head_json":{"title":"The stars of the SSE Airtricity Women\u2019s National League will once again light up free-to-air television when the TG4 cameras return for 10 live games | Press Release | TG4","description":"After linking up with the Football Association of Ireland in 2021 to broadcast four WNL games, TG4 has now reaffirmed its dedication to the League by increasing that total by 150% to 10 games.","robots":{"index":"index","follow":"follow","max-snippet":"max-snippet:-1","max-image-preview":"max-image-preview:large","max-video-preview":"max-video-preview:-1"},"og_locale":"en_US","og_type":"article","og_title":"The stars of the SSE Airtricity Women\u2019s National League will once again light up free-to-air television when the TG4 cameras return for 10 live games | Press Release | TG4","og_description":"After linking up with the Football Association of Ireland in 2021 to broadcast four WNL games, TG4 has now reaffirmed its dedication to the League by increasing that total by 150% to 10 games.","og_url":"https:\/\/dev.tg4.ie\/en\/information\/press\/press-releases\/2022-2\/the-stars-of-the-sse-airtricity-womens-national-league-will-once-again-light-up-free-to-air-television-when-the-tg4-cameras-return-for-10-live-games\/","og_site_name":"TG4","article_publisher":"https:\/\/www.facebook.com\/TG4TV","og_image":[{"url":"https:\/\/tg4-docs.s3.amazonaws.com\/wp-content\/uploads\/2022\/07\/21124145\/Sacar_Beo_WNL_2022-1-1920x1080-1-700x394.jpg"}],"twitter_card":"summary_large_image","twitter_image":"https:\/\/tg4-docs.s3.amazonaws.com\/wp-content\/uploads\/2022\/07\/21124145\/Sacar_Beo_WNL_2022-1-1920x1080-1-700x394.jpg","twitter_site":"@TG4TV","twitter_misc":{"Est. reading time":"3 minutes"},"schema":{"@context":"https:\/\/schema.org","@graph":[{"@type":"WebPage","@id":"https:\/\/dev.tg4.ie\/en\/information\/press\/press-releases\/2022-2\/the-stars-of-the-sse-airtricity-womens-national-league-will-once-again-light-up-free-to-air-television-when-the-tg4-cameras-return-for-10-live-games\/","url":"https:\/\/dev.tg4.ie\/en\/information\/press\/press-releases\/2022-2\/the-stars-of-the-sse-airtricity-womens-national-league-will-once-again-light-up-free-to-air-television-when-the-tg4-cameras-return-for-10-live-games\/","name":"The stars of the SSE Airtricity Women\u2019s National League will once again light up free-to-air television when the TG4 cameras return for 10 live games | Press Release | TG4","isPartOf":{"@id":"https:\/\/dev.tg4.ie\/en\/#website"},"primaryImageOfPage":{"@id":"https:\/\/dev.tg4.ie\/en\/information\/press\/press-releases\/2022-2\/the-stars-of-the-sse-airtricity-womens-national-league-will-once-again-light-up-free-to-air-television-when-the-tg4-cameras-return-for-10-live-games\/#primaryimage"},"image":{"@id":"https:\/\/dev.tg4.ie\/en\/information\/press\/press-releases\/2022-2\/the-stars-of-the-sse-airtricity-womens-national-league-will-once-again-light-up-free-to-air-television-when-the-tg4-cameras-return-for-10-live-games\/#primaryimage"},"thumbnailUrl":"https:\/\/dev.tg4.ie\/wp-content\/uploads\/2022\/07\/Sacar_Beo_WNL_2022-1-1920x1080-1.jpg","datePublished":"2022-07-21T11:52:45+00:00","dateModified":"2022-07-21T11:52:45+00:00","description":"After linking up with the Football Association of Ireland in 2021 to broadcast four WNL games, TG4 has now reaffirmed its dedication to the League by increasing that total by 150% to 10 games.","breadcrumb":{"@id":"https:\/\/dev.tg4.ie\/en\/information\/press\/press-releases\/2022-2\/the-stars-of-the-sse-airtricity-womens-national-league-will-once-again-light-up-free-to-air-television-when-the-tg4-cameras-return-for-10-live-games\/#breadcrumb"},"inLanguage":"en-ie","potentialAction":[{"@type":"ReadAction","target":["https:\/\/dev.tg4.ie\/en\/information\/press\/press-releases\/2022-2\/the-stars-of-the-sse-airtricity-womens-national-league-will-once-again-light-up-free-to-air-television-when-the-tg4-cameras-return-for-10-live-games\/"]}]},{"@type":"ImageObject","inLanguage":"en-ie","@id":"https:\/\/dev.tg4.ie\/en\/information\/press\/press-releases\/2022-2\/the-stars-of-the-sse-airtricity-womens-national-league-will-once-again-light-up-free-to-air-television-when-the-tg4-cameras-return-for-10-live-games\/#primaryimage","url":"https:\/\/dev.tg4.ie\/wp-content\/uploads\/2022\/07\/Sacar_Beo_WNL_2022-1-1920x1080-1.jpg","contentUrl":"https:\/\/dev.tg4.ie\/wp-content\/uploads\/2022\/07\/Sacar_Beo_WNL_2022-1-1920x1080-1.jpg"},{"@type":"BreadcrumbList","@id":"https:\/\/dev.tg4.ie\/en\/information\/press\/press-releases\/2022-2\/the-stars-of-the-sse-airtricity-womens-national-league-will-once-again-light-up-free-to-air-television-when-the-tg4-cameras-return-for-10-live-games\/#breadcrumb","itemListElement":[{"@type":"ListItem","position":1,"name":"Home","item":"https:\/\/dev.tg4.ie\/en\/"},{"@type":"ListItem","position":2,"name":"Information","item":"https:\/\/dev.tg4.ie\/en\/information\/"},{"@type":"ListItem","position":3,"name":"Press","item":"https:\/\/dev.tg4.ie\/en\/information\/press\/"},{"@type":"ListItem","position":4,"name":"Press Releases","item":"https:\/\/dev.tg4.ie\/en\/information\/press\/press-releases\/"},{"@type":"ListItem","position":5,"name":"2022","item":"https:\/\/dev.tg4.ie\/en\/information\/press\/press-releases\/2022-2\/"},{"@type":"ListItem","position":6,"name":"The stars of the SSE Airtricity Women\u2019s National League will once again light up free-to-air television when the TG4 cameras return for 10 live games"}]},{"@type":"WebSite","@id":"https:\/\/dev.tg4.ie\/en\/#website","url":"https:\/\/dev.tg4.ie\/en\/","name":"TG4","description":"S\u00fail Eile","potentialAction":[{"@type":"SearchAction","target":{"@type":"EntryPoint","urlTemplate":"https:\/\/dev.tg4.ie\/en\/?s={search_term_string}"},"query-input":"required name=search_term_string"}],"inLanguage":"en-ie"}]}},"_links":{"self":[{"href":"https:\/\/dev.tg4.ie\/en\/wp-json\/wp\/v2\/pages\/167045"}],"collection":[{"href":"https:\/\/dev.tg4.ie\/en\/wp-json\/wp\/v2\/pages"}],"about":[{"href":"https:\/\/dev.tg4.ie\/en\/wp-json\/wp\/v2\/types\/page"}],"author":[{"embeddable":true,"href":"https:\/\/dev.tg4.ie\/en\/wp-json\/wp\/v2\/users\/876"}],"replies":[{"embeddable":true,"href":"https:\/\/dev.tg4.ie\/en\/wp-json\/wp\/v2\/comments?post=167045"}],"version-history":[{"count":0,"href":"https:\/\/dev.tg4.ie\/en\/wp-json\/wp\/v2\/pages\/167045\/revisions"}],"up":[{"embeddable":true,"href":"https:\/\/dev.tg4.ie\/en\/wp-json\/wp\/v2\/pages\/138173"}],"wp:attachment":[{"href":"https:\/\/dev.tg4.ie\/en\/wp-json\/wp\/v2\/media?parent=167045"}],"curies":[{"name":"wp","href":"https:\/\/api.w.org\/{rel}","templated":true}]}}