{"id":171625,"date":"2022-08-10T16:32:16","date_gmt":"2022-08-10T15:32:16","guid":{"rendered":"https:\/\/dev.tg4.ie\/?page_id=171625"},"modified":"2022-08-10T16:52:55","modified_gmt":"2022-08-10T15:52:55","slug":"the-highest-ratings-for-fleadh-cheoil-na-heireann-on-tg4-since-2017","status":"publish","type":"page","link":"https:\/\/dev.tg4.ie\/en\/information\/press\/press-releases\/2022-2\/the-highest-ratings-for-fleadh-cheoil-na-heireann-on-tg4-since-2017\/","title":{"rendered":"The highest ratings for Fleadh Cheoil na h\u00c9ireann on TG4 since 2017"},"content":{"rendered":"<p><img loading=\"lazy\" decoding=\"async\" width=\"1920\" height=\"1080\" src=\"https:\/\/tg4-docs.s3.amazonaws.com\/wp-content\/uploads\/2022\/08\/10162457\/Fleadh_2022-Beo_Laithreoiri_1_1920x1080.jpg\" alt=\"\" class=\"alignleft size-full wp-image-171622\" srcset=\"https:\/\/tg4-docs.s3.amazonaws.com\/wp-content\/uploads\/2022\/08\/10162457\/Fleadh_2022-Beo_Laithreoiri_1_1920x1080.jpg 1920w, https:\/\/tg4-docs.s3.amazonaws.com\/wp-content\/uploads\/2022\/08\/10162457\/Fleadh_2022-Beo_Laithreoiri_1_1920x1080-250x141.jpg 250w, https:\/\/tg4-docs.s3.amazonaws.com\/wp-content\/uploads\/2022\/08\/10162457\/Fleadh_2022-Beo_Laithreoiri_1_1920x1080-700x394.jpg 700w, https:\/\/tg4-docs.s3.amazonaws.com\/wp-content\/uploads\/2022\/08\/10162457\/Fleadh_2022-Beo_Laithreoiri_1_1920x1080-252x141.jpg 252w, https:\/\/tg4-docs.s3.amazonaws.com\/wp-content\/uploads\/2022\/08\/10162457\/Fleadh_2022-Beo_Laithreoiri_1_1920x1080-1536x864.jpg 1536w, https:\/\/tg4-docs.s3.amazonaws.com\/wp-content\/uploads\/2022\/08\/10162457\/Fleadh_2022-Beo_Laithreoiri_1_1920x1080-120x68.jpg 120w\" sizes=\"(max-width: 1920px) 100vw, 1920px\" \/><br \/>\n&nbsp;<\/p>\n<p>After a two year break, Fleadh Cheoil na h\u00c9ireann was back in Mullingar where it began in 1951.  TG4 broadcast live from the Fleadh each night from Friday 5th August to Sunday 7th August for ninety minutes each night.  Presenters Daith\u00ed \u00d3 S\u00e9 and Doireann N\u00ed Ghlac\u00e1in were joined by Peadar \u00d3 Goill and Maggie Carthy and the cream of Irish musical talent including Martin Hayes, John Francis Flynn, Inni-K, An\u00fana, Liz Carroll, At The Racket, Kila, 3 On The Bund, and more.<br \/>\n&nbsp;<br \/>\nFleadh 2022 was the most watched Fleadh Cheoil on TG4 since 2017, and one of the most successful series since TG4 began broadcasting from Fleadh Cheoil na h\u00c9ireann in 2013. TG4 broadcast over eleven hours in total from Fleadh Cheoil na h\u00c9ireann this year including four programmes from the provincial finals in July.<br \/>\n&nbsp;<br \/>\nThe series was watched by 413,000 people over the weekend on TG4.  Sunday night&#8217;s show August 9th was the most watched programme, with a share of 9% of the viewing audience, and average viewership of 76,200 viewers. The peak audience was 111,000 viewers half-way through Sunday night&#8217;s programme.  The online community from every corner of the world participated on social media creating their own TikTok content using the hashtag #Fleadh2022. There are over 33million impressions of the hashtag, and over 2 million views to date on social media channels.  The Fleadh Cheoil competitions were streamed live on the TG4 Player and on Fleadh Cheoil Facebook pages which had over 100,000 views of the streams.  Over 12,000 tuned into Fleadh 2022 on the TG4 Player from across the globe.  The series is available to view worldwide on the TG4 player: <a href=\"https:\/\/nasc.tg4.tv\/fleadh2022\" rel=\"noopener\" target=\"_blank\">https:\/\/nasc.tg4.tv\/fleadh2022<\/a><br \/>\n&nbsp;<br \/>\nFleadh 2022 began with a new piece of music, The Homecoming Suite, composed by Irish American fiddle player, Liz Carroll, performed by Liz Carroll and the Fleadh Fiddle Orchestra. Liz is the first American-born Irish traditional musician ever nominated for a Grammy and was awarded the TG4 Gradam Ceoil award for composition in 2011. She won the All-Ireland senior fiddle title in 1975!  A poignant tribute to musician and teacher Ashling Murphy was aired on Saturday night&#8217;s Fleadh 2022.<br \/>\n&nbsp;<br \/>\n<strong>Director General of TG4, Alan Esslemont<\/strong> congratulated the success of Fleadh 2022 saying <em>&#8220;I would like to congratulate everyone who was involved in the multi-platform production of Fleadh 2022 with TG4 this year.  Congratulations to Comhaltas Ceolt\u00f3ir\u00ed \u00c9ireann on a successful return of Fleadh Cheoil na h\u00c9ireann in Mullingar. Fleadh 2022 reflects the ongoing partnership between TG4 and Comhaltas Ceolt\u00f3ir\u00ed \u00c9ireann building upon music, culture and community across the globe. Mo cheol sibh.&#8221;<\/em><\/p>\n<p>&nbsp;<\/p>\n","protected":false},"excerpt":{"rendered":"<p>&nbsp; After a two year break, Fleadh Cheoil na h\u00c9ireann was back in Mullingar where it began in 1951. TG4 broadcast live from the Fleadh each night from Friday 5th August to Sunday 7th August for ninety minutes each night. Presenters Daith\u00ed \u00d3 S\u00e9 and Doireann N\u00ed Ghlac\u00e1in were joined by Peadar \u00d3 Goill and [&hellip;]<\/p>\n","protected":false},"author":876,"featured_media":0,"parent":138173,"menu_order":26,"comment_status":"closed","ping_status":"closed","template":"page-templates\/template-pr.php","meta":{"_acf_changed":false,"footnotes":""},"acf":[],"yoast_head":"<!-- This site is optimized with the Yoast SEO plugin v22.6 - https:\/\/yoast.com\/wordpress\/plugins\/seo\/ -->\n<title>The highest ratings for Fleadh Cheoil na h\u00c9ireann on TG4 since 2017 | Press Release | TG4<\/title>\n<meta name=\"description\" content=\"Fleadh 2022 was the most watched Fleadh Cheoil on TG4 since 2017, and one of the most successful series since TG4 began broadcasting from Fleadh Cheoil na h\u00c9ireann in 2013.\" \/>\n<meta name=\"robots\" content=\"index, follow, max-snippet:-1, max-image-preview:large, max-video-preview:-1\" \/>\n<meta property=\"og:locale\" content=\"en_US\" \/>\n<meta property=\"og:type\" content=\"article\" \/>\n<meta property=\"og:title\" content=\"The highest ratings for Fleadh Cheoil na h\u00c9ireann on TG4 since 2017 | Press Release | TG4\" \/>\n<meta property=\"og:description\" content=\"Fleadh 2022 was the most watched Fleadh Cheoil on TG4 since 2017, and one of the most successful series since TG4 began broadcasting from Fleadh Cheoil na h\u00c9ireann in 2013.\" \/>\n<meta property=\"og:url\" content=\"https:\/\/dev.tg4.ie\/en\/information\/press\/press-releases\/2022-2\/the-highest-ratings-for-fleadh-cheoil-na-heireann-on-tg4-since-2017\/\" \/>\n<meta property=\"og:site_name\" content=\"TG4\" \/>\n<meta property=\"article:publisher\" content=\"https:\/\/www.facebook.com\/TG4TV\" \/>\n<meta property=\"article:modified_time\" content=\"2022-08-10T15:52:55+00:00\" \/>\n<meta property=\"og:image\" content=\"https:\/\/tg4-docs.s3.amazonaws.com\/wp-content\/uploads\/2022\/08\/10162457\/Fleadh_2022-Beo_Laithreoiri_1_1920x1080-700x394.jpg\" \/>\n<meta name=\"twitter:card\" content=\"summary_large_image\" \/>\n<meta name=\"twitter:image\" content=\"https:\/\/tg4-docs.s3.amazonaws.com\/wp-content\/uploads\/2022\/08\/10162457\/Fleadh_2022-Beo_Laithreoiri_1_1920x1080-700x394.jpg\" \/>\n<meta name=\"twitter:site\" content=\"@TG4TV\" \/>\n<meta name=\"twitter:label1\" content=\"Est. reading time\" \/>\n\t<meta name=\"twitter:data1\" content=\"3 minutes\" \/>\n<script type=\"application\/ld+json\" class=\"yoast-schema-graph\">{\"@context\":\"https:\/\/schema.org\",\"@graph\":[{\"@type\":\"WebPage\",\"@id\":\"https:\/\/dev.tg4.ie\/en\/information\/press\/press-releases\/2022-2\/the-highest-ratings-for-fleadh-cheoil-na-heireann-on-tg4-since-2017\/\",\"url\":\"https:\/\/dev.tg4.ie\/en\/information\/press\/press-releases\/2022-2\/the-highest-ratings-for-fleadh-cheoil-na-heireann-on-tg4-since-2017\/\",\"name\":\"The highest ratings for Fleadh Cheoil na h\u00c9ireann on TG4 since 2017 | Press Release | TG4\",\"isPartOf\":{\"@id\":\"https:\/\/dev.tg4.ie\/en\/#website\"},\"primaryImageOfPage\":{\"@id\":\"https:\/\/dev.tg4.ie\/en\/information\/press\/press-releases\/2022-2\/the-highest-ratings-for-fleadh-cheoil-na-heireann-on-tg4-since-2017\/#primaryimage\"},\"image\":{\"@id\":\"https:\/\/dev.tg4.ie\/en\/information\/press\/press-releases\/2022-2\/the-highest-ratings-for-fleadh-cheoil-na-heireann-on-tg4-since-2017\/#primaryimage\"},\"thumbnailUrl\":\"https:\/\/dev.tg4.ie\/wp-content\/uploads\/2022\/08\/Fleadh_2022-Beo_Laithreoiri_1_1920x1080.jpg\",\"datePublished\":\"2022-08-10T15:32:16+00:00\",\"dateModified\":\"2022-08-10T15:52:55+00:00\",\"description\":\"Fleadh 2022 was the most watched Fleadh Cheoil on TG4 since 2017, and one of the most successful series since TG4 began broadcasting from Fleadh Cheoil na h\u00c9ireann in 2013.\",\"breadcrumb\":{\"@id\":\"https:\/\/dev.tg4.ie\/en\/information\/press\/press-releases\/2022-2\/the-highest-ratings-for-fleadh-cheoil-na-heireann-on-tg4-since-2017\/#breadcrumb\"},\"inLanguage\":\"en-ie\",\"potentialAction\":[{\"@type\":\"ReadAction\",\"target\":[\"https:\/\/dev.tg4.ie\/en\/information\/press\/press-releases\/2022-2\/the-highest-ratings-for-fleadh-cheoil-na-heireann-on-tg4-since-2017\/\"]}]},{\"@type\":\"ImageObject\",\"inLanguage\":\"en-ie\",\"@id\":\"https:\/\/dev.tg4.ie\/en\/information\/press\/press-releases\/2022-2\/the-highest-ratings-for-fleadh-cheoil-na-heireann-on-tg4-since-2017\/#primaryimage\",\"url\":\"https:\/\/dev.tg4.ie\/wp-content\/uploads\/2022\/08\/Fleadh_2022-Beo_Laithreoiri_1_1920x1080.jpg\",\"contentUrl\":\"https:\/\/dev.tg4.ie\/wp-content\/uploads\/2022\/08\/Fleadh_2022-Beo_Laithreoiri_1_1920x1080.jpg\"},{\"@type\":\"BreadcrumbList\",\"@id\":\"https:\/\/dev.tg4.ie\/en\/information\/press\/press-releases\/2022-2\/the-highest-ratings-for-fleadh-cheoil-na-heireann-on-tg4-since-2017\/#breadcrumb\",\"itemListElement\":[{\"@type\":\"ListItem\",\"position\":1,\"name\":\"Home\",\"item\":\"https:\/\/dev.tg4.ie\/en\/\"},{\"@type\":\"ListItem\",\"position\":2,\"name\":\"Information\",\"item\":\"https:\/\/dev.tg4.ie\/en\/information\/\"},{\"@type\":\"ListItem\",\"position\":3,\"name\":\"Press\",\"item\":\"https:\/\/dev.tg4.ie\/en\/information\/press\/\"},{\"@type\":\"ListItem\",\"position\":4,\"name\":\"Press Releases\",\"item\":\"https:\/\/dev.tg4.ie\/en\/information\/press\/press-releases\/\"},{\"@type\":\"ListItem\",\"position\":5,\"name\":\"2022\",\"item\":\"https:\/\/dev.tg4.ie\/en\/information\/press\/press-releases\/2022-2\/\"},{\"@type\":\"ListItem\",\"position\":6,\"name\":\"The highest ratings for Fleadh Cheoil na h\u00c9ireann on TG4 since 2017\"}]},{\"@type\":\"WebSite\",\"@id\":\"https:\/\/dev.tg4.ie\/en\/#website\",\"url\":\"https:\/\/dev.tg4.ie\/en\/\",\"name\":\"TG4\",\"description\":\"S\u00fail Eile\",\"potentialAction\":[{\"@type\":\"SearchAction\",\"target\":{\"@type\":\"EntryPoint\",\"urlTemplate\":\"https:\/\/dev.tg4.ie\/en\/?s={search_term_string}\"},\"query-input\":\"required name=search_term_string\"}],\"inLanguage\":\"en-ie\"}]}<\/script>\n<!-- \/ Yoast SEO plugin. -->","yoast_head_json":{"title":"The highest ratings for Fleadh Cheoil na h\u00c9ireann on TG4 since 2017 | Press Release | TG4","description":"Fleadh 2022 was the most watched Fleadh Cheoil on TG4 since 2017, and one of the most successful series since TG4 began broadcasting from Fleadh Cheoil na h\u00c9ireann in 2013.","robots":{"index":"index","follow":"follow","max-snippet":"max-snippet:-1","max-image-preview":"max-image-preview:large","max-video-preview":"max-video-preview:-1"},"og_locale":"en_US","og_type":"article","og_title":"The highest ratings for Fleadh Cheoil na h\u00c9ireann on TG4 since 2017 | Press Release | TG4","og_description":"Fleadh 2022 was the most watched Fleadh Cheoil on TG4 since 2017, and one of the most successful series since TG4 began broadcasting from Fleadh Cheoil na h\u00c9ireann in 2013.","og_url":"https:\/\/dev.tg4.ie\/en\/information\/press\/press-releases\/2022-2\/the-highest-ratings-for-fleadh-cheoil-na-heireann-on-tg4-since-2017\/","og_site_name":"TG4","article_publisher":"https:\/\/www.facebook.com\/TG4TV","article_modified_time":"2022-08-10T15:52:55+00:00","og_image":[{"url":"https:\/\/tg4-docs.s3.amazonaws.com\/wp-content\/uploads\/2022\/08\/10162457\/Fleadh_2022-Beo_Laithreoiri_1_1920x1080-700x394.jpg"}],"twitter_card":"summary_large_image","twitter_image":"https:\/\/tg4-docs.s3.amazonaws.com\/wp-content\/uploads\/2022\/08\/10162457\/Fleadh_2022-Beo_Laithreoiri_1_1920x1080-700x394.jpg","twitter_site":"@TG4TV","twitter_misc":{"Est. reading time":"3 minutes"},"schema":{"@context":"https:\/\/schema.org","@graph":[{"@type":"WebPage","@id":"https:\/\/dev.tg4.ie\/en\/information\/press\/press-releases\/2022-2\/the-highest-ratings-for-fleadh-cheoil-na-heireann-on-tg4-since-2017\/","url":"https:\/\/dev.tg4.ie\/en\/information\/press\/press-releases\/2022-2\/the-highest-ratings-for-fleadh-cheoil-na-heireann-on-tg4-since-2017\/","name":"The highest ratings for Fleadh Cheoil na h\u00c9ireann on TG4 since 2017 | Press Release | TG4","isPartOf":{"@id":"https:\/\/dev.tg4.ie\/en\/#website"},"primaryImageOfPage":{"@id":"https:\/\/dev.tg4.ie\/en\/information\/press\/press-releases\/2022-2\/the-highest-ratings-for-fleadh-cheoil-na-heireann-on-tg4-since-2017\/#primaryimage"},"image":{"@id":"https:\/\/dev.tg4.ie\/en\/information\/press\/press-releases\/2022-2\/the-highest-ratings-for-fleadh-cheoil-na-heireann-on-tg4-since-2017\/#primaryimage"},"thumbnailUrl":"https:\/\/dev.tg4.ie\/wp-content\/uploads\/2022\/08\/Fleadh_2022-Beo_Laithreoiri_1_1920x1080.jpg","datePublished":"2022-08-10T15:32:16+00:00","dateModified":"2022-08-10T15:52:55+00:00","description":"Fleadh 2022 was the most watched Fleadh Cheoil on TG4 since 2017, and one of the most successful series since TG4 began broadcasting from Fleadh Cheoil na h\u00c9ireann in 2013.","breadcrumb":{"@id":"https:\/\/dev.tg4.ie\/en\/information\/press\/press-releases\/2022-2\/the-highest-ratings-for-fleadh-cheoil-na-heireann-on-tg4-since-2017\/#breadcrumb"},"inLanguage":"en-ie","potentialAction":[{"@type":"ReadAction","target":["https:\/\/dev.tg4.ie\/en\/information\/press\/press-releases\/2022-2\/the-highest-ratings-for-fleadh-cheoil-na-heireann-on-tg4-since-2017\/"]}]},{"@type":"ImageObject","inLanguage":"en-ie","@id":"https:\/\/dev.tg4.ie\/en\/information\/press\/press-releases\/2022-2\/the-highest-ratings-for-fleadh-cheoil-na-heireann-on-tg4-since-2017\/#primaryimage","url":"https:\/\/dev.tg4.ie\/wp-content\/uploads\/2022\/08\/Fleadh_2022-Beo_Laithreoiri_1_1920x1080.jpg","contentUrl":"https:\/\/dev.tg4.ie\/wp-content\/uploads\/2022\/08\/Fleadh_2022-Beo_Laithreoiri_1_1920x1080.jpg"},{"@type":"BreadcrumbList","@id":"https:\/\/dev.tg4.ie\/en\/information\/press\/press-releases\/2022-2\/the-highest-ratings-for-fleadh-cheoil-na-heireann-on-tg4-since-2017\/#breadcrumb","itemListElement":[{"@type":"ListItem","position":1,"name":"Home","item":"https:\/\/dev.tg4.ie\/en\/"},{"@type":"ListItem","position":2,"name":"Information","item":"https:\/\/dev.tg4.ie\/en\/information\/"},{"@type":"ListItem","position":3,"name":"Press","item":"https:\/\/dev.tg4.ie\/en\/information\/press\/"},{"@type":"ListItem","position":4,"name":"Press Releases","item":"https:\/\/dev.tg4.ie\/en\/information\/press\/press-releases\/"},{"@type":"ListItem","position":5,"name":"2022","item":"https:\/\/dev.tg4.ie\/en\/information\/press\/press-releases\/2022-2\/"},{"@type":"ListItem","position":6,"name":"The highest ratings for Fleadh Cheoil na h\u00c9ireann on TG4 since 2017"}]},{"@type":"WebSite","@id":"https:\/\/dev.tg4.ie\/en\/#website","url":"https:\/\/dev.tg4.ie\/en\/","name":"TG4","description":"S\u00fail Eile","potentialAction":[{"@type":"SearchAction","target":{"@type":"EntryPoint","urlTemplate":"https:\/\/dev.tg4.ie\/en\/?s={search_term_string}"},"query-input":"required name=search_term_string"}],"inLanguage":"en-ie"}]}},"_links":{"self":[{"href":"https:\/\/dev.tg4.ie\/en\/wp-json\/wp\/v2\/pages\/171625"}],"collection":[{"href":"https:\/\/dev.tg4.ie\/en\/wp-json\/wp\/v2\/pages"}],"about":[{"href":"https:\/\/dev.tg4.ie\/en\/wp-json\/wp\/v2\/types\/page"}],"author":[{"embeddable":true,"href":"https:\/\/dev.tg4.ie\/en\/wp-json\/wp\/v2\/users\/876"}],"replies":[{"embeddable":true,"href":"https:\/\/dev.tg4.ie\/en\/wp-json\/wp\/v2\/comments?post=171625"}],"version-history":[{"count":0,"href":"https:\/\/dev.tg4.ie\/en\/wp-json\/wp\/v2\/pages\/171625\/revisions"}],"up":[{"embeddable":true,"href":"https:\/\/dev.tg4.ie\/en\/wp-json\/wp\/v2\/pages\/138173"}],"wp:attachment":[{"href":"https:\/\/dev.tg4.ie\/en\/wp-json\/wp\/v2\/media?parent=171625"}],"curies":[{"name":"wp","href":"https:\/\/api.w.org\/{rel}","templated":true}]}}