{"id":171791,"date":"2022-08-22T12:01:18","date_gmt":"2022-08-22T11:01:18","guid":{"rendered":"https:\/\/dev.tg4.ie\/?page_id=171791"},"modified":"2022-08-22T12:01:18","modified_gmt":"2022-08-22T11:01:18","slug":"closeness-creativity-and-connection-celebrated-in-tg4s-autumn-schedule","status":"publish","type":"page","link":"https:\/\/dev.tg4.ie\/en\/information\/press\/press-releases\/2022-2\/closeness-creativity-and-connection-celebrated-in-tg4s-autumn-schedule\/","title":{"rendered":"Closeness, Creativity and Connection celebrated in TG4\u2019s Autumn Schedule"},"content":{"rendered":"<p><img loading=\"lazy\" decoding=\"async\" width=\"1920\" height=\"1080\" class=\"alignleft size-full wp-image-171788\" src=\"https:\/\/tg4-docs.s3.amazonaws.com\/wp-content\/uploads\/2022\/08\/19102628\/Seoladh_2022_Grainne_Seoige_1-1920x1080-1.jpg\" alt=\"\" srcset=\"https:\/\/tg4-docs.s3.amazonaws.com\/wp-content\/uploads\/2022\/08\/19102628\/Seoladh_2022_Grainne_Seoige_1-1920x1080-1.jpg 1920w, https:\/\/tg4-docs.s3.amazonaws.com\/wp-content\/uploads\/2022\/08\/19102628\/Seoladh_2022_Grainne_Seoige_1-1920x1080-1-250x141.jpg 250w, https:\/\/tg4-docs.s3.amazonaws.com\/wp-content\/uploads\/2022\/08\/19102628\/Seoladh_2022_Grainne_Seoige_1-1920x1080-1-700x394.jpg 700w, https:\/\/tg4-docs.s3.amazonaws.com\/wp-content\/uploads\/2022\/08\/19102628\/Seoladh_2022_Grainne_Seoige_1-1920x1080-1-252x141.jpg 252w, https:\/\/tg4-docs.s3.amazonaws.com\/wp-content\/uploads\/2022\/08\/19102628\/Seoladh_2022_Grainne_Seoige_1-1920x1080-1-1536x864.jpg 1536w, https:\/\/tg4-docs.s3.amazonaws.com\/wp-content\/uploads\/2022\/08\/19102628\/Seoladh_2022_Grainne_Seoige_1-1920x1080-1-120x68.jpg 120w\" sizes=\"(max-width: 1920px) 100vw, 1920px\" \/><br \/>\n&nbsp;<br \/>\n<strong><a href=\"https:\/\/twitter.com\/search?q=%23f%C3%B3mhar22&amp;src=typed_query\" target=\"_blank\" rel=\"noopener\">#F\u00f3mhar22<\/a><\/strong><br \/>\n&nbsp;<br \/>\n<strong>Press Pack and Images: <a href=\"https:\/\/dev.tg4.ie\/fomhar22\" target=\"_blank\" rel=\"noopener\">tg4.ie\/fomhar22<\/a><\/strong><br \/>\n&nbsp;<br \/>\nTG4 hosted its first in-person autumn schedule press launch in three years at an event in the Guinness Storehouse today. \u00a0This season\u2019s launch celebrates\u00a0<em>Closeness,<\/em>\u00a0<em>Creativity and Connection<\/em>\u00a0with a schedule featuring compelling factual programming, arts and culture, a true \u2018s\u00fail eile\u2019 on Ireland\u2019s sports, new drama for young people and world-class Irish language films in cinemas across the globe.<br \/>\n&nbsp;<br \/>\n<strong>Director General of TG4 Alan Esslemont<\/strong>\u00a0said, \u201c<em>The content of this year\u2019s autumn launch demonstrates the confidence and ambition of TG4\u2018s Post-Covid Vision. \u00a0<\/em><\/p>\n<p><em>TG4 welcomes the publication of the Future of Media Commission Report which recommends the establishment of a commission on Irish language media. While TG4 welcomes this proposal, it should not be used as an excuse to delay investment in existing Irish language media.\u00a0<\/em><\/p>\n<p><em>Proclaiming Irish as its first language and also a full European language, the Irish state should be a champion and role model for other European minority languages. Instead, the state risks damage to its reputation in this area by appearing as a half-hearted laggard, some might say a hoaxer. \u00a0In our own area of media, the Welsh and Basque language broadcasters each receive double the public funding of TG4.<\/em><\/p>\n<p><em>It is fitting on this day to honour the leadership qualities of Michael Collins, one hundred years after his death. \u00a0A child of Irish speakers, Collins recognised the damage done to the language by social minoritization and deprivation of status. \u00a0Collins wrote that the normalisation of Irish in Ireland would be \u201cthe biggest task\u201d for the fledgling state. \u00a0I appeal to this present government on September\u2019s Budget Day to honour the vision of Michael Collins and bring full-hearted vigour and investment to their strategies for the Irish language. \u00a0TG4 offers the state both its confidence and its ambition. Now is the time to move forward.\u201d<\/em><br \/>\n&nbsp;<br \/>\nTo mark the anniversary of the death of Michael Collins, Theo Dorgan uncovers the story of \u2018The Laughing Boy\u2019, a song written by Brendan Behan in memory of Michael Collins in a new documentary\u00a0<strong>An Buachaill Gealgh\u00e1ireach<\/strong>\u00a0directed by Alan Gilsenan on Wednesday night. \u00a0<strong>Ar Lorg na F\u00edrinne<\/strong>\u00a0follows the families of the victims of the troubles as they seek the truth about the death of their loved ones. Docudrama\u00a0<strong>\u00cdospartaigh na Lochlannach<\/strong>\u00a0explores the Viking slave trade through the eyes of two Irish slaves, Findan and Melkorka. \u00a0A new investigative current affairs series\u00a0<strong>Ini\u00fachadh TG4<\/strong>\u00a0presented by Kevin Magee will feature political stories, social issues, and analysis from all over Ireland.<br \/>\n&nbsp;<br \/>\nThree Female-led documentaries will explore the three ages of womanhood and the related effects on women at different stages of life. \u00a0Gr\u00e1inne Seoige takes us on a no-holds barred journey\u202finto one of the final taboos in today\u2019s world &#8211; the menopause in\u00a0<strong>Meanap\u00e1s: Meon Nua\u00a0<\/strong>with the goal of driving awareness around the change of life and a push for a campaign for a national menopause policy. Mary Kennedy tackles every element of the aging process for women head on including loneliness, concerns about physical and mental health as well as addressing taboos around what it means to age in Ireland in\u00a0<strong>Mary Kennedy: Fad Saoil<\/strong>. \u00a0S\u00edomha N\u00ed Ruairc examines the relationship that young women have with body image, waging a war on social media, filters,\u202fand body shaming to ensure that young women, including herself adopt a more accepting body image in\u00a0<strong>S\u00edomha: Idir Anam\u2018s Chorp<\/strong>.<br \/>\n&nbsp;<br \/>\nHector returns to his travels taking on an amazing trip from the Balkans of Eastern Europe to the Baltics of the North in\u00a0<strong>Hector Balkans go Baltics<\/strong>. \u00a0Musicians and Father and son, Breannd\u00e1n and Cormac \u00d3 Beaglaoich are on a musical journey together in their beloved campervan, Beauty travelling from Cork to Wicklow in\u00a0<strong>Sl\u00ed na<\/strong>\u00a0<strong>mBeaglaoich<\/strong>. \u00a0Doireann N\u00ed Ghlac\u00e1in heads off with her fiddle on her back, to find out what is happening at the heart of the traditional Irish music scene in four different areas around Ireland in new series\u00a0<strong>Ceolaireacht<\/strong>.<br \/>\n&nbsp;<br \/>\nBroadcaster M\u00e1irt\u00edn Tom She\u00e1in\u00edn is on a mission to find out where faith healing is practised around the country in\u00a0<strong>Cneasaithe<\/strong>. A year in the West Waterford Gaeltacht of An Rinn and An Seanphobal is observed in new four-part series\u00a0<strong>Ceithre Raithe sna D\u00e9ise<\/strong>. \u00a0<strong>Bailte<\/strong>\u00a0returns visiting the townlands of T\u00edr an Fhia in Connnemara, Rann na Feirste in Co. Donegal, B\u00e9al \u00c1th an Ghaorthaidh in Cork, and An Baile Riabhach on the Dingle Peninsula.<br \/>\n&nbsp;<br \/>\nIreland\u2019s landscape, history, and architecture are very different when seen from above.\u00a0<strong>R\u00fain \u00f3n Sp\u00e9ir<\/strong>\u00a0reveals the secrets of Ireland in new and unexpected ways. \u00a0<strong>Cois<\/strong>\u00a0<strong>M\u00f3ire<\/strong>\u00a0reveals the secrets of Munster\u2019s Blackwater River following the footsteps of Annraoi \u00d3 Liath\u00e1in\u2019s guidebook.<br \/>\n&nbsp;<br \/>\nArts series,\u00a0<strong>Imeall<\/strong>\u00a0is back this season on TG4. Beginning on Culture Night, Imeall provides a wonderful insight into the work of our leading arts practitioners.<br \/>\n&nbsp;<br \/>\nLive coverage of the United Rugby Championship begins on September 17 on\u00a0<strong>Rugba\u00ed Beo<\/strong>\u00a0with over 40 live games this season including exclusive terrestrial coverage of the URC Final. \u00a0Gr\u00e1inne McElwain learns more about GAA silverware around the country in new series\u00a0<strong>Sc\u00e9alta na gCorn<\/strong>.\u00a0<strong>Underdogs<\/strong>\u00a0is back with the clash of the ash this season. \u00a0The management team of John Allen; Claire O\u2019Connor and Jamie Wall are looking for squad with enough drive, skill and passion to take on one of the greatest hurling teams. The best GAA action all year round continues on\u00a0<strong>GAA Beo<\/strong>.<br \/>\n&nbsp;<br \/>\n<strong>Junior Eurovision<\/strong>\u00a0takes place in Armenia this year and for the first time ever, the public will have their say in choosing Ireland\u2019s young contestant.<br \/>\n&nbsp;<br \/>\nLoyal fans of\u00a0<strong>Ros na R\u00fan<\/strong>\u00a0eagerly await to see what will happen to Briain when the next season begins on September 6th. \u00a0A new drama series for young people\u00a0<strong>Saol<\/strong>\u00a0<strong>Ella<\/strong>\u00a0portrays the life of Ella a thirteen-year-old girl with a wish-list for the summer, to find a potential suitor and more importantly, to have her first kiss.<br \/>\n&nbsp;<br \/>\nTG4 is expanding upon its\u00a0<em>TG4 Gach \u00c1it<\/em>\u00a0strategy again this season with a focus on prominence of Irish-language content. \u00a0\u00a0<strong>R\u00f3ise &amp; Frank\u00a0<\/strong>an Irish-language feature film from the Cine4 scheme by TG4, Screen Ireland and BAI, will have a cinema release nationwide from September 16th.<br \/>\n&nbsp;<br \/>\n<strong>An Cail\u00edn Ci\u00fain<\/strong>, recently selected by IFTA as Ireland&#8217;s entry for &#8216;Best International Feature Film&#8217; at the 95th Academy Awards. \u00a0The Best International Film contenders will be shortlisted from approximately 100 films to 15 international finalists on December 21st. Insc\u00e9al, the production company behind the film is on the verge of a US distribution deal which will see An Cail\u00edn Ci\u00fain released in cinemas across America.<br \/>\n&nbsp;<br \/>\nTwo other films from the Cine4 scheme,\u00a0<strong>Arracht<\/strong>\u00a0and\u00a0<strong>Foscadh\u00a0<\/strong>will have their television premieres on TG4 this autumn.<br \/>\n&nbsp;<br \/>\nTG4 will be available on Sky Glass which will launch in Ireland later this week. Exclusive drama boxsets from Norway, Sweden and Iceland will launch this season on the TG4 Player, available worldwide on IOS, Android and on Smart TVs and a digital-first music series\u00a0<strong>Snugcheol\u00a0<\/strong>will see and hear tunes from some of our favourite traditional musicians in some of the most famous and quirky snugs in the country.<br \/>\n&nbsp;<br \/>\n<strong>MOLSC\u00c9AL<\/strong>\u00a0will continue to tell the stories of the Gaeltacht and Irish language communities on social media and\u00a0<strong>BLOC<\/strong>\u00a0will give a new insight into the lives of young people in the Gaeltacht with a new series \u00d3g sa nGaeltacht starting soon.<br \/>\n&nbsp;<br \/>\nFor more on TG4\u2019s autumn schedule 2022 visit\u00a0<a href=\"https:\/\/dev.tg4.ie\/fomhar22\" rel=\"noopener\" target=\"_blank\">tg4.ie\/fomhar22<\/a><br \/>\n&nbsp;<br \/>\n&nbsp;<\/p>\n","protected":false},"excerpt":{"rendered":"<p>&nbsp; #F\u00f3mhar22 &nbsp; Press Pack and Images: tg4.ie\/fomhar22 &nbsp; TG4 hosted its first in-person autumn schedule press launch in three years at an event in the Guinness Storehouse today. \u00a0This season\u2019s launch celebrates\u00a0Closeness,\u00a0Creativity and Connection\u00a0with a schedule featuring compelling factual programming, arts and culture, a true \u2018s\u00fail eile\u2019 on Ireland\u2019s sports, new drama for young [&hellip;]<\/p>\n","protected":false},"author":876,"featured_media":0,"parent":138173,"menu_order":27,"comment_status":"closed","ping_status":"closed","template":"page-templates\/template-pr.php","meta":{"_acf_changed":false,"footnotes":""},"acf":[],"yoast_head":"<!-- This site is optimized with the Yoast SEO plugin v22.6 - https:\/\/yoast.com\/wordpress\/plugins\/seo\/ -->\n<title>Closeness, Creativity and Connection celebrated in TG4\u2019s Autumn Schedule | Press Release | TG4<\/title>\n<meta name=\"description\" content=\"TG4 hosted its first in-person autumn schedule press launch in three years at an event in the Guinness Storehouse today.\" \/>\n<meta name=\"robots\" content=\"index, follow, max-snippet:-1, max-image-preview:large, max-video-preview:-1\" \/>\n<meta property=\"og:locale\" content=\"en_US\" \/>\n<meta property=\"og:type\" content=\"article\" \/>\n<meta property=\"og:title\" content=\"Closeness, Creativity and Connection celebrated in TG4\u2019s Autumn Schedule | Press Release | TG4\" \/>\n<meta property=\"og:description\" content=\"TG4 hosted its first in-person autumn schedule press launch in three years at an event in the Guinness Storehouse today.\" \/>\n<meta property=\"og:url\" content=\"https:\/\/dev.tg4.ie\/en\/information\/press\/press-releases\/2022-2\/closeness-creativity-and-connection-celebrated-in-tg4s-autumn-schedule\/\" \/>\n<meta property=\"og:site_name\" content=\"TG4\" \/>\n<meta property=\"article:publisher\" content=\"https:\/\/www.facebook.com\/TG4TV\" \/>\n<meta property=\"og:image\" content=\"https:\/\/tg4-docs.s3.amazonaws.com\/wp-content\/uploads\/2022\/08\/19102628\/Seoladh_2022_Grainne_Seoige_1-1920x1080-1-700x394.jpg\" \/>\n<meta name=\"twitter:card\" content=\"summary_large_image\" \/>\n<meta name=\"twitter:image\" content=\"https:\/\/tg4-docs.s3.amazonaws.com\/wp-content\/uploads\/2022\/08\/19102628\/Seoladh_2022_Grainne_Seoige_1-1920x1080-1-700x394.jpg\" \/>\n<meta name=\"twitter:site\" content=\"@TG4TV\" \/>\n<meta name=\"twitter:label1\" content=\"Est. reading time\" \/>\n\t<meta name=\"twitter:data1\" content=\"6 minutes\" \/>\n<script type=\"application\/ld+json\" class=\"yoast-schema-graph\">{\"@context\":\"https:\/\/schema.org\",\"@graph\":[{\"@type\":\"WebPage\",\"@id\":\"https:\/\/dev.tg4.ie\/en\/information\/press\/press-releases\/2022-2\/closeness-creativity-and-connection-celebrated-in-tg4s-autumn-schedule\/\",\"url\":\"https:\/\/dev.tg4.ie\/en\/information\/press\/press-releases\/2022-2\/closeness-creativity-and-connection-celebrated-in-tg4s-autumn-schedule\/\",\"name\":\"Closeness, Creativity and Connection celebrated in TG4\u2019s Autumn Schedule | Press Release | TG4\",\"isPartOf\":{\"@id\":\"https:\/\/dev.tg4.ie\/en\/#website\"},\"primaryImageOfPage\":{\"@id\":\"https:\/\/dev.tg4.ie\/en\/information\/press\/press-releases\/2022-2\/closeness-creativity-and-connection-celebrated-in-tg4s-autumn-schedule\/#primaryimage\"},\"image\":{\"@id\":\"https:\/\/dev.tg4.ie\/en\/information\/press\/press-releases\/2022-2\/closeness-creativity-and-connection-celebrated-in-tg4s-autumn-schedule\/#primaryimage\"},\"thumbnailUrl\":\"https:\/\/dev.tg4.ie\/wp-content\/uploads\/2022\/08\/Seoladh_2022_Grainne_Seoige_1-1920x1080-1.jpg\",\"datePublished\":\"2022-08-22T11:01:18+00:00\",\"dateModified\":\"2022-08-22T11:01:18+00:00\",\"description\":\"TG4 hosted its first in-person autumn schedule press launch in three years at an event in the Guinness Storehouse today.\",\"breadcrumb\":{\"@id\":\"https:\/\/dev.tg4.ie\/en\/information\/press\/press-releases\/2022-2\/closeness-creativity-and-connection-celebrated-in-tg4s-autumn-schedule\/#breadcrumb\"},\"inLanguage\":\"en-ie\",\"potentialAction\":[{\"@type\":\"ReadAction\",\"target\":[\"https:\/\/dev.tg4.ie\/en\/information\/press\/press-releases\/2022-2\/closeness-creativity-and-connection-celebrated-in-tg4s-autumn-schedule\/\"]}]},{\"@type\":\"ImageObject\",\"inLanguage\":\"en-ie\",\"@id\":\"https:\/\/dev.tg4.ie\/en\/information\/press\/press-releases\/2022-2\/closeness-creativity-and-connection-celebrated-in-tg4s-autumn-schedule\/#primaryimage\",\"url\":\"https:\/\/dev.tg4.ie\/wp-content\/uploads\/2022\/08\/Seoladh_2022_Grainne_Seoige_1-1920x1080-1.jpg\",\"contentUrl\":\"https:\/\/dev.tg4.ie\/wp-content\/uploads\/2022\/08\/Seoladh_2022_Grainne_Seoige_1-1920x1080-1.jpg\"},{\"@type\":\"BreadcrumbList\",\"@id\":\"https:\/\/dev.tg4.ie\/en\/information\/press\/press-releases\/2022-2\/closeness-creativity-and-connection-celebrated-in-tg4s-autumn-schedule\/#breadcrumb\",\"itemListElement\":[{\"@type\":\"ListItem\",\"position\":1,\"name\":\"Home\",\"item\":\"https:\/\/dev.tg4.ie\/en\/\"},{\"@type\":\"ListItem\",\"position\":2,\"name\":\"Information\",\"item\":\"https:\/\/dev.tg4.ie\/en\/information\/\"},{\"@type\":\"ListItem\",\"position\":3,\"name\":\"Press\",\"item\":\"https:\/\/dev.tg4.ie\/en\/information\/press\/\"},{\"@type\":\"ListItem\",\"position\":4,\"name\":\"Press Releases\",\"item\":\"https:\/\/dev.tg4.ie\/en\/information\/press\/press-releases\/\"},{\"@type\":\"ListItem\",\"position\":5,\"name\":\"2022\",\"item\":\"https:\/\/dev.tg4.ie\/en\/information\/press\/press-releases\/2022-2\/\"},{\"@type\":\"ListItem\",\"position\":6,\"name\":\"Closeness, Creativity and Connection celebrated in TG4\u2019s Autumn Schedule\"}]},{\"@type\":\"WebSite\",\"@id\":\"https:\/\/dev.tg4.ie\/en\/#website\",\"url\":\"https:\/\/dev.tg4.ie\/en\/\",\"name\":\"TG4\",\"description\":\"S\u00fail Eile\",\"potentialAction\":[{\"@type\":\"SearchAction\",\"target\":{\"@type\":\"EntryPoint\",\"urlTemplate\":\"https:\/\/dev.tg4.ie\/en\/?s={search_term_string}\"},\"query-input\":\"required name=search_term_string\"}],\"inLanguage\":\"en-ie\"}]}<\/script>\n<!-- \/ Yoast SEO plugin. -->","yoast_head_json":{"title":"Closeness, Creativity and Connection celebrated in TG4\u2019s Autumn Schedule | Press Release | TG4","description":"TG4 hosted its first in-person autumn schedule press launch in three years at an event in the Guinness Storehouse today.","robots":{"index":"index","follow":"follow","max-snippet":"max-snippet:-1","max-image-preview":"max-image-preview:large","max-video-preview":"max-video-preview:-1"},"og_locale":"en_US","og_type":"article","og_title":"Closeness, Creativity and Connection celebrated in TG4\u2019s Autumn Schedule | Press Release | TG4","og_description":"TG4 hosted its first in-person autumn schedule press launch in three years at an event in the Guinness Storehouse today.","og_url":"https:\/\/dev.tg4.ie\/en\/information\/press\/press-releases\/2022-2\/closeness-creativity-and-connection-celebrated-in-tg4s-autumn-schedule\/","og_site_name":"TG4","article_publisher":"https:\/\/www.facebook.com\/TG4TV","og_image":[{"url":"https:\/\/tg4-docs.s3.amazonaws.com\/wp-content\/uploads\/2022\/08\/19102628\/Seoladh_2022_Grainne_Seoige_1-1920x1080-1-700x394.jpg"}],"twitter_card":"summary_large_image","twitter_image":"https:\/\/tg4-docs.s3.amazonaws.com\/wp-content\/uploads\/2022\/08\/19102628\/Seoladh_2022_Grainne_Seoige_1-1920x1080-1-700x394.jpg","twitter_site":"@TG4TV","twitter_misc":{"Est. reading time":"6 minutes"},"schema":{"@context":"https:\/\/schema.org","@graph":[{"@type":"WebPage","@id":"https:\/\/dev.tg4.ie\/en\/information\/press\/press-releases\/2022-2\/closeness-creativity-and-connection-celebrated-in-tg4s-autumn-schedule\/","url":"https:\/\/dev.tg4.ie\/en\/information\/press\/press-releases\/2022-2\/closeness-creativity-and-connection-celebrated-in-tg4s-autumn-schedule\/","name":"Closeness, Creativity and Connection celebrated in TG4\u2019s Autumn Schedule | Press Release | TG4","isPartOf":{"@id":"https:\/\/dev.tg4.ie\/en\/#website"},"primaryImageOfPage":{"@id":"https:\/\/dev.tg4.ie\/en\/information\/press\/press-releases\/2022-2\/closeness-creativity-and-connection-celebrated-in-tg4s-autumn-schedule\/#primaryimage"},"image":{"@id":"https:\/\/dev.tg4.ie\/en\/information\/press\/press-releases\/2022-2\/closeness-creativity-and-connection-celebrated-in-tg4s-autumn-schedule\/#primaryimage"},"thumbnailUrl":"https:\/\/dev.tg4.ie\/wp-content\/uploads\/2022\/08\/Seoladh_2022_Grainne_Seoige_1-1920x1080-1.jpg","datePublished":"2022-08-22T11:01:18+00:00","dateModified":"2022-08-22T11:01:18+00:00","description":"TG4 hosted its first in-person autumn schedule press launch in three years at an event in the Guinness Storehouse today.","breadcrumb":{"@id":"https:\/\/dev.tg4.ie\/en\/information\/press\/press-releases\/2022-2\/closeness-creativity-and-connection-celebrated-in-tg4s-autumn-schedule\/#breadcrumb"},"inLanguage":"en-ie","potentialAction":[{"@type":"ReadAction","target":["https:\/\/dev.tg4.ie\/en\/information\/press\/press-releases\/2022-2\/closeness-creativity-and-connection-celebrated-in-tg4s-autumn-schedule\/"]}]},{"@type":"ImageObject","inLanguage":"en-ie","@id":"https:\/\/dev.tg4.ie\/en\/information\/press\/press-releases\/2022-2\/closeness-creativity-and-connection-celebrated-in-tg4s-autumn-schedule\/#primaryimage","url":"https:\/\/dev.tg4.ie\/wp-content\/uploads\/2022\/08\/Seoladh_2022_Grainne_Seoige_1-1920x1080-1.jpg","contentUrl":"https:\/\/dev.tg4.ie\/wp-content\/uploads\/2022\/08\/Seoladh_2022_Grainne_Seoige_1-1920x1080-1.jpg"},{"@type":"BreadcrumbList","@id":"https:\/\/dev.tg4.ie\/en\/information\/press\/press-releases\/2022-2\/closeness-creativity-and-connection-celebrated-in-tg4s-autumn-schedule\/#breadcrumb","itemListElement":[{"@type":"ListItem","position":1,"name":"Home","item":"https:\/\/dev.tg4.ie\/en\/"},{"@type":"ListItem","position":2,"name":"Information","item":"https:\/\/dev.tg4.ie\/en\/information\/"},{"@type":"ListItem","position":3,"name":"Press","item":"https:\/\/dev.tg4.ie\/en\/information\/press\/"},{"@type":"ListItem","position":4,"name":"Press Releases","item":"https:\/\/dev.tg4.ie\/en\/information\/press\/press-releases\/"},{"@type":"ListItem","position":5,"name":"2022","item":"https:\/\/dev.tg4.ie\/en\/information\/press\/press-releases\/2022-2\/"},{"@type":"ListItem","position":6,"name":"Closeness, Creativity and Connection celebrated in TG4\u2019s Autumn Schedule"}]},{"@type":"WebSite","@id":"https:\/\/dev.tg4.ie\/en\/#website","url":"https:\/\/dev.tg4.ie\/en\/","name":"TG4","description":"S\u00fail Eile","potentialAction":[{"@type":"SearchAction","target":{"@type":"EntryPoint","urlTemplate":"https:\/\/dev.tg4.ie\/en\/?s={search_term_string}"},"query-input":"required name=search_term_string"}],"inLanguage":"en-ie"}]}},"_links":{"self":[{"href":"https:\/\/dev.tg4.ie\/en\/wp-json\/wp\/v2\/pages\/171791"}],"collection":[{"href":"https:\/\/dev.tg4.ie\/en\/wp-json\/wp\/v2\/pages"}],"about":[{"href":"https:\/\/dev.tg4.ie\/en\/wp-json\/wp\/v2\/types\/page"}],"author":[{"embeddable":true,"href":"https:\/\/dev.tg4.ie\/en\/wp-json\/wp\/v2\/users\/876"}],"replies":[{"embeddable":true,"href":"https:\/\/dev.tg4.ie\/en\/wp-json\/wp\/v2\/comments?post=171791"}],"version-history":[{"count":0,"href":"https:\/\/dev.tg4.ie\/en\/wp-json\/wp\/v2\/pages\/171791\/revisions"}],"up":[{"embeddable":true,"href":"https:\/\/dev.tg4.ie\/en\/wp-json\/wp\/v2\/pages\/138173"}],"wp:attachment":[{"href":"https:\/\/dev.tg4.ie\/en\/wp-json\/wp\/v2\/media?parent=171791"}],"curies":[{"name":"wp","href":"https:\/\/api.w.org\/{rel}","templated":true}]}}