{"id":172004,"date":"2022-08-29T15:06:03","date_gmt":"2022-08-29T14:06:03","guid":{"rendered":"https:\/\/dev.tg4.ie\/?page_id=172004"},"modified":"2022-08-29T15:08:16","modified_gmt":"2022-08-29T14:08:16","slug":"tg4-and-udaras-na-gaeltachta-announce-a-new-drama-development-scheme-specifically-for-producers-in-donegal","status":"publish","type":"page","link":"https:\/\/dev.tg4.ie\/en\/information\/press\/press-releases\/2022-2\/tg4-and-udaras-na-gaeltachta-announce-a-new-drama-development-scheme-specifically-for-producers-in-donegal\/","title":{"rendered":"TG4 and \u00dadar\u00e1s na Gaeltachta announce a new drama development scheme specifically for Producers in Donegal"},"content":{"rendered":"<p><img loading=\"lazy\" decoding=\"async\" width=\"1920\" height=\"1080\" src=\"https:\/\/tg4-docs.s3.amazonaws.com\/wp-content\/uploads\/2022\/08\/29145838\/TG4_agus_Udaras_2022_1-1920x1080-1.jpg\" alt=\"\" class=\"alignleft size-full wp-image-172002\" srcset=\"https:\/\/tg4-docs.s3.amazonaws.com\/wp-content\/uploads\/2022\/08\/29145838\/TG4_agus_Udaras_2022_1-1920x1080-1.jpg 1920w, https:\/\/tg4-docs.s3.amazonaws.com\/wp-content\/uploads\/2022\/08\/29145838\/TG4_agus_Udaras_2022_1-1920x1080-1-250x141.jpg 250w, https:\/\/tg4-docs.s3.amazonaws.com\/wp-content\/uploads\/2022\/08\/29145838\/TG4_agus_Udaras_2022_1-1920x1080-1-700x394.jpg 700w, https:\/\/tg4-docs.s3.amazonaws.com\/wp-content\/uploads\/2022\/08\/29145838\/TG4_agus_Udaras_2022_1-1920x1080-1-252x141.jpg 252w, https:\/\/tg4-docs.s3.amazonaws.com\/wp-content\/uploads\/2022\/08\/29145838\/TG4_agus_Udaras_2022_1-1920x1080-1-1536x864.jpg 1536w, https:\/\/tg4-docs.s3.amazonaws.com\/wp-content\/uploads\/2022\/08\/29145838\/TG4_agus_Udaras_2022_1-1920x1080-1-120x68.jpg 120w\" sizes=\"(max-width: 1920px) 100vw, 1920px\" \/><br \/>\n&nbsp;<br \/>\nTG4 and \u00dadar\u00e1s na Gaeltachta announced the details of a new drama development scheme specifically for television producers in Donegal at an event today in Gaoth Dobhair. The aim of the new scheme is to boost the audiovisual industry in the Donegal Gaeltacht. Expressions of interest are being sought from qualified production companies to develop and produce a drama series that will be set in Ulster and will be broadcast during prime-time on TG4. The series will be a six-part, with each episode fifty minutes in duration, and have the potential to be re-commissioned on an annual basis.<br \/>\n&nbsp;<br \/>\nThe drama series sought will be contemporary and set in Ulster for a general audience. Ideas that are bold and creative are sought. Applicants should have a strong drama background and a good grasp of storytelling. The drama script must be written in Irish, aimed at habitual Irish speakers while also attracting a wider English speaking audience.<br \/>\n&nbsp;<br \/>\nCo-funding opportunities will be available for the successful company.  TG4 and \u00dadar\u00e1s na Gaeltachta will collaborate to support the successful company with development opportunities specifically for the needs of this series, including the development of script storytelling and appropriate production facilities.<br \/>\n&nbsp;<br \/>\nProduction on the new series is expected to begin in Autumn 2023 and will air on TG4 in 2024.<br \/>\n&nbsp;<br \/>\n<strong>TG4 Director General, Alan Esslemont<\/strong> said at the launch of the scheme today, <em>&#8220;I am pleased to announce this important scheme today in collaboration with \u00dadar\u00e1s na Gaeltachta. The development of the independent production sector in Gaeltacht regions is one of TG4&#8217;s targets in our Post Covid Vision.  TG4 wants to strengthen and develop the sector here in the Donegal Gaeltacht. This community has a flair for drama and storytelling and have produced successful drama for TG4 in the past including C.U.Burn. We want to add to that legacy and create new opportunities and supports for creative companies here which will also underpin the local economy.\u201d<\/em><br \/>\n&nbsp;<br \/>\n<strong>Miche\u00e1l \u00d3 h\u00c9anaigh, Chief Executive of \u00dadar\u00e1s na Gaeltachta<\/strong>, said: <em>&#8220;\u00dadar\u00e1s na Gaeltachta welcomes this innovative scheme; \u00dadar\u00e1s na Gaeltachta has a long association with the audiovisual sector since its beginning in Gaeltacht regions.  We are happy that we can support this scheme and contribute to our ongoing partnership with TG4 and to the aims of \u00dadar\u00e1s na Gaeltachta in relation to the development of the television sector in Gaeltacht regions.&#8221;<\/em><br \/>\n&nbsp;<br \/>\nFor more information about the scheme, contact TG4&#8217;s Commissioning Manager, Mary Ellen N\u00ed Chual\u00e1in, <a href=\"mailto:maryellen.ni.chualain@dev.tg4.ie\" rel=\"noopener\" target=\"_blank\">maryellen.ni.chualain@dev.tg4.ie<\/a><br \/>\n&nbsp;<\/p>\n","protected":false},"excerpt":{"rendered":"<p>&nbsp; TG4 and \u00dadar\u00e1s na Gaeltachta announced the details of a new drama development scheme specifically for television producers in Donegal at an event today in Gaoth Dobhair. The aim of the new scheme is to boost the audiovisual industry in the Donegal Gaeltacht. Expressions of interest are being sought from qualified production companies to [&hellip;]<\/p>\n","protected":false},"author":876,"featured_media":0,"parent":138173,"menu_order":28,"comment_status":"closed","ping_status":"closed","template":"page-templates\/template-pr.php","meta":{"_acf_changed":false,"footnotes":""},"acf":[],"yoast_head":"<!-- This site is optimized with the Yoast SEO plugin v22.6 - https:\/\/yoast.com\/wordpress\/plugins\/seo\/ -->\n<title>TG4 and \u00dadar\u00e1s na Gaeltachta announce a new drama development scheme specifically for Producers in Donegal | Press Release | TG4<\/title>\n<meta name=\"description\" content=\"TG4 and \u00dadar\u00e1s na Gaeltachta announced the details of a new drama development scheme specifically for television producers in Donegal at an event today in Gaoth Dobhair.\" \/>\n<meta name=\"robots\" content=\"index, follow, max-snippet:-1, max-image-preview:large, max-video-preview:-1\" \/>\n<meta property=\"og:locale\" content=\"en_US\" \/>\n<meta property=\"og:type\" content=\"article\" \/>\n<meta property=\"og:title\" content=\"TG4 and \u00dadar\u00e1s na Gaeltachta announce a new drama development scheme specifically for Producers in Donegal | Press Release | TG4\" \/>\n<meta property=\"og:description\" content=\"TG4 and \u00dadar\u00e1s na Gaeltachta announced the details of a new drama development scheme specifically for television producers in Donegal at an event today in Gaoth Dobhair.\" \/>\n<meta property=\"og:url\" content=\"https:\/\/dev.tg4.ie\/en\/information\/press\/press-releases\/2022-2\/tg4-and-udaras-na-gaeltachta-announce-a-new-drama-development-scheme-specifically-for-producers-in-donegal\/\" \/>\n<meta property=\"og:site_name\" content=\"TG4\" \/>\n<meta property=\"article:publisher\" content=\"https:\/\/www.facebook.com\/TG4TV\" \/>\n<meta property=\"article:modified_time\" content=\"2022-08-29T14:08:16+00:00\" \/>\n<meta property=\"og:image\" content=\"https:\/\/tg4-docs.s3.amazonaws.com\/wp-content\/uploads\/2022\/08\/29145838\/TG4_agus_Udaras_2022_1-1920x1080-1-700x394.jpg\" \/>\n<meta name=\"twitter:card\" content=\"summary_large_image\" \/>\n<meta name=\"twitter:image\" content=\"https:\/\/tg4-docs.s3.amazonaws.com\/wp-content\/uploads\/2022\/08\/29145838\/TG4_agus_Udaras_2022_1-1920x1080-1-700x394.jpg\" \/>\n<meta name=\"twitter:site\" content=\"@TG4TV\" \/>\n<meta name=\"twitter:label1\" content=\"Est. reading time\" \/>\n\t<meta name=\"twitter:data1\" content=\"2 minutes\" \/>\n<script type=\"application\/ld+json\" class=\"yoast-schema-graph\">{\"@context\":\"https:\/\/schema.org\",\"@graph\":[{\"@type\":\"WebPage\",\"@id\":\"https:\/\/dev.tg4.ie\/en\/information\/press\/press-releases\/2022-2\/tg4-and-udaras-na-gaeltachta-announce-a-new-drama-development-scheme-specifically-for-producers-in-donegal\/\",\"url\":\"https:\/\/dev.tg4.ie\/en\/information\/press\/press-releases\/2022-2\/tg4-and-udaras-na-gaeltachta-announce-a-new-drama-development-scheme-specifically-for-producers-in-donegal\/\",\"name\":\"TG4 and \u00dadar\u00e1s na Gaeltachta announce a new drama development scheme specifically for Producers in Donegal | Press Release | TG4\",\"isPartOf\":{\"@id\":\"https:\/\/dev.tg4.ie\/en\/#website\"},\"primaryImageOfPage\":{\"@id\":\"https:\/\/dev.tg4.ie\/en\/information\/press\/press-releases\/2022-2\/tg4-and-udaras-na-gaeltachta-announce-a-new-drama-development-scheme-specifically-for-producers-in-donegal\/#primaryimage\"},\"image\":{\"@id\":\"https:\/\/dev.tg4.ie\/en\/information\/press\/press-releases\/2022-2\/tg4-and-udaras-na-gaeltachta-announce-a-new-drama-development-scheme-specifically-for-producers-in-donegal\/#primaryimage\"},\"thumbnailUrl\":\"https:\/\/dev.tg4.ie\/wp-content\/uploads\/2022\/08\/TG4_agus_Udaras_2022_1-1920x1080-1.jpg\",\"datePublished\":\"2022-08-29T14:06:03+00:00\",\"dateModified\":\"2022-08-29T14:08:16+00:00\",\"description\":\"TG4 and \u00dadar\u00e1s na Gaeltachta announced the details of a new drama development scheme specifically for television producers in Donegal at an event today in Gaoth Dobhair.\",\"breadcrumb\":{\"@id\":\"https:\/\/dev.tg4.ie\/en\/information\/press\/press-releases\/2022-2\/tg4-and-udaras-na-gaeltachta-announce-a-new-drama-development-scheme-specifically-for-producers-in-donegal\/#breadcrumb\"},\"inLanguage\":\"en-ie\",\"potentialAction\":[{\"@type\":\"ReadAction\",\"target\":[\"https:\/\/dev.tg4.ie\/en\/information\/press\/press-releases\/2022-2\/tg4-and-udaras-na-gaeltachta-announce-a-new-drama-development-scheme-specifically-for-producers-in-donegal\/\"]}]},{\"@type\":\"ImageObject\",\"inLanguage\":\"en-ie\",\"@id\":\"https:\/\/dev.tg4.ie\/en\/information\/press\/press-releases\/2022-2\/tg4-and-udaras-na-gaeltachta-announce-a-new-drama-development-scheme-specifically-for-producers-in-donegal\/#primaryimage\",\"url\":\"https:\/\/dev.tg4.ie\/wp-content\/uploads\/2022\/08\/TG4_agus_Udaras_2022_1-1920x1080-1.jpg\",\"contentUrl\":\"https:\/\/dev.tg4.ie\/wp-content\/uploads\/2022\/08\/TG4_agus_Udaras_2022_1-1920x1080-1.jpg\"},{\"@type\":\"BreadcrumbList\",\"@id\":\"https:\/\/dev.tg4.ie\/en\/information\/press\/press-releases\/2022-2\/tg4-and-udaras-na-gaeltachta-announce-a-new-drama-development-scheme-specifically-for-producers-in-donegal\/#breadcrumb\",\"itemListElement\":[{\"@type\":\"ListItem\",\"position\":1,\"name\":\"Home\",\"item\":\"https:\/\/dev.tg4.ie\/en\/\"},{\"@type\":\"ListItem\",\"position\":2,\"name\":\"Information\",\"item\":\"https:\/\/dev.tg4.ie\/en\/information\/\"},{\"@type\":\"ListItem\",\"position\":3,\"name\":\"Press\",\"item\":\"https:\/\/dev.tg4.ie\/en\/information\/press\/\"},{\"@type\":\"ListItem\",\"position\":4,\"name\":\"Press Releases\",\"item\":\"https:\/\/dev.tg4.ie\/en\/information\/press\/press-releases\/\"},{\"@type\":\"ListItem\",\"position\":5,\"name\":\"2022\",\"item\":\"https:\/\/dev.tg4.ie\/en\/information\/press\/press-releases\/2022-2\/\"},{\"@type\":\"ListItem\",\"position\":6,\"name\":\"TG4 and \u00dadar\u00e1s na Gaeltachta announce a new drama development scheme specifically for Producers in Donegal\"}]},{\"@type\":\"WebSite\",\"@id\":\"https:\/\/dev.tg4.ie\/en\/#website\",\"url\":\"https:\/\/dev.tg4.ie\/en\/\",\"name\":\"TG4\",\"description\":\"S\u00fail Eile\",\"potentialAction\":[{\"@type\":\"SearchAction\",\"target\":{\"@type\":\"EntryPoint\",\"urlTemplate\":\"https:\/\/dev.tg4.ie\/en\/?s={search_term_string}\"},\"query-input\":\"required name=search_term_string\"}],\"inLanguage\":\"en-ie\"}]}<\/script>\n<!-- \/ Yoast SEO plugin. -->","yoast_head_json":{"title":"TG4 and \u00dadar\u00e1s na Gaeltachta announce a new drama development scheme specifically for Producers in Donegal | Press Release | TG4","description":"TG4 and \u00dadar\u00e1s na Gaeltachta announced the details of a new drama development scheme specifically for television producers in Donegal at an event today in Gaoth Dobhair.","robots":{"index":"index","follow":"follow","max-snippet":"max-snippet:-1","max-image-preview":"max-image-preview:large","max-video-preview":"max-video-preview:-1"},"og_locale":"en_US","og_type":"article","og_title":"TG4 and \u00dadar\u00e1s na Gaeltachta announce a new drama development scheme specifically for Producers in Donegal | Press Release | TG4","og_description":"TG4 and \u00dadar\u00e1s na Gaeltachta announced the details of a new drama development scheme specifically for television producers in Donegal at an event today in Gaoth Dobhair.","og_url":"https:\/\/dev.tg4.ie\/en\/information\/press\/press-releases\/2022-2\/tg4-and-udaras-na-gaeltachta-announce-a-new-drama-development-scheme-specifically-for-producers-in-donegal\/","og_site_name":"TG4","article_publisher":"https:\/\/www.facebook.com\/TG4TV","article_modified_time":"2022-08-29T14:08:16+00:00","og_image":[{"url":"https:\/\/tg4-docs.s3.amazonaws.com\/wp-content\/uploads\/2022\/08\/29145838\/TG4_agus_Udaras_2022_1-1920x1080-1-700x394.jpg"}],"twitter_card":"summary_large_image","twitter_image":"https:\/\/tg4-docs.s3.amazonaws.com\/wp-content\/uploads\/2022\/08\/29145838\/TG4_agus_Udaras_2022_1-1920x1080-1-700x394.jpg","twitter_site":"@TG4TV","twitter_misc":{"Est. reading time":"2 minutes"},"schema":{"@context":"https:\/\/schema.org","@graph":[{"@type":"WebPage","@id":"https:\/\/dev.tg4.ie\/en\/information\/press\/press-releases\/2022-2\/tg4-and-udaras-na-gaeltachta-announce-a-new-drama-development-scheme-specifically-for-producers-in-donegal\/","url":"https:\/\/dev.tg4.ie\/en\/information\/press\/press-releases\/2022-2\/tg4-and-udaras-na-gaeltachta-announce-a-new-drama-development-scheme-specifically-for-producers-in-donegal\/","name":"TG4 and \u00dadar\u00e1s na Gaeltachta announce a new drama development scheme specifically for Producers in Donegal | Press Release | TG4","isPartOf":{"@id":"https:\/\/dev.tg4.ie\/en\/#website"},"primaryImageOfPage":{"@id":"https:\/\/dev.tg4.ie\/en\/information\/press\/press-releases\/2022-2\/tg4-and-udaras-na-gaeltachta-announce-a-new-drama-development-scheme-specifically-for-producers-in-donegal\/#primaryimage"},"image":{"@id":"https:\/\/dev.tg4.ie\/en\/information\/press\/press-releases\/2022-2\/tg4-and-udaras-na-gaeltachta-announce-a-new-drama-development-scheme-specifically-for-producers-in-donegal\/#primaryimage"},"thumbnailUrl":"https:\/\/dev.tg4.ie\/wp-content\/uploads\/2022\/08\/TG4_agus_Udaras_2022_1-1920x1080-1.jpg","datePublished":"2022-08-29T14:06:03+00:00","dateModified":"2022-08-29T14:08:16+00:00","description":"TG4 and \u00dadar\u00e1s na Gaeltachta announced the details of a new drama development scheme specifically for television producers in Donegal at an event today in Gaoth Dobhair.","breadcrumb":{"@id":"https:\/\/dev.tg4.ie\/en\/information\/press\/press-releases\/2022-2\/tg4-and-udaras-na-gaeltachta-announce-a-new-drama-development-scheme-specifically-for-producers-in-donegal\/#breadcrumb"},"inLanguage":"en-ie","potentialAction":[{"@type":"ReadAction","target":["https:\/\/dev.tg4.ie\/en\/information\/press\/press-releases\/2022-2\/tg4-and-udaras-na-gaeltachta-announce-a-new-drama-development-scheme-specifically-for-producers-in-donegal\/"]}]},{"@type":"ImageObject","inLanguage":"en-ie","@id":"https:\/\/dev.tg4.ie\/en\/information\/press\/press-releases\/2022-2\/tg4-and-udaras-na-gaeltachta-announce-a-new-drama-development-scheme-specifically-for-producers-in-donegal\/#primaryimage","url":"https:\/\/dev.tg4.ie\/wp-content\/uploads\/2022\/08\/TG4_agus_Udaras_2022_1-1920x1080-1.jpg","contentUrl":"https:\/\/dev.tg4.ie\/wp-content\/uploads\/2022\/08\/TG4_agus_Udaras_2022_1-1920x1080-1.jpg"},{"@type":"BreadcrumbList","@id":"https:\/\/dev.tg4.ie\/en\/information\/press\/press-releases\/2022-2\/tg4-and-udaras-na-gaeltachta-announce-a-new-drama-development-scheme-specifically-for-producers-in-donegal\/#breadcrumb","itemListElement":[{"@type":"ListItem","position":1,"name":"Home","item":"https:\/\/dev.tg4.ie\/en\/"},{"@type":"ListItem","position":2,"name":"Information","item":"https:\/\/dev.tg4.ie\/en\/information\/"},{"@type":"ListItem","position":3,"name":"Press","item":"https:\/\/dev.tg4.ie\/en\/information\/press\/"},{"@type":"ListItem","position":4,"name":"Press Releases","item":"https:\/\/dev.tg4.ie\/en\/information\/press\/press-releases\/"},{"@type":"ListItem","position":5,"name":"2022","item":"https:\/\/dev.tg4.ie\/en\/information\/press\/press-releases\/2022-2\/"},{"@type":"ListItem","position":6,"name":"TG4 and \u00dadar\u00e1s na Gaeltachta announce a new drama development scheme specifically for Producers in Donegal"}]},{"@type":"WebSite","@id":"https:\/\/dev.tg4.ie\/en\/#website","url":"https:\/\/dev.tg4.ie\/en\/","name":"TG4","description":"S\u00fail Eile","potentialAction":[{"@type":"SearchAction","target":{"@type":"EntryPoint","urlTemplate":"https:\/\/dev.tg4.ie\/en\/?s={search_term_string}"},"query-input":"required name=search_term_string"}],"inLanguage":"en-ie"}]}},"_links":{"self":[{"href":"https:\/\/dev.tg4.ie\/en\/wp-json\/wp\/v2\/pages\/172004"}],"collection":[{"href":"https:\/\/dev.tg4.ie\/en\/wp-json\/wp\/v2\/pages"}],"about":[{"href":"https:\/\/dev.tg4.ie\/en\/wp-json\/wp\/v2\/types\/page"}],"author":[{"embeddable":true,"href":"https:\/\/dev.tg4.ie\/en\/wp-json\/wp\/v2\/users\/876"}],"replies":[{"embeddable":true,"href":"https:\/\/dev.tg4.ie\/en\/wp-json\/wp\/v2\/comments?post=172004"}],"version-history":[{"count":0,"href":"https:\/\/dev.tg4.ie\/en\/wp-json\/wp\/v2\/pages\/172004\/revisions"}],"up":[{"embeddable":true,"href":"https:\/\/dev.tg4.ie\/en\/wp-json\/wp\/v2\/pages\/138173"}],"wp:attachment":[{"href":"https:\/\/dev.tg4.ie\/en\/wp-json\/wp\/v2\/media?parent=172004"}],"curies":[{"name":"wp","href":"https:\/\/api.w.org\/{rel}","templated":true}]}}