{"id":173334,"date":"2022-09-27T15:11:30","date_gmt":"2022-09-27T14:11:30","guid":{"rendered":"https:\/\/dev.tg4.ie\/?page_id=173334"},"modified":"2022-09-27T15:11:30","modified_gmt":"2022-09-27T14:11:30","slug":"media-training-development-scheme-by-tg4-udaras-na-gaeltachta-begins-for-a-third-year","status":"publish","type":"page","link":"https:\/\/dev.tg4.ie\/en\/information\/press\/press-releases\/2022-2\/media-training-development-scheme-by-tg4-udaras-na-gaeltachta-begins-for-a-third-year\/","title":{"rendered":"Media Training Development Scheme by TG4 &#038; \u00dadar\u00e1s na Gaeltachta begins for a third year"},"content":{"rendered":"<p><img loading=\"lazy\" decoding=\"async\" width=\"1920\" height=\"1080\" src=\"https:\/\/tg4-docs.s3.amazonaws.com\/wp-content\/uploads\/2022\/09\/27145424\/TG4-Udaras-ATU_2022_1-1920x1080-1.jpg\" alt=\"\" class=\"alignnone size-full wp-image-173331\" srcset=\"https:\/\/tg4-docs.s3.amazonaws.com\/wp-content\/uploads\/2022\/09\/27145424\/TG4-Udaras-ATU_2022_1-1920x1080-1.jpg 1920w, https:\/\/tg4-docs.s3.amazonaws.com\/wp-content\/uploads\/2022\/09\/27145424\/TG4-Udaras-ATU_2022_1-1920x1080-1-250x141.jpg 250w, https:\/\/tg4-docs.s3.amazonaws.com\/wp-content\/uploads\/2022\/09\/27145424\/TG4-Udaras-ATU_2022_1-1920x1080-1-700x394.jpg 700w, https:\/\/tg4-docs.s3.amazonaws.com\/wp-content\/uploads\/2022\/09\/27145424\/TG4-Udaras-ATU_2022_1-1920x1080-1-252x141.jpg 252w, https:\/\/tg4-docs.s3.amazonaws.com\/wp-content\/uploads\/2022\/09\/27145424\/TG4-Udaras-ATU_2022_1-1920x1080-1-1536x864.jpg 1536w, https:\/\/tg4-docs.s3.amazonaws.com\/wp-content\/uploads\/2022\/09\/27145424\/TG4-Udaras-ATU_2022_1-1920x1080-1-120x68.jpg 120w\" sizes=\"(max-width: 1920px) 100vw, 1920px\" \/><br \/>\n&nbsp;<br \/>\nA Media Training Development Scheme by <strong>TG4<\/strong> and <strong>\u00dadar\u00e1s na Gaeltachta<\/strong> began today at <strong>Atlantic University of Technology<\/strong>\u2019s Cluain Mhuire Campus.  This is the third year of the scheme which aims to support production companies in the independent sector to develop the skills and talent of their production staff and encourage an emerging talent pool to work in the sector.<br \/>\n&nbsp;<br \/>\nTG4 and \u00dadar\u00e1s na Gaeltachta will make an investment of \u20ac160,000 each in the scheme. Additional training for participants of the scheme will be conducted by Gr\u00e9as\u00e1n na Me\u00e1n Skillnet, Atlantic Technology University and CREW.  Participants will be awarded A Level 8 credit in Media Practice at the end of the scheme.<br \/>\n&nbsp;<br \/>\nThirteen candidates in total have been selected for the scheme who will be located in ten companies from Donegal to An Rinn.<br \/>\n&nbsp;<br \/>\n<strong>Alan Esslemont, Director General of TG4<\/strong>, said: <em>&#8220;I am very pleased that the Media Training Development scheme in partnership with \u00dadar\u00e1s na Gaeltachta is taking place for a third year. The scheme has been very successful over the past two years. In its Post-Covid Vision, one of TG4&#8217;s targets is to strengthen the independent production sector and build upon the audio-visual industry in Gaeltacht Regions. I wish the participants this year the best of luck and I look forward to seeing their work on TG4 screens in the future.&#8221;<\/em><br \/>\n&nbsp;<br \/>\n<strong>Colm \u00d3 Coisdealbha, Interim Chief Executive of \u00dadar\u00e1s na Gaeltachta<\/strong> said: <em>\u201cWe are delighted that the scheme is available again for the third year as a result of our collaboration with TG4. \u00dadar\u00e1s na Gaeltachta has spent many years working with the creative media industry and it is wonderful to see the demand for this dynamic, innovative scheme and the development of a stream of talented people and new skills in the audio-visual and Irish language digital media sector in 2022.&#8221;<\/em><br \/>\n&nbsp;<br \/>\n<strong>Celine Curtin, Head of Department Creative Arts &#038; Media, Atlantic Technology University<\/strong> said <em>\u201cThe Level 8 Qualification in Media Practice is a dynamic and innovative opportunity for trainees to gain an introduction to the industry while developing hands on experience in independent production companies. The partnership between ATU, TG4, \u00dadar\u00e1s na Gaeltachta, CREW and industry aligns perfectly with developments in ATU\u2019s programmes in Film &#038; Documentary and Creative Media. All this positive collaboration makes for exciting developments in the sector.\u201d<\/em><br \/>\n&nbsp;<\/p>\n","protected":false},"excerpt":{"rendered":"<p>&nbsp; A Media Training Development Scheme by TG4 and \u00dadar\u00e1s na Gaeltachta began today at Atlantic University of Technology\u2019s Cluain Mhuire Campus. This is the third year of the scheme which aims to support production companies in the independent sector to develop the skills and talent of their production staff and encourage an emerging talent [&hellip;]<\/p>\n","protected":false},"author":876,"featured_media":0,"parent":138173,"menu_order":29,"comment_status":"closed","ping_status":"closed","template":"page-templates\/template-pr.php","meta":{"_acf_changed":false,"footnotes":""},"acf":[],"yoast_head":"<!-- This site is optimized with the Yoast SEO plugin v22.6 - https:\/\/yoast.com\/wordpress\/plugins\/seo\/ -->\n<title>Media Training Development Scheme by TG4 &amp; \u00dadar\u00e1s na Gaeltachta begins for a third year | Press Release | TG4<\/title>\n<meta name=\"description\" content=\"A Media Training Development Scheme by TG4 and \u00dadar\u00e1s na Gaeltachta began today at Atlantic University of Technology\u2019s Cluain Mhuire Campus.\" \/>\n<meta name=\"robots\" content=\"index, follow, max-snippet:-1, max-image-preview:large, max-video-preview:-1\" \/>\n<meta property=\"og:locale\" content=\"en_US\" \/>\n<meta property=\"og:type\" content=\"article\" \/>\n<meta property=\"og:title\" content=\"Media Training Development Scheme by TG4 &amp; \u00dadar\u00e1s na Gaeltachta begins for a third year | Press Release | TG4\" \/>\n<meta property=\"og:description\" content=\"A Media Training Development Scheme by TG4 and \u00dadar\u00e1s na Gaeltachta began today at Atlantic University of Technology\u2019s Cluain Mhuire Campus.\" \/>\n<meta property=\"og:url\" content=\"https:\/\/dev.tg4.ie\/en\/information\/press\/press-releases\/2022-2\/media-training-development-scheme-by-tg4-udaras-na-gaeltachta-begins-for-a-third-year\/\" \/>\n<meta property=\"og:site_name\" content=\"TG4\" \/>\n<meta property=\"article:publisher\" content=\"https:\/\/www.facebook.com\/TG4TV\" \/>\n<meta property=\"og:image\" content=\"https:\/\/tg4-docs.s3.amazonaws.com\/wp-content\/uploads\/2022\/09\/27145424\/TG4-Udaras-ATU_2022_1-1920x1080-1-700x394.jpg\" \/>\n<meta name=\"twitter:card\" content=\"summary_large_image\" \/>\n<meta name=\"twitter:image\" content=\"https:\/\/tg4-docs.s3.amazonaws.com\/wp-content\/uploads\/2022\/09\/27145424\/TG4-Udaras-ATU_2022_1-1920x1080-1-700x394.jpg\" \/>\n<meta name=\"twitter:site\" content=\"@TG4TV\" \/>\n<meta name=\"twitter:label1\" content=\"Est. reading time\" \/>\n\t<meta name=\"twitter:data1\" content=\"2 minutes\" \/>\n<script type=\"application\/ld+json\" class=\"yoast-schema-graph\">{\"@context\":\"https:\/\/schema.org\",\"@graph\":[{\"@type\":\"WebPage\",\"@id\":\"https:\/\/dev.tg4.ie\/en\/information\/press\/press-releases\/2022-2\/media-training-development-scheme-by-tg4-udaras-na-gaeltachta-begins-for-a-third-year\/\",\"url\":\"https:\/\/dev.tg4.ie\/en\/information\/press\/press-releases\/2022-2\/media-training-development-scheme-by-tg4-udaras-na-gaeltachta-begins-for-a-third-year\/\",\"name\":\"Media Training Development Scheme by TG4 & \u00dadar\u00e1s na Gaeltachta begins for a third year | Press Release | TG4\",\"isPartOf\":{\"@id\":\"https:\/\/dev.tg4.ie\/en\/#website\"},\"primaryImageOfPage\":{\"@id\":\"https:\/\/dev.tg4.ie\/en\/information\/press\/press-releases\/2022-2\/media-training-development-scheme-by-tg4-udaras-na-gaeltachta-begins-for-a-third-year\/#primaryimage\"},\"image\":{\"@id\":\"https:\/\/dev.tg4.ie\/en\/information\/press\/press-releases\/2022-2\/media-training-development-scheme-by-tg4-udaras-na-gaeltachta-begins-for-a-third-year\/#primaryimage\"},\"thumbnailUrl\":\"https:\/\/dev.tg4.ie\/wp-content\/uploads\/2022\/09\/TG4-Udaras-ATU_2022_1-1920x1080-1.jpg\",\"datePublished\":\"2022-09-27T14:11:30+00:00\",\"dateModified\":\"2022-09-27T14:11:30+00:00\",\"description\":\"A Media Training Development Scheme by TG4 and \u00dadar\u00e1s na Gaeltachta began today at Atlantic University of Technology\u2019s Cluain Mhuire Campus.\",\"breadcrumb\":{\"@id\":\"https:\/\/dev.tg4.ie\/en\/information\/press\/press-releases\/2022-2\/media-training-development-scheme-by-tg4-udaras-na-gaeltachta-begins-for-a-third-year\/#breadcrumb\"},\"inLanguage\":\"en-ie\",\"potentialAction\":[{\"@type\":\"ReadAction\",\"target\":[\"https:\/\/dev.tg4.ie\/en\/information\/press\/press-releases\/2022-2\/media-training-development-scheme-by-tg4-udaras-na-gaeltachta-begins-for-a-third-year\/\"]}]},{\"@type\":\"ImageObject\",\"inLanguage\":\"en-ie\",\"@id\":\"https:\/\/dev.tg4.ie\/en\/information\/press\/press-releases\/2022-2\/media-training-development-scheme-by-tg4-udaras-na-gaeltachta-begins-for-a-third-year\/#primaryimage\",\"url\":\"https:\/\/dev.tg4.ie\/wp-content\/uploads\/2022\/09\/TG4-Udaras-ATU_2022_1-1920x1080-1.jpg\",\"contentUrl\":\"https:\/\/dev.tg4.ie\/wp-content\/uploads\/2022\/09\/TG4-Udaras-ATU_2022_1-1920x1080-1.jpg\"},{\"@type\":\"BreadcrumbList\",\"@id\":\"https:\/\/dev.tg4.ie\/en\/information\/press\/press-releases\/2022-2\/media-training-development-scheme-by-tg4-udaras-na-gaeltachta-begins-for-a-third-year\/#breadcrumb\",\"itemListElement\":[{\"@type\":\"ListItem\",\"position\":1,\"name\":\"Home\",\"item\":\"https:\/\/dev.tg4.ie\/en\/\"},{\"@type\":\"ListItem\",\"position\":2,\"name\":\"Information\",\"item\":\"https:\/\/dev.tg4.ie\/en\/information\/\"},{\"@type\":\"ListItem\",\"position\":3,\"name\":\"Press\",\"item\":\"https:\/\/dev.tg4.ie\/en\/information\/press\/\"},{\"@type\":\"ListItem\",\"position\":4,\"name\":\"Press Releases\",\"item\":\"https:\/\/dev.tg4.ie\/en\/information\/press\/press-releases\/\"},{\"@type\":\"ListItem\",\"position\":5,\"name\":\"2022\",\"item\":\"https:\/\/dev.tg4.ie\/en\/information\/press\/press-releases\/2022-2\/\"},{\"@type\":\"ListItem\",\"position\":6,\"name\":\"Media Training Development Scheme by TG4 &#038; \u00dadar\u00e1s na Gaeltachta begins for a third year\"}]},{\"@type\":\"WebSite\",\"@id\":\"https:\/\/dev.tg4.ie\/en\/#website\",\"url\":\"https:\/\/dev.tg4.ie\/en\/\",\"name\":\"TG4\",\"description\":\"S\u00fail Eile\",\"potentialAction\":[{\"@type\":\"SearchAction\",\"target\":{\"@type\":\"EntryPoint\",\"urlTemplate\":\"https:\/\/dev.tg4.ie\/en\/?s={search_term_string}\"},\"query-input\":\"required name=search_term_string\"}],\"inLanguage\":\"en-ie\"}]}<\/script>\n<!-- \/ Yoast SEO plugin. -->","yoast_head_json":{"title":"Media Training Development Scheme by TG4 & \u00dadar\u00e1s na Gaeltachta begins for a third year | Press Release | TG4","description":"A Media Training Development Scheme by TG4 and \u00dadar\u00e1s na Gaeltachta began today at Atlantic University of Technology\u2019s Cluain Mhuire Campus.","robots":{"index":"index","follow":"follow","max-snippet":"max-snippet:-1","max-image-preview":"max-image-preview:large","max-video-preview":"max-video-preview:-1"},"og_locale":"en_US","og_type":"article","og_title":"Media Training Development Scheme by TG4 & \u00dadar\u00e1s na Gaeltachta begins for a third year | Press Release | TG4","og_description":"A Media Training Development Scheme by TG4 and \u00dadar\u00e1s na Gaeltachta began today at Atlantic University of Technology\u2019s Cluain Mhuire Campus.","og_url":"https:\/\/dev.tg4.ie\/en\/information\/press\/press-releases\/2022-2\/media-training-development-scheme-by-tg4-udaras-na-gaeltachta-begins-for-a-third-year\/","og_site_name":"TG4","article_publisher":"https:\/\/www.facebook.com\/TG4TV","og_image":[{"url":"https:\/\/tg4-docs.s3.amazonaws.com\/wp-content\/uploads\/2022\/09\/27145424\/TG4-Udaras-ATU_2022_1-1920x1080-1-700x394.jpg"}],"twitter_card":"summary_large_image","twitter_image":"https:\/\/tg4-docs.s3.amazonaws.com\/wp-content\/uploads\/2022\/09\/27145424\/TG4-Udaras-ATU_2022_1-1920x1080-1-700x394.jpg","twitter_site":"@TG4TV","twitter_misc":{"Est. reading time":"2 minutes"},"schema":{"@context":"https:\/\/schema.org","@graph":[{"@type":"WebPage","@id":"https:\/\/dev.tg4.ie\/en\/information\/press\/press-releases\/2022-2\/media-training-development-scheme-by-tg4-udaras-na-gaeltachta-begins-for-a-third-year\/","url":"https:\/\/dev.tg4.ie\/en\/information\/press\/press-releases\/2022-2\/media-training-development-scheme-by-tg4-udaras-na-gaeltachta-begins-for-a-third-year\/","name":"Media Training Development Scheme by TG4 & \u00dadar\u00e1s na Gaeltachta begins for a third year | Press Release | TG4","isPartOf":{"@id":"https:\/\/dev.tg4.ie\/en\/#website"},"primaryImageOfPage":{"@id":"https:\/\/dev.tg4.ie\/en\/information\/press\/press-releases\/2022-2\/media-training-development-scheme-by-tg4-udaras-na-gaeltachta-begins-for-a-third-year\/#primaryimage"},"image":{"@id":"https:\/\/dev.tg4.ie\/en\/information\/press\/press-releases\/2022-2\/media-training-development-scheme-by-tg4-udaras-na-gaeltachta-begins-for-a-third-year\/#primaryimage"},"thumbnailUrl":"https:\/\/dev.tg4.ie\/wp-content\/uploads\/2022\/09\/TG4-Udaras-ATU_2022_1-1920x1080-1.jpg","datePublished":"2022-09-27T14:11:30+00:00","dateModified":"2022-09-27T14:11:30+00:00","description":"A Media Training Development Scheme by TG4 and \u00dadar\u00e1s na Gaeltachta began today at Atlantic University of Technology\u2019s Cluain Mhuire Campus.","breadcrumb":{"@id":"https:\/\/dev.tg4.ie\/en\/information\/press\/press-releases\/2022-2\/media-training-development-scheme-by-tg4-udaras-na-gaeltachta-begins-for-a-third-year\/#breadcrumb"},"inLanguage":"en-ie","potentialAction":[{"@type":"ReadAction","target":["https:\/\/dev.tg4.ie\/en\/information\/press\/press-releases\/2022-2\/media-training-development-scheme-by-tg4-udaras-na-gaeltachta-begins-for-a-third-year\/"]}]},{"@type":"ImageObject","inLanguage":"en-ie","@id":"https:\/\/dev.tg4.ie\/en\/information\/press\/press-releases\/2022-2\/media-training-development-scheme-by-tg4-udaras-na-gaeltachta-begins-for-a-third-year\/#primaryimage","url":"https:\/\/dev.tg4.ie\/wp-content\/uploads\/2022\/09\/TG4-Udaras-ATU_2022_1-1920x1080-1.jpg","contentUrl":"https:\/\/dev.tg4.ie\/wp-content\/uploads\/2022\/09\/TG4-Udaras-ATU_2022_1-1920x1080-1.jpg"},{"@type":"BreadcrumbList","@id":"https:\/\/dev.tg4.ie\/en\/information\/press\/press-releases\/2022-2\/media-training-development-scheme-by-tg4-udaras-na-gaeltachta-begins-for-a-third-year\/#breadcrumb","itemListElement":[{"@type":"ListItem","position":1,"name":"Home","item":"https:\/\/dev.tg4.ie\/en\/"},{"@type":"ListItem","position":2,"name":"Information","item":"https:\/\/dev.tg4.ie\/en\/information\/"},{"@type":"ListItem","position":3,"name":"Press","item":"https:\/\/dev.tg4.ie\/en\/information\/press\/"},{"@type":"ListItem","position":4,"name":"Press Releases","item":"https:\/\/dev.tg4.ie\/en\/information\/press\/press-releases\/"},{"@type":"ListItem","position":5,"name":"2022","item":"https:\/\/dev.tg4.ie\/en\/information\/press\/press-releases\/2022-2\/"},{"@type":"ListItem","position":6,"name":"Media Training Development Scheme by TG4 &#038; \u00dadar\u00e1s na Gaeltachta begins for a third year"}]},{"@type":"WebSite","@id":"https:\/\/dev.tg4.ie\/en\/#website","url":"https:\/\/dev.tg4.ie\/en\/","name":"TG4","description":"S\u00fail Eile","potentialAction":[{"@type":"SearchAction","target":{"@type":"EntryPoint","urlTemplate":"https:\/\/dev.tg4.ie\/en\/?s={search_term_string}"},"query-input":"required name=search_term_string"}],"inLanguage":"en-ie"}]}},"_links":{"self":[{"href":"https:\/\/dev.tg4.ie\/en\/wp-json\/wp\/v2\/pages\/173334"}],"collection":[{"href":"https:\/\/dev.tg4.ie\/en\/wp-json\/wp\/v2\/pages"}],"about":[{"href":"https:\/\/dev.tg4.ie\/en\/wp-json\/wp\/v2\/types\/page"}],"author":[{"embeddable":true,"href":"https:\/\/dev.tg4.ie\/en\/wp-json\/wp\/v2\/users\/876"}],"replies":[{"embeddable":true,"href":"https:\/\/dev.tg4.ie\/en\/wp-json\/wp\/v2\/comments?post=173334"}],"version-history":[{"count":0,"href":"https:\/\/dev.tg4.ie\/en\/wp-json\/wp\/v2\/pages\/173334\/revisions"}],"up":[{"embeddable":true,"href":"https:\/\/dev.tg4.ie\/en\/wp-json\/wp\/v2\/pages\/138173"}],"wp:attachment":[{"href":"https:\/\/dev.tg4.ie\/en\/wp-json\/wp\/v2\/media?parent=173334"}],"curies":[{"name":"wp","href":"https:\/\/api.w.org\/{rel}","templated":true}]}}