{"id":173369,"date":"2022-09-28T12:27:03","date_gmt":"2022-09-28T11:27:03","guid":{"rendered":"https:\/\/dev.tg4.ie\/?page_id=173369"},"modified":"2022-09-28T12:27:03","modified_gmt":"2022-09-28T11:27:03","slug":"a-new-childrens-channel-for-tg4-approved-by-minister-catherine-martin","status":"publish","type":"page","link":"https:\/\/dev.tg4.ie\/en\/information\/press\/press-releases\/2022-2\/a-new-childrens-channel-for-tg4-approved-by-minister-catherine-martin\/","title":{"rendered":"A new children&#8217;s channel for TG4 approved by Minister Catherine Martin"},"content":{"rendered":"<p><img loading=\"lazy\" decoding=\"async\" width=\"1920\" height=\"1080\" src=\"https:\/\/tg4-docs.s3.amazonaws.com\/wp-content\/uploads\/2022\/09\/28120653\/Caineal_Cula4_Niamh_Ni_Chroinin_1-1920x1080-1.jpg\" alt=\"\" class=\"alignnone size-full wp-image-173367\" srcset=\"https:\/\/tg4-docs.s3.amazonaws.com\/wp-content\/uploads\/2022\/09\/28120653\/Caineal_Cula4_Niamh_Ni_Chroinin_1-1920x1080-1.jpg 1920w, https:\/\/tg4-docs.s3.amazonaws.com\/wp-content\/uploads\/2022\/09\/28120653\/Caineal_Cula4_Niamh_Ni_Chroinin_1-1920x1080-1-250x141.jpg 250w, https:\/\/tg4-docs.s3.amazonaws.com\/wp-content\/uploads\/2022\/09\/28120653\/Caineal_Cula4_Niamh_Ni_Chroinin_1-1920x1080-1-700x394.jpg 700w, https:\/\/tg4-docs.s3.amazonaws.com\/wp-content\/uploads\/2022\/09\/28120653\/Caineal_Cula4_Niamh_Ni_Chroinin_1-1920x1080-1-252x141.jpg 252w, https:\/\/tg4-docs.s3.amazonaws.com\/wp-content\/uploads\/2022\/09\/28120653\/Caineal_Cula4_Niamh_Ni_Chroinin_1-1920x1080-1-1536x864.jpg 1536w, https:\/\/tg4-docs.s3.amazonaws.com\/wp-content\/uploads\/2022\/09\/28120653\/Caineal_Cula4_Niamh_Ni_Chroinin_1-1920x1080-1-120x68.jpg 120w\" sizes=\"(max-width: 1920px) 100vw, 1920px\" \/><br \/>\n&nbsp;<br \/>\nMinister Catherine Martin announced today that she has approved a new dedicated children&#8217;s channel C\u00fala4 for TG4.<br \/>\n&nbsp;<br \/>\n<strong>TG4 Director General, Alan Esslemont<\/strong> welcomed this morning&#8217;s annoucement saying, <em>&#8220;As we gradually emerge from the pandemic and face other global crises, we must look towards the future and the kind of society we want to establish for future generations. We also need to think about how children will develop the abilities and creativity they need. Media is vital to the development of children&#8217;s understanding, attitudes and participation in society. We need to serve children and young people in safe spaces with trusted content. Public service broadcasters have a special role in this respect but Irish language media face an additional challenge as they compete for audiences in a global and predominantly English language media market.<\/p>\n<p>TG4 &#8211; and the Irish language media and other Irish language arts organisations &#8211; play an important role in promoting the identity and enrichment of Irish communities and in supporting the transmission of the Irish language from generation to generation. If the Irish language media are not supported and if they are not visible, prominent and attractive, there is a risk that they will lose relevance, especially for young Irish audiences who are growing up in a global media environment. Now more than ever, TG4 must increase the relevance of Irish language content and serve and encourage the young audience who will determine the future of Irish as a community language. We must enrich TG4&#8217;s services for children, strengthen children&#8217;s relationship with TG4 and, with that, sustain their relationship with the Irish language.&#8221;<\/em><br \/>\n&nbsp;<br \/>\nTG4 announced in 2021 that it intended to establish a dedicated children&#8217;s channel.  Development work began in 2022 with the appointment of Karina Feirt\u00e9ar as C\u00fala4 Channel Manager.  Niamh N\u00ed Chr\u00f3in\u00edn is the new presenter of C\u00fala4 and will act as a youth ambassador for TG4 representing C\u00fala4 at public events and functions, on-screen as C\u00fala4\u2019s presenter and as C\u00fala4\u2019s cross-platform voice. C\u00fala4 will continue to increase the provision of programming for children from the independent production sector with new content in the schedule, and on non-linear platforms aimed at children.<br \/>\n&nbsp;<\/p>\n","protected":false},"excerpt":{"rendered":"<p>&nbsp; Minister Catherine Martin announced today that she has approved a new dedicated children&#8217;s channel C\u00fala4 for TG4. &nbsp; TG4 Director General, Alan Esslemont welcomed this morning&#8217;s annoucement saying, &#8220;As we gradually emerge from the pandemic and face other global crises, we must look towards the future and the kind of society we want to [&hellip;]<\/p>\n","protected":false},"author":876,"featured_media":0,"parent":138173,"menu_order":31,"comment_status":"closed","ping_status":"closed","template":"page-templates\/template-pr.php","meta":{"_acf_changed":false,"footnotes":""},"acf":[],"yoast_head":"<!-- This site is optimized with the Yoast SEO plugin v22.6 - https:\/\/yoast.com\/wordpress\/plugins\/seo\/ -->\n<title>A new children&#039;s channel for TG4 approved by Minister Catherine Martin | Press Release | TG4<\/title>\n<meta name=\"description\" content=\"Minister Catherine Martin announced today that she has approved a new dedicated children&#039;s channel C\u00fala4 for TG4.\" \/>\n<meta name=\"robots\" content=\"index, follow, max-snippet:-1, max-image-preview:large, max-video-preview:-1\" \/>\n<meta property=\"og:locale\" content=\"en_US\" \/>\n<meta property=\"og:type\" content=\"article\" \/>\n<meta property=\"og:title\" content=\"A new children&#039;s channel for TG4 approved by Minister Catherine Martin | Press Release | TG4\" \/>\n<meta property=\"og:description\" content=\"Minister Catherine Martin announced today that she has approved a new dedicated children&#039;s channel C\u00fala4 for TG4.\" \/>\n<meta property=\"og:url\" content=\"https:\/\/dev.tg4.ie\/en\/information\/press\/press-releases\/2022-2\/a-new-childrens-channel-for-tg4-approved-by-minister-catherine-martin\/\" \/>\n<meta property=\"og:site_name\" content=\"TG4\" \/>\n<meta property=\"article:publisher\" content=\"https:\/\/www.facebook.com\/TG4TV\" \/>\n<meta property=\"og:image\" content=\"https:\/\/tg4-docs.s3.amazonaws.com\/wp-content\/uploads\/2022\/09\/28120653\/Caineal_Cula4_Niamh_Ni_Chroinin_1-1920x1080-1-700x394.jpg\" \/>\n<meta name=\"twitter:card\" content=\"summary_large_image\" \/>\n<meta name=\"twitter:image\" content=\"https:\/\/tg4-docs.s3.amazonaws.com\/wp-content\/uploads\/2022\/09\/28120653\/Caineal_Cula4_Niamh_Ni_Chroinin_1-1920x1080-1-700x394.jpg\" \/>\n<meta name=\"twitter:site\" content=\"@TG4TV\" \/>\n<meta name=\"twitter:label1\" content=\"Est. reading time\" \/>\n\t<meta name=\"twitter:data1\" content=\"2 minutes\" \/>\n<script type=\"application\/ld+json\" class=\"yoast-schema-graph\">{\"@context\":\"https:\/\/schema.org\",\"@graph\":[{\"@type\":\"WebPage\",\"@id\":\"https:\/\/dev.tg4.ie\/en\/information\/press\/press-releases\/2022-2\/a-new-childrens-channel-for-tg4-approved-by-minister-catherine-martin\/\",\"url\":\"https:\/\/dev.tg4.ie\/en\/information\/press\/press-releases\/2022-2\/a-new-childrens-channel-for-tg4-approved-by-minister-catherine-martin\/\",\"name\":\"A new children's channel for TG4 approved by Minister Catherine Martin | Press Release | TG4\",\"isPartOf\":{\"@id\":\"https:\/\/dev.tg4.ie\/en\/#website\"},\"primaryImageOfPage\":{\"@id\":\"https:\/\/dev.tg4.ie\/en\/information\/press\/press-releases\/2022-2\/a-new-childrens-channel-for-tg4-approved-by-minister-catherine-martin\/#primaryimage\"},\"image\":{\"@id\":\"https:\/\/dev.tg4.ie\/en\/information\/press\/press-releases\/2022-2\/a-new-childrens-channel-for-tg4-approved-by-minister-catherine-martin\/#primaryimage\"},\"thumbnailUrl\":\"https:\/\/dev.tg4.ie\/wp-content\/uploads\/2022\/09\/Caineal_Cula4_Niamh_Ni_Chroinin_1-1920x1080-1.jpg\",\"datePublished\":\"2022-09-28T11:27:03+00:00\",\"dateModified\":\"2022-09-28T11:27:03+00:00\",\"description\":\"Minister Catherine Martin announced today that she has approved a new dedicated children's channel C\u00fala4 for TG4.\",\"breadcrumb\":{\"@id\":\"https:\/\/dev.tg4.ie\/en\/information\/press\/press-releases\/2022-2\/a-new-childrens-channel-for-tg4-approved-by-minister-catherine-martin\/#breadcrumb\"},\"inLanguage\":\"en-ie\",\"potentialAction\":[{\"@type\":\"ReadAction\",\"target\":[\"https:\/\/dev.tg4.ie\/en\/information\/press\/press-releases\/2022-2\/a-new-childrens-channel-for-tg4-approved-by-minister-catherine-martin\/\"]}]},{\"@type\":\"ImageObject\",\"inLanguage\":\"en-ie\",\"@id\":\"https:\/\/dev.tg4.ie\/en\/information\/press\/press-releases\/2022-2\/a-new-childrens-channel-for-tg4-approved-by-minister-catherine-martin\/#primaryimage\",\"url\":\"https:\/\/dev.tg4.ie\/wp-content\/uploads\/2022\/09\/Caineal_Cula4_Niamh_Ni_Chroinin_1-1920x1080-1.jpg\",\"contentUrl\":\"https:\/\/dev.tg4.ie\/wp-content\/uploads\/2022\/09\/Caineal_Cula4_Niamh_Ni_Chroinin_1-1920x1080-1.jpg\"},{\"@type\":\"BreadcrumbList\",\"@id\":\"https:\/\/dev.tg4.ie\/en\/information\/press\/press-releases\/2022-2\/a-new-childrens-channel-for-tg4-approved-by-minister-catherine-martin\/#breadcrumb\",\"itemListElement\":[{\"@type\":\"ListItem\",\"position\":1,\"name\":\"Home\",\"item\":\"https:\/\/dev.tg4.ie\/en\/\"},{\"@type\":\"ListItem\",\"position\":2,\"name\":\"Information\",\"item\":\"https:\/\/dev.tg4.ie\/en\/information\/\"},{\"@type\":\"ListItem\",\"position\":3,\"name\":\"Press\",\"item\":\"https:\/\/dev.tg4.ie\/en\/information\/press\/\"},{\"@type\":\"ListItem\",\"position\":4,\"name\":\"Press Releases\",\"item\":\"https:\/\/dev.tg4.ie\/en\/information\/press\/press-releases\/\"},{\"@type\":\"ListItem\",\"position\":5,\"name\":\"2022\",\"item\":\"https:\/\/dev.tg4.ie\/en\/information\/press\/press-releases\/2022-2\/\"},{\"@type\":\"ListItem\",\"position\":6,\"name\":\"A new children&#8217;s channel for TG4 approved by Minister Catherine Martin\"}]},{\"@type\":\"WebSite\",\"@id\":\"https:\/\/dev.tg4.ie\/en\/#website\",\"url\":\"https:\/\/dev.tg4.ie\/en\/\",\"name\":\"TG4\",\"description\":\"S\u00fail Eile\",\"potentialAction\":[{\"@type\":\"SearchAction\",\"target\":{\"@type\":\"EntryPoint\",\"urlTemplate\":\"https:\/\/dev.tg4.ie\/en\/?s={search_term_string}\"},\"query-input\":\"required name=search_term_string\"}],\"inLanguage\":\"en-ie\"}]}<\/script>\n<!-- \/ Yoast SEO plugin. -->","yoast_head_json":{"title":"A new children's channel for TG4 approved by Minister Catherine Martin | Press Release | TG4","description":"Minister Catherine Martin announced today that she has approved a new dedicated children's channel C\u00fala4 for TG4.","robots":{"index":"index","follow":"follow","max-snippet":"max-snippet:-1","max-image-preview":"max-image-preview:large","max-video-preview":"max-video-preview:-1"},"og_locale":"en_US","og_type":"article","og_title":"A new children's channel for TG4 approved by Minister Catherine Martin | Press Release | TG4","og_description":"Minister Catherine Martin announced today that she has approved a new dedicated children's channel C\u00fala4 for TG4.","og_url":"https:\/\/dev.tg4.ie\/en\/information\/press\/press-releases\/2022-2\/a-new-childrens-channel-for-tg4-approved-by-minister-catherine-martin\/","og_site_name":"TG4","article_publisher":"https:\/\/www.facebook.com\/TG4TV","og_image":[{"url":"https:\/\/tg4-docs.s3.amazonaws.com\/wp-content\/uploads\/2022\/09\/28120653\/Caineal_Cula4_Niamh_Ni_Chroinin_1-1920x1080-1-700x394.jpg"}],"twitter_card":"summary_large_image","twitter_image":"https:\/\/tg4-docs.s3.amazonaws.com\/wp-content\/uploads\/2022\/09\/28120653\/Caineal_Cula4_Niamh_Ni_Chroinin_1-1920x1080-1-700x394.jpg","twitter_site":"@TG4TV","twitter_misc":{"Est. reading time":"2 minutes"},"schema":{"@context":"https:\/\/schema.org","@graph":[{"@type":"WebPage","@id":"https:\/\/dev.tg4.ie\/en\/information\/press\/press-releases\/2022-2\/a-new-childrens-channel-for-tg4-approved-by-minister-catherine-martin\/","url":"https:\/\/dev.tg4.ie\/en\/information\/press\/press-releases\/2022-2\/a-new-childrens-channel-for-tg4-approved-by-minister-catherine-martin\/","name":"A new children's channel for TG4 approved by Minister Catherine Martin | Press Release | TG4","isPartOf":{"@id":"https:\/\/dev.tg4.ie\/en\/#website"},"primaryImageOfPage":{"@id":"https:\/\/dev.tg4.ie\/en\/information\/press\/press-releases\/2022-2\/a-new-childrens-channel-for-tg4-approved-by-minister-catherine-martin\/#primaryimage"},"image":{"@id":"https:\/\/dev.tg4.ie\/en\/information\/press\/press-releases\/2022-2\/a-new-childrens-channel-for-tg4-approved-by-minister-catherine-martin\/#primaryimage"},"thumbnailUrl":"https:\/\/dev.tg4.ie\/wp-content\/uploads\/2022\/09\/Caineal_Cula4_Niamh_Ni_Chroinin_1-1920x1080-1.jpg","datePublished":"2022-09-28T11:27:03+00:00","dateModified":"2022-09-28T11:27:03+00:00","description":"Minister Catherine Martin announced today that she has approved a new dedicated children's channel C\u00fala4 for TG4.","breadcrumb":{"@id":"https:\/\/dev.tg4.ie\/en\/information\/press\/press-releases\/2022-2\/a-new-childrens-channel-for-tg4-approved-by-minister-catherine-martin\/#breadcrumb"},"inLanguage":"en-ie","potentialAction":[{"@type":"ReadAction","target":["https:\/\/dev.tg4.ie\/en\/information\/press\/press-releases\/2022-2\/a-new-childrens-channel-for-tg4-approved-by-minister-catherine-martin\/"]}]},{"@type":"ImageObject","inLanguage":"en-ie","@id":"https:\/\/dev.tg4.ie\/en\/information\/press\/press-releases\/2022-2\/a-new-childrens-channel-for-tg4-approved-by-minister-catherine-martin\/#primaryimage","url":"https:\/\/dev.tg4.ie\/wp-content\/uploads\/2022\/09\/Caineal_Cula4_Niamh_Ni_Chroinin_1-1920x1080-1.jpg","contentUrl":"https:\/\/dev.tg4.ie\/wp-content\/uploads\/2022\/09\/Caineal_Cula4_Niamh_Ni_Chroinin_1-1920x1080-1.jpg"},{"@type":"BreadcrumbList","@id":"https:\/\/dev.tg4.ie\/en\/information\/press\/press-releases\/2022-2\/a-new-childrens-channel-for-tg4-approved-by-minister-catherine-martin\/#breadcrumb","itemListElement":[{"@type":"ListItem","position":1,"name":"Home","item":"https:\/\/dev.tg4.ie\/en\/"},{"@type":"ListItem","position":2,"name":"Information","item":"https:\/\/dev.tg4.ie\/en\/information\/"},{"@type":"ListItem","position":3,"name":"Press","item":"https:\/\/dev.tg4.ie\/en\/information\/press\/"},{"@type":"ListItem","position":4,"name":"Press Releases","item":"https:\/\/dev.tg4.ie\/en\/information\/press\/press-releases\/"},{"@type":"ListItem","position":5,"name":"2022","item":"https:\/\/dev.tg4.ie\/en\/information\/press\/press-releases\/2022-2\/"},{"@type":"ListItem","position":6,"name":"A new children&#8217;s channel for TG4 approved by Minister Catherine Martin"}]},{"@type":"WebSite","@id":"https:\/\/dev.tg4.ie\/en\/#website","url":"https:\/\/dev.tg4.ie\/en\/","name":"TG4","description":"S\u00fail Eile","potentialAction":[{"@type":"SearchAction","target":{"@type":"EntryPoint","urlTemplate":"https:\/\/dev.tg4.ie\/en\/?s={search_term_string}"},"query-input":"required name=search_term_string"}],"inLanguage":"en-ie"}]}},"_links":{"self":[{"href":"https:\/\/dev.tg4.ie\/en\/wp-json\/wp\/v2\/pages\/173369"}],"collection":[{"href":"https:\/\/dev.tg4.ie\/en\/wp-json\/wp\/v2\/pages"}],"about":[{"href":"https:\/\/dev.tg4.ie\/en\/wp-json\/wp\/v2\/types\/page"}],"author":[{"embeddable":true,"href":"https:\/\/dev.tg4.ie\/en\/wp-json\/wp\/v2\/users\/876"}],"replies":[{"embeddable":true,"href":"https:\/\/dev.tg4.ie\/en\/wp-json\/wp\/v2\/comments?post=173369"}],"version-history":[{"count":0,"href":"https:\/\/dev.tg4.ie\/en\/wp-json\/wp\/v2\/pages\/173369\/revisions"}],"up":[{"embeddable":true,"href":"https:\/\/dev.tg4.ie\/en\/wp-json\/wp\/v2\/pages\/138173"}],"wp:attachment":[{"href":"https:\/\/dev.tg4.ie\/en\/wp-json\/wp\/v2\/media?parent=173369"}],"curies":[{"name":"wp","href":"https:\/\/api.w.org\/{rel}","templated":true}]}}