{"id":174607,"date":"2022-10-10T16:50:28","date_gmt":"2022-10-10T15:50:28","guid":{"rendered":"https:\/\/dev.tg4.ie\/?page_id=174607"},"modified":"2022-10-10T17:03:30","modified_gmt":"2022-10-10T16:03:30","slug":"an-cailin-ciuin-hits-e1-million-at-ireland-uk-box-office","status":"publish","type":"page","link":"https:\/\/dev.tg4.ie\/en\/information\/press\/press-releases\/2022-2\/an-cailin-ciuin-hits-e1-million-at-ireland-uk-box-office\/","title":{"rendered":"An Cail\u00edn Ci\u00fain Hits \u20ac1 Million at Ireland and UK Box-Office"},"content":{"rendered":"<p><img loading=\"lazy\" decoding=\"async\" width=\"1920\" height=\"1080\" src=\"https:\/\/tg4-docs.s3.amazonaws.com\/tg4-redesign-2015\/wp-content\/uploads\/2022\/02\/AnCailinCiuin_TheQuietGirl_Cait_Catherine_Clinch_2-1920x1080-1.jpg\" alt=\"\" class=\"alignnone size-full wp-image-141459\" srcset=\"https:\/\/tg4-docs.s3.amazonaws.com\/tg4-redesign-2015\/wp-content\/uploads\/2022\/02\/AnCailinCiuin_TheQuietGirl_Cait_Catherine_Clinch_2-1920x1080-1.jpg 1920w, https:\/\/tg4-docs.s3.amazonaws.com\/tg4-redesign-2015\/wp-content\/uploads\/2022\/02\/AnCailinCiuin_TheQuietGirl_Cait_Catherine_Clinch_2-1920x1080-1-250x141.jpg 250w, https:\/\/tg4-docs.s3.amazonaws.com\/tg4-redesign-2015\/wp-content\/uploads\/2022\/02\/AnCailinCiuin_TheQuietGirl_Cait_Catherine_Clinch_2-1920x1080-1-700x394.jpg 700w, https:\/\/tg4-docs.s3.amazonaws.com\/tg4-redesign-2015\/wp-content\/uploads\/2022\/02\/AnCailinCiuin_TheQuietGirl_Cait_Catherine_Clinch_2-1920x1080-1-252x141.jpg 252w, https:\/\/tg4-docs.s3.amazonaws.com\/tg4-redesign-2015\/wp-content\/uploads\/2022\/02\/AnCailinCiuin_TheQuietGirl_Cait_Catherine_Clinch_2-1920x1080-1-1536x864.jpg 1536w, https:\/\/tg4-docs.s3.amazonaws.com\/tg4-redesign-2015\/wp-content\/uploads\/2022\/02\/AnCailinCiuin_TheQuietGirl_Cait_Catherine_Clinch_2-1920x1080-1-120x68.jpg 120w\" sizes=\"(max-width: 1920px) 100vw, 1920px\" \/><br \/>\n&nbsp;<br \/>\nAn Cail\u00edn Ci\u00fain has grossed over \u20ac1million at the box-office, a remarkable feat for an Irish Language film after 22 weeks in cinemas in Ireland and the UK. Since it\u2019s release last May, the film has been a major hit at international film festivals, won a slew of awards and become a critic\u2019s darling garnering 5-star reviews across the board. AN CAIL\u00cdN CI\u00daIN is also Ireland\u2019s entry for the Oscars\u00ae Best International Feature Film category at the upcoming 95th annual Academy Awards.<br \/>\n&nbsp;<br \/>\nBased on Irish author, Claire Keegan&#8217;s acclaimed story, Foster, AN CAIL\u00cdN CI\u00daIN is an intricate, deeply felt coming-of-age drama that delves into the meaning of family through the eyes of a neglected young girl. Set in rural Ireland in 1981, the film follows C\u00e1it (Catherine Clinch) as she is sent from her overcrowded, dysfunctional household to live with distant relatives for the summer. She is welcomed with open arms by Eibhl\u00edn (Carrie Crowley), but her husband (Andrew Bennett) keeps C\u00e1it at arm\u2019s length. Slowly, however, a warmth grows within this makeshift family and C\u00e1it begins to blossom in their care. But in this house where there are meant to be no secrets, she discovers one painful truth.  An Cail\u00edn Ci\u00fain was produced by Cleona N\u00ed Chrualaoi of Insc\u00e9al, the production company she established with Colm Bair\u00e9ad in 2012. It was made as part of the Cine4 funding scheme for Irish-language films in partnership with Screen Ireland, TG4, and the Broadcasting Authority of Ireland (BAI). The film is also in receipt of the Irish Government\u2019s Section 481 tax incentive.<br \/>\n&nbsp;<br \/>\n<strong>Writer\/Director, Colm Bair\u00e9ad<\/strong> and <strong>Producer, Cleona N\u00ed Chrualaoi of Insc\u00e9al<\/strong> said <em>&#8220;We are truly humbled by the manner in which audiences in Ireland and the UK have embraced our film. To every single person who bought a ticket for An Cail\u00edn Ci\u00fain (The Quiet Girl) and who championed the film since its release in May, we say thank you from the bottom of our hearts. Huge thanks and congratulations to our fantastic Irish and UK distributors, Break Out Pictures and Curzon, who continue to work incredibly hard on the release. We are enormously grateful to all the cinemas who have allowed the film the time and space to grow and to Access Cinema for its extraordinary work in making the film available to local audiences. We owe an enormous debt of gratitude also to Claire Keegan for allowing us to adapt her work to the screen. The film&#8217;s success is testament to the truly universal work she created in &#8220;Foster&#8221;. And last, but not least, we would like to express our sincere appreciation to TG4, Screen Ireland and the BAI, as funders of the Cine4 scheme, for believing in us as filmmakers and supporting us during this extraordinary journey. It has been a life-changing experience.&#8221;<\/em><br \/>\n&nbsp;<br \/>\n<strong>Alan Esslemont, Director General of TG4<\/strong> said: <em>&#8220;TG4 congratulates everyone at Insc\u00e9al and all their creative and distribution partners on this superb milestone for \u2018An Cail\u00edn Ci\u00fain\u2019 at the Irish and UK box-office.  Most of all we thank Cleona and Colm for creating this beautiful film about speech, silence and love which is already being seen worldwide as one of the classics of Irish cinema.  It is also a wonderful affirmation of the quality of creative talent working through the medium of the Irish language and a strong endorsement of the TG4, Screen Ireland and BAI partnership which launched the Cine4 scheme and  regularly brings cinema-goers into a new world &#8211; the world of Irish language cinema.&#8221;<\/em><br \/>\n&nbsp;<br \/>\nCommenting on this remarkable achievement, <strong>D\u00e9sir\u00e9e Finnegan, Chief Executive F\u00eds Eireann Screen Ireland<\/strong> said <em>\u201cAll of us at Screen Ireland are deeply proud to have supported An Cail\u00edn Ci\u00fain. Seeing the impact the film has had on audiences from every generation has been truly moving, and we believe a watershed moment for Irish-language cinema, which has been redefined by the incredible output from the Cine4 scheme in recent years. In the middle of an intensely difficult time for cinemas and the cinema-going experience, an Irish-language film broke domestic box office records and told a beautiful story about childhood, connection and the power of care. Our congratulations to director Colm Bair\u00e9ad, producer Cleona N\u00ed Chrualaoi, actress Catherine Clinch and the entire team behind bringing An Cail\u00edn Ci\u00fain to life.\u201d<\/em><br \/>\n&nbsp;<br \/>\nIt\u2019s a historical first for an Irish language film to reach such incredible heights and speaking on its continued success <strong>Nell Roddy and Robert McCann Finn, joint MD\u2019s of Break Out Pictures<\/strong> commented: <em>\u201cIt\u2019s a fantastic result and we\u2019re thrilled that audiences in Ireland and the UK have embraced the film as much as we did. It\u2019s a phenomenal achievement for any film to cross the \u20ac1 million mark, but especially now given the increasingly difficult market. Many thanks to everyone for coming out to see this special film and to all the cinemas for their unwavering support. Huge congratulations to Colm, Cleona and all the \u2018An Cail\u00edn Ci\u00fain team for reaching this significant milestone.\u201d<\/em><br \/>\n&nbsp;<br \/>\n<strong>Louisa Dent, MD of Curzon<\/strong> added: <em>\u201cPassing \u20ac1,000,000 at the Irish and UK box office is a remarkable achievement. It has been wonderful to see An Cail\u00edn Ci\u00fain (The Quiet Girl) connecting with audiences in such a deeply emotional way. Huge congratulations again to Colm Bair\u00e9ad and the whole filmmaking team.\u201d<\/em><br \/>\n&nbsp;<br \/>\nAn Cail\u00edn Ci\u00fain is still on release in select cinemas nationwide. <\/p>\n<p>&nbsp;<\/p>\n","protected":false},"excerpt":{"rendered":"<p>&nbsp; An Cail\u00edn Ci\u00fain has grossed over \u20ac1million at the box-office, a remarkable feat for an Irish Language film after 22 weeks in cinemas in Ireland and the UK. Since it\u2019s release last May, the film has been a major hit at international film festivals, won a slew of awards and become a critic\u2019s darling [&hellip;]<\/p>\n","protected":false},"author":876,"featured_media":0,"parent":138173,"menu_order":32,"comment_status":"closed","ping_status":"closed","template":"page-templates\/template-pr.php","meta":{"_acf_changed":false,"footnotes":""},"acf":[],"yoast_head":"<!-- This site is optimized with the Yoast SEO plugin v22.6 - https:\/\/yoast.com\/wordpress\/plugins\/seo\/ -->\n<title>An Cail\u00edn Ci\u00fain Hits \u20ac1 Million at Ireland and UK Box-Office | Press Release | TG4<\/title>\n<meta name=\"description\" content=\"An Cail\u00edn Ci\u00fain has grossed over \u20ac1million at the box-office, a remarkable feat for an Irish Language film after 22 weeks in cinemas in Ireland and the UK.\" \/>\n<meta name=\"robots\" content=\"index, follow, max-snippet:-1, max-image-preview:large, max-video-preview:-1\" \/>\n<meta property=\"og:locale\" content=\"en_US\" \/>\n<meta property=\"og:type\" content=\"article\" \/>\n<meta property=\"og:title\" content=\"An Cail\u00edn Ci\u00fain Hits \u20ac1 Million at Ireland and UK Box-Office | Press Release | TG4\" \/>\n<meta property=\"og:description\" content=\"An Cail\u00edn Ci\u00fain has grossed over \u20ac1million at the box-office, a remarkable feat for an Irish Language film after 22 weeks in cinemas in Ireland and the UK.\" \/>\n<meta property=\"og:url\" content=\"https:\/\/dev.tg4.ie\/en\/information\/press\/press-releases\/2022-2\/an-cailin-ciuin-hits-e1-million-at-ireland-uk-box-office\/\" \/>\n<meta property=\"og:site_name\" content=\"TG4\" \/>\n<meta property=\"article:publisher\" content=\"https:\/\/www.facebook.com\/TG4TV\" \/>\n<meta property=\"article:modified_time\" content=\"2022-10-10T16:03:30+00:00\" \/>\n<meta property=\"og:image\" content=\"https:\/\/tg4-docs.s3.amazonaws.com\/tg4-redesign-2015\/wp-content\/uploads\/2022\/02\/AnCailinCiuin_TheQuietGirl_Cait_Catherine_Clinch_2-1920x1080-1-700x394.jpg\" \/>\n<meta name=\"twitter:card\" content=\"summary_large_image\" \/>\n<meta name=\"twitter:image\" content=\"https:\/\/tg4-docs.s3.amazonaws.com\/tg4-redesign-2015\/wp-content\/uploads\/2022\/02\/AnCailinCiuin_TheQuietGirl_Cait_Catherine_Clinch_2-1920x1080-1-700x394.jpg\" \/>\n<meta name=\"twitter:site\" content=\"@TG4TV\" \/>\n<meta name=\"twitter:label1\" content=\"Est. reading time\" \/>\n\t<meta name=\"twitter:data1\" content=\"5 minutes\" \/>\n<script type=\"application\/ld+json\" class=\"yoast-schema-graph\">{\"@context\":\"https:\/\/schema.org\",\"@graph\":[{\"@type\":\"WebPage\",\"@id\":\"https:\/\/dev.tg4.ie\/en\/information\/press\/press-releases\/2022-2\/an-cailin-ciuin-hits-e1-million-at-ireland-uk-box-office\/\",\"url\":\"https:\/\/dev.tg4.ie\/en\/information\/press\/press-releases\/2022-2\/an-cailin-ciuin-hits-e1-million-at-ireland-uk-box-office\/\",\"name\":\"An Cail\u00edn Ci\u00fain Hits \u20ac1 Million at Ireland and UK Box-Office | Press Release | TG4\",\"isPartOf\":{\"@id\":\"https:\/\/dev.tg4.ie\/en\/#website\"},\"primaryImageOfPage\":{\"@id\":\"https:\/\/dev.tg4.ie\/en\/information\/press\/press-releases\/2022-2\/an-cailin-ciuin-hits-e1-million-at-ireland-uk-box-office\/#primaryimage\"},\"image\":{\"@id\":\"https:\/\/dev.tg4.ie\/en\/information\/press\/press-releases\/2022-2\/an-cailin-ciuin-hits-e1-million-at-ireland-uk-box-office\/#primaryimage\"},\"thumbnailUrl\":\"https:\/\/dev.tg4.ie\/wp-content\/uploads\/2022\/02\/AnCailinCiuin_TheQuietGirl_Cait_Catherine_Clinch_2-1920x1080-1.jpg\",\"datePublished\":\"2022-10-10T15:50:28+00:00\",\"dateModified\":\"2022-10-10T16:03:30+00:00\",\"description\":\"An Cail\u00edn Ci\u00fain has grossed over \u20ac1million at the box-office, a remarkable feat for an Irish Language film after 22 weeks in cinemas in Ireland and the UK.\",\"breadcrumb\":{\"@id\":\"https:\/\/dev.tg4.ie\/en\/information\/press\/press-releases\/2022-2\/an-cailin-ciuin-hits-e1-million-at-ireland-uk-box-office\/#breadcrumb\"},\"inLanguage\":\"en-ie\",\"potentialAction\":[{\"@type\":\"ReadAction\",\"target\":[\"https:\/\/dev.tg4.ie\/en\/information\/press\/press-releases\/2022-2\/an-cailin-ciuin-hits-e1-million-at-ireland-uk-box-office\/\"]}]},{\"@type\":\"ImageObject\",\"inLanguage\":\"en-ie\",\"@id\":\"https:\/\/dev.tg4.ie\/en\/information\/press\/press-releases\/2022-2\/an-cailin-ciuin-hits-e1-million-at-ireland-uk-box-office\/#primaryimage\",\"url\":\"https:\/\/dev.tg4.ie\/wp-content\/uploads\/2022\/02\/AnCailinCiuin_TheQuietGirl_Cait_Catherine_Clinch_2-1920x1080-1.jpg\",\"contentUrl\":\"https:\/\/dev.tg4.ie\/wp-content\/uploads\/2022\/02\/AnCailinCiuin_TheQuietGirl_Cait_Catherine_Clinch_2-1920x1080-1.jpg\"},{\"@type\":\"BreadcrumbList\",\"@id\":\"https:\/\/dev.tg4.ie\/en\/information\/press\/press-releases\/2022-2\/an-cailin-ciuin-hits-e1-million-at-ireland-uk-box-office\/#breadcrumb\",\"itemListElement\":[{\"@type\":\"ListItem\",\"position\":1,\"name\":\"Home\",\"item\":\"https:\/\/dev.tg4.ie\/en\/\"},{\"@type\":\"ListItem\",\"position\":2,\"name\":\"Information\",\"item\":\"https:\/\/dev.tg4.ie\/en\/information\/\"},{\"@type\":\"ListItem\",\"position\":3,\"name\":\"Press\",\"item\":\"https:\/\/dev.tg4.ie\/en\/information\/press\/\"},{\"@type\":\"ListItem\",\"position\":4,\"name\":\"Press Releases\",\"item\":\"https:\/\/dev.tg4.ie\/en\/information\/press\/press-releases\/\"},{\"@type\":\"ListItem\",\"position\":5,\"name\":\"2022\",\"item\":\"https:\/\/dev.tg4.ie\/en\/information\/press\/press-releases\/2022-2\/\"},{\"@type\":\"ListItem\",\"position\":6,\"name\":\"An Cail\u00edn Ci\u00fain Hits \u20ac1 Million at Ireland and UK Box-Office\"}]},{\"@type\":\"WebSite\",\"@id\":\"https:\/\/dev.tg4.ie\/en\/#website\",\"url\":\"https:\/\/dev.tg4.ie\/en\/\",\"name\":\"TG4\",\"description\":\"S\u00fail Eile\",\"potentialAction\":[{\"@type\":\"SearchAction\",\"target\":{\"@type\":\"EntryPoint\",\"urlTemplate\":\"https:\/\/dev.tg4.ie\/en\/?s={search_term_string}\"},\"query-input\":\"required name=search_term_string\"}],\"inLanguage\":\"en-ie\"}]}<\/script>\n<!-- \/ Yoast SEO plugin. -->","yoast_head_json":{"title":"An Cail\u00edn Ci\u00fain Hits \u20ac1 Million at Ireland and UK Box-Office | Press Release | TG4","description":"An Cail\u00edn Ci\u00fain has grossed over \u20ac1million at the box-office, a remarkable feat for an Irish Language film after 22 weeks in cinemas in Ireland and the UK.","robots":{"index":"index","follow":"follow","max-snippet":"max-snippet:-1","max-image-preview":"max-image-preview:large","max-video-preview":"max-video-preview:-1"},"og_locale":"en_US","og_type":"article","og_title":"An Cail\u00edn Ci\u00fain Hits \u20ac1 Million at Ireland and UK Box-Office | Press Release | TG4","og_description":"An Cail\u00edn Ci\u00fain has grossed over \u20ac1million at the box-office, a remarkable feat for an Irish Language film after 22 weeks in cinemas in Ireland and the UK.","og_url":"https:\/\/dev.tg4.ie\/en\/information\/press\/press-releases\/2022-2\/an-cailin-ciuin-hits-e1-million-at-ireland-uk-box-office\/","og_site_name":"TG4","article_publisher":"https:\/\/www.facebook.com\/TG4TV","article_modified_time":"2022-10-10T16:03:30+00:00","og_image":[{"url":"https:\/\/tg4-docs.s3.amazonaws.com\/tg4-redesign-2015\/wp-content\/uploads\/2022\/02\/AnCailinCiuin_TheQuietGirl_Cait_Catherine_Clinch_2-1920x1080-1-700x394.jpg"}],"twitter_card":"summary_large_image","twitter_image":"https:\/\/tg4-docs.s3.amazonaws.com\/tg4-redesign-2015\/wp-content\/uploads\/2022\/02\/AnCailinCiuin_TheQuietGirl_Cait_Catherine_Clinch_2-1920x1080-1-700x394.jpg","twitter_site":"@TG4TV","twitter_misc":{"Est. reading time":"5 minutes"},"schema":{"@context":"https:\/\/schema.org","@graph":[{"@type":"WebPage","@id":"https:\/\/dev.tg4.ie\/en\/information\/press\/press-releases\/2022-2\/an-cailin-ciuin-hits-e1-million-at-ireland-uk-box-office\/","url":"https:\/\/dev.tg4.ie\/en\/information\/press\/press-releases\/2022-2\/an-cailin-ciuin-hits-e1-million-at-ireland-uk-box-office\/","name":"An Cail\u00edn Ci\u00fain Hits \u20ac1 Million at Ireland and UK Box-Office | Press Release | TG4","isPartOf":{"@id":"https:\/\/dev.tg4.ie\/en\/#website"},"primaryImageOfPage":{"@id":"https:\/\/dev.tg4.ie\/en\/information\/press\/press-releases\/2022-2\/an-cailin-ciuin-hits-e1-million-at-ireland-uk-box-office\/#primaryimage"},"image":{"@id":"https:\/\/dev.tg4.ie\/en\/information\/press\/press-releases\/2022-2\/an-cailin-ciuin-hits-e1-million-at-ireland-uk-box-office\/#primaryimage"},"thumbnailUrl":"https:\/\/dev.tg4.ie\/wp-content\/uploads\/2022\/02\/AnCailinCiuin_TheQuietGirl_Cait_Catherine_Clinch_2-1920x1080-1.jpg","datePublished":"2022-10-10T15:50:28+00:00","dateModified":"2022-10-10T16:03:30+00:00","description":"An Cail\u00edn Ci\u00fain has grossed over \u20ac1million at the box-office, a remarkable feat for an Irish Language film after 22 weeks in cinemas in Ireland and the UK.","breadcrumb":{"@id":"https:\/\/dev.tg4.ie\/en\/information\/press\/press-releases\/2022-2\/an-cailin-ciuin-hits-e1-million-at-ireland-uk-box-office\/#breadcrumb"},"inLanguage":"en-ie","potentialAction":[{"@type":"ReadAction","target":["https:\/\/dev.tg4.ie\/en\/information\/press\/press-releases\/2022-2\/an-cailin-ciuin-hits-e1-million-at-ireland-uk-box-office\/"]}]},{"@type":"ImageObject","inLanguage":"en-ie","@id":"https:\/\/dev.tg4.ie\/en\/information\/press\/press-releases\/2022-2\/an-cailin-ciuin-hits-e1-million-at-ireland-uk-box-office\/#primaryimage","url":"https:\/\/dev.tg4.ie\/wp-content\/uploads\/2022\/02\/AnCailinCiuin_TheQuietGirl_Cait_Catherine_Clinch_2-1920x1080-1.jpg","contentUrl":"https:\/\/dev.tg4.ie\/wp-content\/uploads\/2022\/02\/AnCailinCiuin_TheQuietGirl_Cait_Catherine_Clinch_2-1920x1080-1.jpg"},{"@type":"BreadcrumbList","@id":"https:\/\/dev.tg4.ie\/en\/information\/press\/press-releases\/2022-2\/an-cailin-ciuin-hits-e1-million-at-ireland-uk-box-office\/#breadcrumb","itemListElement":[{"@type":"ListItem","position":1,"name":"Home","item":"https:\/\/dev.tg4.ie\/en\/"},{"@type":"ListItem","position":2,"name":"Information","item":"https:\/\/dev.tg4.ie\/en\/information\/"},{"@type":"ListItem","position":3,"name":"Press","item":"https:\/\/dev.tg4.ie\/en\/information\/press\/"},{"@type":"ListItem","position":4,"name":"Press Releases","item":"https:\/\/dev.tg4.ie\/en\/information\/press\/press-releases\/"},{"@type":"ListItem","position":5,"name":"2022","item":"https:\/\/dev.tg4.ie\/en\/information\/press\/press-releases\/2022-2\/"},{"@type":"ListItem","position":6,"name":"An Cail\u00edn Ci\u00fain Hits \u20ac1 Million at Ireland and UK Box-Office"}]},{"@type":"WebSite","@id":"https:\/\/dev.tg4.ie\/en\/#website","url":"https:\/\/dev.tg4.ie\/en\/","name":"TG4","description":"S\u00fail Eile","potentialAction":[{"@type":"SearchAction","target":{"@type":"EntryPoint","urlTemplate":"https:\/\/dev.tg4.ie\/en\/?s={search_term_string}"},"query-input":"required name=search_term_string"}],"inLanguage":"en-ie"}]}},"_links":{"self":[{"href":"https:\/\/dev.tg4.ie\/en\/wp-json\/wp\/v2\/pages\/174607"}],"collection":[{"href":"https:\/\/dev.tg4.ie\/en\/wp-json\/wp\/v2\/pages"}],"about":[{"href":"https:\/\/dev.tg4.ie\/en\/wp-json\/wp\/v2\/types\/page"}],"author":[{"embeddable":true,"href":"https:\/\/dev.tg4.ie\/en\/wp-json\/wp\/v2\/users\/876"}],"replies":[{"embeddable":true,"href":"https:\/\/dev.tg4.ie\/en\/wp-json\/wp\/v2\/comments?post=174607"}],"version-history":[{"count":0,"href":"https:\/\/dev.tg4.ie\/en\/wp-json\/wp\/v2\/pages\/174607\/revisions"}],"up":[{"embeddable":true,"href":"https:\/\/dev.tg4.ie\/en\/wp-json\/wp\/v2\/pages\/138173"}],"wp:attachment":[{"href":"https:\/\/dev.tg4.ie\/en\/wp-json\/wp\/v2\/media?parent=174607"}],"curies":[{"name":"wp","href":"https:\/\/api.w.org\/{rel}","templated":true}]}}