{"id":175374,"date":"2022-10-24T09:50:00","date_gmt":"2022-10-24T08:50:00","guid":{"rendered":"https:\/\/dev.tg4.ie\/?page_id=175374"},"modified":"2022-10-24T09:50:00","modified_gmt":"2022-10-24T08:50:00","slug":"tg4-appoints-deirdre-ni-choistin-as-head-of-news-and-current-affairs","status":"publish","type":"page","link":"https:\/\/dev.tg4.ie\/en\/information\/press\/press-releases\/2022-2\/tg4-appoints-deirdre-ni-choistin-as-head-of-news-and-current-affairs\/","title":{"rendered":"TG4 appoints Deirdre N\u00ed Choist\u00edn as Head of News and Current Affairs"},"content":{"rendered":"<p><img loading=\"lazy\" decoding=\"async\" width=\"1920\" height=\"1080\" src=\"https:\/\/tg4-docs.s3.amazonaws.com\/wp-content\/uploads\/2022\/10\/18171609\/Deirdre_Ni_Choistin_TG4.jpeg\" alt=\"\" class=\"aligncenter size-full wp-image-175371\" srcset=\"https:\/\/tg4-docs.s3.amazonaws.com\/wp-content\/uploads\/2022\/10\/18171609\/Deirdre_Ni_Choistin_TG4.jpeg 1920w, https:\/\/tg4-docs.s3.amazonaws.com\/wp-content\/uploads\/2022\/10\/18171609\/Deirdre_Ni_Choistin_TG4-250x141.jpeg 250w, https:\/\/tg4-docs.s3.amazonaws.com\/wp-content\/uploads\/2022\/10\/18171609\/Deirdre_Ni_Choistin_TG4-700x394.jpeg 700w, https:\/\/tg4-docs.s3.amazonaws.com\/wp-content\/uploads\/2022\/10\/18171609\/Deirdre_Ni_Choistin_TG4-252x141.jpeg 252w, https:\/\/tg4-docs.s3.amazonaws.com\/wp-content\/uploads\/2022\/10\/18171609\/Deirdre_Ni_Choistin_TG4-1536x864.jpeg 1536w, https:\/\/tg4-docs.s3.amazonaws.com\/wp-content\/uploads\/2022\/10\/18171609\/Deirdre_Ni_Choistin_TG4-120x68.jpeg 120w\" sizes=\"(max-width: 1920px) 100vw, 1920px\" \/><br \/>\n&nbsp;<br \/>\nTG4 welcomes the appointment of Deirdre N\u00ed Choist\u00edn as TG4&#8217;s first Head of News and Current Affairs.  In July, the government accepted a recommendation in the Report of the Future of Media Commission that TG4 should have independent editorial control over its news service. The position of Head of News and Current Affairs was advertised to begin to achieve that aim.<br \/>\n&nbsp;<br \/>\nWelcoming the appointment, <strong>TG4&#8217;s Director General, Alan Esslemont<\/strong> said: <em>&#8220;As a result of the government&#8217;s decision that TG4 should have independent editorial control over its news service, I welcome the appointment of Deirdre N\u00ed Choist\u00edn in the new role as TG4&#8217;s Head of News and Current Affairs. Deirdre will begin developing a new vision for TG4 News and Current Affairs on television and digital platforms. Our independent editorial capacity will ensure that there will be a diversity of news to serve TG4 audiences and the Irish language community as a whole. Discussions with RT\u00c9 will begin soon in order to ensure sufficient investment in a new service.&#8221;<\/em><br \/>\n&nbsp;<br \/>\nUnder the Broadcasting Act 2009, the TG4 news service is part of RT\u00c9\u2019s statutory one hour-a-day provision to TG4.<br \/>\n&nbsp;<br \/>\nIn 2021, a research report commissioned by TG4 and supported by the Broadcasting Authority of Ireland Nuacht agus C\u00farsa\u00ed Reatha agus Pobal Labhartha na Gaeilge was conducted by National University of Ireland, Galway in conjunction with RedC. It examined the attitudes and views of the Irish language community towards the provision of news and current affairs available to it. The report showed that Irish speakers want investment in online news provision, investigative journalism and more extensive coverage of news and current affairs. It revealed that the Irish speaking public want news that has a distinct editorial or &#8216;s\u00fail eile&#8217; perspective and not a direct translation of English language news.<br \/>\n&nbsp;<br \/>\nDeirdre N\u00ed Choist\u00edn was TG4&#8217;s Communications Manager since 2019. She established an online news and entertainment platform <a href=\"https:\/\/www.molsceal.ie\/\" rel=\"noopener\" target=\"_blank\">MOLSC\u00c9AL<\/a> for TG4 prior to that in 2017.  She has extensive experience as producer and director of current affairs 7 L\u00e1 series for fourteen years. She had a central role in all of TG4&#8217;s election productions since 2002, with the Nuacht TG4 and 7 L\u00e1 teams. <\/p>\n<p>&nbsp;<\/p>\n","protected":false},"excerpt":{"rendered":"<p>&nbsp; TG4 welcomes the appointment of Deirdre N\u00ed Choist\u00edn as TG4&#8217;s first Head of News and Current Affairs. In July, the government accepted a recommendation in the Report of the Future of Media Commission that TG4 should have independent editorial control over its news service. The position of Head of News and Current Affairs was [&hellip;]<\/p>\n","protected":false},"author":876,"featured_media":0,"parent":138173,"menu_order":33,"comment_status":"closed","ping_status":"closed","template":"page-templates\/template-pr.php","meta":{"_acf_changed":false,"footnotes":""},"acf":[],"yoast_head":"<!-- This site is optimized with the Yoast SEO plugin v22.6 - https:\/\/yoast.com\/wordpress\/plugins\/seo\/ -->\n<title>TG4 appoints Deirdre N\u00ed Choist\u00edn as Head of News and Current Affairs | Press Release | TG4<\/title>\n<meta name=\"description\" content=\"TG4 welcomes the appointment of Deirdre N\u00ed Choist\u00edn as TG4&#039;s first Head of News and Current Affairs. In July, the government accepted a recommendation in the Report of the Future of Media Commission that TG4 should have independent editorial control over its news service.\" \/>\n<meta name=\"robots\" content=\"index, follow, max-snippet:-1, max-image-preview:large, max-video-preview:-1\" \/>\n<meta property=\"og:locale\" content=\"en_US\" \/>\n<meta property=\"og:type\" content=\"article\" \/>\n<meta property=\"og:title\" content=\"TG4 appoints Deirdre N\u00ed Choist\u00edn as Head of News and Current Affairs | Press Release | TG4\" \/>\n<meta property=\"og:description\" content=\"TG4 welcomes the appointment of Deirdre N\u00ed Choist\u00edn as TG4&#039;s first Head of News and Current Affairs. In July, the government accepted a recommendation in the Report of the Future of Media Commission that TG4 should have independent editorial control over its news service.\" \/>\n<meta property=\"og:url\" content=\"https:\/\/dev.tg4.ie\/en\/information\/press\/press-releases\/2022-2\/tg4-appoints-deirdre-ni-choistin-as-head-of-news-and-current-affairs\/\" \/>\n<meta property=\"og:site_name\" content=\"TG4\" \/>\n<meta property=\"article:publisher\" content=\"https:\/\/www.facebook.com\/TG4TV\" \/>\n<meta property=\"og:image\" content=\"https:\/\/tg4-docs.s3.amazonaws.com\/wp-content\/uploads\/2022\/10\/18171609\/Deirdre_Ni_Choistin_TG4-700x394.jpeg\" \/>\n<meta name=\"twitter:card\" content=\"summary_large_image\" \/>\n<meta name=\"twitter:image\" content=\"https:\/\/tg4-docs.s3.amazonaws.com\/wp-content\/uploads\/2022\/10\/18171609\/Deirdre_Ni_Choistin_TG4-700x394.jpeg\" \/>\n<meta name=\"twitter:site\" content=\"@TG4TV\" \/>\n<meta name=\"twitter:label1\" content=\"Est. reading time\" \/>\n\t<meta name=\"twitter:data1\" content=\"2 minutes\" \/>\n<script type=\"application\/ld+json\" class=\"yoast-schema-graph\">{\"@context\":\"https:\/\/schema.org\",\"@graph\":[{\"@type\":\"WebPage\",\"@id\":\"https:\/\/dev.tg4.ie\/en\/information\/press\/press-releases\/2022-2\/tg4-appoints-deirdre-ni-choistin-as-head-of-news-and-current-affairs\/\",\"url\":\"https:\/\/dev.tg4.ie\/en\/information\/press\/press-releases\/2022-2\/tg4-appoints-deirdre-ni-choistin-as-head-of-news-and-current-affairs\/\",\"name\":\"TG4 appoints Deirdre N\u00ed Choist\u00edn as Head of News and Current Affairs | Press Release | TG4\",\"isPartOf\":{\"@id\":\"https:\/\/dev.tg4.ie\/en\/#website\"},\"primaryImageOfPage\":{\"@id\":\"https:\/\/dev.tg4.ie\/en\/information\/press\/press-releases\/2022-2\/tg4-appoints-deirdre-ni-choistin-as-head-of-news-and-current-affairs\/#primaryimage\"},\"image\":{\"@id\":\"https:\/\/dev.tg4.ie\/en\/information\/press\/press-releases\/2022-2\/tg4-appoints-deirdre-ni-choistin-as-head-of-news-and-current-affairs\/#primaryimage\"},\"thumbnailUrl\":\"https:\/\/dev.tg4.ie\/wp-content\/uploads\/2022\/10\/Deirdre_Ni_Choistin_TG4.jpeg\",\"datePublished\":\"2022-10-24T08:50:00+00:00\",\"dateModified\":\"2022-10-24T08:50:00+00:00\",\"description\":\"TG4 welcomes the appointment of Deirdre N\u00ed Choist\u00edn as TG4's first Head of News and Current Affairs. In July, the government accepted a recommendation in the Report of the Future of Media Commission that TG4 should have independent editorial control over its news service.\",\"breadcrumb\":{\"@id\":\"https:\/\/dev.tg4.ie\/en\/information\/press\/press-releases\/2022-2\/tg4-appoints-deirdre-ni-choistin-as-head-of-news-and-current-affairs\/#breadcrumb\"},\"inLanguage\":\"en-ie\",\"potentialAction\":[{\"@type\":\"ReadAction\",\"target\":[\"https:\/\/dev.tg4.ie\/en\/information\/press\/press-releases\/2022-2\/tg4-appoints-deirdre-ni-choistin-as-head-of-news-and-current-affairs\/\"]}]},{\"@type\":\"ImageObject\",\"inLanguage\":\"en-ie\",\"@id\":\"https:\/\/dev.tg4.ie\/en\/information\/press\/press-releases\/2022-2\/tg4-appoints-deirdre-ni-choistin-as-head-of-news-and-current-affairs\/#primaryimage\",\"url\":\"https:\/\/dev.tg4.ie\/wp-content\/uploads\/2022\/10\/Deirdre_Ni_Choistin_TG4.jpeg\",\"contentUrl\":\"https:\/\/dev.tg4.ie\/wp-content\/uploads\/2022\/10\/Deirdre_Ni_Choistin_TG4.jpeg\"},{\"@type\":\"BreadcrumbList\",\"@id\":\"https:\/\/dev.tg4.ie\/en\/information\/press\/press-releases\/2022-2\/tg4-appoints-deirdre-ni-choistin-as-head-of-news-and-current-affairs\/#breadcrumb\",\"itemListElement\":[{\"@type\":\"ListItem\",\"position\":1,\"name\":\"Home\",\"item\":\"https:\/\/dev.tg4.ie\/en\/\"},{\"@type\":\"ListItem\",\"position\":2,\"name\":\"Information\",\"item\":\"https:\/\/dev.tg4.ie\/en\/information\/\"},{\"@type\":\"ListItem\",\"position\":3,\"name\":\"Press\",\"item\":\"https:\/\/dev.tg4.ie\/en\/information\/press\/\"},{\"@type\":\"ListItem\",\"position\":4,\"name\":\"Press Releases\",\"item\":\"https:\/\/dev.tg4.ie\/en\/information\/press\/press-releases\/\"},{\"@type\":\"ListItem\",\"position\":5,\"name\":\"2022\",\"item\":\"https:\/\/dev.tg4.ie\/en\/information\/press\/press-releases\/2022-2\/\"},{\"@type\":\"ListItem\",\"position\":6,\"name\":\"TG4 appoints Deirdre N\u00ed Choist\u00edn as Head of News and Current Affairs\"}]},{\"@type\":\"WebSite\",\"@id\":\"https:\/\/dev.tg4.ie\/en\/#website\",\"url\":\"https:\/\/dev.tg4.ie\/en\/\",\"name\":\"TG4\",\"description\":\"S\u00fail Eile\",\"potentialAction\":[{\"@type\":\"SearchAction\",\"target\":{\"@type\":\"EntryPoint\",\"urlTemplate\":\"https:\/\/dev.tg4.ie\/en\/?s={search_term_string}\"},\"query-input\":\"required name=search_term_string\"}],\"inLanguage\":\"en-ie\"}]}<\/script>\n<!-- \/ Yoast SEO plugin. -->","yoast_head_json":{"title":"TG4 appoints Deirdre N\u00ed Choist\u00edn as Head of News and Current Affairs | Press Release | TG4","description":"TG4 welcomes the appointment of Deirdre N\u00ed Choist\u00edn as TG4's first Head of News and Current Affairs. In July, the government accepted a recommendation in the Report of the Future of Media Commission that TG4 should have independent editorial control over its news service.","robots":{"index":"index","follow":"follow","max-snippet":"max-snippet:-1","max-image-preview":"max-image-preview:large","max-video-preview":"max-video-preview:-1"},"og_locale":"en_US","og_type":"article","og_title":"TG4 appoints Deirdre N\u00ed Choist\u00edn as Head of News and Current Affairs | Press Release | TG4","og_description":"TG4 welcomes the appointment of Deirdre N\u00ed Choist\u00edn as TG4's first Head of News and Current Affairs. In July, the government accepted a recommendation in the Report of the Future of Media Commission that TG4 should have independent editorial control over its news service.","og_url":"https:\/\/dev.tg4.ie\/en\/information\/press\/press-releases\/2022-2\/tg4-appoints-deirdre-ni-choistin-as-head-of-news-and-current-affairs\/","og_site_name":"TG4","article_publisher":"https:\/\/www.facebook.com\/TG4TV","og_image":[{"url":"https:\/\/tg4-docs.s3.amazonaws.com\/wp-content\/uploads\/2022\/10\/18171609\/Deirdre_Ni_Choistin_TG4-700x394.jpeg"}],"twitter_card":"summary_large_image","twitter_image":"https:\/\/tg4-docs.s3.amazonaws.com\/wp-content\/uploads\/2022\/10\/18171609\/Deirdre_Ni_Choistin_TG4-700x394.jpeg","twitter_site":"@TG4TV","twitter_misc":{"Est. reading time":"2 minutes"},"schema":{"@context":"https:\/\/schema.org","@graph":[{"@type":"WebPage","@id":"https:\/\/dev.tg4.ie\/en\/information\/press\/press-releases\/2022-2\/tg4-appoints-deirdre-ni-choistin-as-head-of-news-and-current-affairs\/","url":"https:\/\/dev.tg4.ie\/en\/information\/press\/press-releases\/2022-2\/tg4-appoints-deirdre-ni-choistin-as-head-of-news-and-current-affairs\/","name":"TG4 appoints Deirdre N\u00ed Choist\u00edn as Head of News and Current Affairs | Press Release | TG4","isPartOf":{"@id":"https:\/\/dev.tg4.ie\/en\/#website"},"primaryImageOfPage":{"@id":"https:\/\/dev.tg4.ie\/en\/information\/press\/press-releases\/2022-2\/tg4-appoints-deirdre-ni-choistin-as-head-of-news-and-current-affairs\/#primaryimage"},"image":{"@id":"https:\/\/dev.tg4.ie\/en\/information\/press\/press-releases\/2022-2\/tg4-appoints-deirdre-ni-choistin-as-head-of-news-and-current-affairs\/#primaryimage"},"thumbnailUrl":"https:\/\/dev.tg4.ie\/wp-content\/uploads\/2022\/10\/Deirdre_Ni_Choistin_TG4.jpeg","datePublished":"2022-10-24T08:50:00+00:00","dateModified":"2022-10-24T08:50:00+00:00","description":"TG4 welcomes the appointment of Deirdre N\u00ed Choist\u00edn as TG4's first Head of News and Current Affairs. In July, the government accepted a recommendation in the Report of the Future of Media Commission that TG4 should have independent editorial control over its news service.","breadcrumb":{"@id":"https:\/\/dev.tg4.ie\/en\/information\/press\/press-releases\/2022-2\/tg4-appoints-deirdre-ni-choistin-as-head-of-news-and-current-affairs\/#breadcrumb"},"inLanguage":"en-ie","potentialAction":[{"@type":"ReadAction","target":["https:\/\/dev.tg4.ie\/en\/information\/press\/press-releases\/2022-2\/tg4-appoints-deirdre-ni-choistin-as-head-of-news-and-current-affairs\/"]}]},{"@type":"ImageObject","inLanguage":"en-ie","@id":"https:\/\/dev.tg4.ie\/en\/information\/press\/press-releases\/2022-2\/tg4-appoints-deirdre-ni-choistin-as-head-of-news-and-current-affairs\/#primaryimage","url":"https:\/\/dev.tg4.ie\/wp-content\/uploads\/2022\/10\/Deirdre_Ni_Choistin_TG4.jpeg","contentUrl":"https:\/\/dev.tg4.ie\/wp-content\/uploads\/2022\/10\/Deirdre_Ni_Choistin_TG4.jpeg"},{"@type":"BreadcrumbList","@id":"https:\/\/dev.tg4.ie\/en\/information\/press\/press-releases\/2022-2\/tg4-appoints-deirdre-ni-choistin-as-head-of-news-and-current-affairs\/#breadcrumb","itemListElement":[{"@type":"ListItem","position":1,"name":"Home","item":"https:\/\/dev.tg4.ie\/en\/"},{"@type":"ListItem","position":2,"name":"Information","item":"https:\/\/dev.tg4.ie\/en\/information\/"},{"@type":"ListItem","position":3,"name":"Press","item":"https:\/\/dev.tg4.ie\/en\/information\/press\/"},{"@type":"ListItem","position":4,"name":"Press Releases","item":"https:\/\/dev.tg4.ie\/en\/information\/press\/press-releases\/"},{"@type":"ListItem","position":5,"name":"2022","item":"https:\/\/dev.tg4.ie\/en\/information\/press\/press-releases\/2022-2\/"},{"@type":"ListItem","position":6,"name":"TG4 appoints Deirdre N\u00ed Choist\u00edn as Head of News and Current Affairs"}]},{"@type":"WebSite","@id":"https:\/\/dev.tg4.ie\/en\/#website","url":"https:\/\/dev.tg4.ie\/en\/","name":"TG4","description":"S\u00fail Eile","potentialAction":[{"@type":"SearchAction","target":{"@type":"EntryPoint","urlTemplate":"https:\/\/dev.tg4.ie\/en\/?s={search_term_string}"},"query-input":"required name=search_term_string"}],"inLanguage":"en-ie"}]}},"_links":{"self":[{"href":"https:\/\/dev.tg4.ie\/en\/wp-json\/wp\/v2\/pages\/175374"}],"collection":[{"href":"https:\/\/dev.tg4.ie\/en\/wp-json\/wp\/v2\/pages"}],"about":[{"href":"https:\/\/dev.tg4.ie\/en\/wp-json\/wp\/v2\/types\/page"}],"author":[{"embeddable":true,"href":"https:\/\/dev.tg4.ie\/en\/wp-json\/wp\/v2\/users\/876"}],"replies":[{"embeddable":true,"href":"https:\/\/dev.tg4.ie\/en\/wp-json\/wp\/v2\/comments?post=175374"}],"version-history":[{"count":0,"href":"https:\/\/dev.tg4.ie\/en\/wp-json\/wp\/v2\/pages\/175374\/revisions"}],"up":[{"embeddable":true,"href":"https:\/\/dev.tg4.ie\/en\/wp-json\/wp\/v2\/pages\/138173"}],"wp:attachment":[{"href":"https:\/\/dev.tg4.ie\/en\/wp-json\/wp\/v2\/media?parent=175374"}],"curies":[{"name":"wp","href":"https:\/\/api.w.org\/{rel}","templated":true}]}}