{"id":177244,"date":"2022-11-22T15:12:35","date_gmt":"2022-11-22T15:12:35","guid":{"rendered":"https:\/\/dev.tg4.ie\/?page_id=177244"},"modified":"2022-11-22T15:12:35","modified_gmt":"2022-11-22T15:12:35","slug":"tg4-announces-multiple-commissioning-rounds-for-new-childrens-channel-cula4","status":"publish","type":"page","link":"https:\/\/dev.tg4.ie\/en\/information\/press\/press-releases\/2022-2\/tg4-announces-multiple-commissioning-rounds-for-new-childrens-channel-cula4\/","title":{"rendered":"TG4 announces multiple commissioning rounds for new children&#8217;s channel C\u00fala4"},"content":{"rendered":"<p><img loading=\"lazy\" decoding=\"async\" width=\"1920\" height=\"1080\" src=\"https:\/\/tg4-docs.s3.amazonaws.com\/wp-content\/uploads\/2022\/11\/22145516\/Cula4_Logo_Bandearg_1-1920x1080-1.jpg\" alt=\"\" class=\"alignnone size-full wp-image-177242\" srcset=\"https:\/\/tg4-docs.s3.amazonaws.com\/wp-content\/uploads\/2022\/11\/22145516\/Cula4_Logo_Bandearg_1-1920x1080-1.jpg 1920w, https:\/\/tg4-docs.s3.amazonaws.com\/wp-content\/uploads\/2022\/11\/22145516\/Cula4_Logo_Bandearg_1-1920x1080-1-250x141.jpg 250w, https:\/\/tg4-docs.s3.amazonaws.com\/wp-content\/uploads\/2022\/11\/22145516\/Cula4_Logo_Bandearg_1-1920x1080-1-700x394.jpg 700w, https:\/\/tg4-docs.s3.amazonaws.com\/wp-content\/uploads\/2022\/11\/22145516\/Cula4_Logo_Bandearg_1-1920x1080-1-252x141.jpg 252w, https:\/\/tg4-docs.s3.amazonaws.com\/wp-content\/uploads\/2022\/11\/22145516\/Cula4_Logo_Bandearg_1-1920x1080-1-1536x864.jpg 1536w, https:\/\/tg4-docs.s3.amazonaws.com\/wp-content\/uploads\/2022\/11\/22145516\/Cula4_Logo_Bandearg_1-1920x1080-1-120x68.jpg 120w\" sizes=\"(max-width: 1920px) 100vw, 1920px\" \/><br \/>\n&nbsp;<br \/>\nTG4 announced multiple commissioning rounds at L\u00e1 na L\u00e9iritheoir\u00ed, an event organized by TG4 for the independent production sector in Athlone today. The commissioning rounds announced will be funded from the additional \u20ac7.3m funding approved by the Government for TG4 in Budget 2023.<br \/>\nTG4 will launch a dedicated C\u00fala4 children\u2019s channel next year. The new channel will include a children\u2019s news service, entertainment, drama, and Irish animation, education content. Some of the new rounds of commissioning announced today will be specifically for the C\u00fala4 channel and in all over \u20ac2m will be spent on new programmes and content for children.<br \/>\nApplications are sought for a four-year output contract for entertaining content for children aged between 8 and 12 featuring children or young presenters. Applications are also sought for four-year presentation output contract that is presenter driven and aimed at at children under twelve years of age for the new channel.<br \/>\nA history series that will give young audiences an insight into Irish history in an interesting and entertaining way will be commissioned for the new channel and a gameshow format is also sought where schools, clubs or groups of friends can compete against each other.<\/p>\n<p>Other development schemes announced today include a drama series for preschool children, a drama series for older children between 8-12 years of age, a development scheme for animation for children between 8-12 years of age and an entertainment format for children.<br \/>\nAn ambitious education project to be produced in 2024 will receive development funding aimed at promoting Irish language in schools and to increase Irish-language learning resources available for teachers and students. The focus of the project will be on primary and post-primary schools, with a particular emphasis on supporting the teaching of Irish in schools that are not Gaelscoileanna or Gaeltacht schools. Applications are also sought for short-form educational material aimed at primary school children that would be suitable for the TG4 Foghlaim website or for broadcast on the new C\u00fala4 channel.<br \/>\nTG4 is also seeking applications from the independent production sector for one-off programmes or series in the following genres: documentary or factual for broadcast in TG4&#8217;s prime-time schedule, factual or entertainment for TG4&#8217;s core audiences, factual entertainment for families, music entertainment that is not traditional or country music, ideas for young audiences under 35 years ols and other format ideas.<br \/>\nFor more information about the new commissioning rounds please visit <a href=\"https:\/\/dev.tg4.ie\/coimisiuin\">tg4.ie\/coimisiuin<\/a><\/p>\n<p>&nbsp;<\/p>\n","protected":false},"excerpt":{"rendered":"<p>&nbsp; TG4 announced multiple commissioning rounds at L\u00e1 na L\u00e9iritheoir\u00ed, an event organized by TG4 for the independent production sector in Athlone today. The commissioning rounds announced will be funded from the additional \u20ac7.3m funding approved by the Government for TG4 in Budget 2023. TG4 will launch a dedicated C\u00fala4 children\u2019s channel next year. The [&hellip;]<\/p>\n","protected":false},"author":1821,"featured_media":0,"parent":138173,"menu_order":34,"comment_status":"closed","ping_status":"closed","template":"page-templates\/template-pr.php","meta":{"_acf_changed":false,"footnotes":""},"acf":[],"yoast_head":"<!-- This site is optimized with the Yoast SEO plugin v22.6 - https:\/\/yoast.com\/wordpress\/plugins\/seo\/ -->\n<title>TG4 announces multiple commissioning rounds for new children&#039;s channel C\u00fala4 | Press Release | TG4<\/title>\n<meta name=\"description\" content=\"TG4 announced multiple commissioning rounds at L\u00e1 na L\u00e9iritheoir\u00ed, an event organized by TG4 for the independent production sector in Athlone today.\" \/>\n<meta name=\"robots\" content=\"index, follow, max-snippet:-1, max-image-preview:large, max-video-preview:-1\" \/>\n<meta property=\"og:locale\" content=\"en_US\" \/>\n<meta property=\"og:type\" content=\"article\" \/>\n<meta property=\"og:title\" content=\"TG4 announces multiple commissioning rounds for new children&#039;s channel C\u00fala4 | Press Release | TG4\" \/>\n<meta property=\"og:description\" content=\"TG4 announced multiple commissioning rounds at L\u00e1 na L\u00e9iritheoir\u00ed, an event organized by TG4 for the independent production sector in Athlone today.\" \/>\n<meta property=\"og:url\" content=\"https:\/\/dev.tg4.ie\/en\/information\/press\/press-releases\/2022-2\/tg4-announces-multiple-commissioning-rounds-for-new-childrens-channel-cula4\/\" \/>\n<meta property=\"og:site_name\" content=\"TG4\" \/>\n<meta property=\"article:publisher\" content=\"https:\/\/www.facebook.com\/TG4TV\" \/>\n<meta property=\"og:image\" content=\"https:\/\/tg4-docs.s3.amazonaws.com\/wp-content\/uploads\/2022\/11\/22145516\/Cula4_Logo_Bandearg_1-1920x1080-1.jpg\" \/>\n\t<meta property=\"og:image:width\" content=\"1920\" \/>\n\t<meta property=\"og:image:height\" content=\"1080\" \/>\n\t<meta property=\"og:image:type\" content=\"image\/jpeg\" \/>\n<meta name=\"twitter:card\" content=\"summary_large_image\" \/>\n<meta name=\"twitter:image\" content=\"https:\/\/tg4-docs.s3.amazonaws.com\/wp-content\/uploads\/2022\/11\/22145516\/Cula4_Logo_Bandearg_1-1920x1080-1.jpg\" \/>\n<meta name=\"twitter:site\" content=\"@TG4TV\" \/>\n<meta name=\"twitter:label1\" content=\"Est. reading time\" \/>\n\t<meta name=\"twitter:data1\" content=\"3 minutes\" \/>\n<script type=\"application\/ld+json\" class=\"yoast-schema-graph\">{\"@context\":\"https:\/\/schema.org\",\"@graph\":[{\"@type\":\"WebPage\",\"@id\":\"https:\/\/dev.tg4.ie\/en\/information\/press\/press-releases\/2022-2\/tg4-announces-multiple-commissioning-rounds-for-new-childrens-channel-cula4\/\",\"url\":\"https:\/\/dev.tg4.ie\/en\/information\/press\/press-releases\/2022-2\/tg4-announces-multiple-commissioning-rounds-for-new-childrens-channel-cula4\/\",\"name\":\"TG4 announces multiple commissioning rounds for new children's channel C\u00fala4 | Press Release | TG4\",\"isPartOf\":{\"@id\":\"https:\/\/dev.tg4.ie\/en\/#website\"},\"primaryImageOfPage\":{\"@id\":\"https:\/\/dev.tg4.ie\/en\/information\/press\/press-releases\/2022-2\/tg4-announces-multiple-commissioning-rounds-for-new-childrens-channel-cula4\/#primaryimage\"},\"image\":{\"@id\":\"https:\/\/dev.tg4.ie\/en\/information\/press\/press-releases\/2022-2\/tg4-announces-multiple-commissioning-rounds-for-new-childrens-channel-cula4\/#primaryimage\"},\"thumbnailUrl\":\"https:\/\/dev.tg4.ie\/wp-content\/uploads\/2022\/11\/Cula4_Logo_Bandearg_1-1920x1080-1.jpg\",\"datePublished\":\"2022-11-22T15:12:35+00:00\",\"dateModified\":\"2022-11-22T15:12:35+00:00\",\"description\":\"TG4 announced multiple commissioning rounds at L\u00e1 na L\u00e9iritheoir\u00ed, an event organized by TG4 for the independent production sector in Athlone today.\",\"breadcrumb\":{\"@id\":\"https:\/\/dev.tg4.ie\/en\/information\/press\/press-releases\/2022-2\/tg4-announces-multiple-commissioning-rounds-for-new-childrens-channel-cula4\/#breadcrumb\"},\"inLanguage\":\"en-ie\",\"potentialAction\":[{\"@type\":\"ReadAction\",\"target\":[\"https:\/\/dev.tg4.ie\/en\/information\/press\/press-releases\/2022-2\/tg4-announces-multiple-commissioning-rounds-for-new-childrens-channel-cula4\/\"]}]},{\"@type\":\"ImageObject\",\"inLanguage\":\"en-ie\",\"@id\":\"https:\/\/dev.tg4.ie\/en\/information\/press\/press-releases\/2022-2\/tg4-announces-multiple-commissioning-rounds-for-new-childrens-channel-cula4\/#primaryimage\",\"url\":\"https:\/\/dev.tg4.ie\/wp-content\/uploads\/2022\/11\/Cula4_Logo_Bandearg_1-1920x1080-1.jpg\",\"contentUrl\":\"https:\/\/dev.tg4.ie\/wp-content\/uploads\/2022\/11\/Cula4_Logo_Bandearg_1-1920x1080-1.jpg\"},{\"@type\":\"BreadcrumbList\",\"@id\":\"https:\/\/dev.tg4.ie\/en\/information\/press\/press-releases\/2022-2\/tg4-announces-multiple-commissioning-rounds-for-new-childrens-channel-cula4\/#breadcrumb\",\"itemListElement\":[{\"@type\":\"ListItem\",\"position\":1,\"name\":\"Home\",\"item\":\"https:\/\/dev.tg4.ie\/en\/\"},{\"@type\":\"ListItem\",\"position\":2,\"name\":\"Information\",\"item\":\"https:\/\/dev.tg4.ie\/en\/information\/\"},{\"@type\":\"ListItem\",\"position\":3,\"name\":\"Press\",\"item\":\"https:\/\/dev.tg4.ie\/en\/information\/press\/\"},{\"@type\":\"ListItem\",\"position\":4,\"name\":\"Press Releases\",\"item\":\"https:\/\/dev.tg4.ie\/en\/information\/press\/press-releases\/\"},{\"@type\":\"ListItem\",\"position\":5,\"name\":\"2022\",\"item\":\"https:\/\/dev.tg4.ie\/en\/information\/press\/press-releases\/2022-2\/\"},{\"@type\":\"ListItem\",\"position\":6,\"name\":\"TG4 announces multiple commissioning rounds for new children&#8217;s channel C\u00fala4\"}]},{\"@type\":\"WebSite\",\"@id\":\"https:\/\/dev.tg4.ie\/en\/#website\",\"url\":\"https:\/\/dev.tg4.ie\/en\/\",\"name\":\"TG4\",\"description\":\"S\u00fail Eile\",\"potentialAction\":[{\"@type\":\"SearchAction\",\"target\":{\"@type\":\"EntryPoint\",\"urlTemplate\":\"https:\/\/dev.tg4.ie\/en\/?s={search_term_string}\"},\"query-input\":\"required name=search_term_string\"}],\"inLanguage\":\"en-ie\"}]}<\/script>\n<!-- \/ Yoast SEO plugin. -->","yoast_head_json":{"title":"TG4 announces multiple commissioning rounds for new children's channel C\u00fala4 | Press Release | TG4","description":"TG4 announced multiple commissioning rounds at L\u00e1 na L\u00e9iritheoir\u00ed, an event organized by TG4 for the independent production sector in Athlone today.","robots":{"index":"index","follow":"follow","max-snippet":"max-snippet:-1","max-image-preview":"max-image-preview:large","max-video-preview":"max-video-preview:-1"},"og_locale":"en_US","og_type":"article","og_title":"TG4 announces multiple commissioning rounds for new children's channel C\u00fala4 | Press Release | TG4","og_description":"TG4 announced multiple commissioning rounds at L\u00e1 na L\u00e9iritheoir\u00ed, an event organized by TG4 for the independent production sector in Athlone today.","og_url":"https:\/\/dev.tg4.ie\/en\/information\/press\/press-releases\/2022-2\/tg4-announces-multiple-commissioning-rounds-for-new-childrens-channel-cula4\/","og_site_name":"TG4","article_publisher":"https:\/\/www.facebook.com\/TG4TV","og_image":[{"width":1920,"height":1080,"url":"https:\/\/tg4-docs.s3.amazonaws.com\/wp-content\/uploads\/2022\/11\/22145516\/Cula4_Logo_Bandearg_1-1920x1080-1.jpg","type":"image\/jpeg"}],"twitter_card":"summary_large_image","twitter_image":"https:\/\/tg4-docs.s3.amazonaws.com\/wp-content\/uploads\/2022\/11\/22145516\/Cula4_Logo_Bandearg_1-1920x1080-1.jpg","twitter_site":"@TG4TV","twitter_misc":{"Est. reading time":"3 minutes"},"schema":{"@context":"https:\/\/schema.org","@graph":[{"@type":"WebPage","@id":"https:\/\/dev.tg4.ie\/en\/information\/press\/press-releases\/2022-2\/tg4-announces-multiple-commissioning-rounds-for-new-childrens-channel-cula4\/","url":"https:\/\/dev.tg4.ie\/en\/information\/press\/press-releases\/2022-2\/tg4-announces-multiple-commissioning-rounds-for-new-childrens-channel-cula4\/","name":"TG4 announces multiple commissioning rounds for new children's channel C\u00fala4 | Press Release | TG4","isPartOf":{"@id":"https:\/\/dev.tg4.ie\/en\/#website"},"primaryImageOfPage":{"@id":"https:\/\/dev.tg4.ie\/en\/information\/press\/press-releases\/2022-2\/tg4-announces-multiple-commissioning-rounds-for-new-childrens-channel-cula4\/#primaryimage"},"image":{"@id":"https:\/\/dev.tg4.ie\/en\/information\/press\/press-releases\/2022-2\/tg4-announces-multiple-commissioning-rounds-for-new-childrens-channel-cula4\/#primaryimage"},"thumbnailUrl":"https:\/\/dev.tg4.ie\/wp-content\/uploads\/2022\/11\/Cula4_Logo_Bandearg_1-1920x1080-1.jpg","datePublished":"2022-11-22T15:12:35+00:00","dateModified":"2022-11-22T15:12:35+00:00","description":"TG4 announced multiple commissioning rounds at L\u00e1 na L\u00e9iritheoir\u00ed, an event organized by TG4 for the independent production sector in Athlone today.","breadcrumb":{"@id":"https:\/\/dev.tg4.ie\/en\/information\/press\/press-releases\/2022-2\/tg4-announces-multiple-commissioning-rounds-for-new-childrens-channel-cula4\/#breadcrumb"},"inLanguage":"en-ie","potentialAction":[{"@type":"ReadAction","target":["https:\/\/dev.tg4.ie\/en\/information\/press\/press-releases\/2022-2\/tg4-announces-multiple-commissioning-rounds-for-new-childrens-channel-cula4\/"]}]},{"@type":"ImageObject","inLanguage":"en-ie","@id":"https:\/\/dev.tg4.ie\/en\/information\/press\/press-releases\/2022-2\/tg4-announces-multiple-commissioning-rounds-for-new-childrens-channel-cula4\/#primaryimage","url":"https:\/\/dev.tg4.ie\/wp-content\/uploads\/2022\/11\/Cula4_Logo_Bandearg_1-1920x1080-1.jpg","contentUrl":"https:\/\/dev.tg4.ie\/wp-content\/uploads\/2022\/11\/Cula4_Logo_Bandearg_1-1920x1080-1.jpg"},{"@type":"BreadcrumbList","@id":"https:\/\/dev.tg4.ie\/en\/information\/press\/press-releases\/2022-2\/tg4-announces-multiple-commissioning-rounds-for-new-childrens-channel-cula4\/#breadcrumb","itemListElement":[{"@type":"ListItem","position":1,"name":"Home","item":"https:\/\/dev.tg4.ie\/en\/"},{"@type":"ListItem","position":2,"name":"Information","item":"https:\/\/dev.tg4.ie\/en\/information\/"},{"@type":"ListItem","position":3,"name":"Press","item":"https:\/\/dev.tg4.ie\/en\/information\/press\/"},{"@type":"ListItem","position":4,"name":"Press Releases","item":"https:\/\/dev.tg4.ie\/en\/information\/press\/press-releases\/"},{"@type":"ListItem","position":5,"name":"2022","item":"https:\/\/dev.tg4.ie\/en\/information\/press\/press-releases\/2022-2\/"},{"@type":"ListItem","position":6,"name":"TG4 announces multiple commissioning rounds for new children&#8217;s channel C\u00fala4"}]},{"@type":"WebSite","@id":"https:\/\/dev.tg4.ie\/en\/#website","url":"https:\/\/dev.tg4.ie\/en\/","name":"TG4","description":"S\u00fail Eile","potentialAction":[{"@type":"SearchAction","target":{"@type":"EntryPoint","urlTemplate":"https:\/\/dev.tg4.ie\/en\/?s={search_term_string}"},"query-input":"required name=search_term_string"}],"inLanguage":"en-ie"}]}},"_links":{"self":[{"href":"https:\/\/dev.tg4.ie\/en\/wp-json\/wp\/v2\/pages\/177244"}],"collection":[{"href":"https:\/\/dev.tg4.ie\/en\/wp-json\/wp\/v2\/pages"}],"about":[{"href":"https:\/\/dev.tg4.ie\/en\/wp-json\/wp\/v2\/types\/page"}],"author":[{"embeddable":true,"href":"https:\/\/dev.tg4.ie\/en\/wp-json\/wp\/v2\/users\/1821"}],"replies":[{"embeddable":true,"href":"https:\/\/dev.tg4.ie\/en\/wp-json\/wp\/v2\/comments?post=177244"}],"version-history":[{"count":0,"href":"https:\/\/dev.tg4.ie\/en\/wp-json\/wp\/v2\/pages\/177244\/revisions"}],"up":[{"embeddable":true,"href":"https:\/\/dev.tg4.ie\/en\/wp-json\/wp\/v2\/pages\/138173"}],"wp:attachment":[{"href":"https:\/\/dev.tg4.ie\/en\/wp-json\/wp\/v2\/media?parent=177244"}],"curies":[{"name":"wp","href":"https:\/\/api.w.org\/{rel}","templated":true}]}}