{"id":177788,"date":"2022-11-28T13:34:15","date_gmt":"2022-11-28T13:34:15","guid":{"rendered":"https:\/\/dev.tg4.ie\/?page_id=177788"},"modified":"2022-11-28T13:34:15","modified_gmt":"2022-11-28T13:34:15","slug":"tg4-announces-new-appointments-for-childrens-channel-cula4","status":"publish","type":"page","link":"https:\/\/dev.tg4.ie\/en\/information\/press\/press-releases\/2022-2\/tg4-announces-new-appointments-for-childrens-channel-cula4\/","title":{"rendered":"TG4 announces new appointments for children&#8217;s channel C\u00fala4"},"content":{"rendered":"<p><img loading=\"lazy\" decoding=\"async\" width=\"1920\" height=\"1080\" src=\"https:\/\/tg4-docs.s3.amazonaws.com\/wp-content\/uploads\/2022\/11\/28132452\/Logo_Cula4_bandearg_eadrom_1-1920x1080-1.jpg\" alt=\"\" class=\"aligncenter size-full wp-image-177785\" srcset=\"https:\/\/tg4-docs.s3.amazonaws.com\/wp-content\/uploads\/2022\/11\/28132452\/Logo_Cula4_bandearg_eadrom_1-1920x1080-1.jpg 1920w, https:\/\/tg4-docs.s3.amazonaws.com\/wp-content\/uploads\/2022\/11\/28132452\/Logo_Cula4_bandearg_eadrom_1-1920x1080-1-250x141.jpg 250w, https:\/\/tg4-docs.s3.amazonaws.com\/wp-content\/uploads\/2022\/11\/28132452\/Logo_Cula4_bandearg_eadrom_1-1920x1080-1-700x394.jpg 700w, https:\/\/tg4-docs.s3.amazonaws.com\/wp-content\/uploads\/2022\/11\/28132452\/Logo_Cula4_bandearg_eadrom_1-1920x1080-1-252x141.jpg 252w, https:\/\/tg4-docs.s3.amazonaws.com\/wp-content\/uploads\/2022\/11\/28132452\/Logo_Cula4_bandearg_eadrom_1-1920x1080-1-1536x864.jpg 1536w, https:\/\/tg4-docs.s3.amazonaws.com\/wp-content\/uploads\/2022\/11\/28132452\/Logo_Cula4_bandearg_eadrom_1-1920x1080-1-120x68.jpg 120w\" sizes=\"(max-width: 1920px) 100vw, 1920px\" \/><br \/>\n&nbsp;<br \/>\nTG4 is pleased to announce that Muireann N\u00ed C\u00edobh\u00e1in has been appointed as a new Commissioning Editor for children&#8217;s channel C\u00fala4 and that \u00c9ta\u00edn N\u00ed Thuairisg has been appointed as Producer \/ Editor. <\/p>\n<p>Muireann N\u00ed Ch\u00edobh\u00e1in is a broadcaster, writer and television producer. She is passionate about creating entertaining and meaningful stories for young people. Muireann has spent fifteen years working in young peoples programmes in RT\u00c9 and TG4.  Muireann created, developed and wrote television series for young people such as: <em>Dig In Diner<\/em> and <em>Mr Mender and The Chummyjiggers<\/em>.  She has written scripts for international series such as <em>Jessy and Nessy<\/em> (Amazon Prime and Jam Media Studios), <em>Mya Go<\/em> (RT\u00c9jr and Piranha Bar) and <em>Berry Bees<\/em> (Atlantyca Entertainment, SLR Productions and Telegael).<\/p>\n<p>Muireann was nominated for the &#8216;Best Animation Script&#8217; award for series <em>Mya Go<\/em> at this year&#8217;s Zebbies and drama series <em>Cereal<\/em> that she created for RT\u00c9jr Radio was nominated for this year&#8217;s IMRO awards.  She is an accomplished author and has written many books for young people including <em>Sc\u00fanc agus Sm\u00fair\u00edn<\/em> (Futa Fata), <em>GIY&#8217;s Know-it ALLmanac<\/em> (GIY Ireland), <em>Murphy&#8217;s Law<\/em> (O&#8217;Brien Press) and a series of books for younger children called <em>Eoin\u00edn<\/em> (Futa Fata) about a cute little lamb and his adventures. Muireann will join Siobh\u00e1n N\u00ed Bhr\u00e1daigh who is a Commissioning Editor for Young People at TG4. Earlier this month multiple commissioning rounds were announced for a slate of new programming from the independent production sector for the new channel worth over \u20ac2m.  The C\u00fala4 channel will launch in September 2023. <\/p>\n<p>\u00c9ta\u00edn N\u00ed Thuairisg has been working with TG4 since 1996. \u00c9ta\u00edn has worked in programme marketing as a promotions director, creating television promos and multiplatform marketing content. She has been awarded numerous awards for her creative work with TG4, including a Golden Shark, an ICAD award, Gradaim Chumars\u00e1ide an Oireachtais, and a Torc Award at the Celtic Media Festival. She has experience in television production for TG4 in various roles as Director, Editor and Producer on programmes for young people, documentaries and short films.  She spent a period working in the independent production sector in Oxford from 2018-2020.<\/p>\n<p><strong>C\u00fala4 Manager Karina Feirt\u00e9ar<\/strong> welcomed the appointments saying, <em>&#8220;I am delighted with these appointments. They are very important roles in terms of what TG4 wants to achieve with the new C\u00fala4 channel. Our vision for C\u00fala4 is to create an active, lively space for the young age, a space that is safe, but creative, fun and above all else relevant for children it represents on screen. These appointments will greatly contribute to that vision and to the significant developments in the independent sector.&#8221;<\/em><\/p>\n<p>TG4 announced in 2021 that it intended to establish a specific channel for children which Minister Catherine Martin approved in September of this year. Karina Feirt\u00e9ar was appointed as C\u00fala4 Channel Manager and Niamh N\u00ed Chr\u00f3in\u00edn as presenter and youth ambassador for the channel. <\/p>\n<p>&nbsp;<\/p>\n","protected":false},"excerpt":{"rendered":"<p>&nbsp; TG4 is pleased to announce that Muireann N\u00ed C\u00edobh\u00e1in has been appointed as a new Commissioning Editor for children&#8217;s channel C\u00fala4 and that \u00c9ta\u00edn N\u00ed Thuairisg has been appointed as Producer \/ Editor. Muireann N\u00ed Ch\u00edobh\u00e1in is a broadcaster, writer and television producer. She is passionate about creating entertaining and meaningful stories for young [&hellip;]<\/p>\n","protected":false},"author":876,"featured_media":0,"parent":138173,"menu_order":35,"comment_status":"closed","ping_status":"closed","template":"page-templates\/template-pr.php","meta":{"_acf_changed":false,"footnotes":""},"acf":[],"yoast_head":"<!-- This site is optimized with the Yoast SEO plugin v22.6 - https:\/\/yoast.com\/wordpress\/plugins\/seo\/ -->\n<title>TG4 announces new appointments for children&#039;s channel C\u00fala4 | Press Release | TG4<\/title>\n<meta name=\"description\" content=\"TG4 is pleased to announce that Muireann N\u00ed C\u00edobh\u00e1in has been appointed as a new Commissioning Editor for children&#039;s channel C\u00fala4 and that \u00c9ta\u00edn N\u00ed Thuairisg has been appointed as Producer \/ Editor.\" \/>\n<meta name=\"robots\" content=\"index, follow, max-snippet:-1, max-image-preview:large, max-video-preview:-1\" \/>\n<meta property=\"og:locale\" content=\"en_US\" \/>\n<meta property=\"og:type\" content=\"article\" \/>\n<meta property=\"og:title\" content=\"TG4 announces new appointments for children&#039;s channel C\u00fala4 | Press Release | TG4\" \/>\n<meta property=\"og:description\" content=\"TG4 is pleased to announce that Muireann N\u00ed C\u00edobh\u00e1in has been appointed as a new Commissioning Editor for children&#039;s channel C\u00fala4 and that \u00c9ta\u00edn N\u00ed Thuairisg has been appointed as Producer \/ Editor.\" \/>\n<meta property=\"og:url\" content=\"https:\/\/dev.tg4.ie\/en\/information\/press\/press-releases\/2022-2\/tg4-announces-new-appointments-for-childrens-channel-cula4\/\" \/>\n<meta property=\"og:site_name\" content=\"TG4\" \/>\n<meta property=\"article:publisher\" content=\"https:\/\/www.facebook.com\/TG4TV\" \/>\n<meta property=\"og:image\" content=\"https:\/\/tg4-docs.s3.amazonaws.com\/wp-content\/uploads\/2022\/11\/28132452\/Logo_Cula4_bandearg_eadrom_1-1920x1080-1-700x394.jpg\" \/>\n<meta name=\"twitter:card\" content=\"summary_large_image\" \/>\n<meta name=\"twitter:image\" content=\"https:\/\/tg4-docs.s3.amazonaws.com\/wp-content\/uploads\/2022\/11\/28132452\/Logo_Cula4_bandearg_eadrom_1-1920x1080-1-700x394.jpg\" \/>\n<meta name=\"twitter:site\" content=\"@TG4TV\" \/>\n<meta name=\"twitter:label1\" content=\"Est. reading time\" \/>\n\t<meta name=\"twitter:data1\" content=\"3 minutes\" \/>\n<script type=\"application\/ld+json\" class=\"yoast-schema-graph\">{\"@context\":\"https:\/\/schema.org\",\"@graph\":[{\"@type\":\"WebPage\",\"@id\":\"https:\/\/dev.tg4.ie\/en\/information\/press\/press-releases\/2022-2\/tg4-announces-new-appointments-for-childrens-channel-cula4\/\",\"url\":\"https:\/\/dev.tg4.ie\/en\/information\/press\/press-releases\/2022-2\/tg4-announces-new-appointments-for-childrens-channel-cula4\/\",\"name\":\"TG4 announces new appointments for children's channel C\u00fala4 | Press Release | TG4\",\"isPartOf\":{\"@id\":\"https:\/\/dev.tg4.ie\/en\/#website\"},\"primaryImageOfPage\":{\"@id\":\"https:\/\/dev.tg4.ie\/en\/information\/press\/press-releases\/2022-2\/tg4-announces-new-appointments-for-childrens-channel-cula4\/#primaryimage\"},\"image\":{\"@id\":\"https:\/\/dev.tg4.ie\/en\/information\/press\/press-releases\/2022-2\/tg4-announces-new-appointments-for-childrens-channel-cula4\/#primaryimage\"},\"thumbnailUrl\":\"https:\/\/dev.tg4.ie\/wp-content\/uploads\/2022\/11\/Logo_Cula4_bandearg_eadrom_1-1920x1080-1.jpg\",\"datePublished\":\"2022-11-28T13:34:15+00:00\",\"dateModified\":\"2022-11-28T13:34:15+00:00\",\"description\":\"TG4 is pleased to announce that Muireann N\u00ed C\u00edobh\u00e1in has been appointed as a new Commissioning Editor for children's channel C\u00fala4 and that \u00c9ta\u00edn N\u00ed Thuairisg has been appointed as Producer \/ Editor.\",\"breadcrumb\":{\"@id\":\"https:\/\/dev.tg4.ie\/en\/information\/press\/press-releases\/2022-2\/tg4-announces-new-appointments-for-childrens-channel-cula4\/#breadcrumb\"},\"inLanguage\":\"en-ie\",\"potentialAction\":[{\"@type\":\"ReadAction\",\"target\":[\"https:\/\/dev.tg4.ie\/en\/information\/press\/press-releases\/2022-2\/tg4-announces-new-appointments-for-childrens-channel-cula4\/\"]}]},{\"@type\":\"ImageObject\",\"inLanguage\":\"en-ie\",\"@id\":\"https:\/\/dev.tg4.ie\/en\/information\/press\/press-releases\/2022-2\/tg4-announces-new-appointments-for-childrens-channel-cula4\/#primaryimage\",\"url\":\"https:\/\/dev.tg4.ie\/wp-content\/uploads\/2022\/11\/Logo_Cula4_bandearg_eadrom_1-1920x1080-1.jpg\",\"contentUrl\":\"https:\/\/dev.tg4.ie\/wp-content\/uploads\/2022\/11\/Logo_Cula4_bandearg_eadrom_1-1920x1080-1.jpg\"},{\"@type\":\"BreadcrumbList\",\"@id\":\"https:\/\/dev.tg4.ie\/en\/information\/press\/press-releases\/2022-2\/tg4-announces-new-appointments-for-childrens-channel-cula4\/#breadcrumb\",\"itemListElement\":[{\"@type\":\"ListItem\",\"position\":1,\"name\":\"Home\",\"item\":\"https:\/\/dev.tg4.ie\/en\/\"},{\"@type\":\"ListItem\",\"position\":2,\"name\":\"Information\",\"item\":\"https:\/\/dev.tg4.ie\/en\/information\/\"},{\"@type\":\"ListItem\",\"position\":3,\"name\":\"Press\",\"item\":\"https:\/\/dev.tg4.ie\/en\/information\/press\/\"},{\"@type\":\"ListItem\",\"position\":4,\"name\":\"Press Releases\",\"item\":\"https:\/\/dev.tg4.ie\/en\/information\/press\/press-releases\/\"},{\"@type\":\"ListItem\",\"position\":5,\"name\":\"2022\",\"item\":\"https:\/\/dev.tg4.ie\/en\/information\/press\/press-releases\/2022-2\/\"},{\"@type\":\"ListItem\",\"position\":6,\"name\":\"TG4 announces new appointments for children&#8217;s channel C\u00fala4\"}]},{\"@type\":\"WebSite\",\"@id\":\"https:\/\/dev.tg4.ie\/en\/#website\",\"url\":\"https:\/\/dev.tg4.ie\/en\/\",\"name\":\"TG4\",\"description\":\"S\u00fail Eile\",\"potentialAction\":[{\"@type\":\"SearchAction\",\"target\":{\"@type\":\"EntryPoint\",\"urlTemplate\":\"https:\/\/dev.tg4.ie\/en\/?s={search_term_string}\"},\"query-input\":\"required name=search_term_string\"}],\"inLanguage\":\"en-ie\"}]}<\/script>\n<!-- \/ Yoast SEO plugin. -->","yoast_head_json":{"title":"TG4 announces new appointments for children's channel C\u00fala4 | Press Release | TG4","description":"TG4 is pleased to announce that Muireann N\u00ed C\u00edobh\u00e1in has been appointed as a new Commissioning Editor for children's channel C\u00fala4 and that \u00c9ta\u00edn N\u00ed Thuairisg has been appointed as Producer \/ Editor.","robots":{"index":"index","follow":"follow","max-snippet":"max-snippet:-1","max-image-preview":"max-image-preview:large","max-video-preview":"max-video-preview:-1"},"og_locale":"en_US","og_type":"article","og_title":"TG4 announces new appointments for children's channel C\u00fala4 | Press Release | TG4","og_description":"TG4 is pleased to announce that Muireann N\u00ed C\u00edobh\u00e1in has been appointed as a new Commissioning Editor for children's channel C\u00fala4 and that \u00c9ta\u00edn N\u00ed Thuairisg has been appointed as Producer \/ Editor.","og_url":"https:\/\/dev.tg4.ie\/en\/information\/press\/press-releases\/2022-2\/tg4-announces-new-appointments-for-childrens-channel-cula4\/","og_site_name":"TG4","article_publisher":"https:\/\/www.facebook.com\/TG4TV","og_image":[{"url":"https:\/\/tg4-docs.s3.amazonaws.com\/wp-content\/uploads\/2022\/11\/28132452\/Logo_Cula4_bandearg_eadrom_1-1920x1080-1-700x394.jpg"}],"twitter_card":"summary_large_image","twitter_image":"https:\/\/tg4-docs.s3.amazonaws.com\/wp-content\/uploads\/2022\/11\/28132452\/Logo_Cula4_bandearg_eadrom_1-1920x1080-1-700x394.jpg","twitter_site":"@TG4TV","twitter_misc":{"Est. reading time":"3 minutes"},"schema":{"@context":"https:\/\/schema.org","@graph":[{"@type":"WebPage","@id":"https:\/\/dev.tg4.ie\/en\/information\/press\/press-releases\/2022-2\/tg4-announces-new-appointments-for-childrens-channel-cula4\/","url":"https:\/\/dev.tg4.ie\/en\/information\/press\/press-releases\/2022-2\/tg4-announces-new-appointments-for-childrens-channel-cula4\/","name":"TG4 announces new appointments for children's channel C\u00fala4 | Press Release | TG4","isPartOf":{"@id":"https:\/\/dev.tg4.ie\/en\/#website"},"primaryImageOfPage":{"@id":"https:\/\/dev.tg4.ie\/en\/information\/press\/press-releases\/2022-2\/tg4-announces-new-appointments-for-childrens-channel-cula4\/#primaryimage"},"image":{"@id":"https:\/\/dev.tg4.ie\/en\/information\/press\/press-releases\/2022-2\/tg4-announces-new-appointments-for-childrens-channel-cula4\/#primaryimage"},"thumbnailUrl":"https:\/\/dev.tg4.ie\/wp-content\/uploads\/2022\/11\/Logo_Cula4_bandearg_eadrom_1-1920x1080-1.jpg","datePublished":"2022-11-28T13:34:15+00:00","dateModified":"2022-11-28T13:34:15+00:00","description":"TG4 is pleased to announce that Muireann N\u00ed C\u00edobh\u00e1in has been appointed as a new Commissioning Editor for children's channel C\u00fala4 and that \u00c9ta\u00edn N\u00ed Thuairisg has been appointed as Producer \/ Editor.","breadcrumb":{"@id":"https:\/\/dev.tg4.ie\/en\/information\/press\/press-releases\/2022-2\/tg4-announces-new-appointments-for-childrens-channel-cula4\/#breadcrumb"},"inLanguage":"en-ie","potentialAction":[{"@type":"ReadAction","target":["https:\/\/dev.tg4.ie\/en\/information\/press\/press-releases\/2022-2\/tg4-announces-new-appointments-for-childrens-channel-cula4\/"]}]},{"@type":"ImageObject","inLanguage":"en-ie","@id":"https:\/\/dev.tg4.ie\/en\/information\/press\/press-releases\/2022-2\/tg4-announces-new-appointments-for-childrens-channel-cula4\/#primaryimage","url":"https:\/\/dev.tg4.ie\/wp-content\/uploads\/2022\/11\/Logo_Cula4_bandearg_eadrom_1-1920x1080-1.jpg","contentUrl":"https:\/\/dev.tg4.ie\/wp-content\/uploads\/2022\/11\/Logo_Cula4_bandearg_eadrom_1-1920x1080-1.jpg"},{"@type":"BreadcrumbList","@id":"https:\/\/dev.tg4.ie\/en\/information\/press\/press-releases\/2022-2\/tg4-announces-new-appointments-for-childrens-channel-cula4\/#breadcrumb","itemListElement":[{"@type":"ListItem","position":1,"name":"Home","item":"https:\/\/dev.tg4.ie\/en\/"},{"@type":"ListItem","position":2,"name":"Information","item":"https:\/\/dev.tg4.ie\/en\/information\/"},{"@type":"ListItem","position":3,"name":"Press","item":"https:\/\/dev.tg4.ie\/en\/information\/press\/"},{"@type":"ListItem","position":4,"name":"Press Releases","item":"https:\/\/dev.tg4.ie\/en\/information\/press\/press-releases\/"},{"@type":"ListItem","position":5,"name":"2022","item":"https:\/\/dev.tg4.ie\/en\/information\/press\/press-releases\/2022-2\/"},{"@type":"ListItem","position":6,"name":"TG4 announces new appointments for children&#8217;s channel C\u00fala4"}]},{"@type":"WebSite","@id":"https:\/\/dev.tg4.ie\/en\/#website","url":"https:\/\/dev.tg4.ie\/en\/","name":"TG4","description":"S\u00fail Eile","potentialAction":[{"@type":"SearchAction","target":{"@type":"EntryPoint","urlTemplate":"https:\/\/dev.tg4.ie\/en\/?s={search_term_string}"},"query-input":"required name=search_term_string"}],"inLanguage":"en-ie"}]}},"_links":{"self":[{"href":"https:\/\/dev.tg4.ie\/en\/wp-json\/wp\/v2\/pages\/177788"}],"collection":[{"href":"https:\/\/dev.tg4.ie\/en\/wp-json\/wp\/v2\/pages"}],"about":[{"href":"https:\/\/dev.tg4.ie\/en\/wp-json\/wp\/v2\/types\/page"}],"author":[{"embeddable":true,"href":"https:\/\/dev.tg4.ie\/en\/wp-json\/wp\/v2\/users\/876"}],"replies":[{"embeddable":true,"href":"https:\/\/dev.tg4.ie\/en\/wp-json\/wp\/v2\/comments?post=177788"}],"version-history":[{"count":0,"href":"https:\/\/dev.tg4.ie\/en\/wp-json\/wp\/v2\/pages\/177788\/revisions"}],"up":[{"embeddable":true,"href":"https:\/\/dev.tg4.ie\/en\/wp-json\/wp\/v2\/pages\/138173"}],"wp:attachment":[{"href":"https:\/\/dev.tg4.ie\/en\/wp-json\/wp\/v2\/media?parent=177788"}],"curies":[{"name":"wp","href":"https:\/\/api.w.org\/{rel}","templated":true}]}}