{"id":177854,"date":"2022-11-29T14:01:23","date_gmt":"2022-11-29T14:01:23","guid":{"rendered":"https:\/\/dev.tg4.ie\/?page_id=177854"},"modified":"2022-11-29T14:01:23","modified_gmt":"2022-11-29T14:01:23","slug":"cuireann-tg4-failte-roimh-cheapuchan-anna-ni-ghallachair-mar-chathaoirleach-ar-bhord-tg4","status":"publish","type":"page","link":"https:\/\/dev.tg4.ie\/en\/information\/press\/press-releases\/2022-2\/cuireann-tg4-failte-roimh-cheapuchan-anna-ni-ghallachair-mar-chathaoirleach-ar-bhord-tg4\/","title":{"rendered":"Cuireann TG4 f\u00e1ilte roimh cheap\u00fach\u00e1n Anna N\u00ed Ghallachair mar Chathaoirleach ar Bhord TG4"},"content":{"rendered":"<p><img loading=\"lazy\" decoding=\"async\" width=\"1920\" height=\"1080\" src=\"https:\/\/tg4-docs.s3.amazonaws.com\/tg4-redesign-2015\/wp-content\/uploads\/2021\/02\/TG4_Sat_1_1920x1080.jpg\" alt=\"\" class=\"aligncenter size-full wp-image-116140\" srcset=\"https:\/\/tg4-docs.s3.amazonaws.com\/tg4-redesign-2015\/wp-content\/uploads\/2021\/02\/TG4_Sat_1_1920x1080.jpg 1920w, https:\/\/tg4-docs.s3.amazonaws.com\/tg4-redesign-2015\/wp-content\/uploads\/2021\/02\/TG4_Sat_1_1920x1080-250x141.jpg 250w, https:\/\/tg4-docs.s3.amazonaws.com\/tg4-redesign-2015\/wp-content\/uploads\/2021\/02\/TG4_Sat_1_1920x1080-700x394.jpg 700w, https:\/\/tg4-docs.s3.amazonaws.com\/tg4-redesign-2015\/wp-content\/uploads\/2021\/02\/TG4_Sat_1_1920x1080-252x141.jpg 252w, https:\/\/tg4-docs.s3.amazonaws.com\/tg4-redesign-2015\/wp-content\/uploads\/2021\/02\/TG4_Sat_1_1920x1080-1536x864.jpg 1536w, https:\/\/tg4-docs.s3.amazonaws.com\/tg4-redesign-2015\/wp-content\/uploads\/2021\/02\/TG4_Sat_1_1920x1080-120x68.jpg 120w\" sizes=\"(max-width: 1920px) 100vw, 1920px\" \/><br \/>\n&nbsp;<br \/>\nD&#8217;fh\u00f3gair an rialtas inniu go bhfuil Anna N\u00ed Ghallachair ceaptha mar chathaoirleach nua ar Bhord TG4 agus go bhfuil na comhalta\u00ed R\u00f3is\u00edn N\u00ed R\u00e1ighne, Aed\u00edn O&#8217;Leary, agus Se\u00e1n \u00d3 Cuirre\u00e1in ceaptha mar chomhalta\u00ed nua ar an mbord. Athcheapadh Siobh\u00e1n N\u00ed Ghadhra, Darach \u00d3 Tuairsig agus Mair\u00e9ad N\u00ed Nuadh\u00e1in. <\/p>\n<p>Chuir <strong>Ard-Sti\u00farth\u00f3ir TG4 Alan Esslemont<\/strong> f\u00e1ilte roimh na ceap\u00fach\u00e1in ag r\u00e1; <em>\u201cF\u00e1ilt\u00edm roimh cheap\u00fach\u00e1n Anna N\u00ed Ghallachair mar Cathaoirleach ar Bhord TG4, agus roimh na comhalta\u00ed nua-cheaptha R\u00f3is\u00edn N\u00ed R\u00e1ighne, Aed\u00edn O&#8217;Leary agus Se\u00e1n \u00d3 Cuirre\u00e1in agus roimh athcheap\u00fach\u00e1n Siobh\u00e1n Ni Ghadhra, Darach \u00d3 Tuairisg agus Mair\u00e9ad N\u00ed Nuadh\u00e1in. T\u00e1im ag s\u00fail go m\u00f3r le bheith ag obair leis an mbord nua. Ba mhaith liom aitheantas a thabhairt do Bhord TG4 a bh\u00ed ag feidhmi\u00fa le 10 mbliana anuas faoi sti\u00faradh stuama Shi\u00fain N\u00ed Raghallaigh.  Ba mhaith liom freisin bu\u00edochas a ghlacadh leis an Aire Catherine Martin agus leis an Rialtas seo as an taca\u00edocht a l\u00e9ir\u00edonn siad do TG4.  \u00c1fach, t\u00e1 athr\u00fa m\u00f3r meoin ag teast\u00e1il sa st\u00e1t seo maidir leis na me\u00e1in Ghaeilge.   T\u00e1 coimisi\u00fan faoi na me\u00e1in Ghaeilge le bun\u00fa ag an BAI in 2023 agus beidh r\u00f3l l\u00e1rnach ag Bord nua TG4 faoin gCathaoirleach nua, Anna N\u00ed Ghallachair iarraidh ar an Rialtas me\u00e1in na Gaeilge a chur ar chomhch\u00e9im le mionteangacha rath\u00fala na hEorpa mar an Bhreatnais agus an Bhascais.\u201d<\/em><\/p>\n<p>Buna\u00edodh Bord Theilif\u00eds na Gaeilge i m\u00ed Aibre\u00e1in 2007 faoi fhor\u00e1il an Achta Craolach\u00e1in, 2001. T\u00e1 an bord comhdh\u00e9anta de chathaoirleach agus 11 bhall, an tArd-Sti\u00farth\u00f3ir san \u00e1ireamh i gc\u00e1il ex-officio chomh maith le ball at\u00e1 ionada\u00edoch ar an bhfoireann. Is \u00ed An tAire Turas\u00f3ireachta, Cult\u00fair, Eala\u00edon, Gaeltachta, Sp\u00f3irt agus Me\u00e1in a dh\u00e9anann na ceapach\u00e1in. <\/p>\n<p>&nbsp;<\/p>\n","protected":false},"excerpt":{"rendered":"<p>&nbsp; D&#8217;fh\u00f3gair an rialtas inniu go bhfuil Anna N\u00ed Ghallachair ceaptha mar chathaoirleach nua ar Bhord TG4 agus go bhfuil na comhalta\u00ed R\u00f3is\u00edn N\u00ed R\u00e1ighne, Aed\u00edn O&#8217;Leary, agus Se\u00e1n \u00d3 Cuirre\u00e1in ceaptha mar chomhalta\u00ed nua ar an mbord. Athcheapadh Siobh\u00e1n N\u00ed Ghadhra, Darach \u00d3 Tuairsig agus Mair\u00e9ad N\u00ed Nuadh\u00e1in. Chuir Ard-Sti\u00farth\u00f3ir TG4 Alan Esslemont f\u00e1ilte [&hellip;]<\/p>\n","protected":false},"author":876,"featured_media":0,"parent":138173,"menu_order":36,"comment_status":"closed","ping_status":"closed","template":"page-templates\/template-pr.php","meta":{"_acf_changed":false,"footnotes":""},"acf":[],"yoast_head":"<!-- This site is optimized with the Yoast SEO plugin v22.6 - https:\/\/yoast.com\/wordpress\/plugins\/seo\/ -->\n<title>Cuireann TG4 f\u00e1ilte roimh cheap\u00fach\u00e1n Anna N\u00ed Ghallachair mar Chathaoirleach ar Bhord TG4 | Preas R\u00e1iteas | TG4<\/title>\n<meta name=\"description\" content=\"D&#039;fh\u00f3gair an rialtas inniu go bhfuil Anna N\u00ed Ghallachair ceaptha mar chathaoirleach nua ar Bhord TG4 agus go bhfuil na comhalta\u00ed R\u00f3is\u00edn N\u00ed R\u00e1ighne, Aed\u00edn O&#039;Leary, agus Se\u00e1n \u00d3 Cuirre\u00e1in ceaptha mar chomhalta\u00ed nua ar an mbord.\" \/>\n<meta name=\"robots\" content=\"index, follow, max-snippet:-1, max-image-preview:large, max-video-preview:-1\" \/>\n<meta property=\"og:locale\" content=\"en_US\" \/>\n<meta property=\"og:type\" content=\"article\" \/>\n<meta property=\"og:title\" content=\"Cuireann TG4 f\u00e1ilte roimh cheap\u00fach\u00e1n Anna N\u00ed Ghallachair mar Chathaoirleach ar Bhord TG4 | Preas R\u00e1iteas | TG4\" \/>\n<meta property=\"og:description\" content=\"D&#039;fh\u00f3gair an rialtas inniu go bhfuil Anna N\u00ed Ghallachair ceaptha mar chathaoirleach nua ar Bhord TG4 agus go bhfuil na comhalta\u00ed R\u00f3is\u00edn N\u00ed R\u00e1ighne, Aed\u00edn O&#039;Leary, agus Se\u00e1n \u00d3 Cuirre\u00e1in ceaptha mar chomhalta\u00ed nua ar an mbord.\" \/>\n<meta property=\"og:url\" content=\"https:\/\/dev.tg4.ie\/en\/information\/press\/press-releases\/2022-2\/cuireann-tg4-failte-roimh-cheapuchan-anna-ni-ghallachair-mar-chathaoirleach-ar-bhord-tg4\/\" \/>\n<meta property=\"og:site_name\" content=\"TG4\" \/>\n<meta property=\"article:publisher\" content=\"https:\/\/www.facebook.com\/TG4TV\" \/>\n<meta property=\"og:image\" content=\"https:\/\/tg4-docs.s3.amazonaws.com\/tg4-redesign-2015\/wp-content\/uploads\/2021\/02\/TG4_Sat_1_1920x1080-700x394.jpg\" \/>\n<meta name=\"twitter:card\" content=\"summary_large_image\" \/>\n<meta name=\"twitter:image\" content=\"https:\/\/tg4-docs.s3.amazonaws.com\/tg4-redesign-2015\/wp-content\/uploads\/2021\/02\/TG4_Sat_1_1920x1080-700x394.jpg\" \/>\n<meta name=\"twitter:site\" content=\"@TG4TV\" \/>\n<meta name=\"twitter:label1\" content=\"Est. reading time\" \/>\n\t<meta name=\"twitter:data1\" content=\"2 minutes\" \/>\n<script type=\"application\/ld+json\" class=\"yoast-schema-graph\">{\"@context\":\"https:\/\/schema.org\",\"@graph\":[{\"@type\":\"WebPage\",\"@id\":\"https:\/\/dev.tg4.ie\/en\/information\/press\/press-releases\/2022-2\/cuireann-tg4-failte-roimh-cheapuchan-anna-ni-ghallachair-mar-chathaoirleach-ar-bhord-tg4\/\",\"url\":\"https:\/\/dev.tg4.ie\/en\/information\/press\/press-releases\/2022-2\/cuireann-tg4-failte-roimh-cheapuchan-anna-ni-ghallachair-mar-chathaoirleach-ar-bhord-tg4\/\",\"name\":\"Cuireann TG4 f\u00e1ilte roimh cheap\u00fach\u00e1n Anna N\u00ed Ghallachair mar Chathaoirleach ar Bhord TG4 | Preas R\u00e1iteas | TG4\",\"isPartOf\":{\"@id\":\"https:\/\/dev.tg4.ie\/en\/#website\"},\"primaryImageOfPage\":{\"@id\":\"https:\/\/dev.tg4.ie\/en\/information\/press\/press-releases\/2022-2\/cuireann-tg4-failte-roimh-cheapuchan-anna-ni-ghallachair-mar-chathaoirleach-ar-bhord-tg4\/#primaryimage\"},\"image\":{\"@id\":\"https:\/\/dev.tg4.ie\/en\/information\/press\/press-releases\/2022-2\/cuireann-tg4-failte-roimh-cheapuchan-anna-ni-ghallachair-mar-chathaoirleach-ar-bhord-tg4\/#primaryimage\"},\"thumbnailUrl\":\"https:\/\/dev.tg4.ie\/wp-content\/uploads\/2021\/02\/TG4_Sat_1_1920x1080.jpg\",\"datePublished\":\"2022-11-29T14:01:23+00:00\",\"dateModified\":\"2022-11-29T14:01:23+00:00\",\"description\":\"D'fh\u00f3gair an rialtas inniu go bhfuil Anna N\u00ed Ghallachair ceaptha mar chathaoirleach nua ar Bhord TG4 agus go bhfuil na comhalta\u00ed R\u00f3is\u00edn N\u00ed R\u00e1ighne, Aed\u00edn O'Leary, agus Se\u00e1n \u00d3 Cuirre\u00e1in ceaptha mar chomhalta\u00ed nua ar an mbord.\",\"breadcrumb\":{\"@id\":\"https:\/\/dev.tg4.ie\/en\/information\/press\/press-releases\/2022-2\/cuireann-tg4-failte-roimh-cheapuchan-anna-ni-ghallachair-mar-chathaoirleach-ar-bhord-tg4\/#breadcrumb\"},\"inLanguage\":\"en-ie\",\"potentialAction\":[{\"@type\":\"ReadAction\",\"target\":[\"https:\/\/dev.tg4.ie\/en\/information\/press\/press-releases\/2022-2\/cuireann-tg4-failte-roimh-cheapuchan-anna-ni-ghallachair-mar-chathaoirleach-ar-bhord-tg4\/\"]}]},{\"@type\":\"ImageObject\",\"inLanguage\":\"en-ie\",\"@id\":\"https:\/\/dev.tg4.ie\/en\/information\/press\/press-releases\/2022-2\/cuireann-tg4-failte-roimh-cheapuchan-anna-ni-ghallachair-mar-chathaoirleach-ar-bhord-tg4\/#primaryimage\",\"url\":\"https:\/\/dev.tg4.ie\/wp-content\/uploads\/2021\/02\/TG4_Sat_1_1920x1080.jpg\",\"contentUrl\":\"https:\/\/dev.tg4.ie\/wp-content\/uploads\/2021\/02\/TG4_Sat_1_1920x1080.jpg\"},{\"@type\":\"BreadcrumbList\",\"@id\":\"https:\/\/dev.tg4.ie\/en\/information\/press\/press-releases\/2022-2\/cuireann-tg4-failte-roimh-cheapuchan-anna-ni-ghallachair-mar-chathaoirleach-ar-bhord-tg4\/#breadcrumb\",\"itemListElement\":[{\"@type\":\"ListItem\",\"position\":1,\"name\":\"Home\",\"item\":\"https:\/\/dev.tg4.ie\/en\/\"},{\"@type\":\"ListItem\",\"position\":2,\"name\":\"Information\",\"item\":\"https:\/\/dev.tg4.ie\/en\/information\/\"},{\"@type\":\"ListItem\",\"position\":3,\"name\":\"Press\",\"item\":\"https:\/\/dev.tg4.ie\/en\/information\/press\/\"},{\"@type\":\"ListItem\",\"position\":4,\"name\":\"Press Releases\",\"item\":\"https:\/\/dev.tg4.ie\/en\/information\/press\/press-releases\/\"},{\"@type\":\"ListItem\",\"position\":5,\"name\":\"2022\",\"item\":\"https:\/\/dev.tg4.ie\/en\/information\/press\/press-releases\/2022-2\/\"},{\"@type\":\"ListItem\",\"position\":6,\"name\":\"Cuireann TG4 f\u00e1ilte roimh cheap\u00fach\u00e1n Anna N\u00ed Ghallachair mar Chathaoirleach ar Bhord TG4\"}]},{\"@type\":\"WebSite\",\"@id\":\"https:\/\/dev.tg4.ie\/en\/#website\",\"url\":\"https:\/\/dev.tg4.ie\/en\/\",\"name\":\"TG4\",\"description\":\"S\u00fail Eile\",\"potentialAction\":[{\"@type\":\"SearchAction\",\"target\":{\"@type\":\"EntryPoint\",\"urlTemplate\":\"https:\/\/dev.tg4.ie\/en\/?s={search_term_string}\"},\"query-input\":\"required name=search_term_string\"}],\"inLanguage\":\"en-ie\"}]}<\/script>\n<!-- \/ Yoast SEO plugin. -->","yoast_head_json":{"title":"Cuireann TG4 f\u00e1ilte roimh cheap\u00fach\u00e1n Anna N\u00ed Ghallachair mar Chathaoirleach ar Bhord TG4 | Preas R\u00e1iteas | TG4","description":"D'fh\u00f3gair an rialtas inniu go bhfuil Anna N\u00ed Ghallachair ceaptha mar chathaoirleach nua ar Bhord TG4 agus go bhfuil na comhalta\u00ed R\u00f3is\u00edn N\u00ed R\u00e1ighne, Aed\u00edn O'Leary, agus Se\u00e1n \u00d3 Cuirre\u00e1in ceaptha mar chomhalta\u00ed nua ar an mbord.","robots":{"index":"index","follow":"follow","max-snippet":"max-snippet:-1","max-image-preview":"max-image-preview:large","max-video-preview":"max-video-preview:-1"},"og_locale":"en_US","og_type":"article","og_title":"Cuireann TG4 f\u00e1ilte roimh cheap\u00fach\u00e1n Anna N\u00ed Ghallachair mar Chathaoirleach ar Bhord TG4 | Preas R\u00e1iteas | TG4","og_description":"D'fh\u00f3gair an rialtas inniu go bhfuil Anna N\u00ed Ghallachair ceaptha mar chathaoirleach nua ar Bhord TG4 agus go bhfuil na comhalta\u00ed R\u00f3is\u00edn N\u00ed R\u00e1ighne, Aed\u00edn O'Leary, agus Se\u00e1n \u00d3 Cuirre\u00e1in ceaptha mar chomhalta\u00ed nua ar an mbord.","og_url":"https:\/\/dev.tg4.ie\/en\/information\/press\/press-releases\/2022-2\/cuireann-tg4-failte-roimh-cheapuchan-anna-ni-ghallachair-mar-chathaoirleach-ar-bhord-tg4\/","og_site_name":"TG4","article_publisher":"https:\/\/www.facebook.com\/TG4TV","og_image":[{"url":"https:\/\/tg4-docs.s3.amazonaws.com\/tg4-redesign-2015\/wp-content\/uploads\/2021\/02\/TG4_Sat_1_1920x1080-700x394.jpg"}],"twitter_card":"summary_large_image","twitter_image":"https:\/\/tg4-docs.s3.amazonaws.com\/tg4-redesign-2015\/wp-content\/uploads\/2021\/02\/TG4_Sat_1_1920x1080-700x394.jpg","twitter_site":"@TG4TV","twitter_misc":{"Est. reading time":"2 minutes"},"schema":{"@context":"https:\/\/schema.org","@graph":[{"@type":"WebPage","@id":"https:\/\/dev.tg4.ie\/en\/information\/press\/press-releases\/2022-2\/cuireann-tg4-failte-roimh-cheapuchan-anna-ni-ghallachair-mar-chathaoirleach-ar-bhord-tg4\/","url":"https:\/\/dev.tg4.ie\/en\/information\/press\/press-releases\/2022-2\/cuireann-tg4-failte-roimh-cheapuchan-anna-ni-ghallachair-mar-chathaoirleach-ar-bhord-tg4\/","name":"Cuireann TG4 f\u00e1ilte roimh cheap\u00fach\u00e1n Anna N\u00ed Ghallachair mar Chathaoirleach ar Bhord TG4 | Preas R\u00e1iteas | TG4","isPartOf":{"@id":"https:\/\/dev.tg4.ie\/en\/#website"},"primaryImageOfPage":{"@id":"https:\/\/dev.tg4.ie\/en\/information\/press\/press-releases\/2022-2\/cuireann-tg4-failte-roimh-cheapuchan-anna-ni-ghallachair-mar-chathaoirleach-ar-bhord-tg4\/#primaryimage"},"image":{"@id":"https:\/\/dev.tg4.ie\/en\/information\/press\/press-releases\/2022-2\/cuireann-tg4-failte-roimh-cheapuchan-anna-ni-ghallachair-mar-chathaoirleach-ar-bhord-tg4\/#primaryimage"},"thumbnailUrl":"https:\/\/dev.tg4.ie\/wp-content\/uploads\/2021\/02\/TG4_Sat_1_1920x1080.jpg","datePublished":"2022-11-29T14:01:23+00:00","dateModified":"2022-11-29T14:01:23+00:00","description":"D'fh\u00f3gair an rialtas inniu go bhfuil Anna N\u00ed Ghallachair ceaptha mar chathaoirleach nua ar Bhord TG4 agus go bhfuil na comhalta\u00ed R\u00f3is\u00edn N\u00ed R\u00e1ighne, Aed\u00edn O'Leary, agus Se\u00e1n \u00d3 Cuirre\u00e1in ceaptha mar chomhalta\u00ed nua ar an mbord.","breadcrumb":{"@id":"https:\/\/dev.tg4.ie\/en\/information\/press\/press-releases\/2022-2\/cuireann-tg4-failte-roimh-cheapuchan-anna-ni-ghallachair-mar-chathaoirleach-ar-bhord-tg4\/#breadcrumb"},"inLanguage":"en-ie","potentialAction":[{"@type":"ReadAction","target":["https:\/\/dev.tg4.ie\/en\/information\/press\/press-releases\/2022-2\/cuireann-tg4-failte-roimh-cheapuchan-anna-ni-ghallachair-mar-chathaoirleach-ar-bhord-tg4\/"]}]},{"@type":"ImageObject","inLanguage":"en-ie","@id":"https:\/\/dev.tg4.ie\/en\/information\/press\/press-releases\/2022-2\/cuireann-tg4-failte-roimh-cheapuchan-anna-ni-ghallachair-mar-chathaoirleach-ar-bhord-tg4\/#primaryimage","url":"https:\/\/dev.tg4.ie\/wp-content\/uploads\/2021\/02\/TG4_Sat_1_1920x1080.jpg","contentUrl":"https:\/\/dev.tg4.ie\/wp-content\/uploads\/2021\/02\/TG4_Sat_1_1920x1080.jpg"},{"@type":"BreadcrumbList","@id":"https:\/\/dev.tg4.ie\/en\/information\/press\/press-releases\/2022-2\/cuireann-tg4-failte-roimh-cheapuchan-anna-ni-ghallachair-mar-chathaoirleach-ar-bhord-tg4\/#breadcrumb","itemListElement":[{"@type":"ListItem","position":1,"name":"Home","item":"https:\/\/dev.tg4.ie\/en\/"},{"@type":"ListItem","position":2,"name":"Information","item":"https:\/\/dev.tg4.ie\/en\/information\/"},{"@type":"ListItem","position":3,"name":"Press","item":"https:\/\/dev.tg4.ie\/en\/information\/press\/"},{"@type":"ListItem","position":4,"name":"Press Releases","item":"https:\/\/dev.tg4.ie\/en\/information\/press\/press-releases\/"},{"@type":"ListItem","position":5,"name":"2022","item":"https:\/\/dev.tg4.ie\/en\/information\/press\/press-releases\/2022-2\/"},{"@type":"ListItem","position":6,"name":"Cuireann TG4 f\u00e1ilte roimh cheap\u00fach\u00e1n Anna N\u00ed Ghallachair mar Chathaoirleach ar Bhord TG4"}]},{"@type":"WebSite","@id":"https:\/\/dev.tg4.ie\/en\/#website","url":"https:\/\/dev.tg4.ie\/en\/","name":"TG4","description":"S\u00fail Eile","potentialAction":[{"@type":"SearchAction","target":{"@type":"EntryPoint","urlTemplate":"https:\/\/dev.tg4.ie\/en\/?s={search_term_string}"},"query-input":"required name=search_term_string"}],"inLanguage":"en-ie"}]}},"_links":{"self":[{"href":"https:\/\/dev.tg4.ie\/en\/wp-json\/wp\/v2\/pages\/177854"}],"collection":[{"href":"https:\/\/dev.tg4.ie\/en\/wp-json\/wp\/v2\/pages"}],"about":[{"href":"https:\/\/dev.tg4.ie\/en\/wp-json\/wp\/v2\/types\/page"}],"author":[{"embeddable":true,"href":"https:\/\/dev.tg4.ie\/en\/wp-json\/wp\/v2\/users\/876"}],"replies":[{"embeddable":true,"href":"https:\/\/dev.tg4.ie\/en\/wp-json\/wp\/v2\/comments?post=177854"}],"version-history":[{"count":0,"href":"https:\/\/dev.tg4.ie\/en\/wp-json\/wp\/v2\/pages\/177854\/revisions"}],"up":[{"embeddable":true,"href":"https:\/\/dev.tg4.ie\/en\/wp-json\/wp\/v2\/pages\/138173"}],"wp:attachment":[{"href":"https:\/\/dev.tg4.ie\/en\/wp-json\/wp\/v2\/media?parent=177854"}],"curies":[{"name":"wp","href":"https:\/\/api.w.org\/{rel}","templated":true}]}}