{"id":178987,"date":"2022-12-19T11:10:05","date_gmt":"2022-12-19T11:10:05","guid":{"rendered":"https:\/\/dev.tg4.ie\/?page_id=178987"},"modified":"2022-12-19T11:10:05","modified_gmt":"2022-12-19T11:10:05","slug":"aine-lally-appointed-as-tg4s-communications-manager","status":"publish","type":"page","link":"https:\/\/dev.tg4.ie\/en\/information\/press\/press-releases\/2022-2\/aine-lally-appointed-as-tg4s-communications-manager\/","title":{"rendered":"\u00c1ine Lally appointed as TG4&#8217;s Communications Manager"},"content":{"rendered":"<p><img loading=\"lazy\" decoding=\"async\" width=\"1920\" height=\"1080\" src=\"https:\/\/tg4-docs.s3.amazonaws.com\/wp-content\/uploads\/2022\/12\/19110411\/Aine_Lally_1-1920x1080-1.jpg\" alt=\"\" class=\"aligncenter size-full wp-image-178985\" srcset=\"https:\/\/tg4-docs.s3.amazonaws.com\/wp-content\/uploads\/2022\/12\/19110411\/Aine_Lally_1-1920x1080-1.jpg 1920w, https:\/\/tg4-docs.s3.amazonaws.com\/wp-content\/uploads\/2022\/12\/19110411\/Aine_Lally_1-1920x1080-1-250x141.jpg 250w, https:\/\/tg4-docs.s3.amazonaws.com\/wp-content\/uploads\/2022\/12\/19110411\/Aine_Lally_1-1920x1080-1-700x394.jpg 700w, https:\/\/tg4-docs.s3.amazonaws.com\/wp-content\/uploads\/2022\/12\/19110411\/Aine_Lally_1-1920x1080-1-252x141.jpg 252w, https:\/\/tg4-docs.s3.amazonaws.com\/wp-content\/uploads\/2022\/12\/19110411\/Aine_Lally_1-1920x1080-1-1536x864.jpg 1536w, https:\/\/tg4-docs.s3.amazonaws.com\/wp-content\/uploads\/2022\/12\/19110411\/Aine_Lally_1-1920x1080-1-120x68.jpg 120w\" sizes=\"(max-width: 1920px) 100vw, 1920px\" \/><\/p>\n<p>TG4 is pleased to announce that \u00c1ine Lally has been appointed as the broadcaster&#8217;s new Communications Manager.  \u00c1ine has over twenty years experience as a broadcast journalist and newscaster with Nuacht TG4\/RT\u00c9.   <\/p>\n<p>In the late 1990s she began her television career in TG4&#8217;s Communications Department working with former Deputy Chief Executive P\u00e1draic \u00d3 Ciardha.  She is known throughout Connemara and beyond for her unique journalistic and storytelling style giving insight into Gaeltacht and Irish-language communities in Ireland and abroad. During her years with Nuacht TG4, she has produced many documentaries about Irish Americans in Boston, New York, Pittsburgh and Louisiana. She has covered US elections for the station and has previously been a reporter for RT\u00c9&#8217;s Nationwide and also worked with Galway Bay FM. She was a researcher and presenter of entertainment series F\u00e9ilte for four years working with Aoife N\u00ed Thuairisg and S\u00edle N\u00ed Bhraon\u00e1in. In 2004 \u00c1ine presented Gradam Ceoil TG4 with P\u00e1id\u00ed \u00d3 Lion\u00e1ird. <\/p>\n<p>\u00c1ine is from An Spid\u00e9al in Connemara and is a daughter of well-known Galway businessman M\u00e1irt\u00edn Lally and his wife Br\u00edd. She has six brothers: Caoimh\u00edn, P\u00e1draig, Marcus, Diarmaid, M\u00e1irt\u00edn and D\u00f3nal. She is married to Joe Quinn from Galway City and they have two children Robert and Liadh. <\/p>\n<p><strong>TG4 Director of Marketing, Development and Partnerships L\u00eds N\u00ed Dh\u00e1laigh<\/strong>, welcomed the appointment saying, <em>&#8220;I would like to welcome \u00c1ine Lally to this important role in TG4. \u00c1ine has extensive journalism experience and knowledge of Irish language and Gaeltacht communities which will be a great asset as she undertakes the position of Communications Manager with TG4. I have no doubt that she will take to the role with the same energy and commitment that she is renowned for in her journalism work.&#8221;<\/em><\/p>\n<p>\u00c1ine succeeds Deirdre N\u00ed Choist\u00edn who was recently appointed TG4&#8217;s Head of News &#038; Current Affairs. \u00c1ine will start her new job in January.<\/p>\n<p>&nbsp;<\/p>\n","protected":false},"excerpt":{"rendered":"<p>TG4 is pleased to announce that \u00c1ine Lally has been appointed as the broadcaster&#8217;s new Communications Manager. \u00c1ine has over twenty years experience as a broadcast journalist and newscaster with Nuacht TG4\/RT\u00c9. In the late 1990s she began her television career in TG4&#8217;s Communications Department working with former Deputy Chief Executive P\u00e1draic \u00d3 Ciardha. She [&hellip;]<\/p>\n","protected":false},"author":876,"featured_media":0,"parent":138173,"menu_order":39,"comment_status":"closed","ping_status":"closed","template":"page-templates\/template-pr.php","meta":{"_acf_changed":false,"footnotes":""},"acf":[],"yoast_head":"<!-- This site is optimized with the Yoast SEO plugin v22.6 - https:\/\/yoast.com\/wordpress\/plugins\/seo\/ -->\n<title>\u00c1ine Lally appointed as TG4&#039;s Communications Manager | Press Release | TG4<\/title>\n<meta name=\"description\" content=\"TG4 is pleased to announce that \u00c1ine Lally has been appointed as the broadcaster&#039;s new Communications Manager. \u00c1ine has over twenty years experience as a broadcast journalist and newscaster with Nuacht TG4\/RT\u00c9.\" \/>\n<meta name=\"robots\" content=\"index, follow, max-snippet:-1, max-image-preview:large, max-video-preview:-1\" \/>\n<meta property=\"og:locale\" content=\"en_US\" \/>\n<meta property=\"og:type\" content=\"article\" \/>\n<meta property=\"og:title\" content=\"\u00c1ine Lally appointed as TG4&#039;s Communications Manager | Press Release | TG4\" \/>\n<meta property=\"og:description\" content=\"TG4 is pleased to announce that \u00c1ine Lally has been appointed as the broadcaster&#039;s new Communications Manager. \u00c1ine has over twenty years experience as a broadcast journalist and newscaster with Nuacht TG4\/RT\u00c9.\" \/>\n<meta property=\"og:url\" content=\"https:\/\/dev.tg4.ie\/en\/information\/press\/press-releases\/2022-2\/aine-lally-appointed-as-tg4s-communications-manager\/\" \/>\n<meta property=\"og:site_name\" content=\"TG4\" \/>\n<meta property=\"article:publisher\" content=\"https:\/\/www.facebook.com\/TG4TV\" \/>\n<meta property=\"og:image\" content=\"https:\/\/tg4-docs.s3.amazonaws.com\/wp-content\/uploads\/2022\/12\/19110411\/Aine_Lally_1-1920x1080-1-700x394.jpg\" \/>\n<meta name=\"twitter:card\" content=\"summary_large_image\" \/>\n<meta name=\"twitter:image\" content=\"https:\/\/tg4-docs.s3.amazonaws.com\/wp-content\/uploads\/2022\/12\/19110411\/Aine_Lally_1-1920x1080-1-700x394.jpg\" \/>\n<meta name=\"twitter:site\" content=\"@TG4TV\" \/>\n<meta name=\"twitter:label1\" content=\"Est. reading time\" \/>\n\t<meta name=\"twitter:data1\" content=\"2 minutes\" \/>\n<script type=\"application\/ld+json\" class=\"yoast-schema-graph\">{\"@context\":\"https:\/\/schema.org\",\"@graph\":[{\"@type\":\"WebPage\",\"@id\":\"https:\/\/dev.tg4.ie\/en\/information\/press\/press-releases\/2022-2\/aine-lally-appointed-as-tg4s-communications-manager\/\",\"url\":\"https:\/\/dev.tg4.ie\/en\/information\/press\/press-releases\/2022-2\/aine-lally-appointed-as-tg4s-communications-manager\/\",\"name\":\"\u00c1ine Lally appointed as TG4's Communications Manager | Press Release | TG4\",\"isPartOf\":{\"@id\":\"https:\/\/dev.tg4.ie\/en\/#website\"},\"primaryImageOfPage\":{\"@id\":\"https:\/\/dev.tg4.ie\/en\/information\/press\/press-releases\/2022-2\/aine-lally-appointed-as-tg4s-communications-manager\/#primaryimage\"},\"image\":{\"@id\":\"https:\/\/dev.tg4.ie\/en\/information\/press\/press-releases\/2022-2\/aine-lally-appointed-as-tg4s-communications-manager\/#primaryimage\"},\"thumbnailUrl\":\"https:\/\/dev.tg4.ie\/wp-content\/uploads\/2022\/12\/Aine_Lally_1-1920x1080-1.jpg\",\"datePublished\":\"2022-12-19T11:10:05+00:00\",\"dateModified\":\"2022-12-19T11:10:05+00:00\",\"description\":\"TG4 is pleased to announce that \u00c1ine Lally has been appointed as the broadcaster's new Communications Manager. \u00c1ine has over twenty years experience as a broadcast journalist and newscaster with Nuacht TG4\/RT\u00c9.\",\"breadcrumb\":{\"@id\":\"https:\/\/dev.tg4.ie\/en\/information\/press\/press-releases\/2022-2\/aine-lally-appointed-as-tg4s-communications-manager\/#breadcrumb\"},\"inLanguage\":\"en-ie\",\"potentialAction\":[{\"@type\":\"ReadAction\",\"target\":[\"https:\/\/dev.tg4.ie\/en\/information\/press\/press-releases\/2022-2\/aine-lally-appointed-as-tg4s-communications-manager\/\"]}]},{\"@type\":\"ImageObject\",\"inLanguage\":\"en-ie\",\"@id\":\"https:\/\/dev.tg4.ie\/en\/information\/press\/press-releases\/2022-2\/aine-lally-appointed-as-tg4s-communications-manager\/#primaryimage\",\"url\":\"https:\/\/dev.tg4.ie\/wp-content\/uploads\/2022\/12\/Aine_Lally_1-1920x1080-1.jpg\",\"contentUrl\":\"https:\/\/dev.tg4.ie\/wp-content\/uploads\/2022\/12\/Aine_Lally_1-1920x1080-1.jpg\"},{\"@type\":\"BreadcrumbList\",\"@id\":\"https:\/\/dev.tg4.ie\/en\/information\/press\/press-releases\/2022-2\/aine-lally-appointed-as-tg4s-communications-manager\/#breadcrumb\",\"itemListElement\":[{\"@type\":\"ListItem\",\"position\":1,\"name\":\"Home\",\"item\":\"https:\/\/dev.tg4.ie\/en\/\"},{\"@type\":\"ListItem\",\"position\":2,\"name\":\"Information\",\"item\":\"https:\/\/dev.tg4.ie\/en\/information\/\"},{\"@type\":\"ListItem\",\"position\":3,\"name\":\"Press\",\"item\":\"https:\/\/dev.tg4.ie\/en\/information\/press\/\"},{\"@type\":\"ListItem\",\"position\":4,\"name\":\"Press Releases\",\"item\":\"https:\/\/dev.tg4.ie\/en\/information\/press\/press-releases\/\"},{\"@type\":\"ListItem\",\"position\":5,\"name\":\"2022\",\"item\":\"https:\/\/dev.tg4.ie\/en\/information\/press\/press-releases\/2022-2\/\"},{\"@type\":\"ListItem\",\"position\":6,\"name\":\"\u00c1ine Lally appointed as TG4&#8217;s Communications Manager\"}]},{\"@type\":\"WebSite\",\"@id\":\"https:\/\/dev.tg4.ie\/en\/#website\",\"url\":\"https:\/\/dev.tg4.ie\/en\/\",\"name\":\"TG4\",\"description\":\"S\u00fail Eile\",\"potentialAction\":[{\"@type\":\"SearchAction\",\"target\":{\"@type\":\"EntryPoint\",\"urlTemplate\":\"https:\/\/dev.tg4.ie\/en\/?s={search_term_string}\"},\"query-input\":\"required name=search_term_string\"}],\"inLanguage\":\"en-ie\"}]}<\/script>\n<!-- \/ Yoast SEO plugin. -->","yoast_head_json":{"title":"\u00c1ine Lally appointed as TG4's Communications Manager | Press Release | TG4","description":"TG4 is pleased to announce that \u00c1ine Lally has been appointed as the broadcaster's new Communications Manager. \u00c1ine has over twenty years experience as a broadcast journalist and newscaster with Nuacht TG4\/RT\u00c9.","robots":{"index":"index","follow":"follow","max-snippet":"max-snippet:-1","max-image-preview":"max-image-preview:large","max-video-preview":"max-video-preview:-1"},"og_locale":"en_US","og_type":"article","og_title":"\u00c1ine Lally appointed as TG4's Communications Manager | Press Release | TG4","og_description":"TG4 is pleased to announce that \u00c1ine Lally has been appointed as the broadcaster's new Communications Manager. \u00c1ine has over twenty years experience as a broadcast journalist and newscaster with Nuacht TG4\/RT\u00c9.","og_url":"https:\/\/dev.tg4.ie\/en\/information\/press\/press-releases\/2022-2\/aine-lally-appointed-as-tg4s-communications-manager\/","og_site_name":"TG4","article_publisher":"https:\/\/www.facebook.com\/TG4TV","og_image":[{"url":"https:\/\/tg4-docs.s3.amazonaws.com\/wp-content\/uploads\/2022\/12\/19110411\/Aine_Lally_1-1920x1080-1-700x394.jpg"}],"twitter_card":"summary_large_image","twitter_image":"https:\/\/tg4-docs.s3.amazonaws.com\/wp-content\/uploads\/2022\/12\/19110411\/Aine_Lally_1-1920x1080-1-700x394.jpg","twitter_site":"@TG4TV","twitter_misc":{"Est. reading time":"2 minutes"},"schema":{"@context":"https:\/\/schema.org","@graph":[{"@type":"WebPage","@id":"https:\/\/dev.tg4.ie\/en\/information\/press\/press-releases\/2022-2\/aine-lally-appointed-as-tg4s-communications-manager\/","url":"https:\/\/dev.tg4.ie\/en\/information\/press\/press-releases\/2022-2\/aine-lally-appointed-as-tg4s-communications-manager\/","name":"\u00c1ine Lally appointed as TG4's Communications Manager | Press Release | TG4","isPartOf":{"@id":"https:\/\/dev.tg4.ie\/en\/#website"},"primaryImageOfPage":{"@id":"https:\/\/dev.tg4.ie\/en\/information\/press\/press-releases\/2022-2\/aine-lally-appointed-as-tg4s-communications-manager\/#primaryimage"},"image":{"@id":"https:\/\/dev.tg4.ie\/en\/information\/press\/press-releases\/2022-2\/aine-lally-appointed-as-tg4s-communications-manager\/#primaryimage"},"thumbnailUrl":"https:\/\/dev.tg4.ie\/wp-content\/uploads\/2022\/12\/Aine_Lally_1-1920x1080-1.jpg","datePublished":"2022-12-19T11:10:05+00:00","dateModified":"2022-12-19T11:10:05+00:00","description":"TG4 is pleased to announce that \u00c1ine Lally has been appointed as the broadcaster's new Communications Manager. \u00c1ine has over twenty years experience as a broadcast journalist and newscaster with Nuacht TG4\/RT\u00c9.","breadcrumb":{"@id":"https:\/\/dev.tg4.ie\/en\/information\/press\/press-releases\/2022-2\/aine-lally-appointed-as-tg4s-communications-manager\/#breadcrumb"},"inLanguage":"en-ie","potentialAction":[{"@type":"ReadAction","target":["https:\/\/dev.tg4.ie\/en\/information\/press\/press-releases\/2022-2\/aine-lally-appointed-as-tg4s-communications-manager\/"]}]},{"@type":"ImageObject","inLanguage":"en-ie","@id":"https:\/\/dev.tg4.ie\/en\/information\/press\/press-releases\/2022-2\/aine-lally-appointed-as-tg4s-communications-manager\/#primaryimage","url":"https:\/\/dev.tg4.ie\/wp-content\/uploads\/2022\/12\/Aine_Lally_1-1920x1080-1.jpg","contentUrl":"https:\/\/dev.tg4.ie\/wp-content\/uploads\/2022\/12\/Aine_Lally_1-1920x1080-1.jpg"},{"@type":"BreadcrumbList","@id":"https:\/\/dev.tg4.ie\/en\/information\/press\/press-releases\/2022-2\/aine-lally-appointed-as-tg4s-communications-manager\/#breadcrumb","itemListElement":[{"@type":"ListItem","position":1,"name":"Home","item":"https:\/\/dev.tg4.ie\/en\/"},{"@type":"ListItem","position":2,"name":"Information","item":"https:\/\/dev.tg4.ie\/en\/information\/"},{"@type":"ListItem","position":3,"name":"Press","item":"https:\/\/dev.tg4.ie\/en\/information\/press\/"},{"@type":"ListItem","position":4,"name":"Press Releases","item":"https:\/\/dev.tg4.ie\/en\/information\/press\/press-releases\/"},{"@type":"ListItem","position":5,"name":"2022","item":"https:\/\/dev.tg4.ie\/en\/information\/press\/press-releases\/2022-2\/"},{"@type":"ListItem","position":6,"name":"\u00c1ine Lally appointed as TG4&#8217;s Communications Manager"}]},{"@type":"WebSite","@id":"https:\/\/dev.tg4.ie\/en\/#website","url":"https:\/\/dev.tg4.ie\/en\/","name":"TG4","description":"S\u00fail Eile","potentialAction":[{"@type":"SearchAction","target":{"@type":"EntryPoint","urlTemplate":"https:\/\/dev.tg4.ie\/en\/?s={search_term_string}"},"query-input":"required name=search_term_string"}],"inLanguage":"en-ie"}]}},"_links":{"self":[{"href":"https:\/\/dev.tg4.ie\/en\/wp-json\/wp\/v2\/pages\/178987"}],"collection":[{"href":"https:\/\/dev.tg4.ie\/en\/wp-json\/wp\/v2\/pages"}],"about":[{"href":"https:\/\/dev.tg4.ie\/en\/wp-json\/wp\/v2\/types\/page"}],"author":[{"embeddable":true,"href":"https:\/\/dev.tg4.ie\/en\/wp-json\/wp\/v2\/users\/876"}],"replies":[{"embeddable":true,"href":"https:\/\/dev.tg4.ie\/en\/wp-json\/wp\/v2\/comments?post=178987"}],"version-history":[{"count":0,"href":"https:\/\/dev.tg4.ie\/en\/wp-json\/wp\/v2\/pages\/178987\/revisions"}],"up":[{"embeddable":true,"href":"https:\/\/dev.tg4.ie\/en\/wp-json\/wp\/v2\/pages\/138173"}],"wp:attachment":[{"href":"https:\/\/dev.tg4.ie\/en\/wp-json\/wp\/v2\/media?parent=178987"}],"curies":[{"name":"wp","href":"https:\/\/api.w.org\/{rel}","templated":true}]}}