{"id":180966,"date":"2023-01-09T15:51:41","date_gmt":"2023-01-09T15:51:41","guid":{"rendered":"https:\/\/dev.tg4.ie\/?page_id=180966"},"modified":"2023-01-09T16:03:26","modified_gmt":"2023-01-09T16:03:26","slug":"best-christmas-since-2011","status":"publish","type":"page","link":"https:\/\/dev.tg4.ie\/en\/information\/press\/press-releases\/2023-2\/best-christmas-since-2011\/","title":{"rendered":"TG4&#8217;s best Christmas since 2011"},"content":{"rendered":"<p><img loading=\"lazy\" decoding=\"async\" width=\"1920\" height=\"1080\" src=\"https:\/\/tg4-docs.s3.amazonaws.com\/wp-content\/uploads\/2023\/01\/09153941\/Failte2023.jpg\" alt=\"\" class=\"alignright size-thumbnail wp-image-181008\" srcset=\"https:\/\/tg4-docs.s3.amazonaws.com\/wp-content\/uploads\/2023\/01\/09153941\/Failte2023.jpg 1920w, https:\/\/tg4-docs.s3.amazonaws.com\/wp-content\/uploads\/2023\/01\/09153941\/Failte2023-250x141.jpg 250w, https:\/\/tg4-docs.s3.amazonaws.com\/wp-content\/uploads\/2023\/01\/09153941\/Failte2023-700x394.jpg 700w, https:\/\/tg4-docs.s3.amazonaws.com\/wp-content\/uploads\/2023\/01\/09153941\/Failte2023-252x141.jpg 252w, https:\/\/tg4-docs.s3.amazonaws.com\/wp-content\/uploads\/2023\/01\/09153941\/Failte2023-1536x864.jpg 1536w, https:\/\/tg4-docs.s3.amazonaws.com\/wp-content\/uploads\/2023\/01\/09153941\/Failte2023-120x68.jpg 120w\" sizes=\"(max-width: 1920px) 100vw, 1920px\" \/><br \/>\n&nbsp;<\/p>\n<p>TG4 had a share of viewing of 3.2% over the 2022 Christmas season, according to figures from TAM Ireland\/Nielsen, their best Christmas since 2011 and 14% up on Christmas 2021. Share of viewing in peak-time was even better at 3.8%, also 14% up on last Christmas. TG4 was comfortably in 6th place amongst the most popular channels in Ireland over the Christmas period.  Just under 2 million viewers (1.943m) tuned into TG4 between Christmas Eve and New Years Day, and the average daily reach was 609,000   St. Stephen&#8217;s Day was the best with a whopping 5.6% share and 858,000 viewers while 6 out of the 8 days during the Christmas period all improved on last year. TG4 had an average share of 3.9% on New Year&#8217;s Day and 3.6% on New Year&#8217;s Eve.<br \/>\n&nbsp;<br \/>\nRugba\u00ed Beo on St. Stephen&#8217;s Day was the most watched programme with half a million tuning in for the game between Munster and Leinster from Thomand Park. 106,200 also watched Rugba\u00ed Beo ar New Year&#8217;s Day between Ulster and Munster from the Kingspan Stadium. Opry le Daniel \u2013 Joe Dolan, a Daniel O&#8217;Donnell tribute to singer Joe Dolan who died on St. Stephen&#8217;s day 2007 was viewed by an average audience of 96,000. 126,000 tuned in on Christmas Day for Dessie: Gl\u00f3r na B\u00f3 Finne, a documentary celebrating the life, times and music of renowned Irish singer Dessie O&#8217;Halloran. Bagatelle &#8211; \u00d3m\u00f3s do Liam Reilly a feature length documentary telling the story of Irish Rock band Bagatelle and a tribute to the late Liam Reilly was watched by an average audience of 60,000 on New Year&#8217;s Eve. An average of 55,000 tuned in on Christmas Day to Cyril Cusack: L\u00e1r an St\u00e1itse a documentary about actor Cyril Cusack spanning his long career which began in the early days of Irish silent cinema and saw him conquer stage, screen and television. Cusack appealed to many generations across his 75-year career.<br \/>\n&nbsp;<br \/>\n50,000 on average watched D\u00e1ith\u00ed \u00d3 S\u00e9 and Doireann N\u00ed Ghlac\u00e1in ring in the New Year from some of Ireland&#8217;s favourite traditional music venues from The Mills Inn in Baile Bh\u00fairne on F\u00e1ilte 2023. They were joined by John Spillane, Muireann Nic Amhlaoibh, C\u00f3r Ch\u00fail Aodh and The Raw Bar Collective on centre stage.<br \/>\n&nbsp;<br \/>\nTG4 Director General, Alan Esslemont, said <em>\u201cCongratulations to the team in TG4 and producers in the independent sector on producing a great schedule over the Christmas period. Critics and the public continue to recognise the quality of TG4&#8217;s output at Christmas. The viewing figures show that viewers enjoy new, creative and high-quality Irish content from TG4. The increase in share is a great start to 2023 as we look forward to delivering more for our audiences in the coming year.&#8221;<\/em><br \/>\n&nbsp;<br \/>\n&nbsp;<\/p>\n","protected":false},"excerpt":{"rendered":"<p>&nbsp; TG4 had a share of viewing of 3.2% over the 2022 Christmas season, according to figures from TAM Ireland\/Nielsen, their best Christmas since 2011 and 14% up on Christmas 2021. Share of viewing in peak-time was even better at 3.8%, also 14% up on last Christmas. TG4 was comfortably in 6th place amongst the [&hellip;]<\/p>\n","protected":false},"author":4,"featured_media":0,"parent":180925,"menu_order":0,"comment_status":"closed","ping_status":"closed","template":"page-templates\/template-pr.php","meta":{"_acf_changed":false,"footnotes":""},"acf":[],"yoast_head":"<!-- This site is optimized with the Yoast SEO plugin v22.6 - https:\/\/yoast.com\/wordpress\/plugins\/seo\/ -->\n<title>Best Christmas since 2011 | Press Release | TG4<\/title>\n<meta name=\"description\" content=\"TG4 had a share of viewing of 3.2% over the 2022 Christmas season, according to figures from TAM Ireland\/Nielsen, their best Christmas since 2011 and 14% up on Christmas 2021.\" \/>\n<meta name=\"robots\" content=\"index, follow, max-snippet:-1, max-image-preview:large, max-video-preview:-1\" \/>\n<meta property=\"og:locale\" content=\"en_US\" \/>\n<meta property=\"og:type\" content=\"article\" \/>\n<meta property=\"og:title\" content=\"Best Christmas since 2011 | Press Release | TG4\" \/>\n<meta property=\"og:description\" content=\"TG4 had a share of viewing of 3.2% over the 2022 Christmas season, according to figures from TAM Ireland\/Nielsen, their best Christmas since 2011 and 14% up on Christmas 2021.\" \/>\n<meta property=\"og:url\" content=\"https:\/\/dev.tg4.ie\/en\/information\/press\/press-releases\/2023-2\/best-christmas-since-2011\/\" \/>\n<meta property=\"og:site_name\" content=\"TG4\" \/>\n<meta property=\"article:publisher\" content=\"https:\/\/www.facebook.com\/TG4TV\" \/>\n<meta property=\"article:modified_time\" content=\"2023-01-09T16:03:26+00:00\" \/>\n<meta property=\"og:image\" content=\"https:\/\/tg4-docs.s3.amazonaws.com\/wp-content\/uploads\/2023\/01\/09153941\/Failte2023.jpg\" \/>\n\t<meta property=\"og:image:width\" content=\"1920\" \/>\n\t<meta property=\"og:image:height\" content=\"1080\" \/>\n\t<meta property=\"og:image:type\" content=\"image\/jpeg\" \/>\n<meta name=\"twitter:card\" content=\"summary_large_image\" \/>\n<meta name=\"twitter:image\" content=\"https:\/\/tg4-docs.s3.amazonaws.com\/wp-content\/uploads\/2023\/01\/09154426\/Dessie-Glor-na-Bo-Finne.jpg\" \/>\n<meta name=\"twitter:site\" content=\"@TG4TV\" \/>\n<meta name=\"twitter:label1\" content=\"Est. reading time\" \/>\n\t<meta name=\"twitter:data1\" content=\"3 minutes\" \/>\n<script type=\"application\/ld+json\" class=\"yoast-schema-graph\">{\"@context\":\"https:\/\/schema.org\",\"@graph\":[{\"@type\":\"WebPage\",\"@id\":\"https:\/\/dev.tg4.ie\/en\/information\/press\/press-releases\/2023-2\/best-christmas-since-2011\/\",\"url\":\"https:\/\/dev.tg4.ie\/en\/information\/press\/press-releases\/2023-2\/best-christmas-since-2011\/\",\"name\":\"Best Christmas since 2011 | Press Release | TG4\",\"isPartOf\":{\"@id\":\"https:\/\/dev.tg4.ie\/en\/#website\"},\"primaryImageOfPage\":{\"@id\":\"https:\/\/dev.tg4.ie\/en\/information\/press\/press-releases\/2023-2\/best-christmas-since-2011\/#primaryimage\"},\"image\":{\"@id\":\"https:\/\/dev.tg4.ie\/en\/information\/press\/press-releases\/2023-2\/best-christmas-since-2011\/#primaryimage\"},\"thumbnailUrl\":\"https:\/\/dev.tg4.ie\/wp-content\/uploads\/2023\/01\/Failte2023.jpg\",\"datePublished\":\"2023-01-09T15:51:41+00:00\",\"dateModified\":\"2023-01-09T16:03:26+00:00\",\"description\":\"TG4 had a share of viewing of 3.2% over the 2022 Christmas season, according to figures from TAM Ireland\/Nielsen, their best Christmas since 2011 and 14% up on Christmas 2021.\",\"breadcrumb\":{\"@id\":\"https:\/\/dev.tg4.ie\/en\/information\/press\/press-releases\/2023-2\/best-christmas-since-2011\/#breadcrumb\"},\"inLanguage\":\"en-ie\",\"potentialAction\":[{\"@type\":\"ReadAction\",\"target\":[\"https:\/\/dev.tg4.ie\/en\/information\/press\/press-releases\/2023-2\/best-christmas-since-2011\/\"]}]},{\"@type\":\"ImageObject\",\"inLanguage\":\"en-ie\",\"@id\":\"https:\/\/dev.tg4.ie\/en\/information\/press\/press-releases\/2023-2\/best-christmas-since-2011\/#primaryimage\",\"url\":\"https:\/\/dev.tg4.ie\/wp-content\/uploads\/2023\/01\/Failte2023.jpg\",\"contentUrl\":\"https:\/\/dev.tg4.ie\/wp-content\/uploads\/2023\/01\/Failte2023.jpg\"},{\"@type\":\"BreadcrumbList\",\"@id\":\"https:\/\/dev.tg4.ie\/en\/information\/press\/press-releases\/2023-2\/best-christmas-since-2011\/#breadcrumb\",\"itemListElement\":[{\"@type\":\"ListItem\",\"position\":1,\"name\":\"Home\",\"item\":\"https:\/\/dev.tg4.ie\/en\/\"},{\"@type\":\"ListItem\",\"position\":2,\"name\":\"Information\",\"item\":\"https:\/\/dev.tg4.ie\/en\/information\/\"},{\"@type\":\"ListItem\",\"position\":3,\"name\":\"Press\",\"item\":\"https:\/\/dev.tg4.ie\/en\/information\/press\/\"},{\"@type\":\"ListItem\",\"position\":4,\"name\":\"Press Releases\",\"item\":\"https:\/\/dev.tg4.ie\/en\/information\/press\/press-releases\/\"},{\"@type\":\"ListItem\",\"position\":5,\"name\":\"2023\",\"item\":\"https:\/\/dev.tg4.ie\/en\/information\/press\/press-releases\/2023-2\/\"},{\"@type\":\"ListItem\",\"position\":6,\"name\":\"TG4&#8217;s best Christmas since 2011\"}]},{\"@type\":\"WebSite\",\"@id\":\"https:\/\/dev.tg4.ie\/en\/#website\",\"url\":\"https:\/\/dev.tg4.ie\/en\/\",\"name\":\"TG4\",\"description\":\"S\u00fail Eile\",\"potentialAction\":[{\"@type\":\"SearchAction\",\"target\":{\"@type\":\"EntryPoint\",\"urlTemplate\":\"https:\/\/dev.tg4.ie\/en\/?s={search_term_string}\"},\"query-input\":\"required name=search_term_string\"}],\"inLanguage\":\"en-ie\"}]}<\/script>\n<!-- \/ Yoast SEO plugin. -->","yoast_head_json":{"title":"Best Christmas since 2011 | Press Release | TG4","description":"TG4 had a share of viewing of 3.2% over the 2022 Christmas season, according to figures from TAM Ireland\/Nielsen, their best Christmas since 2011 and 14% up on Christmas 2021.","robots":{"index":"index","follow":"follow","max-snippet":"max-snippet:-1","max-image-preview":"max-image-preview:large","max-video-preview":"max-video-preview:-1"},"og_locale":"en_US","og_type":"article","og_title":"Best Christmas since 2011 | Press Release | TG4","og_description":"TG4 had a share of viewing of 3.2% over the 2022 Christmas season, according to figures from TAM Ireland\/Nielsen, their best Christmas since 2011 and 14% up on Christmas 2021.","og_url":"https:\/\/dev.tg4.ie\/en\/information\/press\/press-releases\/2023-2\/best-christmas-since-2011\/","og_site_name":"TG4","article_publisher":"https:\/\/www.facebook.com\/TG4TV","article_modified_time":"2023-01-09T16:03:26+00:00","og_image":[{"width":1920,"height":1080,"url":"https:\/\/tg4-docs.s3.amazonaws.com\/wp-content\/uploads\/2023\/01\/09153941\/Failte2023.jpg","type":"image\/jpeg"}],"twitter_card":"summary_large_image","twitter_image":"https:\/\/tg4-docs.s3.amazonaws.com\/wp-content\/uploads\/2023\/01\/09154426\/Dessie-Glor-na-Bo-Finne.jpg","twitter_site":"@TG4TV","twitter_misc":{"Est. reading time":"3 minutes"},"schema":{"@context":"https:\/\/schema.org","@graph":[{"@type":"WebPage","@id":"https:\/\/dev.tg4.ie\/en\/information\/press\/press-releases\/2023-2\/best-christmas-since-2011\/","url":"https:\/\/dev.tg4.ie\/en\/information\/press\/press-releases\/2023-2\/best-christmas-since-2011\/","name":"Best Christmas since 2011 | Press Release | TG4","isPartOf":{"@id":"https:\/\/dev.tg4.ie\/en\/#website"},"primaryImageOfPage":{"@id":"https:\/\/dev.tg4.ie\/en\/information\/press\/press-releases\/2023-2\/best-christmas-since-2011\/#primaryimage"},"image":{"@id":"https:\/\/dev.tg4.ie\/en\/information\/press\/press-releases\/2023-2\/best-christmas-since-2011\/#primaryimage"},"thumbnailUrl":"https:\/\/dev.tg4.ie\/wp-content\/uploads\/2023\/01\/Failte2023.jpg","datePublished":"2023-01-09T15:51:41+00:00","dateModified":"2023-01-09T16:03:26+00:00","description":"TG4 had a share of viewing of 3.2% over the 2022 Christmas season, according to figures from TAM Ireland\/Nielsen, their best Christmas since 2011 and 14% up on Christmas 2021.","breadcrumb":{"@id":"https:\/\/dev.tg4.ie\/en\/information\/press\/press-releases\/2023-2\/best-christmas-since-2011\/#breadcrumb"},"inLanguage":"en-ie","potentialAction":[{"@type":"ReadAction","target":["https:\/\/dev.tg4.ie\/en\/information\/press\/press-releases\/2023-2\/best-christmas-since-2011\/"]}]},{"@type":"ImageObject","inLanguage":"en-ie","@id":"https:\/\/dev.tg4.ie\/en\/information\/press\/press-releases\/2023-2\/best-christmas-since-2011\/#primaryimage","url":"https:\/\/dev.tg4.ie\/wp-content\/uploads\/2023\/01\/Failte2023.jpg","contentUrl":"https:\/\/dev.tg4.ie\/wp-content\/uploads\/2023\/01\/Failte2023.jpg"},{"@type":"BreadcrumbList","@id":"https:\/\/dev.tg4.ie\/en\/information\/press\/press-releases\/2023-2\/best-christmas-since-2011\/#breadcrumb","itemListElement":[{"@type":"ListItem","position":1,"name":"Home","item":"https:\/\/dev.tg4.ie\/en\/"},{"@type":"ListItem","position":2,"name":"Information","item":"https:\/\/dev.tg4.ie\/en\/information\/"},{"@type":"ListItem","position":3,"name":"Press","item":"https:\/\/dev.tg4.ie\/en\/information\/press\/"},{"@type":"ListItem","position":4,"name":"Press Releases","item":"https:\/\/dev.tg4.ie\/en\/information\/press\/press-releases\/"},{"@type":"ListItem","position":5,"name":"2023","item":"https:\/\/dev.tg4.ie\/en\/information\/press\/press-releases\/2023-2\/"},{"@type":"ListItem","position":6,"name":"TG4&#8217;s best Christmas since 2011"}]},{"@type":"WebSite","@id":"https:\/\/dev.tg4.ie\/en\/#website","url":"https:\/\/dev.tg4.ie\/en\/","name":"TG4","description":"S\u00fail Eile","potentialAction":[{"@type":"SearchAction","target":{"@type":"EntryPoint","urlTemplate":"https:\/\/dev.tg4.ie\/en\/?s={search_term_string}"},"query-input":"required name=search_term_string"}],"inLanguage":"en-ie"}]}},"_links":{"self":[{"href":"https:\/\/dev.tg4.ie\/en\/wp-json\/wp\/v2\/pages\/180966"}],"collection":[{"href":"https:\/\/dev.tg4.ie\/en\/wp-json\/wp\/v2\/pages"}],"about":[{"href":"https:\/\/dev.tg4.ie\/en\/wp-json\/wp\/v2\/types\/page"}],"author":[{"embeddable":true,"href":"https:\/\/dev.tg4.ie\/en\/wp-json\/wp\/v2\/users\/4"}],"replies":[{"embeddable":true,"href":"https:\/\/dev.tg4.ie\/en\/wp-json\/wp\/v2\/comments?post=180966"}],"version-history":[{"count":0,"href":"https:\/\/dev.tg4.ie\/en\/wp-json\/wp\/v2\/pages\/180966\/revisions"}],"up":[{"embeddable":true,"href":"https:\/\/dev.tg4.ie\/en\/wp-json\/wp\/v2\/pages\/180925"}],"wp:attachment":[{"href":"https:\/\/dev.tg4.ie\/en\/wp-json\/wp\/v2\/media?parent=180966"}],"curies":[{"name":"wp","href":"https:\/\/api.w.org\/{rel}","templated":true}]}}