{"id":181457,"date":"2023-01-20T12:39:35","date_gmt":"2023-01-20T12:39:35","guid":{"rendered":"https:\/\/dev.tg4.ie\/?page_id=181457"},"modified":"2024-03-14T12:38:36","modified_gmt":"2024-03-14T12:38:36","slug":"2023-2","status":"publish","type":"page","link":"https:\/\/dev.tg4.ie\/en\/information\/awards\/2023-2\/","title":{"rendered":"2023"},"content":{"rendered":"<h1>2023<\/h1>\n<table>\n<thead>\n<tr>\n<td><strong>Programme \/ Person<\/strong><\/td>\n<td><strong>Award<\/strong><\/td>\n<td><strong>Awarding Body<\/strong><\/td>\n<\/tr>\n<\/thead>\n<tbody>\n<tr>\n<td>An Cail\u00edn Ci\u00fain<\/td>\n<td>Film Not in English Language: Nomination<\/td>\n<td>BAFTA<\/td>\n<\/tr>\n<tr>\n<td>An Cail\u00edn Ci\u00fain<\/td>\n<td>Adapted Screenplay: Nomination<\/td>\n<td>BAFTA<\/td>\n<\/tr>\n<tr>\n<td>An Cail\u00edn Ci\u00fain<\/td>\n<td>Audience Award<\/td>\n<td>Festival Actual, Spain<\/td>\n<\/tr>\n<tr>\n<td>An Cail\u00edn Ci\u00fain<\/td>\n<td>Outstanding Achievement in Sound Editing &#8211; Foreign Language Feature: Nomination<\/td>\n<td>Motion Picture Sound Editors<\/td>\n<\/tr>\n<tr>\n<td>Kate McCullough, An Cail\u00edn Ci\u00fain<\/td>\n<td>Spotlight Award: Nomination<\/td>\n<td>American Society of Cinematographers<\/td>\n<\/tr>\n<tr>\n<td>An Cail\u00edn Ci\u00fain<\/td>\n<td>Best International Feature Film: Nomination<\/td>\n<td>Oscars 2023<\/td>\n<\/tr>\n<tr>\n<td>An Cail\u00edn Ci\u00fain<\/td>\n<td>Best Foreign Film<\/td>\n<td>AARP <em>Movies for Grownups<\/em><\/td>\n<\/tr>\n<tr>\n<td>An Cail\u00edn Ci\u00fain<\/td>\n<td>Best Foreign Language Film<\/td>\n<td>London Critic\u2019s Circle 2022<\/td>\n<\/tr>\n<tr>\n<td>An Cail\u00edn Ci\u00fain<\/td>\n<td>Audience Award<\/td>\n<td>Annonay Film Festival, France<\/td>\n<\/tr>\n<tr>\n<td>An Cail\u00edn Ci\u00fain<\/td>\n<td>Grand Jury Prize<\/td>\n<td>Annonay Film Festival, France<\/td>\n<\/tr>\n<tr>\n<td>An Cail\u00edn Ci\u00fain<\/td>\n<td>The Oscar Wilde Award<\/td>\n<td>Oscar Wilde Awards: US-Ireland Alliance<\/td>\n<\/tr>\n<tr>\n<td>Doineann &#8211; Doubleband Films<\/td>\n<td>Drama: Nomination<\/td>\n<td>RTS Awards 2023<\/td>\n<\/tr>\n<tr>\n<td>Cumasc: Seisi\u00fain sa Black Gate, Black Gate Productions<\/td>\n<td>Entertainment: Nomination<\/td>\n<td>RTS Awards 2023<\/td>\n<\/tr>\n<tr>\n<td>Cois M\u00f3ire, Cormorant Films<\/td>\n<td>Factual Series: Nomination<\/td>\n<td>RTS Awards 2023<\/td>\n<\/tr>\n<tr>\n<td>An Diabhal Inti, Lagan Media Productions<\/td>\n<td>Factual Series: Nomination<\/td>\n<td>RTS Awards 2023<\/td>\n<\/tr>\n<tr>\n<td>Cyril Cusack: L\u00e1r An St\u00e1itse, Dearg Films<\/td>\n<td>Factual Programme: Nomination<\/td>\n<td>RTS Awards 2023<\/td>\n<\/tr>\n<tr>\n<td>Laochra Gael &#8211; Terence McNaughton, Nemeton TV<\/td>\n<td>Sports: Winner<\/td>\n<td>RTS Awards 2023<\/td>\n<\/tr>\n<tr>\n<td>Anton O&#8217;Toole &#8211; Finsc\u00e9al de Shaol GAA, Bankos Tales Productions<\/td>\n<td>Sports: Nomination<\/td>\n<td>RTS Awards 2023<\/td>\n<\/tr>\n<tr>\n<td>An Buachaill Gealgh\u00e1ireach, Imagine Media<\/td>\n<td>Specialist Factual: Nomination<\/td>\n<td>RTS Awards 2023<\/td>\n<\/tr>\n<tr>\n<td>Bagatelle &#8211; \u00d3m\u00f3s do Liam Reilly, Four Quadrant Films<\/td>\n<td>Factual Entertainment: Nomination<\/td>\n<td>RTS Awards 2023<\/td>\n<\/tr>\n<tr>\n<td>R\u00f3ise &#038; Frank<\/td>\n<td>Best Film: Nomination<\/td>\n<td>IFTA&#8217;s 2023<\/td>\n<\/tr>\n<tr>\n<td>R\u00f3ise &#038; Frank &#8211; Rachael Moriarty &#038; Peter Murphy<\/td>\n<td>Director &#8211; Film: Nomination<\/td>\n<td>IFTA&#8217;s 2023<\/td>\n<\/tr>\n<tr>\n<td>R\u00f3ise &#038; Frank &#8211; Rachael Moriarty &#038; Peter Murphy<\/td>\n<td>Script &#8211; Film: Nomination<\/td>\n<td>IFTA&#8217;s 2023<\/td>\n<\/tr>\n<tr>\n<td>R\u00f3ise &#038; Frank &#8211; Br\u00edd N\u00ed Neacht\u00e1in<\/td>\n<td>Lead Actress &#8211; Film: Nomination<\/td>\n<td>IFTA&#8217;s 2023<\/td>\n<\/tr>\n<tr>\n<td>R\u00f3ise &#038; Frank &#8211; P\u00e1draig O\u2019Neill<\/td>\n<td>Production Design: Nomination<\/td>\n<td>IFTA&#8217;s 2023<\/td>\n<\/tr>\n<tr>\n<td>R\u00f3ise &#038; Frank &#8211; Colm Mac Con Iomaire<\/td>\n<td>Original Music : Nomination<\/td>\n<td>IFTA&#8217;s 2023<\/td>\n<\/tr>\n<tr>\n<td>Tarrac &#8211; Kelly Gough<\/td>\n<td>Lead Actress &#8211; Film: Nomination<\/td>\n<td>IFTA&#8217;s 2023<\/td>\n<\/tr>\n<tr>\n<td>M\u00e1ire Aoibhinn N\u00ed \u00d3g\u00e1in<\/td>\n<td>MLI Member Special Contribution &#8211; Nomination<\/td>\n<td>Media Literacy Ireland Awards<\/td>\n<\/tr>\n<tr>\n<td>Ini\u00fachadh TG4 &#8211; C\u00e9ad M\u00edle F\u00e1ilte?<\/td>\n<td>Investigative Journalism<\/td>\n<td>Circom Regional 2023<\/td>\n<\/tr>\n<tr>\n<td>TG4<\/td>\n<td>Twitter for a Brand In-house or Agency Run &#8211; Nomination<\/td>\n<td>Sockies 2023<\/td>\n<\/tr>\n<tr>\n<td>Sp\u00f3rt TG4<\/td>\n<td>Twitter for a Brand In-house or Agency Run &#8211; Nomination<\/td>\n<td>Sockies 2023<\/td>\n<\/tr>\n<tr>\n<td>TG4 &#8211; Fleadh Cheoil<\/td>\n<td>TikTok Campaign &#8211; Nomination<\/td>\n<td>Sockies 2023<\/td>\n<\/tr>\n<tr>\n<td>R\u00f3ise &#038; Frank \u2013 Br\u00edd N\u00ed Neacht\u00e1in<\/td>\n<td>Best Leading Actress &#8211; Film: Winner<\/td>\n<td>IFTA 2023<\/td>\n<\/tr>\n<tr>\n<td>C\u00fala4<\/td>\n<td>Gradam Marga\u00edochta as Gaeilge: Nomination<\/td>\n<td>All Ireland Marketing Awards 2023<\/td>\n<\/tr>\n<tr>\n<td>An Cail\u00edn Ci\u00fain<\/td>\n<td>Spirit of the Festival<\/td>\n<td>Celtic Media Festival 2023<\/td>\n<\/tr>\n<tr>\n<td>An Cail\u00edn Ci\u00fain<\/td>\n<td>Torc Award &#8211; Single Drama<\/td>\n<td>Celtic Media Festival 2023<\/td>\n<\/tr>\n<tr>\n<td>An Cail\u00edn Ci\u00fain<\/td>\n<td>The Edgar Award<\/td>\n<td>Heimat Europa Filmfestspiele 2023, Simmern, Germany<\/td>\n<\/tr>\n<\/tbody>\n<\/table>\n<p>&nbsp;<\/p>\n<p>LYRA : <\/p>\n<p>1. Cork International Film Festival Audience Award<br \/>\n2. Sheffield International Film festival \u2013 Tim Hetherington Award<br \/>\n3. Giffioni, Italy , International Film festival \u2013  Youth Audience Award<br \/>\n4. Achill Island , Best Documentary Award<br \/>\n5. Tel Aviv Human Rights International Film Festival Best Documentary Award<br \/>\n6. Docs Barcelona  &#8211; Best Documentary Amnesty International Human Rights Award<br \/>\n7. Millenium  Docs  Against Gravity Poland International Film Festival Best Youth Documentary Film award<br \/>\n8. Hebden Bridge Film Festival Audience Award<br \/>\n9. Prix Europa Best European Documentary Award<br \/>\n10. Errenteria Human Rights Film festival &#8211; Audience Award<br \/>\n11. Grierson Best Single Documentary award<br \/>\n12.Association of International Journalists award Best  Human Interest Documentary award<br \/>\n13. Televisual Bulldog Best Single Documentary award<br \/>\n14. RTS  Editing Chloe Lambourne \u2013 Lyra Best Unscripted award<br \/>\n15. Broadcast Award Best Documentary<\/p>\n","protected":false},"excerpt":{"rendered":"<p>2023 Programme \/ Person Award Awarding Body An Cail\u00edn Ci\u00fain Film Not in English Language: Nomination BAFTA An Cail\u00edn Ci\u00fain Adapted Screenplay: Nomination BAFTA An Cail\u00edn Ci\u00fain Audience Award Festival Actual, Spain An Cail\u00edn Ci\u00fain Outstanding Achievement in Sound Editing &#8211; Foreign Language Feature: Nomination Motion Picture Sound Editors Kate McCullough, An Cail\u00edn Ci\u00fain Spotlight [&hellip;]<\/p>\n","protected":false},"author":876,"featured_media":0,"parent":1217,"menu_order":25,"comment_status":"closed","ping_status":"closed","template":"page-templates\/template-corporate.php","meta":{"_acf_changed":false,"footnotes":""},"acf":[],"yoast_head":"<!-- This site is optimized with the Yoast SEO plugin v22.6 - https:\/\/yoast.com\/wordpress\/plugins\/seo\/ -->\n<title>Awards 2023 | TG4<\/title>\n<meta name=\"robots\" content=\"index, follow, max-snippet:-1, max-image-preview:large, max-video-preview:-1\" \/>\n<meta property=\"og:locale\" content=\"en_US\" \/>\n<meta property=\"og:type\" content=\"article\" \/>\n<meta property=\"og:title\" content=\"Awards 2023 | TG4\" \/>\n<meta property=\"og:description\" content=\"2023 Programme \/ Person Award Awarding Body An Cail\u00edn Ci\u00fain Film Not in English Language: Nomination BAFTA An Cail\u00edn Ci\u00fain Adapted Screenplay: Nomination BAFTA An Cail\u00edn Ci\u00fain Audience Award Festival Actual, Spain An Cail\u00edn Ci\u00fain Outstanding Achievement in Sound Editing &#8211; Foreign Language Feature: Nomination Motion Picture Sound Editors Kate McCullough, An Cail\u00edn Ci\u00fain Spotlight [&hellip;]\" \/>\n<meta property=\"og:url\" content=\"https:\/\/dev.tg4.ie\/en\/information\/awards\/2023-2\/\" \/>\n<meta property=\"og:site_name\" content=\"TG4\" \/>\n<meta property=\"article:publisher\" content=\"https:\/\/www.facebook.com\/TG4TV\" \/>\n<meta property=\"article:modified_time\" content=\"2024-03-14T12:38:36+00:00\" \/>\n<meta property=\"og:image\" content=\"https:\/\/tg4-docs.s3.amazonaws.com\/wp-content\/uploads\/2024\/11\/18151812\/TG4_2024_corcra_teal_1-1920x1080-1.jpg\" \/>\n\t<meta property=\"og:image:width\" content=\"1920\" \/>\n\t<meta property=\"og:image:height\" content=\"1080\" \/>\n\t<meta property=\"og:image:type\" content=\"image\/jpeg\" \/>\n<meta name=\"twitter:card\" content=\"summary_large_image\" \/>\n<meta name=\"twitter:site\" content=\"@TG4TV\" \/>\n<meta name=\"twitter:label1\" content=\"Est. reading time\" \/>\n\t<meta name=\"twitter:data1\" content=\"3 minutes\" \/>\n<script type=\"application\/ld+json\" class=\"yoast-schema-graph\">{\"@context\":\"https:\/\/schema.org\",\"@graph\":[{\"@type\":\"WebPage\",\"@id\":\"https:\/\/dev.tg4.ie\/en\/information\/awards\/2023-2\/\",\"url\":\"https:\/\/dev.tg4.ie\/en\/information\/awards\/2023-2\/\",\"name\":\"Awards 2023 | TG4\",\"isPartOf\":{\"@id\":\"https:\/\/dev.tg4.ie\/en\/#website\"},\"datePublished\":\"2023-01-20T12:39:35+00:00\",\"dateModified\":\"2024-03-14T12:38:36+00:00\",\"breadcrumb\":{\"@id\":\"https:\/\/dev.tg4.ie\/en\/information\/awards\/2023-2\/#breadcrumb\"},\"inLanguage\":\"en-ie\",\"potentialAction\":[{\"@type\":\"ReadAction\",\"target\":[\"https:\/\/dev.tg4.ie\/en\/information\/awards\/2023-2\/\"]}]},{\"@type\":\"BreadcrumbList\",\"@id\":\"https:\/\/dev.tg4.ie\/en\/information\/awards\/2023-2\/#breadcrumb\",\"itemListElement\":[{\"@type\":\"ListItem\",\"position\":1,\"name\":\"Home\",\"item\":\"https:\/\/dev.tg4.ie\/en\/\"},{\"@type\":\"ListItem\",\"position\":2,\"name\":\"Information\",\"item\":\"https:\/\/dev.tg4.ie\/en\/information\/\"},{\"@type\":\"ListItem\",\"position\":3,\"name\":\"Awards\",\"item\":\"https:\/\/dev.tg4.ie\/en\/information\/awards\/\"},{\"@type\":\"ListItem\",\"position\":4,\"name\":\"2023\"}]},{\"@type\":\"WebSite\",\"@id\":\"https:\/\/dev.tg4.ie\/en\/#website\",\"url\":\"https:\/\/dev.tg4.ie\/en\/\",\"name\":\"TG4\",\"description\":\"S\u00fail Eile\",\"potentialAction\":[{\"@type\":\"SearchAction\",\"target\":{\"@type\":\"EntryPoint\",\"urlTemplate\":\"https:\/\/dev.tg4.ie\/en\/?s={search_term_string}\"},\"query-input\":\"required name=search_term_string\"}],\"inLanguage\":\"en-ie\"}]}<\/script>\n<!-- \/ Yoast SEO plugin. -->","yoast_head_json":{"title":"Awards 2023 | TG4","robots":{"index":"index","follow":"follow","max-snippet":"max-snippet:-1","max-image-preview":"max-image-preview:large","max-video-preview":"max-video-preview:-1"},"og_locale":"en_US","og_type":"article","og_title":"Awards 2023 | TG4","og_description":"2023 Programme \/ Person Award Awarding Body An Cail\u00edn Ci\u00fain Film Not in English Language: Nomination BAFTA An Cail\u00edn Ci\u00fain Adapted Screenplay: Nomination BAFTA An Cail\u00edn Ci\u00fain Audience Award Festival Actual, Spain An Cail\u00edn Ci\u00fain Outstanding Achievement in Sound Editing &#8211; Foreign Language Feature: Nomination Motion Picture Sound Editors Kate McCullough, An Cail\u00edn Ci\u00fain Spotlight [&hellip;]","og_url":"https:\/\/dev.tg4.ie\/en\/information\/awards\/2023-2\/","og_site_name":"TG4","article_publisher":"https:\/\/www.facebook.com\/TG4TV","article_modified_time":"2024-03-14T12:38:36+00:00","og_image":[{"width":1920,"height":1080,"url":"https:\/\/tg4-docs.s3.amazonaws.com\/wp-content\/uploads\/2024\/11\/18151812\/TG4_2024_corcra_teal_1-1920x1080-1.jpg","type":"image\/jpeg"}],"twitter_card":"summary_large_image","twitter_site":"@TG4TV","twitter_misc":{"Est. reading time":"3 minutes"},"schema":{"@context":"https:\/\/schema.org","@graph":[{"@type":"WebPage","@id":"https:\/\/dev.tg4.ie\/en\/information\/awards\/2023-2\/","url":"https:\/\/dev.tg4.ie\/en\/information\/awards\/2023-2\/","name":"Awards 2023 | TG4","isPartOf":{"@id":"https:\/\/dev.tg4.ie\/en\/#website"},"datePublished":"2023-01-20T12:39:35+00:00","dateModified":"2024-03-14T12:38:36+00:00","breadcrumb":{"@id":"https:\/\/dev.tg4.ie\/en\/information\/awards\/2023-2\/#breadcrumb"},"inLanguage":"en-ie","potentialAction":[{"@type":"ReadAction","target":["https:\/\/dev.tg4.ie\/en\/information\/awards\/2023-2\/"]}]},{"@type":"BreadcrumbList","@id":"https:\/\/dev.tg4.ie\/en\/information\/awards\/2023-2\/#breadcrumb","itemListElement":[{"@type":"ListItem","position":1,"name":"Home","item":"https:\/\/dev.tg4.ie\/en\/"},{"@type":"ListItem","position":2,"name":"Information","item":"https:\/\/dev.tg4.ie\/en\/information\/"},{"@type":"ListItem","position":3,"name":"Awards","item":"https:\/\/dev.tg4.ie\/en\/information\/awards\/"},{"@type":"ListItem","position":4,"name":"2023"}]},{"@type":"WebSite","@id":"https:\/\/dev.tg4.ie\/en\/#website","url":"https:\/\/dev.tg4.ie\/en\/","name":"TG4","description":"S\u00fail Eile","potentialAction":[{"@type":"SearchAction","target":{"@type":"EntryPoint","urlTemplate":"https:\/\/dev.tg4.ie\/en\/?s={search_term_string}"},"query-input":"required name=search_term_string"}],"inLanguage":"en-ie"}]}},"_links":{"self":[{"href":"https:\/\/dev.tg4.ie\/en\/wp-json\/wp\/v2\/pages\/181457"}],"collection":[{"href":"https:\/\/dev.tg4.ie\/en\/wp-json\/wp\/v2\/pages"}],"about":[{"href":"https:\/\/dev.tg4.ie\/en\/wp-json\/wp\/v2\/types\/page"}],"author":[{"embeddable":true,"href":"https:\/\/dev.tg4.ie\/en\/wp-json\/wp\/v2\/users\/876"}],"replies":[{"embeddable":true,"href":"https:\/\/dev.tg4.ie\/en\/wp-json\/wp\/v2\/comments?post=181457"}],"version-history":[{"count":0,"href":"https:\/\/dev.tg4.ie\/en\/wp-json\/wp\/v2\/pages\/181457\/revisions"}],"up":[{"embeddable":true,"href":"https:\/\/dev.tg4.ie\/en\/wp-json\/wp\/v2\/pages\/1217"}],"wp:attachment":[{"href":"https:\/\/dev.tg4.ie\/en\/wp-json\/wp\/v2\/media?parent=181457"}],"curies":[{"name":"wp","href":"https:\/\/api.w.org\/{rel}","templated":true}]}}