{"id":182750,"date":"2023-02-03T14:16:29","date_gmt":"2023-02-03T14:16:29","guid":{"rendered":"https:\/\/dev.tg4.ie\/?page_id=182750"},"modified":"2023-02-03T14:16:29","modified_gmt":"2023-02-03T14:16:29","slug":"broadcasters-from-ireland-wales-china-and-republic-of-korea-join-forces-for-international-stadiums-co-production","status":"publish","type":"page","link":"https:\/\/dev.tg4.ie\/en\/information\/press\/press-releases\/2023-2\/broadcasters-from-ireland-wales-china-and-republic-of-korea-join-forces-for-international-stadiums-co-production\/","title":{"rendered":"Broadcasters from Ireland, Wales, China and Republic of Korea join forces for international Stadiums co-production"},"content":{"rendered":"<p><img loading=\"lazy\" decoding=\"async\" width=\"1920\" height=\"1080\" src=\"https:\/\/tg4-docs.s3.amazonaws.com\/wp-content\/uploads\/2023\/02\/03141516\/Na_Goirt_Orga_Dara_O_Cinneide_1-1920x1080-1.jpg\" alt=\"\" class=\"aligncenter size-full wp-image-182756\" srcset=\"https:\/\/tg4-docs.s3.amazonaws.com\/wp-content\/uploads\/2023\/02\/03141516\/Na_Goirt_Orga_Dara_O_Cinneide_1-1920x1080-1.jpg 1920w, https:\/\/tg4-docs.s3.amazonaws.com\/wp-content\/uploads\/2023\/02\/03141516\/Na_Goirt_Orga_Dara_O_Cinneide_1-1920x1080-1-250x141.jpg 250w, https:\/\/tg4-docs.s3.amazonaws.com\/wp-content\/uploads\/2023\/02\/03141516\/Na_Goirt_Orga_Dara_O_Cinneide_1-1920x1080-1-700x394.jpg 700w, https:\/\/tg4-docs.s3.amazonaws.com\/wp-content\/uploads\/2023\/02\/03141516\/Na_Goirt_Orga_Dara_O_Cinneide_1-1920x1080-1-252x141.jpg 252w, https:\/\/tg4-docs.s3.amazonaws.com\/wp-content\/uploads\/2023\/02\/03141516\/Na_Goirt_Orga_Dara_O_Cinneide_1-1920x1080-1-1536x864.jpg 1536w, https:\/\/tg4-docs.s3.amazonaws.com\/wp-content\/uploads\/2023\/02\/03141516\/Na_Goirt_Orga_Dara_O_Cinneide_1-1920x1080-1-120x68.jpg 120w\" sizes=\"(max-width: 1920px) 100vw, 1920px\" \/><br \/>\n&nbsp;<\/p>\n<p>Broadcasters from Ireland, Wales, China and the Republic of Korea have joined forces to co-produce a new series focusing on some of the world\u2019s greatest sporting arenas.<br \/>\n&nbsp;<br \/>\n<strong>\u2018Stadiums\u2019<\/strong> (4&#215;60) is a pioneering international co-production between Irish language broadcaster TG4, Welsh language broadcaster S4C and production companies Loosehorse and Cwmni Da, which has received the support of LIC China, Jeonju Television (JTV) and the Korean Communications Agency (KCA). The project has also received support from Welsh Government via Creative Wales.<br \/>\n&nbsp;<br \/>\nThe series visits a host of the planet\u2019s most iconic stadiums, including Beijing\u2019s Bird\u2019s Nest Stadium, Seoul\u2019s Olympic Stadium, the Azteca Stadium in Mexico City and Anfield in Liverpool.<br \/>\n&nbsp;<br \/>\nEach arena has its own identity and <strong>Stadiums<\/strong> will give viewers around the world an unique insight into these palaces of passion; from their storied histories and revered matchday atmospheres, to their architectural and technological brilliance and cultural significance.<br \/>\n&nbsp;<br \/>\nThe Welsh version of <strong>Stadiums<\/strong> will be called <strong>Jason Mohammad: Stadiymau\u2019r Byd<\/strong> and fronted by BBC Final Score and Pen\/Campwyr host Jason Mohammad, while former five-time All-Ireland GAA champion-turned broadcaster, Dara \u00d3 Cinn\u00e9ide, will present TG4\u2019s Irish version, <strong>Na Goirt \u00d3rga<\/strong>.<br \/>\n&nbsp;<\/p>\n<p>The project is the latest in a series of co-productions between Celtic and Asian broadcasters, following on the success of <strong>Tide<\/strong> and <strong>Rain: The Untold Story<\/strong>.<br \/>\n&nbsp;<br \/>\n<strong>Alan Esslemont Director General of TG4<\/strong> says: <em>&#8220;We have known for a long time, but it is strikingly clear in the light of the global success of \u2018An Cail\u00edn Ci\u00fain\/The Quiet Girl\u2019, that language is not a barrier to international success. S4C has been a role model for TG4 for many years and \u2018Stadiums\u2019 is the latest in a line of high-quality factual co-productions between TG4 and Wales.  S4C is a strategic international market partner for TG4 as we work with our independent audiovisual sector and the creative community in Ireland to build thriving, sustainable companies of scale.&#8221;<\/em><br \/>\n&nbsp;<br \/>\n<strong>Llinos Wynne, S4C Factual Commissioner<\/strong>, said: <em>&#8220;Stadiums is an exciting series and we have been proud to work with our international partners to bring an extraordinary insight into some of the most significant stadiums on the planet. This series underlines the true power of collaboration in the reaching audiences worldwide, and it is a huge vote of confidence in the booming creative industry here in Wales.&#8221;<\/em><br \/>\n&nbsp;<br \/>\n<strong>Llion Iwan, Cwmni Da Managing Director<\/strong>, said: <em>&#8220;Whilst sport is competitive it also brings people together, be it communities or nations, to stadiums to be together, to compete, to celebrate. The idea of telling the stories of stadiums across the globe enables the viewers not only to enjoy the landscape but to learn about their creation, their history. As people we are sociable creatures and the atmosphere in such places is unique.&#8221;<\/em><br \/>\n&nbsp;<br \/>\n<strong>Cormac \u00d3 h\u00c1rgad\u00e1in, series producer from Loosehorse<\/strong> said: <em>&#8220;Stadiums are much more than architectural wonders of steel and stone, they are living cathedrals where communities come to bond, as they worship their sporting heroes. This is true whether you are at a county final in Kerry or the World Cup Final in Mexico City.  It was a joy to be invited to participate in this unique project and to accompany Dara \u00d3 Cinn\u00e9ide as he brought Irish viewers all over the world, in a stirring celebration of sporting passion.&#8221;<\/em><br \/>\n&nbsp;<br \/>\nNa Goirt \u00d3rga will be aired on 23rd March 2023, on TG4. Jason Mohammad: Stadiymau\u2019r Byd starting on S4C on 5th April 2024.<\/p>\n<p>&nbsp;<br \/>\n&nbsp;<\/p>\n","protected":false},"excerpt":{"rendered":"<p>&nbsp; Broadcasters from Ireland, Wales, China and the Republic of Korea have joined forces to co-produce a new series focusing on some of the world\u2019s greatest sporting arenas. &nbsp; \u2018Stadiums\u2019 (4&#215;60) is a pioneering international co-production between Irish language broadcaster TG4, Welsh language broadcaster S4C and production companies Loosehorse and Cwmni Da, which has received [&hellip;]<\/p>\n","protected":false},"author":876,"featured_media":0,"parent":180925,"menu_order":3,"comment_status":"closed","ping_status":"closed","template":"page-templates\/template-pr.php","meta":{"_acf_changed":false,"footnotes":""},"acf":[],"yoast_head":"<!-- This site is optimized with the Yoast SEO plugin v22.6 - https:\/\/yoast.com\/wordpress\/plugins\/seo\/ -->\n<title>Broadcasters from Ireland, Wales, China and Republic of Korea join forces for international Stadiums co-production | Press Release | TG4<\/title>\n<meta name=\"description\" content=\"Broadcasters from Ireland, Wales, China and the Republic of Korea have joined forces to co-produce a new series focusing on some of the world\u2019s greatest sporting arenas.\" \/>\n<meta name=\"robots\" content=\"index, follow, max-snippet:-1, max-image-preview:large, max-video-preview:-1\" \/>\n<meta property=\"og:locale\" content=\"en_US\" \/>\n<meta property=\"og:type\" content=\"article\" \/>\n<meta property=\"og:title\" content=\"Broadcasters from Ireland, Wales, China and Republic of Korea join forces for international Stadiums co-production | Press Release | TG4\" \/>\n<meta property=\"og:description\" content=\"Broadcasters from Ireland, Wales, China and the Republic of Korea have joined forces to co-produce a new series focusing on some of the world\u2019s greatest sporting arenas.\" \/>\n<meta property=\"og:url\" content=\"https:\/\/dev.tg4.ie\/en\/information\/press\/press-releases\/2023-2\/broadcasters-from-ireland-wales-china-and-republic-of-korea-join-forces-for-international-stadiums-co-production\/\" \/>\n<meta property=\"og:site_name\" content=\"TG4\" \/>\n<meta property=\"article:publisher\" content=\"https:\/\/www.facebook.com\/TG4TV\" \/>\n<meta property=\"og:image\" content=\"https:\/\/tg4-docs.s3.amazonaws.com\/wp-content\/uploads\/2023\/02\/03141516\/Na_Goirt_Orga_Dara_O_Cinneide_1-1920x1080-1.jpg\" \/>\n\t<meta property=\"og:image:width\" content=\"1920\" \/>\n\t<meta property=\"og:image:height\" content=\"1080\" \/>\n\t<meta property=\"og:image:type\" content=\"image\/jpeg\" \/>\n<meta name=\"twitter:card\" content=\"summary_large_image\" \/>\n<meta name=\"twitter:image\" content=\"https:\/\/tg4-docs.s3.amazonaws.com\/wp-content\/uploads\/2023\/02\/03141516\/Na_Goirt_Orga_Dara_O_Cinneide_1-1920x1080-1.jpg\" \/>\n<meta name=\"twitter:site\" content=\"@TG4TV\" \/>\n<meta name=\"twitter:label1\" content=\"Est. reading time\" \/>\n\t<meta name=\"twitter:data1\" content=\"3 minutes\" \/>\n<script type=\"application\/ld+json\" class=\"yoast-schema-graph\">{\"@context\":\"https:\/\/schema.org\",\"@graph\":[{\"@type\":\"WebPage\",\"@id\":\"https:\/\/dev.tg4.ie\/en\/information\/press\/press-releases\/2023-2\/broadcasters-from-ireland-wales-china-and-republic-of-korea-join-forces-for-international-stadiums-co-production\/\",\"url\":\"https:\/\/dev.tg4.ie\/en\/information\/press\/press-releases\/2023-2\/broadcasters-from-ireland-wales-china-and-republic-of-korea-join-forces-for-international-stadiums-co-production\/\",\"name\":\"Broadcasters from Ireland, Wales, China and Republic of Korea join forces for international Stadiums co-production | Press Release | TG4\",\"isPartOf\":{\"@id\":\"https:\/\/dev.tg4.ie\/en\/#website\"},\"primaryImageOfPage\":{\"@id\":\"https:\/\/dev.tg4.ie\/en\/information\/press\/press-releases\/2023-2\/broadcasters-from-ireland-wales-china-and-republic-of-korea-join-forces-for-international-stadiums-co-production\/#primaryimage\"},\"image\":{\"@id\":\"https:\/\/dev.tg4.ie\/en\/information\/press\/press-releases\/2023-2\/broadcasters-from-ireland-wales-china-and-republic-of-korea-join-forces-for-international-stadiums-co-production\/#primaryimage\"},\"thumbnailUrl\":\"https:\/\/dev.tg4.ie\/wp-content\/uploads\/2023\/02\/Na_Goirt_Orga_Dara_O_Cinneide_1-1920x1080-1.jpg\",\"datePublished\":\"2023-02-03T14:16:29+00:00\",\"dateModified\":\"2023-02-03T14:16:29+00:00\",\"description\":\"Broadcasters from Ireland, Wales, China and the Republic of Korea have joined forces to co-produce a new series focusing on some of the world\u2019s greatest sporting arenas.\",\"breadcrumb\":{\"@id\":\"https:\/\/dev.tg4.ie\/en\/information\/press\/press-releases\/2023-2\/broadcasters-from-ireland-wales-china-and-republic-of-korea-join-forces-for-international-stadiums-co-production\/#breadcrumb\"},\"inLanguage\":\"en-ie\",\"potentialAction\":[{\"@type\":\"ReadAction\",\"target\":[\"https:\/\/dev.tg4.ie\/en\/information\/press\/press-releases\/2023-2\/broadcasters-from-ireland-wales-china-and-republic-of-korea-join-forces-for-international-stadiums-co-production\/\"]}]},{\"@type\":\"ImageObject\",\"inLanguage\":\"en-ie\",\"@id\":\"https:\/\/dev.tg4.ie\/en\/information\/press\/press-releases\/2023-2\/broadcasters-from-ireland-wales-china-and-republic-of-korea-join-forces-for-international-stadiums-co-production\/#primaryimage\",\"url\":\"https:\/\/dev.tg4.ie\/wp-content\/uploads\/2023\/02\/Na_Goirt_Orga_Dara_O_Cinneide_1-1920x1080-1.jpg\",\"contentUrl\":\"https:\/\/dev.tg4.ie\/wp-content\/uploads\/2023\/02\/Na_Goirt_Orga_Dara_O_Cinneide_1-1920x1080-1.jpg\"},{\"@type\":\"BreadcrumbList\",\"@id\":\"https:\/\/dev.tg4.ie\/en\/information\/press\/press-releases\/2023-2\/broadcasters-from-ireland-wales-china-and-republic-of-korea-join-forces-for-international-stadiums-co-production\/#breadcrumb\",\"itemListElement\":[{\"@type\":\"ListItem\",\"position\":1,\"name\":\"Home\",\"item\":\"https:\/\/dev.tg4.ie\/en\/\"},{\"@type\":\"ListItem\",\"position\":2,\"name\":\"Information\",\"item\":\"https:\/\/dev.tg4.ie\/en\/information\/\"},{\"@type\":\"ListItem\",\"position\":3,\"name\":\"Press\",\"item\":\"https:\/\/dev.tg4.ie\/en\/information\/press\/\"},{\"@type\":\"ListItem\",\"position\":4,\"name\":\"Press Releases\",\"item\":\"https:\/\/dev.tg4.ie\/en\/information\/press\/press-releases\/\"},{\"@type\":\"ListItem\",\"position\":5,\"name\":\"2023\",\"item\":\"https:\/\/dev.tg4.ie\/en\/information\/press\/press-releases\/2023-2\/\"},{\"@type\":\"ListItem\",\"position\":6,\"name\":\"Broadcasters from Ireland, Wales, China and Republic of Korea join forces for international Stadiums co-production\"}]},{\"@type\":\"WebSite\",\"@id\":\"https:\/\/dev.tg4.ie\/en\/#website\",\"url\":\"https:\/\/dev.tg4.ie\/en\/\",\"name\":\"TG4\",\"description\":\"S\u00fail Eile\",\"potentialAction\":[{\"@type\":\"SearchAction\",\"target\":{\"@type\":\"EntryPoint\",\"urlTemplate\":\"https:\/\/dev.tg4.ie\/en\/?s={search_term_string}\"},\"query-input\":\"required name=search_term_string\"}],\"inLanguage\":\"en-ie\"}]}<\/script>\n<!-- \/ Yoast SEO plugin. -->","yoast_head_json":{"title":"Broadcasters from Ireland, Wales, China and Republic of Korea join forces for international Stadiums co-production | Press Release | TG4","description":"Broadcasters from Ireland, Wales, China and the Republic of Korea have joined forces to co-produce a new series focusing on some of the world\u2019s greatest sporting arenas.","robots":{"index":"index","follow":"follow","max-snippet":"max-snippet:-1","max-image-preview":"max-image-preview:large","max-video-preview":"max-video-preview:-1"},"og_locale":"en_US","og_type":"article","og_title":"Broadcasters from Ireland, Wales, China and Republic of Korea join forces for international Stadiums co-production | Press Release | TG4","og_description":"Broadcasters from Ireland, Wales, China and the Republic of Korea have joined forces to co-produce a new series focusing on some of the world\u2019s greatest sporting arenas.","og_url":"https:\/\/dev.tg4.ie\/en\/information\/press\/press-releases\/2023-2\/broadcasters-from-ireland-wales-china-and-republic-of-korea-join-forces-for-international-stadiums-co-production\/","og_site_name":"TG4","article_publisher":"https:\/\/www.facebook.com\/TG4TV","og_image":[{"width":1920,"height":1080,"url":"https:\/\/tg4-docs.s3.amazonaws.com\/wp-content\/uploads\/2023\/02\/03141516\/Na_Goirt_Orga_Dara_O_Cinneide_1-1920x1080-1.jpg","type":"image\/jpeg"}],"twitter_card":"summary_large_image","twitter_image":"https:\/\/tg4-docs.s3.amazonaws.com\/wp-content\/uploads\/2023\/02\/03141516\/Na_Goirt_Orga_Dara_O_Cinneide_1-1920x1080-1.jpg","twitter_site":"@TG4TV","twitter_misc":{"Est. reading time":"3 minutes"},"schema":{"@context":"https:\/\/schema.org","@graph":[{"@type":"WebPage","@id":"https:\/\/dev.tg4.ie\/en\/information\/press\/press-releases\/2023-2\/broadcasters-from-ireland-wales-china-and-republic-of-korea-join-forces-for-international-stadiums-co-production\/","url":"https:\/\/dev.tg4.ie\/en\/information\/press\/press-releases\/2023-2\/broadcasters-from-ireland-wales-china-and-republic-of-korea-join-forces-for-international-stadiums-co-production\/","name":"Broadcasters from Ireland, Wales, China and Republic of Korea join forces for international Stadiums co-production | Press Release | TG4","isPartOf":{"@id":"https:\/\/dev.tg4.ie\/en\/#website"},"primaryImageOfPage":{"@id":"https:\/\/dev.tg4.ie\/en\/information\/press\/press-releases\/2023-2\/broadcasters-from-ireland-wales-china-and-republic-of-korea-join-forces-for-international-stadiums-co-production\/#primaryimage"},"image":{"@id":"https:\/\/dev.tg4.ie\/en\/information\/press\/press-releases\/2023-2\/broadcasters-from-ireland-wales-china-and-republic-of-korea-join-forces-for-international-stadiums-co-production\/#primaryimage"},"thumbnailUrl":"https:\/\/dev.tg4.ie\/wp-content\/uploads\/2023\/02\/Na_Goirt_Orga_Dara_O_Cinneide_1-1920x1080-1.jpg","datePublished":"2023-02-03T14:16:29+00:00","dateModified":"2023-02-03T14:16:29+00:00","description":"Broadcasters from Ireland, Wales, China and the Republic of Korea have joined forces to co-produce a new series focusing on some of the world\u2019s greatest sporting arenas.","breadcrumb":{"@id":"https:\/\/dev.tg4.ie\/en\/information\/press\/press-releases\/2023-2\/broadcasters-from-ireland-wales-china-and-republic-of-korea-join-forces-for-international-stadiums-co-production\/#breadcrumb"},"inLanguage":"en-ie","potentialAction":[{"@type":"ReadAction","target":["https:\/\/dev.tg4.ie\/en\/information\/press\/press-releases\/2023-2\/broadcasters-from-ireland-wales-china-and-republic-of-korea-join-forces-for-international-stadiums-co-production\/"]}]},{"@type":"ImageObject","inLanguage":"en-ie","@id":"https:\/\/dev.tg4.ie\/en\/information\/press\/press-releases\/2023-2\/broadcasters-from-ireland-wales-china-and-republic-of-korea-join-forces-for-international-stadiums-co-production\/#primaryimage","url":"https:\/\/dev.tg4.ie\/wp-content\/uploads\/2023\/02\/Na_Goirt_Orga_Dara_O_Cinneide_1-1920x1080-1.jpg","contentUrl":"https:\/\/dev.tg4.ie\/wp-content\/uploads\/2023\/02\/Na_Goirt_Orga_Dara_O_Cinneide_1-1920x1080-1.jpg"},{"@type":"BreadcrumbList","@id":"https:\/\/dev.tg4.ie\/en\/information\/press\/press-releases\/2023-2\/broadcasters-from-ireland-wales-china-and-republic-of-korea-join-forces-for-international-stadiums-co-production\/#breadcrumb","itemListElement":[{"@type":"ListItem","position":1,"name":"Home","item":"https:\/\/dev.tg4.ie\/en\/"},{"@type":"ListItem","position":2,"name":"Information","item":"https:\/\/dev.tg4.ie\/en\/information\/"},{"@type":"ListItem","position":3,"name":"Press","item":"https:\/\/dev.tg4.ie\/en\/information\/press\/"},{"@type":"ListItem","position":4,"name":"Press Releases","item":"https:\/\/dev.tg4.ie\/en\/information\/press\/press-releases\/"},{"@type":"ListItem","position":5,"name":"2023","item":"https:\/\/dev.tg4.ie\/en\/information\/press\/press-releases\/2023-2\/"},{"@type":"ListItem","position":6,"name":"Broadcasters from Ireland, Wales, China and Republic of Korea join forces for international Stadiums co-production"}]},{"@type":"WebSite","@id":"https:\/\/dev.tg4.ie\/en\/#website","url":"https:\/\/dev.tg4.ie\/en\/","name":"TG4","description":"S\u00fail Eile","potentialAction":[{"@type":"SearchAction","target":{"@type":"EntryPoint","urlTemplate":"https:\/\/dev.tg4.ie\/en\/?s={search_term_string}"},"query-input":"required name=search_term_string"}],"inLanguage":"en-ie"}]}},"_links":{"self":[{"href":"https:\/\/dev.tg4.ie\/en\/wp-json\/wp\/v2\/pages\/182750"}],"collection":[{"href":"https:\/\/dev.tg4.ie\/en\/wp-json\/wp\/v2\/pages"}],"about":[{"href":"https:\/\/dev.tg4.ie\/en\/wp-json\/wp\/v2\/types\/page"}],"author":[{"embeddable":true,"href":"https:\/\/dev.tg4.ie\/en\/wp-json\/wp\/v2\/users\/876"}],"replies":[{"embeddable":true,"href":"https:\/\/dev.tg4.ie\/en\/wp-json\/wp\/v2\/comments?post=182750"}],"version-history":[{"count":0,"href":"https:\/\/dev.tg4.ie\/en\/wp-json\/wp\/v2\/pages\/182750\/revisions"}],"up":[{"embeddable":true,"href":"https:\/\/dev.tg4.ie\/en\/wp-json\/wp\/v2\/pages\/180925"}],"wp:attachment":[{"href":"https:\/\/dev.tg4.ie\/en\/wp-json\/wp\/v2\/media?parent=182750"}],"curies":[{"name":"wp","href":"https:\/\/api.w.org\/{rel}","templated":true}]}}