{"id":184071,"date":"2023-02-15T16:25:46","date_gmt":"2023-02-15T16:25:46","guid":{"rendered":"https:\/\/dev.tg4.ie\/?page_id=184071"},"modified":"2023-02-17T13:55:25","modified_gmt":"2023-02-17T13:55:25","slug":"transition-year-students-year-13-ni-in-irish-medium-schools-around-the-country-are-being-offered-a-unique-insight-into-journalism-in-an-online-course-this-march","status":"publish","type":"page","link":"https:\/\/dev.tg4.ie\/en\/information\/press\/press-releases\/2023-2\/transition-year-students-year-13-ni-in-irish-medium-schools-around-the-country-are-being-offered-a-unique-insight-into-journalism-in-an-online-course-this-march\/","title":{"rendered":"Transition Year students, Year 13 (NI) in Irish-medium schools around the country are being offered a unique insight into journalism in an online course this March"},"content":{"rendered":"<p><img loading=\"lazy\" decoding=\"async\" width=\"1920\" height=\"1080\" src=\"https:\/\/tg4-docs.s3.amazonaws.com\/wp-content\/uploads\/2023\/02\/15162359\/Iriseoiri_an_Lae_Amarach_2023-1-1920x1080-1.jpg\" alt=\"\" class=\"aligncenter size-full wp-image-184069\" srcset=\"https:\/\/tg4-docs.s3.amazonaws.com\/wp-content\/uploads\/2023\/02\/15162359\/Iriseoiri_an_Lae_Amarach_2023-1-1920x1080-1.jpg 1920w, https:\/\/tg4-docs.s3.amazonaws.com\/wp-content\/uploads\/2023\/02\/15162359\/Iriseoiri_an_Lae_Amarach_2023-1-1920x1080-1-250x141.jpg 250w, https:\/\/tg4-docs.s3.amazonaws.com\/wp-content\/uploads\/2023\/02\/15162359\/Iriseoiri_an_Lae_Amarach_2023-1-1920x1080-1-700x394.jpg 700w, https:\/\/tg4-docs.s3.amazonaws.com\/wp-content\/uploads\/2023\/02\/15162359\/Iriseoiri_an_Lae_Amarach_2023-1-1920x1080-1-252x141.jpg 252w, https:\/\/tg4-docs.s3.amazonaws.com\/wp-content\/uploads\/2023\/02\/15162359\/Iriseoiri_an_Lae_Amarach_2023-1-1920x1080-1-1536x864.jpg 1536w, https:\/\/tg4-docs.s3.amazonaws.com\/wp-content\/uploads\/2023\/02\/15162359\/Iriseoiri_an_Lae_Amarach_2023-1-1920x1080-1-120x68.jpg 120w\" sizes=\"(max-width: 1920px) 100vw, 1920px\" \/><br \/>\n&nbsp;<\/p>\n<p>Transition Year students, Year 13 (NI) in Irish-medium schools are being offered a unique insight into journalism in an online course which will run from 7th until the 9th of March 2023. All the students participating in the course will have the opportunity to learn from some of Ireland\u2019s finest television, radio, print and digital journalists and broadcasters.<br \/>\n&nbsp;<br \/>\nThe three day online programme, <strong>Iriseoir\u00ed An Lae Am\u00e1rach<\/strong>, is spearheaded by University of Galway,  Nuacht RT\u00c9 and TG4 and is in conjunction with An Chomhairle um Oideachas Gaeltachta agus Gaelscola\u00edochta (COGG) and the Department of Education. The course will be held via Zoom and  is aimed at students in post-primary schools in Gaeltacht areas along with students in Irish-medium post-primary schools around the country. Each day a mix of material will be presented by journalists who broadcast on TG4, RT\u00c9 and RT\u00c9 Raidi\u00f3 na Gaeltachta. Students will also hear from those involved with University of Galway\u2019s media and communications courses and also there will be an opportunity for participants of the programme to find out about content on online platforms.<br \/>\n&nbsp;<br \/>\n<strong>Professor Breand\u00e1n Mac Suibhne, Sti\u00farth\u00f3ir L\u00e9inn, Acadamh na hOllscola\u00edochta Gaeilge, Ollscoil na Gaillimhe<\/strong>, said: <em>\u201cThe last few years, punctuated by the catch-cry of \u2018fake news\u2019, have made us all more conscious of the importance of quality journalism. Iriseoir\u00ed an lae am\u00e1rach enables students to see for themselves what journalism involves and it gives them experience that may help them decide if they wish to pursue a career in a field so vital to democracy and social justice.\u201d<\/em><br \/>\n&nbsp;<br \/>\n<strong>Programme Director of the MA (Cleachtas Gairmi\u00fail sna Me\u00e1in), University of Galway, Aodh \u00d3 Coile\u00e1in<\/strong>, said: <em>\u201cThe European Court of Human Rights in Strasbourg has compared the vital role of journalists to that of \u2018public watchdog\u2019. Accordingly, the Court has afforded the press the broadest scope of protection. Freedom of the press is one of the great gifts of a democratic society. Perhaps now more than at any point in our history, Ireland needs free, critical, impartial and independent media.\u201d<\/em><br \/>\n&nbsp;<br \/>\nWelcoming the launch of the third year of the initiative, <strong>CEO of COGG, Jaqueline N\u00ed Fhearghusa<\/strong> said: <em>\u201cThis course will present careers in journalism to post-primary students in Gaeltacht areas and in Irish medium post-primary schools throughout the country along with emphasising the importance of high quality journalism and informing students of opportunities through the medium of Irish in this area.\u201d<\/em><br \/>\n&nbsp;<br \/>\n<strong>Deirdre N\u00ed Choist\u00edn<\/strong> who is <strong>TG4&#8217;s Head of News and Current Affairs<\/strong> said: <em>\u201cWe are pleased to extend this collaboration with University of Galway for a third year running. Irish language journalism is core part of the TG4 schedule, and we welcome the opportunity to encourage students to consider a career in journalism.\u201d<\/em><br \/>\n&nbsp;<br \/>\nOver 400 students registered for the course in 2022.<br \/>\n&nbsp;<br \/>\nSchools can register for this course on the following link; <a href=\"https:\/\/us06web.zoom.us\/webinar\/register\/WN_wdOJaEAwRl2P9_bA4wOnPQ\" rel=\"noopener\" target=\"_blank\">https:\/\/us06web.zoom.us\/webinar\/register\/WN_wdOJaEAwRl2P9_bA4wOnPQ<\/a><\/p>\n<p>&nbsp;<br \/>\n&nbsp;<\/p>\n","protected":false},"excerpt":{"rendered":"<p>&nbsp; Transition Year students, Year 13 (NI) in Irish-medium schools are being offered a unique insight into journalism in an online course which will run from 7th until the 9th of March 2023. All the students participating in the course will have the opportunity to learn from some of Ireland\u2019s finest television, radio, print and [&hellip;]<\/p>\n","protected":false},"author":876,"featured_media":0,"parent":180925,"menu_order":4,"comment_status":"closed","ping_status":"closed","template":"page-templates\/template-pr.php","meta":{"_acf_changed":false,"footnotes":""},"acf":[],"yoast_head":"<!-- This site is optimized with the Yoast SEO plugin v22.6 - https:\/\/yoast.com\/wordpress\/plugins\/seo\/ -->\n<title>Transition Year students, Year 13 (NI) in Irish-medium schools around the country are being offered a unique insight into journalism in an online course this March | Press Release | TG4<\/title>\n<meta name=\"description\" content=\"Transition Year students, Year 13 (NI) in Irish-medium schools are being offered a unique insight to journalism in an online course with some of Ireland\u2019s finest television, radio, print and digital journalists and broadcasters.\" \/>\n<meta name=\"robots\" content=\"index, follow, max-snippet:-1, max-image-preview:large, max-video-preview:-1\" \/>\n<meta property=\"og:locale\" content=\"en_US\" \/>\n<meta property=\"og:type\" content=\"article\" \/>\n<meta property=\"og:title\" content=\"Transition Year students, Year 13 (NI) in Irish-medium schools around the country are being offered a unique insight into journalism in an online course this March | Press Release | TG4\" \/>\n<meta property=\"og:description\" content=\"Transition Year students, Year 13 (NI) in Irish-medium schools are being offered a unique insight to journalism in an online course with some of Ireland\u2019s finest television, radio, print and digital journalists and broadcasters.\" \/>\n<meta property=\"og:url\" content=\"https:\/\/dev.tg4.ie\/en\/information\/press\/press-releases\/2023-2\/transition-year-students-year-13-ni-in-irish-medium-schools-around-the-country-are-being-offered-a-unique-insight-into-journalism-in-an-online-course-this-march\/\" \/>\n<meta property=\"og:site_name\" content=\"TG4\" \/>\n<meta property=\"article:publisher\" content=\"https:\/\/www.facebook.com\/TG4TV\" \/>\n<meta property=\"article:modified_time\" content=\"2023-02-17T13:55:25+00:00\" \/>\n<meta property=\"og:image\" content=\"https:\/\/tg4-docs.s3.amazonaws.com\/wp-content\/uploads\/2023\/02\/15162359\/Iriseoiri_an_Lae_Amarach_2023-1-1920x1080-1.jpg\" \/>\n\t<meta property=\"og:image:width\" content=\"1920\" \/>\n\t<meta property=\"og:image:height\" content=\"1080\" \/>\n\t<meta property=\"og:image:type\" content=\"image\/jpeg\" \/>\n<meta name=\"twitter:card\" content=\"summary_large_image\" \/>\n<meta name=\"twitter:image\" content=\"https:\/\/tg4-docs.s3.amazonaws.com\/wp-content\/uploads\/2023\/02\/15162359\/Iriseoiri_an_Lae_Amarach_2023-1-1920x1080-1.jpg\" \/>\n<meta name=\"twitter:site\" content=\"@TG4TV\" \/>\n<meta name=\"twitter:label1\" content=\"Est. reading time\" \/>\n\t<meta name=\"twitter:data1\" content=\"3 minutes\" \/>\n<script type=\"application\/ld+json\" class=\"yoast-schema-graph\">{\"@context\":\"https:\/\/schema.org\",\"@graph\":[{\"@type\":\"WebPage\",\"@id\":\"https:\/\/dev.tg4.ie\/en\/information\/press\/press-releases\/2023-2\/transition-year-students-year-13-ni-in-irish-medium-schools-around-the-country-are-being-offered-a-unique-insight-into-journalism-in-an-online-course-this-march\/\",\"url\":\"https:\/\/dev.tg4.ie\/en\/information\/press\/press-releases\/2023-2\/transition-year-students-year-13-ni-in-irish-medium-schools-around-the-country-are-being-offered-a-unique-insight-into-journalism-in-an-online-course-this-march\/\",\"name\":\"Transition Year students, Year 13 (NI) in Irish-medium schools around the country are being offered a unique insight into journalism in an online course this March | Press Release | TG4\",\"isPartOf\":{\"@id\":\"https:\/\/dev.tg4.ie\/en\/#website\"},\"primaryImageOfPage\":{\"@id\":\"https:\/\/dev.tg4.ie\/en\/information\/press\/press-releases\/2023-2\/transition-year-students-year-13-ni-in-irish-medium-schools-around-the-country-are-being-offered-a-unique-insight-into-journalism-in-an-online-course-this-march\/#primaryimage\"},\"image\":{\"@id\":\"https:\/\/dev.tg4.ie\/en\/information\/press\/press-releases\/2023-2\/transition-year-students-year-13-ni-in-irish-medium-schools-around-the-country-are-being-offered-a-unique-insight-into-journalism-in-an-online-course-this-march\/#primaryimage\"},\"thumbnailUrl\":\"https:\/\/dev.tg4.ie\/wp-content\/uploads\/2023\/02\/Iriseoiri_an_Lae_Amarach_2023-1-1920x1080-1.jpg\",\"datePublished\":\"2023-02-15T16:25:46+00:00\",\"dateModified\":\"2023-02-17T13:55:25+00:00\",\"description\":\"Transition Year students, Year 13 (NI) in Irish-medium schools are being offered a unique insight to journalism in an online course with some of Ireland\u2019s finest television, radio, print and digital journalists and broadcasters.\",\"breadcrumb\":{\"@id\":\"https:\/\/dev.tg4.ie\/en\/information\/press\/press-releases\/2023-2\/transition-year-students-year-13-ni-in-irish-medium-schools-around-the-country-are-being-offered-a-unique-insight-into-journalism-in-an-online-course-this-march\/#breadcrumb\"},\"inLanguage\":\"en-ie\",\"potentialAction\":[{\"@type\":\"ReadAction\",\"target\":[\"https:\/\/dev.tg4.ie\/en\/information\/press\/press-releases\/2023-2\/transition-year-students-year-13-ni-in-irish-medium-schools-around-the-country-are-being-offered-a-unique-insight-into-journalism-in-an-online-course-this-march\/\"]}]},{\"@type\":\"ImageObject\",\"inLanguage\":\"en-ie\",\"@id\":\"https:\/\/dev.tg4.ie\/en\/information\/press\/press-releases\/2023-2\/transition-year-students-year-13-ni-in-irish-medium-schools-around-the-country-are-being-offered-a-unique-insight-into-journalism-in-an-online-course-this-march\/#primaryimage\",\"url\":\"https:\/\/dev.tg4.ie\/wp-content\/uploads\/2023\/02\/Iriseoiri_an_Lae_Amarach_2023-1-1920x1080-1.jpg\",\"contentUrl\":\"https:\/\/dev.tg4.ie\/wp-content\/uploads\/2023\/02\/Iriseoiri_an_Lae_Amarach_2023-1-1920x1080-1.jpg\"},{\"@type\":\"BreadcrumbList\",\"@id\":\"https:\/\/dev.tg4.ie\/en\/information\/press\/press-releases\/2023-2\/transition-year-students-year-13-ni-in-irish-medium-schools-around-the-country-are-being-offered-a-unique-insight-into-journalism-in-an-online-course-this-march\/#breadcrumb\",\"itemListElement\":[{\"@type\":\"ListItem\",\"position\":1,\"name\":\"Home\",\"item\":\"https:\/\/dev.tg4.ie\/en\/\"},{\"@type\":\"ListItem\",\"position\":2,\"name\":\"Information\",\"item\":\"https:\/\/dev.tg4.ie\/en\/information\/\"},{\"@type\":\"ListItem\",\"position\":3,\"name\":\"Press\",\"item\":\"https:\/\/dev.tg4.ie\/en\/information\/press\/\"},{\"@type\":\"ListItem\",\"position\":4,\"name\":\"Press Releases\",\"item\":\"https:\/\/dev.tg4.ie\/en\/information\/press\/press-releases\/\"},{\"@type\":\"ListItem\",\"position\":5,\"name\":\"2023\",\"item\":\"https:\/\/dev.tg4.ie\/en\/information\/press\/press-releases\/2023-2\/\"},{\"@type\":\"ListItem\",\"position\":6,\"name\":\"Transition Year students, Year 13 (NI) in Irish-medium schools around the country are being offered a unique insight into journalism in an online course this March\"}]},{\"@type\":\"WebSite\",\"@id\":\"https:\/\/dev.tg4.ie\/en\/#website\",\"url\":\"https:\/\/dev.tg4.ie\/en\/\",\"name\":\"TG4\",\"description\":\"S\u00fail Eile\",\"potentialAction\":[{\"@type\":\"SearchAction\",\"target\":{\"@type\":\"EntryPoint\",\"urlTemplate\":\"https:\/\/dev.tg4.ie\/en\/?s={search_term_string}\"},\"query-input\":\"required name=search_term_string\"}],\"inLanguage\":\"en-ie\"}]}<\/script>\n<!-- \/ Yoast SEO plugin. -->","yoast_head_json":{"title":"Transition Year students, Year 13 (NI) in Irish-medium schools around the country are being offered a unique insight into journalism in an online course this March | Press Release | TG4","description":"Transition Year students, Year 13 (NI) in Irish-medium schools are being offered a unique insight to journalism in an online course with some of Ireland\u2019s finest television, radio, print and digital journalists and broadcasters.","robots":{"index":"index","follow":"follow","max-snippet":"max-snippet:-1","max-image-preview":"max-image-preview:large","max-video-preview":"max-video-preview:-1"},"og_locale":"en_US","og_type":"article","og_title":"Transition Year students, Year 13 (NI) in Irish-medium schools around the country are being offered a unique insight into journalism in an online course this March | Press Release | TG4","og_description":"Transition Year students, Year 13 (NI) in Irish-medium schools are being offered a unique insight to journalism in an online course with some of Ireland\u2019s finest television, radio, print and digital journalists and broadcasters.","og_url":"https:\/\/dev.tg4.ie\/en\/information\/press\/press-releases\/2023-2\/transition-year-students-year-13-ni-in-irish-medium-schools-around-the-country-are-being-offered-a-unique-insight-into-journalism-in-an-online-course-this-march\/","og_site_name":"TG4","article_publisher":"https:\/\/www.facebook.com\/TG4TV","article_modified_time":"2023-02-17T13:55:25+00:00","og_image":[{"width":1920,"height":1080,"url":"https:\/\/tg4-docs.s3.amazonaws.com\/wp-content\/uploads\/2023\/02\/15162359\/Iriseoiri_an_Lae_Amarach_2023-1-1920x1080-1.jpg","type":"image\/jpeg"}],"twitter_card":"summary_large_image","twitter_image":"https:\/\/tg4-docs.s3.amazonaws.com\/wp-content\/uploads\/2023\/02\/15162359\/Iriseoiri_an_Lae_Amarach_2023-1-1920x1080-1.jpg","twitter_site":"@TG4TV","twitter_misc":{"Est. reading time":"3 minutes"},"schema":{"@context":"https:\/\/schema.org","@graph":[{"@type":"WebPage","@id":"https:\/\/dev.tg4.ie\/en\/information\/press\/press-releases\/2023-2\/transition-year-students-year-13-ni-in-irish-medium-schools-around-the-country-are-being-offered-a-unique-insight-into-journalism-in-an-online-course-this-march\/","url":"https:\/\/dev.tg4.ie\/en\/information\/press\/press-releases\/2023-2\/transition-year-students-year-13-ni-in-irish-medium-schools-around-the-country-are-being-offered-a-unique-insight-into-journalism-in-an-online-course-this-march\/","name":"Transition Year students, Year 13 (NI) in Irish-medium schools around the country are being offered a unique insight into journalism in an online course this March | Press Release | TG4","isPartOf":{"@id":"https:\/\/dev.tg4.ie\/en\/#website"},"primaryImageOfPage":{"@id":"https:\/\/dev.tg4.ie\/en\/information\/press\/press-releases\/2023-2\/transition-year-students-year-13-ni-in-irish-medium-schools-around-the-country-are-being-offered-a-unique-insight-into-journalism-in-an-online-course-this-march\/#primaryimage"},"image":{"@id":"https:\/\/dev.tg4.ie\/en\/information\/press\/press-releases\/2023-2\/transition-year-students-year-13-ni-in-irish-medium-schools-around-the-country-are-being-offered-a-unique-insight-into-journalism-in-an-online-course-this-march\/#primaryimage"},"thumbnailUrl":"https:\/\/dev.tg4.ie\/wp-content\/uploads\/2023\/02\/Iriseoiri_an_Lae_Amarach_2023-1-1920x1080-1.jpg","datePublished":"2023-02-15T16:25:46+00:00","dateModified":"2023-02-17T13:55:25+00:00","description":"Transition Year students, Year 13 (NI) in Irish-medium schools are being offered a unique insight to journalism in an online course with some of Ireland\u2019s finest television, radio, print and digital journalists and broadcasters.","breadcrumb":{"@id":"https:\/\/dev.tg4.ie\/en\/information\/press\/press-releases\/2023-2\/transition-year-students-year-13-ni-in-irish-medium-schools-around-the-country-are-being-offered-a-unique-insight-into-journalism-in-an-online-course-this-march\/#breadcrumb"},"inLanguage":"en-ie","potentialAction":[{"@type":"ReadAction","target":["https:\/\/dev.tg4.ie\/en\/information\/press\/press-releases\/2023-2\/transition-year-students-year-13-ni-in-irish-medium-schools-around-the-country-are-being-offered-a-unique-insight-into-journalism-in-an-online-course-this-march\/"]}]},{"@type":"ImageObject","inLanguage":"en-ie","@id":"https:\/\/dev.tg4.ie\/en\/information\/press\/press-releases\/2023-2\/transition-year-students-year-13-ni-in-irish-medium-schools-around-the-country-are-being-offered-a-unique-insight-into-journalism-in-an-online-course-this-march\/#primaryimage","url":"https:\/\/dev.tg4.ie\/wp-content\/uploads\/2023\/02\/Iriseoiri_an_Lae_Amarach_2023-1-1920x1080-1.jpg","contentUrl":"https:\/\/dev.tg4.ie\/wp-content\/uploads\/2023\/02\/Iriseoiri_an_Lae_Amarach_2023-1-1920x1080-1.jpg"},{"@type":"BreadcrumbList","@id":"https:\/\/dev.tg4.ie\/en\/information\/press\/press-releases\/2023-2\/transition-year-students-year-13-ni-in-irish-medium-schools-around-the-country-are-being-offered-a-unique-insight-into-journalism-in-an-online-course-this-march\/#breadcrumb","itemListElement":[{"@type":"ListItem","position":1,"name":"Home","item":"https:\/\/dev.tg4.ie\/en\/"},{"@type":"ListItem","position":2,"name":"Information","item":"https:\/\/dev.tg4.ie\/en\/information\/"},{"@type":"ListItem","position":3,"name":"Press","item":"https:\/\/dev.tg4.ie\/en\/information\/press\/"},{"@type":"ListItem","position":4,"name":"Press Releases","item":"https:\/\/dev.tg4.ie\/en\/information\/press\/press-releases\/"},{"@type":"ListItem","position":5,"name":"2023","item":"https:\/\/dev.tg4.ie\/en\/information\/press\/press-releases\/2023-2\/"},{"@type":"ListItem","position":6,"name":"Transition Year students, Year 13 (NI) in Irish-medium schools around the country are being offered a unique insight into journalism in an online course this March"}]},{"@type":"WebSite","@id":"https:\/\/dev.tg4.ie\/en\/#website","url":"https:\/\/dev.tg4.ie\/en\/","name":"TG4","description":"S\u00fail Eile","potentialAction":[{"@type":"SearchAction","target":{"@type":"EntryPoint","urlTemplate":"https:\/\/dev.tg4.ie\/en\/?s={search_term_string}"},"query-input":"required name=search_term_string"}],"inLanguage":"en-ie"}]}},"_links":{"self":[{"href":"https:\/\/dev.tg4.ie\/en\/wp-json\/wp\/v2\/pages\/184071"}],"collection":[{"href":"https:\/\/dev.tg4.ie\/en\/wp-json\/wp\/v2\/pages"}],"about":[{"href":"https:\/\/dev.tg4.ie\/en\/wp-json\/wp\/v2\/types\/page"}],"author":[{"embeddable":true,"href":"https:\/\/dev.tg4.ie\/en\/wp-json\/wp\/v2\/users\/876"}],"replies":[{"embeddable":true,"href":"https:\/\/dev.tg4.ie\/en\/wp-json\/wp\/v2\/comments?post=184071"}],"version-history":[{"count":0,"href":"https:\/\/dev.tg4.ie\/en\/wp-json\/wp\/v2\/pages\/184071\/revisions"}],"up":[{"embeddable":true,"href":"https:\/\/dev.tg4.ie\/en\/wp-json\/wp\/v2\/pages\/180925"}],"wp:attachment":[{"href":"https:\/\/dev.tg4.ie\/en\/wp-json\/wp\/v2\/media?parent=184071"}],"curies":[{"name":"wp","href":"https:\/\/api.w.org\/{rel}","templated":true}]}}