{"id":185181,"date":"2023-03-06T07:30:27","date_gmt":"2023-03-06T07:30:27","guid":{"rendered":"https:\/\/dev.tg4.ie\/?page_id=185181"},"modified":"2023-03-07T09:39:21","modified_gmt":"2023-03-07T09:39:21","slug":"9-nominations-rts","status":"publish","type":"page","link":"https:\/\/dev.tg4.ie\/en\/information\/press\/press-releases\/2023-2\/9-nominations-rts\/","title":{"rendered":"Nine nominations for TG4 in this year&#8217;s RTS Ireland Television Awards"},"content":{"rendered":"<p><img loading=\"lazy\" decoding=\"async\" width=\"1920\" height=\"1080\" src=\"https:\/\/tg4-docs.s3.amazonaws.com\/wp-content\/uploads\/2023\/03\/04140144\/RTSOcaid.jpg\" alt=\"RTS \u00d3c\u00e1id 2023\" class=\"alignright size-thumbnail wp-image-185167\" srcset=\"https:\/\/tg4-docs.s3.amazonaws.com\/wp-content\/uploads\/2023\/03\/04140144\/RTSOcaid.jpg 1920w, https:\/\/tg4-docs.s3.amazonaws.com\/wp-content\/uploads\/2023\/03\/04140144\/RTSOcaid-250x141.jpg 250w, https:\/\/tg4-docs.s3.amazonaws.com\/wp-content\/uploads\/2023\/03\/04140144\/RTSOcaid-700x394.jpg 700w, https:\/\/tg4-docs.s3.amazonaws.com\/wp-content\/uploads\/2023\/03\/04140144\/RTSOcaid-252x141.jpg 252w, https:\/\/tg4-docs.s3.amazonaws.com\/wp-content\/uploads\/2023\/03\/04140144\/RTSOcaid-1536x864.jpg 1536w, https:\/\/tg4-docs.s3.amazonaws.com\/wp-content\/uploads\/2023\/03\/04140144\/RTSOcaid-120x68.jpg 120w\" sizes=\"(max-width: 1920px) 100vw, 1920px\" \/><br \/>\n&nbsp;<\/p>\n<p>Nominees revealed today in 10 categories for this year\u2019s RTS Ireland Television Awards<br \/>\nCaitl\u00edn Nic Aoidh and Cormac \u00d3 hEadhra with special guests will announce winners at a gala event in the Galmont Hotel, Galway  &#8211; March 28th 2023<br \/>\nLimited tickets for the event are on sale from today at:  <a href=\"https:\/\/rts.org.uk\/civicrm\/event\/register?reset=1&#038;id=815\" rel=\"noopener\" target=\"_blank\">https:\/\/rts.org.uk\/civicrm\/event\/register?reset=1&#038;id=815<\/a><br \/>\n&nbsp;<br \/>\nTG4 has received nine nominations in the RTS Ireland Television Awards announced today:<br \/>\n&nbsp;<br \/>\n<strong>Dr\u00e1ma\u00edocht:<\/strong>  Doineann, DoubleBand Films (TG4)<br \/>\n<strong>Siamsa\u00edocht:<\/strong>  Cumasc: Seisi\u00fain sa Black Gate, Black Gate Productions (TG4)<br \/>\n<strong>Sraith Fh\u00edorasach:<\/strong>  Cois M\u00f3ire, Cormorant Films (TG4)<br \/>\n<strong>Sraith Fh\u00edorasach:<\/strong>  An Diabhal Inti, Lagan Media Productions (TG4)<br \/>\n<strong>Cl\u00e1r F\u00edorasach:<\/strong>  Cyril Cusack: L\u00e1r An St\u00e1itse, Dearg Films (TG4)<br \/>\n<strong>Sp\u00f3rt:<\/strong>  Anton O&#8217;Toole &#8211; Finsc\u00e9al de Shaol GAA,  Bankos Tales Productions (TG4)<br \/>\n<strong>Sp\u00f3rt:<\/strong>  Laochra Gael &#8211; Terence McNaughton, Nemeton TV (TG4)<br \/>\n<strong>Sainchl\u00e1r F\u00edorasach:<\/strong>  An Buachaill Gealgh\u00e1ireach, Imagine Media (TG4)<br \/>\n<strong>Siamsa\u00edocht Fh\u00edorasach:<\/strong>  Bagatelle &#8211; \u00d3m\u00f3s do Liam Reilly, Four Quadrant Films (TG4)<br \/>\n&nbsp;<br \/>\nRTS Ireland has announced nominations in 10 categories for this year\u2019s RTS Ireland Television Awards. Juries considered over 130 entries from across the industry.<br \/>\n&nbsp;<br \/>\nThe full list is as follows:<br \/>\n&nbsp;<br \/>\n1 \u2013 THE NOMINEES | DRAMA | with thanks to Screen Ireland<br \/>\nDoineann, DoubleBand Films (TG4)<br \/>\nEvery Five Miles, Vico Films (RT\u00c9)<br \/>\nHolding, Happy Prince, Port Pictures (Virgin Media)<br \/>\nRedemption, Metropolitan Films (Virgin Media)<br \/>\nSmother, Treasure Entertainment (RT\u00c9 One)<br \/>\n&nbsp;<br \/>\n2 \u2013 THE NOMINEES | ENTERTAINMENT | with thanks to Piranha Bar<br \/>\nCallan Kicks the Year, Wonky Chair Media, (RT\u00c9)<br \/>\nCumasc: Seisi\u00fain sa Black Gate, Black Gate Productions (TG4)<br \/>\nDancing with the Stars, ShinAwiL (RT\u00c9)<br \/>\nFree Gaff, Green Inc Film &#038; Television (RT\u00c92 &#038; RT\u00c9 player)<br \/>\nThe Ultimate Irish Playlist, ShinAwiL (RT\u00c9)<br \/>\n&nbsp;<br \/>\n3 \u2013 THE NOMINEES | FACTUAL SERIES | with thanks to Egg Post Production<br \/>\nCois M\u00f3ire, Cormorant Films (TG4)<br \/>\nCrimes and Confessions (RT\u00c9)<br \/>\nAn Diabhal Inti, Lagan Media Productions (TG4)<br \/>\nGreat Lighthouses of Ireland, Inproduction TV (RT\u00c9)<br \/>\n&nbsp;<br \/>\n4 \u2013 THE NOMINEES | FACTUAL SINGLE | with thanks to Nemeton TV<br \/>\nCyril Cusack: L\u00e1r An St\u00e1itse, Dearg Films (TG4)<br \/>\nSpeechless, Firebrand Productions (RT\u00c9)<br \/>\nThe Ghost of Richard Harris, Bright Yellow Films, Samson Films, Groove International (Sky Arts)<br \/>\nYoung Plato, Soilsiu Films, Aisling Productions, Clin d&#8217;Oeil Films and Zadig Productions (RT\u00c9)<br \/>\n&nbsp;<br \/>\n5 \u2013 THE NOMINEES | SPORT | with thanks to TVM<br \/>\nAnton O&#8217;Toole &#8211; Finsc\u00e9al de Shaol GAA,   Bankos Tales Productions (TG4)<br \/>\nThe Connacht Way, Motherland (RT\u00c9 One)<br \/>\nLaochra Gael &#8211; Terence McNaughton, Nemeton TV (TG4)<br \/>\nMunster Vs South Africa A (Virgin Media Television)<br \/>\nSaipan &#8211; Rebel without a Ball,  (RT\u00c9)<br \/>\n&nbsp;<br \/>\n6 &#8211; THE NOMINEES | NEWS &#038; CURRENT AFFAIRS | with thanks to Camerakit.ie<br \/>\nThe Accountant, the Con, the Lies (RT\u00c9)<br \/>\nThe Death of Ashling Murphy (Virgin Media News)<br \/>\nEden Heaslip (RT\u00c9)<br \/>\nRT\u00c9 Investigates: Missing Pieces (RT\u00c9)<br \/>\nTragedy in Creeslough (Sky News)<br \/>\n&nbsp;<br \/>\n7 \u2013 THE NOMINEES | ANIMATION | with thanks to Windmill Lane<br \/>\nBoy Girl Dog Cat Mouse Cheese, Kavaleer Productions, Watch Next Media, Cloud Co (RT\u00c9)<br \/>\nFia&#8217;s Fairies, Little Moon Animation (RT\u00c9jr)<br \/>\nThe Ghastly Ghoul, Dream Logic Animation Studios and Lupus Films (RT\u00c9)<br \/>\nKiva Can Do, Kavaleer Productions (RT\u00c9)<br \/>\nThe Presenter, Cardel Entertainment (RT\u00c9)<br \/>\n&nbsp;<br \/>\n8 \u2013 THE NOMINEES | SPECIALIST FACTUAL| with thanks to Ard\u00e1n<br \/>\nAn Buachaill Gealgh\u00e1ireach, Imagine Media (TG4)<br \/>\nFrancis Bacon, The Outsider, Mount Venus Productions (RT\u00c9)<br \/>\nIreland&#8217;s Dirty Laundry, New Decade TV (RT\u00c9 &#038; ARTE)<br \/>\nMaeve Binchy: The Magic of the Ordinary (RT\u00c9)<br \/>\nA Note for Nature, Crossing the Line Films (RT\u00c9)<br \/>\n&nbsp;<br \/>\n9 &#8211; THE NOMINEES | CHILDREN\u2019S PROGRAMME | with thanks to IMRO<br \/>\nBlast from the Past, Firebrand Productions (RT\u00c9)<br \/>\nDizzy Deliveries, Macalla Teoranta (RT\u00c9)<br \/>\nIreland&#8217;s Future is Mine, Tamber Media &#038; Reverist (RT\u00c9)<br \/>\nThe Imagination Machine, Firebrand Productions (RT\u00c9)<br \/>\nStorybud, Kite Entertainment (RT\u00c9)<br \/>\n&nbsp;<br \/>\n10 \u2013 THE NOMINEES | FACTUAL ENTERTAINMENT | with thanks to Screenscene<br \/>\nBagatelle &#8211; \u00d3m\u00f3s do Liam Reilly, Four Quadrant Films (TG4)<br \/>\nGeneration Dating, Coco Content (Virgin Media)<br \/>\nGogglebox Ireland, Kite Entertainment (Virgin Media)<br \/>\nLucy Investigates, ADARE Productions   (Virgin Media One)<br \/>\nSecrets from the Showroom (RT\u00c9)<br \/>\n&nbsp;<br \/>\nWinners will be announced on the evening of Tuesday March 28th at a celebratory event in The Galmont Hotel, Galway City. A limited number of tickets for the event are available to purchase at  <a href=\"https:\/\/rts.org.uk\/civicrm\/event\/register?reset=1&#038;id=815\" rel=\"noopener\" target=\"_blank\">https:\/\/rts.org.uk\/civicrm\/event\/register?reset=1&#038;id=815<\/a><br \/>\n&nbsp;<br \/>\nThis will be a night to celebrate excellence in Irish Television over the last year. The event will be hosted by presenters Caitl\u00edn Nic Aoidh and Cormac \u00d3 hEadhra. Special guests include Bl\u00e1th na h\u00d3ige and Mick Flannery &#038; Susan O\u2019 Neill.<br \/>\n&nbsp;<br \/>\nSpeaking at the announcement of this year\u2019s nominees, RTS Ireland Awards Chairperson L\u00eds N\u00ed Dh\u00e1laigh  said: <em>\u201cTG4 is delighted to host the RTS awards this year, and we look forward to welcoming producers and programme teams to Galway, a thriving hub for the screen industry in Ireland. The awards are supported by Irish broadcasters TG4, Virgin Media, Sky and RT\u00c9. The awards are kindly sponsored by Screen Ireland, BAI and Screen Producers Ireland. Category sponsors include Nemeton TV, Egg Post Production, Screenscene, Ard\u00e1n, IMRO, Piranah Bar, Camerakit Ireland, Windmill Lane and TVM.\u201d<\/em><br \/>\n&nbsp;<br \/>\nAgnes Cogan, RTS Republic of Ireland Chair said that <em>\u201cthe RTS was set up as an educational charity, to promote and enhance the learning and skills development associated with Television, educating people across all ages, cultures and capabilities: To engage the broader public in a wider understanding, relevance and enjoyment of Television: To promote and encourage the achievement of high standards of creativity and technology and the advancement of its associated art and culture. In pursuit of these aims, RTS ROI set up Gradaim RTS \u2013 this is just the third year of these awards, and it has already established itself as a significant part of the TV and Media calendar.\u201d<\/em><br \/>\n&nbsp;<br \/>\n<strong>About the RTS Ireland Awards:<\/strong><br \/>\nOriginally founded in London as the Television Society in 1927, the Irish centre was launched in 1995. Gradaim RTS \/ RTS Ireland Television Awards seek to recognise Irish productions and international co-productions which are considered by peer jury members to have made a positive contribution worthy of acclaim by the industry and Irish viewers. RTS Awards are one of the international gold standard awards for the TV industry and an important showcase of the extraordinary talent evident across the country\u2019s television industry.<br \/>\n&nbsp;<br \/>\nFor more information please visit:   <a href=\"https:\/\/rts.org.uk\/region\/republic-ireland\" rel=\"noopener\" target=\"_blank\">https:\/\/rts.org.uk\/region\/republic-ireland<\/a><br \/>\n&nbsp;<br \/>\n&nbsp;<\/p>\n","protected":false},"excerpt":{"rendered":"<p>&nbsp; Nominees revealed today in 10 categories for this year\u2019s RTS Ireland Television Awards Caitl\u00edn Nic Aoidh and Cormac \u00d3 hEadhra with special guests will announce winners at a gala event in the Galmont Hotel, Galway &#8211; March 28th 2023 Limited tickets for the event are on sale from today at: https:\/\/rts.org.uk\/civicrm\/event\/register?reset=1&#038;id=815 &nbsp; TG4 has [&hellip;]<\/p>\n","protected":false},"author":4,"featured_media":0,"parent":180925,"menu_order":5,"comment_status":"closed","ping_status":"closed","template":"page-templates\/template-pr.php","meta":{"_acf_changed":false,"footnotes":""},"acf":[],"yoast_head":"<!-- This site is optimized with the Yoast SEO plugin v22.6 - https:\/\/yoast.com\/wordpress\/plugins\/seo\/ -->\n<title>Nominees announced for prestigious RTS Ireland Television Awards 2023 | Press Release | TG4<\/title>\n<meta name=\"description\" content=\"RTS Ireland has announced nominations in 10 categories for this year\u2019s RTS Ireland Television Awards. Juries considered over 130 entries from across the industry.\" \/>\n<meta name=\"robots\" content=\"index, follow, max-snippet:-1, max-image-preview:large, max-video-preview:-1\" \/>\n<meta property=\"og:locale\" content=\"en_US\" \/>\n<meta property=\"og:type\" content=\"article\" \/>\n<meta property=\"og:title\" content=\"Nominees announced for prestigious RTS Ireland Television Awards 2023 | Press Release | TG4\" \/>\n<meta property=\"og:description\" content=\"RTS Ireland has announced nominations in 10 categories for this year\u2019s RTS Ireland Television Awards. Juries considered over 130 entries from across the industry.\" \/>\n<meta property=\"og:url\" content=\"https:\/\/dev.tg4.ie\/en\/information\/press\/press-releases\/2023-2\/9-nominations-rts\/\" \/>\n<meta property=\"og:site_name\" content=\"TG4\" \/>\n<meta property=\"article:publisher\" content=\"https:\/\/www.facebook.com\/TG4TV\" \/>\n<meta property=\"article:modified_time\" content=\"2023-03-07T09:39:21+00:00\" \/>\n<meta property=\"og:image\" content=\"https:\/\/tg4-docs.s3.amazonaws.com\/wp-content\/uploads\/2023\/03\/04140144\/RTSOcaid.jpg\" \/>\n\t<meta property=\"og:image:width\" content=\"1920\" \/>\n\t<meta property=\"og:image:height\" content=\"1080\" \/>\n\t<meta property=\"og:image:type\" content=\"image\/jpeg\" \/>\n<meta name=\"twitter:card\" content=\"summary_large_image\" \/>\n<meta name=\"twitter:image\" content=\"https:\/\/tg4-docs.s3.amazonaws.com\/wp-content\/uploads\/2023\/03\/04140144\/RTSOcaid.jpg\" \/>\n<meta name=\"twitter:site\" content=\"@TG4TV\" \/>\n<meta name=\"twitter:label1\" content=\"Est. reading time\" \/>\n\t<meta name=\"twitter:data1\" content=\"5 minutes\" \/>\n<script type=\"application\/ld+json\" class=\"yoast-schema-graph\">{\"@context\":\"https:\/\/schema.org\",\"@graph\":[{\"@type\":\"WebPage\",\"@id\":\"https:\/\/dev.tg4.ie\/en\/information\/press\/press-releases\/2023-2\/9-nominations-rts\/\",\"url\":\"https:\/\/dev.tg4.ie\/en\/information\/press\/press-releases\/2023-2\/9-nominations-rts\/\",\"name\":\"Nominees announced for prestigious RTS Ireland Television Awards 2023 | Press Release | TG4\",\"isPartOf\":{\"@id\":\"https:\/\/dev.tg4.ie\/en\/#website\"},\"primaryImageOfPage\":{\"@id\":\"https:\/\/dev.tg4.ie\/en\/information\/press\/press-releases\/2023-2\/9-nominations-rts\/#primaryimage\"},\"image\":{\"@id\":\"https:\/\/dev.tg4.ie\/en\/information\/press\/press-releases\/2023-2\/9-nominations-rts\/#primaryimage\"},\"thumbnailUrl\":\"https:\/\/dev.tg4.ie\/wp-content\/uploads\/2023\/03\/RTSOcaid.jpg\",\"datePublished\":\"2023-03-06T07:30:27+00:00\",\"dateModified\":\"2023-03-07T09:39:21+00:00\",\"description\":\"RTS Ireland has announced nominations in 10 categories for this year\u2019s RTS Ireland Television Awards. Juries considered over 130 entries from across the industry.\",\"breadcrumb\":{\"@id\":\"https:\/\/dev.tg4.ie\/en\/information\/press\/press-releases\/2023-2\/9-nominations-rts\/#breadcrumb\"},\"inLanguage\":\"en-ie\",\"potentialAction\":[{\"@type\":\"ReadAction\",\"target\":[\"https:\/\/dev.tg4.ie\/en\/information\/press\/press-releases\/2023-2\/9-nominations-rts\/\"]}]},{\"@type\":\"ImageObject\",\"inLanguage\":\"en-ie\",\"@id\":\"https:\/\/dev.tg4.ie\/en\/information\/press\/press-releases\/2023-2\/9-nominations-rts\/#primaryimage\",\"url\":\"https:\/\/dev.tg4.ie\/wp-content\/uploads\/2023\/03\/RTSOcaid.jpg\",\"contentUrl\":\"https:\/\/dev.tg4.ie\/wp-content\/uploads\/2023\/03\/RTSOcaid.jpg\"},{\"@type\":\"BreadcrumbList\",\"@id\":\"https:\/\/dev.tg4.ie\/en\/information\/press\/press-releases\/2023-2\/9-nominations-rts\/#breadcrumb\",\"itemListElement\":[{\"@type\":\"ListItem\",\"position\":1,\"name\":\"Home\",\"item\":\"https:\/\/dev.tg4.ie\/en\/\"},{\"@type\":\"ListItem\",\"position\":2,\"name\":\"Information\",\"item\":\"https:\/\/dev.tg4.ie\/en\/information\/\"},{\"@type\":\"ListItem\",\"position\":3,\"name\":\"Press\",\"item\":\"https:\/\/dev.tg4.ie\/en\/information\/press\/\"},{\"@type\":\"ListItem\",\"position\":4,\"name\":\"Press Releases\",\"item\":\"https:\/\/dev.tg4.ie\/en\/information\/press\/press-releases\/\"},{\"@type\":\"ListItem\",\"position\":5,\"name\":\"2023\",\"item\":\"https:\/\/dev.tg4.ie\/en\/information\/press\/press-releases\/2023-2\/\"},{\"@type\":\"ListItem\",\"position\":6,\"name\":\"Nine nominations for TG4 in this year&#8217;s RTS Ireland Television Awards\"}]},{\"@type\":\"WebSite\",\"@id\":\"https:\/\/dev.tg4.ie\/en\/#website\",\"url\":\"https:\/\/dev.tg4.ie\/en\/\",\"name\":\"TG4\",\"description\":\"S\u00fail Eile\",\"potentialAction\":[{\"@type\":\"SearchAction\",\"target\":{\"@type\":\"EntryPoint\",\"urlTemplate\":\"https:\/\/dev.tg4.ie\/en\/?s={search_term_string}\"},\"query-input\":\"required name=search_term_string\"}],\"inLanguage\":\"en-ie\"}]}<\/script>\n<!-- \/ Yoast SEO plugin. -->","yoast_head_json":{"title":"Nominees announced for prestigious RTS Ireland Television Awards 2023 | Press Release | TG4","description":"RTS Ireland has announced nominations in 10 categories for this year\u2019s RTS Ireland Television Awards. Juries considered over 130 entries from across the industry.","robots":{"index":"index","follow":"follow","max-snippet":"max-snippet:-1","max-image-preview":"max-image-preview:large","max-video-preview":"max-video-preview:-1"},"og_locale":"en_US","og_type":"article","og_title":"Nominees announced for prestigious RTS Ireland Television Awards 2023 | Press Release | TG4","og_description":"RTS Ireland has announced nominations in 10 categories for this year\u2019s RTS Ireland Television Awards. Juries considered over 130 entries from across the industry.","og_url":"https:\/\/dev.tg4.ie\/en\/information\/press\/press-releases\/2023-2\/9-nominations-rts\/","og_site_name":"TG4","article_publisher":"https:\/\/www.facebook.com\/TG4TV","article_modified_time":"2023-03-07T09:39:21+00:00","og_image":[{"width":1920,"height":1080,"url":"https:\/\/tg4-docs.s3.amazonaws.com\/wp-content\/uploads\/2023\/03\/04140144\/RTSOcaid.jpg","type":"image\/jpeg"}],"twitter_card":"summary_large_image","twitter_image":"https:\/\/tg4-docs.s3.amazonaws.com\/wp-content\/uploads\/2023\/03\/04140144\/RTSOcaid.jpg","twitter_site":"@TG4TV","twitter_misc":{"Est. reading time":"5 minutes"},"schema":{"@context":"https:\/\/schema.org","@graph":[{"@type":"WebPage","@id":"https:\/\/dev.tg4.ie\/en\/information\/press\/press-releases\/2023-2\/9-nominations-rts\/","url":"https:\/\/dev.tg4.ie\/en\/information\/press\/press-releases\/2023-2\/9-nominations-rts\/","name":"Nominees announced for prestigious RTS Ireland Television Awards 2023 | Press Release | TG4","isPartOf":{"@id":"https:\/\/dev.tg4.ie\/en\/#website"},"primaryImageOfPage":{"@id":"https:\/\/dev.tg4.ie\/en\/information\/press\/press-releases\/2023-2\/9-nominations-rts\/#primaryimage"},"image":{"@id":"https:\/\/dev.tg4.ie\/en\/information\/press\/press-releases\/2023-2\/9-nominations-rts\/#primaryimage"},"thumbnailUrl":"https:\/\/dev.tg4.ie\/wp-content\/uploads\/2023\/03\/RTSOcaid.jpg","datePublished":"2023-03-06T07:30:27+00:00","dateModified":"2023-03-07T09:39:21+00:00","description":"RTS Ireland has announced nominations in 10 categories for this year\u2019s RTS Ireland Television Awards. Juries considered over 130 entries from across the industry.","breadcrumb":{"@id":"https:\/\/dev.tg4.ie\/en\/information\/press\/press-releases\/2023-2\/9-nominations-rts\/#breadcrumb"},"inLanguage":"en-ie","potentialAction":[{"@type":"ReadAction","target":["https:\/\/dev.tg4.ie\/en\/information\/press\/press-releases\/2023-2\/9-nominations-rts\/"]}]},{"@type":"ImageObject","inLanguage":"en-ie","@id":"https:\/\/dev.tg4.ie\/en\/information\/press\/press-releases\/2023-2\/9-nominations-rts\/#primaryimage","url":"https:\/\/dev.tg4.ie\/wp-content\/uploads\/2023\/03\/RTSOcaid.jpg","contentUrl":"https:\/\/dev.tg4.ie\/wp-content\/uploads\/2023\/03\/RTSOcaid.jpg"},{"@type":"BreadcrumbList","@id":"https:\/\/dev.tg4.ie\/en\/information\/press\/press-releases\/2023-2\/9-nominations-rts\/#breadcrumb","itemListElement":[{"@type":"ListItem","position":1,"name":"Home","item":"https:\/\/dev.tg4.ie\/en\/"},{"@type":"ListItem","position":2,"name":"Information","item":"https:\/\/dev.tg4.ie\/en\/information\/"},{"@type":"ListItem","position":3,"name":"Press","item":"https:\/\/dev.tg4.ie\/en\/information\/press\/"},{"@type":"ListItem","position":4,"name":"Press Releases","item":"https:\/\/dev.tg4.ie\/en\/information\/press\/press-releases\/"},{"@type":"ListItem","position":5,"name":"2023","item":"https:\/\/dev.tg4.ie\/en\/information\/press\/press-releases\/2023-2\/"},{"@type":"ListItem","position":6,"name":"Nine nominations for TG4 in this year&#8217;s RTS Ireland Television Awards"}]},{"@type":"WebSite","@id":"https:\/\/dev.tg4.ie\/en\/#website","url":"https:\/\/dev.tg4.ie\/en\/","name":"TG4","description":"S\u00fail Eile","potentialAction":[{"@type":"SearchAction","target":{"@type":"EntryPoint","urlTemplate":"https:\/\/dev.tg4.ie\/en\/?s={search_term_string}"},"query-input":"required name=search_term_string"}],"inLanguage":"en-ie"}]}},"_links":{"self":[{"href":"https:\/\/dev.tg4.ie\/en\/wp-json\/wp\/v2\/pages\/185181"}],"collection":[{"href":"https:\/\/dev.tg4.ie\/en\/wp-json\/wp\/v2\/pages"}],"about":[{"href":"https:\/\/dev.tg4.ie\/en\/wp-json\/wp\/v2\/types\/page"}],"author":[{"embeddable":true,"href":"https:\/\/dev.tg4.ie\/en\/wp-json\/wp\/v2\/users\/4"}],"replies":[{"embeddable":true,"href":"https:\/\/dev.tg4.ie\/en\/wp-json\/wp\/v2\/comments?post=185181"}],"version-history":[{"count":0,"href":"https:\/\/dev.tg4.ie\/en\/wp-json\/wp\/v2\/pages\/185181\/revisions"}],"up":[{"embeddable":true,"href":"https:\/\/dev.tg4.ie\/en\/wp-json\/wp\/v2\/pages\/180925"}],"wp:attachment":[{"href":"https:\/\/dev.tg4.ie\/en\/wp-json\/wp\/v2\/media?parent=185181"}],"curies":[{"name":"wp","href":"https:\/\/api.w.org\/{rel}","templated":true}]}}