{"id":185730,"date":"2023-03-07T11:00:41","date_gmt":"2023-03-07T11:00:41","guid":{"rendered":"https:\/\/dev.tg4.ie\/?page_id=185730"},"modified":"2023-03-07T11:00:41","modified_gmt":"2023-03-07T11:00:41","slug":"seven-nominations-for-tg4-films-at-the-2023-ifta-awards","status":"publish","type":"page","link":"https:\/\/dev.tg4.ie\/en\/information\/press\/press-releases\/2023-2\/seven-nominations-for-tg4-films-at-the-2023-ifta-awards\/","title":{"rendered":"Seven Nominations for TG4 films at the 2023 IFTA Awards"},"content":{"rendered":"<p><img decoding=\"async\" src=\"https:\/\/tg4-docs.s3.amazonaws.com\/tg4-redesign-2015\/wp-content\/uploads\/2022\/03\/Roise_Frank_1-1920x1080-1.jpg\" alt=\"\" width=\"50%\" \/><img decoding=\"async\" src=\"https:\/\/tg4-docs.s3.amazonaws.com\/wp-content\/uploads\/2022\/06\/28171037\/Tarrac_1_1920x1080.jpg\" alt=\"\" width=\"50%\" \/><br \/>\n&nbsp;<br \/>\nTwo films funded by TG4 have received seven nominations for this year\u2019s IFTA awards. The nominations were announced this morning. <strong>R\u00f3ise &#038; Frank<\/strong> has received six nominations and <strong>Tarrac<\/strong> has received one nomination.<br \/>\n&nbsp;<br \/>\n<strong>R\u00f3ise &#038; Frank<\/strong> is a family film and has been a hit at festivals since its release early last year.  Awards for the film to date include, a Dublin Film Critic Circle Award, Best Ensemble at the Dublin International Film Festival and Audience awards at both the Santa Barbara and Sonoma International festivals and the Directors&#8217; Choice Award for Best International Feature at Sedona International Film Festival. <strong>R\u00f3ise &#038; Frank<\/strong> was written and directed by Rachael Moriarty and Peter Murphy, produced by Macalla. It\u2019s been two years since R\u00f3ise lost her husband Frank. Isolated by grief, she has cut herself off from family and the village community. The arrival of a mysterious dog, who seems intent on connecting with her, heralds a huge change, but is it for the better? The dog loves hurling and steaks, has a favourite armchair in R\u00f3sie\u2019s house, and an aversion to her neighbour, Donncha.  Writers: Peter Murphy &#038; Rachael Moriarty. Producer: C\u00fa\u00e1n Mac Conghail. Cast: Br\u00edd N\u00ed Neachtain, Cillian \u00d3 Gairbh\u00ed, Lorcan Cranitch, Ruadh\u00e1n de Faoite, Michelle Beamish, Claire O\u2019Connor, Peadar Cox &#038; Deagl\u00e1n de Paor. <\/p>\n<p>This film has received nominations in the following categories: <\/p>\n<p><strong>Best Film: R\u00f3ise &#038; Frank<\/p>\n<p>Director &#8211; Film: Rachael Moriarty &#038; Peter Murphy<\/p>\n<p>Script &#8211; Film: Rachael Moriarty &#038; Peter Murphy<\/p>\n<p>Lead Actress Film: Br\u00edd N\u00ed Neacht\u00e1in<\/p>\n<p>Production Design: P\u00e1draig O\u2019Neill<\/p>\n<p>Original Music: Colm Mac Con Iomaire<\/strong><br \/>\n&nbsp;<br \/>\nTarrac is an intimate character drama set in the Kerry Gaeltacht. Aoife N\u00ed Bhraoin returns home to help her father, Breand\u00e1n \u2018The Bear\u2019 \u00d3 Braoin, recover after he had a heart attack. Day to day they get along just fine. As we dig a little deeper we find that there is so much that has been left unsaid about the loss of Aoife\u2019s mother. Tarrac was awarded Best Cinematography In An Irish Film at Galway Film Fleadh 2022. Directed by Declan Recks, written by Eugene O\u2019Brien and produced by Cl\u00edona N\u00ed Bhuachalla. Cast includes Kelly Gough, Lorcan Cranitch, Kate Nic Chonaonaigh, Kate Finegan, Rachel Feeney &#038; Cillian \u00d3 Gairbh\u00ed.<br \/>\n&nbsp;<br \/>\n<strong>Kelly Gough<\/strong> has received a nomination in <strong>Lead Actress in Film<\/strong>.<br \/>\n&nbsp;<br \/>\n<strong>R\u00f3ise &#038; Frank<\/strong> and <strong>Tarrac<\/strong> are part of the Cine4 Irish language film scheme supported by Screen Ireland, the Broadcasting Authority of Ireland (BAI) and TG4.<br \/>\n&nbsp;<br \/>\n<strong>Director General of TG4 Alan Esslemont<\/strong> congratulated all the nominees saying, <em>&#8220;Comhghairdeas to the teams behind R\u00f3ise &#038; Frank and Tarrac for their nominations at this year\u2019s IFTA awards. Following on from the success of An Cail\u00edn Ci\u00fain at last year\u2019s IFTAs it is of great pride for us to see TG4 and CINE4 at the heart of the film sector yet again at home and overseas. In 2022, high-quality Irish language films were shown in cinemas across Ireland and at International Film festivals. This week in particular is a very exciting week for Irish language film with all eyes on An Cail\u00edn Ci\u00fain at the Oscars.&#8221;<\/em><br \/>\n&nbsp;<br \/>\n&nbsp;<br \/>\n&nbsp;<\/p>\n","protected":false},"excerpt":{"rendered":"<p>&nbsp; Two films funded by TG4 have received seven nominations for this year\u2019s IFTA awards. The nominations were announced this morning. R\u00f3ise &#038; Frank has received six nominations and Tarrac has received one nomination. &nbsp; R\u00f3ise &#038; Frank is a family film and has been a hit at festivals since its release early last year. [&hellip;]<\/p>\n","protected":false},"author":876,"featured_media":0,"parent":180925,"menu_order":7,"comment_status":"closed","ping_status":"closed","template":"page-templates\/template-pr.php","meta":{"_acf_changed":false,"footnotes":""},"acf":[],"yoast_head":"<!-- This site is optimized with the Yoast SEO plugin v22.6 - https:\/\/yoast.com\/wordpress\/plugins\/seo\/ -->\n<title>Seven Nominations for TG4 films at the 2023 IFTA Awards | Press Release | TG4<\/title>\n<meta name=\"description\" content=\"Two films funded by TG4 have received seven nominations for this year\u2019s IFTA awards. The nominations were announced this morning. R\u00f3ise &amp; Frank has received six nominations and Tarrac has received one nomination.\" \/>\n<meta name=\"robots\" content=\"index, follow, max-snippet:-1, max-image-preview:large, max-video-preview:-1\" \/>\n<meta property=\"og:locale\" content=\"en_US\" \/>\n<meta property=\"og:type\" content=\"article\" \/>\n<meta property=\"og:title\" content=\"Seven Nominations for TG4 films at the 2023 IFTA Awards | Press Release | TG4\" \/>\n<meta property=\"og:description\" content=\"Two films funded by TG4 have received seven nominations for this year\u2019s IFTA awards. The nominations were announced this morning. R\u00f3ise &amp; Frank has received six nominations and Tarrac has received one nomination.\" \/>\n<meta property=\"og:url\" content=\"https:\/\/dev.tg4.ie\/en\/information\/press\/press-releases\/2023-2\/seven-nominations-for-tg4-films-at-the-2023-ifta-awards\/\" \/>\n<meta property=\"og:site_name\" content=\"TG4\" \/>\n<meta property=\"article:publisher\" content=\"https:\/\/www.facebook.com\/TG4TV\" \/>\n<meta property=\"og:image\" content=\"https:\/\/tg4-docs.s3.amazonaws.com\/tg4-redesign-2015\/wp-content\/uploads\/2022\/03\/Roise_Frank_1-1920x1080-1-700x394.jpg\" \/>\n<meta name=\"twitter:card\" content=\"summary_large_image\" \/>\n<meta name=\"twitter:image\" content=\"https:\/\/tg4-docs.s3.amazonaws.com\/tg4-redesign-2015\/wp-content\/uploads\/2022\/03\/Roise_Frank_1-1920x1080-1-700x394.jpg\" \/>\n<meta name=\"twitter:site\" content=\"@TG4TV\" \/>\n<meta name=\"twitter:label1\" content=\"Est. reading time\" \/>\n\t<meta name=\"twitter:data1\" content=\"3 minutes\" \/>\n<script type=\"application\/ld+json\" class=\"yoast-schema-graph\">{\"@context\":\"https:\/\/schema.org\",\"@graph\":[{\"@type\":\"WebPage\",\"@id\":\"https:\/\/dev.tg4.ie\/en\/information\/press\/press-releases\/2023-2\/seven-nominations-for-tg4-films-at-the-2023-ifta-awards\/\",\"url\":\"https:\/\/dev.tg4.ie\/en\/information\/press\/press-releases\/2023-2\/seven-nominations-for-tg4-films-at-the-2023-ifta-awards\/\",\"name\":\"Seven Nominations for TG4 films at the 2023 IFTA Awards | Press Release | TG4\",\"isPartOf\":{\"@id\":\"https:\/\/dev.tg4.ie\/en\/#website\"},\"primaryImageOfPage\":{\"@id\":\"https:\/\/dev.tg4.ie\/en\/information\/press\/press-releases\/2023-2\/seven-nominations-for-tg4-films-at-the-2023-ifta-awards\/#primaryimage\"},\"image\":{\"@id\":\"https:\/\/dev.tg4.ie\/en\/information\/press\/press-releases\/2023-2\/seven-nominations-for-tg4-films-at-the-2023-ifta-awards\/#primaryimage\"},\"thumbnailUrl\":\"https:\/\/dev.tg4.ie\/wp-content\/uploads\/2022\/03\/Roise_Frank_1-1920x1080-1.jpg\",\"datePublished\":\"2023-03-07T11:00:41+00:00\",\"dateModified\":\"2023-03-07T11:00:41+00:00\",\"description\":\"Two films funded by TG4 have received seven nominations for this year\u2019s IFTA awards. The nominations were announced this morning. R\u00f3ise & Frank has received six nominations and Tarrac has received one nomination.\",\"breadcrumb\":{\"@id\":\"https:\/\/dev.tg4.ie\/en\/information\/press\/press-releases\/2023-2\/seven-nominations-for-tg4-films-at-the-2023-ifta-awards\/#breadcrumb\"},\"inLanguage\":\"en-ie\",\"potentialAction\":[{\"@type\":\"ReadAction\",\"target\":[\"https:\/\/dev.tg4.ie\/en\/information\/press\/press-releases\/2023-2\/seven-nominations-for-tg4-films-at-the-2023-ifta-awards\/\"]}]},{\"@type\":\"ImageObject\",\"inLanguage\":\"en-ie\",\"@id\":\"https:\/\/dev.tg4.ie\/en\/information\/press\/press-releases\/2023-2\/seven-nominations-for-tg4-films-at-the-2023-ifta-awards\/#primaryimage\",\"url\":\"https:\/\/dev.tg4.ie\/wp-content\/uploads\/2022\/03\/Roise_Frank_1-1920x1080-1.jpg\",\"contentUrl\":\"https:\/\/dev.tg4.ie\/wp-content\/uploads\/2022\/03\/Roise_Frank_1-1920x1080-1.jpg\"},{\"@type\":\"BreadcrumbList\",\"@id\":\"https:\/\/dev.tg4.ie\/en\/information\/press\/press-releases\/2023-2\/seven-nominations-for-tg4-films-at-the-2023-ifta-awards\/#breadcrumb\",\"itemListElement\":[{\"@type\":\"ListItem\",\"position\":1,\"name\":\"Home\",\"item\":\"https:\/\/dev.tg4.ie\/en\/\"},{\"@type\":\"ListItem\",\"position\":2,\"name\":\"Information\",\"item\":\"https:\/\/dev.tg4.ie\/en\/information\/\"},{\"@type\":\"ListItem\",\"position\":3,\"name\":\"Press\",\"item\":\"https:\/\/dev.tg4.ie\/en\/information\/press\/\"},{\"@type\":\"ListItem\",\"position\":4,\"name\":\"Press Releases\",\"item\":\"https:\/\/dev.tg4.ie\/en\/information\/press\/press-releases\/\"},{\"@type\":\"ListItem\",\"position\":5,\"name\":\"2023\",\"item\":\"https:\/\/dev.tg4.ie\/en\/information\/press\/press-releases\/2023-2\/\"},{\"@type\":\"ListItem\",\"position\":6,\"name\":\"Seven Nominations for TG4 films at the 2023 IFTA Awards\"}]},{\"@type\":\"WebSite\",\"@id\":\"https:\/\/dev.tg4.ie\/en\/#website\",\"url\":\"https:\/\/dev.tg4.ie\/en\/\",\"name\":\"TG4\",\"description\":\"S\u00fail Eile\",\"potentialAction\":[{\"@type\":\"SearchAction\",\"target\":{\"@type\":\"EntryPoint\",\"urlTemplate\":\"https:\/\/dev.tg4.ie\/en\/?s={search_term_string}\"},\"query-input\":\"required name=search_term_string\"}],\"inLanguage\":\"en-ie\"}]}<\/script>\n<!-- \/ Yoast SEO plugin. -->","yoast_head_json":{"title":"Seven Nominations for TG4 films at the 2023 IFTA Awards | Press Release | TG4","description":"Two films funded by TG4 have received seven nominations for this year\u2019s IFTA awards. The nominations were announced this morning. R\u00f3ise & Frank has received six nominations and Tarrac has received one nomination.","robots":{"index":"index","follow":"follow","max-snippet":"max-snippet:-1","max-image-preview":"max-image-preview:large","max-video-preview":"max-video-preview:-1"},"og_locale":"en_US","og_type":"article","og_title":"Seven Nominations for TG4 films at the 2023 IFTA Awards | Press Release | TG4","og_description":"Two films funded by TG4 have received seven nominations for this year\u2019s IFTA awards. The nominations were announced this morning. R\u00f3ise & Frank has received six nominations and Tarrac has received one nomination.","og_url":"https:\/\/dev.tg4.ie\/en\/information\/press\/press-releases\/2023-2\/seven-nominations-for-tg4-films-at-the-2023-ifta-awards\/","og_site_name":"TG4","article_publisher":"https:\/\/www.facebook.com\/TG4TV","og_image":[{"url":"https:\/\/tg4-docs.s3.amazonaws.com\/tg4-redesign-2015\/wp-content\/uploads\/2022\/03\/Roise_Frank_1-1920x1080-1-700x394.jpg"}],"twitter_card":"summary_large_image","twitter_image":"https:\/\/tg4-docs.s3.amazonaws.com\/tg4-redesign-2015\/wp-content\/uploads\/2022\/03\/Roise_Frank_1-1920x1080-1-700x394.jpg","twitter_site":"@TG4TV","twitter_misc":{"Est. reading time":"3 minutes"},"schema":{"@context":"https:\/\/schema.org","@graph":[{"@type":"WebPage","@id":"https:\/\/dev.tg4.ie\/en\/information\/press\/press-releases\/2023-2\/seven-nominations-for-tg4-films-at-the-2023-ifta-awards\/","url":"https:\/\/dev.tg4.ie\/en\/information\/press\/press-releases\/2023-2\/seven-nominations-for-tg4-films-at-the-2023-ifta-awards\/","name":"Seven Nominations for TG4 films at the 2023 IFTA Awards | Press Release | TG4","isPartOf":{"@id":"https:\/\/dev.tg4.ie\/en\/#website"},"primaryImageOfPage":{"@id":"https:\/\/dev.tg4.ie\/en\/information\/press\/press-releases\/2023-2\/seven-nominations-for-tg4-films-at-the-2023-ifta-awards\/#primaryimage"},"image":{"@id":"https:\/\/dev.tg4.ie\/en\/information\/press\/press-releases\/2023-2\/seven-nominations-for-tg4-films-at-the-2023-ifta-awards\/#primaryimage"},"thumbnailUrl":"https:\/\/dev.tg4.ie\/wp-content\/uploads\/2022\/03\/Roise_Frank_1-1920x1080-1.jpg","datePublished":"2023-03-07T11:00:41+00:00","dateModified":"2023-03-07T11:00:41+00:00","description":"Two films funded by TG4 have received seven nominations for this year\u2019s IFTA awards. The nominations were announced this morning. R\u00f3ise & Frank has received six nominations and Tarrac has received one nomination.","breadcrumb":{"@id":"https:\/\/dev.tg4.ie\/en\/information\/press\/press-releases\/2023-2\/seven-nominations-for-tg4-films-at-the-2023-ifta-awards\/#breadcrumb"},"inLanguage":"en-ie","potentialAction":[{"@type":"ReadAction","target":["https:\/\/dev.tg4.ie\/en\/information\/press\/press-releases\/2023-2\/seven-nominations-for-tg4-films-at-the-2023-ifta-awards\/"]}]},{"@type":"ImageObject","inLanguage":"en-ie","@id":"https:\/\/dev.tg4.ie\/en\/information\/press\/press-releases\/2023-2\/seven-nominations-for-tg4-films-at-the-2023-ifta-awards\/#primaryimage","url":"https:\/\/dev.tg4.ie\/wp-content\/uploads\/2022\/03\/Roise_Frank_1-1920x1080-1.jpg","contentUrl":"https:\/\/dev.tg4.ie\/wp-content\/uploads\/2022\/03\/Roise_Frank_1-1920x1080-1.jpg"},{"@type":"BreadcrumbList","@id":"https:\/\/dev.tg4.ie\/en\/information\/press\/press-releases\/2023-2\/seven-nominations-for-tg4-films-at-the-2023-ifta-awards\/#breadcrumb","itemListElement":[{"@type":"ListItem","position":1,"name":"Home","item":"https:\/\/dev.tg4.ie\/en\/"},{"@type":"ListItem","position":2,"name":"Information","item":"https:\/\/dev.tg4.ie\/en\/information\/"},{"@type":"ListItem","position":3,"name":"Press","item":"https:\/\/dev.tg4.ie\/en\/information\/press\/"},{"@type":"ListItem","position":4,"name":"Press Releases","item":"https:\/\/dev.tg4.ie\/en\/information\/press\/press-releases\/"},{"@type":"ListItem","position":5,"name":"2023","item":"https:\/\/dev.tg4.ie\/en\/information\/press\/press-releases\/2023-2\/"},{"@type":"ListItem","position":6,"name":"Seven Nominations for TG4 films at the 2023 IFTA Awards"}]},{"@type":"WebSite","@id":"https:\/\/dev.tg4.ie\/en\/#website","url":"https:\/\/dev.tg4.ie\/en\/","name":"TG4","description":"S\u00fail Eile","potentialAction":[{"@type":"SearchAction","target":{"@type":"EntryPoint","urlTemplate":"https:\/\/dev.tg4.ie\/en\/?s={search_term_string}"},"query-input":"required name=search_term_string"}],"inLanguage":"en-ie"}]}},"_links":{"self":[{"href":"https:\/\/dev.tg4.ie\/en\/wp-json\/wp\/v2\/pages\/185730"}],"collection":[{"href":"https:\/\/dev.tg4.ie\/en\/wp-json\/wp\/v2\/pages"}],"about":[{"href":"https:\/\/dev.tg4.ie\/en\/wp-json\/wp\/v2\/types\/page"}],"author":[{"embeddable":true,"href":"https:\/\/dev.tg4.ie\/en\/wp-json\/wp\/v2\/users\/876"}],"replies":[{"embeddable":true,"href":"https:\/\/dev.tg4.ie\/en\/wp-json\/wp\/v2\/comments?post=185730"}],"version-history":[{"count":0,"href":"https:\/\/dev.tg4.ie\/en\/wp-json\/wp\/v2\/pages\/185730\/revisions"}],"up":[{"embeddable":true,"href":"https:\/\/dev.tg4.ie\/en\/wp-json\/wp\/v2\/pages\/180925"}],"wp:attachment":[{"href":"https:\/\/dev.tg4.ie\/en\/wp-json\/wp\/v2\/media?parent=185730"}],"curies":[{"name":"wp","href":"https:\/\/api.w.org\/{rel}","templated":true}]}}