{"id":186223,"date":"2023-03-20T09:49:06","date_gmt":"2023-03-20T09:49:06","guid":{"rendered":"https:\/\/dev.tg4.ie\/?page_id=186223"},"modified":"2023-03-20T09:49:06","modified_gmt":"2023-03-20T09:49:06","slug":"six-nominations-for-tg4-programmes-in-the-celtic-media-festival-torc-awards-of-excellence","status":"publish","type":"page","link":"https:\/\/dev.tg4.ie\/en\/information\/press\/press-releases\/2023-2\/six-nominations-for-tg4-programmes-in-the-celtic-media-festival-torc-awards-of-excellence\/","title":{"rendered":"Six Nominations for TG4 Programmes in the Celtic Media Festival Torc Awards of Excellence"},"content":{"rendered":"<p><img loading=\"lazy\" decoding=\"async\" width=\"1920\" height=\"1080\" src=\"https:\/\/tg4-docs.s3.amazonaws.com\/tg4-redesign-2015\/wp-content\/uploads\/2022\/02\/AnCailinCiuin_TheQuietGirl_Cait_Catherine_Clinch_1-1920x1080-1.jpg\" alt=\"\" class=\"aligncenter size-full wp-image-140596\" srcset=\"https:\/\/tg4-docs.s3.amazonaws.com\/tg4-redesign-2015\/wp-content\/uploads\/2022\/02\/AnCailinCiuin_TheQuietGirl_Cait_Catherine_Clinch_1-1920x1080-1.jpg 1920w, https:\/\/tg4-docs.s3.amazonaws.com\/tg4-redesign-2015\/wp-content\/uploads\/2022\/02\/AnCailinCiuin_TheQuietGirl_Cait_Catherine_Clinch_1-1920x1080-1-250x141.jpg 250w, https:\/\/tg4-docs.s3.amazonaws.com\/tg4-redesign-2015\/wp-content\/uploads\/2022\/02\/AnCailinCiuin_TheQuietGirl_Cait_Catherine_Clinch_1-1920x1080-1-700x394.jpg 700w, https:\/\/tg4-docs.s3.amazonaws.com\/tg4-redesign-2015\/wp-content\/uploads\/2022\/02\/AnCailinCiuin_TheQuietGirl_Cait_Catherine_Clinch_1-1920x1080-1-252x141.jpg 252w, https:\/\/tg4-docs.s3.amazonaws.com\/tg4-redesign-2015\/wp-content\/uploads\/2022\/02\/AnCailinCiuin_TheQuietGirl_Cait_Catherine_Clinch_1-1920x1080-1-1536x864.jpg 1536w, https:\/\/tg4-docs.s3.amazonaws.com\/tg4-redesign-2015\/wp-content\/uploads\/2022\/02\/AnCailinCiuin_TheQuietGirl_Cait_Catherine_Clinch_1-1920x1080-1-120x68.jpg 120w\" sizes=\"(max-width: 1920px) 100vw, 1920px\" \/><br \/>\n&nbsp;<br \/>\nTG4 has received six nominations for the 2023 Celtic Media Festival Torc Awards for Excellence announced today.  This year&#8217;s festival will be the 44th Celtic Media Festival and it will take place in An Cloch\u00e1n Liath (Dungloe) in Donegal from the 6th &#8211; 8th of June 2023.<br \/>\n&nbsp;<br \/>\nTG4 received nominations across multiple genres. <strong>An Cail\u00edn Ci\u00fain<\/strong> received two nominations for this year\u2019s festival. These categories include Single Drama and Spirit of the Festival.<br \/>\n&nbsp;<br \/>\n<strong>An Cail\u00edn Ci\u00fain<\/strong> is the feature film debut of writer\/director, Colm Bair\u00e9ad and producer, Cleona N\u00ed Chrualaoi of Insc\u00e9al. The film has received numerous awards over the past year leading to an Oscar nomination earlier this week. An Cail\u00edn Ci\u00fain tells the story of C\u00e1it (played by newcomer Catherine Clinch), a nine-year-old girl from an overcrowded, dysfunctional family who is sent away to live with foster parents for the summer. Despite a warm reception from the woman, Eibhl\u00edn (Carrie Crowley), the man of the house, Se\u00e1n (Andrew Bennett), keeps his distance from C\u00e1it and she from him, but over time, their strained relationship begins to deepen. Slowly, in the care of the Kinsellas, C\u00e1it blossoms and discovers a new way of living. But in this house where there are meant to be no secrets, she discovers one painful truth. Based on Foster by Claire Keegan, An Cail\u00edn Ci\u00fain is a complex and delicate coming-of-age drama that explores questions of family, neglect and loss through the eyes of its young protagonist.<br \/>\n&nbsp;<br \/>\n<strong>Se\u00e1n \u00d3 Riada &#8211; Mo Sheanathair<\/strong> has been shortlisted in the Feature Documentary category. Fifty years after his death in 1971, Sean \u00d3 Riada&#8217;s granddaughter Doireann N\u00ed Ghlac\u00e1in resolves to find out more about this divisive and iconic figure. By charting her grandfather&#8217;s life and times, we uncover the true \u00d3 Riada, in a moving tribute to this giant of Irish cultural life. With performances from Iarla \u00d3 Lion\u00e1ird, Barry Douglas, Nell N\u00ed Chr\u00f3in\u00edn, C\u00f3r Ch\u00fail Aodha &#038; Peadar \u00d3 Riada and interviews with contemporaries and family. A seminal feature length documentary giving an intimate portrayal of \u00d3 Riada like never before. Produced by T\u00e1in Media.<br \/>\n&nbsp;<br \/>\n<strong>L\u00e1ithreachais C\u00fala4 &#8211; Caitheamh Aimsire<\/strong> has been nominated for a Torc Award in the Short Form category. This series is about young people from around the country who tell us about their favourite hobbies. Produced by Fib\u00edn.<br \/>\n&nbsp;<br \/>\nIn the Factual Entertainment category <strong>Sl\u00ed na mBeaglaoich<\/strong> has received a nomination.  Father and son, Breannd\u00e1n and Cormac \u00d3 Beagla\u00edoch take on an epic Irish musical journey together in their beloved campervan named \u2018Beauty\u2019. They travel along a stunning route through Cork all the way to Wicklow, immersing themselves in the rich musical and cultural tapestry of the South and Southeast of Ireland.  In this series, they take on a route through four of Ireland&#8217;s most stunning coastal counties, in search of great stories, tunes, songs and of course, meeting with some incredible characters along the way. Produced by Tyrone Productions.<br \/>\n&nbsp;<br \/>\n<strong>Laochra Gael-Terence McNaughton<\/strong> has been shortlisted in sports documentary category. The documentary tells the extraordinary story of Antrim hurler, Terence McNaughton. As a boy, McNaughton suffered abuse and exclusion because of his speech impediment. He found release on the playing field, but the life of a hurler was perilous in the North in the 1980s. Because of his fame as a player, he was targeted for assassination by the UDA. In spite of all of this, he became the heartbeat of the team that pulled off the biggest shock in the history of Gaelic Games, a team that will be remembered forever. Produced by Nemeton.<br \/>\n&nbsp;<br \/>\n<strong>Alan Esslemont Director General TG4 and Chair Celtic Media Festival<\/strong> said, <em>&#8220;TG4 is delighted to receive six nominations for the Celtic Media Festival Torc Awards. These nominations showcase TG4&#8217;s range of high-quality productions for our audiences. We look forward to this year&#8217;s festival in D\u00fan na nGall to celebrate the best of Celtic Media.&#8221;<\/em><br \/>\n&nbsp;<br \/>\n&nbsp;<br \/>\n&nbsp;<\/p>\n","protected":false},"excerpt":{"rendered":"<p>&nbsp; TG4 has received six nominations for the 2023 Celtic Media Festival Torc Awards for Excellence announced today. This year&#8217;s festival will be the 44th Celtic Media Festival and it will take place in An Cloch\u00e1n Liath (Dungloe) in Donegal from the 6th &#8211; 8th of June 2023. &nbsp; TG4 received nominations across multiple genres. [&hellip;]<\/p>\n","protected":false},"author":876,"featured_media":0,"parent":180925,"menu_order":8,"comment_status":"closed","ping_status":"closed","template":"page-templates\/template-pr.php","meta":{"_acf_changed":false,"footnotes":""},"acf":[],"yoast_head":"<!-- This site is optimized with the Yoast SEO plugin v22.6 - https:\/\/yoast.com\/wordpress\/plugins\/seo\/ -->\n<title>Six Nominations for TG4 Programmes in the Celtic Media Festival Torc Awards of Excellence | Press Release | TG4<\/title>\n<meta name=\"description\" content=\"TG4 has received six nominations for the 2023 Celtic Media Festival Torc Awards for Excellence. This year&#039;s festival will be the 44th Celtic Media Festival and it will take place in An Cloch\u00e1n Liath (Dungloe) in Donegal from the 6th-8th of June 2023.\" \/>\n<meta name=\"robots\" content=\"index, follow, max-snippet:-1, max-image-preview:large, max-video-preview:-1\" \/>\n<meta property=\"og:locale\" content=\"en_US\" \/>\n<meta property=\"og:type\" content=\"article\" \/>\n<meta property=\"og:title\" content=\"Six Nominations for TG4 Programmes in the Celtic Media Festival Torc Awards of Excellence | Press Release | TG4\" \/>\n<meta property=\"og:description\" content=\"TG4 has received six nominations for the 2023 Celtic Media Festival Torc Awards for Excellence. This year&#039;s festival will be the 44th Celtic Media Festival and it will take place in An Cloch\u00e1n Liath (Dungloe) in Donegal from the 6th-8th of June 2023.\" \/>\n<meta property=\"og:url\" content=\"https:\/\/dev.tg4.ie\/en\/information\/press\/press-releases\/2023-2\/six-nominations-for-tg4-programmes-in-the-celtic-media-festival-torc-awards-of-excellence\/\" \/>\n<meta property=\"og:site_name\" content=\"TG4\" \/>\n<meta property=\"article:publisher\" content=\"https:\/\/www.facebook.com\/TG4TV\" \/>\n<meta property=\"og:image\" content=\"https:\/\/tg4-docs.s3.amazonaws.com\/tg4-redesign-2015\/wp-content\/uploads\/2022\/02\/AnCailinCiuin_TheQuietGirl_Cait_Catherine_Clinch_1-1920x1080-1-700x394.jpg\" \/>\n<meta name=\"twitter:card\" content=\"summary_large_image\" \/>\n<meta name=\"twitter:image\" content=\"https:\/\/tg4-docs.s3.amazonaws.com\/tg4-redesign-2015\/wp-content\/uploads\/2022\/02\/AnCailinCiuin_TheQuietGirl_Cait_Catherine_Clinch_1-1920x1080-1-700x394.jpg\" \/>\n<meta name=\"twitter:site\" content=\"@TG4TV\" \/>\n<meta name=\"twitter:label1\" content=\"Est. reading time\" \/>\n\t<meta name=\"twitter:data1\" content=\"4 minutes\" \/>\n<script type=\"application\/ld+json\" class=\"yoast-schema-graph\">{\"@context\":\"https:\/\/schema.org\",\"@graph\":[{\"@type\":\"WebPage\",\"@id\":\"https:\/\/dev.tg4.ie\/en\/information\/press\/press-releases\/2023-2\/six-nominations-for-tg4-programmes-in-the-celtic-media-festival-torc-awards-of-excellence\/\",\"url\":\"https:\/\/dev.tg4.ie\/en\/information\/press\/press-releases\/2023-2\/six-nominations-for-tg4-programmes-in-the-celtic-media-festival-torc-awards-of-excellence\/\",\"name\":\"Six Nominations for TG4 Programmes in the Celtic Media Festival Torc Awards of Excellence | Press Release | TG4\",\"isPartOf\":{\"@id\":\"https:\/\/dev.tg4.ie\/en\/#website\"},\"primaryImageOfPage\":{\"@id\":\"https:\/\/dev.tg4.ie\/en\/information\/press\/press-releases\/2023-2\/six-nominations-for-tg4-programmes-in-the-celtic-media-festival-torc-awards-of-excellence\/#primaryimage\"},\"image\":{\"@id\":\"https:\/\/dev.tg4.ie\/en\/information\/press\/press-releases\/2023-2\/six-nominations-for-tg4-programmes-in-the-celtic-media-festival-torc-awards-of-excellence\/#primaryimage\"},\"thumbnailUrl\":\"https:\/\/dev.tg4.ie\/wp-content\/uploads\/2022\/02\/AnCailinCiuin_TheQuietGirl_Cait_Catherine_Clinch_1-1920x1080-1.jpg\",\"datePublished\":\"2023-03-20T09:49:06+00:00\",\"dateModified\":\"2023-03-20T09:49:06+00:00\",\"description\":\"TG4 has received six nominations for the 2023 Celtic Media Festival Torc Awards for Excellence. This year's festival will be the 44th Celtic Media Festival and it will take place in An Cloch\u00e1n Liath (Dungloe) in Donegal from the 6th-8th of June 2023.\",\"breadcrumb\":{\"@id\":\"https:\/\/dev.tg4.ie\/en\/information\/press\/press-releases\/2023-2\/six-nominations-for-tg4-programmes-in-the-celtic-media-festival-torc-awards-of-excellence\/#breadcrumb\"},\"inLanguage\":\"en-ie\",\"potentialAction\":[{\"@type\":\"ReadAction\",\"target\":[\"https:\/\/dev.tg4.ie\/en\/information\/press\/press-releases\/2023-2\/six-nominations-for-tg4-programmes-in-the-celtic-media-festival-torc-awards-of-excellence\/\"]}]},{\"@type\":\"ImageObject\",\"inLanguage\":\"en-ie\",\"@id\":\"https:\/\/dev.tg4.ie\/en\/information\/press\/press-releases\/2023-2\/six-nominations-for-tg4-programmes-in-the-celtic-media-festival-torc-awards-of-excellence\/#primaryimage\",\"url\":\"https:\/\/dev.tg4.ie\/wp-content\/uploads\/2022\/02\/AnCailinCiuin_TheQuietGirl_Cait_Catherine_Clinch_1-1920x1080-1.jpg\",\"contentUrl\":\"https:\/\/dev.tg4.ie\/wp-content\/uploads\/2022\/02\/AnCailinCiuin_TheQuietGirl_Cait_Catherine_Clinch_1-1920x1080-1.jpg\"},{\"@type\":\"BreadcrumbList\",\"@id\":\"https:\/\/dev.tg4.ie\/en\/information\/press\/press-releases\/2023-2\/six-nominations-for-tg4-programmes-in-the-celtic-media-festival-torc-awards-of-excellence\/#breadcrumb\",\"itemListElement\":[{\"@type\":\"ListItem\",\"position\":1,\"name\":\"Home\",\"item\":\"https:\/\/dev.tg4.ie\/en\/\"},{\"@type\":\"ListItem\",\"position\":2,\"name\":\"Information\",\"item\":\"https:\/\/dev.tg4.ie\/en\/information\/\"},{\"@type\":\"ListItem\",\"position\":3,\"name\":\"Press\",\"item\":\"https:\/\/dev.tg4.ie\/en\/information\/press\/\"},{\"@type\":\"ListItem\",\"position\":4,\"name\":\"Press Releases\",\"item\":\"https:\/\/dev.tg4.ie\/en\/information\/press\/press-releases\/\"},{\"@type\":\"ListItem\",\"position\":5,\"name\":\"2023\",\"item\":\"https:\/\/dev.tg4.ie\/en\/information\/press\/press-releases\/2023-2\/\"},{\"@type\":\"ListItem\",\"position\":6,\"name\":\"Six Nominations for TG4 Programmes in the Celtic Media Festival Torc Awards of Excellence\"}]},{\"@type\":\"WebSite\",\"@id\":\"https:\/\/dev.tg4.ie\/en\/#website\",\"url\":\"https:\/\/dev.tg4.ie\/en\/\",\"name\":\"TG4\",\"description\":\"S\u00fail Eile\",\"potentialAction\":[{\"@type\":\"SearchAction\",\"target\":{\"@type\":\"EntryPoint\",\"urlTemplate\":\"https:\/\/dev.tg4.ie\/en\/?s={search_term_string}\"},\"query-input\":\"required name=search_term_string\"}],\"inLanguage\":\"en-ie\"}]}<\/script>\n<!-- \/ Yoast SEO plugin. -->","yoast_head_json":{"title":"Six Nominations for TG4 Programmes in the Celtic Media Festival Torc Awards of Excellence | Press Release | TG4","description":"TG4 has received six nominations for the 2023 Celtic Media Festival Torc Awards for Excellence. This year's festival will be the 44th Celtic Media Festival and it will take place in An Cloch\u00e1n Liath (Dungloe) in Donegal from the 6th-8th of June 2023.","robots":{"index":"index","follow":"follow","max-snippet":"max-snippet:-1","max-image-preview":"max-image-preview:large","max-video-preview":"max-video-preview:-1"},"og_locale":"en_US","og_type":"article","og_title":"Six Nominations for TG4 Programmes in the Celtic Media Festival Torc Awards of Excellence | Press Release | TG4","og_description":"TG4 has received six nominations for the 2023 Celtic Media Festival Torc Awards for Excellence. This year's festival will be the 44th Celtic Media Festival and it will take place in An Cloch\u00e1n Liath (Dungloe) in Donegal from the 6th-8th of June 2023.","og_url":"https:\/\/dev.tg4.ie\/en\/information\/press\/press-releases\/2023-2\/six-nominations-for-tg4-programmes-in-the-celtic-media-festival-torc-awards-of-excellence\/","og_site_name":"TG4","article_publisher":"https:\/\/www.facebook.com\/TG4TV","og_image":[{"url":"https:\/\/tg4-docs.s3.amazonaws.com\/tg4-redesign-2015\/wp-content\/uploads\/2022\/02\/AnCailinCiuin_TheQuietGirl_Cait_Catherine_Clinch_1-1920x1080-1-700x394.jpg"}],"twitter_card":"summary_large_image","twitter_image":"https:\/\/tg4-docs.s3.amazonaws.com\/tg4-redesign-2015\/wp-content\/uploads\/2022\/02\/AnCailinCiuin_TheQuietGirl_Cait_Catherine_Clinch_1-1920x1080-1-700x394.jpg","twitter_site":"@TG4TV","twitter_misc":{"Est. reading time":"4 minutes"},"schema":{"@context":"https:\/\/schema.org","@graph":[{"@type":"WebPage","@id":"https:\/\/dev.tg4.ie\/en\/information\/press\/press-releases\/2023-2\/six-nominations-for-tg4-programmes-in-the-celtic-media-festival-torc-awards-of-excellence\/","url":"https:\/\/dev.tg4.ie\/en\/information\/press\/press-releases\/2023-2\/six-nominations-for-tg4-programmes-in-the-celtic-media-festival-torc-awards-of-excellence\/","name":"Six Nominations for TG4 Programmes in the Celtic Media Festival Torc Awards of Excellence | Press Release | TG4","isPartOf":{"@id":"https:\/\/dev.tg4.ie\/en\/#website"},"primaryImageOfPage":{"@id":"https:\/\/dev.tg4.ie\/en\/information\/press\/press-releases\/2023-2\/six-nominations-for-tg4-programmes-in-the-celtic-media-festival-torc-awards-of-excellence\/#primaryimage"},"image":{"@id":"https:\/\/dev.tg4.ie\/en\/information\/press\/press-releases\/2023-2\/six-nominations-for-tg4-programmes-in-the-celtic-media-festival-torc-awards-of-excellence\/#primaryimage"},"thumbnailUrl":"https:\/\/dev.tg4.ie\/wp-content\/uploads\/2022\/02\/AnCailinCiuin_TheQuietGirl_Cait_Catherine_Clinch_1-1920x1080-1.jpg","datePublished":"2023-03-20T09:49:06+00:00","dateModified":"2023-03-20T09:49:06+00:00","description":"TG4 has received six nominations for the 2023 Celtic Media Festival Torc Awards for Excellence. This year's festival will be the 44th Celtic Media Festival and it will take place in An Cloch\u00e1n Liath (Dungloe) in Donegal from the 6th-8th of June 2023.","breadcrumb":{"@id":"https:\/\/dev.tg4.ie\/en\/information\/press\/press-releases\/2023-2\/six-nominations-for-tg4-programmes-in-the-celtic-media-festival-torc-awards-of-excellence\/#breadcrumb"},"inLanguage":"en-ie","potentialAction":[{"@type":"ReadAction","target":["https:\/\/dev.tg4.ie\/en\/information\/press\/press-releases\/2023-2\/six-nominations-for-tg4-programmes-in-the-celtic-media-festival-torc-awards-of-excellence\/"]}]},{"@type":"ImageObject","inLanguage":"en-ie","@id":"https:\/\/dev.tg4.ie\/en\/information\/press\/press-releases\/2023-2\/six-nominations-for-tg4-programmes-in-the-celtic-media-festival-torc-awards-of-excellence\/#primaryimage","url":"https:\/\/dev.tg4.ie\/wp-content\/uploads\/2022\/02\/AnCailinCiuin_TheQuietGirl_Cait_Catherine_Clinch_1-1920x1080-1.jpg","contentUrl":"https:\/\/dev.tg4.ie\/wp-content\/uploads\/2022\/02\/AnCailinCiuin_TheQuietGirl_Cait_Catherine_Clinch_1-1920x1080-1.jpg"},{"@type":"BreadcrumbList","@id":"https:\/\/dev.tg4.ie\/en\/information\/press\/press-releases\/2023-2\/six-nominations-for-tg4-programmes-in-the-celtic-media-festival-torc-awards-of-excellence\/#breadcrumb","itemListElement":[{"@type":"ListItem","position":1,"name":"Home","item":"https:\/\/dev.tg4.ie\/en\/"},{"@type":"ListItem","position":2,"name":"Information","item":"https:\/\/dev.tg4.ie\/en\/information\/"},{"@type":"ListItem","position":3,"name":"Press","item":"https:\/\/dev.tg4.ie\/en\/information\/press\/"},{"@type":"ListItem","position":4,"name":"Press Releases","item":"https:\/\/dev.tg4.ie\/en\/information\/press\/press-releases\/"},{"@type":"ListItem","position":5,"name":"2023","item":"https:\/\/dev.tg4.ie\/en\/information\/press\/press-releases\/2023-2\/"},{"@type":"ListItem","position":6,"name":"Six Nominations for TG4 Programmes in the Celtic Media Festival Torc Awards of Excellence"}]},{"@type":"WebSite","@id":"https:\/\/dev.tg4.ie\/en\/#website","url":"https:\/\/dev.tg4.ie\/en\/","name":"TG4","description":"S\u00fail Eile","potentialAction":[{"@type":"SearchAction","target":{"@type":"EntryPoint","urlTemplate":"https:\/\/dev.tg4.ie\/en\/?s={search_term_string}"},"query-input":"required name=search_term_string"}],"inLanguage":"en-ie"}]}},"_links":{"self":[{"href":"https:\/\/dev.tg4.ie\/en\/wp-json\/wp\/v2\/pages\/186223"}],"collection":[{"href":"https:\/\/dev.tg4.ie\/en\/wp-json\/wp\/v2\/pages"}],"about":[{"href":"https:\/\/dev.tg4.ie\/en\/wp-json\/wp\/v2\/types\/page"}],"author":[{"embeddable":true,"href":"https:\/\/dev.tg4.ie\/en\/wp-json\/wp\/v2\/users\/876"}],"replies":[{"embeddable":true,"href":"https:\/\/dev.tg4.ie\/en\/wp-json\/wp\/v2\/comments?post=186223"}],"version-history":[{"count":0,"href":"https:\/\/dev.tg4.ie\/en\/wp-json\/wp\/v2\/pages\/186223\/revisions"}],"up":[{"embeddable":true,"href":"https:\/\/dev.tg4.ie\/en\/wp-json\/wp\/v2\/pages\/180925"}],"wp:attachment":[{"href":"https:\/\/dev.tg4.ie\/en\/wp-json\/wp\/v2\/media?parent=186223"}],"curies":[{"name":"wp","href":"https:\/\/api.w.org\/{rel}","templated":true}]}}