{"id":187031,"date":"2023-03-30T16:13:54","date_gmt":"2023-03-30T15:13:54","guid":{"rendered":"https:\/\/dev.tg4.ie\/?page_id=187031"},"modified":"2023-03-30T16:13:54","modified_gmt":"2023-03-30T15:13:54","slug":"gradam-comaoine-outstanding-contribution-tg4-2023-goes-to-scottish-musician-frank-mcardle","status":"publish","type":"page","link":"https:\/\/dev.tg4.ie\/en\/information\/press\/press-releases\/2023-2\/gradam-comaoine-outstanding-contribution-tg4-2023-goes-to-scottish-musician-frank-mcardle\/","title":{"rendered":"Gradam Comaoine (Outstanding Contribution) TG4 2023 goes to Scottish musician Frank McArdle"},"content":{"rendered":"<p><img loading=\"lazy\" decoding=\"async\" width=\"1920\" height=\"1080\" src=\"https:\/\/tg4-docs.s3.amazonaws.com\/wp-content\/uploads\/2023\/03\/30160058\/Frank_McArdle_1-1920x1080-1.jpg\" alt=\"\" class=\"aligncenter size-full wp-image-187029\" srcset=\"https:\/\/tg4-docs.s3.amazonaws.com\/wp-content\/uploads\/2023\/03\/30160058\/Frank_McArdle_1-1920x1080-1.jpg 1920w, https:\/\/tg4-docs.s3.amazonaws.com\/wp-content\/uploads\/2023\/03\/30160058\/Frank_McArdle_1-1920x1080-1-250x141.jpg 250w, https:\/\/tg4-docs.s3.amazonaws.com\/wp-content\/uploads\/2023\/03\/30160058\/Frank_McArdle_1-1920x1080-1-700x394.jpg 700w, https:\/\/tg4-docs.s3.amazonaws.com\/wp-content\/uploads\/2023\/03\/30160058\/Frank_McArdle_1-1920x1080-1-252x141.jpg 252w, https:\/\/tg4-docs.s3.amazonaws.com\/wp-content\/uploads\/2023\/03\/30160058\/Frank_McArdle_1-1920x1080-1-1536x864.jpg 1536w, https:\/\/tg4-docs.s3.amazonaws.com\/wp-content\/uploads\/2023\/03\/30160058\/Frank_McArdle_1-1920x1080-1-120x68.jpg 120w\" sizes=\"(max-width: 1920px) 100vw, 1920px\" \/><br \/>\n&nbsp;<br \/>\n<strong>TG4 Gradam Ceoil 2023<\/strong> is in its 26<sup>th<\/sup> year and the awards ceremony will air live on TG4 on Sunday the 23<sup>rd<\/sup> April at 9.30pm from University Concert Hall in Limerick. The concert can be viewed live on TG4 player at <a href=\"https:\/\/dev.tg4.ie\" rel=\"noopener\" target=\"_blank\">www.tg4.ie<\/a> worldwide. TG4 is the Irish language television channel based in Ireland.<br \/>\n&nbsp;<br \/>\nThe annual Gradam Ceoil Awards, also known as \u2018the Oscars of traditional music\u2019, celebrate and pay tribute to musicians who have advanced, strengthened, and preserved traditional music in Ireland and throughout the world.<br \/>\n&nbsp;<br \/>\nThis year Gradam Ceoil changed how one of the seven Gradam Ceoil recipients was chosen. <strong>An Gradam Comaoine \/ The Outstanding Contribution Award<\/strong> has been selected by a combination of public nomination and panel selection. After a call-out for nominees TG4 received hundreds of submissions from all over the world for this years\u2019 award.<br \/>\n&nbsp;<br \/>\n<strong>Gradam Comaoine TG4 2023 goes to Frank McArdle<\/strong>. Frank McArdle is a musician, educator and founder of the St Roch&#8217;s C\u00e9il\u00ed Band in Glasgow. Having grown up in the small town of Dalmellington in Ayrshire, he moved to Glasgow and worked as a maths teacher in St Roch\u2019s Secondary School where he founded a c\u00e9il\u00ed band for students \u2013 the St Roch\u2019s Ceil\u00ed Band \u2013 in 1978. Frank&#8217;s Irish heritage comes through his grandparents who hailed from Antrim, Sligo and Monaghan.<br \/>\n&nbsp;<br \/>\nAs a musician, McArdle plays the piano accordion, fiddle and guitar and was inspired by Irish traditional musicians such as fiddle player Sean McGuire, button accordionist Joe Burke and The Bothy Band. As a member of his local Comhaltas branch The Irish Minstrels, he began to introduce his pupils from the school c\u00e9il\u00ed band to the Comhaltas lessons, c\u00e9il\u00eds and fleadhanna. He later took on the running of the branch and moved its classes to St Roch\u2019s Secondary School where it is still based.<br \/>\n&nbsp;<br \/>\nThe Irish Minstrels Comhaltas branch now has over 150 pupils and provides free tuition in whistle, fiddle, flute, button accordion, piano accordion, concertina, banjo and uilleann pipes. McArdle is now Chairman of the branch and facilitates its lessons and entries to fleadhanna across Britain and in Ireland. The branch has 30 tutors, who learned their music at the classes and are happy to teach on a voluntary basis.<br \/>\n&nbsp;<br \/>\nIn 2022, the branch, which performs as the St Roch\u2019s C\u00e9il\u00ed Band, sent four c\u00e9il\u00ed bands and four gr\u00fapa\u00ed ceoil to the All Ireland Fleadh in Mullingar, Co. Westmeath.<br \/>\n&nbsp;<br \/>\nMcArdle is a passionate educator and musician who has taught hundreds of young traditional musicians and provided free tuition and performance opportunities for all ages and levels of ability.<br \/>\n&nbsp;<br \/>\n<em>An Gradam Comaoine<\/em> was first presented in 2006 to pay tribute to the dedication of those people who have worked tirelessly to ensure the preservation and dissemination of our traditional music, making certain that the next generation will always have access to the music of yesterday and today.<br \/>\n&nbsp;<br \/>\nAt the awards ceremony on the 23rd of April Frank will be joined by a fantastic grouping of St. Roch&#8217;s musicians to fly the flag for Scotland on the night.<br \/>\n&nbsp;<br \/>\nAward recipients will be joined by an outstanding array of musical talent for this night of celebration. Tickets for Gradam Ceoil TG4 2023 are available here <a href=\"https:\/\/uch.ticketsolve.com\/ticketbooth\/shows\/1173640326\/events\/428569979\" rel=\"noopener\" target=\"_blank\">Gradam Ceoil TG4 2023 Tickets<\/a><br \/>\n&nbsp;<br \/>\nThe full list of TG4 Gradam Ceoil 2023 recipients reads as follows: <\/p>\n<ul>\n<li>Gradam Comaoine\/Outstanding Contribution \u2013 Frank McArdle<\/li>\n<li>Ceolt\u00f3ir \/Musician \u2013 Mick O\u2019Brien <\/li>\n<li>Amhr\u00e1na\u00ed \/Singer \u2013 S\u00edle Denvir<\/li>\n<li>Ceolt\u00f3ir \u00d3g\/Young Musician \u2013 M\u00e9abh Smyth<\/li>\n<li>Gradam Saoil\/Lifetime Achievement \u2013 Fintan Vallelly<\/li>\n<li>Cumad\u00f3ir \/ Composer \u2013 Maurice Lennon<\/li>\n<li>Gr\u00fapa Ceoil\/Music Group- Mick, Louise, Michelle Mulcahy<\/li>\n<\/ul>\n<p>&nbsp;<br \/>\n&nbsp;<br \/>\n&nbsp;<\/p>\n","protected":false},"excerpt":{"rendered":"<p>&nbsp; TG4 Gradam Ceoil 2023 is in its 26th year and the awards ceremony will air live on TG4 on Sunday the 23rd April at 9.30pm from University Concert Hall in Limerick. The concert can be viewed live on TG4 player at www.tg4.ie worldwide. TG4 is the Irish language television channel based in Ireland. &nbsp; [&hellip;]<\/p>\n","protected":false},"author":876,"featured_media":0,"parent":180925,"menu_order":9,"comment_status":"closed","ping_status":"closed","template":"page-templates\/template-pr.php","meta":{"_acf_changed":false,"footnotes":""},"acf":[],"yoast_head":"<!-- This site is optimized with the Yoast SEO plugin v22.6 - https:\/\/yoast.com\/wordpress\/plugins\/seo\/ -->\n<title>Gradam Comaoine (Outstanding Contribution) TG4 2023 goes to Scottish musician Frank McArdle | Press Release | TG4<\/title>\n<meta name=\"description\" content=\"Gradam Comaoine TG4 2023 goes to Frank McArdle. Frank McArdle is a musician, educator and founder of the St Roch&#039;s C\u00e9il\u00ed Band in Glasgow.\" \/>\n<meta name=\"robots\" content=\"index, follow, max-snippet:-1, max-image-preview:large, max-video-preview:-1\" \/>\n<meta property=\"og:locale\" content=\"en_US\" \/>\n<meta property=\"og:type\" content=\"article\" \/>\n<meta property=\"og:title\" content=\"Gradam Comaoine (Outstanding Contribution) TG4 2023 goes to Scottish musician Frank McArdle | Press Release | TG4\" \/>\n<meta property=\"og:description\" content=\"Gradam Comaoine TG4 2023 goes to Frank McArdle. Frank McArdle is a musician, educator and founder of the St Roch&#039;s C\u00e9il\u00ed Band in Glasgow.\" \/>\n<meta property=\"og:url\" content=\"https:\/\/dev.tg4.ie\/en\/information\/press\/press-releases\/2023-2\/gradam-comaoine-outstanding-contribution-tg4-2023-goes-to-scottish-musician-frank-mcardle\/\" \/>\n<meta property=\"og:site_name\" content=\"TG4\" \/>\n<meta property=\"article:publisher\" content=\"https:\/\/www.facebook.com\/TG4TV\" \/>\n<meta property=\"og:image\" content=\"https:\/\/tg4-docs.s3.amazonaws.com\/wp-content\/uploads\/2023\/03\/30160058\/Frank_McArdle_1-1920x1080-1-700x394.jpg\" \/>\n<meta name=\"twitter:card\" content=\"summary_large_image\" \/>\n<meta name=\"twitter:image\" content=\"https:\/\/tg4-docs.s3.amazonaws.com\/wp-content\/uploads\/2023\/03\/30160058\/Frank_McArdle_1-1920x1080-1-700x394.jpg\" \/>\n<meta name=\"twitter:site\" content=\"@TG4TV\" \/>\n<meta name=\"twitter:label1\" content=\"Est. reading time\" \/>\n\t<meta name=\"twitter:data1\" content=\"3 minutes\" \/>\n<script type=\"application\/ld+json\" class=\"yoast-schema-graph\">{\"@context\":\"https:\/\/schema.org\",\"@graph\":[{\"@type\":\"WebPage\",\"@id\":\"https:\/\/dev.tg4.ie\/en\/information\/press\/press-releases\/2023-2\/gradam-comaoine-outstanding-contribution-tg4-2023-goes-to-scottish-musician-frank-mcardle\/\",\"url\":\"https:\/\/dev.tg4.ie\/en\/information\/press\/press-releases\/2023-2\/gradam-comaoine-outstanding-contribution-tg4-2023-goes-to-scottish-musician-frank-mcardle\/\",\"name\":\"Gradam Comaoine (Outstanding Contribution) TG4 2023 goes to Scottish musician Frank McArdle | Press Release | TG4\",\"isPartOf\":{\"@id\":\"https:\/\/dev.tg4.ie\/en\/#website\"},\"primaryImageOfPage\":{\"@id\":\"https:\/\/dev.tg4.ie\/en\/information\/press\/press-releases\/2023-2\/gradam-comaoine-outstanding-contribution-tg4-2023-goes-to-scottish-musician-frank-mcardle\/#primaryimage\"},\"image\":{\"@id\":\"https:\/\/dev.tg4.ie\/en\/information\/press\/press-releases\/2023-2\/gradam-comaoine-outstanding-contribution-tg4-2023-goes-to-scottish-musician-frank-mcardle\/#primaryimage\"},\"thumbnailUrl\":\"https:\/\/dev.tg4.ie\/wp-content\/uploads\/2023\/03\/Frank_McArdle_1-1920x1080-1.jpg\",\"datePublished\":\"2023-03-30T15:13:54+00:00\",\"dateModified\":\"2023-03-30T15:13:54+00:00\",\"description\":\"Gradam Comaoine TG4 2023 goes to Frank McArdle. Frank McArdle is a musician, educator and founder of the St Roch's C\u00e9il\u00ed Band in Glasgow.\",\"breadcrumb\":{\"@id\":\"https:\/\/dev.tg4.ie\/en\/information\/press\/press-releases\/2023-2\/gradam-comaoine-outstanding-contribution-tg4-2023-goes-to-scottish-musician-frank-mcardle\/#breadcrumb\"},\"inLanguage\":\"en-ie\",\"potentialAction\":[{\"@type\":\"ReadAction\",\"target\":[\"https:\/\/dev.tg4.ie\/en\/information\/press\/press-releases\/2023-2\/gradam-comaoine-outstanding-contribution-tg4-2023-goes-to-scottish-musician-frank-mcardle\/\"]}]},{\"@type\":\"ImageObject\",\"inLanguage\":\"en-ie\",\"@id\":\"https:\/\/dev.tg4.ie\/en\/information\/press\/press-releases\/2023-2\/gradam-comaoine-outstanding-contribution-tg4-2023-goes-to-scottish-musician-frank-mcardle\/#primaryimage\",\"url\":\"https:\/\/dev.tg4.ie\/wp-content\/uploads\/2023\/03\/Frank_McArdle_1-1920x1080-1.jpg\",\"contentUrl\":\"https:\/\/dev.tg4.ie\/wp-content\/uploads\/2023\/03\/Frank_McArdle_1-1920x1080-1.jpg\"},{\"@type\":\"BreadcrumbList\",\"@id\":\"https:\/\/dev.tg4.ie\/en\/information\/press\/press-releases\/2023-2\/gradam-comaoine-outstanding-contribution-tg4-2023-goes-to-scottish-musician-frank-mcardle\/#breadcrumb\",\"itemListElement\":[{\"@type\":\"ListItem\",\"position\":1,\"name\":\"Home\",\"item\":\"https:\/\/dev.tg4.ie\/en\/\"},{\"@type\":\"ListItem\",\"position\":2,\"name\":\"Information\",\"item\":\"https:\/\/dev.tg4.ie\/en\/information\/\"},{\"@type\":\"ListItem\",\"position\":3,\"name\":\"Press\",\"item\":\"https:\/\/dev.tg4.ie\/en\/information\/press\/\"},{\"@type\":\"ListItem\",\"position\":4,\"name\":\"Press Releases\",\"item\":\"https:\/\/dev.tg4.ie\/en\/information\/press\/press-releases\/\"},{\"@type\":\"ListItem\",\"position\":5,\"name\":\"2023\",\"item\":\"https:\/\/dev.tg4.ie\/en\/information\/press\/press-releases\/2023-2\/\"},{\"@type\":\"ListItem\",\"position\":6,\"name\":\"Gradam Comaoine (Outstanding Contribution) TG4 2023 goes to Scottish musician Frank McArdle\"}]},{\"@type\":\"WebSite\",\"@id\":\"https:\/\/dev.tg4.ie\/en\/#website\",\"url\":\"https:\/\/dev.tg4.ie\/en\/\",\"name\":\"TG4\",\"description\":\"S\u00fail Eile\",\"potentialAction\":[{\"@type\":\"SearchAction\",\"target\":{\"@type\":\"EntryPoint\",\"urlTemplate\":\"https:\/\/dev.tg4.ie\/en\/?s={search_term_string}\"},\"query-input\":\"required name=search_term_string\"}],\"inLanguage\":\"en-ie\"}]}<\/script>\n<!-- \/ Yoast SEO plugin. -->","yoast_head_json":{"title":"Gradam Comaoine (Outstanding Contribution) TG4 2023 goes to Scottish musician Frank McArdle | Press Release | TG4","description":"Gradam Comaoine TG4 2023 goes to Frank McArdle. Frank McArdle is a musician, educator and founder of the St Roch's C\u00e9il\u00ed Band in Glasgow.","robots":{"index":"index","follow":"follow","max-snippet":"max-snippet:-1","max-image-preview":"max-image-preview:large","max-video-preview":"max-video-preview:-1"},"og_locale":"en_US","og_type":"article","og_title":"Gradam Comaoine (Outstanding Contribution) TG4 2023 goes to Scottish musician Frank McArdle | Press Release | TG4","og_description":"Gradam Comaoine TG4 2023 goes to Frank McArdle. Frank McArdle is a musician, educator and founder of the St Roch's C\u00e9il\u00ed Band in Glasgow.","og_url":"https:\/\/dev.tg4.ie\/en\/information\/press\/press-releases\/2023-2\/gradam-comaoine-outstanding-contribution-tg4-2023-goes-to-scottish-musician-frank-mcardle\/","og_site_name":"TG4","article_publisher":"https:\/\/www.facebook.com\/TG4TV","og_image":[{"url":"https:\/\/tg4-docs.s3.amazonaws.com\/wp-content\/uploads\/2023\/03\/30160058\/Frank_McArdle_1-1920x1080-1-700x394.jpg"}],"twitter_card":"summary_large_image","twitter_image":"https:\/\/tg4-docs.s3.amazonaws.com\/wp-content\/uploads\/2023\/03\/30160058\/Frank_McArdle_1-1920x1080-1-700x394.jpg","twitter_site":"@TG4TV","twitter_misc":{"Est. reading time":"3 minutes"},"schema":{"@context":"https:\/\/schema.org","@graph":[{"@type":"WebPage","@id":"https:\/\/dev.tg4.ie\/en\/information\/press\/press-releases\/2023-2\/gradam-comaoine-outstanding-contribution-tg4-2023-goes-to-scottish-musician-frank-mcardle\/","url":"https:\/\/dev.tg4.ie\/en\/information\/press\/press-releases\/2023-2\/gradam-comaoine-outstanding-contribution-tg4-2023-goes-to-scottish-musician-frank-mcardle\/","name":"Gradam Comaoine (Outstanding Contribution) TG4 2023 goes to Scottish musician Frank McArdle | Press Release | TG4","isPartOf":{"@id":"https:\/\/dev.tg4.ie\/en\/#website"},"primaryImageOfPage":{"@id":"https:\/\/dev.tg4.ie\/en\/information\/press\/press-releases\/2023-2\/gradam-comaoine-outstanding-contribution-tg4-2023-goes-to-scottish-musician-frank-mcardle\/#primaryimage"},"image":{"@id":"https:\/\/dev.tg4.ie\/en\/information\/press\/press-releases\/2023-2\/gradam-comaoine-outstanding-contribution-tg4-2023-goes-to-scottish-musician-frank-mcardle\/#primaryimage"},"thumbnailUrl":"https:\/\/dev.tg4.ie\/wp-content\/uploads\/2023\/03\/Frank_McArdle_1-1920x1080-1.jpg","datePublished":"2023-03-30T15:13:54+00:00","dateModified":"2023-03-30T15:13:54+00:00","description":"Gradam Comaoine TG4 2023 goes to Frank McArdle. Frank McArdle is a musician, educator and founder of the St Roch's C\u00e9il\u00ed Band in Glasgow.","breadcrumb":{"@id":"https:\/\/dev.tg4.ie\/en\/information\/press\/press-releases\/2023-2\/gradam-comaoine-outstanding-contribution-tg4-2023-goes-to-scottish-musician-frank-mcardle\/#breadcrumb"},"inLanguage":"en-ie","potentialAction":[{"@type":"ReadAction","target":["https:\/\/dev.tg4.ie\/en\/information\/press\/press-releases\/2023-2\/gradam-comaoine-outstanding-contribution-tg4-2023-goes-to-scottish-musician-frank-mcardle\/"]}]},{"@type":"ImageObject","inLanguage":"en-ie","@id":"https:\/\/dev.tg4.ie\/en\/information\/press\/press-releases\/2023-2\/gradam-comaoine-outstanding-contribution-tg4-2023-goes-to-scottish-musician-frank-mcardle\/#primaryimage","url":"https:\/\/dev.tg4.ie\/wp-content\/uploads\/2023\/03\/Frank_McArdle_1-1920x1080-1.jpg","contentUrl":"https:\/\/dev.tg4.ie\/wp-content\/uploads\/2023\/03\/Frank_McArdle_1-1920x1080-1.jpg"},{"@type":"BreadcrumbList","@id":"https:\/\/dev.tg4.ie\/en\/information\/press\/press-releases\/2023-2\/gradam-comaoine-outstanding-contribution-tg4-2023-goes-to-scottish-musician-frank-mcardle\/#breadcrumb","itemListElement":[{"@type":"ListItem","position":1,"name":"Home","item":"https:\/\/dev.tg4.ie\/en\/"},{"@type":"ListItem","position":2,"name":"Information","item":"https:\/\/dev.tg4.ie\/en\/information\/"},{"@type":"ListItem","position":3,"name":"Press","item":"https:\/\/dev.tg4.ie\/en\/information\/press\/"},{"@type":"ListItem","position":4,"name":"Press Releases","item":"https:\/\/dev.tg4.ie\/en\/information\/press\/press-releases\/"},{"@type":"ListItem","position":5,"name":"2023","item":"https:\/\/dev.tg4.ie\/en\/information\/press\/press-releases\/2023-2\/"},{"@type":"ListItem","position":6,"name":"Gradam Comaoine (Outstanding Contribution) TG4 2023 goes to Scottish musician Frank McArdle"}]},{"@type":"WebSite","@id":"https:\/\/dev.tg4.ie\/en\/#website","url":"https:\/\/dev.tg4.ie\/en\/","name":"TG4","description":"S\u00fail Eile","potentialAction":[{"@type":"SearchAction","target":{"@type":"EntryPoint","urlTemplate":"https:\/\/dev.tg4.ie\/en\/?s={search_term_string}"},"query-input":"required name=search_term_string"}],"inLanguage":"en-ie"}]}},"_links":{"self":[{"href":"https:\/\/dev.tg4.ie\/en\/wp-json\/wp\/v2\/pages\/187031"}],"collection":[{"href":"https:\/\/dev.tg4.ie\/en\/wp-json\/wp\/v2\/pages"}],"about":[{"href":"https:\/\/dev.tg4.ie\/en\/wp-json\/wp\/v2\/types\/page"}],"author":[{"embeddable":true,"href":"https:\/\/dev.tg4.ie\/en\/wp-json\/wp\/v2\/users\/876"}],"replies":[{"embeddable":true,"href":"https:\/\/dev.tg4.ie\/en\/wp-json\/wp\/v2\/comments?post=187031"}],"version-history":[{"count":0,"href":"https:\/\/dev.tg4.ie\/en\/wp-json\/wp\/v2\/pages\/187031\/revisions"}],"up":[{"embeddable":true,"href":"https:\/\/dev.tg4.ie\/en\/wp-json\/wp\/v2\/pages\/180925"}],"wp:attachment":[{"href":"https:\/\/dev.tg4.ie\/en\/wp-json\/wp\/v2\/media?parent=187031"}],"curies":[{"name":"wp","href":"https:\/\/api.w.org\/{rel}","templated":true}]}}