{"id":187274,"date":"2023-04-03T09:51:17","date_gmt":"2023-04-03T08:51:17","guid":{"rendered":"https:\/\/dev.tg4.ie\/?page_id=187274"},"modified":"2023-04-03T09:51:17","modified_gmt":"2023-04-03T08:51:17","slug":"roise-frank-irish-language-film-opens-in-us-cinemas","status":"publish","type":"page","link":"https:\/\/dev.tg4.ie\/en\/information\/press\/press-releases\/2023-2\/roise-frank-irish-language-film-opens-in-us-cinemas\/","title":{"rendered":"R\u00f3ise &#038; Frank, Irish Language Film &#8211; Opens in US Cinemas"},"content":{"rendered":"<p><img loading=\"lazy\" decoding=\"async\" width=\"1920\" height=\"1080\" src=\"https:\/\/tg4-docs.s3.amazonaws.com\/tg4-redesign-2015\/wp-content\/uploads\/2022\/03\/Roise_Frank_1-1920x1080-1.jpg\" alt=\"\" class=\"aligncenter size-full wp-image-144043\" srcset=\"https:\/\/tg4-docs.s3.amazonaws.com\/tg4-redesign-2015\/wp-content\/uploads\/2022\/03\/Roise_Frank_1-1920x1080-1.jpg 1920w, https:\/\/tg4-docs.s3.amazonaws.com\/tg4-redesign-2015\/wp-content\/uploads\/2022\/03\/Roise_Frank_1-1920x1080-1-250x141.jpg 250w, https:\/\/tg4-docs.s3.amazonaws.com\/tg4-redesign-2015\/wp-content\/uploads\/2022\/03\/Roise_Frank_1-1920x1080-1-700x394.jpg 700w, https:\/\/tg4-docs.s3.amazonaws.com\/tg4-redesign-2015\/wp-content\/uploads\/2022\/03\/Roise_Frank_1-1920x1080-1-252x141.jpg 252w, https:\/\/tg4-docs.s3.amazonaws.com\/tg4-redesign-2015\/wp-content\/uploads\/2022\/03\/Roise_Frank_1-1920x1080-1-1536x864.jpg 1536w, https:\/\/tg4-docs.s3.amazonaws.com\/tg4-redesign-2015\/wp-content\/uploads\/2022\/03\/Roise_Frank_1-1920x1080-1-120x68.jpg 120w\" sizes=\"(max-width: 1920px) 100vw, 1920px\" \/><br \/>\n&nbsp;<br \/>\nTrailer:<br \/>\n<iframe loading=\"lazy\" width=\"560\" height=\"315\" src=\"https:\/\/www.youtube.com\/embed\/wDzDisrk4A8\" title=\"YouTube video player\" frameborder=\"0\" allow=\"accelerometer; autoplay; clipboard-write; encrypted-media; gyroscope; picture-in-picture; web-share\" allowfullscreen><\/iframe><br \/>\n&nbsp;<\/p>\n<p>The award-winning Cine4 film <strong>R\u00f3ise &#038; Frank<\/strong> will be released in the USA today (Friday March 31st 2023). The film is in Irish with English subtitles.<br \/>\n&nbsp;<br \/>\nSet and filmed in the Waterford Gaeltacht of Ring, <strong>R\u00f3ise &#038; Frank<\/strong> tells the story of the recently widowed R\u00f3ise (Br\u00edd N\u00ed Neachtain) who is struggling in the aftermath of her husband Frank\u2019s passing. Grief-stricken and lonely, R\u00f3ise has distanced herself from the world and those dearest to her.  But when a stray dog appears out of nowhere, following her every move,  a rejuvenated R\u00f3ise comes to believe in the reincarnation of her husband and the power of enduring life in its next, hopeful steps.  <strong>R\u00f3ise &#038; Frank<\/strong> is an up-lifting tale of shaggy dogs, a grieving widow, the national game of hurling and finding hope in the darkest of places and is winning audience\u2019s hearts everywhere it goes. The film also stars Limerick&#8217;s Cillian \u00d3 Gairbh\u00ed as Alan, R\u00f3ise\u2019s son, Lorcan Cranitch and young newcomer from An Rinn, Ruadh\u00e1n de Faoite.<br \/>\n&nbsp;<br \/>\n<strong>R\u00f3ise &#038; Frank<\/strong> is written and directed by Rachael Moriarty and Peter Murphy ( Traders, 2015) and produced by C\u00fa\u00e1n Mac Conghail of Macalla Teoranta (Arracht).<br \/>\n&nbsp;<br \/>\nThe film was funded by TG4, Screen Ireland, and the BAI (Coimisi\u00fan na Me\u00e1n) as part of the Cine4 scheme to produce feature length original films in Irish.<br \/>\n&nbsp;<br \/>\n<strong>R\u00f3ise &#038; Frank<\/strong> has been a hit on the festival circuit in recent months screening at the Galway Film Fleadh and winning numerous awards including Best Ensemble at Dublin International Film Festival and scooping the Audience Award at both the Santa Barbara and Sonoma International Film Festivals.<br \/>\n&nbsp;<br \/>\nJuno Films has acquired North American distribution rights to Rachael Moriarty and Peter Murphy\u2019s heartfelt film.<br \/>\n&nbsp;<br \/>\nHere is a list of cinemas in the US where R\u00f3ise &#038; Frank will be shown in the coming months: <a href=\"https:\/\/roiseandfrankmovie.com\/\" rel=\"noopener\" target=\"_blank\">roiseandfrankmovie.com<\/a><br \/>\n&nbsp;<br \/>\n<a href=\"https:\/\/www.facebook.com\/quadcinemanyc\/\" rel=\"noopener\" target=\"_blank\">Quad Cinema<\/a> in NYC will be hosting Q&#038;As with the film&#8217;s writers\/directors Rachael Moriarty &#038; Peter Murphy this weekend: <a href=\"https:\/\/quadcinema.com\/film\/roise-frank\/\" rel=\"noopener\" target=\"_blank\">https:\/\/quadcinema.com\/film\/roise-frank\/<\/a><br \/>\n&nbsp;<br \/>\nIrish Language film continues to break new ground internationally. Earlier in March 2023, <strong>An Cail\u00edn Ci\u00fain (The Quiet Girl)<\/strong>  competed in the Best International Feature Flim category at the Oscars. This multi award winning Irish language film has been in selected US theatres since February 2023.<br \/>\n&nbsp;<br \/>\n&nbsp;<br \/>\n&nbsp;<\/p>\n","protected":false},"excerpt":{"rendered":"<p>&nbsp; Trailer: &nbsp; The award-winning Cine4 film R\u00f3ise &#038; Frank will be released in the USA today (Friday March 31st 2023). The film is in Irish with English subtitles. &nbsp; Set and filmed in the Waterford Gaeltacht of Ring, R\u00f3ise &#038; Frank tells the story of the recently widowed R\u00f3ise (Br\u00edd N\u00ed Neachtain) who is [&hellip;]<\/p>\n","protected":false},"author":876,"featured_media":0,"parent":180925,"menu_order":10,"comment_status":"closed","ping_status":"closed","template":"page-templates\/template-pr.php","meta":{"_acf_changed":false,"footnotes":""},"acf":[],"yoast_head":"<!-- This site is optimized with the Yoast SEO plugin v22.6 - https:\/\/yoast.com\/wordpress\/plugins\/seo\/ -->\n<title>R\u00f3ise &amp; Frank, Irish Language Film - Opens in US Cinemas | Press Release | TG4<\/title>\n<meta name=\"description\" content=\"The award-winning Cine4 film R\u00f3ise &amp; Frank will be released in the USA today (Friday March 31st 2023). The film is in Irish with English subtitles.\" \/>\n<meta name=\"robots\" content=\"index, follow, max-snippet:-1, max-image-preview:large, max-video-preview:-1\" \/>\n<meta property=\"og:locale\" content=\"en_US\" \/>\n<meta property=\"og:type\" content=\"article\" \/>\n<meta property=\"og:title\" content=\"R\u00f3ise &amp; Frank, Irish Language Film - Opens in US Cinemas | Press Release | TG4\" \/>\n<meta property=\"og:description\" content=\"The award-winning Cine4 film R\u00f3ise &amp; Frank will be released in the USA today (Friday March 31st 2023). The film is in Irish with English subtitles.\" \/>\n<meta property=\"og:url\" content=\"https:\/\/dev.tg4.ie\/en\/information\/press\/press-releases\/2023-2\/roise-frank-irish-language-film-opens-in-us-cinemas\/\" \/>\n<meta property=\"og:site_name\" content=\"TG4\" \/>\n<meta property=\"article:publisher\" content=\"https:\/\/www.facebook.com\/TG4TV\" \/>\n<meta property=\"og:image\" content=\"https:\/\/tg4-docs.s3.amazonaws.com\/tg4-redesign-2015\/wp-content\/uploads\/2022\/03\/Roise_Frank_1-1920x1080-1-700x394.jpg\" \/>\n<meta name=\"twitter:card\" content=\"summary_large_image\" \/>\n<meta name=\"twitter:image\" content=\"https:\/\/tg4-docs.s3.amazonaws.com\/tg4-redesign-2015\/wp-content\/uploads\/2022\/03\/Roise_Frank_1-1920x1080-1-700x394.jpg\" \/>\n<meta name=\"twitter:site\" content=\"@TG4TV\" \/>\n<meta name=\"twitter:label1\" content=\"Est. reading time\" \/>\n\t<meta name=\"twitter:data1\" content=\"2 minutes\" \/>\n<script type=\"application\/ld+json\" class=\"yoast-schema-graph\">{\"@context\":\"https:\/\/schema.org\",\"@graph\":[{\"@type\":\"WebPage\",\"@id\":\"https:\/\/dev.tg4.ie\/en\/information\/press\/press-releases\/2023-2\/roise-frank-irish-language-film-opens-in-us-cinemas\/\",\"url\":\"https:\/\/dev.tg4.ie\/en\/information\/press\/press-releases\/2023-2\/roise-frank-irish-language-film-opens-in-us-cinemas\/\",\"name\":\"R\u00f3ise & Frank, Irish Language Film - Opens in US Cinemas | Press Release | TG4\",\"isPartOf\":{\"@id\":\"https:\/\/dev.tg4.ie\/en\/#website\"},\"primaryImageOfPage\":{\"@id\":\"https:\/\/dev.tg4.ie\/en\/information\/press\/press-releases\/2023-2\/roise-frank-irish-language-film-opens-in-us-cinemas\/#primaryimage\"},\"image\":{\"@id\":\"https:\/\/dev.tg4.ie\/en\/information\/press\/press-releases\/2023-2\/roise-frank-irish-language-film-opens-in-us-cinemas\/#primaryimage\"},\"thumbnailUrl\":\"https:\/\/dev.tg4.ie\/wp-content\/uploads\/2022\/03\/Roise_Frank_1-1920x1080-1.jpg\",\"datePublished\":\"2023-04-03T08:51:17+00:00\",\"dateModified\":\"2023-04-03T08:51:17+00:00\",\"description\":\"The award-winning Cine4 film R\u00f3ise & Frank will be released in the USA today (Friday March 31st 2023). The film is in Irish with English subtitles.\",\"breadcrumb\":{\"@id\":\"https:\/\/dev.tg4.ie\/en\/information\/press\/press-releases\/2023-2\/roise-frank-irish-language-film-opens-in-us-cinemas\/#breadcrumb\"},\"inLanguage\":\"en-ie\",\"potentialAction\":[{\"@type\":\"ReadAction\",\"target\":[\"https:\/\/dev.tg4.ie\/en\/information\/press\/press-releases\/2023-2\/roise-frank-irish-language-film-opens-in-us-cinemas\/\"]}]},{\"@type\":\"ImageObject\",\"inLanguage\":\"en-ie\",\"@id\":\"https:\/\/dev.tg4.ie\/en\/information\/press\/press-releases\/2023-2\/roise-frank-irish-language-film-opens-in-us-cinemas\/#primaryimage\",\"url\":\"https:\/\/dev.tg4.ie\/wp-content\/uploads\/2022\/03\/Roise_Frank_1-1920x1080-1.jpg\",\"contentUrl\":\"https:\/\/dev.tg4.ie\/wp-content\/uploads\/2022\/03\/Roise_Frank_1-1920x1080-1.jpg\"},{\"@type\":\"BreadcrumbList\",\"@id\":\"https:\/\/dev.tg4.ie\/en\/information\/press\/press-releases\/2023-2\/roise-frank-irish-language-film-opens-in-us-cinemas\/#breadcrumb\",\"itemListElement\":[{\"@type\":\"ListItem\",\"position\":1,\"name\":\"Home\",\"item\":\"https:\/\/dev.tg4.ie\/en\/\"},{\"@type\":\"ListItem\",\"position\":2,\"name\":\"Information\",\"item\":\"https:\/\/dev.tg4.ie\/en\/information\/\"},{\"@type\":\"ListItem\",\"position\":3,\"name\":\"Press\",\"item\":\"https:\/\/dev.tg4.ie\/en\/information\/press\/\"},{\"@type\":\"ListItem\",\"position\":4,\"name\":\"Press Releases\",\"item\":\"https:\/\/dev.tg4.ie\/en\/information\/press\/press-releases\/\"},{\"@type\":\"ListItem\",\"position\":5,\"name\":\"2023\",\"item\":\"https:\/\/dev.tg4.ie\/en\/information\/press\/press-releases\/2023-2\/\"},{\"@type\":\"ListItem\",\"position\":6,\"name\":\"R\u00f3ise &#038; Frank, Irish Language Film &#8211; Opens in US Cinemas\"}]},{\"@type\":\"WebSite\",\"@id\":\"https:\/\/dev.tg4.ie\/en\/#website\",\"url\":\"https:\/\/dev.tg4.ie\/en\/\",\"name\":\"TG4\",\"description\":\"S\u00fail Eile\",\"potentialAction\":[{\"@type\":\"SearchAction\",\"target\":{\"@type\":\"EntryPoint\",\"urlTemplate\":\"https:\/\/dev.tg4.ie\/en\/?s={search_term_string}\"},\"query-input\":\"required name=search_term_string\"}],\"inLanguage\":\"en-ie\"}]}<\/script>\n<!-- \/ Yoast SEO plugin. -->","yoast_head_json":{"title":"R\u00f3ise & Frank, Irish Language Film - Opens in US Cinemas | Press Release | TG4","description":"The award-winning Cine4 film R\u00f3ise & Frank will be released in the USA today (Friday March 31st 2023). The film is in Irish with English subtitles.","robots":{"index":"index","follow":"follow","max-snippet":"max-snippet:-1","max-image-preview":"max-image-preview:large","max-video-preview":"max-video-preview:-1"},"og_locale":"en_US","og_type":"article","og_title":"R\u00f3ise & Frank, Irish Language Film - Opens in US Cinemas | Press Release | TG4","og_description":"The award-winning Cine4 film R\u00f3ise & Frank will be released in the USA today (Friday March 31st 2023). The film is in Irish with English subtitles.","og_url":"https:\/\/dev.tg4.ie\/en\/information\/press\/press-releases\/2023-2\/roise-frank-irish-language-film-opens-in-us-cinemas\/","og_site_name":"TG4","article_publisher":"https:\/\/www.facebook.com\/TG4TV","og_image":[{"url":"https:\/\/tg4-docs.s3.amazonaws.com\/tg4-redesign-2015\/wp-content\/uploads\/2022\/03\/Roise_Frank_1-1920x1080-1-700x394.jpg"}],"twitter_card":"summary_large_image","twitter_image":"https:\/\/tg4-docs.s3.amazonaws.com\/tg4-redesign-2015\/wp-content\/uploads\/2022\/03\/Roise_Frank_1-1920x1080-1-700x394.jpg","twitter_site":"@TG4TV","twitter_misc":{"Est. reading time":"2 minutes"},"schema":{"@context":"https:\/\/schema.org","@graph":[{"@type":"WebPage","@id":"https:\/\/dev.tg4.ie\/en\/information\/press\/press-releases\/2023-2\/roise-frank-irish-language-film-opens-in-us-cinemas\/","url":"https:\/\/dev.tg4.ie\/en\/information\/press\/press-releases\/2023-2\/roise-frank-irish-language-film-opens-in-us-cinemas\/","name":"R\u00f3ise & Frank, Irish Language Film - Opens in US Cinemas | Press Release | TG4","isPartOf":{"@id":"https:\/\/dev.tg4.ie\/en\/#website"},"primaryImageOfPage":{"@id":"https:\/\/dev.tg4.ie\/en\/information\/press\/press-releases\/2023-2\/roise-frank-irish-language-film-opens-in-us-cinemas\/#primaryimage"},"image":{"@id":"https:\/\/dev.tg4.ie\/en\/information\/press\/press-releases\/2023-2\/roise-frank-irish-language-film-opens-in-us-cinemas\/#primaryimage"},"thumbnailUrl":"https:\/\/dev.tg4.ie\/wp-content\/uploads\/2022\/03\/Roise_Frank_1-1920x1080-1.jpg","datePublished":"2023-04-03T08:51:17+00:00","dateModified":"2023-04-03T08:51:17+00:00","description":"The award-winning Cine4 film R\u00f3ise & Frank will be released in the USA today (Friday March 31st 2023). The film is in Irish with English subtitles.","breadcrumb":{"@id":"https:\/\/dev.tg4.ie\/en\/information\/press\/press-releases\/2023-2\/roise-frank-irish-language-film-opens-in-us-cinemas\/#breadcrumb"},"inLanguage":"en-ie","potentialAction":[{"@type":"ReadAction","target":["https:\/\/dev.tg4.ie\/en\/information\/press\/press-releases\/2023-2\/roise-frank-irish-language-film-opens-in-us-cinemas\/"]}]},{"@type":"ImageObject","inLanguage":"en-ie","@id":"https:\/\/dev.tg4.ie\/en\/information\/press\/press-releases\/2023-2\/roise-frank-irish-language-film-opens-in-us-cinemas\/#primaryimage","url":"https:\/\/dev.tg4.ie\/wp-content\/uploads\/2022\/03\/Roise_Frank_1-1920x1080-1.jpg","contentUrl":"https:\/\/dev.tg4.ie\/wp-content\/uploads\/2022\/03\/Roise_Frank_1-1920x1080-1.jpg"},{"@type":"BreadcrumbList","@id":"https:\/\/dev.tg4.ie\/en\/information\/press\/press-releases\/2023-2\/roise-frank-irish-language-film-opens-in-us-cinemas\/#breadcrumb","itemListElement":[{"@type":"ListItem","position":1,"name":"Home","item":"https:\/\/dev.tg4.ie\/en\/"},{"@type":"ListItem","position":2,"name":"Information","item":"https:\/\/dev.tg4.ie\/en\/information\/"},{"@type":"ListItem","position":3,"name":"Press","item":"https:\/\/dev.tg4.ie\/en\/information\/press\/"},{"@type":"ListItem","position":4,"name":"Press Releases","item":"https:\/\/dev.tg4.ie\/en\/information\/press\/press-releases\/"},{"@type":"ListItem","position":5,"name":"2023","item":"https:\/\/dev.tg4.ie\/en\/information\/press\/press-releases\/2023-2\/"},{"@type":"ListItem","position":6,"name":"R\u00f3ise &#038; Frank, Irish Language Film &#8211; Opens in US Cinemas"}]},{"@type":"WebSite","@id":"https:\/\/dev.tg4.ie\/en\/#website","url":"https:\/\/dev.tg4.ie\/en\/","name":"TG4","description":"S\u00fail Eile","potentialAction":[{"@type":"SearchAction","target":{"@type":"EntryPoint","urlTemplate":"https:\/\/dev.tg4.ie\/en\/?s={search_term_string}"},"query-input":"required name=search_term_string"}],"inLanguage":"en-ie"}]}},"_links":{"self":[{"href":"https:\/\/dev.tg4.ie\/en\/wp-json\/wp\/v2\/pages\/187274"}],"collection":[{"href":"https:\/\/dev.tg4.ie\/en\/wp-json\/wp\/v2\/pages"}],"about":[{"href":"https:\/\/dev.tg4.ie\/en\/wp-json\/wp\/v2\/types\/page"}],"author":[{"embeddable":true,"href":"https:\/\/dev.tg4.ie\/en\/wp-json\/wp\/v2\/users\/876"}],"replies":[{"embeddable":true,"href":"https:\/\/dev.tg4.ie\/en\/wp-json\/wp\/v2\/comments?post=187274"}],"version-history":[{"count":0,"href":"https:\/\/dev.tg4.ie\/en\/wp-json\/wp\/v2\/pages\/187274\/revisions"}],"up":[{"embeddable":true,"href":"https:\/\/dev.tg4.ie\/en\/wp-json\/wp\/v2\/pages\/180925"}],"wp:attachment":[{"href":"https:\/\/dev.tg4.ie\/en\/wp-json\/wp\/v2\/media?parent=187274"}],"curies":[{"name":"wp","href":"https:\/\/api.w.org\/{rel}","templated":true}]}}