{"id":190427,"date":"2023-04-27T12:47:01","date_gmt":"2023-04-27T11:47:01","guid":{"rendered":"https:\/\/dev.tg4.ie\/?page_id=190427"},"modified":"2023-04-27T13:02:59","modified_gmt":"2023-04-27T12:02:59","slug":"tg4-current-affairs-programme-wins-big-at-european-prix-circom-awards-2023","status":"publish","type":"page","link":"https:\/\/dev.tg4.ie\/en\/information\/press\/press-releases\/2023-2\/tg4-current-affairs-programme-wins-big-at-european-prix-circom-awards-2023\/","title":{"rendered":"TG4 Current Affairs Programme wins big at European Prix CIRCOM Awards 2023"},"content":{"rendered":"<p><img loading=\"lazy\" decoding=\"async\" width=\"1920\" height=\"1080\" src=\"https:\/\/tg4-docs.s3.amazonaws.com\/wp-content\/uploads\/2023\/04\/27122907\/Iniuchadh_Cead_Mile_Failte_1-1920x1080-1.jpg\" alt=\"\" class=\"aligncenter size-full wp-image-190426\" srcset=\"https:\/\/tg4-docs.s3.amazonaws.com\/wp-content\/uploads\/2023\/04\/27122907\/Iniuchadh_Cead_Mile_Failte_1-1920x1080-1.jpg 1920w, https:\/\/tg4-docs.s3.amazonaws.com\/wp-content\/uploads\/2023\/04\/27122907\/Iniuchadh_Cead_Mile_Failte_1-1920x1080-1-250x141.jpg 250w, https:\/\/tg4-docs.s3.amazonaws.com\/wp-content\/uploads\/2023\/04\/27122907\/Iniuchadh_Cead_Mile_Failte_1-1920x1080-1-700x394.jpg 700w, https:\/\/tg4-docs.s3.amazonaws.com\/wp-content\/uploads\/2023\/04\/27122907\/Iniuchadh_Cead_Mile_Failte_1-1920x1080-1-252x141.jpg 252w, https:\/\/tg4-docs.s3.amazonaws.com\/wp-content\/uploads\/2023\/04\/27122907\/Iniuchadh_Cead_Mile_Failte_1-1920x1080-1-1536x864.jpg 1536w, https:\/\/tg4-docs.s3.amazonaws.com\/wp-content\/uploads\/2023\/04\/27122907\/Iniuchadh_Cead_Mile_Failte_1-1920x1080-1-120x68.jpg 120w\" sizes=\"(max-width: 1920px) 100vw, 1920px\" \/><br \/>\n<sup>Pic: Kevin Magee<\/sup><br \/>\n&nbsp;<br \/>\nYOUTUBE Promo:  <strong>Ini\u00fachadh TG4 \u2013 C\u00e9ad M\u00edle F\u00e1ilte?<\/strong> <a href=\"https:\/\/youtu.be\/Gwdzxgsxaco\" rel=\"noopener\" target=\"_blank\">https:\/\/youtu.be\/Gwdzxgsxaco<\/a><br \/>\n&nbsp;<\/p>\n<p>A TG4 current affairs documentary <strong>Ini\u00fachadh TG4 \u2013 C\u00e9ad M\u00edle F\u00e1ilte?<\/strong> has been announced as the overall winner in the  \u2018Investigative Journalism\u2019 category at PRIX CIRCOM 2023. The award for the Investigative Journalism category is sponsored by the Council of Europe.  Fourteen judges, representatives of regional public service television stations in Europe watched <strong>more than 170<\/strong> submitted entries for this year&#8217;s Prix CIRCOM Awards. They rewarded the very best productions in 11 categories, ranging from Documentaries, News Report to Music and Arts, and Digital Multimedia. Entries came from <strong>22 regional public service television stations<\/strong> in Europe.<br \/>\n&nbsp;<\/p>\n<p>The winning programme <strong>Ini\u00fachadh TG4 \u2013 C\u00e9ad M\u00edle F\u00e1ilte?<\/strong> examines recent anti-immigration protests across Ireland and the role being played by a few activists from the anti-immigration movement to drive the protests.  The programme also looks at the level of misinformation that exists in relation to immigration and asylum seekers in Ireland.  The programme asks if the anti-immigration protests and the growing number of refugees and asylum seekers coming to Ireland is contributing to racism.<br \/>\n&nbsp;<\/p>\n<p>The programme is part of TG4\u2019s monthly current affairs strand <strong>Ini\u00fachadh TG4<\/strong>.  It is produced by Belfast-based Clean Slate Productions and presented by investigative journalist Kevin Magee.<br \/>\n&nbsp;<\/p>\n<p>The Prix CIRCOM awards honours the best regional productions. They are the most important international awards for regional programmes and were first presented in 1990. There are eleven categories in this year\u2019s awards ranging from Documentaries, News Report to Music and Arts, and Digital Multimedia.<br \/>\n&nbsp;<\/p>\n<p><strong>TG4\u2019s Head of News and Current Affairs, Deirdre N\u00ed Choist\u00edn says<\/strong> <em>\u201cI would like to congratulate Clean Slate Productions on this award which recognises the quality of journalism in the programme on a European level by CIRCOM judges.  The programme portrays an Irish perspective on a European-wide issue. TG4 is committed to the development of News and Current Affairs across all platforms, and receiving this award is a testament to that commitment.\u201d<\/em><br \/>\n&nbsp;<\/p>\n<p>The awards will be presented on June 1st at a Gala show as part of the CIRCOM Regional Annual Conference which takes place in Donostia-San Sebastian, Spain, hosted by EITB \u2013 Basque Radio and Television.<br \/>\n&nbsp;<\/p>\n<p><strong>Ini\u00fachadh TG4 \u2013 C\u00e9ad M\u00edle F\u00e1ilte?<\/strong> is available to view on the TG4 Player: <a href=\"https:\/\/nasc.tg4.tv\/IniuchadhTG4-CeadMileFailte\" rel=\"noopener\" target=\"_blank\">https:\/\/nasc.tg4.tv\/IniuchadhTG4-CeadMileFailte<\/a><br \/>\n&nbsp;<br \/>\n&nbsp;<br \/>\n&nbsp;<\/p>\n","protected":false},"excerpt":{"rendered":"<p>Pic: Kevin Magee &nbsp; YOUTUBE Promo: Ini\u00fachadh TG4 \u2013 C\u00e9ad M\u00edle F\u00e1ilte? https:\/\/youtu.be\/Gwdzxgsxaco &nbsp; A TG4 current affairs documentary Ini\u00fachadh TG4 \u2013 C\u00e9ad M\u00edle F\u00e1ilte? has been announced as the overall winner in the \u2018Investigative Journalism\u2019 category at PRIX CIRCOM 2023. The award for the Investigative Journalism category is sponsored by the Council of Europe. [&hellip;]<\/p>\n","protected":false},"author":876,"featured_media":0,"parent":180925,"menu_order":11,"comment_status":"closed","ping_status":"closed","template":"page-templates\/template-pr.php","meta":{"_acf_changed":false,"footnotes":""},"acf":[],"yoast_head":"<!-- This site is optimized with the Yoast SEO plugin v22.6 - https:\/\/yoast.com\/wordpress\/plugins\/seo\/ -->\n<title>TG4 Current Affairs Programme wins big at European Prix CIRCOM Awards 2023 | Press Release | TG4<\/title>\n<meta name=\"description\" content=\"A TG4 current affairs documentary Ini\u00fachadh TG4 \u2013 C\u00e9ad M\u00edle F\u00e1ilte? has been announced as the overall winner in the \u2018Investigative Journalism\u2019 category at PRIX CIRCOM 2023.\" \/>\n<meta name=\"robots\" content=\"index, follow, max-snippet:-1, max-image-preview:large, max-video-preview:-1\" \/>\n<meta property=\"og:locale\" content=\"en_US\" \/>\n<meta property=\"og:type\" content=\"article\" \/>\n<meta property=\"og:title\" content=\"TG4 Current Affairs Programme wins big at European Prix CIRCOM Awards 2023 | Press Release | TG4\" \/>\n<meta property=\"og:description\" content=\"A TG4 current affairs documentary Ini\u00fachadh TG4 \u2013 C\u00e9ad M\u00edle F\u00e1ilte? has been announced as the overall winner in the \u2018Investigative Journalism\u2019 category at PRIX CIRCOM 2023.\" \/>\n<meta property=\"og:url\" content=\"https:\/\/dev.tg4.ie\/en\/information\/press\/press-releases\/2023-2\/tg4-current-affairs-programme-wins-big-at-european-prix-circom-awards-2023\/\" \/>\n<meta property=\"og:site_name\" content=\"TG4\" \/>\n<meta property=\"article:publisher\" content=\"https:\/\/www.facebook.com\/TG4TV\" \/>\n<meta property=\"article:modified_time\" content=\"2023-04-27T12:02:59+00:00\" \/>\n<meta property=\"og:image\" content=\"https:\/\/tg4-docs.s3.amazonaws.com\/wp-content\/uploads\/2023\/04\/27122907\/Iniuchadh_Cead_Mile_Failte_1-1920x1080-1.jpg\" \/>\n\t<meta property=\"og:image:width\" content=\"1920\" \/>\n\t<meta property=\"og:image:height\" content=\"1080\" \/>\n\t<meta property=\"og:image:type\" content=\"image\/jpeg\" \/>\n<meta name=\"twitter:card\" content=\"summary_large_image\" \/>\n<meta name=\"twitter:image\" content=\"https:\/\/tg4-docs.s3.amazonaws.com\/wp-content\/uploads\/2023\/04\/27122907\/Iniuchadh_Cead_Mile_Failte_1-1920x1080-1.jpg\" \/>\n<meta name=\"twitter:site\" content=\"@TG4TV\" \/>\n<meta name=\"twitter:label1\" content=\"Est. reading time\" \/>\n\t<meta name=\"twitter:data1\" content=\"2 minutes\" \/>\n<script type=\"application\/ld+json\" class=\"yoast-schema-graph\">{\"@context\":\"https:\/\/schema.org\",\"@graph\":[{\"@type\":\"WebPage\",\"@id\":\"https:\/\/dev.tg4.ie\/en\/information\/press\/press-releases\/2023-2\/tg4-current-affairs-programme-wins-big-at-european-prix-circom-awards-2023\/\",\"url\":\"https:\/\/dev.tg4.ie\/en\/information\/press\/press-releases\/2023-2\/tg4-current-affairs-programme-wins-big-at-european-prix-circom-awards-2023\/\",\"name\":\"TG4 Current Affairs Programme wins big at European Prix CIRCOM Awards 2023 | Press Release | TG4\",\"isPartOf\":{\"@id\":\"https:\/\/dev.tg4.ie\/en\/#website\"},\"primaryImageOfPage\":{\"@id\":\"https:\/\/dev.tg4.ie\/en\/information\/press\/press-releases\/2023-2\/tg4-current-affairs-programme-wins-big-at-european-prix-circom-awards-2023\/#primaryimage\"},\"image\":{\"@id\":\"https:\/\/dev.tg4.ie\/en\/information\/press\/press-releases\/2023-2\/tg4-current-affairs-programme-wins-big-at-european-prix-circom-awards-2023\/#primaryimage\"},\"thumbnailUrl\":\"https:\/\/dev.tg4.ie\/wp-content\/uploads\/2023\/04\/Iniuchadh_Cead_Mile_Failte_1-1920x1080-1.jpg\",\"datePublished\":\"2023-04-27T11:47:01+00:00\",\"dateModified\":\"2023-04-27T12:02:59+00:00\",\"description\":\"A TG4 current affairs documentary Ini\u00fachadh TG4 \u2013 C\u00e9ad M\u00edle F\u00e1ilte? has been announced as the overall winner in the \u2018Investigative Journalism\u2019 category at PRIX CIRCOM 2023.\",\"breadcrumb\":{\"@id\":\"https:\/\/dev.tg4.ie\/en\/information\/press\/press-releases\/2023-2\/tg4-current-affairs-programme-wins-big-at-european-prix-circom-awards-2023\/#breadcrumb\"},\"inLanguage\":\"en-ie\",\"potentialAction\":[{\"@type\":\"ReadAction\",\"target\":[\"https:\/\/dev.tg4.ie\/en\/information\/press\/press-releases\/2023-2\/tg4-current-affairs-programme-wins-big-at-european-prix-circom-awards-2023\/\"]}]},{\"@type\":\"ImageObject\",\"inLanguage\":\"en-ie\",\"@id\":\"https:\/\/dev.tg4.ie\/en\/information\/press\/press-releases\/2023-2\/tg4-current-affairs-programme-wins-big-at-european-prix-circom-awards-2023\/#primaryimage\",\"url\":\"https:\/\/dev.tg4.ie\/wp-content\/uploads\/2023\/04\/Iniuchadh_Cead_Mile_Failte_1-1920x1080-1.jpg\",\"contentUrl\":\"https:\/\/dev.tg4.ie\/wp-content\/uploads\/2023\/04\/Iniuchadh_Cead_Mile_Failte_1-1920x1080-1.jpg\"},{\"@type\":\"BreadcrumbList\",\"@id\":\"https:\/\/dev.tg4.ie\/en\/information\/press\/press-releases\/2023-2\/tg4-current-affairs-programme-wins-big-at-european-prix-circom-awards-2023\/#breadcrumb\",\"itemListElement\":[{\"@type\":\"ListItem\",\"position\":1,\"name\":\"Home\",\"item\":\"https:\/\/dev.tg4.ie\/en\/\"},{\"@type\":\"ListItem\",\"position\":2,\"name\":\"Information\",\"item\":\"https:\/\/dev.tg4.ie\/en\/information\/\"},{\"@type\":\"ListItem\",\"position\":3,\"name\":\"Press\",\"item\":\"https:\/\/dev.tg4.ie\/en\/information\/press\/\"},{\"@type\":\"ListItem\",\"position\":4,\"name\":\"Press Releases\",\"item\":\"https:\/\/dev.tg4.ie\/en\/information\/press\/press-releases\/\"},{\"@type\":\"ListItem\",\"position\":5,\"name\":\"2023\",\"item\":\"https:\/\/dev.tg4.ie\/en\/information\/press\/press-releases\/2023-2\/\"},{\"@type\":\"ListItem\",\"position\":6,\"name\":\"TG4 Current Affairs Programme wins big at European Prix CIRCOM Awards 2023\"}]},{\"@type\":\"WebSite\",\"@id\":\"https:\/\/dev.tg4.ie\/en\/#website\",\"url\":\"https:\/\/dev.tg4.ie\/en\/\",\"name\":\"TG4\",\"description\":\"S\u00fail Eile\",\"potentialAction\":[{\"@type\":\"SearchAction\",\"target\":{\"@type\":\"EntryPoint\",\"urlTemplate\":\"https:\/\/dev.tg4.ie\/en\/?s={search_term_string}\"},\"query-input\":\"required name=search_term_string\"}],\"inLanguage\":\"en-ie\"}]}<\/script>\n<!-- \/ Yoast SEO plugin. -->","yoast_head_json":{"title":"TG4 Current Affairs Programme wins big at European Prix CIRCOM Awards 2023 | Press Release | TG4","description":"A TG4 current affairs documentary Ini\u00fachadh TG4 \u2013 C\u00e9ad M\u00edle F\u00e1ilte? has been announced as the overall winner in the \u2018Investigative Journalism\u2019 category at PRIX CIRCOM 2023.","robots":{"index":"index","follow":"follow","max-snippet":"max-snippet:-1","max-image-preview":"max-image-preview:large","max-video-preview":"max-video-preview:-1"},"og_locale":"en_US","og_type":"article","og_title":"TG4 Current Affairs Programme wins big at European Prix CIRCOM Awards 2023 | Press Release | TG4","og_description":"A TG4 current affairs documentary Ini\u00fachadh TG4 \u2013 C\u00e9ad M\u00edle F\u00e1ilte? has been announced as the overall winner in the \u2018Investigative Journalism\u2019 category at PRIX CIRCOM 2023.","og_url":"https:\/\/dev.tg4.ie\/en\/information\/press\/press-releases\/2023-2\/tg4-current-affairs-programme-wins-big-at-european-prix-circom-awards-2023\/","og_site_name":"TG4","article_publisher":"https:\/\/www.facebook.com\/TG4TV","article_modified_time":"2023-04-27T12:02:59+00:00","og_image":[{"width":1920,"height":1080,"url":"https:\/\/tg4-docs.s3.amazonaws.com\/wp-content\/uploads\/2023\/04\/27122907\/Iniuchadh_Cead_Mile_Failte_1-1920x1080-1.jpg","type":"image\/jpeg"}],"twitter_card":"summary_large_image","twitter_image":"https:\/\/tg4-docs.s3.amazonaws.com\/wp-content\/uploads\/2023\/04\/27122907\/Iniuchadh_Cead_Mile_Failte_1-1920x1080-1.jpg","twitter_site":"@TG4TV","twitter_misc":{"Est. reading time":"2 minutes"},"schema":{"@context":"https:\/\/schema.org","@graph":[{"@type":"WebPage","@id":"https:\/\/dev.tg4.ie\/en\/information\/press\/press-releases\/2023-2\/tg4-current-affairs-programme-wins-big-at-european-prix-circom-awards-2023\/","url":"https:\/\/dev.tg4.ie\/en\/information\/press\/press-releases\/2023-2\/tg4-current-affairs-programme-wins-big-at-european-prix-circom-awards-2023\/","name":"TG4 Current Affairs Programme wins big at European Prix CIRCOM Awards 2023 | Press Release | TG4","isPartOf":{"@id":"https:\/\/dev.tg4.ie\/en\/#website"},"primaryImageOfPage":{"@id":"https:\/\/dev.tg4.ie\/en\/information\/press\/press-releases\/2023-2\/tg4-current-affairs-programme-wins-big-at-european-prix-circom-awards-2023\/#primaryimage"},"image":{"@id":"https:\/\/dev.tg4.ie\/en\/information\/press\/press-releases\/2023-2\/tg4-current-affairs-programme-wins-big-at-european-prix-circom-awards-2023\/#primaryimage"},"thumbnailUrl":"https:\/\/dev.tg4.ie\/wp-content\/uploads\/2023\/04\/Iniuchadh_Cead_Mile_Failte_1-1920x1080-1.jpg","datePublished":"2023-04-27T11:47:01+00:00","dateModified":"2023-04-27T12:02:59+00:00","description":"A TG4 current affairs documentary Ini\u00fachadh TG4 \u2013 C\u00e9ad M\u00edle F\u00e1ilte? has been announced as the overall winner in the \u2018Investigative Journalism\u2019 category at PRIX CIRCOM 2023.","breadcrumb":{"@id":"https:\/\/dev.tg4.ie\/en\/information\/press\/press-releases\/2023-2\/tg4-current-affairs-programme-wins-big-at-european-prix-circom-awards-2023\/#breadcrumb"},"inLanguage":"en-ie","potentialAction":[{"@type":"ReadAction","target":["https:\/\/dev.tg4.ie\/en\/information\/press\/press-releases\/2023-2\/tg4-current-affairs-programme-wins-big-at-european-prix-circom-awards-2023\/"]}]},{"@type":"ImageObject","inLanguage":"en-ie","@id":"https:\/\/dev.tg4.ie\/en\/information\/press\/press-releases\/2023-2\/tg4-current-affairs-programme-wins-big-at-european-prix-circom-awards-2023\/#primaryimage","url":"https:\/\/dev.tg4.ie\/wp-content\/uploads\/2023\/04\/Iniuchadh_Cead_Mile_Failte_1-1920x1080-1.jpg","contentUrl":"https:\/\/dev.tg4.ie\/wp-content\/uploads\/2023\/04\/Iniuchadh_Cead_Mile_Failte_1-1920x1080-1.jpg"},{"@type":"BreadcrumbList","@id":"https:\/\/dev.tg4.ie\/en\/information\/press\/press-releases\/2023-2\/tg4-current-affairs-programme-wins-big-at-european-prix-circom-awards-2023\/#breadcrumb","itemListElement":[{"@type":"ListItem","position":1,"name":"Home","item":"https:\/\/dev.tg4.ie\/en\/"},{"@type":"ListItem","position":2,"name":"Information","item":"https:\/\/dev.tg4.ie\/en\/information\/"},{"@type":"ListItem","position":3,"name":"Press","item":"https:\/\/dev.tg4.ie\/en\/information\/press\/"},{"@type":"ListItem","position":4,"name":"Press Releases","item":"https:\/\/dev.tg4.ie\/en\/information\/press\/press-releases\/"},{"@type":"ListItem","position":5,"name":"2023","item":"https:\/\/dev.tg4.ie\/en\/information\/press\/press-releases\/2023-2\/"},{"@type":"ListItem","position":6,"name":"TG4 Current Affairs Programme wins big at European Prix CIRCOM Awards 2023"}]},{"@type":"WebSite","@id":"https:\/\/dev.tg4.ie\/en\/#website","url":"https:\/\/dev.tg4.ie\/en\/","name":"TG4","description":"S\u00fail Eile","potentialAction":[{"@type":"SearchAction","target":{"@type":"EntryPoint","urlTemplate":"https:\/\/dev.tg4.ie\/en\/?s={search_term_string}"},"query-input":"required name=search_term_string"}],"inLanguage":"en-ie"}]}},"_links":{"self":[{"href":"https:\/\/dev.tg4.ie\/en\/wp-json\/wp\/v2\/pages\/190427"}],"collection":[{"href":"https:\/\/dev.tg4.ie\/en\/wp-json\/wp\/v2\/pages"}],"about":[{"href":"https:\/\/dev.tg4.ie\/en\/wp-json\/wp\/v2\/types\/page"}],"author":[{"embeddable":true,"href":"https:\/\/dev.tg4.ie\/en\/wp-json\/wp\/v2\/users\/876"}],"replies":[{"embeddable":true,"href":"https:\/\/dev.tg4.ie\/en\/wp-json\/wp\/v2\/comments?post=190427"}],"version-history":[{"count":0,"href":"https:\/\/dev.tg4.ie\/en\/wp-json\/wp\/v2\/pages\/190427\/revisions"}],"up":[{"embeddable":true,"href":"https:\/\/dev.tg4.ie\/en\/wp-json\/wp\/v2\/pages\/180925"}],"wp:attachment":[{"href":"https:\/\/dev.tg4.ie\/en\/wp-json\/wp\/v2\/media?parent=190427"}],"curies":[{"name":"wp","href":"https:\/\/api.w.org\/{rel}","templated":true}]}}