{"id":190887,"date":"2023-05-24T09:32:46","date_gmt":"2023-05-24T08:32:46","guid":{"rendered":"https:\/\/dev.tg4.ie\/?page_id=190887"},"modified":"2023-05-24T09:32:46","modified_gmt":"2023-05-24T08:32:46","slug":"the-goalposts-have-shifted-for-tg4-underdogs","status":"publish","type":"page","link":"https:\/\/dev.tg4.ie\/en\/information\/press\/press-releases\/2023-2\/the-goalposts-have-shifted-for-tg4-underdogs\/","title":{"rendered":"The Goalposts have shifted for TG4 UNDERDOGS!"},"content":{"rendered":"<p><img loading=\"lazy\" decoding=\"async\" width=\"1920\" height=\"1080\" src=\"https:\/\/tg4-docs.s3.amazonaws.com\/wp-content\/uploads\/2023\/05\/04102601\/Underdogs_2023_Sacar_2-1920x1080-1.jpg\" alt=\"\" class=\"alignnone size-full wp-image-190830\" srcset=\"https:\/\/tg4-docs.s3.amazonaws.com\/wp-content\/uploads\/2023\/05\/04102601\/Underdogs_2023_Sacar_2-1920x1080-1.jpg 1920w, https:\/\/tg4-docs.s3.amazonaws.com\/wp-content\/uploads\/2023\/05\/04102601\/Underdogs_2023_Sacar_2-1920x1080-1-250x141.jpg 250w, https:\/\/tg4-docs.s3.amazonaws.com\/wp-content\/uploads\/2023\/05\/04102601\/Underdogs_2023_Sacar_2-1920x1080-1-700x394.jpg 700w, https:\/\/tg4-docs.s3.amazonaws.com\/wp-content\/uploads\/2023\/05\/04102601\/Underdogs_2023_Sacar_2-1920x1080-1-252x141.jpg 252w, https:\/\/tg4-docs.s3.amazonaws.com\/wp-content\/uploads\/2023\/05\/04102601\/Underdogs_2023_Sacar_2-1920x1080-1-1536x864.jpg 1536w, https:\/\/tg4-docs.s3.amazonaws.com\/wp-content\/uploads\/2023\/05\/04102601\/Underdogs_2023_Sacar_2-1920x1080-1-120x68.jpg 120w\" sizes=\"(max-width: 1920px) 100vw, 1920px\" \/><br \/>\n&nbsp;<br \/>\nYouTube: <a href=\"https:\/\/youtu.be\/7W-3TiP1RXc\" rel=\"noopener\" target=\"_blank\">https:\/\/youtu.be\/7W-3TiP1RXc<\/a><br \/>\n&nbsp;<br \/>\nThe Goalposts have shifted for TG4 UNDERDOGS as the legendary series tackles Women\u2019s Soccer! <\/p>\n<p>While the Ireland Women\u2019s National Team head for Australia and New Zealand for the 2023 FIFA Women&#8217;s World Cup, back at a grassroots level club players also have a massive opportunity to play in the big leagues.<br \/>\n&nbsp;<\/p>\n<p>Adare Productions and TG4, in conjunction with the Football Association of Ireland are looking to find a squad of ambitious women with enough drive, skill and passion to take on one of the top SSE Airtricity Women\u2019s Premier Division teams. Have you got what it takes to make that team and bring them to victory? Applications are now open!<br \/>\n&nbsp;<\/p>\n<p><strong>FAI\u2019s League of Ireland Director, Mark Scanlon said <\/strong>: <em>\u201cWe are delighted to support this initiative which will provide an opportunity and a pathway for players to the game, who may have stepped away from football for a number of reasons, whether due to work, study, family or other commitments. We hope that Underdogs will be an important first step for players who still harbour the ambition to play at the highest level of football in Ireland at an exciting time in the development and growth of women\u2019s football in Ireland.\u201d<\/em><br \/>\n&nbsp;<br \/>\n<strong>TG4\u2019s Head of Sport, R\u00f3n\u00e1n \u00d3 Coistealbha said<\/strong>: <em>\u201cThe Underdogs Series has been a long standing and regular staple in TG4\u2019s schedule over many years and we eagerly await the new season of this famous series. In what is a hugely exciting year for Women\u2019s football, we look forward to working with the FAI and Adare Productions in unearthing the next Underdogs squad.\u201d<\/em><br \/>\n&nbsp;<\/p>\n<p>Could this be your chance? Players will be chosen and trained by a panel of expert coaches. This is an opportunity for unknown players to go up against some of the country\u2019s top footballers.<br \/>\n&nbsp;<\/p>\n<p><strong>Who can apply?<\/strong><br \/>\n&nbsp;<\/p>\n<ul>\n<li>Women football players who have not been an active player in the SSE Airtricity Women\u2019s Premier Division in the last 3 seasons.<\/li>\n<li>Applicants can\u2019t have ever played at Senior International Level.<\/li>\n<li>Applicants must be 18 years of age or over on the 3rd of June 2023.<\/li>\n<\/ul>\n<p>&nbsp;<br \/>\nTG4 and Adare Productions are now inviting applications for the new series of Underdogs.<br \/>\n&nbsp;<br \/>\nPlayers  can apply online at <a href=\"https:\/\/dev.tg4.ie\/underdogs\" rel=\"noopener\" target=\"_blank\">www.tg4.ie\/underdogs<\/a>.<br \/>\n&nbsp;<br \/>\nNationwide trials will take place in June 2023.<br \/>\n&nbsp;<br \/>\nFor further information, call Adare Productions on (01) 284 3877\/ 083 132 6599 or email <a href=\"mailto:underdogs@adareproductions.ie\" rel=\"noopener\" target=\"_blank\">underdogs@adareproductions.ie<\/a><br \/>\n&nbsp;<br \/>\n&nbsp;<br \/>\n&nbsp;<\/p>\n","protected":false},"excerpt":{"rendered":"<p>&nbsp; YouTube: https:\/\/youtu.be\/7W-3TiP1RXc &nbsp; The Goalposts have shifted for TG4 UNDERDOGS as the legendary series tackles Women\u2019s Soccer! While the Ireland Women\u2019s National Team head for Australia and New Zealand for the 2023 FIFA Women&#8217;s World Cup, back at a grassroots level club players also have a massive opportunity to play in the big leagues. [&hellip;]<\/p>\n","protected":false},"author":1821,"featured_media":0,"parent":180925,"menu_order":12,"comment_status":"closed","ping_status":"closed","template":"page-templates\/template-pr.php","meta":{"_acf_changed":false,"footnotes":""},"acf":[],"yoast_head":"<!-- This site is optimized with the Yoast SEO plugin v22.6 - https:\/\/yoast.com\/wordpress\/plugins\/seo\/ -->\n<title>The Goalposts have shifted for TG4 UNDERDOGS! | Press Release | TG4<\/title>\n<meta name=\"description\" content=\"The Goalposts have shifted for TG4 UNDERDOGS as the legendary series tackles Women\u2019s Soccer!\" \/>\n<meta name=\"robots\" content=\"index, follow, max-snippet:-1, max-image-preview:large, max-video-preview:-1\" \/>\n<meta property=\"og:locale\" content=\"en_US\" \/>\n<meta property=\"og:type\" content=\"article\" \/>\n<meta property=\"og:title\" content=\"The Goalposts have shifted for TG4 UNDERDOGS! | Press Release | TG4\" \/>\n<meta property=\"og:description\" content=\"The Goalposts have shifted for TG4 UNDERDOGS as the legendary series tackles Women\u2019s Soccer!\" \/>\n<meta property=\"og:url\" content=\"https:\/\/dev.tg4.ie\/en\/information\/press\/press-releases\/2023-2\/the-goalposts-have-shifted-for-tg4-underdogs\/\" \/>\n<meta property=\"og:site_name\" content=\"TG4\" \/>\n<meta property=\"article:publisher\" content=\"https:\/\/www.facebook.com\/TG4TV\" \/>\n<meta property=\"og:image\" content=\"https:\/\/tg4-docs.s3.amazonaws.com\/wp-content\/uploads\/2023\/05\/04102601\/Underdogs_2023_Sacar_2-1920x1080-1.jpg\" \/>\n\t<meta property=\"og:image:width\" content=\"1920\" \/>\n\t<meta property=\"og:image:height\" content=\"1080\" \/>\n\t<meta property=\"og:image:type\" content=\"image\/jpeg\" \/>\n<meta name=\"twitter:card\" content=\"summary_large_image\" \/>\n<meta name=\"twitter:image\" content=\"https:\/\/tg4-docs.s3.amazonaws.com\/wp-content\/uploads\/2023\/05\/04102601\/Underdogs_2023_Sacar_2-1920x1080-1.jpg\" \/>\n<meta name=\"twitter:site\" content=\"@TG4TV\" \/>\n<meta name=\"twitter:label1\" content=\"Est. reading time\" \/>\n\t<meta name=\"twitter:data1\" content=\"2 minutes\" \/>\n<script type=\"application\/ld+json\" class=\"yoast-schema-graph\">{\"@context\":\"https:\/\/schema.org\",\"@graph\":[{\"@type\":\"WebPage\",\"@id\":\"https:\/\/dev.tg4.ie\/en\/information\/press\/press-releases\/2023-2\/the-goalposts-have-shifted-for-tg4-underdogs\/\",\"url\":\"https:\/\/dev.tg4.ie\/en\/information\/press\/press-releases\/2023-2\/the-goalposts-have-shifted-for-tg4-underdogs\/\",\"name\":\"The Goalposts have shifted for TG4 UNDERDOGS! | Press Release | TG4\",\"isPartOf\":{\"@id\":\"https:\/\/dev.tg4.ie\/en\/#website\"},\"primaryImageOfPage\":{\"@id\":\"https:\/\/dev.tg4.ie\/en\/information\/press\/press-releases\/2023-2\/the-goalposts-have-shifted-for-tg4-underdogs\/#primaryimage\"},\"image\":{\"@id\":\"https:\/\/dev.tg4.ie\/en\/information\/press\/press-releases\/2023-2\/the-goalposts-have-shifted-for-tg4-underdogs\/#primaryimage\"},\"thumbnailUrl\":\"https:\/\/dev.tg4.ie\/wp-content\/uploads\/2023\/05\/Underdogs_2023_Sacar_2-1920x1080-1.jpg\",\"datePublished\":\"2023-05-24T08:32:46+00:00\",\"dateModified\":\"2023-05-24T08:32:46+00:00\",\"description\":\"The Goalposts have shifted for TG4 UNDERDOGS as the legendary series tackles Women\u2019s Soccer!\",\"breadcrumb\":{\"@id\":\"https:\/\/dev.tg4.ie\/en\/information\/press\/press-releases\/2023-2\/the-goalposts-have-shifted-for-tg4-underdogs\/#breadcrumb\"},\"inLanguage\":\"en-ie\",\"potentialAction\":[{\"@type\":\"ReadAction\",\"target\":[\"https:\/\/dev.tg4.ie\/en\/information\/press\/press-releases\/2023-2\/the-goalposts-have-shifted-for-tg4-underdogs\/\"]}]},{\"@type\":\"ImageObject\",\"inLanguage\":\"en-ie\",\"@id\":\"https:\/\/dev.tg4.ie\/en\/information\/press\/press-releases\/2023-2\/the-goalposts-have-shifted-for-tg4-underdogs\/#primaryimage\",\"url\":\"https:\/\/dev.tg4.ie\/wp-content\/uploads\/2023\/05\/Underdogs_2023_Sacar_2-1920x1080-1.jpg\",\"contentUrl\":\"https:\/\/dev.tg4.ie\/wp-content\/uploads\/2023\/05\/Underdogs_2023_Sacar_2-1920x1080-1.jpg\"},{\"@type\":\"BreadcrumbList\",\"@id\":\"https:\/\/dev.tg4.ie\/en\/information\/press\/press-releases\/2023-2\/the-goalposts-have-shifted-for-tg4-underdogs\/#breadcrumb\",\"itemListElement\":[{\"@type\":\"ListItem\",\"position\":1,\"name\":\"Home\",\"item\":\"https:\/\/dev.tg4.ie\/en\/\"},{\"@type\":\"ListItem\",\"position\":2,\"name\":\"Information\",\"item\":\"https:\/\/dev.tg4.ie\/en\/information\/\"},{\"@type\":\"ListItem\",\"position\":3,\"name\":\"Press\",\"item\":\"https:\/\/dev.tg4.ie\/en\/information\/press\/\"},{\"@type\":\"ListItem\",\"position\":4,\"name\":\"Press Releases\",\"item\":\"https:\/\/dev.tg4.ie\/en\/information\/press\/press-releases\/\"},{\"@type\":\"ListItem\",\"position\":5,\"name\":\"2023\",\"item\":\"https:\/\/dev.tg4.ie\/en\/information\/press\/press-releases\/2023-2\/\"},{\"@type\":\"ListItem\",\"position\":6,\"name\":\"The Goalposts have shifted for TG4 UNDERDOGS!\"}]},{\"@type\":\"WebSite\",\"@id\":\"https:\/\/dev.tg4.ie\/en\/#website\",\"url\":\"https:\/\/dev.tg4.ie\/en\/\",\"name\":\"TG4\",\"description\":\"S\u00fail Eile\",\"potentialAction\":[{\"@type\":\"SearchAction\",\"target\":{\"@type\":\"EntryPoint\",\"urlTemplate\":\"https:\/\/dev.tg4.ie\/en\/?s={search_term_string}\"},\"query-input\":\"required name=search_term_string\"}],\"inLanguage\":\"en-ie\"}]}<\/script>\n<!-- \/ Yoast SEO plugin. -->","yoast_head_json":{"title":"The Goalposts have shifted for TG4 UNDERDOGS! | Press Release | TG4","description":"The Goalposts have shifted for TG4 UNDERDOGS as the legendary series tackles Women\u2019s Soccer!","robots":{"index":"index","follow":"follow","max-snippet":"max-snippet:-1","max-image-preview":"max-image-preview:large","max-video-preview":"max-video-preview:-1"},"og_locale":"en_US","og_type":"article","og_title":"The Goalposts have shifted for TG4 UNDERDOGS! | Press Release | TG4","og_description":"The Goalposts have shifted for TG4 UNDERDOGS as the legendary series tackles Women\u2019s Soccer!","og_url":"https:\/\/dev.tg4.ie\/en\/information\/press\/press-releases\/2023-2\/the-goalposts-have-shifted-for-tg4-underdogs\/","og_site_name":"TG4","article_publisher":"https:\/\/www.facebook.com\/TG4TV","og_image":[{"width":1920,"height":1080,"url":"https:\/\/tg4-docs.s3.amazonaws.com\/wp-content\/uploads\/2023\/05\/04102601\/Underdogs_2023_Sacar_2-1920x1080-1.jpg","type":"image\/jpeg"}],"twitter_card":"summary_large_image","twitter_image":"https:\/\/tg4-docs.s3.amazonaws.com\/wp-content\/uploads\/2023\/05\/04102601\/Underdogs_2023_Sacar_2-1920x1080-1.jpg","twitter_site":"@TG4TV","twitter_misc":{"Est. reading time":"2 minutes"},"schema":{"@context":"https:\/\/schema.org","@graph":[{"@type":"WebPage","@id":"https:\/\/dev.tg4.ie\/en\/information\/press\/press-releases\/2023-2\/the-goalposts-have-shifted-for-tg4-underdogs\/","url":"https:\/\/dev.tg4.ie\/en\/information\/press\/press-releases\/2023-2\/the-goalposts-have-shifted-for-tg4-underdogs\/","name":"The Goalposts have shifted for TG4 UNDERDOGS! | Press Release | TG4","isPartOf":{"@id":"https:\/\/dev.tg4.ie\/en\/#website"},"primaryImageOfPage":{"@id":"https:\/\/dev.tg4.ie\/en\/information\/press\/press-releases\/2023-2\/the-goalposts-have-shifted-for-tg4-underdogs\/#primaryimage"},"image":{"@id":"https:\/\/dev.tg4.ie\/en\/information\/press\/press-releases\/2023-2\/the-goalposts-have-shifted-for-tg4-underdogs\/#primaryimage"},"thumbnailUrl":"https:\/\/dev.tg4.ie\/wp-content\/uploads\/2023\/05\/Underdogs_2023_Sacar_2-1920x1080-1.jpg","datePublished":"2023-05-24T08:32:46+00:00","dateModified":"2023-05-24T08:32:46+00:00","description":"The Goalposts have shifted for TG4 UNDERDOGS as the legendary series tackles Women\u2019s Soccer!","breadcrumb":{"@id":"https:\/\/dev.tg4.ie\/en\/information\/press\/press-releases\/2023-2\/the-goalposts-have-shifted-for-tg4-underdogs\/#breadcrumb"},"inLanguage":"en-ie","potentialAction":[{"@type":"ReadAction","target":["https:\/\/dev.tg4.ie\/en\/information\/press\/press-releases\/2023-2\/the-goalposts-have-shifted-for-tg4-underdogs\/"]}]},{"@type":"ImageObject","inLanguage":"en-ie","@id":"https:\/\/dev.tg4.ie\/en\/information\/press\/press-releases\/2023-2\/the-goalposts-have-shifted-for-tg4-underdogs\/#primaryimage","url":"https:\/\/dev.tg4.ie\/wp-content\/uploads\/2023\/05\/Underdogs_2023_Sacar_2-1920x1080-1.jpg","contentUrl":"https:\/\/dev.tg4.ie\/wp-content\/uploads\/2023\/05\/Underdogs_2023_Sacar_2-1920x1080-1.jpg"},{"@type":"BreadcrumbList","@id":"https:\/\/dev.tg4.ie\/en\/information\/press\/press-releases\/2023-2\/the-goalposts-have-shifted-for-tg4-underdogs\/#breadcrumb","itemListElement":[{"@type":"ListItem","position":1,"name":"Home","item":"https:\/\/dev.tg4.ie\/en\/"},{"@type":"ListItem","position":2,"name":"Information","item":"https:\/\/dev.tg4.ie\/en\/information\/"},{"@type":"ListItem","position":3,"name":"Press","item":"https:\/\/dev.tg4.ie\/en\/information\/press\/"},{"@type":"ListItem","position":4,"name":"Press Releases","item":"https:\/\/dev.tg4.ie\/en\/information\/press\/press-releases\/"},{"@type":"ListItem","position":5,"name":"2023","item":"https:\/\/dev.tg4.ie\/en\/information\/press\/press-releases\/2023-2\/"},{"@type":"ListItem","position":6,"name":"The Goalposts have shifted for TG4 UNDERDOGS!"}]},{"@type":"WebSite","@id":"https:\/\/dev.tg4.ie\/en\/#website","url":"https:\/\/dev.tg4.ie\/en\/","name":"TG4","description":"S\u00fail Eile","potentialAction":[{"@type":"SearchAction","target":{"@type":"EntryPoint","urlTemplate":"https:\/\/dev.tg4.ie\/en\/?s={search_term_string}"},"query-input":"required name=search_term_string"}],"inLanguage":"en-ie"}]}},"_links":{"self":[{"href":"https:\/\/dev.tg4.ie\/en\/wp-json\/wp\/v2\/pages\/190887"}],"collection":[{"href":"https:\/\/dev.tg4.ie\/en\/wp-json\/wp\/v2\/pages"}],"about":[{"href":"https:\/\/dev.tg4.ie\/en\/wp-json\/wp\/v2\/types\/page"}],"author":[{"embeddable":true,"href":"https:\/\/dev.tg4.ie\/en\/wp-json\/wp\/v2\/users\/1821"}],"replies":[{"embeddable":true,"href":"https:\/\/dev.tg4.ie\/en\/wp-json\/wp\/v2\/comments?post=190887"}],"version-history":[{"count":0,"href":"https:\/\/dev.tg4.ie\/en\/wp-json\/wp\/v2\/pages\/190887\/revisions"}],"up":[{"embeddable":true,"href":"https:\/\/dev.tg4.ie\/en\/wp-json\/wp\/v2\/pages\/180925"}],"wp:attachment":[{"href":"https:\/\/dev.tg4.ie\/en\/wp-json\/wp\/v2\/media?parent=190887"}],"curies":[{"name":"wp","href":"https:\/\/api.w.org\/{rel}","templated":true}]}}