{"id":19352,"date":"2016-05-16T12:07:36","date_gmt":"2016-05-16T11:07:36","guid":{"rendered":"https:\/\/dev.tg4.ie\/en\/corporate\/press\/press-releases\/2016-2\/16-05-16\/"},"modified":"2019-06-24T16:34:25","modified_gmt":"2019-06-24T15:34:25","slug":"16-05-16","status":"publish","type":"page","link":"https:\/\/dev.tg4.ie\/en\/information\/press\/press-releases\/2016-2\/16-05-16\/","title":{"rendered":"16.05.16"},"content":{"rendered":"<h2>TG4 receives honour at Oireachtas na Gaeilge Media Awards 2016<\/h2>\n<p>The consistently high standard of TG4\u2019s output across a wide range of output is reflected in the awards garnered by the channel at the 2016 Oireachtas na Gaeilge Media Awards, (Gradaim Ghaeilge an Oireachtais) presented in Galway over the weekend.\u00a0\u00a0 Uachtar\u00e1n na h\u00c9ireann, <strong>Michael D Higgins<\/strong>, whose role as Minister for Arts, Heritage and the Gaeltacht was key in\u00a0 the establishment of the channel, was on hand to present the Awards.<\/p>\n<p>These are the premier Irish language media awards and are much coveted by industry professionals.\u00a0 As TG4 prepares to mark twenty years of broadcasting this year, the channel\u2019s contribution was acknowledged with the supreme prize, the Lifetime Achievement Award. The station\u2019s other winners range across the full span of output \u2013 documentary, entertainment and drama.\u00a0 This Award was accepted by the TG4 Ard-Sti\u00farth\u00f3ir\u00a0 (Director General), <strong>P\u00f3l \u00d3 Gallch\u00f3ir<\/strong>.<\/p>\n<p>The full list of TG4 recipients at Oireachtas na Gaeilge 2016 Media Awards is:<\/p>\n<p><strong>TG4 &#8211; Life-Time Achievement Award <\/strong><\/p>\n<p>For the breadth, range, creativity and freshness of approach it has provided in its twenty years of broadcast, for its contribution to public service broadcasting and for the higher profile it is given the Irish language.<\/p>\n<p><strong>EIPIC\u00a0&#8211;\u00a0<\/strong><strong>Best TV Series\u00a0<\/strong>(produced by Magamedia)<\/p>\n<p>An off-beat low-fi comedy musical drama \u00a0series that follows the fortunes of 5 rural teenagers who take over their local abandoned post office in 2016 to start a musical revolution. It\u2019s a bold story about escape, empowerment and what it means to be a teenage &#8220;hero&#8221; in contemporary rural Ireland &#8211; all set against the backdrop of the 1916 centenary celebrations.<\/p>\n<p><strong>Deoch an Dorais &#8211;\u00a0<\/strong><strong>Best Film\/TV Programme\u00a0<\/strong>(produced by Magamedia)<\/p>\n<p>Documentary about Mike Malloy. He was an Irish emigrant from Donegal who fell on hard times in New York City in the early 1930s. Twenty attempts were made on his life. Now a Donegal hard man with a similar surname but of a different generation goes in search of the legend. Anthony Molloy journeys to the Bronx in search of the most durable Irish emigrant the city was ever to see.<\/p>\n<p><strong>S\u00edle Nic Chonaonaigh &#8211;\u00a0<\/strong><strong>Best Broadcaster\u00a0<\/strong>(<em>D\u00faiche<\/em> series, produced by Open Eye)<\/p>\n<p>For her warm and engaging style as presenter of this roving weekly magazine that showcases stories that reveal the real and often hidden Ireland, a mixture of serious and informative stories as well the light-hearted. Interesting individuals, the communities they live in and the groups or causes they represent take centre stage. The topics and localities covered include rural isolation, communities training as first responders, inventions and entrepreneurial spirit.<\/p>\n<p><strong>Sn\u00e1mh in Aghaidh Easa &#8211;\u00a0<\/strong><strong>Best Short film\u00a0<\/strong>\u00a0 (produced by Meangadh F\u00edb\u00edn)<\/p>\n<p>A dramatic documentary that follows four Aran Islands fishing boats as they leave Ros an Mh\u00edl port \u00a0for the Shetland Islands in search of the elusive mackerel. When the four boats left home, they could not have predicted\u00a0 that only three of the vessels would return. \u00a0Dramatic events on the 20th of January 2015 changed all that when the <em>I\u00fada Naofa<\/em> got into difficulty north of the Isle of Lewis\u00a0 \u00a0and sank. Luckily, all the crew was winched to safety, as the dramatic footage illustrates.<\/p>\n<p><strong>Stiof\u00e1n \u00d3 Fearail &#8211; Young Star of the Year<\/strong><br \/>\nThe multi-talented Stiof\u00e1n \u00a0first came to prominence as lead-singer of the group <em>Seo Linn<\/em>. He is also a co-presenter (with Eibhl\u00edn N\u00ed Chonghaile) of <em>Cleas Act <\/em>a new light entertainment show for TG4 which puts the funniest, most talkative and capable school kids on screen.<\/p>\n<p><strong><a href=\"https:\/\/dev.tg4.ie\">www.tg4.ie<\/a>\u00a0&#8211;\u00a0Best Website<\/strong><\/p>\n<p>TG4\u2019s popular and comprehensive site incorporates a Player service offering on-line access worldwide to the channel\u2019s live and recent output as well as a wide range of supplementary information and support.\u00a0 It has recently undergone a full upgrade and make-over to enhance the user experience.<\/p>\n<p><strong>Tara Breathnach &#8211;\u00a0<\/strong><strong>Best Actor<\/strong><\/p>\n<p>Perhaps best-know for her long-running major role in TG4\u2019s drama series, <em>Ros na R\u00fan<\/em> her work was acknowledged in this Award for her role in the short film\u00a0 <em>Maidhm<\/em>, about an autistic boy\u2019s search for his mother.<\/p>\n<p><span>Commenting on the channel\u2019s Lifetime Achievement Award, TG4 Ard-Sti\u00farth\u00f3ir P\u00f3l \u00d3 Gallch\u00f3ir says, \u201c<em>As TG4 finalises plans to mark our 20<sup>th<\/sup> Birthday next Halloween, this special supreme media award from Oireachtas na Gaeilge is particularly heartening for our own team and for our content creators in the independent production sector throughout Ireland.\u00a0\u00a0 Following on directly from our recent \u00a0prizes \u00a0at IFTA, CIRCOM and the Celtic Media Festival, it is both a validation from our core audience, home and abroad, of the high quality of our programmes and an inspiration for the future.\u201d<\/em> \u00a0\u00a0<\/span><\/p>\n<p>The President\u2019s speech and the Awards ceremony can be viewed here:<\/p>\n<p><a href=\"http:\/\/nasc.tg4.tv\/1TVdg49\">http:\/\/nasc.tg4.tv\/1TVdg49<\/a><\/p>\n","protected":false},"excerpt":{"rendered":"<p>TG4 receives honour at Oireachtas na Gaeilge Media Awards 2016 The consistently high standard of TG4\u2019s output across a wide range of output is reflected in the awards garnered by the channel at the 2016 Oireachtas na Gaeilge Media Awards, (Gradaim Ghaeilge an Oireachtais) presented in Galway over the weekend.\u00a0\u00a0 Uachtar\u00e1n na h\u00c9ireann, Michael D [&hellip;]<\/p>\n","protected":false},"author":876,"featured_media":19276,"parent":6901,"menu_order":18,"comment_status":"closed","ping_status":"closed","template":"page-templates\/template-pr.php","meta":{"_acf_changed":false,"footnotes":""},"acf":[],"yoast_head":"<!-- This site is optimized with the Yoast SEO plugin v22.6 - https:\/\/yoast.com\/wordpress\/plugins\/seo\/ -->\n<title>16.05.16 - TG4<\/title>\n<meta name=\"robots\" content=\"index, follow, max-snippet:-1, max-image-preview:large, max-video-preview:-1\" \/>\n<meta property=\"og:locale\" content=\"en_US\" \/>\n<meta property=\"og:type\" content=\"article\" \/>\n<meta property=\"og:title\" content=\"16.05.16 - TG4\" \/>\n<meta property=\"og:description\" content=\"TG4 receives honour at Oireachtas na Gaeilge Media Awards 2016 The consistently high standard of TG4\u2019s output across a wide range of output is reflected in the awards garnered by the channel at the 2016 Oireachtas na Gaeilge Media Awards, (Gradaim Ghaeilge an Oireachtais) presented in Galway over the weekend.\u00a0\u00a0 Uachtar\u00e1n na h\u00c9ireann, Michael D [&hellip;]\" \/>\n<meta property=\"og:url\" content=\"https:\/\/dev.tg4.ie\/en\/information\/press\/press-releases\/2016-2\/16-05-16\/\" \/>\n<meta property=\"og:site_name\" content=\"TG4\" \/>\n<meta property=\"article:publisher\" content=\"https:\/\/www.facebook.com\/TG4TV\" \/>\n<meta property=\"article:modified_time\" content=\"2019-06-24T15:34:25+00:00\" \/>\n<meta property=\"og:image\" content=\"https:\/\/tg4-docs.s3.amazonaws.com\/tg4-redesign-2015\/wp-content\/uploads\/2016\/03\/GradChum2016.jpg\" \/>\n\t<meta property=\"og:image:width\" content=\"1920\" \/>\n\t<meta property=\"og:image:height\" content=\"1080\" \/>\n\t<meta property=\"og:image:type\" content=\"image\/jpeg\" \/>\n<meta name=\"twitter:card\" content=\"summary_large_image\" \/>\n<meta name=\"twitter:site\" content=\"@TG4TV\" \/>\n<meta name=\"twitter:label1\" content=\"Est. reading time\" \/>\n\t<meta name=\"twitter:data1\" content=\"4 minutes\" \/>\n<script type=\"application\/ld+json\" class=\"yoast-schema-graph\">{\"@context\":\"https:\/\/schema.org\",\"@graph\":[{\"@type\":\"WebPage\",\"@id\":\"https:\/\/dev.tg4.ie\/en\/information\/press\/press-releases\/2016-2\/16-05-16\/\",\"url\":\"https:\/\/dev.tg4.ie\/en\/information\/press\/press-releases\/2016-2\/16-05-16\/\",\"name\":\"16.05.16 - TG4\",\"isPartOf\":{\"@id\":\"https:\/\/dev.tg4.ie\/en\/#website\"},\"primaryImageOfPage\":{\"@id\":\"https:\/\/dev.tg4.ie\/en\/information\/press\/press-releases\/2016-2\/16-05-16\/#primaryimage\"},\"image\":{\"@id\":\"https:\/\/dev.tg4.ie\/en\/information\/press\/press-releases\/2016-2\/16-05-16\/#primaryimage\"},\"thumbnailUrl\":\"https:\/\/tg4-docs.s3.amazonaws.com\/tg4-redesign-2015\/wp-content\/uploads\/2016\/03\/GradChum2016.jpg\",\"datePublished\":\"2016-05-16T11:07:36+00:00\",\"dateModified\":\"2019-06-24T15:34:25+00:00\",\"breadcrumb\":{\"@id\":\"https:\/\/dev.tg4.ie\/en\/information\/press\/press-releases\/2016-2\/16-05-16\/#breadcrumb\"},\"inLanguage\":\"en-ie\",\"potentialAction\":[{\"@type\":\"ReadAction\",\"target\":[\"https:\/\/dev.tg4.ie\/en\/information\/press\/press-releases\/2016-2\/16-05-16\/\"]}]},{\"@type\":\"ImageObject\",\"inLanguage\":\"en-ie\",\"@id\":\"https:\/\/dev.tg4.ie\/en\/information\/press\/press-releases\/2016-2\/16-05-16\/#primaryimage\",\"url\":\"https:\/\/tg4-docs.s3.amazonaws.com\/tg4-redesign-2015\/wp-content\/uploads\/2016\/03\/GradChum2016.jpg\",\"contentUrl\":\"https:\/\/tg4-docs.s3.amazonaws.com\/tg4-redesign-2015\/wp-content\/uploads\/2016\/03\/GradChum2016.jpg\",\"width\":1920,\"height\":1080,\"caption\":\"Gradaim Chumars\u00e1ide an Oireachtas 2016\"},{\"@type\":\"BreadcrumbList\",\"@id\":\"https:\/\/dev.tg4.ie\/en\/information\/press\/press-releases\/2016-2\/16-05-16\/#breadcrumb\",\"itemListElement\":[{\"@type\":\"ListItem\",\"position\":1,\"name\":\"Home\",\"item\":\"https:\/\/dev.tg4.ie\/en\/\"},{\"@type\":\"ListItem\",\"position\":2,\"name\":\"Information\",\"item\":\"https:\/\/dev.tg4.ie\/en\/information\/\"},{\"@type\":\"ListItem\",\"position\":3,\"name\":\"Press\",\"item\":\"https:\/\/dev.tg4.ie\/en\/information\/press\/\"},{\"@type\":\"ListItem\",\"position\":4,\"name\":\"Press Releases\",\"item\":\"https:\/\/dev.tg4.ie\/en\/information\/press\/press-releases\/\"},{\"@type\":\"ListItem\",\"position\":5,\"name\":\"2016\",\"item\":\"https:\/\/dev.tg4.ie\/en\/information\/press\/press-releases\/2016-2\/\"},{\"@type\":\"ListItem\",\"position\":6,\"name\":\"16.05.16\"}]},{\"@type\":\"WebSite\",\"@id\":\"https:\/\/dev.tg4.ie\/en\/#website\",\"url\":\"https:\/\/dev.tg4.ie\/en\/\",\"name\":\"TG4\",\"description\":\"S\u00fail Eile\",\"potentialAction\":[{\"@type\":\"SearchAction\",\"target\":{\"@type\":\"EntryPoint\",\"urlTemplate\":\"https:\/\/dev.tg4.ie\/en\/?s={search_term_string}\"},\"query-input\":\"required name=search_term_string\"}],\"inLanguage\":\"en-ie\"}]}<\/script>\n<!-- \/ Yoast SEO plugin. -->","yoast_head_json":{"title":"16.05.16 - TG4","robots":{"index":"index","follow":"follow","max-snippet":"max-snippet:-1","max-image-preview":"max-image-preview:large","max-video-preview":"max-video-preview:-1"},"og_locale":"en_US","og_type":"article","og_title":"16.05.16 - TG4","og_description":"TG4 receives honour at Oireachtas na Gaeilge Media Awards 2016 The consistently high standard of TG4\u2019s output across a wide range of output is reflected in the awards garnered by the channel at the 2016 Oireachtas na Gaeilge Media Awards, (Gradaim Ghaeilge an Oireachtais) presented in Galway over the weekend.\u00a0\u00a0 Uachtar\u00e1n na h\u00c9ireann, Michael D [&hellip;]","og_url":"https:\/\/dev.tg4.ie\/en\/information\/press\/press-releases\/2016-2\/16-05-16\/","og_site_name":"TG4","article_publisher":"https:\/\/www.facebook.com\/TG4TV","article_modified_time":"2019-06-24T15:34:25+00:00","og_image":[{"width":1920,"height":1080,"url":"https:\/\/tg4-docs.s3.amazonaws.com\/tg4-redesign-2015\/wp-content\/uploads\/2016\/03\/GradChum2016.jpg","type":"image\/jpeg"}],"twitter_card":"summary_large_image","twitter_site":"@TG4TV","twitter_misc":{"Est. reading time":"4 minutes"},"schema":{"@context":"https:\/\/schema.org","@graph":[{"@type":"WebPage","@id":"https:\/\/dev.tg4.ie\/en\/information\/press\/press-releases\/2016-2\/16-05-16\/","url":"https:\/\/dev.tg4.ie\/en\/information\/press\/press-releases\/2016-2\/16-05-16\/","name":"16.05.16 - TG4","isPartOf":{"@id":"https:\/\/dev.tg4.ie\/en\/#website"},"primaryImageOfPage":{"@id":"https:\/\/dev.tg4.ie\/en\/information\/press\/press-releases\/2016-2\/16-05-16\/#primaryimage"},"image":{"@id":"https:\/\/dev.tg4.ie\/en\/information\/press\/press-releases\/2016-2\/16-05-16\/#primaryimage"},"thumbnailUrl":"https:\/\/tg4-docs.s3.amazonaws.com\/tg4-redesign-2015\/wp-content\/uploads\/2016\/03\/GradChum2016.jpg","datePublished":"2016-05-16T11:07:36+00:00","dateModified":"2019-06-24T15:34:25+00:00","breadcrumb":{"@id":"https:\/\/dev.tg4.ie\/en\/information\/press\/press-releases\/2016-2\/16-05-16\/#breadcrumb"},"inLanguage":"en-ie","potentialAction":[{"@type":"ReadAction","target":["https:\/\/dev.tg4.ie\/en\/information\/press\/press-releases\/2016-2\/16-05-16\/"]}]},{"@type":"ImageObject","inLanguage":"en-ie","@id":"https:\/\/dev.tg4.ie\/en\/information\/press\/press-releases\/2016-2\/16-05-16\/#primaryimage","url":"https:\/\/tg4-docs.s3.amazonaws.com\/tg4-redesign-2015\/wp-content\/uploads\/2016\/03\/GradChum2016.jpg","contentUrl":"https:\/\/tg4-docs.s3.amazonaws.com\/tg4-redesign-2015\/wp-content\/uploads\/2016\/03\/GradChum2016.jpg","width":1920,"height":1080,"caption":"Gradaim Chumars\u00e1ide an Oireachtas 2016"},{"@type":"BreadcrumbList","@id":"https:\/\/dev.tg4.ie\/en\/information\/press\/press-releases\/2016-2\/16-05-16\/#breadcrumb","itemListElement":[{"@type":"ListItem","position":1,"name":"Home","item":"https:\/\/dev.tg4.ie\/en\/"},{"@type":"ListItem","position":2,"name":"Information","item":"https:\/\/dev.tg4.ie\/en\/information\/"},{"@type":"ListItem","position":3,"name":"Press","item":"https:\/\/dev.tg4.ie\/en\/information\/press\/"},{"@type":"ListItem","position":4,"name":"Press Releases","item":"https:\/\/dev.tg4.ie\/en\/information\/press\/press-releases\/"},{"@type":"ListItem","position":5,"name":"2016","item":"https:\/\/dev.tg4.ie\/en\/information\/press\/press-releases\/2016-2\/"},{"@type":"ListItem","position":6,"name":"16.05.16"}]},{"@type":"WebSite","@id":"https:\/\/dev.tg4.ie\/en\/#website","url":"https:\/\/dev.tg4.ie\/en\/","name":"TG4","description":"S\u00fail Eile","potentialAction":[{"@type":"SearchAction","target":{"@type":"EntryPoint","urlTemplate":"https:\/\/dev.tg4.ie\/en\/?s={search_term_string}"},"query-input":"required name=search_term_string"}],"inLanguage":"en-ie"}]}},"_links":{"self":[{"href":"https:\/\/dev.tg4.ie\/en\/wp-json\/wp\/v2\/pages\/19352"}],"collection":[{"href":"https:\/\/dev.tg4.ie\/en\/wp-json\/wp\/v2\/pages"}],"about":[{"href":"https:\/\/dev.tg4.ie\/en\/wp-json\/wp\/v2\/types\/page"}],"author":[{"embeddable":true,"href":"https:\/\/dev.tg4.ie\/en\/wp-json\/wp\/v2\/users\/876"}],"replies":[{"embeddable":true,"href":"https:\/\/dev.tg4.ie\/en\/wp-json\/wp\/v2\/comments?post=19352"}],"version-history":[{"count":0,"href":"https:\/\/dev.tg4.ie\/en\/wp-json\/wp\/v2\/pages\/19352\/revisions"}],"up":[{"embeddable":true,"href":"https:\/\/dev.tg4.ie\/en\/wp-json\/wp\/v2\/pages\/6901"}],"wp:featuredmedia":[{"embeddable":true,"href":"https:\/\/dev.tg4.ie\/en\/wp-json\/wp\/v2\/media\/19276"}],"wp:attachment":[{"href":"https:\/\/dev.tg4.ie\/en\/wp-json\/wp\/v2\/media?parent=19352"}],"curies":[{"name":"wp","href":"https:\/\/api.w.org\/{rel}","templated":true}]}}