{"id":195274,"date":"2023-05-24T10:29:28","date_gmt":"2023-05-24T09:29:28","guid":{"rendered":"https:\/\/dev.tg4.ie\/?page_id=195274"},"modified":"2023-05-24T11:04:13","modified_gmt":"2023-05-24T10:04:13","slug":"tg4-is-searching-for-new-weather-continuity-presenters","status":"publish","type":"page","link":"https:\/\/dev.tg4.ie\/en\/information\/press\/press-releases\/2023-2\/tg4-is-searching-for-new-weather-continuity-presenters\/","title":{"rendered":"TG4 is searching for New Weather &#038; Continuity Presenters"},"content":{"rendered":"<p><img loading=\"lazy\" decoding=\"async\" width=\"1920\" height=\"1080\" src=\"https:\/\/tg4-docs.s3.amazonaws.com\/wp-content\/uploads\/2023\/05\/24101520\/Laithreoiri_Aimsire-Mairead-Fiona-Caitlin-1-1920x1080-1.jpg\" alt=\"\" class=\"aligncenter size-full wp-image-195270\" srcset=\"https:\/\/tg4-docs.s3.amazonaws.com\/wp-content\/uploads\/2023\/05\/24101520\/Laithreoiri_Aimsire-Mairead-Fiona-Caitlin-1-1920x1080-1.jpg 1920w, https:\/\/tg4-docs.s3.amazonaws.com\/wp-content\/uploads\/2023\/05\/24101520\/Laithreoiri_Aimsire-Mairead-Fiona-Caitlin-1-1920x1080-1-250x141.jpg 250w, https:\/\/tg4-docs.s3.amazonaws.com\/wp-content\/uploads\/2023\/05\/24101520\/Laithreoiri_Aimsire-Mairead-Fiona-Caitlin-1-1920x1080-1-700x394.jpg 700w, https:\/\/tg4-docs.s3.amazonaws.com\/wp-content\/uploads\/2023\/05\/24101520\/Laithreoiri_Aimsire-Mairead-Fiona-Caitlin-1-1920x1080-1-252x141.jpg 252w, https:\/\/tg4-docs.s3.amazonaws.com\/wp-content\/uploads\/2023\/05\/24101520\/Laithreoiri_Aimsire-Mairead-Fiona-Caitlin-1-1920x1080-1-1536x864.jpg 1536w, https:\/\/tg4-docs.s3.amazonaws.com\/wp-content\/uploads\/2023\/05\/24101520\/Laithreoiri_Aimsire-Mairead-Fiona-Caitlin-1-1920x1080-1-120x68.jpg 120w\" sizes=\"(max-width: 1920px) 100vw, 1920px\" \/><br \/>\n&nbsp;<br \/>\nYouTube Link:<\/p>\n<p><a href=\"https:\/\/youtu.be\/KPzRVY8hrTU\" rel=\"noopener\" target=\"_blank\">https:\/\/youtu.be\/KPzRVY8hrTU<\/a><br \/>\n&nbsp;<\/p>\n<p>TG4 welcomes applicants who are interested in being on the their presenter&#8217;s panel. This is a wonderful opportunity for anyone interested in presenting the weather and continuity on television. Those applying to be on the TG4 panel would need to be fluent as Gaeilge and have an excellent standard of written Irish. No presenting experience is required as training will be provided.<br \/>\n&nbsp;<\/p>\n<p>To apply to be on the panel please send a one minute video clip describing yourself, along with a CV to: <a href=\"mailto:cv@dev.tg4.ie\" rel=\"noopener\" target=\"_blank\">cv@dev.tg4.ie<\/a>. Please apply before or on the 8th of June 2023.<br \/>\n&nbsp;<\/p>\n<p>Candidates will be shortlisted and those on this list will be invited to attend a screen trials day in TG4, Baile na hAbhann, Co. Galway on the 22nd of June.<br \/>\n&nbsp;<\/p>\n<p>The new presenters will be based at the TG4 Headquarters in Conamara. Their duties will include: preparing and presenting daily weather segments, drafting scripts, doing voice overs on some TG4 promos, as well as monitoring the TG4 social media platforms. On occasion the presenter may be asked to represent TG4 at public events.<br \/>\n&nbsp;<\/p>\n<p><strong>Caitl\u00edn Nic Aoidh<\/strong>, TG4&#8217;s Presentation Coordinator, has been a weather and continuity presenter with TG4 for many years and she says: <em>\u201cWe are delighted to be adding to our panel of Weather and Continuity Presenters. It is a wonderful opportunity for someone wishing to take a step towards working in the media sector. A number of established presenters started on TG4\u2019s Continuity and Weather presenters panel: Aoife N\u00ed Thuairisg, S\u00edle Seoige, Daith\u00ed \u00d3 S\u00e9, P\u00e1id\u00ed \u00d3 Lion\u00e1ird and many others. Best of luck to all those applying. Go n-\u00e9ir\u00ed libh!\u201d<\/em><br \/>\n&nbsp;<\/p>\n<p>Deadline for applications: 08\/06\/23.<\/p>\n<p>&nbsp;<br \/>\n&nbsp;<br \/>\n&nbsp;<\/p>\n","protected":false},"excerpt":{"rendered":"<p>&nbsp; YouTube Link: https:\/\/youtu.be\/KPzRVY8hrTU &nbsp; TG4 welcomes applicants who are interested in being on the their presenter&#8217;s panel. This is a wonderful opportunity for anyone interested in presenting the weather and continuity on television. Those applying to be on the TG4 panel would need to be fluent as Gaeilge and have an excellent standard of [&hellip;]<\/p>\n","protected":false},"author":876,"featured_media":0,"parent":180925,"menu_order":13,"comment_status":"closed","ping_status":"closed","template":"page-templates\/template-pr.php","meta":{"_acf_changed":false,"footnotes":""},"acf":[],"yoast_head":"<!-- This site is optimized with the Yoast SEO plugin v22.6 - https:\/\/yoast.com\/wordpress\/plugins\/seo\/ -->\n<title>TG4 is searching for New Weather &amp; Continuity Presenters | Press Release | TG4<\/title>\n<meta name=\"description\" content=\"Would you like to be on TG4\u2019s Weather &amp; Continuity Presenters Panel? This is your chance.\" \/>\n<meta name=\"robots\" content=\"index, follow, max-snippet:-1, max-image-preview:large, max-video-preview:-1\" \/>\n<meta property=\"og:locale\" content=\"en_US\" \/>\n<meta property=\"og:type\" content=\"article\" \/>\n<meta property=\"og:title\" content=\"TG4 is searching for New Weather &amp; Continuity Presenters | Press Release | TG4\" \/>\n<meta property=\"og:description\" content=\"Would you like to be on TG4\u2019s Weather &amp; Continuity Presenters Panel? This is your chance.\" \/>\n<meta property=\"og:url\" content=\"https:\/\/dev.tg4.ie\/en\/information\/press\/press-releases\/2023-2\/tg4-is-searching-for-new-weather-continuity-presenters\/\" \/>\n<meta property=\"og:site_name\" content=\"TG4\" \/>\n<meta property=\"article:publisher\" content=\"https:\/\/www.facebook.com\/TG4TV\" \/>\n<meta property=\"article:modified_time\" content=\"2023-05-24T10:04:13+00:00\" \/>\n<meta property=\"og:image\" content=\"https:\/\/tg4-docs.s3.amazonaws.com\/wp-content\/uploads\/2023\/05\/24101520\/Laithreoiri_Aimsire-Mairead-Fiona-Caitlin-1-1920x1080-1-700x394.jpg\" \/>\n<meta name=\"twitter:card\" content=\"summary_large_image\" \/>\n<meta name=\"twitter:image\" content=\"https:\/\/tg4-docs.s3.amazonaws.com\/wp-content\/uploads\/2023\/05\/24101520\/Laithreoiri_Aimsire-Mairead-Fiona-Caitlin-1-1920x1080-1-700x394.jpg\" \/>\n<meta name=\"twitter:site\" content=\"@TG4TV\" \/>\n<meta name=\"twitter:label1\" content=\"Est. reading time\" \/>\n\t<meta name=\"twitter:data1\" content=\"2 minutes\" \/>\n<script type=\"application\/ld+json\" class=\"yoast-schema-graph\">{\"@context\":\"https:\/\/schema.org\",\"@graph\":[{\"@type\":\"WebPage\",\"@id\":\"https:\/\/dev.tg4.ie\/en\/information\/press\/press-releases\/2023-2\/tg4-is-searching-for-new-weather-continuity-presenters\/\",\"url\":\"https:\/\/dev.tg4.ie\/en\/information\/press\/press-releases\/2023-2\/tg4-is-searching-for-new-weather-continuity-presenters\/\",\"name\":\"TG4 is searching for New Weather & Continuity Presenters | Press Release | TG4\",\"isPartOf\":{\"@id\":\"https:\/\/dev.tg4.ie\/en\/#website\"},\"primaryImageOfPage\":{\"@id\":\"https:\/\/dev.tg4.ie\/en\/information\/press\/press-releases\/2023-2\/tg4-is-searching-for-new-weather-continuity-presenters\/#primaryimage\"},\"image\":{\"@id\":\"https:\/\/dev.tg4.ie\/en\/information\/press\/press-releases\/2023-2\/tg4-is-searching-for-new-weather-continuity-presenters\/#primaryimage\"},\"thumbnailUrl\":\"https:\/\/dev.tg4.ie\/wp-content\/uploads\/2023\/05\/Laithreoiri_Aimsire-Mairead-Fiona-Caitlin-1-1920x1080-1.jpg\",\"datePublished\":\"2023-05-24T09:29:28+00:00\",\"dateModified\":\"2023-05-24T10:04:13+00:00\",\"description\":\"Would you like to be on TG4\u2019s Weather & Continuity Presenters Panel? This is your chance.\",\"breadcrumb\":{\"@id\":\"https:\/\/dev.tg4.ie\/en\/information\/press\/press-releases\/2023-2\/tg4-is-searching-for-new-weather-continuity-presenters\/#breadcrumb\"},\"inLanguage\":\"en-ie\",\"potentialAction\":[{\"@type\":\"ReadAction\",\"target\":[\"https:\/\/dev.tg4.ie\/en\/information\/press\/press-releases\/2023-2\/tg4-is-searching-for-new-weather-continuity-presenters\/\"]}]},{\"@type\":\"ImageObject\",\"inLanguage\":\"en-ie\",\"@id\":\"https:\/\/dev.tg4.ie\/en\/information\/press\/press-releases\/2023-2\/tg4-is-searching-for-new-weather-continuity-presenters\/#primaryimage\",\"url\":\"https:\/\/dev.tg4.ie\/wp-content\/uploads\/2023\/05\/Laithreoiri_Aimsire-Mairead-Fiona-Caitlin-1-1920x1080-1.jpg\",\"contentUrl\":\"https:\/\/dev.tg4.ie\/wp-content\/uploads\/2023\/05\/Laithreoiri_Aimsire-Mairead-Fiona-Caitlin-1-1920x1080-1.jpg\"},{\"@type\":\"BreadcrumbList\",\"@id\":\"https:\/\/dev.tg4.ie\/en\/information\/press\/press-releases\/2023-2\/tg4-is-searching-for-new-weather-continuity-presenters\/#breadcrumb\",\"itemListElement\":[{\"@type\":\"ListItem\",\"position\":1,\"name\":\"Home\",\"item\":\"https:\/\/dev.tg4.ie\/en\/\"},{\"@type\":\"ListItem\",\"position\":2,\"name\":\"Information\",\"item\":\"https:\/\/dev.tg4.ie\/en\/information\/\"},{\"@type\":\"ListItem\",\"position\":3,\"name\":\"Press\",\"item\":\"https:\/\/dev.tg4.ie\/en\/information\/press\/\"},{\"@type\":\"ListItem\",\"position\":4,\"name\":\"Press Releases\",\"item\":\"https:\/\/dev.tg4.ie\/en\/information\/press\/press-releases\/\"},{\"@type\":\"ListItem\",\"position\":5,\"name\":\"2023\",\"item\":\"https:\/\/dev.tg4.ie\/en\/information\/press\/press-releases\/2023-2\/\"},{\"@type\":\"ListItem\",\"position\":6,\"name\":\"TG4 is searching for New Weather &#038; Continuity Presenters\"}]},{\"@type\":\"WebSite\",\"@id\":\"https:\/\/dev.tg4.ie\/en\/#website\",\"url\":\"https:\/\/dev.tg4.ie\/en\/\",\"name\":\"TG4\",\"description\":\"S\u00fail Eile\",\"potentialAction\":[{\"@type\":\"SearchAction\",\"target\":{\"@type\":\"EntryPoint\",\"urlTemplate\":\"https:\/\/dev.tg4.ie\/en\/?s={search_term_string}\"},\"query-input\":\"required name=search_term_string\"}],\"inLanguage\":\"en-ie\"}]}<\/script>\n<!-- \/ Yoast SEO plugin. -->","yoast_head_json":{"title":"TG4 is searching for New Weather & Continuity Presenters | Press Release | TG4","description":"Would you like to be on TG4\u2019s Weather & Continuity Presenters Panel? This is your chance.","robots":{"index":"index","follow":"follow","max-snippet":"max-snippet:-1","max-image-preview":"max-image-preview:large","max-video-preview":"max-video-preview:-1"},"og_locale":"en_US","og_type":"article","og_title":"TG4 is searching for New Weather & Continuity Presenters | Press Release | TG4","og_description":"Would you like to be on TG4\u2019s Weather & Continuity Presenters Panel? This is your chance.","og_url":"https:\/\/dev.tg4.ie\/en\/information\/press\/press-releases\/2023-2\/tg4-is-searching-for-new-weather-continuity-presenters\/","og_site_name":"TG4","article_publisher":"https:\/\/www.facebook.com\/TG4TV","article_modified_time":"2023-05-24T10:04:13+00:00","og_image":[{"url":"https:\/\/tg4-docs.s3.amazonaws.com\/wp-content\/uploads\/2023\/05\/24101520\/Laithreoiri_Aimsire-Mairead-Fiona-Caitlin-1-1920x1080-1-700x394.jpg"}],"twitter_card":"summary_large_image","twitter_image":"https:\/\/tg4-docs.s3.amazonaws.com\/wp-content\/uploads\/2023\/05\/24101520\/Laithreoiri_Aimsire-Mairead-Fiona-Caitlin-1-1920x1080-1-700x394.jpg","twitter_site":"@TG4TV","twitter_misc":{"Est. reading time":"2 minutes"},"schema":{"@context":"https:\/\/schema.org","@graph":[{"@type":"WebPage","@id":"https:\/\/dev.tg4.ie\/en\/information\/press\/press-releases\/2023-2\/tg4-is-searching-for-new-weather-continuity-presenters\/","url":"https:\/\/dev.tg4.ie\/en\/information\/press\/press-releases\/2023-2\/tg4-is-searching-for-new-weather-continuity-presenters\/","name":"TG4 is searching for New Weather & Continuity Presenters | Press Release | TG4","isPartOf":{"@id":"https:\/\/dev.tg4.ie\/en\/#website"},"primaryImageOfPage":{"@id":"https:\/\/dev.tg4.ie\/en\/information\/press\/press-releases\/2023-2\/tg4-is-searching-for-new-weather-continuity-presenters\/#primaryimage"},"image":{"@id":"https:\/\/dev.tg4.ie\/en\/information\/press\/press-releases\/2023-2\/tg4-is-searching-for-new-weather-continuity-presenters\/#primaryimage"},"thumbnailUrl":"https:\/\/dev.tg4.ie\/wp-content\/uploads\/2023\/05\/Laithreoiri_Aimsire-Mairead-Fiona-Caitlin-1-1920x1080-1.jpg","datePublished":"2023-05-24T09:29:28+00:00","dateModified":"2023-05-24T10:04:13+00:00","description":"Would you like to be on TG4\u2019s Weather & Continuity Presenters Panel? This is your chance.","breadcrumb":{"@id":"https:\/\/dev.tg4.ie\/en\/information\/press\/press-releases\/2023-2\/tg4-is-searching-for-new-weather-continuity-presenters\/#breadcrumb"},"inLanguage":"en-ie","potentialAction":[{"@type":"ReadAction","target":["https:\/\/dev.tg4.ie\/en\/information\/press\/press-releases\/2023-2\/tg4-is-searching-for-new-weather-continuity-presenters\/"]}]},{"@type":"ImageObject","inLanguage":"en-ie","@id":"https:\/\/dev.tg4.ie\/en\/information\/press\/press-releases\/2023-2\/tg4-is-searching-for-new-weather-continuity-presenters\/#primaryimage","url":"https:\/\/dev.tg4.ie\/wp-content\/uploads\/2023\/05\/Laithreoiri_Aimsire-Mairead-Fiona-Caitlin-1-1920x1080-1.jpg","contentUrl":"https:\/\/dev.tg4.ie\/wp-content\/uploads\/2023\/05\/Laithreoiri_Aimsire-Mairead-Fiona-Caitlin-1-1920x1080-1.jpg"},{"@type":"BreadcrumbList","@id":"https:\/\/dev.tg4.ie\/en\/information\/press\/press-releases\/2023-2\/tg4-is-searching-for-new-weather-continuity-presenters\/#breadcrumb","itemListElement":[{"@type":"ListItem","position":1,"name":"Home","item":"https:\/\/dev.tg4.ie\/en\/"},{"@type":"ListItem","position":2,"name":"Information","item":"https:\/\/dev.tg4.ie\/en\/information\/"},{"@type":"ListItem","position":3,"name":"Press","item":"https:\/\/dev.tg4.ie\/en\/information\/press\/"},{"@type":"ListItem","position":4,"name":"Press Releases","item":"https:\/\/dev.tg4.ie\/en\/information\/press\/press-releases\/"},{"@type":"ListItem","position":5,"name":"2023","item":"https:\/\/dev.tg4.ie\/en\/information\/press\/press-releases\/2023-2\/"},{"@type":"ListItem","position":6,"name":"TG4 is searching for New Weather &#038; Continuity Presenters"}]},{"@type":"WebSite","@id":"https:\/\/dev.tg4.ie\/en\/#website","url":"https:\/\/dev.tg4.ie\/en\/","name":"TG4","description":"S\u00fail Eile","potentialAction":[{"@type":"SearchAction","target":{"@type":"EntryPoint","urlTemplate":"https:\/\/dev.tg4.ie\/en\/?s={search_term_string}"},"query-input":"required name=search_term_string"}],"inLanguage":"en-ie"}]}},"_links":{"self":[{"href":"https:\/\/dev.tg4.ie\/en\/wp-json\/wp\/v2\/pages\/195274"}],"collection":[{"href":"https:\/\/dev.tg4.ie\/en\/wp-json\/wp\/v2\/pages"}],"about":[{"href":"https:\/\/dev.tg4.ie\/en\/wp-json\/wp\/v2\/types\/page"}],"author":[{"embeddable":true,"href":"https:\/\/dev.tg4.ie\/en\/wp-json\/wp\/v2\/users\/876"}],"replies":[{"embeddable":true,"href":"https:\/\/dev.tg4.ie\/en\/wp-json\/wp\/v2\/comments?post=195274"}],"version-history":[{"count":0,"href":"https:\/\/dev.tg4.ie\/en\/wp-json\/wp\/v2\/pages\/195274\/revisions"}],"up":[{"embeddable":true,"href":"https:\/\/dev.tg4.ie\/en\/wp-json\/wp\/v2\/pages\/180925"}],"wp:attachment":[{"href":"https:\/\/dev.tg4.ie\/en\/wp-json\/wp\/v2\/media?parent=195274"}],"curies":[{"name":"wp","href":"https:\/\/api.w.org\/{rel}","templated":true}]}}