{"id":195582,"date":"2023-05-31T09:07:27","date_gmt":"2023-05-31T08:07:27","guid":{"rendered":"https:\/\/dev.tg4.ie\/?page_id=195582"},"modified":"2023-06-01T10:35:42","modified_gmt":"2023-06-01T09:35:42","slug":"tg4-celebrates-comortas-peile-na-gaeltachta-2023-in-donegal","status":"publish","type":"page","link":"https:\/\/dev.tg4.ie\/en\/information\/press\/press-releases\/2023-2\/tg4-celebrates-comortas-peile-na-gaeltachta-2023-in-donegal\/","title":{"rendered":"TG4 celebrates Com\u00f3rtas Peile na Gaeltachta 2023 in Donegal"},"content":{"rendered":"<p><img loading=\"lazy\" decoding=\"async\" width=\"1920\" height=\"1080\" src=\"https:\/\/tg4-docs.s3.amazonaws.com\/wp-content\/uploads\/2023\/05\/29162535\/Comortas_Peile_2023_1-1920x1080-1.jpg\" alt=\"\" class=\"aligncenter size-full wp-image-195496\" srcset=\"https:\/\/tg4-docs.s3.amazonaws.com\/wp-content\/uploads\/2023\/05\/29162535\/Comortas_Peile_2023_1-1920x1080-1.jpg 1920w, https:\/\/tg4-docs.s3.amazonaws.com\/wp-content\/uploads\/2023\/05\/29162535\/Comortas_Peile_2023_1-1920x1080-1-250x141.jpg 250w, https:\/\/tg4-docs.s3.amazonaws.com\/wp-content\/uploads\/2023\/05\/29162535\/Comortas_Peile_2023_1-1920x1080-1-700x394.jpg 700w, https:\/\/tg4-docs.s3.amazonaws.com\/wp-content\/uploads\/2023\/05\/29162535\/Comortas_Peile_2023_1-1920x1080-1-252x141.jpg 252w, https:\/\/tg4-docs.s3.amazonaws.com\/wp-content\/uploads\/2023\/05\/29162535\/Comortas_Peile_2023_1-1920x1080-1-1536x864.jpg 1536w, https:\/\/tg4-docs.s3.amazonaws.com\/wp-content\/uploads\/2023\/05\/29162535\/Comortas_Peile_2023_1-1920x1080-1-120x68.jpg 120w\" sizes=\"(max-width: 1920px) 100vw, 1920px\" \/><\/p>\n<p>Nasc YouTube: <a href=\"https:\/\/youtu.be\/Ar_QeX-X_00\" target=\"_blank\" rel=\"noopener\">https:\/\/youtu.be\/Ar_QeX-X_00<\/a><br \/>\n&nbsp;<br \/>\nTG4 will be at the heart of this year&#8217;s Com\u00f3rtas Peile na Gaeltachta. The competitions will take place in the Donegal Gaeltacht between the 2nd and 5th of June and will be hosted by the CLG Naomh Muire club. TG4 are proud partners of the annual competition. Many of the games will be broadcast on TG4 platforms, live on the Sp\u00f3rt TG4\u2019s YouTube channel or televised live on TG4. In addition to this, the games will be available to watch globally on the TG4 Player.<br \/>\n&nbsp;<\/p>\n<p>Presenters M\u00e1ire N\u00ed Bhraon\u00e1in and Miche\u00e1l \u00d3 Domhnaill will be joined by Mac Dara Mac Donncha, Brian Tyers, C\u00e1rthach B\u00e1n Breathnach and Conall \u00d3 M\u00e1irt\u00edn who will provide commentary at the annual competition. (Sp\u00f3rt TG4\u2019s YouTube channel can be found here: www.youtube.com\/sporttg4.)  Analysts will include some Com\u00f3rtas Peile legends including Kerry\u2019s Aod\u00e1n Mac Gearailt (An Ghaeltacht), Galway\u2019s Se\u00e1n \u00d3g de Paor (An Cheathr\u00fa Rua), Donegals\u2019 Kevin Cassidy (Gaoth Dobhair), Galway\u2019s Sarah N\u00ed Loingsigh (Naomh Anna) and Donegal\u2019s Emer N\u00ed Ghallch\u00f3ir (An Tearmann).<br \/>\n&nbsp;<\/p>\n<p>The Ladies Junior Final will be broadcast live on Sp\u00f3rt TG4\u2019s YouTube channel at 10.00am Monday morning. It will be followed by the Senior Ladies Final live on TG4 at 12 noon.  Sp\u00f3rt TG4\u2019s YouTube channel can be found here: <a href=\"https:\/\/www.youtube.com\/sporttg4\" rel=\"noopener\" target=\"_blank\">www.youtube.com\/sporttg4<\/a>. Nuacht TG4 and MOLSC\u00c9AL will be reporting from the competition over the long weekend.<br \/>\n&nbsp;<\/p>\n<p>An Cail\u00edn Gaelach will broadcast live on Molsc\u00e9al\u2019s Facebook page <a href=\"https:\/\/www.facebook.com\/MOLSCEALTG4\/\" rel=\"noopener\" target=\"_blank\">https:\/\/www.facebook.com\/MOLSCEALTG4\/<\/a> Sunday night from 9.30pm. It will be hosted by D\u00f3nall Mac Ruair\u00ed. Follow the conversation online on MOLSC\u00c9AL and Sp\u00f3rt TG4\u2019s social media platforms using the hashtag #CPNG23.<br \/>\n&nbsp;<\/p>\n<p>ARCHIVE: Com\u00f3rtas Peile na Gaeltachta:<\/p>\n<p>Full games and highlights from the Com\u00f3rtas Peile na Gaeltachta archives from 1996-2006 are now available on <a href=\"https:\/\/dev.tg4.ie\/cartlann\">www.tg4.ie\/cartlann<\/a><\/p>\n<p>This project received funding from Coimisi\u00fan na Me\u00e1n. This material is available with the permission of the GAA.<br \/>\n&nbsp;<br \/>\n&nbsp;<\/p>\n<p><strong>TG4 schedules for Com\u00f3rtas Peile na Gaeltachta are as follows:<\/strong><br \/>\n&nbsp;<\/p>\n<p> Saturday 3 June &#8211;                                                              Iocation :P\u00e1irc CLG Naomh Muire, Na M\u00e9ilte<\/p>\n<p>11:00    Reamhbhabhta\u00ed S\u00f3isear na bhFear                      Clann na nGael v Lios P\u00f3il    -YouTube Sp\u00f3rt TG4<\/p>\n<p>13:00    Cluiche Ceathr\u00fa Ceannais Sinsear na bhFear     Naomh Conaill v B\u00e9al \u00c1tha Ghaorthaidh    -YouTube Sp\u00f3rt TG4<\/p>\n<p>15:00    Cluiche Ceathr\u00fa Ceannais S\u00f3isear na bhFear     Cill Chom\u00e1in v Laochra Loch Lao    -YouTube Sp\u00f3rt TG4<\/p>\n<p>17:00    Cluiche Ceathr\u00fa Ceannais Sinsear na bhFear     Naomh Anna v Cill na Martra   -YouTube Sp\u00f3rt TG4<\/p>\n<p>19:00    Cluiche Ceathr\u00fa Ceannais S\u00f3isear na bhFear     Buaiteoir\u00ed 2 v Buaiteoir\u00ed 3    -YouTube Sp\u00f3rt TG4<br \/>\n&nbsp;<\/p>\n<p>Sunday 4 June &#8211;                                                                 Iocation: P\u00e1irc CLG Naomh Muire, Na M\u00e9ilte<\/p>\n<p>11:45    Cluiche Leathcheannais S\u00f3isear na mBan            Naomh Muire v Buaiteoir\u00ed 3   -YouTube Sp\u00f3rt TG4<\/p>\n<p>13:45    Cluiche Leathcheannais Sinsear na mBan           An Tearmann v Cill Chom\u00e1in    -YouTube Sp\u00f3rt TG4<\/p>\n<p>15:45    Cluiche Leathcheannais S\u00f3isear na bhFear         Naomh Muire v Buaiteoir\u00ed B    -YouTube Sp\u00f3rt TG4<\/p>\n<p>17:45    Cluiche Leathcheannais Sinsear na bhFear        TG4 &#038; TG4 Player worldwide \/ Aip TG4<\/p>\n<p>19:30    Cluiche Leathcheannais Sinsear na bhFear        TG4 &#038; TG4 Player worldwide\/ Aip TG4<\/p>\n<p>&nbsp;<\/p>\n<p>Monday  5 June &#8211;                                                             Iocation: P\u00e1irc CLG Naomh Muire, Na M\u00e9ilte<\/p>\n<p>10:00    Cluiche Ceannais S\u00f3isear na mBan                    YouTube Sp\u00f3rt TG4<\/p>\n<p>12:00    Cluiche Ceannais Sinsear na mBan                    TG4 &#038; TG4 Player worldwide\/ Aip TG4<\/p>\n<p>14.00    Cluiche Ceannais S\u00f3isear na bhFear                  TG4 &#038; TG4 Player worldwide \/ Aip TG4<\/p>\n<p>16:00    Cluiche Ceannais Sinsear na bhFear                  TG4 &#038; TG4 Player worldwide \/ Aip TG4<br \/>\n&nbsp;<br \/>\nTWITTER: @CPnaGaeltachta<br \/>\nINSTAGRAM: @cpng2023<br \/>\nFACEBOOK: Com\u00f3rtas Peile na Gaeltachta 2023 CLG Naomh Muire.<\/p>\n<p>&nbsp;<\/p>\n","protected":false},"excerpt":{"rendered":"<p>Nasc YouTube: https:\/\/youtu.be\/Ar_QeX-X_00 &nbsp; TG4 will be at the heart of this year&#8217;s Com\u00f3rtas Peile na Gaeltachta. The competitions will take place in the Donegal Gaeltacht between the 2nd and 5th of June and will be hosted by the CLG Naomh Muire club. TG4 are proud partners of the annual competition. Many of the games [&hellip;]<\/p>\n","protected":false},"author":876,"featured_media":0,"parent":180925,"menu_order":15,"comment_status":"closed","ping_status":"closed","template":"page-templates\/template-pr.php","meta":{"_acf_changed":false,"footnotes":""},"acf":[],"yoast_head":"<!-- This site is optimized with the Yoast SEO plugin v22.6 - https:\/\/yoast.com\/wordpress\/plugins\/seo\/ -->\n<title>TG4 ag ceili\u00faradh Chom\u00f3rtas Peile na Gaeltachta 2023 | Preas R\u00e1iteas | TG4<\/title>\n<meta name=\"description\" content=\"Beidh TG4 i l\u00e1r an aonaigh ag Com\u00f3rtas Peile na Gaeltachta at\u00e1 \u00e1 re\u00e1cht\u00e1il ag Naomh Muire \u00cdochtar na Rosann \u00f3n 2 - 5 Meitheamh sna M\u00e9ilte i dT\u00edr Chonaill\" \/>\n<meta name=\"robots\" content=\"index, follow, max-snippet:-1, max-image-preview:large, max-video-preview:-1\" \/>\n<meta property=\"og:locale\" content=\"en_US\" \/>\n<meta property=\"og:type\" content=\"article\" \/>\n<meta property=\"og:title\" content=\"TG4 ag ceili\u00faradh Chom\u00f3rtas Peile na Gaeltachta 2023 | Preas R\u00e1iteas | TG4\" \/>\n<meta property=\"og:description\" content=\"Beidh TG4 i l\u00e1r an aonaigh ag Com\u00f3rtas Peile na Gaeltachta at\u00e1 \u00e1 re\u00e1cht\u00e1il ag Naomh Muire \u00cdochtar na Rosann \u00f3n 2 - 5 Meitheamh sna M\u00e9ilte i dT\u00edr Chonaill\" \/>\n<meta property=\"og:url\" content=\"https:\/\/dev.tg4.ie\/en\/information\/press\/press-releases\/2023-2\/tg4-celebrates-comortas-peile-na-gaeltachta-2023-in-donegal\/\" \/>\n<meta property=\"og:site_name\" content=\"TG4\" \/>\n<meta property=\"article:publisher\" content=\"https:\/\/www.facebook.com\/TG4TV\" \/>\n<meta property=\"article:modified_time\" content=\"2023-06-01T09:35:42+00:00\" \/>\n<meta property=\"og:image\" content=\"https:\/\/tg4-docs.s3.amazonaws.com\/wp-content\/uploads\/2023\/05\/29162535\/Comortas_Peile_2023_1-1920x1080-1-700x394.jpg\" \/>\n<meta name=\"twitter:card\" content=\"summary_large_image\" \/>\n<meta name=\"twitter:image\" content=\"https:\/\/tg4-docs.s3.amazonaws.com\/wp-content\/uploads\/2023\/05\/29162535\/Comortas_Peile_2023_1-1920x1080-1-700x394.jpg\" \/>\n<meta name=\"twitter:site\" content=\"@TG4TV\" \/>\n<meta name=\"twitter:label1\" content=\"Est. reading time\" \/>\n\t<meta name=\"twitter:data1\" content=\"3 minutes\" \/>\n<script type=\"application\/ld+json\" class=\"yoast-schema-graph\">{\"@context\":\"https:\/\/schema.org\",\"@graph\":[{\"@type\":\"WebPage\",\"@id\":\"https:\/\/dev.tg4.ie\/en\/information\/press\/press-releases\/2023-2\/tg4-celebrates-comortas-peile-na-gaeltachta-2023-in-donegal\/\",\"url\":\"https:\/\/dev.tg4.ie\/en\/information\/press\/press-releases\/2023-2\/tg4-celebrates-comortas-peile-na-gaeltachta-2023-in-donegal\/\",\"name\":\"TG4 ag ceili\u00faradh Chom\u00f3rtas Peile na Gaeltachta 2023 | Preas R\u00e1iteas | TG4\",\"isPartOf\":{\"@id\":\"https:\/\/dev.tg4.ie\/en\/#website\"},\"primaryImageOfPage\":{\"@id\":\"https:\/\/dev.tg4.ie\/en\/information\/press\/press-releases\/2023-2\/tg4-celebrates-comortas-peile-na-gaeltachta-2023-in-donegal\/#primaryimage\"},\"image\":{\"@id\":\"https:\/\/dev.tg4.ie\/en\/information\/press\/press-releases\/2023-2\/tg4-celebrates-comortas-peile-na-gaeltachta-2023-in-donegal\/#primaryimage\"},\"thumbnailUrl\":\"https:\/\/dev.tg4.ie\/wp-content\/uploads\/2023\/05\/Comortas_Peile_2023_1-1920x1080-1.jpg\",\"datePublished\":\"2023-05-31T08:07:27+00:00\",\"dateModified\":\"2023-06-01T09:35:42+00:00\",\"description\":\"Beidh TG4 i l\u00e1r an aonaigh ag Com\u00f3rtas Peile na Gaeltachta at\u00e1 \u00e1 re\u00e1cht\u00e1il ag Naomh Muire \u00cdochtar na Rosann \u00f3n 2 - 5 Meitheamh sna M\u00e9ilte i dT\u00edr Chonaill\",\"breadcrumb\":{\"@id\":\"https:\/\/dev.tg4.ie\/en\/information\/press\/press-releases\/2023-2\/tg4-celebrates-comortas-peile-na-gaeltachta-2023-in-donegal\/#breadcrumb\"},\"inLanguage\":\"en-ie\",\"potentialAction\":[{\"@type\":\"ReadAction\",\"target\":[\"https:\/\/dev.tg4.ie\/en\/information\/press\/press-releases\/2023-2\/tg4-celebrates-comortas-peile-na-gaeltachta-2023-in-donegal\/\"]}]},{\"@type\":\"ImageObject\",\"inLanguage\":\"en-ie\",\"@id\":\"https:\/\/dev.tg4.ie\/en\/information\/press\/press-releases\/2023-2\/tg4-celebrates-comortas-peile-na-gaeltachta-2023-in-donegal\/#primaryimage\",\"url\":\"https:\/\/dev.tg4.ie\/wp-content\/uploads\/2023\/05\/Comortas_Peile_2023_1-1920x1080-1.jpg\",\"contentUrl\":\"https:\/\/dev.tg4.ie\/wp-content\/uploads\/2023\/05\/Comortas_Peile_2023_1-1920x1080-1.jpg\"},{\"@type\":\"BreadcrumbList\",\"@id\":\"https:\/\/dev.tg4.ie\/en\/information\/press\/press-releases\/2023-2\/tg4-celebrates-comortas-peile-na-gaeltachta-2023-in-donegal\/#breadcrumb\",\"itemListElement\":[{\"@type\":\"ListItem\",\"position\":1,\"name\":\"Home\",\"item\":\"https:\/\/dev.tg4.ie\/en\/\"},{\"@type\":\"ListItem\",\"position\":2,\"name\":\"Information\",\"item\":\"https:\/\/dev.tg4.ie\/en\/information\/\"},{\"@type\":\"ListItem\",\"position\":3,\"name\":\"Press\",\"item\":\"https:\/\/dev.tg4.ie\/en\/information\/press\/\"},{\"@type\":\"ListItem\",\"position\":4,\"name\":\"Press Releases\",\"item\":\"https:\/\/dev.tg4.ie\/en\/information\/press\/press-releases\/\"},{\"@type\":\"ListItem\",\"position\":5,\"name\":\"2023\",\"item\":\"https:\/\/dev.tg4.ie\/en\/information\/press\/press-releases\/2023-2\/\"},{\"@type\":\"ListItem\",\"position\":6,\"name\":\"TG4 celebrates Com\u00f3rtas Peile na Gaeltachta 2023 in Donegal\"}]},{\"@type\":\"WebSite\",\"@id\":\"https:\/\/dev.tg4.ie\/en\/#website\",\"url\":\"https:\/\/dev.tg4.ie\/en\/\",\"name\":\"TG4\",\"description\":\"S\u00fail Eile\",\"potentialAction\":[{\"@type\":\"SearchAction\",\"target\":{\"@type\":\"EntryPoint\",\"urlTemplate\":\"https:\/\/dev.tg4.ie\/en\/?s={search_term_string}\"},\"query-input\":\"required name=search_term_string\"}],\"inLanguage\":\"en-ie\"}]}<\/script>\n<!-- \/ Yoast SEO plugin. -->","yoast_head_json":{"title":"TG4 ag ceili\u00faradh Chom\u00f3rtas Peile na Gaeltachta 2023 | Preas R\u00e1iteas | TG4","description":"Beidh TG4 i l\u00e1r an aonaigh ag Com\u00f3rtas Peile na Gaeltachta at\u00e1 \u00e1 re\u00e1cht\u00e1il ag Naomh Muire \u00cdochtar na Rosann \u00f3n 2 - 5 Meitheamh sna M\u00e9ilte i dT\u00edr Chonaill","robots":{"index":"index","follow":"follow","max-snippet":"max-snippet:-1","max-image-preview":"max-image-preview:large","max-video-preview":"max-video-preview:-1"},"og_locale":"en_US","og_type":"article","og_title":"TG4 ag ceili\u00faradh Chom\u00f3rtas Peile na Gaeltachta 2023 | Preas R\u00e1iteas | TG4","og_description":"Beidh TG4 i l\u00e1r an aonaigh ag Com\u00f3rtas Peile na Gaeltachta at\u00e1 \u00e1 re\u00e1cht\u00e1il ag Naomh Muire \u00cdochtar na Rosann \u00f3n 2 - 5 Meitheamh sna M\u00e9ilte i dT\u00edr Chonaill","og_url":"https:\/\/dev.tg4.ie\/en\/information\/press\/press-releases\/2023-2\/tg4-celebrates-comortas-peile-na-gaeltachta-2023-in-donegal\/","og_site_name":"TG4","article_publisher":"https:\/\/www.facebook.com\/TG4TV","article_modified_time":"2023-06-01T09:35:42+00:00","og_image":[{"url":"https:\/\/tg4-docs.s3.amazonaws.com\/wp-content\/uploads\/2023\/05\/29162535\/Comortas_Peile_2023_1-1920x1080-1-700x394.jpg"}],"twitter_card":"summary_large_image","twitter_image":"https:\/\/tg4-docs.s3.amazonaws.com\/wp-content\/uploads\/2023\/05\/29162535\/Comortas_Peile_2023_1-1920x1080-1-700x394.jpg","twitter_site":"@TG4TV","twitter_misc":{"Est. reading time":"3 minutes"},"schema":{"@context":"https:\/\/schema.org","@graph":[{"@type":"WebPage","@id":"https:\/\/dev.tg4.ie\/en\/information\/press\/press-releases\/2023-2\/tg4-celebrates-comortas-peile-na-gaeltachta-2023-in-donegal\/","url":"https:\/\/dev.tg4.ie\/en\/information\/press\/press-releases\/2023-2\/tg4-celebrates-comortas-peile-na-gaeltachta-2023-in-donegal\/","name":"TG4 ag ceili\u00faradh Chom\u00f3rtas Peile na Gaeltachta 2023 | Preas R\u00e1iteas | TG4","isPartOf":{"@id":"https:\/\/dev.tg4.ie\/en\/#website"},"primaryImageOfPage":{"@id":"https:\/\/dev.tg4.ie\/en\/information\/press\/press-releases\/2023-2\/tg4-celebrates-comortas-peile-na-gaeltachta-2023-in-donegal\/#primaryimage"},"image":{"@id":"https:\/\/dev.tg4.ie\/en\/information\/press\/press-releases\/2023-2\/tg4-celebrates-comortas-peile-na-gaeltachta-2023-in-donegal\/#primaryimage"},"thumbnailUrl":"https:\/\/dev.tg4.ie\/wp-content\/uploads\/2023\/05\/Comortas_Peile_2023_1-1920x1080-1.jpg","datePublished":"2023-05-31T08:07:27+00:00","dateModified":"2023-06-01T09:35:42+00:00","description":"Beidh TG4 i l\u00e1r an aonaigh ag Com\u00f3rtas Peile na Gaeltachta at\u00e1 \u00e1 re\u00e1cht\u00e1il ag Naomh Muire \u00cdochtar na Rosann \u00f3n 2 - 5 Meitheamh sna M\u00e9ilte i dT\u00edr Chonaill","breadcrumb":{"@id":"https:\/\/dev.tg4.ie\/en\/information\/press\/press-releases\/2023-2\/tg4-celebrates-comortas-peile-na-gaeltachta-2023-in-donegal\/#breadcrumb"},"inLanguage":"en-ie","potentialAction":[{"@type":"ReadAction","target":["https:\/\/dev.tg4.ie\/en\/information\/press\/press-releases\/2023-2\/tg4-celebrates-comortas-peile-na-gaeltachta-2023-in-donegal\/"]}]},{"@type":"ImageObject","inLanguage":"en-ie","@id":"https:\/\/dev.tg4.ie\/en\/information\/press\/press-releases\/2023-2\/tg4-celebrates-comortas-peile-na-gaeltachta-2023-in-donegal\/#primaryimage","url":"https:\/\/dev.tg4.ie\/wp-content\/uploads\/2023\/05\/Comortas_Peile_2023_1-1920x1080-1.jpg","contentUrl":"https:\/\/dev.tg4.ie\/wp-content\/uploads\/2023\/05\/Comortas_Peile_2023_1-1920x1080-1.jpg"},{"@type":"BreadcrumbList","@id":"https:\/\/dev.tg4.ie\/en\/information\/press\/press-releases\/2023-2\/tg4-celebrates-comortas-peile-na-gaeltachta-2023-in-donegal\/#breadcrumb","itemListElement":[{"@type":"ListItem","position":1,"name":"Home","item":"https:\/\/dev.tg4.ie\/en\/"},{"@type":"ListItem","position":2,"name":"Information","item":"https:\/\/dev.tg4.ie\/en\/information\/"},{"@type":"ListItem","position":3,"name":"Press","item":"https:\/\/dev.tg4.ie\/en\/information\/press\/"},{"@type":"ListItem","position":4,"name":"Press Releases","item":"https:\/\/dev.tg4.ie\/en\/information\/press\/press-releases\/"},{"@type":"ListItem","position":5,"name":"2023","item":"https:\/\/dev.tg4.ie\/en\/information\/press\/press-releases\/2023-2\/"},{"@type":"ListItem","position":6,"name":"TG4 celebrates Com\u00f3rtas Peile na Gaeltachta 2023 in Donegal"}]},{"@type":"WebSite","@id":"https:\/\/dev.tg4.ie\/en\/#website","url":"https:\/\/dev.tg4.ie\/en\/","name":"TG4","description":"S\u00fail Eile","potentialAction":[{"@type":"SearchAction","target":{"@type":"EntryPoint","urlTemplate":"https:\/\/dev.tg4.ie\/en\/?s={search_term_string}"},"query-input":"required name=search_term_string"}],"inLanguage":"en-ie"}]}},"_links":{"self":[{"href":"https:\/\/dev.tg4.ie\/en\/wp-json\/wp\/v2\/pages\/195582"}],"collection":[{"href":"https:\/\/dev.tg4.ie\/en\/wp-json\/wp\/v2\/pages"}],"about":[{"href":"https:\/\/dev.tg4.ie\/en\/wp-json\/wp\/v2\/types\/page"}],"author":[{"embeddable":true,"href":"https:\/\/dev.tg4.ie\/en\/wp-json\/wp\/v2\/users\/876"}],"replies":[{"embeddable":true,"href":"https:\/\/dev.tg4.ie\/en\/wp-json\/wp\/v2\/comments?post=195582"}],"version-history":[{"count":0,"href":"https:\/\/dev.tg4.ie\/en\/wp-json\/wp\/v2\/pages\/195582\/revisions"}],"up":[{"embeddable":true,"href":"https:\/\/dev.tg4.ie\/en\/wp-json\/wp\/v2\/pages\/180925"}],"wp:attachment":[{"href":"https:\/\/dev.tg4.ie\/en\/wp-json\/wp\/v2\/media?parent=195582"}],"curies":[{"name":"wp","href":"https:\/\/api.w.org\/{rel}","templated":true}]}}