{"id":195624,"date":"2023-06-02T10:28:26","date_gmt":"2023-06-02T09:28:26","guid":{"rendered":"https:\/\/dev.tg4.ie\/?page_id=195624"},"modified":"2023-06-02T12:04:18","modified_gmt":"2023-06-02T11:04:18","slug":"tg4-celebrates-cruinniu-na-nog-2023","status":"publish","type":"page","link":"https:\/\/dev.tg4.ie\/en\/information\/press\/press-releases\/2023-2\/tg4-celebrates-cruinniu-na-nog-2023\/","title":{"rendered":"TG4 celebrates Cruinni\u00fa na n\u00d3g 2023 a day of creativity for young people"},"content":{"rendered":"<p><!--img src=\"https:\/\/tg4-docs.s3.amazonaws.com\/wp-content\/uploads\/2023\/05\/29161822\/Cruinniu_na_nOg_2023_1-1920x1080-1.jpg\" alt=\"\" class=\"aligncenter size-full wp-image-195493\" \/--><\/p>\n<p>Trailer: <a href=\"https:\/\/youtu.be\/pJ1ls1lPSok\" target=\"_blank\" rel=\"noopener\">https:\/\/youtu.be\/pJ1ls1lPSok<\/a><br \/>\n&nbsp;<\/p>\n<p>TG4 in partnership with the Creative Ireland Programme of the Department of Tourism, Culture, Arts, Gaeltacht, Sport and Media, will celebrate Cruinni\u00fa na n\u00d3g 2023 with a number of series of short films with children and teenagers. Among these productions is a new series of Crutha\u00edm which celebrates young people&#8217;s creativity and innovation and adds to the event of Cruinni\u00fa na n\u00d3g 2023. There are two strands to this year\u2019s Crutha\u00edm creations- Eala\u00edn Ghainimh &#038; Spraoi Samhla\u00edoch. These will be available on C\u00fala4&#8217;s YouTube channel here <a href=\"https:\/\/www.youtube.com\/playlist?list=PLbcLsUBW9b3CHTX0IENkL_uUgCXywx12R\" rel=\"noopener\" target=\"_blank\">C\u00fala4<\/a> and on TG4.<br \/>\n&nbsp;<\/p>\n<p>Several primary schools took part in <strong>Cruth\u00e1im Eala\u00edn Ghainimh<\/strong> (Sand Art Project). <\/p>\n<p><img loading=\"lazy\" decoding=\"async\" width=\"1920\" height=\"1080\" src=\"https:\/\/tg4-docs.s3.amazonaws.com\/wp-content\/uploads\/2023\/06\/02120146\/Cruthaim_Gaineamh_1-1920x1080-1.jpg\" alt=\"\" class=\"aligncenter size-full wp-image-195641\" srcset=\"https:\/\/tg4-docs.s3.amazonaws.com\/wp-content\/uploads\/2023\/06\/02120146\/Cruthaim_Gaineamh_1-1920x1080-1.jpg 1920w, https:\/\/tg4-docs.s3.amazonaws.com\/wp-content\/uploads\/2023\/06\/02120146\/Cruthaim_Gaineamh_1-1920x1080-1-250x141.jpg 250w, https:\/\/tg4-docs.s3.amazonaws.com\/wp-content\/uploads\/2023\/06\/02120146\/Cruthaim_Gaineamh_1-1920x1080-1-700x394.jpg 700w, https:\/\/tg4-docs.s3.amazonaws.com\/wp-content\/uploads\/2023\/06\/02120146\/Cruthaim_Gaineamh_1-1920x1080-1-252x141.jpg 252w, https:\/\/tg4-docs.s3.amazonaws.com\/wp-content\/uploads\/2023\/06\/02120146\/Cruthaim_Gaineamh_1-1920x1080-1-1536x864.jpg 1536w, https:\/\/tg4-docs.s3.amazonaws.com\/wp-content\/uploads\/2023\/06\/02120146\/Cruthaim_Gaineamh_1-1920x1080-1-120x68.jpg 120w\" sizes=\"(max-width: 1920px) 100vw, 1920px\" \/><\/p>\n<p>Groups of 10\u201312-year-olds come together to work on a unique futuristic sand art project. We follow them on their journey as they realise their vision for what the world will look like 500 years from now. The children are asked to embrace a limitless sense of imagination and concoct a collective vision of what they would like their world to be. From words to mountains, skyscrapers to solar- powered airplanes; the possibilities are endless! We document their timeline from imaginative, original concepts, through tuition from a sand art expert to completion of their creation. Among the schools that took part are Scoil an Fheirt\u00e9araigh in Kerry, Gaelscoil Bhrian B\u00f3roimhe in Dublin, Gaelscoil Chnoc na R\u00e9 in Sligo and Gaelscoil na gCeithre M\u00e1istr\u00ed in Donegal. Also taking part is a young Gaeilgeoir, Ailbhe N\u00ed Chuaig, who lives in Spain.<br \/>\n&nbsp;<\/p>\n<p><strong>Spraoi Samhla\u00edoch<\/strong> sheds light on young people\u2019s distinctive talents and on their unique energy in a national and international context.  <\/p>\n<p><img loading=\"lazy\" decoding=\"async\" width=\"1920\" height=\"1080\" src=\"https:\/\/tg4-docs.s3.amazonaws.com\/wp-content\/uploads\/2023\/06\/02120149\/Cruthaim_Samhlaiocht_1-1920x1080-1.jpg\" alt=\"\" class=\"aligncenter size-full wp-image-195642\" srcset=\"https:\/\/tg4-docs.s3.amazonaws.com\/wp-content\/uploads\/2023\/06\/02120149\/Cruthaim_Samhlaiocht_1-1920x1080-1.jpg 1920w, https:\/\/tg4-docs.s3.amazonaws.com\/wp-content\/uploads\/2023\/06\/02120149\/Cruthaim_Samhlaiocht_1-1920x1080-1-250x141.jpg 250w, https:\/\/tg4-docs.s3.amazonaws.com\/wp-content\/uploads\/2023\/06\/02120149\/Cruthaim_Samhlaiocht_1-1920x1080-1-700x394.jpg 700w, https:\/\/tg4-docs.s3.amazonaws.com\/wp-content\/uploads\/2023\/06\/02120149\/Cruthaim_Samhlaiocht_1-1920x1080-1-252x141.jpg 252w, https:\/\/tg4-docs.s3.amazonaws.com\/wp-content\/uploads\/2023\/06\/02120149\/Cruthaim_Samhlaiocht_1-1920x1080-1-1536x864.jpg 1536w, https:\/\/tg4-docs.s3.amazonaws.com\/wp-content\/uploads\/2023\/06\/02120149\/Cruthaim_Samhlaiocht_1-1920x1080-1-120x68.jpg 120w\" sizes=\"(max-width: 1920px) 100vw, 1920px\" \/><\/p>\n<p>Using their imaginations, we see a group of 5- and 6-year-olds immerse themselves in collaborative creativity based around the theme of the episode. Through art, story, song, and drama the children will express themselves and have plenty of fun along the way! Taking part in this series are pupils from Gaelscoil Mhuscra\u00ed in Cork, Scoil N\u00e1isi\u00fanta Chnoc na Naomh in Donegal, Scoil Mhuire in Rosmuc in Galway and Gaelscoil an Bhrad\u00e1in Feasa in Meath.<br \/>\n&nbsp;<\/p>\n<p>Also created to celebrate Cruinni\u00fa na n\u00d3g is a documentary film called <strong>Sean-N\u00f3s<\/strong> directed by Tadhg \u00d3g Mac Dhonnag\u00e1in which examines whether we can break with tradition and breathe new life into a sean-n\u00f3s song?<\/p>\n<p>This will be on TG4 on Saturday 10th June 3.55pm and on TG4\u2019s YouTube channel thereafter. This short documentary follows four young people, \u00c1ine N\u00ed Fhearraigh, Eibhl\u00edn N\u00ed Mh\u00e1irt\u00edn, Neasa Nic Dhonncha, and Sorcha N\u00ed Lorc\u00e1in as they embark on a musical journey together to put a sean-n\u00f3s song into the context of 2023. With the help of their mentors, rapper Ois\u00edn Mac and music producer V\u00fad\u00fa (Aaron \u00d3 S\u00failleabh\u00e1in) they create a new sean-n\u00f3s X hip-hop song.<br \/>\n&nbsp;<\/p>\n<p><strong>Muireann N\u00ed Chiobh\u00e1in Commissioning Editor for Young People<\/strong> says, <em>\u201cTG4 is very excited about \u2018Cruinni\u00fa na n\u00d3g\u2019 2023. This year features a new documentary film Sean-n\u00f3s, which follows four young people who look to see whether they can and should break with tradition and breathe new life into a sean-n\u00f3s song?  There is also a new series of Crutha\u00edm, produced by Meangadh F\u00edb\u00edn, that showcases what creativity means for young people across Ireland and abroad. &#8220;<\/em><br \/>\n&nbsp;<br \/>\nAll three strand of Crutha\u00edm were produced by Meangadh F\u00edb\u00edn for TG4.<br \/>\n&nbsp;<br \/>\nFor a full listing of all activities and information on how to join in for Cruinni\u00fa na n\u00d3g \u2013 please go to <a href=\"https:\/\/cruinniu.creativeireland.gov.ie\/\" rel=\"noopener\" target=\"_blank\">https:\/\/cruinniu.creativeireland.gov.ie\/<\/a><br \/>\n&nbsp;<br \/>\nCruinni\u00fa na n\u00d3g is an initiative of the Creative Ireland Programme and is one of the key actions of Creative Youth \u2013 a plan to enable the creative potential of every child and young person. It is delivered through the network of Creative Ireland Coordinators and local authority Culture and Creativity Teams in each of the local authorities and is supported by TG4 and RT\u00c9.<br \/>\n&nbsp;<\/p>\n","protected":false},"excerpt":{"rendered":"<p>Trailer: https:\/\/youtu.be\/pJ1ls1lPSok &nbsp; TG4 in partnership with the Creative Ireland Programme of the Department of Tourism, Culture, Arts, Gaeltacht, Sport and Media, will celebrate Cruinni\u00fa na n\u00d3g 2023 with a number of series of short films with children and teenagers. Among these productions is a new series of Crutha\u00edm which celebrates young people&#8217;s creativity and [&hellip;]<\/p>\n","protected":false},"author":876,"featured_media":0,"parent":180925,"menu_order":16,"comment_status":"closed","ping_status":"closed","template":"page-templates\/template-pr.php","meta":{"_acf_changed":false,"footnotes":""},"acf":[],"yoast_head":"<!-- This site is optimized with the Yoast SEO plugin v22.6 - https:\/\/yoast.com\/wordpress\/plugins\/seo\/ -->\n<title>TG4 celebrates Cruinni\u00fa na n\u00d3g 2023 a day of creativity for young people | Press Release | TG4<\/title>\n<meta name=\"description\" content=\"TG4 in partnership with the Creative Ireland Programme of the Department of Tourism, Culture, Arts, Gaeltacht, Sport and Media, will celebrate Cruinni\u00fa na n\u00d3g 2023 with a number of series of short films with children and teenagers.\" \/>\n<meta name=\"robots\" content=\"index, follow, max-snippet:-1, max-image-preview:large, max-video-preview:-1\" \/>\n<meta property=\"og:locale\" content=\"en_US\" \/>\n<meta property=\"og:type\" content=\"article\" \/>\n<meta property=\"og:title\" content=\"TG4 celebrates Cruinni\u00fa na n\u00d3g 2023 a day of creativity for young people | Press Release | TG4\" \/>\n<meta property=\"og:description\" content=\"TG4 in partnership with the Creative Ireland Programme of the Department of Tourism, Culture, Arts, Gaeltacht, Sport and Media, will celebrate Cruinni\u00fa na n\u00d3g 2023 with a number of series of short films with children and teenagers.\" \/>\n<meta property=\"og:url\" content=\"https:\/\/dev.tg4.ie\/en\/information\/press\/press-releases\/2023-2\/tg4-celebrates-cruinniu-na-nog-2023\/\" \/>\n<meta property=\"og:site_name\" content=\"TG4\" \/>\n<meta property=\"article:publisher\" content=\"https:\/\/www.facebook.com\/TG4TV\" \/>\n<meta property=\"article:modified_time\" content=\"2023-06-02T11:04:18+00:00\" \/>\n<meta property=\"og:image\" content=\"https:\/\/tg4-docs.s3.amazonaws.com\/wp-content\/uploads\/2023\/06\/02120149\/Cruthaim_Samhlaiocht_1-1920x1080-1.jpg\" \/>\n\t<meta property=\"og:image:width\" content=\"1920\" \/>\n\t<meta property=\"og:image:height\" content=\"1080\" \/>\n\t<meta property=\"og:image:type\" content=\"image\/jpeg\" \/>\n<meta name=\"twitter:card\" content=\"summary_large_image\" \/>\n<meta name=\"twitter:image\" content=\"https:\/\/tg4-docs.s3.amazonaws.com\/wp-content\/uploads\/2023\/06\/02120149\/Cruthaim_Samhlaiocht_1-1920x1080-1.jpg\" \/>\n<meta name=\"twitter:site\" content=\"@TG4TV\" \/>\n<meta name=\"twitter:label1\" content=\"Est. reading time\" \/>\n\t<meta name=\"twitter:data1\" content=\"3 minutes\" \/>\n<script type=\"application\/ld+json\" class=\"yoast-schema-graph\">{\"@context\":\"https:\/\/schema.org\",\"@graph\":[{\"@type\":\"WebPage\",\"@id\":\"https:\/\/dev.tg4.ie\/en\/information\/press\/press-releases\/2023-2\/tg4-celebrates-cruinniu-na-nog-2023\/\",\"url\":\"https:\/\/dev.tg4.ie\/en\/information\/press\/press-releases\/2023-2\/tg4-celebrates-cruinniu-na-nog-2023\/\",\"name\":\"TG4 celebrates Cruinni\u00fa na n\u00d3g 2023 a day of creativity for young people | Press Release | TG4\",\"isPartOf\":{\"@id\":\"https:\/\/dev.tg4.ie\/en\/#website\"},\"primaryImageOfPage\":{\"@id\":\"https:\/\/dev.tg4.ie\/en\/information\/press\/press-releases\/2023-2\/tg4-celebrates-cruinniu-na-nog-2023\/#primaryimage\"},\"image\":{\"@id\":\"https:\/\/dev.tg4.ie\/en\/information\/press\/press-releases\/2023-2\/tg4-celebrates-cruinniu-na-nog-2023\/#primaryimage\"},\"thumbnailUrl\":\"https:\/\/dev.tg4.ie\/wp-content\/uploads\/2023\/06\/Cruthaim_Gaineamh_1-1920x1080-1.jpg\",\"datePublished\":\"2023-06-02T09:28:26+00:00\",\"dateModified\":\"2023-06-02T11:04:18+00:00\",\"description\":\"TG4 in partnership with the Creative Ireland Programme of the Department of Tourism, Culture, Arts, Gaeltacht, Sport and Media, will celebrate Cruinni\u00fa na n\u00d3g 2023 with a number of series of short films with children and teenagers.\",\"breadcrumb\":{\"@id\":\"https:\/\/dev.tg4.ie\/en\/information\/press\/press-releases\/2023-2\/tg4-celebrates-cruinniu-na-nog-2023\/#breadcrumb\"},\"inLanguage\":\"en-ie\",\"potentialAction\":[{\"@type\":\"ReadAction\",\"target\":[\"https:\/\/dev.tg4.ie\/en\/information\/press\/press-releases\/2023-2\/tg4-celebrates-cruinniu-na-nog-2023\/\"]}]},{\"@type\":\"ImageObject\",\"inLanguage\":\"en-ie\",\"@id\":\"https:\/\/dev.tg4.ie\/en\/information\/press\/press-releases\/2023-2\/tg4-celebrates-cruinniu-na-nog-2023\/#primaryimage\",\"url\":\"https:\/\/dev.tg4.ie\/wp-content\/uploads\/2023\/06\/Cruthaim_Gaineamh_1-1920x1080-1.jpg\",\"contentUrl\":\"https:\/\/dev.tg4.ie\/wp-content\/uploads\/2023\/06\/Cruthaim_Gaineamh_1-1920x1080-1.jpg\"},{\"@type\":\"BreadcrumbList\",\"@id\":\"https:\/\/dev.tg4.ie\/en\/information\/press\/press-releases\/2023-2\/tg4-celebrates-cruinniu-na-nog-2023\/#breadcrumb\",\"itemListElement\":[{\"@type\":\"ListItem\",\"position\":1,\"name\":\"Home\",\"item\":\"https:\/\/dev.tg4.ie\/en\/\"},{\"@type\":\"ListItem\",\"position\":2,\"name\":\"Information\",\"item\":\"https:\/\/dev.tg4.ie\/en\/information\/\"},{\"@type\":\"ListItem\",\"position\":3,\"name\":\"Press\",\"item\":\"https:\/\/dev.tg4.ie\/en\/information\/press\/\"},{\"@type\":\"ListItem\",\"position\":4,\"name\":\"Press Releases\",\"item\":\"https:\/\/dev.tg4.ie\/en\/information\/press\/press-releases\/\"},{\"@type\":\"ListItem\",\"position\":5,\"name\":\"2023\",\"item\":\"https:\/\/dev.tg4.ie\/en\/information\/press\/press-releases\/2023-2\/\"},{\"@type\":\"ListItem\",\"position\":6,\"name\":\"TG4 celebrates Cruinni\u00fa na n\u00d3g 2023 a day of creativity for young people\"}]},{\"@type\":\"WebSite\",\"@id\":\"https:\/\/dev.tg4.ie\/en\/#website\",\"url\":\"https:\/\/dev.tg4.ie\/en\/\",\"name\":\"TG4\",\"description\":\"S\u00fail Eile\",\"potentialAction\":[{\"@type\":\"SearchAction\",\"target\":{\"@type\":\"EntryPoint\",\"urlTemplate\":\"https:\/\/dev.tg4.ie\/en\/?s={search_term_string}\"},\"query-input\":\"required name=search_term_string\"}],\"inLanguage\":\"en-ie\"}]}<\/script>\n<!-- \/ Yoast SEO plugin. -->","yoast_head_json":{"title":"TG4 celebrates Cruinni\u00fa na n\u00d3g 2023 a day of creativity for young people | Press Release | TG4","description":"TG4 in partnership with the Creative Ireland Programme of the Department of Tourism, Culture, Arts, Gaeltacht, Sport and Media, will celebrate Cruinni\u00fa na n\u00d3g 2023 with a number of series of short films with children and teenagers.","robots":{"index":"index","follow":"follow","max-snippet":"max-snippet:-1","max-image-preview":"max-image-preview:large","max-video-preview":"max-video-preview:-1"},"og_locale":"en_US","og_type":"article","og_title":"TG4 celebrates Cruinni\u00fa na n\u00d3g 2023 a day of creativity for young people | Press Release | TG4","og_description":"TG4 in partnership with the Creative Ireland Programme of the Department of Tourism, Culture, Arts, Gaeltacht, Sport and Media, will celebrate Cruinni\u00fa na n\u00d3g 2023 with a number of series of short films with children and teenagers.","og_url":"https:\/\/dev.tg4.ie\/en\/information\/press\/press-releases\/2023-2\/tg4-celebrates-cruinniu-na-nog-2023\/","og_site_name":"TG4","article_publisher":"https:\/\/www.facebook.com\/TG4TV","article_modified_time":"2023-06-02T11:04:18+00:00","og_image":[{"width":1920,"height":1080,"url":"https:\/\/tg4-docs.s3.amazonaws.com\/wp-content\/uploads\/2023\/06\/02120149\/Cruthaim_Samhlaiocht_1-1920x1080-1.jpg","type":"image\/jpeg"}],"twitter_card":"summary_large_image","twitter_image":"https:\/\/tg4-docs.s3.amazonaws.com\/wp-content\/uploads\/2023\/06\/02120149\/Cruthaim_Samhlaiocht_1-1920x1080-1.jpg","twitter_site":"@TG4TV","twitter_misc":{"Est. reading time":"3 minutes"},"schema":{"@context":"https:\/\/schema.org","@graph":[{"@type":"WebPage","@id":"https:\/\/dev.tg4.ie\/en\/information\/press\/press-releases\/2023-2\/tg4-celebrates-cruinniu-na-nog-2023\/","url":"https:\/\/dev.tg4.ie\/en\/information\/press\/press-releases\/2023-2\/tg4-celebrates-cruinniu-na-nog-2023\/","name":"TG4 celebrates Cruinni\u00fa na n\u00d3g 2023 a day of creativity for young people | Press Release | TG4","isPartOf":{"@id":"https:\/\/dev.tg4.ie\/en\/#website"},"primaryImageOfPage":{"@id":"https:\/\/dev.tg4.ie\/en\/information\/press\/press-releases\/2023-2\/tg4-celebrates-cruinniu-na-nog-2023\/#primaryimage"},"image":{"@id":"https:\/\/dev.tg4.ie\/en\/information\/press\/press-releases\/2023-2\/tg4-celebrates-cruinniu-na-nog-2023\/#primaryimage"},"thumbnailUrl":"https:\/\/dev.tg4.ie\/wp-content\/uploads\/2023\/06\/Cruthaim_Gaineamh_1-1920x1080-1.jpg","datePublished":"2023-06-02T09:28:26+00:00","dateModified":"2023-06-02T11:04:18+00:00","description":"TG4 in partnership with the Creative Ireland Programme of the Department of Tourism, Culture, Arts, Gaeltacht, Sport and Media, will celebrate Cruinni\u00fa na n\u00d3g 2023 with a number of series of short films with children and teenagers.","breadcrumb":{"@id":"https:\/\/dev.tg4.ie\/en\/information\/press\/press-releases\/2023-2\/tg4-celebrates-cruinniu-na-nog-2023\/#breadcrumb"},"inLanguage":"en-ie","potentialAction":[{"@type":"ReadAction","target":["https:\/\/dev.tg4.ie\/en\/information\/press\/press-releases\/2023-2\/tg4-celebrates-cruinniu-na-nog-2023\/"]}]},{"@type":"ImageObject","inLanguage":"en-ie","@id":"https:\/\/dev.tg4.ie\/en\/information\/press\/press-releases\/2023-2\/tg4-celebrates-cruinniu-na-nog-2023\/#primaryimage","url":"https:\/\/dev.tg4.ie\/wp-content\/uploads\/2023\/06\/Cruthaim_Gaineamh_1-1920x1080-1.jpg","contentUrl":"https:\/\/dev.tg4.ie\/wp-content\/uploads\/2023\/06\/Cruthaim_Gaineamh_1-1920x1080-1.jpg"},{"@type":"BreadcrumbList","@id":"https:\/\/dev.tg4.ie\/en\/information\/press\/press-releases\/2023-2\/tg4-celebrates-cruinniu-na-nog-2023\/#breadcrumb","itemListElement":[{"@type":"ListItem","position":1,"name":"Home","item":"https:\/\/dev.tg4.ie\/en\/"},{"@type":"ListItem","position":2,"name":"Information","item":"https:\/\/dev.tg4.ie\/en\/information\/"},{"@type":"ListItem","position":3,"name":"Press","item":"https:\/\/dev.tg4.ie\/en\/information\/press\/"},{"@type":"ListItem","position":4,"name":"Press Releases","item":"https:\/\/dev.tg4.ie\/en\/information\/press\/press-releases\/"},{"@type":"ListItem","position":5,"name":"2023","item":"https:\/\/dev.tg4.ie\/en\/information\/press\/press-releases\/2023-2\/"},{"@type":"ListItem","position":6,"name":"TG4 celebrates Cruinni\u00fa na n\u00d3g 2023 a day of creativity for young people"}]},{"@type":"WebSite","@id":"https:\/\/dev.tg4.ie\/en\/#website","url":"https:\/\/dev.tg4.ie\/en\/","name":"TG4","description":"S\u00fail Eile","potentialAction":[{"@type":"SearchAction","target":{"@type":"EntryPoint","urlTemplate":"https:\/\/dev.tg4.ie\/en\/?s={search_term_string}"},"query-input":"required name=search_term_string"}],"inLanguage":"en-ie"}]}},"_links":{"self":[{"href":"https:\/\/dev.tg4.ie\/en\/wp-json\/wp\/v2\/pages\/195624"}],"collection":[{"href":"https:\/\/dev.tg4.ie\/en\/wp-json\/wp\/v2\/pages"}],"about":[{"href":"https:\/\/dev.tg4.ie\/en\/wp-json\/wp\/v2\/types\/page"}],"author":[{"embeddable":true,"href":"https:\/\/dev.tg4.ie\/en\/wp-json\/wp\/v2\/users\/876"}],"replies":[{"embeddable":true,"href":"https:\/\/dev.tg4.ie\/en\/wp-json\/wp\/v2\/comments?post=195624"}],"version-history":[{"count":0,"href":"https:\/\/dev.tg4.ie\/en\/wp-json\/wp\/v2\/pages\/195624\/revisions"}],"up":[{"embeddable":true,"href":"https:\/\/dev.tg4.ie\/en\/wp-json\/wp\/v2\/pages\/180925"}],"wp:attachment":[{"href":"https:\/\/dev.tg4.ie\/en\/wp-json\/wp\/v2\/media?parent=195624"}],"curies":[{"name":"wp","href":"https:\/\/api.w.org\/{rel}","templated":true}]}}