{"id":195728,"date":"2023-06-09T09:21:15","date_gmt":"2023-06-09T08:21:15","guid":{"rendered":"https:\/\/dev.tg4.ie\/?page_id=195728"},"modified":"2023-06-09T09:21:15","modified_gmt":"2023-06-09T08:21:15","slug":"top-awards-for-an-cailin-ciuin-at-the-celtic-media-awards","status":"publish","type":"page","link":"https:\/\/dev.tg4.ie\/en\/information\/press\/press-releases\/2023-2\/top-awards-for-an-cailin-ciuin-at-the-celtic-media-awards\/","title":{"rendered":"Top awards for An Cail\u00edn Ci\u00fain at the Celtic Media Awards"},"content":{"rendered":"<p>An Cail\u00edn Ci\u00fain adds two more accolades to its bulging trophy case as it takes the top prize of <strong>\u2018Spirit of the Festival\u2019<\/strong> and Torc for <strong>&#8216;Single Drama&#8217;<\/strong> at this year\u2019s <strong>Celtic Media Festival<\/strong> being held in An Cloch\u00e1n Liath, Donegal.<br \/>\n&nbsp;<br \/>\n<img loading=\"lazy\" decoding=\"async\" width=\"1920\" height=\"1080\" src=\"https:\/\/tg4-docs.s3.amazonaws.com\/tg4-redesign-2015\/wp-content\/uploads\/2022\/02\/AnCailinCiuin_TheQuietGirl_Cait_Catherine_Clinch_2-1920x1080-1.jpg\" alt=\"\" class=\"aligncenter size-full wp-image-141459\" srcset=\"https:\/\/tg4-docs.s3.amazonaws.com\/tg4-redesign-2015\/wp-content\/uploads\/2022\/02\/AnCailinCiuin_TheQuietGirl_Cait_Catherine_Clinch_2-1920x1080-1.jpg 1920w, https:\/\/tg4-docs.s3.amazonaws.com\/tg4-redesign-2015\/wp-content\/uploads\/2022\/02\/AnCailinCiuin_TheQuietGirl_Cait_Catherine_Clinch_2-1920x1080-1-250x141.jpg 250w, https:\/\/tg4-docs.s3.amazonaws.com\/tg4-redesign-2015\/wp-content\/uploads\/2022\/02\/AnCailinCiuin_TheQuietGirl_Cait_Catherine_Clinch_2-1920x1080-1-700x394.jpg 700w, https:\/\/tg4-docs.s3.amazonaws.com\/tg4-redesign-2015\/wp-content\/uploads\/2022\/02\/AnCailinCiuin_TheQuietGirl_Cait_Catherine_Clinch_2-1920x1080-1-252x141.jpg 252w, https:\/\/tg4-docs.s3.amazonaws.com\/tg4-redesign-2015\/wp-content\/uploads\/2022\/02\/AnCailinCiuin_TheQuietGirl_Cait_Catherine_Clinch_2-1920x1080-1-1536x864.jpg 1536w, https:\/\/tg4-docs.s3.amazonaws.com\/tg4-redesign-2015\/wp-content\/uploads\/2022\/02\/AnCailinCiuin_TheQuietGirl_Cait_Catherine_Clinch_2-1920x1080-1-120x68.jpg 120w\" sizes=\"(max-width: 1920px) 100vw, 1920px\" \/><br \/>\n<sup>Pic: Catherine Clinch &#8211; An Cail\u00edn Ci\u00fain<\/sup><br \/>\n&nbsp;<br \/>\nYouTube Clip <a href=\"https:\/\/youtu.be\/ltPo-9QPmoc\" rel=\"noopener\" target=\"_blank\">https:\/\/youtu.be\/ltPo-9QPmoc<\/a><br \/>\n&nbsp;<\/p>\n<p>Along with these awards the film has received numerous nominations and awards over the past two years including a nomination for an Oscar earlier this year and winning 8 IFTA\u2019s in 2022.<br \/>\n&nbsp;<br \/>\n<strong>An Cail\u00edn Ci\u00fain<\/strong> tells the story of C\u00e1it played by newcomer Catherine Clinch, a nine-year-old girl from an overcrowded, dysfunctional family who is sent away to live with foster parents for the summer. Despite a warm reception from the woman, Eibhl\u00edn (Carrie Crowley), the man of the house, Se\u00e1n (Andrew Bennett), keeps his distance from C\u00e1it and she from him, but over time, their strained relationship begins to deepen. Slowly, in the care of the Kinsellas, C\u00e1it blossoms and discovers a new way of living. But in this house where there are meant to be no secrets, she discovers one painful truth.<br \/>\nBased on Foster by Claire Keegan, An Cail\u00edn Ci\u00fain is a complex and delicate coming-of-age drama that explores questions of family, neglect and loss through the eyes of its young protagonist.<br \/>\n&nbsp;<\/p>\n<p>An Cail\u00edn Ci\u00fain is the feature film debut of writer\/director, Colm Bair\u00e9ad and producer, Cleona N\u00ed Chrualaoi of Insc\u00e9al. The film <strong>was produced as part of the Cine4 funding scheme for Irish-language film<\/strong>, in partnership with Screen Ireland, TG4, and the Broadcasting Authority of Ireland (BAI), and the film was also in receipt of the Irish Government\u2019s Section 481 tax incentive.<br \/>\n&nbsp;<br \/>\n<strong>Director General of TG4 Alan Esslemont<\/strong> congratulated the winning entry saying. <em>\u201cThe \u2018Spirit of the Festival\u2019 Award at the Celtic Media Festival is truly the pantheon of the all-time greats of screen creativity in the Celtic countries over five decades.  \u2018An Cail\u00edn Ci\u00fain\u2019 is recognised as breaking new ground for creative artistry in the Irish language and this award is a very significant recognition for the freshness and depth of vision which Colm Bair\u00e9ad and Cleona N\u00ed Chrualaoi have brought to Irish cinema.\u201d<\/em><br \/>\n&nbsp;<br \/>\nThe Celtic Media Festival (CMF) is one of the most prestigious and long-established in these islands and is held each year, rotating between venues in the various Celtic nations and regions.  It combines a three-day media conference that attracts broadcasters, producers, media and students with a competition across the full range of Film, TV, Radio and new media content genres.  CMF awards are highly coveted. This year\u2019s Festival is taking place in An Cloch\u00e1n Liath in Donegal.<br \/>\nMore information available here <a href=\"https:\/\/www.celticmediafestival.co.uk\/dungloe-2023\" rel=\"noopener\" target=\"_blank\">https:\/\/www.celticmediafestival.co.uk\/dungloe-2023<\/a><br \/>\n&nbsp;<br \/>\n<strong>An Cail\u00edn Ci\u00fain<\/strong> is part of the Cine4 initiative from a TG4, Screen Ireland and BAI partnership, to develop original feature films in the Irish Language.<br \/>\n&nbsp;<\/p>\n","protected":false},"excerpt":{"rendered":"<p>An Cail\u00edn Ci\u00fain adds two more accolades to its bulging trophy case as it takes the top prize of \u2018Spirit of the Festival\u2019 and Torc for &#8216;Single Drama&#8217; at this year\u2019s Celtic Media Festival being held in An Cloch\u00e1n Liath, Donegal. &nbsp; Pic: Catherine Clinch &#8211; An Cail\u00edn Ci\u00fain &nbsp; YouTube Clip https:\/\/youtu.be\/ltPo-9QPmoc &nbsp; Along [&hellip;]<\/p>\n","protected":false},"author":876,"featured_media":0,"parent":180925,"menu_order":17,"comment_status":"closed","ping_status":"closed","template":"page-templates\/template-pr.php","meta":{"_acf_changed":false,"footnotes":""},"acf":[],"yoast_head":"<!-- This site is optimized with the Yoast SEO plugin v22.6 - https:\/\/yoast.com\/wordpress\/plugins\/seo\/ -->\n<title>Top awards for An Cail\u00edn Ci\u00fain at the Celtic Media Awards | Press Release | TG4<\/title>\n<meta name=\"description\" content=\"An Cail\u00edn Ci\u00fain wins Spirit of the Festival and a Torc in Single Drama category at the Celtic Media Awards.\" \/>\n<meta name=\"robots\" content=\"index, follow, max-snippet:-1, max-image-preview:large, max-video-preview:-1\" \/>\n<meta property=\"og:locale\" content=\"en_US\" \/>\n<meta property=\"og:type\" content=\"article\" \/>\n<meta property=\"og:title\" content=\"Top awards for An Cail\u00edn Ci\u00fain at the Celtic Media Awards | Press Release | TG4\" \/>\n<meta property=\"og:description\" content=\"An Cail\u00edn Ci\u00fain wins Spirit of the Festival and a Torc in Single Drama category at the Celtic Media Awards.\" \/>\n<meta property=\"og:url\" content=\"https:\/\/dev.tg4.ie\/en\/information\/press\/press-releases\/2023-2\/top-awards-for-an-cailin-ciuin-at-the-celtic-media-awards\/\" \/>\n<meta property=\"og:site_name\" content=\"TG4\" \/>\n<meta property=\"article:publisher\" content=\"https:\/\/www.facebook.com\/TG4TV\" \/>\n<meta property=\"og:image\" content=\"https:\/\/tg4-docs.s3.amazonaws.com\/tg4-redesign-2015\/wp-content\/uploads\/2022\/02\/AnCailinCiuin_TheQuietGirl_Cait_Catherine_Clinch_2-1920x1080-1.jpg\" \/>\n\t<meta property=\"og:image:width\" content=\"1920\" \/>\n\t<meta property=\"og:image:height\" content=\"1080\" \/>\n\t<meta property=\"og:image:type\" content=\"image\/jpeg\" \/>\n<meta name=\"twitter:card\" content=\"summary_large_image\" \/>\n<meta name=\"twitter:image\" content=\"https:\/\/tg4-docs.s3.amazonaws.com\/tg4-redesign-2015\/wp-content\/uploads\/2022\/02\/AnCailinCiuin_TheQuietGirl_Cait_Catherine_Clinch_2-1920x1080-1.jpg\" \/>\n<meta name=\"twitter:site\" content=\"@TG4TV\" \/>\n<meta name=\"twitter:label1\" content=\"Est. reading time\" \/>\n\t<meta name=\"twitter:data1\" content=\"3 minutes\" \/>\n<script type=\"application\/ld+json\" class=\"yoast-schema-graph\">{\"@context\":\"https:\/\/schema.org\",\"@graph\":[{\"@type\":\"WebPage\",\"@id\":\"https:\/\/dev.tg4.ie\/en\/information\/press\/press-releases\/2023-2\/top-awards-for-an-cailin-ciuin-at-the-celtic-media-awards\/\",\"url\":\"https:\/\/dev.tg4.ie\/en\/information\/press\/press-releases\/2023-2\/top-awards-for-an-cailin-ciuin-at-the-celtic-media-awards\/\",\"name\":\"Top awards for An Cail\u00edn Ci\u00fain at the Celtic Media Awards | Press Release | TG4\",\"isPartOf\":{\"@id\":\"https:\/\/dev.tg4.ie\/en\/#website\"},\"primaryImageOfPage\":{\"@id\":\"https:\/\/dev.tg4.ie\/en\/information\/press\/press-releases\/2023-2\/top-awards-for-an-cailin-ciuin-at-the-celtic-media-awards\/#primaryimage\"},\"image\":{\"@id\":\"https:\/\/dev.tg4.ie\/en\/information\/press\/press-releases\/2023-2\/top-awards-for-an-cailin-ciuin-at-the-celtic-media-awards\/#primaryimage\"},\"thumbnailUrl\":\"https:\/\/dev.tg4.ie\/wp-content\/uploads\/2022\/02\/AnCailinCiuin_TheQuietGirl_Cait_Catherine_Clinch_2-1920x1080-1.jpg\",\"datePublished\":\"2023-06-09T08:21:15+00:00\",\"dateModified\":\"2023-06-09T08:21:15+00:00\",\"description\":\"An Cail\u00edn Ci\u00fain wins Spirit of the Festival and a Torc in Single Drama category at the Celtic Media Awards.\",\"breadcrumb\":{\"@id\":\"https:\/\/dev.tg4.ie\/en\/information\/press\/press-releases\/2023-2\/top-awards-for-an-cailin-ciuin-at-the-celtic-media-awards\/#breadcrumb\"},\"inLanguage\":\"en-ie\",\"potentialAction\":[{\"@type\":\"ReadAction\",\"target\":[\"https:\/\/dev.tg4.ie\/en\/information\/press\/press-releases\/2023-2\/top-awards-for-an-cailin-ciuin-at-the-celtic-media-awards\/\"]}]},{\"@type\":\"ImageObject\",\"inLanguage\":\"en-ie\",\"@id\":\"https:\/\/dev.tg4.ie\/en\/information\/press\/press-releases\/2023-2\/top-awards-for-an-cailin-ciuin-at-the-celtic-media-awards\/#primaryimage\",\"url\":\"https:\/\/dev.tg4.ie\/wp-content\/uploads\/2022\/02\/AnCailinCiuin_TheQuietGirl_Cait_Catherine_Clinch_2-1920x1080-1.jpg\",\"contentUrl\":\"https:\/\/dev.tg4.ie\/wp-content\/uploads\/2022\/02\/AnCailinCiuin_TheQuietGirl_Cait_Catherine_Clinch_2-1920x1080-1.jpg\"},{\"@type\":\"BreadcrumbList\",\"@id\":\"https:\/\/dev.tg4.ie\/en\/information\/press\/press-releases\/2023-2\/top-awards-for-an-cailin-ciuin-at-the-celtic-media-awards\/#breadcrumb\",\"itemListElement\":[{\"@type\":\"ListItem\",\"position\":1,\"name\":\"Home\",\"item\":\"https:\/\/dev.tg4.ie\/en\/\"},{\"@type\":\"ListItem\",\"position\":2,\"name\":\"Information\",\"item\":\"https:\/\/dev.tg4.ie\/en\/information\/\"},{\"@type\":\"ListItem\",\"position\":3,\"name\":\"Press\",\"item\":\"https:\/\/dev.tg4.ie\/en\/information\/press\/\"},{\"@type\":\"ListItem\",\"position\":4,\"name\":\"Press Releases\",\"item\":\"https:\/\/dev.tg4.ie\/en\/information\/press\/press-releases\/\"},{\"@type\":\"ListItem\",\"position\":5,\"name\":\"2023\",\"item\":\"https:\/\/dev.tg4.ie\/en\/information\/press\/press-releases\/2023-2\/\"},{\"@type\":\"ListItem\",\"position\":6,\"name\":\"Top awards for An Cail\u00edn Ci\u00fain at the Celtic Media Awards\"}]},{\"@type\":\"WebSite\",\"@id\":\"https:\/\/dev.tg4.ie\/en\/#website\",\"url\":\"https:\/\/dev.tg4.ie\/en\/\",\"name\":\"TG4\",\"description\":\"S\u00fail Eile\",\"potentialAction\":[{\"@type\":\"SearchAction\",\"target\":{\"@type\":\"EntryPoint\",\"urlTemplate\":\"https:\/\/dev.tg4.ie\/en\/?s={search_term_string}\"},\"query-input\":\"required name=search_term_string\"}],\"inLanguage\":\"en-ie\"}]}<\/script>\n<!-- \/ Yoast SEO plugin. -->","yoast_head_json":{"title":"Top awards for An Cail\u00edn Ci\u00fain at the Celtic Media Awards | Press Release | TG4","description":"An Cail\u00edn Ci\u00fain wins Spirit of the Festival and a Torc in Single Drama category at the Celtic Media Awards.","robots":{"index":"index","follow":"follow","max-snippet":"max-snippet:-1","max-image-preview":"max-image-preview:large","max-video-preview":"max-video-preview:-1"},"og_locale":"en_US","og_type":"article","og_title":"Top awards for An Cail\u00edn Ci\u00fain at the Celtic Media Awards | Press Release | TG4","og_description":"An Cail\u00edn Ci\u00fain wins Spirit of the Festival and a Torc in Single Drama category at the Celtic Media Awards.","og_url":"https:\/\/dev.tg4.ie\/en\/information\/press\/press-releases\/2023-2\/top-awards-for-an-cailin-ciuin-at-the-celtic-media-awards\/","og_site_name":"TG4","article_publisher":"https:\/\/www.facebook.com\/TG4TV","og_image":[{"width":1920,"height":1080,"url":"https:\/\/tg4-docs.s3.amazonaws.com\/tg4-redesign-2015\/wp-content\/uploads\/2022\/02\/AnCailinCiuin_TheQuietGirl_Cait_Catherine_Clinch_2-1920x1080-1.jpg","type":"image\/jpeg"}],"twitter_card":"summary_large_image","twitter_image":"https:\/\/tg4-docs.s3.amazonaws.com\/tg4-redesign-2015\/wp-content\/uploads\/2022\/02\/AnCailinCiuin_TheQuietGirl_Cait_Catherine_Clinch_2-1920x1080-1.jpg","twitter_site":"@TG4TV","twitter_misc":{"Est. reading time":"3 minutes"},"schema":{"@context":"https:\/\/schema.org","@graph":[{"@type":"WebPage","@id":"https:\/\/dev.tg4.ie\/en\/information\/press\/press-releases\/2023-2\/top-awards-for-an-cailin-ciuin-at-the-celtic-media-awards\/","url":"https:\/\/dev.tg4.ie\/en\/information\/press\/press-releases\/2023-2\/top-awards-for-an-cailin-ciuin-at-the-celtic-media-awards\/","name":"Top awards for An Cail\u00edn Ci\u00fain at the Celtic Media Awards | Press Release | TG4","isPartOf":{"@id":"https:\/\/dev.tg4.ie\/en\/#website"},"primaryImageOfPage":{"@id":"https:\/\/dev.tg4.ie\/en\/information\/press\/press-releases\/2023-2\/top-awards-for-an-cailin-ciuin-at-the-celtic-media-awards\/#primaryimage"},"image":{"@id":"https:\/\/dev.tg4.ie\/en\/information\/press\/press-releases\/2023-2\/top-awards-for-an-cailin-ciuin-at-the-celtic-media-awards\/#primaryimage"},"thumbnailUrl":"https:\/\/dev.tg4.ie\/wp-content\/uploads\/2022\/02\/AnCailinCiuin_TheQuietGirl_Cait_Catherine_Clinch_2-1920x1080-1.jpg","datePublished":"2023-06-09T08:21:15+00:00","dateModified":"2023-06-09T08:21:15+00:00","description":"An Cail\u00edn Ci\u00fain wins Spirit of the Festival and a Torc in Single Drama category at the Celtic Media Awards.","breadcrumb":{"@id":"https:\/\/dev.tg4.ie\/en\/information\/press\/press-releases\/2023-2\/top-awards-for-an-cailin-ciuin-at-the-celtic-media-awards\/#breadcrumb"},"inLanguage":"en-ie","potentialAction":[{"@type":"ReadAction","target":["https:\/\/dev.tg4.ie\/en\/information\/press\/press-releases\/2023-2\/top-awards-for-an-cailin-ciuin-at-the-celtic-media-awards\/"]}]},{"@type":"ImageObject","inLanguage":"en-ie","@id":"https:\/\/dev.tg4.ie\/en\/information\/press\/press-releases\/2023-2\/top-awards-for-an-cailin-ciuin-at-the-celtic-media-awards\/#primaryimage","url":"https:\/\/dev.tg4.ie\/wp-content\/uploads\/2022\/02\/AnCailinCiuin_TheQuietGirl_Cait_Catherine_Clinch_2-1920x1080-1.jpg","contentUrl":"https:\/\/dev.tg4.ie\/wp-content\/uploads\/2022\/02\/AnCailinCiuin_TheQuietGirl_Cait_Catherine_Clinch_2-1920x1080-1.jpg"},{"@type":"BreadcrumbList","@id":"https:\/\/dev.tg4.ie\/en\/information\/press\/press-releases\/2023-2\/top-awards-for-an-cailin-ciuin-at-the-celtic-media-awards\/#breadcrumb","itemListElement":[{"@type":"ListItem","position":1,"name":"Home","item":"https:\/\/dev.tg4.ie\/en\/"},{"@type":"ListItem","position":2,"name":"Information","item":"https:\/\/dev.tg4.ie\/en\/information\/"},{"@type":"ListItem","position":3,"name":"Press","item":"https:\/\/dev.tg4.ie\/en\/information\/press\/"},{"@type":"ListItem","position":4,"name":"Press Releases","item":"https:\/\/dev.tg4.ie\/en\/information\/press\/press-releases\/"},{"@type":"ListItem","position":5,"name":"2023","item":"https:\/\/dev.tg4.ie\/en\/information\/press\/press-releases\/2023-2\/"},{"@type":"ListItem","position":6,"name":"Top awards for An Cail\u00edn Ci\u00fain at the Celtic Media Awards"}]},{"@type":"WebSite","@id":"https:\/\/dev.tg4.ie\/en\/#website","url":"https:\/\/dev.tg4.ie\/en\/","name":"TG4","description":"S\u00fail Eile","potentialAction":[{"@type":"SearchAction","target":{"@type":"EntryPoint","urlTemplate":"https:\/\/dev.tg4.ie\/en\/?s={search_term_string}"},"query-input":"required name=search_term_string"}],"inLanguage":"en-ie"}]}},"_links":{"self":[{"href":"https:\/\/dev.tg4.ie\/en\/wp-json\/wp\/v2\/pages\/195728"}],"collection":[{"href":"https:\/\/dev.tg4.ie\/en\/wp-json\/wp\/v2\/pages"}],"about":[{"href":"https:\/\/dev.tg4.ie\/en\/wp-json\/wp\/v2\/types\/page"}],"author":[{"embeddable":true,"href":"https:\/\/dev.tg4.ie\/en\/wp-json\/wp\/v2\/users\/876"}],"replies":[{"embeddable":true,"href":"https:\/\/dev.tg4.ie\/en\/wp-json\/wp\/v2\/comments?post=195728"}],"version-history":[{"count":0,"href":"https:\/\/dev.tg4.ie\/en\/wp-json\/wp\/v2\/pages\/195728\/revisions"}],"up":[{"embeddable":true,"href":"https:\/\/dev.tg4.ie\/en\/wp-json\/wp\/v2\/pages\/180925"}],"wp:attachment":[{"href":"https:\/\/dev.tg4.ie\/en\/wp-json\/wp\/v2\/media?parent=195728"}],"curies":[{"name":"wp","href":"https:\/\/api.w.org\/{rel}","templated":true}]}}