{"id":199574,"date":"2023-07-15T15:00:59","date_gmt":"2023-07-15T14:00:59","guid":{"rendered":"https:\/\/dev.tg4.ie\/?page_id=199574"},"modified":"2023-07-15T11:55:47","modified_gmt":"2023-07-15T10:55:47","slug":"tg4-new-partnership-with-women-in-film-and-television","status":"publish","type":"page","link":"https:\/\/dev.tg4.ie\/en\/information\/press\/press-releases\/2023-2\/tg4-new-partnership-with-women-in-film-and-television\/","title":{"rendered":"TG4\u2019s new partnership with \u2018Women in Film and Television Ireland\u2019 announced at Galway Film Fleadh"},"content":{"rendered":"<table>\n<tbody>\n<tr>\n<td width=\"50%\"><img decoding=\"async\" class=\"\" src=\"https:\/\/tg4-docs.s3.amazonaws.com\/wp-content\/uploads\/2023\/07\/15112041\/OBheal-Strange-Boy.jpg\" alt=\"\u00d3 Bh\u00e9al - Strange-Boy\" \/><br \/>\n<sup>Pic: \u00d3 Bh\u00e9al &#8211; Strange-Boy<\/sup><\/td>\n<td><img decoding=\"async\" class=\"\" src=\"https:\/\/tg4-docs.s3.amazonaws.com\/wp-content\/uploads\/2023\/07\/15112039\/Croithe-Radacacha.jpg\" alt=\"Cro\u00edthe Radacacha\" \/><br \/>\n<sup>Pic: Cro\u00edthe Radacacha<\/sup><\/td>\n<\/tr>\n<\/tbody>\n<\/table>\n<p>Cro\u00edthe Radacacha- R\u00e9amhbhlaiseadh: <a href=\"https:\/\/www.youtube.com\/watch?v=QpuiNpvJpaY\" target=\"_New\" rel=\"noopener\">https:\/\/www.youtube.com\/watch?v=QpuiNpvJpaY<\/a><br \/>\n\u00d3 Bh\u00e9al &#8211; R\u00e9amhbhlaiseadh: <a href=\"https:\/\/www.youtube.com\/watch?v=bnNrbtf6DYw\" target=\"_New\" rel=\"noopener\">https:\/\/www.youtube.com\/watch?v=bnNrbtf6DYw<\/a><\/p>\n<p>TG4 are delighted to announce a new partnership with \u2018Women in Film and Television Ireland\u2019 at this year\u2019s Galway Film Fleadh. This coincides with the premiere of two TG4 feature documentary films screenings at Galway Film Fleadh directed by female creative talent. \u00d3\u202fBh\u00e9al is directed by Ciara Nic Chormaic and produced by Mind The Gap Films and had it\u2019s Irish premiere in the P\u00e1l\u00e1s Cinema on July 14th. Cro\u00edthe Radacacha is directed by Ciara Hyland and produced by her company Wonder Pics. It\u2019s world premiere was held at at the Galway Film Fleadh on July 15th.<\/p>\n<p>Today (July 15th) in the P\u00e1l\u00e1s cinema in Galway City, TG4 hosted an event to celebrate female creative talent at this year\u2019s film fleadh. Director General of TG4 Alan Esslemont said that \u201cTG4 is delighted to enter this new partnership with WFT Ireland.\u202f I have long made the parallel between the vision for gender equality and the vision for language equality in Ireland.\u202f TG4 stands for an Ireland in which both women and Irish speakers are enabled to play their full role in a diverse and pluralistic society.\u202f Since our launch in 1996 strong female role models for the audiovisual industry have emerged from our staff and from our broadcasts.\u202f By working closer with \u2018Women in Film and Television Ireland\u2019 we intend to ensure that TG4 continues to innovate and pioneer in order to establish the conditions needed to enable female creative leadership to flourish in Ireland\u201d.<\/p>\n<p>Dr Susan Liddy, chair of \u2018Women in Film and Television Ireland\u2019 and incoming president of Women in Film and Television International, is enthusiastic about WFT Ireland&#8217;s new partnership with TG4. \u201cI\u2019m delighted to welcome TG4 to \u2018Women in Film and Television Ireland\u2019! TG4 has long been committed to gender equality, in front of and behind the camera as well as in its workforce and leadership. We wholeheartedly support Irish language filmmaking and have been exceptionally enthralled by recent successes including \u2018An Cail\u00edn Ci\u00fain\u2019 and \u2018R\u00f3ise &amp; Frank\u2019. We know that TG4 is working with exciting Irish female talent and we look forward to spotlighting the great work that is being done.\u201d<\/p>\n<p><strong>Director Ciara Nic Chormaic : \u00d3\u202fBh\u00e9al <\/strong><br \/>\nCiara Nic Chormaic is a filmmaker based in Dublin. Her most recent feature documentary \u00d3 Bh\u00e9al looks at how hip-hop artists are drawing on the rich tradition of sean-n\u00f3s, poetry and the Irish language as a source of inspiration. The film is produced by Mind the Gap Films for the ilD\u00c1NA scheme, and co funded by The Arts Council, An Chomhairle Eala\u00edon. In 2022 Ciara directed Clouded Reveries\/Aisling Tr\u00ed N\u00e9allaibh, an intimate exploration of acclaimed writer Doireann N\u00ed Ghr\u00edofa\u2019s world and creative process. The film was funded by The Arts Council and TG4 through ilD\u00c1NA and was screened in cinemas throughout Ireland. In 2020 her debut feature documentary on the life and work of the iconic fashion photographer Perry Ogden, entitled Skin+Soul was the recipient of the Reel Art Award and premiered at the Dublin International Film Festival in 2020. Fashion as art, is a theme which she returns to again and again in her work and prior to making Skin+Soul she wrote, directed and produced a documentary series entitled Sn\u00e1ithe (Threads) for TG4 exploring identity, patronage and perception in the story of Irish fashion, which featured as part of an exhibition in the Fashion and Textiles Museum in London in Summer 2018. Prior to becoming a director she was an award-winning producer for over fifteen years.<\/p>\n<p><strong>Director Ciara Hyland: Cro\u00edthe Radacacha <\/strong><br \/>\nCiara Hyland is a highly experienced writer and filmmaker. She is passionate about the visual, cinematic telling of stories that impact emotionally and tell us something about the world we live in today. Her feature documentary Cro\u00edthe Radacacha\/ Radical Hearts focuses on several same sex relationships between radical women and celebrates the \u2018love that dares not speak its name\u2019 found at the heart of the Irish Revolution. In 2021 she made Forgotten: The Widows of the Irish Revolution on the wives and children of the leaders of the 1916 Rising and what happened them after their husbands and fathers were executed. Women hold up half the sky and yet they are often forgotten about when it comes to history. Ciara\u2019s interest in uncovering forgotten voices from the past also led to her writing and directing Cogadh ar Mhn\u00e1\/ a War on Women in 2020 . It broached a taboo topic for the first time \u2013 the issue of sexual abuse during the Irish Revolution. Using the witness testimony that women who experienced it left behind, it showed that this was perpetrated by all sides in the conflict. Other documentaries that she has directed for TG4 and RT\u00c9 cover topics as far ranging as hunger strikes, epidemic diseases and political history. She writes fiction whenever she can and in a previous life was a Script Supervisor on drama productions.<\/p>\n<p>Women in Film and Television Ireland<br \/>\nWomen in Film and Television Ireland (WFT) is the Irish chapter of a global organisation -Women in Film and Television International. WFT is a voluntary body led by screen industry professionals of international standing. Its board members represent the creative, business, educational and technical divisions of the Irish screen industries. WFT is passionate about fostering an inclusive environment and empowering talented women to thrive in their respective roles.<\/p>\n","protected":false},"excerpt":{"rendered":"<p>Pic: \u00d3 Bh\u00e9al &#8211; Strange-Boy Pic: Cro\u00edthe Radacacha Cro\u00edthe Radacacha- R\u00e9amhbhlaiseadh: https:\/\/www.youtube.com\/watch?v=QpuiNpvJpaY \u00d3 Bh\u00e9al &#8211; R\u00e9amhbhlaiseadh: https:\/\/www.youtube.com\/watch?v=bnNrbtf6DYw TG4 are delighted to announce a new partnership with \u2018Women in Film and Television Ireland\u2019 at this year\u2019s Galway Film Fleadh. This coincides with the premiere of two TG4 feature documentary films screenings at Galway Film Fleadh directed [&hellip;]<\/p>\n","protected":false},"author":4,"featured_media":0,"parent":180925,"menu_order":18,"comment_status":"closed","ping_status":"closed","template":"page-templates\/template-pr.php","meta":{"_acf_changed":false,"footnotes":""},"acf":[],"yoast_head":"<!-- This site is optimized with the Yoast SEO plugin v22.6 - https:\/\/yoast.com\/wordpress\/plugins\/seo\/ -->\n<title>TG4\u2019s new partnership with \u2018Women in Film and Television Ireland\u2019 announced at Galway Film Fleadh<\/title>\n<meta name=\"description\" content=\"This coincides with the premiere of two TG4 feature documentary films screenings at Galway Film Fleadh directed by female creative talent\" \/>\n<meta name=\"robots\" content=\"index, follow, max-snippet:-1, max-image-preview:large, max-video-preview:-1\" \/>\n<meta property=\"og:locale\" content=\"en_US\" \/>\n<meta property=\"og:type\" content=\"article\" \/>\n<meta property=\"og:title\" content=\"TG4\u2019s new partnership with \u2018Women in Film and Television Ireland\u2019 announced at Galway Film Fleadh\" \/>\n<meta property=\"og:description\" content=\"This coincides with the premiere of two TG4 feature documentary films screenings at Galway Film Fleadh directed by female creative talent\" \/>\n<meta property=\"og:url\" content=\"https:\/\/dev.tg4.ie\/en\/information\/press\/press-releases\/2023-2\/tg4-new-partnership-with-women-in-film-and-television\/\" \/>\n<meta property=\"og:site_name\" content=\"TG4\" \/>\n<meta property=\"article:publisher\" content=\"https:\/\/www.facebook.com\/TG4TV\" \/>\n<meta property=\"article:modified_time\" content=\"2023-07-15T10:55:47+00:00\" \/>\n<meta property=\"og:image\" content=\"https:\/\/tg4-docs.s3.amazonaws.com\/tg4-redesign-2015\/wp-content\/uploads\/2022\/02\/AnCailinCiuin_TheQuietGirl_Cait_Catherine_Clinch_1-1920x1080-1-700x394.jpg\" \/>\n<meta name=\"twitter:card\" content=\"summary_large_image\" \/>\n<meta name=\"twitter:image\" content=\"https:\/\/tg4-docs.s3.amazonaws.com\/tg4-redesign-2015\/wp-content\/uploads\/2022\/02\/AnCailinCiuin_TheQuietGirl_Cait_Catherine_Clinch_1-1920x1080-1-700x394.jpg\" \/>\n<meta name=\"twitter:site\" content=\"@TG4TV\" \/>\n<meta name=\"twitter:label1\" content=\"Est. reading time\" \/>\n\t<meta name=\"twitter:data1\" content=\"6 minutes\" \/>\n<script type=\"application\/ld+json\" class=\"yoast-schema-graph\">{\"@context\":\"https:\/\/schema.org\",\"@graph\":[{\"@type\":\"WebPage\",\"@id\":\"https:\/\/dev.tg4.ie\/en\/information\/press\/press-releases\/2023-2\/tg4-new-partnership-with-women-in-film-and-television\/\",\"url\":\"https:\/\/dev.tg4.ie\/en\/information\/press\/press-releases\/2023-2\/tg4-new-partnership-with-women-in-film-and-television\/\",\"name\":\"TG4\u2019s new partnership with \u2018Women in Film and Television Ireland\u2019 announced at Galway Film Fleadh\",\"isPartOf\":{\"@id\":\"https:\/\/dev.tg4.ie\/en\/#website\"},\"primaryImageOfPage\":{\"@id\":\"https:\/\/dev.tg4.ie\/en\/information\/press\/press-releases\/2023-2\/tg4-new-partnership-with-women-in-film-and-television\/#primaryimage\"},\"image\":{\"@id\":\"https:\/\/dev.tg4.ie\/en\/information\/press\/press-releases\/2023-2\/tg4-new-partnership-with-women-in-film-and-television\/#primaryimage\"},\"thumbnailUrl\":\"https:\/\/dev.tg4.ie\/wp-content\/uploads\/2023\/07\/OBheal-Strange-Boy.jpg\",\"datePublished\":\"2023-07-15T14:00:59+00:00\",\"dateModified\":\"2023-07-15T10:55:47+00:00\",\"description\":\"This coincides with the premiere of two TG4 feature documentary films screenings at Galway Film Fleadh directed by female creative talent\",\"breadcrumb\":{\"@id\":\"https:\/\/dev.tg4.ie\/en\/information\/press\/press-releases\/2023-2\/tg4-new-partnership-with-women-in-film-and-television\/#breadcrumb\"},\"inLanguage\":\"en-ie\",\"potentialAction\":[{\"@type\":\"ReadAction\",\"target\":[\"https:\/\/dev.tg4.ie\/en\/information\/press\/press-releases\/2023-2\/tg4-new-partnership-with-women-in-film-and-television\/\"]}]},{\"@type\":\"ImageObject\",\"inLanguage\":\"en-ie\",\"@id\":\"https:\/\/dev.tg4.ie\/en\/information\/press\/press-releases\/2023-2\/tg4-new-partnership-with-women-in-film-and-television\/#primaryimage\",\"url\":\"https:\/\/dev.tg4.ie\/wp-content\/uploads\/2023\/07\/OBheal-Strange-Boy.jpg\",\"contentUrl\":\"https:\/\/dev.tg4.ie\/wp-content\/uploads\/2023\/07\/OBheal-Strange-Boy.jpg\"},{\"@type\":\"BreadcrumbList\",\"@id\":\"https:\/\/dev.tg4.ie\/en\/information\/press\/press-releases\/2023-2\/tg4-new-partnership-with-women-in-film-and-television\/#breadcrumb\",\"itemListElement\":[{\"@type\":\"ListItem\",\"position\":1,\"name\":\"Home\",\"item\":\"https:\/\/dev.tg4.ie\/en\/\"},{\"@type\":\"ListItem\",\"position\":2,\"name\":\"Information\",\"item\":\"https:\/\/dev.tg4.ie\/en\/information\/\"},{\"@type\":\"ListItem\",\"position\":3,\"name\":\"Press\",\"item\":\"https:\/\/dev.tg4.ie\/en\/information\/press\/\"},{\"@type\":\"ListItem\",\"position\":4,\"name\":\"Press Releases\",\"item\":\"https:\/\/dev.tg4.ie\/en\/information\/press\/press-releases\/\"},{\"@type\":\"ListItem\",\"position\":5,\"name\":\"2023\",\"item\":\"https:\/\/dev.tg4.ie\/en\/information\/press\/press-releases\/2023-2\/\"},{\"@type\":\"ListItem\",\"position\":6,\"name\":\"TG4\u2019s new partnership with \u2018Women in Film and Television Ireland\u2019 announced at Galway Film Fleadh\"}]},{\"@type\":\"WebSite\",\"@id\":\"https:\/\/dev.tg4.ie\/en\/#website\",\"url\":\"https:\/\/dev.tg4.ie\/en\/\",\"name\":\"TG4\",\"description\":\"S\u00fail Eile\",\"potentialAction\":[{\"@type\":\"SearchAction\",\"target\":{\"@type\":\"EntryPoint\",\"urlTemplate\":\"https:\/\/dev.tg4.ie\/en\/?s={search_term_string}\"},\"query-input\":\"required name=search_term_string\"}],\"inLanguage\":\"en-ie\"}]}<\/script>\n<!-- \/ Yoast SEO plugin. -->","yoast_head_json":{"title":"TG4\u2019s new partnership with \u2018Women in Film and Television Ireland\u2019 announced at Galway Film Fleadh","description":"This coincides with the premiere of two TG4 feature documentary films screenings at Galway Film Fleadh directed by female creative talent","robots":{"index":"index","follow":"follow","max-snippet":"max-snippet:-1","max-image-preview":"max-image-preview:large","max-video-preview":"max-video-preview:-1"},"og_locale":"en_US","og_type":"article","og_title":"TG4\u2019s new partnership with \u2018Women in Film and Television Ireland\u2019 announced at Galway Film Fleadh","og_description":"This coincides with the premiere of two TG4 feature documentary films screenings at Galway Film Fleadh directed by female creative talent","og_url":"https:\/\/dev.tg4.ie\/en\/information\/press\/press-releases\/2023-2\/tg4-new-partnership-with-women-in-film-and-television\/","og_site_name":"TG4","article_publisher":"https:\/\/www.facebook.com\/TG4TV","article_modified_time":"2023-07-15T10:55:47+00:00","og_image":[{"url":"https:\/\/tg4-docs.s3.amazonaws.com\/tg4-redesign-2015\/wp-content\/uploads\/2022\/02\/AnCailinCiuin_TheQuietGirl_Cait_Catherine_Clinch_1-1920x1080-1-700x394.jpg"}],"twitter_card":"summary_large_image","twitter_image":"https:\/\/tg4-docs.s3.amazonaws.com\/tg4-redesign-2015\/wp-content\/uploads\/2022\/02\/AnCailinCiuin_TheQuietGirl_Cait_Catherine_Clinch_1-1920x1080-1-700x394.jpg","twitter_site":"@TG4TV","twitter_misc":{"Est. reading time":"6 minutes"},"schema":{"@context":"https:\/\/schema.org","@graph":[{"@type":"WebPage","@id":"https:\/\/dev.tg4.ie\/en\/information\/press\/press-releases\/2023-2\/tg4-new-partnership-with-women-in-film-and-television\/","url":"https:\/\/dev.tg4.ie\/en\/information\/press\/press-releases\/2023-2\/tg4-new-partnership-with-women-in-film-and-television\/","name":"TG4\u2019s new partnership with \u2018Women in Film and Television Ireland\u2019 announced at Galway Film Fleadh","isPartOf":{"@id":"https:\/\/dev.tg4.ie\/en\/#website"},"primaryImageOfPage":{"@id":"https:\/\/dev.tg4.ie\/en\/information\/press\/press-releases\/2023-2\/tg4-new-partnership-with-women-in-film-and-television\/#primaryimage"},"image":{"@id":"https:\/\/dev.tg4.ie\/en\/information\/press\/press-releases\/2023-2\/tg4-new-partnership-with-women-in-film-and-television\/#primaryimage"},"thumbnailUrl":"https:\/\/dev.tg4.ie\/wp-content\/uploads\/2023\/07\/OBheal-Strange-Boy.jpg","datePublished":"2023-07-15T14:00:59+00:00","dateModified":"2023-07-15T10:55:47+00:00","description":"This coincides with the premiere of two TG4 feature documentary films screenings at Galway Film Fleadh directed by female creative talent","breadcrumb":{"@id":"https:\/\/dev.tg4.ie\/en\/information\/press\/press-releases\/2023-2\/tg4-new-partnership-with-women-in-film-and-television\/#breadcrumb"},"inLanguage":"en-ie","potentialAction":[{"@type":"ReadAction","target":["https:\/\/dev.tg4.ie\/en\/information\/press\/press-releases\/2023-2\/tg4-new-partnership-with-women-in-film-and-television\/"]}]},{"@type":"ImageObject","inLanguage":"en-ie","@id":"https:\/\/dev.tg4.ie\/en\/information\/press\/press-releases\/2023-2\/tg4-new-partnership-with-women-in-film-and-television\/#primaryimage","url":"https:\/\/dev.tg4.ie\/wp-content\/uploads\/2023\/07\/OBheal-Strange-Boy.jpg","contentUrl":"https:\/\/dev.tg4.ie\/wp-content\/uploads\/2023\/07\/OBheal-Strange-Boy.jpg"},{"@type":"BreadcrumbList","@id":"https:\/\/dev.tg4.ie\/en\/information\/press\/press-releases\/2023-2\/tg4-new-partnership-with-women-in-film-and-television\/#breadcrumb","itemListElement":[{"@type":"ListItem","position":1,"name":"Home","item":"https:\/\/dev.tg4.ie\/en\/"},{"@type":"ListItem","position":2,"name":"Information","item":"https:\/\/dev.tg4.ie\/en\/information\/"},{"@type":"ListItem","position":3,"name":"Press","item":"https:\/\/dev.tg4.ie\/en\/information\/press\/"},{"@type":"ListItem","position":4,"name":"Press Releases","item":"https:\/\/dev.tg4.ie\/en\/information\/press\/press-releases\/"},{"@type":"ListItem","position":5,"name":"2023","item":"https:\/\/dev.tg4.ie\/en\/information\/press\/press-releases\/2023-2\/"},{"@type":"ListItem","position":6,"name":"TG4\u2019s new partnership with \u2018Women in Film and Television Ireland\u2019 announced at Galway Film Fleadh"}]},{"@type":"WebSite","@id":"https:\/\/dev.tg4.ie\/en\/#website","url":"https:\/\/dev.tg4.ie\/en\/","name":"TG4","description":"S\u00fail Eile","potentialAction":[{"@type":"SearchAction","target":{"@type":"EntryPoint","urlTemplate":"https:\/\/dev.tg4.ie\/en\/?s={search_term_string}"},"query-input":"required name=search_term_string"}],"inLanguage":"en-ie"}]}},"_links":{"self":[{"href":"https:\/\/dev.tg4.ie\/en\/wp-json\/wp\/v2\/pages\/199574"}],"collection":[{"href":"https:\/\/dev.tg4.ie\/en\/wp-json\/wp\/v2\/pages"}],"about":[{"href":"https:\/\/dev.tg4.ie\/en\/wp-json\/wp\/v2\/types\/page"}],"author":[{"embeddable":true,"href":"https:\/\/dev.tg4.ie\/en\/wp-json\/wp\/v2\/users\/4"}],"replies":[{"embeddable":true,"href":"https:\/\/dev.tg4.ie\/en\/wp-json\/wp\/v2\/comments?post=199574"}],"version-history":[{"count":0,"href":"https:\/\/dev.tg4.ie\/en\/wp-json\/wp\/v2\/pages\/199574\/revisions"}],"up":[{"embeddable":true,"href":"https:\/\/dev.tg4.ie\/en\/wp-json\/wp\/v2\/pages\/180925"}],"wp:attachment":[{"href":"https:\/\/dev.tg4.ie\/en\/wp-json\/wp\/v2\/media?parent=199574"}],"curies":[{"name":"wp","href":"https:\/\/api.w.org\/{rel}","templated":true}]}}