{"id":204267,"date":"2023-08-01T12:15:39","date_gmt":"2023-08-01T11:15:39","guid":{"rendered":"https:\/\/dev.tg4.ie\/information\/press\/press-releases\/2023-2\/fleadh-beo-ar-tg4\/"},"modified":"2023-09-11T10:28:14","modified_gmt":"2023-09-11T09:28:14","slug":"fleadh-2023-live-on-tg4","status":"publish","type":"page","link":"https:\/\/dev.tg4.ie\/en\/information\/press\/press-releases\/2023-2\/fleadh-2023-live-on-tg4\/","title":{"rendered":"FLEADH 2023: Live on TG4 10th, 11th, 12th and 13th of August at 9.30pm"},"content":{"rendered":"<p>Promos:<\/p>\n<table>\n<tbody>\n<tr>\n<td width=\"50%\">\n<div style=\"position:relative;padding-top:56.25%;\">\n  <iframe src=\"https:\/\/www.youtube.com\/embed\/CMg-9yd-VEE\" frameborder=\"0\" allowfullscreen style=\"position:absolute;top:0;left:0;width:100%;height:100%;\"><\/iframe>\n<\/div>\n<\/td>\n<td width=\"50%\">\n<div style=\"position:relative;padding-top:56.25%;\">\n  <iframe src=\"https:\/\/www.youtube.com\/embed\/Ds5U5V6j1_w\" frameborder=\"0\" allowfullscreen style=\"position:absolute;top:0;left:0;width:100%;height:100%;\"><\/iframe>\n<\/div>\n<\/td>\n<\/tr>\n<\/tbody>\n<\/table>\n<p><!--a href=\"https:\/\/www.youtube.com\/watch?v=CMg-9yd-VEE\" rel=\"noopener\" target=\"_blank\">https:\/\/www.youtube.com\/watch?v=CMg-9yd-VEE<\/a>\n<a href=\"https:\/\/www.youtube.com\/watch?v=Ds5U5V6j1_w\" rel=\"noopener\" target=\"_blank\">https:\/\/www.youtube.com\/watch?v=Ds5U5V6j1_w<\/a--><br \/>\n&nbsp;<\/p>\n<p><img loading=\"lazy\" decoding=\"async\" width=\"1920\" height=\"1080\" src=\"https:\/\/tg4-docs.s3.amazonaws.com\/wp-content\/uploads\/2023\/08\/01120742\/Fleadh2023_1-1920x1080-1.jpg\" alt=\"\" class=\"aligncenter size-full wp-image-204284\" srcset=\"https:\/\/tg4-docs.s3.amazonaws.com\/wp-content\/uploads\/2023\/08\/01120742\/Fleadh2023_1-1920x1080-1.jpg 1920w, https:\/\/tg4-docs.s3.amazonaws.com\/wp-content\/uploads\/2023\/08\/01120742\/Fleadh2023_1-1920x1080-1-250x141.jpg 250w, https:\/\/tg4-docs.s3.amazonaws.com\/wp-content\/uploads\/2023\/08\/01120742\/Fleadh2023_1-1920x1080-1-700x394.jpg 700w, https:\/\/tg4-docs.s3.amazonaws.com\/wp-content\/uploads\/2023\/08\/01120742\/Fleadh2023_1-1920x1080-1-252x141.jpg 252w, https:\/\/tg4-docs.s3.amazonaws.com\/wp-content\/uploads\/2023\/08\/01120742\/Fleadh2023_1-1920x1080-1-1536x864.jpg 1536w, https:\/\/tg4-docs.s3.amazonaws.com\/wp-content\/uploads\/2023\/08\/01120742\/Fleadh2023_1-1920x1080-1-120x68.jpg 120w\" sizes=\"(max-width: 1920px) 100vw, 1920px\" \/><\/p>\n<p><sup>Picture: Presenters &#8211; Fleadh 2023: Aoife N\u00ed Thuairisg, Doireann N\u00ed Ghlac\u00e1in agus Peadar \u00d3 Goill, Credit: Melissa Mannion<\/sup><br \/>\n&nbsp;<\/p>\n<p>Fleadh Cheoil returns to Mullingar for 2023 back to where it all began in 1951.  TG4 will be \u2018Fleadh Cheoil Central\u2019 broadcasting four live shows on 10th, 11th ,12th and 13th August full of the very best of Irish song, music, and dance. The station will also be livestreaming some of the competitions on its player <a href=\"https:\/\/dev.tg4.ie\" rel=\"noopener\" target=\"_blank\">www.tg4.ie<\/a> and be sure to follow @TG4TV social channels for behind-the-scenes action and music in Mullingar, or join the conversation online using #Fleadh2023<br \/>\n&nbsp;<br \/>\nTo compete at the All-Ireland finals, you must first qualify through your province. In the past four weeks presenters Doireann N\u00ed Ghlac\u00e1in and Peadar \u00d3 Goill have been travelling the length and breadth of the country, meeting some of the country\u2019s finest musicians, some of whom were hoping to qualify for the All-Ireland competitions, all of whom will be landing in Mullingar at some point over the week-long festival. Coverage from the provincial finals can be seen on TG4 on Sunday 6th August at 9.30pm on <strong>Fleadh 2023 Na C\u00faig\u00ed<\/strong>. In this programme Doireann and Peadar will take viewers on a trip across the four provincial finals in Ballina, Dublin, Tralee and Dromore to catch up with some of our top and emerging musical talent.<br \/>\n&nbsp;<br \/>\n<strong>Fleadh 2023<\/strong> will be broadcast live for four consecutive nights on <strong>TG4 from Thursday through to Sunday from 9.30pm to 11pm<\/strong>. Presenters Peadar and Doireann will be joined by co-presenter Aoife N\u00ed Thuairisg, along with the cream of Irish musical talent from all over Ireland, and beyond.<br \/>\n&nbsp;<br \/>\nOn Thursday night we have live performances from Natalie MacMaster, Donnell Leahy &#038; Family, Taobh na Mara C\u00e9il\u00ed Band, Tim Edey, The Gardiner Brothers, S\u00edomha, Ger O\u2019Donnell, Trevor Sexton with George Murphy &#038; Meadhbh Walsh, D\u2019Bize, Gr\u00e1inne Hambly, and Craobh Pheig \u00dai Riain CC\u00c9.<br \/>\n&nbsp;<br \/>\nFriday night see the following take to the stage include Dolores Keane, T\u00e9ada, M\u00e9abh N\u00ed Bheaglaoich, Breannd\u00e1n \u00d3 Beaglaoich, Emmet Cahill, Paul Dooley &#038; Kseniya Rusnak, The Dublin Lasses, Ant\u00f3in MacGabhann &#038; family.<br \/>\n&nbsp;<br \/>\nOn Saturday night we will be entertained by Cherish The Ladies, M\u00e1ire N\u00ed Chathasaigh &#038; Chris Newman, Eoghan \u00d3 Ceannabh\u00e1in and Ultan O\u2019Brien, Enda Scahill &#038; Mick Conneely, Strange Boy, Meitheal Orchestra, Fusion Fighters, The Melbourne C\u00e9il\u00ed Band, and Tempest.<br \/>\n&nbsp;<br \/>\nFor the final night on Sunday we have a mixture of musician from all over the world including T With The Maggies, Liz Doherty &#038; Fiddlesticks, Ryan Molloy and friends \u2013 The Piano Summit, Mark Redmond and Pipers of the World (feat. Pamela Schweblin, Liam Winnett and more), Dan McCabe, Billow Wood, Tura Arutura, Tara Howley, Tulua and Doon Road.<br \/>\n&nbsp;<br \/>\nFull of song, dance, music, and stories, <strong>Fleadh 2023<\/strong> will be rooted in the tradition of the Fleadh and promises to be unmissable entertainment for all the family! Follow @TG4TV social channels for behind-the-scenes action and music in Mullingar, or join the conversation online using #Fleadh2023<br \/>\n&nbsp;<br \/>\nProduced by Power Pictures the four live shows will be broadcast on TG4 from Thursday 10th to Sunday 13th August, between 9.30pm &#8211; 11pm.<br \/>\n&nbsp;<br \/>\nAs mentioned TG4 will also be live streaming from various competitions on the station\u2019s player <a href=\"https:\/\/dev.tg4.ie\" rel=\"noopener\" target=\"_blank\">www.tg4.ie<\/a><br \/>\n&nbsp;<br \/>\n<img loading=\"lazy\" decoding=\"async\" width=\"1920\" height=\"1080\" src=\"https:\/\/tg4-docs.s3.amazonaws.com\/wp-content\/uploads\/2023\/08\/01121038\/Fleadh2023_2-1920x1080-1.jpg\" alt=\"\" class=\"aligncenter size-full wp-image-204288\" srcset=\"https:\/\/tg4-docs.s3.amazonaws.com\/wp-content\/uploads\/2023\/08\/01121038\/Fleadh2023_2-1920x1080-1.jpg 1920w, https:\/\/tg4-docs.s3.amazonaws.com\/wp-content\/uploads\/2023\/08\/01121038\/Fleadh2023_2-1920x1080-1-250x141.jpg 250w, https:\/\/tg4-docs.s3.amazonaws.com\/wp-content\/uploads\/2023\/08\/01121038\/Fleadh2023_2-1920x1080-1-700x394.jpg 700w, https:\/\/tg4-docs.s3.amazonaws.com\/wp-content\/uploads\/2023\/08\/01121038\/Fleadh2023_2-1920x1080-1-252x141.jpg 252w, https:\/\/tg4-docs.s3.amazonaws.com\/wp-content\/uploads\/2023\/08\/01121038\/Fleadh2023_2-1920x1080-1-1536x864.jpg 1536w, https:\/\/tg4-docs.s3.amazonaws.com\/wp-content\/uploads\/2023\/08\/01121038\/Fleadh2023_2-1920x1080-1-120x68.jpg 120w\" sizes=\"(max-width: 1920px) 100vw, 1920px\" \/><\/p>\n<p><sup>Picture: Darren \u00d3 Dubhg\u00e1in, Freda Nic Giolla Chath\u00e1in. Credit &#8211; Melissa Mannion.<\/sup><br \/>\n&nbsp;<br \/>\n<strong>Fleadh 2023 Com\u00f3rtais Bheo<\/strong> will be presented by Freda Nic Giolla Chath\u00e1in, Darren \u00d3 Dubhgh\u00e1in and Fiona N\u00ed Fhlaithearta throughout the weekend of August 11-13 as we live stream some of the main competitions at this year&#8217;s Fleadh Cheoil. Follow the live streams on <a href=\"https:\/\/www.facebook.com\/fleadhcheoil\" rel=\"noopener\" target=\"_blank\">facebook.com\/fleadhcheoil<\/a> and on <a href=\"https:\/\/dev.tg4.ie\" rel=\"noopener\" target=\"_blank\">www.tg4.ie<\/a>. Fleadh 2023 Com\u00f3rtais Bheo is produced by Omedia for TG4 and facilitated by Telegael.<br \/>\n&nbsp;<br \/>\nFrom solo competitions to duets and trios, we\u2019ll also be centre stage at some of the biggest competitions, including the Senior C\u00e9il\u00ed Bands Competition, the highlight of Fleadh weekend. In between competitions, we\u2019ll keep you informed on what else is happening throughout Fleadh week, we\u2019ll hear from the competitors and organisers.   <\/p>\n","protected":false},"excerpt":{"rendered":"<p>Promos: &nbsp; Picture: Presenters &#8211; Fleadh 2023: Aoife N\u00ed Thuairisg, Doireann N\u00ed Ghlac\u00e1in agus Peadar \u00d3 Goill, Credit: Melissa Mannion &nbsp; Fleadh Cheoil returns to Mullingar for 2023 back to where it all began in 1951. TG4 will be \u2018Fleadh Cheoil Central\u2019 broadcasting four live shows on 10th, 11th ,12th and 13th August full of [&hellip;]<\/p>\n","protected":false},"author":876,"featured_media":0,"parent":180925,"menu_order":20,"comment_status":"closed","ping_status":"closed","template":"page-templates\/template-pr.php","meta":{"_acf_changed":false,"footnotes":""},"acf":[],"yoast_head":"<!-- This site is optimized with the Yoast SEO plugin v22.6 - https:\/\/yoast.com\/wordpress\/plugins\/seo\/ -->\n<title>FLEADH 2023 Live on TG4 10th,11th,12th &amp; 13th August | Press Release | TG4<\/title>\n<meta name=\"description\" content=\"Fleadh Cheoil returns to Mullingar for 2023 back to where it all began in 1951. TG4 will be \u2018Fleadh Cheoil Central\u2019 broadcasting four live shows on 10th, 11th ,12th and 13th August full of the very best of Irish song, music, and dance.\" \/>\n<meta name=\"robots\" content=\"index, follow, max-snippet:-1, max-image-preview:large, max-video-preview:-1\" \/>\n<meta property=\"og:locale\" content=\"en_US\" \/>\n<meta property=\"og:type\" content=\"article\" \/>\n<meta property=\"og:title\" content=\"FLEADH 2023 Live on TG4 10th,11th,12th &amp; 13th August | Press Release | TG4\" \/>\n<meta property=\"og:description\" content=\"Fleadh Cheoil returns to Mullingar for 2023 back to where it all began in 1951. TG4 will be \u2018Fleadh Cheoil Central\u2019 broadcasting four live shows on 10th, 11th ,12th and 13th August full of the very best of Irish song, music, and dance.\" \/>\n<meta property=\"og:url\" content=\"https:\/\/dev.tg4.ie\/en\/information\/press\/press-releases\/2023-2\/fleadh-2023-live-on-tg4\/\" \/>\n<meta property=\"og:site_name\" content=\"TG4\" \/>\n<meta property=\"article:publisher\" content=\"https:\/\/www.facebook.com\/TG4TV\" \/>\n<meta property=\"article:modified_time\" content=\"2023-09-11T09:28:14+00:00\" \/>\n<meta property=\"og:image\" content=\"https:\/\/tg4-docs.s3.amazonaws.com\/wp-content\/uploads\/2023\/08\/01121446\/Fleadh_2023_Laithreoiri_TG4_1-1920x1080-1.jpg\" \/>\n\t<meta property=\"og:image:width\" content=\"1920\" \/>\n\t<meta property=\"og:image:height\" content=\"1080\" \/>\n\t<meta property=\"og:image:type\" content=\"image\/jpeg\" \/>\n<meta name=\"twitter:card\" content=\"summary_large_image\" \/>\n<meta name=\"twitter:image\" content=\"https:\/\/tg4-docs.s3.amazonaws.com\/wp-content\/uploads\/2023\/08\/01121446\/Fleadh_2023_Laithreoiri_TG4_1-1920x1080-1.jpg\" \/>\n<meta name=\"twitter:site\" content=\"@TG4TV\" \/>\n<meta name=\"twitter:label1\" content=\"Est. reading time\" \/>\n\t<meta name=\"twitter:data1\" content=\"4 minutes\" \/>\n<script type=\"application\/ld+json\" class=\"yoast-schema-graph\">{\"@context\":\"https:\/\/schema.org\",\"@graph\":[{\"@type\":\"WebPage\",\"@id\":\"https:\/\/dev.tg4.ie\/en\/information\/press\/press-releases\/2023-2\/fleadh-2023-live-on-tg4\/\",\"url\":\"https:\/\/dev.tg4.ie\/en\/information\/press\/press-releases\/2023-2\/fleadh-2023-live-on-tg4\/\",\"name\":\"FLEADH 2023 Live on TG4 10th,11th,12th & 13th August | Press Release | TG4\",\"isPartOf\":{\"@id\":\"https:\/\/dev.tg4.ie\/en\/#website\"},\"primaryImageOfPage\":{\"@id\":\"https:\/\/dev.tg4.ie\/en\/information\/press\/press-releases\/2023-2\/fleadh-2023-live-on-tg4\/#primaryimage\"},\"image\":{\"@id\":\"https:\/\/dev.tg4.ie\/en\/information\/press\/press-releases\/2023-2\/fleadh-2023-live-on-tg4\/#primaryimage\"},\"thumbnailUrl\":\"https:\/\/dev.tg4.ie\/wp-content\/uploads\/2023\/08\/Fleadh2023_1-1920x1080-1.jpg\",\"datePublished\":\"2023-08-01T11:15:39+00:00\",\"dateModified\":\"2023-09-11T09:28:14+00:00\",\"description\":\"Fleadh Cheoil returns to Mullingar for 2023 back to where it all began in 1951. TG4 will be \u2018Fleadh Cheoil Central\u2019 broadcasting four live shows on 10th, 11th ,12th and 13th August full of the very best of Irish song, music, and dance.\",\"breadcrumb\":{\"@id\":\"https:\/\/dev.tg4.ie\/en\/information\/press\/press-releases\/2023-2\/fleadh-2023-live-on-tg4\/#breadcrumb\"},\"inLanguage\":\"en-ie\",\"potentialAction\":[{\"@type\":\"ReadAction\",\"target\":[\"https:\/\/dev.tg4.ie\/en\/information\/press\/press-releases\/2023-2\/fleadh-2023-live-on-tg4\/\"]}]},{\"@type\":\"ImageObject\",\"inLanguage\":\"en-ie\",\"@id\":\"https:\/\/dev.tg4.ie\/en\/information\/press\/press-releases\/2023-2\/fleadh-2023-live-on-tg4\/#primaryimage\",\"url\":\"https:\/\/dev.tg4.ie\/wp-content\/uploads\/2023\/08\/Fleadh2023_1-1920x1080-1.jpg\",\"contentUrl\":\"https:\/\/dev.tg4.ie\/wp-content\/uploads\/2023\/08\/Fleadh2023_1-1920x1080-1.jpg\"},{\"@type\":\"BreadcrumbList\",\"@id\":\"https:\/\/dev.tg4.ie\/en\/information\/press\/press-releases\/2023-2\/fleadh-2023-live-on-tg4\/#breadcrumb\",\"itemListElement\":[{\"@type\":\"ListItem\",\"position\":1,\"name\":\"Home\",\"item\":\"https:\/\/dev.tg4.ie\/en\/\"},{\"@type\":\"ListItem\",\"position\":2,\"name\":\"Information\",\"item\":\"https:\/\/dev.tg4.ie\/en\/information\/\"},{\"@type\":\"ListItem\",\"position\":3,\"name\":\"Press\",\"item\":\"https:\/\/dev.tg4.ie\/en\/information\/press\/\"},{\"@type\":\"ListItem\",\"position\":4,\"name\":\"Press Releases\",\"item\":\"https:\/\/dev.tg4.ie\/en\/information\/press\/press-releases\/\"},{\"@type\":\"ListItem\",\"position\":5,\"name\":\"2023\",\"item\":\"https:\/\/dev.tg4.ie\/en\/information\/press\/press-releases\/2023-2\/\"},{\"@type\":\"ListItem\",\"position\":6,\"name\":\"FLEADH 2023: Live on TG4 10th, 11th, 12th and 13th of August at 9.30pm\"}]},{\"@type\":\"WebSite\",\"@id\":\"https:\/\/dev.tg4.ie\/en\/#website\",\"url\":\"https:\/\/dev.tg4.ie\/en\/\",\"name\":\"TG4\",\"description\":\"S\u00fail Eile\",\"potentialAction\":[{\"@type\":\"SearchAction\",\"target\":{\"@type\":\"EntryPoint\",\"urlTemplate\":\"https:\/\/dev.tg4.ie\/en\/?s={search_term_string}\"},\"query-input\":\"required name=search_term_string\"}],\"inLanguage\":\"en-ie\"}]}<\/script>\n<!-- \/ Yoast SEO plugin. -->","yoast_head_json":{"title":"FLEADH 2023 Live on TG4 10th,11th,12th & 13th August | Press Release | TG4","description":"Fleadh Cheoil returns to Mullingar for 2023 back to where it all began in 1951. TG4 will be \u2018Fleadh Cheoil Central\u2019 broadcasting four live shows on 10th, 11th ,12th and 13th August full of the very best of Irish song, music, and dance.","robots":{"index":"index","follow":"follow","max-snippet":"max-snippet:-1","max-image-preview":"max-image-preview:large","max-video-preview":"max-video-preview:-1"},"og_locale":"en_US","og_type":"article","og_title":"FLEADH 2023 Live on TG4 10th,11th,12th & 13th August | Press Release | TG4","og_description":"Fleadh Cheoil returns to Mullingar for 2023 back to where it all began in 1951. TG4 will be \u2018Fleadh Cheoil Central\u2019 broadcasting four live shows on 10th, 11th ,12th and 13th August full of the very best of Irish song, music, and dance.","og_url":"https:\/\/dev.tg4.ie\/en\/information\/press\/press-releases\/2023-2\/fleadh-2023-live-on-tg4\/","og_site_name":"TG4","article_publisher":"https:\/\/www.facebook.com\/TG4TV","article_modified_time":"2023-09-11T09:28:14+00:00","og_image":[{"width":1920,"height":1080,"url":"https:\/\/tg4-docs.s3.amazonaws.com\/wp-content\/uploads\/2023\/08\/01121446\/Fleadh_2023_Laithreoiri_TG4_1-1920x1080-1.jpg","type":"image\/jpeg"}],"twitter_card":"summary_large_image","twitter_image":"https:\/\/tg4-docs.s3.amazonaws.com\/wp-content\/uploads\/2023\/08\/01121446\/Fleadh_2023_Laithreoiri_TG4_1-1920x1080-1.jpg","twitter_site":"@TG4TV","twitter_misc":{"Est. reading time":"4 minutes"},"schema":{"@context":"https:\/\/schema.org","@graph":[{"@type":"WebPage","@id":"https:\/\/dev.tg4.ie\/en\/information\/press\/press-releases\/2023-2\/fleadh-2023-live-on-tg4\/","url":"https:\/\/dev.tg4.ie\/en\/information\/press\/press-releases\/2023-2\/fleadh-2023-live-on-tg4\/","name":"FLEADH 2023 Live on TG4 10th,11th,12th & 13th August | Press Release | TG4","isPartOf":{"@id":"https:\/\/dev.tg4.ie\/en\/#website"},"primaryImageOfPage":{"@id":"https:\/\/dev.tg4.ie\/en\/information\/press\/press-releases\/2023-2\/fleadh-2023-live-on-tg4\/#primaryimage"},"image":{"@id":"https:\/\/dev.tg4.ie\/en\/information\/press\/press-releases\/2023-2\/fleadh-2023-live-on-tg4\/#primaryimage"},"thumbnailUrl":"https:\/\/dev.tg4.ie\/wp-content\/uploads\/2023\/08\/Fleadh2023_1-1920x1080-1.jpg","datePublished":"2023-08-01T11:15:39+00:00","dateModified":"2023-09-11T09:28:14+00:00","description":"Fleadh Cheoil returns to Mullingar for 2023 back to where it all began in 1951. TG4 will be \u2018Fleadh Cheoil Central\u2019 broadcasting four live shows on 10th, 11th ,12th and 13th August full of the very best of Irish song, music, and dance.","breadcrumb":{"@id":"https:\/\/dev.tg4.ie\/en\/information\/press\/press-releases\/2023-2\/fleadh-2023-live-on-tg4\/#breadcrumb"},"inLanguage":"en-ie","potentialAction":[{"@type":"ReadAction","target":["https:\/\/dev.tg4.ie\/en\/information\/press\/press-releases\/2023-2\/fleadh-2023-live-on-tg4\/"]}]},{"@type":"ImageObject","inLanguage":"en-ie","@id":"https:\/\/dev.tg4.ie\/en\/information\/press\/press-releases\/2023-2\/fleadh-2023-live-on-tg4\/#primaryimage","url":"https:\/\/dev.tg4.ie\/wp-content\/uploads\/2023\/08\/Fleadh2023_1-1920x1080-1.jpg","contentUrl":"https:\/\/dev.tg4.ie\/wp-content\/uploads\/2023\/08\/Fleadh2023_1-1920x1080-1.jpg"},{"@type":"BreadcrumbList","@id":"https:\/\/dev.tg4.ie\/en\/information\/press\/press-releases\/2023-2\/fleadh-2023-live-on-tg4\/#breadcrumb","itemListElement":[{"@type":"ListItem","position":1,"name":"Home","item":"https:\/\/dev.tg4.ie\/en\/"},{"@type":"ListItem","position":2,"name":"Information","item":"https:\/\/dev.tg4.ie\/en\/information\/"},{"@type":"ListItem","position":3,"name":"Press","item":"https:\/\/dev.tg4.ie\/en\/information\/press\/"},{"@type":"ListItem","position":4,"name":"Press Releases","item":"https:\/\/dev.tg4.ie\/en\/information\/press\/press-releases\/"},{"@type":"ListItem","position":5,"name":"2023","item":"https:\/\/dev.tg4.ie\/en\/information\/press\/press-releases\/2023-2\/"},{"@type":"ListItem","position":6,"name":"FLEADH 2023: Live on TG4 10th, 11th, 12th and 13th of August at 9.30pm"}]},{"@type":"WebSite","@id":"https:\/\/dev.tg4.ie\/en\/#website","url":"https:\/\/dev.tg4.ie\/en\/","name":"TG4","description":"S\u00fail Eile","potentialAction":[{"@type":"SearchAction","target":{"@type":"EntryPoint","urlTemplate":"https:\/\/dev.tg4.ie\/en\/?s={search_term_string}"},"query-input":"required name=search_term_string"}],"inLanguage":"en-ie"}]}},"_links":{"self":[{"href":"https:\/\/dev.tg4.ie\/en\/wp-json\/wp\/v2\/pages\/204267"}],"collection":[{"href":"https:\/\/dev.tg4.ie\/en\/wp-json\/wp\/v2\/pages"}],"about":[{"href":"https:\/\/dev.tg4.ie\/en\/wp-json\/wp\/v2\/types\/page"}],"author":[{"embeddable":true,"href":"https:\/\/dev.tg4.ie\/en\/wp-json\/wp\/v2\/users\/876"}],"replies":[{"embeddable":true,"href":"https:\/\/dev.tg4.ie\/en\/wp-json\/wp\/v2\/comments?post=204267"}],"version-history":[{"count":0,"href":"https:\/\/dev.tg4.ie\/en\/wp-json\/wp\/v2\/pages\/204267\/revisions"}],"up":[{"embeddable":true,"href":"https:\/\/dev.tg4.ie\/en\/wp-json\/wp\/v2\/pages\/180925"}],"wp:attachment":[{"href":"https:\/\/dev.tg4.ie\/en\/wp-json\/wp\/v2\/media?parent=204267"}],"curies":[{"name":"wp","href":"https:\/\/api.w.org\/{rel}","templated":true}]}}