{"id":204709,"date":"2023-09-08T16:00:03","date_gmt":"2023-09-08T15:00:03","guid":{"rendered":"https:\/\/dev.tg4.ie\/?page_id=204709"},"modified":"2023-09-08T19:36:14","modified_gmt":"2023-09-08T18:36:14","slug":"cula4-first-ever-irish-language-childrens-channel-launched","status":"publish","type":"page","link":"https:\/\/dev.tg4.ie\/en\/information\/press\/press-releases\/2023-2\/cula4-first-ever-irish-language-childrens-channel-launched\/","title":{"rendered":"C\u00fala4, First Ever Irish Language Children&#8217;s Channel Launched"},"content":{"rendered":"<p><img loading=\"lazy\" decoding=\"async\" width=\"1920\" height=\"1080\" src=\"https:\/\/tg4-docs.s3.amazonaws.com\/wp-content\/uploads\/2023\/08\/30143245\/Cula4_-_Sile_Ni_Chonghaile_Seosamh_Mac_Seoin_Niamh_Ni_Chroinin_1-1920x1080-1.jpg\" alt=\"\" class=\"aligncenter size-full wp-image-204567\" srcset=\"https:\/\/tg4-docs.s3.amazonaws.com\/wp-content\/uploads\/2023\/08\/30143245\/Cula4_-_Sile_Ni_Chonghaile_Seosamh_Mac_Seoin_Niamh_Ni_Chroinin_1-1920x1080-1.jpg 1920w, https:\/\/tg4-docs.s3.amazonaws.com\/wp-content\/uploads\/2023\/08\/30143245\/Cula4_-_Sile_Ni_Chonghaile_Seosamh_Mac_Seoin_Niamh_Ni_Chroinin_1-1920x1080-1-250x141.jpg 250w, https:\/\/tg4-docs.s3.amazonaws.com\/wp-content\/uploads\/2023\/08\/30143245\/Cula4_-_Sile_Ni_Chonghaile_Seosamh_Mac_Seoin_Niamh_Ni_Chroinin_1-1920x1080-1-700x394.jpg 700w, https:\/\/tg4-docs.s3.amazonaws.com\/wp-content\/uploads\/2023\/08\/30143245\/Cula4_-_Sile_Ni_Chonghaile_Seosamh_Mac_Seoin_Niamh_Ni_Chroinin_1-1920x1080-1-252x141.jpg 252w, https:\/\/tg4-docs.s3.amazonaws.com\/wp-content\/uploads\/2023\/08\/30143245\/Cula4_-_Sile_Ni_Chonghaile_Seosamh_Mac_Seoin_Niamh_Ni_Chroinin_1-1920x1080-1-1536x864.jpg 1536w, https:\/\/tg4-docs.s3.amazonaws.com\/wp-content\/uploads\/2023\/08\/30143245\/Cula4_-_Sile_Ni_Chonghaile_Seosamh_Mac_Seoin_Niamh_Ni_Chroinin_1-1920x1080-1-120x68.jpg 120w\" sizes=\"(max-width: 1920px) 100vw, 1920px\" \/><br \/>\n&nbsp;<\/p>\n<form>\n<input style=\"width: 100%; padding: 10px; cursor: pointer; box-shadow: 6px 6px 5px; #999; -webkit-box-shadow: 6px 6px 5px #999; -moz-box-shadow: 6px 6px 5px #999; font-weight: bold; background: #3f157e; color: #ffffff; border-radius: 10px; border: 2px solid #040402; font-size: 100%;\" type=\"button\" value=\"Further Information on C\u00fala4 - Click Here!\" onclick=\"window.location.href='https:\/\/dev.tg4.ie\/en\/other\/cula4-channel\/'\" \/><br \/>\n<\/form>\n<p>&nbsp;<br \/>\nHistory was made today (Friday September 8th 2023)  as the first ever dedicated Irish language children\u2019s channel was launched. Minister for Tourism, Culture, Arts, Gaeltacht, Sport and Media, Catherine Martin was invited to the <strong>TG4<\/strong> headquarters in Co. Galway to carry the official launch of the new TV channel.<br \/>\n&nbsp;<\/p>\n<p><strong>C\u00fala4<\/strong> will air for 14 hours daily, from 6 every  morning until 8 every evening.  Saorview &#8211; Channel 18, Channel 602 on Virgin Media, Sky 624 and Eir will all carry the young people\u2019s channel. <strong>C\u00fala4<\/strong> will be also be supported online via the player which is available at <a href=\"https:\/\/www.cula4.com\" rel=\"noopener\" target=\"_blank\">cula4.com<\/a> and also the <strong>C\u00fala4<\/strong> App.<br \/>\n&nbsp;<\/p>\n<p>The free to air children&#8217;s channel  will include a wealth of entertainment, drama, a children\u2019s news service, a mix of home produced content and acquired shows as well being a valuable source of educational Irish language content.<br \/>\n&nbsp;<\/p>\n<p>The new channel , aimed at 0-12 year olds will provide an entertaining and fun daily point of contact to the Irish language for children. The channel will include newly commissioned content from the Independent production sector in Ireland, as well as acquired international animation, which are revoiced to Irish by independent sector.<br \/>\n&nbsp;<\/p>\n<p>The channel will have a six-minute news service  from Tuesday to Friday at 1.30pm, produced by F\u00edb\u00edn Media and hosted by Aisling N\u00ed Dhonnabh\u00e1in  and Se\u00e1n \u00d3 Maoilchiar\u00e1in. Schools will be able to tune in from their classrooms and keep up to date with the news of the day.<br \/>\n&nbsp;<\/p>\n<p>The channel will be anchored by presenters Seosamh Mac Seoin, (from Belfast) who wraps our morning slot from 6am, S\u00edle N\u00ed Chonghaile (from Galway) presents our educational zone from 9am and Niamh N\u00ed Chr\u00f3in\u00edn (from Dublin) has a fun packed slot in the afternoons from 3pm for the older age groups.<br \/>\n&nbsp;<\/p>\n<p><strong>Minister for Tourism, Culture, Arts, Gaeltacht, Sport and Media, Catherine Martin<\/strong> stated that <em>\u201cthis Government has demonstrated the importance it places on making the Irish language a living language. The increase in funding and support I have provided to TG4 to ensure increased Irish language content is available, is a clear signal of the important role that public service media can play in this regard. As Minister for the Irish language and the Gaeltacht, I am particularly pleased to be here today to launch C\u00fala 4, a dedicated Irish language children\u2019s channel that will embed and normalise the daily use of Irish for the next generation. Young people need to be able to visualise themselves achieving great things in all walks of life, and C\u00fala4 allows young people with Irish to see themselves represented on screen.\u201d<\/em><br \/>\n&nbsp;<\/p>\n<p><strong>Karina Feirt\u00e9ar<\/strong> who is the <strong>Channel Manager of C\u00fala4<\/strong> added that <em>&#8220;it\u2019s an historic day for TG4 and the Irish language. The new C\u00fala4 channel ensures that irish language content is more accessible for our younger audiences, and will hopefully strengthen their engagement with it, as they are the future generation. We developed a space for our audience to enjoy entertaining content when they like, and will continue to make sure that we represent our diverse audience as best we can by showcasing lives in Ireland today, through a fun and colourful experience- while immersing them in a living language, in the hope that they learn new things about the world around them through a medium they are used to.&#8221;<\/em><br \/>\n&nbsp;<\/p>\n<p><strong>TG4\u2019s Director General Alan Esslemont<\/strong>, stated that he believes that <em>&#8220;Ireland\u2019s biggest single contribution to global diversity has been its ability to pass its own language from generation to generation as the living language of homes and communities.   In that context, the approval given by Minister Catherine Martin for the establishment of a dedicated children\u2019s channel in the Irish language is of historic significance. The English language is omnipresent in media globally and, if Irish is to continue as a community language, TG4\u2019s services for children must be prominent, dynamic and attractive, strengthening children\u2019s relationship with Irish language media and, through that, sustaining their relationship with the Irish language. I commend Minister Catherine Martin for her vision for the future of TG4, I thank this Government for their support and I send my deepest appreciation to everyone who has worked over many years, within TG4 and in the creative sector, to achieve this dream.&#8221;<\/em><br \/>\n&nbsp;<\/p>\n<p>A national survey carried out by Ipsos MRBI last year showed clear support and demand for the <strong>C\u00fala4<\/strong> channel. 89% of respondents agree or strongly agree that it is important for our society that a children\u2019s channel is available in the Irish language on a free-to-air basis.<br \/>\n&nbsp;<\/p>\n<p>In addition to this in-home viewing, the new C\u00fala4 channel will also provide support content in classrooms. To date TG4 content has proven to be a popular and important Irish language resource for primary schools nationwide. Independent research, carried out by RED C shows that 44% of primary school teachers, 80% of teachers in Irish-speaking primary schools and 250,000 primary school children throughout Ireland, regularly use the TG4 or C\u00fala4 Player in the classroom. A dedicated C\u00fala4 channel will enable TG4 to provide even more, interactive educational content with clear ties to the curriculum, which makes learning fun.<br \/>\n&nbsp;<\/p>\n<p><strong>TG4<\/strong> since its establishment in 1996 has greatly supported the television production industry in Ireland&#8217;s regions. The new channel <strong>C\u00fala4<\/strong> will reinforce and enhance that commitment and will invest new independent productions.  A number of Irish Independent production companies have multi annual contracts or single series contracts to produce children\u2019s content that reflects the diverse backgrounds of children living in all parts of Ireland, and particularly in Gaeltacht and Irish speaking communities.<br \/>\n&nbsp;<\/p>\n<p>Here is just snippet of some of the programming available on <strong>C\u00fala4<\/strong> &#8211; Make sure to tune or log into cula4.com to see the full range on offer.<\/p>\n<p><strong>\u2018Anfa\u2019<\/strong> is an action-oriented and high-energy game show based on the weather.  \u2018Anfa\u2019 is produced By F\u00edb\u00edn Media. <\/p>\n<p><strong>&#8216;Uiscenauts&#8217;<\/strong> is a fun all action water-based game show produced by Ab\u00fa Media<\/p>\n<p><strong>&#8216;Nuacht C\u00fala4&#8217;<\/strong> &#8211; News programme for young people covering local, national and international news. F\u00edb\u00edn Media<\/p>\n<p><strong>&#8216;M\u2019Ainm Mo Sc\u00e9al&#8217;<\/strong> is a children\u2019s series about the meaning and the stories associated with given names. Ronin Films Ltd..<\/p>\n<p><strong>&#8216;Teach Spraoi&#8217;<\/strong> &#8211;  Every week, a different group of children have two days to design and build their choice of playhouse.  Macalla<\/p>\n<p><strong>&#8216;Uisce Uisce&#8217;<\/strong> -A new series for children who love water activities \u2013 be it sailing or zorbing their excitement is contagious. Paper Owl Films Ltd.<br \/>\n&nbsp;<\/p>\n<p><strong>C\u00fala4<\/strong> belongs to the children of  Ireland and the future generations of Irish speakers.<br \/>\n&nbsp;<\/p>\n<p><strong><a href=\"https:\/\/twitter.com\/search?q=%23isliomsa%C3%A9&#038;src=typed_query&#038;f=live\" rel=\"noopener\" target=\"_blank\">#isliomsa\u00e9<\/a><\/strong><br \/>\n&nbsp;<\/p>\n","protected":false},"excerpt":{"rendered":"<p>&nbsp; &nbsp; History was made today (Friday September 8th 2023) as the first ever dedicated Irish language children\u2019s channel was launched. Minister for Tourism, Culture, Arts, Gaeltacht, Sport and Media, Catherine Martin was invited to the TG4 headquarters in Co. Galway to carry the official launch of the new TV channel. &nbsp; C\u00fala4 will air [&hellip;]<\/p>\n","protected":false},"author":876,"featured_media":0,"parent":180925,"menu_order":22,"comment_status":"closed","ping_status":"closed","template":"page-templates\/template-pr.php","meta":{"_acf_changed":false,"footnotes":""},"acf":[],"yoast_head":"<!-- This site is optimized with the Yoast SEO plugin v22.6 - https:\/\/yoast.com\/wordpress\/plugins\/seo\/ -->\n<title>C\u00fala4, First Ever Irish Language Children&#039;s Channel Launched | Press Release | TG4<\/title>\n<meta name=\"description\" content=\"History was made today (Friday September 8th 2023) as the first ever dedicated Irish language children\u2019s channel was launched. Minister for Tourism, Culture, Arts, Gaeltacht, Sport and Media, Catherine Martin was invited to the TG4 headquarters in Co. Galway to carry the official launch of the new TV channel.\" \/>\n<meta name=\"robots\" content=\"index, follow, max-snippet:-1, max-image-preview:large, max-video-preview:-1\" \/>\n<meta property=\"og:locale\" content=\"en_US\" \/>\n<meta property=\"og:type\" content=\"article\" \/>\n<meta property=\"og:title\" content=\"C\u00fala4, First Ever Irish Language Children&#039;s Channel Launched | Press Release | TG4\" \/>\n<meta property=\"og:description\" content=\"History was made today (Friday September 8th 2023) as the first ever dedicated Irish language children\u2019s channel was launched. Minister for Tourism, Culture, Arts, Gaeltacht, Sport and Media, Catherine Martin was invited to the TG4 headquarters in Co. Galway to carry the official launch of the new TV channel.\" \/>\n<meta property=\"og:url\" content=\"https:\/\/dev.tg4.ie\/en\/information\/press\/press-releases\/2023-2\/cula4-first-ever-irish-language-childrens-channel-launched\/\" \/>\n<meta property=\"og:site_name\" content=\"TG4\" \/>\n<meta property=\"article:publisher\" content=\"https:\/\/www.facebook.com\/TG4TV\" \/>\n<meta property=\"article:modified_time\" content=\"2023-09-08T18:36:14+00:00\" \/>\n<meta property=\"og:image\" content=\"https:\/\/tg4-docs.s3.amazonaws.com\/wp-content\/uploads\/2023\/08\/30143245\/Cula4_-_Sile_Ni_Chonghaile_Seosamh_Mac_Seoin_Niamh_Ni_Chroinin_1-1920x1080-1-700x394.jpg\" \/>\n<meta name=\"twitter:card\" content=\"summary_large_image\" \/>\n<meta name=\"twitter:image\" content=\"https:\/\/tg4-docs.s3.amazonaws.com\/wp-content\/uploads\/2023\/08\/30143245\/Cula4_-_Sile_Ni_Chonghaile_Seosamh_Mac_Seoin_Niamh_Ni_Chroinin_1-1920x1080-1-700x394.jpg\" \/>\n<meta name=\"twitter:site\" content=\"@TG4TV\" \/>\n<meta name=\"twitter:label1\" content=\"Est. reading time\" \/>\n\t<meta name=\"twitter:data1\" content=\"5 minutes\" \/>\n<script type=\"application\/ld+json\" class=\"yoast-schema-graph\">{\"@context\":\"https:\/\/schema.org\",\"@graph\":[{\"@type\":\"WebPage\",\"@id\":\"https:\/\/dev.tg4.ie\/en\/information\/press\/press-releases\/2023-2\/cula4-first-ever-irish-language-childrens-channel-launched\/\",\"url\":\"https:\/\/dev.tg4.ie\/en\/information\/press\/press-releases\/2023-2\/cula4-first-ever-irish-language-childrens-channel-launched\/\",\"name\":\"C\u00fala4, First Ever Irish Language Children's Channel Launched | Press Release | TG4\",\"isPartOf\":{\"@id\":\"https:\/\/dev.tg4.ie\/en\/#website\"},\"primaryImageOfPage\":{\"@id\":\"https:\/\/dev.tg4.ie\/en\/information\/press\/press-releases\/2023-2\/cula4-first-ever-irish-language-childrens-channel-launched\/#primaryimage\"},\"image\":{\"@id\":\"https:\/\/dev.tg4.ie\/en\/information\/press\/press-releases\/2023-2\/cula4-first-ever-irish-language-childrens-channel-launched\/#primaryimage\"},\"thumbnailUrl\":\"https:\/\/dev.tg4.ie\/wp-content\/uploads\/2023\/08\/Cula4_-_Sile_Ni_Chonghaile_Seosamh_Mac_Seoin_Niamh_Ni_Chroinin_1-1920x1080-1.jpg\",\"datePublished\":\"2023-09-08T15:00:03+00:00\",\"dateModified\":\"2023-09-08T18:36:14+00:00\",\"description\":\"History was made today (Friday September 8th 2023) as the first ever dedicated Irish language children\u2019s channel was launched. Minister for Tourism, Culture, Arts, Gaeltacht, Sport and Media, Catherine Martin was invited to the TG4 headquarters in Co. Galway to carry the official launch of the new TV channel.\",\"breadcrumb\":{\"@id\":\"https:\/\/dev.tg4.ie\/en\/information\/press\/press-releases\/2023-2\/cula4-first-ever-irish-language-childrens-channel-launched\/#breadcrumb\"},\"inLanguage\":\"en-ie\",\"potentialAction\":[{\"@type\":\"ReadAction\",\"target\":[\"https:\/\/dev.tg4.ie\/en\/information\/press\/press-releases\/2023-2\/cula4-first-ever-irish-language-childrens-channel-launched\/\"]}]},{\"@type\":\"ImageObject\",\"inLanguage\":\"en-ie\",\"@id\":\"https:\/\/dev.tg4.ie\/en\/information\/press\/press-releases\/2023-2\/cula4-first-ever-irish-language-childrens-channel-launched\/#primaryimage\",\"url\":\"https:\/\/dev.tg4.ie\/wp-content\/uploads\/2023\/08\/Cula4_-_Sile_Ni_Chonghaile_Seosamh_Mac_Seoin_Niamh_Ni_Chroinin_1-1920x1080-1.jpg\",\"contentUrl\":\"https:\/\/dev.tg4.ie\/wp-content\/uploads\/2023\/08\/Cula4_-_Sile_Ni_Chonghaile_Seosamh_Mac_Seoin_Niamh_Ni_Chroinin_1-1920x1080-1.jpg\"},{\"@type\":\"BreadcrumbList\",\"@id\":\"https:\/\/dev.tg4.ie\/en\/information\/press\/press-releases\/2023-2\/cula4-first-ever-irish-language-childrens-channel-launched\/#breadcrumb\",\"itemListElement\":[{\"@type\":\"ListItem\",\"position\":1,\"name\":\"Home\",\"item\":\"https:\/\/dev.tg4.ie\/en\/\"},{\"@type\":\"ListItem\",\"position\":2,\"name\":\"Information\",\"item\":\"https:\/\/dev.tg4.ie\/en\/information\/\"},{\"@type\":\"ListItem\",\"position\":3,\"name\":\"Press\",\"item\":\"https:\/\/dev.tg4.ie\/en\/information\/press\/\"},{\"@type\":\"ListItem\",\"position\":4,\"name\":\"Press Releases\",\"item\":\"https:\/\/dev.tg4.ie\/en\/information\/press\/press-releases\/\"},{\"@type\":\"ListItem\",\"position\":5,\"name\":\"2023\",\"item\":\"https:\/\/dev.tg4.ie\/en\/information\/press\/press-releases\/2023-2\/\"},{\"@type\":\"ListItem\",\"position\":6,\"name\":\"C\u00fala4, First Ever Irish Language Children&#8217;s Channel Launched\"}]},{\"@type\":\"WebSite\",\"@id\":\"https:\/\/dev.tg4.ie\/en\/#website\",\"url\":\"https:\/\/dev.tg4.ie\/en\/\",\"name\":\"TG4\",\"description\":\"S\u00fail Eile\",\"potentialAction\":[{\"@type\":\"SearchAction\",\"target\":{\"@type\":\"EntryPoint\",\"urlTemplate\":\"https:\/\/dev.tg4.ie\/en\/?s={search_term_string}\"},\"query-input\":\"required name=search_term_string\"}],\"inLanguage\":\"en-ie\"}]}<\/script>\n<!-- \/ Yoast SEO plugin. -->","yoast_head_json":{"title":"C\u00fala4, First Ever Irish Language Children's Channel Launched | Press Release | TG4","description":"History was made today (Friday September 8th 2023) as the first ever dedicated Irish language children\u2019s channel was launched. Minister for Tourism, Culture, Arts, Gaeltacht, Sport and Media, Catherine Martin was invited to the TG4 headquarters in Co. Galway to carry the official launch of the new TV channel.","robots":{"index":"index","follow":"follow","max-snippet":"max-snippet:-1","max-image-preview":"max-image-preview:large","max-video-preview":"max-video-preview:-1"},"og_locale":"en_US","og_type":"article","og_title":"C\u00fala4, First Ever Irish Language Children's Channel Launched | Press Release | TG4","og_description":"History was made today (Friday September 8th 2023) as the first ever dedicated Irish language children\u2019s channel was launched. Minister for Tourism, Culture, Arts, Gaeltacht, Sport and Media, Catherine Martin was invited to the TG4 headquarters in Co. Galway to carry the official launch of the new TV channel.","og_url":"https:\/\/dev.tg4.ie\/en\/information\/press\/press-releases\/2023-2\/cula4-first-ever-irish-language-childrens-channel-launched\/","og_site_name":"TG4","article_publisher":"https:\/\/www.facebook.com\/TG4TV","article_modified_time":"2023-09-08T18:36:14+00:00","og_image":[{"url":"https:\/\/tg4-docs.s3.amazonaws.com\/wp-content\/uploads\/2023\/08\/30143245\/Cula4_-_Sile_Ni_Chonghaile_Seosamh_Mac_Seoin_Niamh_Ni_Chroinin_1-1920x1080-1-700x394.jpg"}],"twitter_card":"summary_large_image","twitter_image":"https:\/\/tg4-docs.s3.amazonaws.com\/wp-content\/uploads\/2023\/08\/30143245\/Cula4_-_Sile_Ni_Chonghaile_Seosamh_Mac_Seoin_Niamh_Ni_Chroinin_1-1920x1080-1-700x394.jpg","twitter_site":"@TG4TV","twitter_misc":{"Est. reading time":"5 minutes"},"schema":{"@context":"https:\/\/schema.org","@graph":[{"@type":"WebPage","@id":"https:\/\/dev.tg4.ie\/en\/information\/press\/press-releases\/2023-2\/cula4-first-ever-irish-language-childrens-channel-launched\/","url":"https:\/\/dev.tg4.ie\/en\/information\/press\/press-releases\/2023-2\/cula4-first-ever-irish-language-childrens-channel-launched\/","name":"C\u00fala4, First Ever Irish Language Children's Channel Launched | Press Release | TG4","isPartOf":{"@id":"https:\/\/dev.tg4.ie\/en\/#website"},"primaryImageOfPage":{"@id":"https:\/\/dev.tg4.ie\/en\/information\/press\/press-releases\/2023-2\/cula4-first-ever-irish-language-childrens-channel-launched\/#primaryimage"},"image":{"@id":"https:\/\/dev.tg4.ie\/en\/information\/press\/press-releases\/2023-2\/cula4-first-ever-irish-language-childrens-channel-launched\/#primaryimage"},"thumbnailUrl":"https:\/\/dev.tg4.ie\/wp-content\/uploads\/2023\/08\/Cula4_-_Sile_Ni_Chonghaile_Seosamh_Mac_Seoin_Niamh_Ni_Chroinin_1-1920x1080-1.jpg","datePublished":"2023-09-08T15:00:03+00:00","dateModified":"2023-09-08T18:36:14+00:00","description":"History was made today (Friday September 8th 2023) as the first ever dedicated Irish language children\u2019s channel was launched. Minister for Tourism, Culture, Arts, Gaeltacht, Sport and Media, Catherine Martin was invited to the TG4 headquarters in Co. Galway to carry the official launch of the new TV channel.","breadcrumb":{"@id":"https:\/\/dev.tg4.ie\/en\/information\/press\/press-releases\/2023-2\/cula4-first-ever-irish-language-childrens-channel-launched\/#breadcrumb"},"inLanguage":"en-ie","potentialAction":[{"@type":"ReadAction","target":["https:\/\/dev.tg4.ie\/en\/information\/press\/press-releases\/2023-2\/cula4-first-ever-irish-language-childrens-channel-launched\/"]}]},{"@type":"ImageObject","inLanguage":"en-ie","@id":"https:\/\/dev.tg4.ie\/en\/information\/press\/press-releases\/2023-2\/cula4-first-ever-irish-language-childrens-channel-launched\/#primaryimage","url":"https:\/\/dev.tg4.ie\/wp-content\/uploads\/2023\/08\/Cula4_-_Sile_Ni_Chonghaile_Seosamh_Mac_Seoin_Niamh_Ni_Chroinin_1-1920x1080-1.jpg","contentUrl":"https:\/\/dev.tg4.ie\/wp-content\/uploads\/2023\/08\/Cula4_-_Sile_Ni_Chonghaile_Seosamh_Mac_Seoin_Niamh_Ni_Chroinin_1-1920x1080-1.jpg"},{"@type":"BreadcrumbList","@id":"https:\/\/dev.tg4.ie\/en\/information\/press\/press-releases\/2023-2\/cula4-first-ever-irish-language-childrens-channel-launched\/#breadcrumb","itemListElement":[{"@type":"ListItem","position":1,"name":"Home","item":"https:\/\/dev.tg4.ie\/en\/"},{"@type":"ListItem","position":2,"name":"Information","item":"https:\/\/dev.tg4.ie\/en\/information\/"},{"@type":"ListItem","position":3,"name":"Press","item":"https:\/\/dev.tg4.ie\/en\/information\/press\/"},{"@type":"ListItem","position":4,"name":"Press Releases","item":"https:\/\/dev.tg4.ie\/en\/information\/press\/press-releases\/"},{"@type":"ListItem","position":5,"name":"2023","item":"https:\/\/dev.tg4.ie\/en\/information\/press\/press-releases\/2023-2\/"},{"@type":"ListItem","position":6,"name":"C\u00fala4, First Ever Irish Language Children&#8217;s Channel Launched"}]},{"@type":"WebSite","@id":"https:\/\/dev.tg4.ie\/en\/#website","url":"https:\/\/dev.tg4.ie\/en\/","name":"TG4","description":"S\u00fail Eile","potentialAction":[{"@type":"SearchAction","target":{"@type":"EntryPoint","urlTemplate":"https:\/\/dev.tg4.ie\/en\/?s={search_term_string}"},"query-input":"required name=search_term_string"}],"inLanguage":"en-ie"}]}},"_links":{"self":[{"href":"https:\/\/dev.tg4.ie\/en\/wp-json\/wp\/v2\/pages\/204709"}],"collection":[{"href":"https:\/\/dev.tg4.ie\/en\/wp-json\/wp\/v2\/pages"}],"about":[{"href":"https:\/\/dev.tg4.ie\/en\/wp-json\/wp\/v2\/types\/page"}],"author":[{"embeddable":true,"href":"https:\/\/dev.tg4.ie\/en\/wp-json\/wp\/v2\/users\/876"}],"replies":[{"embeddable":true,"href":"https:\/\/dev.tg4.ie\/en\/wp-json\/wp\/v2\/comments?post=204709"}],"version-history":[{"count":0,"href":"https:\/\/dev.tg4.ie\/en\/wp-json\/wp\/v2\/pages\/204709\/revisions"}],"up":[{"embeddable":true,"href":"https:\/\/dev.tg4.ie\/en\/wp-json\/wp\/v2\/pages\/180925"}],"wp:attachment":[{"href":"https:\/\/dev.tg4.ie\/en\/wp-json\/wp\/v2\/media?parent=204709"}],"curies":[{"name":"wp","href":"https:\/\/api.w.org\/{rel}","templated":true}]}}