{"id":204872,"date":"2023-09-21T11:59:14","date_gmt":"2023-09-21T10:59:14","guid":{"rendered":"https:\/\/dev.tg4.ie\/?page_id=204872"},"modified":"2023-09-21T11:59:14","modified_gmt":"2023-09-21T10:59:14","slug":"tg4-oiche-chultuir","status":"publish","type":"page","link":"https:\/\/dev.tg4.ie\/en\/information\/press\/press-releases\/2023-2\/tg4-oiche-chultuir\/","title":{"rendered":"TG4 &#8211; O\u00edche Chult\u00fair"},"content":{"rendered":"<p><img loading=\"lazy\" decoding=\"async\" width=\"1920\" height=\"1080\" src=\"https:\/\/tg4-docs.s3.amazonaws.com\/wp-content\/uploads\/2023\/09\/21111705\/Ros_na_Run_Oiche_Chultuir_1-1920x1080-1.jpg\" alt=\"\" class=\"aligncenter size-full wp-image-204870\" srcset=\"https:\/\/tg4-docs.s3.amazonaws.com\/wp-content\/uploads\/2023\/09\/21111705\/Ros_na_Run_Oiche_Chultuir_1-1920x1080-1.jpg 1920w, https:\/\/tg4-docs.s3.amazonaws.com\/wp-content\/uploads\/2023\/09\/21111705\/Ros_na_Run_Oiche_Chultuir_1-1920x1080-1-250x141.jpg 250w, https:\/\/tg4-docs.s3.amazonaws.com\/wp-content\/uploads\/2023\/09\/21111705\/Ros_na_Run_Oiche_Chultuir_1-1920x1080-1-700x394.jpg 700w, https:\/\/tg4-docs.s3.amazonaws.com\/wp-content\/uploads\/2023\/09\/21111705\/Ros_na_Run_Oiche_Chultuir_1-1920x1080-1-252x141.jpg 252w, https:\/\/tg4-docs.s3.amazonaws.com\/wp-content\/uploads\/2023\/09\/21111705\/Ros_na_Run_Oiche_Chultuir_1-1920x1080-1-1536x864.jpg 1536w, https:\/\/tg4-docs.s3.amazonaws.com\/wp-content\/uploads\/2023\/09\/21111705\/Ros_na_Run_Oiche_Chultuir_1-1920x1080-1-120x68.jpg 120w\" sizes=\"(max-width: 1920px) 100vw, 1920px\" \/><br \/>\n&nbsp;<br \/>\n<iframe loading=\"lazy\" width=\"560\" height=\"315\" src=\"https:\/\/www.youtube.com\/embed\/xTKaotefzNE?si=k9FlL6DaNIFqyJBD\" title=\"YouTube video player\" frameborder=\"0\" allow=\"accelerometer; autoplay; clipboard-write; encrypted-media; gyroscope; picture-in-picture; web-share\" allowfullscreen><\/iframe><br \/>\n&nbsp;<br \/>\nTG4 is  delighted to be supporting and partnering with O\u00edche Chult\u00fair on Friday 22 September 2023.   <\/p>\n<p>The Irish language station will have an exciting selection of content both on air, online and across their social strands in the build up and of course on the big night this Friday. TG4&#8217;s content will be focused on Gaeilge, Gaeltacht and the Regions.<br \/>\n&nbsp;<\/p>\n<p><strong>Ros na R\u00fan<\/strong> <\/p>\n<p>A first for TG4\u2019s popular drama series Ros na R\u00fan, as it opens its TV set from 4.30pm \u2013 6.30pm to celebrate Culture Night 2023 on Friday 22nd September.  Ros na R\u00fan and Culture Night fans are invited to book their place for an exclusive behind the scenes tour and Q &#038; A session with the popular Irish language TV drama series by emailing leiriuchain@rosnarun.com. The set of the Irish language drama series in located in An Spid\u00e9al, Co. Galway<br \/>\n&nbsp;<\/p>\n<p><strong>Molsc\u00e9al<\/strong>   <\/p>\n<p>Molsc\u00e9al which is an online platform and brand under the TG4 umbrella will broadcast live  from the R\u00e1th Chairn Gaeltacht on O\u00edche Ch\u00falt\u00fair. Some wonderful local singers, dancers and musicians in Co. Meath will showcase their talents live from the Ionad Oidhreachta on the Molsc\u00e9al Facebook page. &#8216;Ceol na Clainne&#8217; will start at 8.30pm.  <\/p>\n<p>Also Molsc\u00e9al will have a flavour of the events taking place for Culture Night in some of the Gaeltacht areas on their platform which is available nationwide and overseas as well.<br \/>\n&nbsp;<\/p>\n<p><strong>Aimsir TG4<\/strong> <\/p>\n<p>Aimsir TG4 will broadcast from R\u00e1th Cairn, Co Meath on Culture Night \/ O\u00edche Chult\u00fair.<br \/>\n&nbsp;<\/p>\n<p><strong>BLOC<\/strong> <\/p>\n<p>BLOC which is a shared social media hub available on Instagram, YouTube, Tik Tok, Tumblr &#038; Twitter &#8211; will cover stories on O\u00edche Chult\u00fair from Limerick and Cork.   <\/p>\n<p><em>Marina Market \u2013 Cork <\/em><br \/>\nOutdoor cabaret featuring  Candy Warhol, Mockie Ah presented by Circus Factory <\/p>\n<p><em>City Hall \u2013 Cork<\/em><br \/>\nElectronic techno event feat Will Kinsella, Riona Denys, Maclaine Black, presented by Electronic Music Council  <\/p>\n<p><em>King John\u2019s \u2013 Limerick<\/em><br \/>\nElectronic Dance Music feat Brawny, Nancy Live, Midweek,<\/p>\n<p><em>Dance Limerick<\/em><br \/>\nCulture Shock Jam Dance event feat. Afropopcity, the Irish Beatbox Association, DJ Safari presented by Hip Hop On Stage and Dance Limerick<br \/>\n&nbsp;<\/p>\n<p><strong>Nuacht C\u00fala4 \u2013 on the new C\u00fala4 channel <\/strong><\/p>\n<p>A special edition of Nuacht C\u00fala4 will be broadcast  on the new children&#8217;s channel C\u00fala4 on Friday, 22 September. The programme\u2019s reporters will bring us a taste of some of the best events happening in Belfast, Dublin,  Galway and Baile Bhuirne in Co Cork.<br \/>\n&nbsp;<\/p>\n","protected":false},"excerpt":{"rendered":"<p>&nbsp; &nbsp; TG4 is delighted to be supporting and partnering with O\u00edche Chult\u00fair on Friday 22 September 2023. The Irish language station will have an exciting selection of content both on air, online and across their social strands in the build up and of course on the big night this Friday. TG4&#8217;s content will be [&hellip;]<\/p>\n","protected":false},"author":876,"featured_media":0,"parent":180925,"menu_order":23,"comment_status":"closed","ping_status":"closed","template":"page-templates\/template-pr.php","meta":{"_acf_changed":false,"footnotes":""},"acf":[],"yoast_head":"<!-- This site is optimized with the Yoast SEO plugin v22.6 - https:\/\/yoast.com\/wordpress\/plugins\/seo\/ -->\n<title>TG4 - O\u00edche Chult\u00fair | Press Release | TG4<\/title>\n<meta name=\"description\" content=\"TG4 is delighted to be supporting and partnering with O\u00edche Chult\u00fair on Friday 22 September 2023.\" \/>\n<meta name=\"robots\" content=\"index, follow, max-snippet:-1, max-image-preview:large, max-video-preview:-1\" \/>\n<meta property=\"og:locale\" content=\"en_US\" \/>\n<meta property=\"og:type\" content=\"article\" \/>\n<meta property=\"og:title\" content=\"TG4 - O\u00edche Chult\u00fair | Press Release | TG4\" \/>\n<meta property=\"og:description\" content=\"TG4 is delighted to be supporting and partnering with O\u00edche Chult\u00fair on Friday 22 September 2023.\" \/>\n<meta property=\"og:url\" content=\"https:\/\/dev.tg4.ie\/en\/information\/press\/press-releases\/2023-2\/tg4-oiche-chultuir\/\" \/>\n<meta property=\"og:site_name\" content=\"TG4\" \/>\n<meta property=\"article:publisher\" content=\"https:\/\/www.facebook.com\/TG4TV\" \/>\n<meta property=\"og:image\" content=\"https:\/\/tg4-docs.s3.amazonaws.com\/wp-content\/uploads\/2023\/09\/21111705\/Ros_na_Run_Oiche_Chultuir_1-1920x1080-1.jpg\" \/>\n\t<meta property=\"og:image:width\" content=\"1920\" \/>\n\t<meta property=\"og:image:height\" content=\"1080\" \/>\n\t<meta property=\"og:image:type\" content=\"image\/jpeg\" \/>\n<meta name=\"twitter:card\" content=\"summary_large_image\" \/>\n<meta name=\"twitter:image\" content=\"https:\/\/tg4-docs.s3.amazonaws.com\/wp-content\/uploads\/2023\/09\/21111705\/Ros_na_Run_Oiche_Chultuir_1-1920x1080-1.jpg\" \/>\n<meta name=\"twitter:site\" content=\"@TG4TV\" \/>\n<meta name=\"twitter:label1\" content=\"Est. reading time\" \/>\n\t<meta name=\"twitter:data1\" content=\"2 minutes\" \/>\n<script type=\"application\/ld+json\" class=\"yoast-schema-graph\">{\"@context\":\"https:\/\/schema.org\",\"@graph\":[{\"@type\":\"WebPage\",\"@id\":\"https:\/\/dev.tg4.ie\/en\/information\/press\/press-releases\/2023-2\/tg4-oiche-chultuir\/\",\"url\":\"https:\/\/dev.tg4.ie\/en\/information\/press\/press-releases\/2023-2\/tg4-oiche-chultuir\/\",\"name\":\"TG4 - O\u00edche Chult\u00fair | Press Release | TG4\",\"isPartOf\":{\"@id\":\"https:\/\/dev.tg4.ie\/en\/#website\"},\"primaryImageOfPage\":{\"@id\":\"https:\/\/dev.tg4.ie\/en\/information\/press\/press-releases\/2023-2\/tg4-oiche-chultuir\/#primaryimage\"},\"image\":{\"@id\":\"https:\/\/dev.tg4.ie\/en\/information\/press\/press-releases\/2023-2\/tg4-oiche-chultuir\/#primaryimage\"},\"thumbnailUrl\":\"https:\/\/dev.tg4.ie\/wp-content\/uploads\/2023\/09\/Ros_na_Run_Oiche_Chultuir_1-1920x1080-1.jpg\",\"datePublished\":\"2023-09-21T10:59:14+00:00\",\"dateModified\":\"2023-09-21T10:59:14+00:00\",\"description\":\"TG4 is delighted to be supporting and partnering with O\u00edche Chult\u00fair on Friday 22 September 2023.\",\"breadcrumb\":{\"@id\":\"https:\/\/dev.tg4.ie\/en\/information\/press\/press-releases\/2023-2\/tg4-oiche-chultuir\/#breadcrumb\"},\"inLanguage\":\"en-ie\",\"potentialAction\":[{\"@type\":\"ReadAction\",\"target\":[\"https:\/\/dev.tg4.ie\/en\/information\/press\/press-releases\/2023-2\/tg4-oiche-chultuir\/\"]}]},{\"@type\":\"ImageObject\",\"inLanguage\":\"en-ie\",\"@id\":\"https:\/\/dev.tg4.ie\/en\/information\/press\/press-releases\/2023-2\/tg4-oiche-chultuir\/#primaryimage\",\"url\":\"https:\/\/dev.tg4.ie\/wp-content\/uploads\/2023\/09\/Ros_na_Run_Oiche_Chultuir_1-1920x1080-1.jpg\",\"contentUrl\":\"https:\/\/dev.tg4.ie\/wp-content\/uploads\/2023\/09\/Ros_na_Run_Oiche_Chultuir_1-1920x1080-1.jpg\"},{\"@type\":\"BreadcrumbList\",\"@id\":\"https:\/\/dev.tg4.ie\/en\/information\/press\/press-releases\/2023-2\/tg4-oiche-chultuir\/#breadcrumb\",\"itemListElement\":[{\"@type\":\"ListItem\",\"position\":1,\"name\":\"Home\",\"item\":\"https:\/\/dev.tg4.ie\/en\/\"},{\"@type\":\"ListItem\",\"position\":2,\"name\":\"Information\",\"item\":\"https:\/\/dev.tg4.ie\/en\/information\/\"},{\"@type\":\"ListItem\",\"position\":3,\"name\":\"Press\",\"item\":\"https:\/\/dev.tg4.ie\/en\/information\/press\/\"},{\"@type\":\"ListItem\",\"position\":4,\"name\":\"Press Releases\",\"item\":\"https:\/\/dev.tg4.ie\/en\/information\/press\/press-releases\/\"},{\"@type\":\"ListItem\",\"position\":5,\"name\":\"2023\",\"item\":\"https:\/\/dev.tg4.ie\/en\/information\/press\/press-releases\/2023-2\/\"},{\"@type\":\"ListItem\",\"position\":6,\"name\":\"TG4 &#8211; O\u00edche Chult\u00fair\"}]},{\"@type\":\"WebSite\",\"@id\":\"https:\/\/dev.tg4.ie\/en\/#website\",\"url\":\"https:\/\/dev.tg4.ie\/en\/\",\"name\":\"TG4\",\"description\":\"S\u00fail Eile\",\"potentialAction\":[{\"@type\":\"SearchAction\",\"target\":{\"@type\":\"EntryPoint\",\"urlTemplate\":\"https:\/\/dev.tg4.ie\/en\/?s={search_term_string}\"},\"query-input\":\"required name=search_term_string\"}],\"inLanguage\":\"en-ie\"}]}<\/script>\n<!-- \/ Yoast SEO plugin. -->","yoast_head_json":{"title":"TG4 - O\u00edche Chult\u00fair | Press Release | TG4","description":"TG4 is delighted to be supporting and partnering with O\u00edche Chult\u00fair on Friday 22 September 2023.","robots":{"index":"index","follow":"follow","max-snippet":"max-snippet:-1","max-image-preview":"max-image-preview:large","max-video-preview":"max-video-preview:-1"},"og_locale":"en_US","og_type":"article","og_title":"TG4 - O\u00edche Chult\u00fair | Press Release | TG4","og_description":"TG4 is delighted to be supporting and partnering with O\u00edche Chult\u00fair on Friday 22 September 2023.","og_url":"https:\/\/dev.tg4.ie\/en\/information\/press\/press-releases\/2023-2\/tg4-oiche-chultuir\/","og_site_name":"TG4","article_publisher":"https:\/\/www.facebook.com\/TG4TV","og_image":[{"width":1920,"height":1080,"url":"https:\/\/tg4-docs.s3.amazonaws.com\/wp-content\/uploads\/2023\/09\/21111705\/Ros_na_Run_Oiche_Chultuir_1-1920x1080-1.jpg","type":"image\/jpeg"}],"twitter_card":"summary_large_image","twitter_image":"https:\/\/tg4-docs.s3.amazonaws.com\/wp-content\/uploads\/2023\/09\/21111705\/Ros_na_Run_Oiche_Chultuir_1-1920x1080-1.jpg","twitter_site":"@TG4TV","twitter_misc":{"Est. reading time":"2 minutes"},"schema":{"@context":"https:\/\/schema.org","@graph":[{"@type":"WebPage","@id":"https:\/\/dev.tg4.ie\/en\/information\/press\/press-releases\/2023-2\/tg4-oiche-chultuir\/","url":"https:\/\/dev.tg4.ie\/en\/information\/press\/press-releases\/2023-2\/tg4-oiche-chultuir\/","name":"TG4 - O\u00edche Chult\u00fair | Press Release | TG4","isPartOf":{"@id":"https:\/\/dev.tg4.ie\/en\/#website"},"primaryImageOfPage":{"@id":"https:\/\/dev.tg4.ie\/en\/information\/press\/press-releases\/2023-2\/tg4-oiche-chultuir\/#primaryimage"},"image":{"@id":"https:\/\/dev.tg4.ie\/en\/information\/press\/press-releases\/2023-2\/tg4-oiche-chultuir\/#primaryimage"},"thumbnailUrl":"https:\/\/dev.tg4.ie\/wp-content\/uploads\/2023\/09\/Ros_na_Run_Oiche_Chultuir_1-1920x1080-1.jpg","datePublished":"2023-09-21T10:59:14+00:00","dateModified":"2023-09-21T10:59:14+00:00","description":"TG4 is delighted to be supporting and partnering with O\u00edche Chult\u00fair on Friday 22 September 2023.","breadcrumb":{"@id":"https:\/\/dev.tg4.ie\/en\/information\/press\/press-releases\/2023-2\/tg4-oiche-chultuir\/#breadcrumb"},"inLanguage":"en-ie","potentialAction":[{"@type":"ReadAction","target":["https:\/\/dev.tg4.ie\/en\/information\/press\/press-releases\/2023-2\/tg4-oiche-chultuir\/"]}]},{"@type":"ImageObject","inLanguage":"en-ie","@id":"https:\/\/dev.tg4.ie\/en\/information\/press\/press-releases\/2023-2\/tg4-oiche-chultuir\/#primaryimage","url":"https:\/\/dev.tg4.ie\/wp-content\/uploads\/2023\/09\/Ros_na_Run_Oiche_Chultuir_1-1920x1080-1.jpg","contentUrl":"https:\/\/dev.tg4.ie\/wp-content\/uploads\/2023\/09\/Ros_na_Run_Oiche_Chultuir_1-1920x1080-1.jpg"},{"@type":"BreadcrumbList","@id":"https:\/\/dev.tg4.ie\/en\/information\/press\/press-releases\/2023-2\/tg4-oiche-chultuir\/#breadcrumb","itemListElement":[{"@type":"ListItem","position":1,"name":"Home","item":"https:\/\/dev.tg4.ie\/en\/"},{"@type":"ListItem","position":2,"name":"Information","item":"https:\/\/dev.tg4.ie\/en\/information\/"},{"@type":"ListItem","position":3,"name":"Press","item":"https:\/\/dev.tg4.ie\/en\/information\/press\/"},{"@type":"ListItem","position":4,"name":"Press Releases","item":"https:\/\/dev.tg4.ie\/en\/information\/press\/press-releases\/"},{"@type":"ListItem","position":5,"name":"2023","item":"https:\/\/dev.tg4.ie\/en\/information\/press\/press-releases\/2023-2\/"},{"@type":"ListItem","position":6,"name":"TG4 &#8211; O\u00edche Chult\u00fair"}]},{"@type":"WebSite","@id":"https:\/\/dev.tg4.ie\/en\/#website","url":"https:\/\/dev.tg4.ie\/en\/","name":"TG4","description":"S\u00fail Eile","potentialAction":[{"@type":"SearchAction","target":{"@type":"EntryPoint","urlTemplate":"https:\/\/dev.tg4.ie\/en\/?s={search_term_string}"},"query-input":"required name=search_term_string"}],"inLanguage":"en-ie"}]}},"_links":{"self":[{"href":"https:\/\/dev.tg4.ie\/en\/wp-json\/wp\/v2\/pages\/204872"}],"collection":[{"href":"https:\/\/dev.tg4.ie\/en\/wp-json\/wp\/v2\/pages"}],"about":[{"href":"https:\/\/dev.tg4.ie\/en\/wp-json\/wp\/v2\/types\/page"}],"author":[{"embeddable":true,"href":"https:\/\/dev.tg4.ie\/en\/wp-json\/wp\/v2\/users\/876"}],"replies":[{"embeddable":true,"href":"https:\/\/dev.tg4.ie\/en\/wp-json\/wp\/v2\/comments?post=204872"}],"version-history":[{"count":0,"href":"https:\/\/dev.tg4.ie\/en\/wp-json\/wp\/v2\/pages\/204872\/revisions"}],"up":[{"embeddable":true,"href":"https:\/\/dev.tg4.ie\/en\/wp-json\/wp\/v2\/pages\/180925"}],"wp:attachment":[{"href":"https:\/\/dev.tg4.ie\/en\/wp-json\/wp\/v2\/media?parent=204872"}],"curies":[{"name":"wp","href":"https:\/\/api.w.org\/{rel}","templated":true}]}}