{"id":205032,"date":"2023-09-29T15:07:34","date_gmt":"2023-09-29T14:07:34","guid":{"rendered":"https:\/\/dev.tg4.ie\/?page_id=205032"},"modified":"2023-09-29T15:07:34","modified_gmt":"2023-09-29T14:07:34","slug":"tarrac-opens-in-irish-cinemas-on-october-6-2023","status":"publish","type":"page","link":"https:\/\/dev.tg4.ie\/en\/information\/press\/press-releases\/2023-2\/tarrac-opens-in-irish-cinemas-on-october-6-2023\/","title":{"rendered":"TARRAC opens in Irish cinemas on October 6 2023"},"content":{"rendered":"<p><img loading=\"lazy\" decoding=\"async\" width=\"1920\" height=\"1080\" src=\"https:\/\/tg4-docs.s3.amazonaws.com\/wp-content\/uploads\/2022\/06\/28171037\/Tarrac_1_1920x1080.jpg\" alt=\"\" class=\"aligncenter size-full wp-image-153192\" srcset=\"https:\/\/tg4-docs.s3.amazonaws.com\/wp-content\/uploads\/2022\/06\/28171037\/Tarrac_1_1920x1080.jpg 1920w, https:\/\/tg4-docs.s3.amazonaws.com\/wp-content\/uploads\/2022\/06\/28171037\/Tarrac_1_1920x1080-250x141.jpg 250w, https:\/\/tg4-docs.s3.amazonaws.com\/wp-content\/uploads\/2022\/06\/28171037\/Tarrac_1_1920x1080-700x394.jpg 700w, https:\/\/tg4-docs.s3.amazonaws.com\/wp-content\/uploads\/2022\/06\/28171037\/Tarrac_1_1920x1080-252x141.jpg 252w, https:\/\/tg4-docs.s3.amazonaws.com\/wp-content\/uploads\/2022\/06\/28171037\/Tarrac_1_1920x1080-1536x864.jpg 1536w, https:\/\/tg4-docs.s3.amazonaws.com\/wp-content\/uploads\/2022\/06\/28171037\/Tarrac_1_1920x1080-120x68.jpg 120w\" sizes=\"(max-width: 1920px) 100vw, 1920px\" \/><br \/>\n&nbsp;<br \/>\n<!--iframe width=\"560\" height=\"315\" src=\"https:\/\/www.youtube.com\/embed\/xTKaotefzNE?si=k9FlL6DaNIFqyJBD\" title=\"YouTube video player\" frameborder=\"0\" allow=\"accelerometer; autoplay; clipboard-write; encrypted-media; gyroscope; picture-in-picture; web-share\" allowfullscreen><\/iframe>\n&nbsp;--><br \/>\nTARRAC which is an Irish Language was produced by Icebox Films with funding from TG4, F\u00cdS \u00c9IREANN\/SCREEN IRELAND, and COIMISI\u00daN NA ME\u00c1N opens (October 6th ) in cinemas throughout Ireland. <\/p>\n<p>PARKLAND ENTERTAINMENT &#038; ECLIPSE PICTURES present TARRAC<\/p>\n<p>Directed by Declan Recks<br \/>\nWritten by Eugene O\u2019Brien<\/p>\n<p>Produced by Cl\u00edona N\u00ed Bhuachalla<\/p>\n<p>Starring Kelly Gough, Lorcan Cranitch, Kate Nic Chonaonaigh, Kate Finegan, Rachel Feeney, Cillian \u00d3 Gairbh\u00ed<br \/>\n&nbsp;<br \/>\nFilmed on the breathtaking landscapes of Corca Dhuibhne, Dingle Peninsula, in County Kerry, this award-winning Irish-language film, TARRAC, stars Kelly Gough (Kill Command, Out of Innocence) Lorcan Cranitch (Lakelands, Aisha, R\u00f3ise &#038; Frank) Kate Nic Chonaonaigh (An Cail\u00edn Ci\u00fain, Song of Granite, Shadow Dancer), Kate Finegan (Joyride, R\u00f3s na R\u00fan), Rachel Feeney (Belfast, Death on the Nile) and Cillian \u00d3 Gairbh\u00ed (R\u00f3ise &#038; Frank, Foscadh)<br \/>\n&nbsp;<\/p>\n<p>Producer Cl\u00edona N\u00ed Bhuachalla (Seamus Heaney \u2013 Out of the Marvellous, The Clinic), writer Eugene O Brien (Eden, Pure Mule) and director Declan Reeks (Pure Mule, The Running Mate, Sc\u00fap) began discussions about making a feature film as gaeilge.<br \/>\n&nbsp;<\/p>\n<p><strong>Eugene<\/strong> states <em>\u201cTARRAC has really been a labour of love for myself, Declan and Cl\u00edona and Kerry was absolutely vital to the film.  This world-renowned landscape battered by the Atlantic ocean is the home to the unique boat \u2013 the Naomh\u00f3g.  The location has such great identity from the language to the landscape to the characters and indeed the boat itself.\u201d<\/em><br \/>\n&nbsp;<\/p>\n<p><strong>Short Synopsis<\/strong><\/p>\n<p>Aoife Ni Bhraoin (Kelly Gough) returns home to help her father Brendan \u2018The Bear\u2019 O\u2019Briain (Lorcan Cranitch) in his recovery from a heart attack.  During this time, Aoife faces the grief of her mother\u2019s death that she hasn\u2019t dealt with until now.  A lot has been left unsaid between her and her father.  Aoife reacquaints with a group of rowers and this all-female team, who against the odds, take on a high stakes Naomh\u00f3g rowing competition.<br \/>\n&nbsp;<\/p>\n<p>TARRAC is a drama set at the edge of the world, the coastlines and sea of the Dingle peninsula. A place of wild geography, where the weather and the people have a mind of their own.  TARRAC has warmth and a sense of place. An intimate character study of a woman who through a sporting passion finally manages acceptance and love. Laced with humour, heart break and exciting action set against the stunning landscapes and seas of the Kerry Gaeltacht, TARRAC is about daring to care again and learning the power of forgiveness.<br \/>\n&nbsp;<\/p>\n<p><strong>TARRAC opens in Irish cinemas on October 6 2023<\/strong><br \/>\n&nbsp;<\/p>\n<p>TARRAC was produced by Icebox Films. The Irish language film was funded by TG4, Screen Ireland, and the BAI (Coimisi\u00fan na Me\u00e1n) as part of the Cine4 scheme to produce feature length original films in Irish.<br \/>\n&nbsp;<br \/>\nRunning Time: 94 minutes \/ IFCO Cert: 15a \/ BBFC Cert: 15<br \/>\n&nbsp;<\/p>\n","protected":false},"excerpt":{"rendered":"<p>&nbsp; TARRAC which is an Irish Language was produced by Icebox Films with funding from TG4, F\u00cdS \u00c9IREANN\/SCREEN IRELAND, and COIMISI\u00daN NA ME\u00c1N opens (October 6th ) in cinemas throughout Ireland. PARKLAND ENTERTAINMENT &#038; ECLIPSE PICTURES present TARRAC Directed by Declan Recks Written by Eugene O\u2019Brien Produced by Cl\u00edona N\u00ed Bhuachalla Starring Kelly Gough, Lorcan [&hellip;]<\/p>\n","protected":false},"author":876,"featured_media":0,"parent":180925,"menu_order":24,"comment_status":"closed","ping_status":"closed","template":"page-templates\/template-pr.php","meta":{"_acf_changed":false,"footnotes":""},"acf":[],"yoast_head":"<!-- This site is optimized with the Yoast SEO plugin v22.6 - https:\/\/yoast.com\/wordpress\/plugins\/seo\/ -->\n<title>TARRAC opens in Irish cinemas on October 6 2023 | Press Release | TG4<\/title>\n<meta name=\"description\" content=\"TARRAC is a drama set at the edge of the world, the coastlines and sea of the Dingle peninsula. A place of wild geography, where the weather and the people have a mind of their own.\" \/>\n<meta name=\"robots\" content=\"index, follow, max-snippet:-1, max-image-preview:large, max-video-preview:-1\" \/>\n<meta property=\"og:locale\" content=\"en_US\" \/>\n<meta property=\"og:type\" content=\"article\" \/>\n<meta property=\"og:title\" content=\"TARRAC opens in Irish cinemas on October 6 2023 | Press Release | TG4\" \/>\n<meta property=\"og:description\" content=\"TARRAC is a drama set at the edge of the world, the coastlines and sea of the Dingle peninsula. A place of wild geography, where the weather and the people have a mind of their own.\" \/>\n<meta property=\"og:url\" content=\"https:\/\/dev.tg4.ie\/en\/information\/press\/press-releases\/2023-2\/tarrac-opens-in-irish-cinemas-on-october-6-2023\/\" \/>\n<meta property=\"og:site_name\" content=\"TG4\" \/>\n<meta property=\"article:publisher\" content=\"https:\/\/www.facebook.com\/TG4TV\" \/>\n<meta property=\"og:image\" content=\"https:\/\/tg4-docs.s3.amazonaws.com\/wp-content\/uploads\/2022\/06\/28171037\/Tarrac_1_1920x1080.jpg\" \/>\n\t<meta property=\"og:image:width\" content=\"1920\" \/>\n\t<meta property=\"og:image:height\" content=\"1080\" \/>\n\t<meta property=\"og:image:type\" content=\"image\/jpeg\" \/>\n<meta name=\"twitter:card\" content=\"summary_large_image\" \/>\n<meta name=\"twitter:image\" content=\"https:\/\/tg4-docs.s3.amazonaws.com\/wp-content\/uploads\/2022\/06\/28171037\/Tarrac_1_1920x1080.jpg\" \/>\n<meta name=\"twitter:site\" content=\"@TG4TV\" \/>\n<meta name=\"twitter:label1\" content=\"Est. reading time\" \/>\n\t<meta name=\"twitter:data1\" content=\"3 minutes\" \/>\n<script type=\"application\/ld+json\" class=\"yoast-schema-graph\">{\"@context\":\"https:\/\/schema.org\",\"@graph\":[{\"@type\":\"WebPage\",\"@id\":\"https:\/\/dev.tg4.ie\/en\/information\/press\/press-releases\/2023-2\/tarrac-opens-in-irish-cinemas-on-october-6-2023\/\",\"url\":\"https:\/\/dev.tg4.ie\/en\/information\/press\/press-releases\/2023-2\/tarrac-opens-in-irish-cinemas-on-october-6-2023\/\",\"name\":\"TARRAC opens in Irish cinemas on October 6 2023 | Press Release | TG4\",\"isPartOf\":{\"@id\":\"https:\/\/dev.tg4.ie\/en\/#website\"},\"primaryImageOfPage\":{\"@id\":\"https:\/\/dev.tg4.ie\/en\/information\/press\/press-releases\/2023-2\/tarrac-opens-in-irish-cinemas-on-october-6-2023\/#primaryimage\"},\"image\":{\"@id\":\"https:\/\/dev.tg4.ie\/en\/information\/press\/press-releases\/2023-2\/tarrac-opens-in-irish-cinemas-on-october-6-2023\/#primaryimage\"},\"thumbnailUrl\":\"https:\/\/dev.tg4.ie\/wp-content\/uploads\/2022\/06\/Tarrac_1_1920x1080.jpg\",\"datePublished\":\"2023-09-29T14:07:34+00:00\",\"dateModified\":\"2023-09-29T14:07:34+00:00\",\"description\":\"TARRAC is a drama set at the edge of the world, the coastlines and sea of the Dingle peninsula. A place of wild geography, where the weather and the people have a mind of their own.\",\"breadcrumb\":{\"@id\":\"https:\/\/dev.tg4.ie\/en\/information\/press\/press-releases\/2023-2\/tarrac-opens-in-irish-cinemas-on-october-6-2023\/#breadcrumb\"},\"inLanguage\":\"en-ie\",\"potentialAction\":[{\"@type\":\"ReadAction\",\"target\":[\"https:\/\/dev.tg4.ie\/en\/information\/press\/press-releases\/2023-2\/tarrac-opens-in-irish-cinemas-on-october-6-2023\/\"]}]},{\"@type\":\"ImageObject\",\"inLanguage\":\"en-ie\",\"@id\":\"https:\/\/dev.tg4.ie\/en\/information\/press\/press-releases\/2023-2\/tarrac-opens-in-irish-cinemas-on-october-6-2023\/#primaryimage\",\"url\":\"https:\/\/dev.tg4.ie\/wp-content\/uploads\/2022\/06\/Tarrac_1_1920x1080.jpg\",\"contentUrl\":\"https:\/\/dev.tg4.ie\/wp-content\/uploads\/2022\/06\/Tarrac_1_1920x1080.jpg\"},{\"@type\":\"BreadcrumbList\",\"@id\":\"https:\/\/dev.tg4.ie\/en\/information\/press\/press-releases\/2023-2\/tarrac-opens-in-irish-cinemas-on-october-6-2023\/#breadcrumb\",\"itemListElement\":[{\"@type\":\"ListItem\",\"position\":1,\"name\":\"Home\",\"item\":\"https:\/\/dev.tg4.ie\/en\/\"},{\"@type\":\"ListItem\",\"position\":2,\"name\":\"Information\",\"item\":\"https:\/\/dev.tg4.ie\/en\/information\/\"},{\"@type\":\"ListItem\",\"position\":3,\"name\":\"Press\",\"item\":\"https:\/\/dev.tg4.ie\/en\/information\/press\/\"},{\"@type\":\"ListItem\",\"position\":4,\"name\":\"Press Releases\",\"item\":\"https:\/\/dev.tg4.ie\/en\/information\/press\/press-releases\/\"},{\"@type\":\"ListItem\",\"position\":5,\"name\":\"2023\",\"item\":\"https:\/\/dev.tg4.ie\/en\/information\/press\/press-releases\/2023-2\/\"},{\"@type\":\"ListItem\",\"position\":6,\"name\":\"TARRAC opens in Irish cinemas on October 6 2023\"}]},{\"@type\":\"WebSite\",\"@id\":\"https:\/\/dev.tg4.ie\/en\/#website\",\"url\":\"https:\/\/dev.tg4.ie\/en\/\",\"name\":\"TG4\",\"description\":\"S\u00fail Eile\",\"potentialAction\":[{\"@type\":\"SearchAction\",\"target\":{\"@type\":\"EntryPoint\",\"urlTemplate\":\"https:\/\/dev.tg4.ie\/en\/?s={search_term_string}\"},\"query-input\":\"required name=search_term_string\"}],\"inLanguage\":\"en-ie\"}]}<\/script>\n<!-- \/ Yoast SEO plugin. -->","yoast_head_json":{"title":"TARRAC opens in Irish cinemas on October 6 2023 | Press Release | TG4","description":"TARRAC is a drama set at the edge of the world, the coastlines and sea of the Dingle peninsula. A place of wild geography, where the weather and the people have a mind of their own.","robots":{"index":"index","follow":"follow","max-snippet":"max-snippet:-1","max-image-preview":"max-image-preview:large","max-video-preview":"max-video-preview:-1"},"og_locale":"en_US","og_type":"article","og_title":"TARRAC opens in Irish cinemas on October 6 2023 | Press Release | TG4","og_description":"TARRAC is a drama set at the edge of the world, the coastlines and sea of the Dingle peninsula. A place of wild geography, where the weather and the people have a mind of their own.","og_url":"https:\/\/dev.tg4.ie\/en\/information\/press\/press-releases\/2023-2\/tarrac-opens-in-irish-cinemas-on-october-6-2023\/","og_site_name":"TG4","article_publisher":"https:\/\/www.facebook.com\/TG4TV","og_image":[{"width":1920,"height":1080,"url":"https:\/\/tg4-docs.s3.amazonaws.com\/wp-content\/uploads\/2022\/06\/28171037\/Tarrac_1_1920x1080.jpg","type":"image\/jpeg"}],"twitter_card":"summary_large_image","twitter_image":"https:\/\/tg4-docs.s3.amazonaws.com\/wp-content\/uploads\/2022\/06\/28171037\/Tarrac_1_1920x1080.jpg","twitter_site":"@TG4TV","twitter_misc":{"Est. reading time":"3 minutes"},"schema":{"@context":"https:\/\/schema.org","@graph":[{"@type":"WebPage","@id":"https:\/\/dev.tg4.ie\/en\/information\/press\/press-releases\/2023-2\/tarrac-opens-in-irish-cinemas-on-october-6-2023\/","url":"https:\/\/dev.tg4.ie\/en\/information\/press\/press-releases\/2023-2\/tarrac-opens-in-irish-cinemas-on-october-6-2023\/","name":"TARRAC opens in Irish cinemas on October 6 2023 | Press Release | TG4","isPartOf":{"@id":"https:\/\/dev.tg4.ie\/en\/#website"},"primaryImageOfPage":{"@id":"https:\/\/dev.tg4.ie\/en\/information\/press\/press-releases\/2023-2\/tarrac-opens-in-irish-cinemas-on-october-6-2023\/#primaryimage"},"image":{"@id":"https:\/\/dev.tg4.ie\/en\/information\/press\/press-releases\/2023-2\/tarrac-opens-in-irish-cinemas-on-october-6-2023\/#primaryimage"},"thumbnailUrl":"https:\/\/dev.tg4.ie\/wp-content\/uploads\/2022\/06\/Tarrac_1_1920x1080.jpg","datePublished":"2023-09-29T14:07:34+00:00","dateModified":"2023-09-29T14:07:34+00:00","description":"TARRAC is a drama set at the edge of the world, the coastlines and sea of the Dingle peninsula. A place of wild geography, where the weather and the people have a mind of their own.","breadcrumb":{"@id":"https:\/\/dev.tg4.ie\/en\/information\/press\/press-releases\/2023-2\/tarrac-opens-in-irish-cinemas-on-october-6-2023\/#breadcrumb"},"inLanguage":"en-ie","potentialAction":[{"@type":"ReadAction","target":["https:\/\/dev.tg4.ie\/en\/information\/press\/press-releases\/2023-2\/tarrac-opens-in-irish-cinemas-on-october-6-2023\/"]}]},{"@type":"ImageObject","inLanguage":"en-ie","@id":"https:\/\/dev.tg4.ie\/en\/information\/press\/press-releases\/2023-2\/tarrac-opens-in-irish-cinemas-on-october-6-2023\/#primaryimage","url":"https:\/\/dev.tg4.ie\/wp-content\/uploads\/2022\/06\/Tarrac_1_1920x1080.jpg","contentUrl":"https:\/\/dev.tg4.ie\/wp-content\/uploads\/2022\/06\/Tarrac_1_1920x1080.jpg"},{"@type":"BreadcrumbList","@id":"https:\/\/dev.tg4.ie\/en\/information\/press\/press-releases\/2023-2\/tarrac-opens-in-irish-cinemas-on-october-6-2023\/#breadcrumb","itemListElement":[{"@type":"ListItem","position":1,"name":"Home","item":"https:\/\/dev.tg4.ie\/en\/"},{"@type":"ListItem","position":2,"name":"Information","item":"https:\/\/dev.tg4.ie\/en\/information\/"},{"@type":"ListItem","position":3,"name":"Press","item":"https:\/\/dev.tg4.ie\/en\/information\/press\/"},{"@type":"ListItem","position":4,"name":"Press Releases","item":"https:\/\/dev.tg4.ie\/en\/information\/press\/press-releases\/"},{"@type":"ListItem","position":5,"name":"2023","item":"https:\/\/dev.tg4.ie\/en\/information\/press\/press-releases\/2023-2\/"},{"@type":"ListItem","position":6,"name":"TARRAC opens in Irish cinemas on October 6 2023"}]},{"@type":"WebSite","@id":"https:\/\/dev.tg4.ie\/en\/#website","url":"https:\/\/dev.tg4.ie\/en\/","name":"TG4","description":"S\u00fail Eile","potentialAction":[{"@type":"SearchAction","target":{"@type":"EntryPoint","urlTemplate":"https:\/\/dev.tg4.ie\/en\/?s={search_term_string}"},"query-input":"required name=search_term_string"}],"inLanguage":"en-ie"}]}},"_links":{"self":[{"href":"https:\/\/dev.tg4.ie\/en\/wp-json\/wp\/v2\/pages\/205032"}],"collection":[{"href":"https:\/\/dev.tg4.ie\/en\/wp-json\/wp\/v2\/pages"}],"about":[{"href":"https:\/\/dev.tg4.ie\/en\/wp-json\/wp\/v2\/types\/page"}],"author":[{"embeddable":true,"href":"https:\/\/dev.tg4.ie\/en\/wp-json\/wp\/v2\/users\/876"}],"replies":[{"embeddable":true,"href":"https:\/\/dev.tg4.ie\/en\/wp-json\/wp\/v2\/comments?post=205032"}],"version-history":[{"count":0,"href":"https:\/\/dev.tg4.ie\/en\/wp-json\/wp\/v2\/pages\/205032\/revisions"}],"up":[{"embeddable":true,"href":"https:\/\/dev.tg4.ie\/en\/wp-json\/wp\/v2\/pages\/180925"}],"wp:attachment":[{"href":"https:\/\/dev.tg4.ie\/en\/wp-json\/wp\/v2\/media?parent=205032"}],"curies":[{"name":"wp","href":"https:\/\/api.w.org\/{rel}","templated":true}]}}