{"id":205671,"date":"2023-11-01T14:22:00","date_gmt":"2023-11-01T14:22:21","guid":{"rendered":"https:\/\/dev.tg4.ie\/?page_id=205671"},"modified":"2023-11-01T14:29:41","modified_gmt":"2023-11-01T14:29:41","slug":"c4live","status":"publish","type":"page","link":"https:\/\/dev.tg4.ie\/en\/player\/watch-live\/c4live\/","title":{"rendered":"C\u00fala4 Live"},"content":{"rendered":"","protected":false},"excerpt":{"rendered":"","protected":false},"author":4,"featured_media":0,"parent":102084,"menu_order":1,"comment_status":"closed","ping_status":"closed","template":"page-templates\/template-player-live-nodvr.php","meta":{"_acf_changed":false,"footnotes":""},"acf":[],"yoast_head":"<!-- This site is optimized with the Yoast SEO plugin v22.6 - https:\/\/yoast.com\/wordpress\/plugins\/seo\/ -->\n<title>C\u00fala4 Live Stream | Cain\u00e9al Teilif\u00eds \u00c9ireannach | S\u00fail Eile - TG4<\/title>\n<meta name=\"description\" content=\"C\u00fala4 Live Stream. Cain\u00e9al Teilif\u00eds \u00c9ireannach. F\u00e9ach aon \u00e1it, aon uair\" \/>\n<meta name=\"robots\" content=\"index, follow, max-snippet:-1, max-image-preview:large, max-video-preview:-1\" \/>\n<meta property=\"og:locale\" content=\"en_US\" \/>\n<meta property=\"og:type\" content=\"article\" \/>\n<meta property=\"og:title\" content=\"C\u00fala4 Live Stream | Cain\u00e9al Teilif\u00eds \u00c9ireannach | S\u00fail Eile - TG4\" \/>\n<meta property=\"og:description\" content=\"C\u00fala4 Live Stream. Cain\u00e9al Teilif\u00eds \u00c9ireannach. F\u00e9ach aon \u00e1it, aon uair\" \/>\n<meta property=\"og:url\" content=\"https:\/\/dev.tg4.ie\/en\/player\/watch-live\/c4live\/\" \/>\n<meta property=\"og:site_name\" content=\"TG4\" \/>\n<meta property=\"article:publisher\" content=\"https:\/\/www.facebook.com\/TG4TV\" \/>\n<meta property=\"article:modified_time\" content=\"2023-11-01T14:29:41+00:00\" \/>\n<meta property=\"og:image\" content=\"https:\/\/d1og0s8nlbd0hm.cloudfront.net\/tg4-redesign-2015\/wp-content\/uploads\/2021\/02\/Generic_BG_Player.jpg\" \/>\n<meta name=\"twitter:card\" content=\"summary_large_image\" \/>\n<meta name=\"twitter:image\" content=\"https:\/\/d1og0s8nlbd0hm.cloudfront.net\/tg4-redesign-2015\/wp-content\/uploads\/2021\/02\/Generic_BG_Player.jpg\" \/>\n<meta name=\"twitter:site\" content=\"@TG4TV\" \/>\n<script type=\"application\/ld+json\" class=\"yoast-schema-graph\">{\"@context\":\"https:\/\/schema.org\",\"@graph\":[{\"@type\":\"WebPage\",\"@id\":\"https:\/\/dev.tg4.ie\/en\/player\/watch-live\/c4live\/\",\"url\":\"https:\/\/dev.tg4.ie\/en\/player\/watch-live\/c4live\/\",\"name\":\"C\u00fala4 Live Stream | Cain\u00e9al Teilif\u00eds \u00c9ireannach | S\u00fail Eile - TG4\",\"isPartOf\":{\"@id\":\"https:\/\/dev.tg4.ie\/en\/#website\"},\"datePublished\":\"2023-11-01T14:22:21+00:00\",\"dateModified\":\"2023-11-01T14:29:41+00:00\",\"description\":\"C\u00fala4 Live Stream. Cain\u00e9al Teilif\u00eds \u00c9ireannach. F\u00e9ach aon \u00e1it, aon uair\",\"breadcrumb\":{\"@id\":\"https:\/\/dev.tg4.ie\/en\/player\/watch-live\/c4live\/#breadcrumb\"},\"inLanguage\":\"en-ie\",\"potentialAction\":[{\"@type\":\"ReadAction\",\"target\":[\"https:\/\/dev.tg4.ie\/en\/player\/watch-live\/c4live\/\"]}]},{\"@type\":\"BreadcrumbList\",\"@id\":\"https:\/\/dev.tg4.ie\/en\/player\/watch-live\/c4live\/#breadcrumb\",\"itemListElement\":[{\"@type\":\"ListItem\",\"position\":1,\"name\":\"Home\",\"item\":\"https:\/\/dev.tg4.ie\/en\/\"},{\"@type\":\"ListItem\",\"position\":2,\"name\":\"Player\",\"item\":\"https:\/\/dev.tg4.ie\/en\/player\/\"},{\"@type\":\"ListItem\",\"position\":3,\"name\":\"Watch Live\",\"item\":\"https:\/\/dev.tg4.ie\/en\/player\/watch-live\/\"},{\"@type\":\"ListItem\",\"position\":4,\"name\":\"C\u00fala4 Live\"}]},{\"@type\":\"WebSite\",\"@id\":\"https:\/\/dev.tg4.ie\/en\/#website\",\"url\":\"https:\/\/dev.tg4.ie\/en\/\",\"name\":\"TG4\",\"description\":\"S\u00fail Eile\",\"potentialAction\":[{\"@type\":\"SearchAction\",\"target\":{\"@type\":\"EntryPoint\",\"urlTemplate\":\"https:\/\/dev.tg4.ie\/en\/?s={search_term_string}\"},\"query-input\":\"required name=search_term_string\"}],\"inLanguage\":\"en-ie\"}]}<\/script>\n<!-- \/ Yoast SEO plugin. -->","yoast_head_json":{"title":"C\u00fala4 Live Stream | Cain\u00e9al Teilif\u00eds \u00c9ireannach | S\u00fail Eile - TG4","description":"C\u00fala4 Live Stream. Cain\u00e9al Teilif\u00eds \u00c9ireannach. F\u00e9ach aon \u00e1it, aon uair","robots":{"index":"index","follow":"follow","max-snippet":"max-snippet:-1","max-image-preview":"max-image-preview:large","max-video-preview":"max-video-preview:-1"},"og_locale":"en_US","og_type":"article","og_title":"C\u00fala4 Live Stream | Cain\u00e9al Teilif\u00eds \u00c9ireannach | S\u00fail Eile - TG4","og_description":"C\u00fala4 Live Stream. Cain\u00e9al Teilif\u00eds \u00c9ireannach. F\u00e9ach aon \u00e1it, aon uair","og_url":"https:\/\/dev.tg4.ie\/en\/player\/watch-live\/c4live\/","og_site_name":"TG4","article_publisher":"https:\/\/www.facebook.com\/TG4TV","article_modified_time":"2023-11-01T14:29:41+00:00","og_image":[{"url":"https:\/\/d1og0s8nlbd0hm.cloudfront.net\/tg4-redesign-2015\/wp-content\/uploads\/2021\/02\/Generic_BG_Player.jpg"}],"twitter_card":"summary_large_image","twitter_image":"https:\/\/d1og0s8nlbd0hm.cloudfront.net\/tg4-redesign-2015\/wp-content\/uploads\/2021\/02\/Generic_BG_Player.jpg","twitter_site":"@TG4TV","schema":{"@context":"https:\/\/schema.org","@graph":[{"@type":"WebPage","@id":"https:\/\/dev.tg4.ie\/en\/player\/watch-live\/c4live\/","url":"https:\/\/dev.tg4.ie\/en\/player\/watch-live\/c4live\/","name":"C\u00fala4 Live Stream | Cain\u00e9al Teilif\u00eds \u00c9ireannach | S\u00fail Eile - TG4","isPartOf":{"@id":"https:\/\/dev.tg4.ie\/en\/#website"},"datePublished":"2023-11-01T14:22:21+00:00","dateModified":"2023-11-01T14:29:41+00:00","description":"C\u00fala4 Live Stream. Cain\u00e9al Teilif\u00eds \u00c9ireannach. F\u00e9ach aon \u00e1it, aon uair","breadcrumb":{"@id":"https:\/\/dev.tg4.ie\/en\/player\/watch-live\/c4live\/#breadcrumb"},"inLanguage":"en-ie","potentialAction":[{"@type":"ReadAction","target":["https:\/\/dev.tg4.ie\/en\/player\/watch-live\/c4live\/"]}]},{"@type":"BreadcrumbList","@id":"https:\/\/dev.tg4.ie\/en\/player\/watch-live\/c4live\/#breadcrumb","itemListElement":[{"@type":"ListItem","position":1,"name":"Home","item":"https:\/\/dev.tg4.ie\/en\/"},{"@type":"ListItem","position":2,"name":"Player","item":"https:\/\/dev.tg4.ie\/en\/player\/"},{"@type":"ListItem","position":3,"name":"Watch Live","item":"https:\/\/dev.tg4.ie\/en\/player\/watch-live\/"},{"@type":"ListItem","position":4,"name":"C\u00fala4 Live"}]},{"@type":"WebSite","@id":"https:\/\/dev.tg4.ie\/en\/#website","url":"https:\/\/dev.tg4.ie\/en\/","name":"TG4","description":"S\u00fail Eile","potentialAction":[{"@type":"SearchAction","target":{"@type":"EntryPoint","urlTemplate":"https:\/\/dev.tg4.ie\/en\/?s={search_term_string}"},"query-input":"required name=search_term_string"}],"inLanguage":"en-ie"}]}},"_links":{"self":[{"href":"https:\/\/dev.tg4.ie\/en\/wp-json\/wp\/v2\/pages\/205671"}],"collection":[{"href":"https:\/\/dev.tg4.ie\/en\/wp-json\/wp\/v2\/pages"}],"about":[{"href":"https:\/\/dev.tg4.ie\/en\/wp-json\/wp\/v2\/types\/page"}],"author":[{"embeddable":true,"href":"https:\/\/dev.tg4.ie\/en\/wp-json\/wp\/v2\/users\/4"}],"replies":[{"embeddable":true,"href":"https:\/\/dev.tg4.ie\/en\/wp-json\/wp\/v2\/comments?post=205671"}],"version-history":[{"count":0,"href":"https:\/\/dev.tg4.ie\/en\/wp-json\/wp\/v2\/pages\/205671\/revisions"}],"up":[{"embeddable":true,"href":"https:\/\/dev.tg4.ie\/en\/wp-json\/wp\/v2\/pages\/102084"}],"wp:attachment":[{"href":"https:\/\/dev.tg4.ie\/en\/wp-json\/wp\/v2\/media?parent=205671"}],"curies":[{"name":"wp","href":"https:\/\/api.w.org\/{rel}","templated":true}]}}