{"id":207147,"date":"2023-12-07T16:01:22","date_gmt":"2023-12-07T16:01:22","guid":{"rendered":"https:\/\/dev.tg4.ie\/?page_id=207147"},"modified":"2023-12-07T17:20:44","modified_gmt":"2023-12-07T17:20:44","slug":"kneecap-to-have-world-premiere-at-sundance-film-festival","status":"publish","type":"page","link":"https:\/\/dev.tg4.ie\/en\/information\/press\/press-releases\/2023-2\/kneecap-to-have-world-premiere-at-sundance-film-festival\/","title":{"rendered":"KNEECAP to have World Premiere at Sundance Film Festival"},"content":{"rendered":"<p><strong>Feature to Screen on Opening Night of Prestigious US Festival<\/strong><br \/>\n&nbsp;<br \/>\n<img loading=\"lazy\" decoding=\"async\" width=\"1920\" height=\"1080\" src=\"https:\/\/tg4-docs.s3.amazonaws.com\/wp-content\/uploads\/2023\/12\/07154051\/Kneecap_Sundance_2024_1-1920x1080-1.jpg\" alt=\"\" class=\"aligncenter size-full wp-image-207149\" srcset=\"https:\/\/tg4-docs.s3.amazonaws.com\/wp-content\/uploads\/2023\/12\/07154051\/Kneecap_Sundance_2024_1-1920x1080-1.jpg 1920w, https:\/\/tg4-docs.s3.amazonaws.com\/wp-content\/uploads\/2023\/12\/07154051\/Kneecap_Sundance_2024_1-1920x1080-1-250x141.jpg 250w, https:\/\/tg4-docs.s3.amazonaws.com\/wp-content\/uploads\/2023\/12\/07154051\/Kneecap_Sundance_2024_1-1920x1080-1-700x394.jpg 700w, https:\/\/tg4-docs.s3.amazonaws.com\/wp-content\/uploads\/2023\/12\/07154051\/Kneecap_Sundance_2024_1-1920x1080-1-252x141.jpg 252w, https:\/\/tg4-docs.s3.amazonaws.com\/wp-content\/uploads\/2023\/12\/07154051\/Kneecap_Sundance_2024_1-1920x1080-1-1536x864.jpg 1536w, https:\/\/tg4-docs.s3.amazonaws.com\/wp-content\/uploads\/2023\/12\/07154051\/Kneecap_Sundance_2024_1-1920x1080-1-120x68.jpg 120w\" sizes=\"(max-width: 1920px) 100vw, 1920px\" \/><br \/>\n&nbsp;<br \/>\nRich Peppiatt\u2019s KNEECAP will have its world premiere at the renowned Sundance Film Festival in Utah next month where it will screen on the opening night on Thursday 18th January.<br \/>\n&nbsp;<br \/>\nBased on the origin story of the riotous and ground-breaking Irish-language rap trio Kneecap, the film stars the band\u2019s Mo Chara, M\u00f3gla\u00ed Bap and DJ Pr\u00f3va\u00ed in their acting debuts alongside Academy Award nominated Michael Fassbender (Steve Jobs, 12 Years a Slave), Simone Kirby (Hidden Assets, Jimmy\u2019s Hall) and Josie Walker (Belfast, The Wonder).  Set in west Belfast in 2019, it chronicles how fate brings the trio together and how they then go on to \u201cchange the sound of Irish music forever\u201d.<br \/>\n&nbsp;<br \/>\nSpeaking about the world premiere writer \/ director Rich Peppiatt said: <em>\u201cWhen I first set out to make a film in a language I didn&#8217;t speak, set in a place I&#8217;m not from, little could I have imagined four years later we would be introducing Kneecap the movie to the world at the Mecca of Independent cinema. It&#8217;s an honour to be breaking new ground for Irish language cinema with a film that surprises &#038; provokes every bit as much as Kneecap&#8217;s music.\u201d<\/em><br \/>\n&nbsp;<br \/>\n<strong>Kneecap<\/strong> added: <em>\u201cWe are buzzing to be premiering at Sundance.  Wherever we go we aim to smash preconceptions about cultural identity, language and highlight the role of the working classes to overthrow oppressive power. To now bring this message from the streets of West Belfast to the big screen is f*cking excellent. We&#8217;re immensely proud of the film and can&#8217;t wait to get it to cinemas around the world.\u201d<\/em><br \/>\n&nbsp;<br \/>\nProinsias N\u00ed Ghr\u00e1inne Commissioning Editor in TG4 said <em>&#8220;TG4 is the obvious broadcast partner for this bold, pulsating comedy , a rich mix of dark satire, realism and language activism. What an affirmation for Irish language film and for how far our language can travel that Kneecap&#8217;s story and sound track will open the biggest independent film festival in the world.&#8221;<\/em><br \/>\n&nbsp;<br \/>\nProducer Trevor Birney from Fine Point Films said: <em>\u201cThis is the first Irish language film to have been selected by Sundance, which is simply incredible not only for Rich Peppiatt and Kneecap but for Fine Point and the film industry in Ireland, north and south. I was excited about this film from the moment Rich came to me with the idea and we began to work together with the band on making it happen. Thanks to the incredible crew and, of course, the funders who supported Rich\u2019s vision. Go raibh maith agaibh.\u201d<\/em><br \/>\n&nbsp;<br \/>\nPatrick O\u2019Neill, MD at Wildcard said: <em>&#8220;Wildcard are thrilled to be involved with Kneecap as producer and distributor.  It&#8217;s a brilliant Irish film that I am sure will connect with audiences all over Ireland and worldwide.  We can&#8217;t wait to bring it to Irish cinemas in 2024.&#8221;<\/em><br \/>\n&nbsp;<br \/>\nFounded in 1978, the Sundance Film Festival is the world&#8217;s most prestigious festival dedicated to independent films.  Titles that have screened at the festival in the past include <em>The Usual Suspects<\/em>, <em>Reservoir Dogs<\/em>, <em>Little Miss Sunshine<\/em>, and <em>In Bruges<\/em> as well as Irish productions such as John Crowley&#8217;s <em>Brooklyn<\/em>, Yorgos Lanthimos&#8217;s <em>The Lobster<\/em>, John Carney&#8217;s <em>Sing Street<\/em> and Lee Cronin\u2019s <em>The Hole in the Ground<\/em>.<br \/>\n&nbsp;<br \/>\nKNEECAP is the first non-US film to ever be selected for the NEXT section of the festival.  The festival describes selections for this section as \u201cpure, bold works distinguished by an innovative, forward-thinking approach to story-telling\u201d.  The film is writer\/director Rich Peppiatt\u2019s first live-action feature following his award-winning satirical documentary One Rogue Reporter.<br \/>\n&nbsp;<br \/>\nDescribed by the LA Times as \u201creminiscent of the early Eminem\u201d, the band Kneecap is gaining critical acclaim for their artful blend of Irish and English rap about the gritty reality of growing up in post-Troubles Belfast.  Their single <em>Better Way to Live<\/em> featuring Grian Chatten was released last month with their highly anticipated debut album set to be released early next year.<br \/>\n&nbsp;<br \/>\nKNEECAP was produced by Jack Tarling and Trevor Birney for Fine Point Films and Mother Tongues Films, with Patrick O\u2019Neill at Wildcard acting as Co-Producer.  Funding for the film was provided by Northern Ireland Screen, the Irish Language Broadcast Fund, Screen Ireland, the BFI (awarding National Lottery funding), Coimisi\u00fan na Me\u00e1n and TG4, with backing from Great Point Media.<br \/>\n&nbsp;<br \/>\nThe Sundance Film Festival will take place from 18th \u2013 28th January in Park City and Salt Lake City, Utah with KNEECAP screening on the opening night.  Anonymous Content (The Revenant) will be representing the film at the festival alongside sales agent Charades (Aftersun).<br \/>\n&nbsp;<br \/>\nKNEECAP will be released in Irish cinemas by Wildcard and Curzon in 2024.  <\/p>\n<p>&nbsp;<br \/>\n&nbsp;<\/p>\n","protected":false},"excerpt":{"rendered":"<p>Feature to Screen on Opening Night of Prestigious US Festival &nbsp; &nbsp; Rich Peppiatt\u2019s KNEECAP will have its world premiere at the renowned Sundance Film Festival in Utah next month where it will screen on the opening night on Thursday 18th January. &nbsp; Based on the origin story of the riotous and ground-breaking Irish-language rap [&hellip;]<\/p>\n","protected":false},"author":876,"featured_media":0,"parent":180925,"menu_order":26,"comment_status":"closed","ping_status":"closed","template":"page-templates\/template-pr.php","meta":{"_acf_changed":false,"footnotes":""},"acf":[],"yoast_head":"<!-- This site is optimized with the Yoast SEO plugin v22.6 - https:\/\/yoast.com\/wordpress\/plugins\/seo\/ -->\n<title>KNEECAP to have World Premiere at Sundance Film Festival | Press Release | TG4<\/title>\n<meta name=\"description\" content=\"Rich Peppiatt\u2019s KNEECAP will have its world premiere at the renowned Sundance Film Festival in Utah next month where it will screen on the opening night on Thursday 18th January.\" \/>\n<meta name=\"robots\" content=\"index, follow, max-snippet:-1, max-image-preview:large, max-video-preview:-1\" \/>\n<meta property=\"og:locale\" content=\"en_US\" \/>\n<meta property=\"og:type\" content=\"article\" \/>\n<meta property=\"og:title\" content=\"KNEECAP to have World Premiere at Sundance Film Festival | Press Release | TG4\" \/>\n<meta property=\"og:description\" content=\"Rich Peppiatt\u2019s KNEECAP will have its world premiere at the renowned Sundance Film Festival in Utah next month where it will screen on the opening night on Thursday 18th January.\" \/>\n<meta property=\"og:url\" content=\"https:\/\/dev.tg4.ie\/en\/information\/press\/press-releases\/2023-2\/kneecap-to-have-world-premiere-at-sundance-film-festival\/\" \/>\n<meta property=\"og:site_name\" content=\"TG4\" \/>\n<meta property=\"article:publisher\" content=\"https:\/\/www.facebook.com\/TG4TV\" \/>\n<meta property=\"article:modified_time\" content=\"2023-12-07T17:20:44+00:00\" \/>\n<meta property=\"og:image\" content=\"https:\/\/tg4-docs.s3.amazonaws.com\/wp-content\/uploads\/2023\/12\/07154051\/Kneecap_Sundance_2024_1-1920x1080-1.jpg\" \/>\n\t<meta property=\"og:image:width\" content=\"1920\" \/>\n\t<meta property=\"og:image:height\" content=\"1080\" \/>\n\t<meta property=\"og:image:type\" content=\"image\/jpeg\" \/>\n<meta name=\"twitter:card\" content=\"summary_large_image\" \/>\n<meta name=\"twitter:image\" content=\"https:\/\/tg4-docs.s3.amazonaws.com\/wp-content\/uploads\/2023\/12\/07154051\/Kneecap_Sundance_2024_1-1920x1080-1.jpg\" \/>\n<meta name=\"twitter:site\" content=\"@TG4TV\" \/>\n<meta name=\"twitter:label1\" content=\"Est. reading time\" \/>\n\t<meta name=\"twitter:data1\" content=\"4 minutes\" \/>\n<script type=\"application\/ld+json\" class=\"yoast-schema-graph\">{\"@context\":\"https:\/\/schema.org\",\"@graph\":[{\"@type\":\"WebPage\",\"@id\":\"https:\/\/dev.tg4.ie\/en\/information\/press\/press-releases\/2023-2\/kneecap-to-have-world-premiere-at-sundance-film-festival\/\",\"url\":\"https:\/\/dev.tg4.ie\/en\/information\/press\/press-releases\/2023-2\/kneecap-to-have-world-premiere-at-sundance-film-festival\/\",\"name\":\"KNEECAP to have World Premiere at Sundance Film Festival | Press Release | TG4\",\"isPartOf\":{\"@id\":\"https:\/\/dev.tg4.ie\/en\/#website\"},\"primaryImageOfPage\":{\"@id\":\"https:\/\/dev.tg4.ie\/en\/information\/press\/press-releases\/2023-2\/kneecap-to-have-world-premiere-at-sundance-film-festival\/#primaryimage\"},\"image\":{\"@id\":\"https:\/\/dev.tg4.ie\/en\/information\/press\/press-releases\/2023-2\/kneecap-to-have-world-premiere-at-sundance-film-festival\/#primaryimage\"},\"thumbnailUrl\":\"https:\/\/dev.tg4.ie\/wp-content\/uploads\/2023\/12\/Kneecap_Sundance_2024_1-1920x1080-1.jpg\",\"datePublished\":\"2023-12-07T16:01:22+00:00\",\"dateModified\":\"2023-12-07T17:20:44+00:00\",\"description\":\"Rich Peppiatt\u2019s KNEECAP will have its world premiere at the renowned Sundance Film Festival in Utah next month where it will screen on the opening night on Thursday 18th January.\",\"breadcrumb\":{\"@id\":\"https:\/\/dev.tg4.ie\/en\/information\/press\/press-releases\/2023-2\/kneecap-to-have-world-premiere-at-sundance-film-festival\/#breadcrumb\"},\"inLanguage\":\"en-ie\",\"potentialAction\":[{\"@type\":\"ReadAction\",\"target\":[\"https:\/\/dev.tg4.ie\/en\/information\/press\/press-releases\/2023-2\/kneecap-to-have-world-premiere-at-sundance-film-festival\/\"]}]},{\"@type\":\"ImageObject\",\"inLanguage\":\"en-ie\",\"@id\":\"https:\/\/dev.tg4.ie\/en\/information\/press\/press-releases\/2023-2\/kneecap-to-have-world-premiere-at-sundance-film-festival\/#primaryimage\",\"url\":\"https:\/\/dev.tg4.ie\/wp-content\/uploads\/2023\/12\/Kneecap_Sundance_2024_1-1920x1080-1.jpg\",\"contentUrl\":\"https:\/\/dev.tg4.ie\/wp-content\/uploads\/2023\/12\/Kneecap_Sundance_2024_1-1920x1080-1.jpg\"},{\"@type\":\"BreadcrumbList\",\"@id\":\"https:\/\/dev.tg4.ie\/en\/information\/press\/press-releases\/2023-2\/kneecap-to-have-world-premiere-at-sundance-film-festival\/#breadcrumb\",\"itemListElement\":[{\"@type\":\"ListItem\",\"position\":1,\"name\":\"Home\",\"item\":\"https:\/\/dev.tg4.ie\/en\/\"},{\"@type\":\"ListItem\",\"position\":2,\"name\":\"Information\",\"item\":\"https:\/\/dev.tg4.ie\/en\/information\/\"},{\"@type\":\"ListItem\",\"position\":3,\"name\":\"Press\",\"item\":\"https:\/\/dev.tg4.ie\/en\/information\/press\/\"},{\"@type\":\"ListItem\",\"position\":4,\"name\":\"Press Releases\",\"item\":\"https:\/\/dev.tg4.ie\/en\/information\/press\/press-releases\/\"},{\"@type\":\"ListItem\",\"position\":5,\"name\":\"2023\",\"item\":\"https:\/\/dev.tg4.ie\/en\/information\/press\/press-releases\/2023-2\/\"},{\"@type\":\"ListItem\",\"position\":6,\"name\":\"KNEECAP to have World Premiere at Sundance Film Festival\"}]},{\"@type\":\"WebSite\",\"@id\":\"https:\/\/dev.tg4.ie\/en\/#website\",\"url\":\"https:\/\/dev.tg4.ie\/en\/\",\"name\":\"TG4\",\"description\":\"S\u00fail Eile\",\"potentialAction\":[{\"@type\":\"SearchAction\",\"target\":{\"@type\":\"EntryPoint\",\"urlTemplate\":\"https:\/\/dev.tg4.ie\/en\/?s={search_term_string}\"},\"query-input\":\"required name=search_term_string\"}],\"inLanguage\":\"en-ie\"}]}<\/script>\n<!-- \/ Yoast SEO plugin. -->","yoast_head_json":{"title":"KNEECAP to have World Premiere at Sundance Film Festival | Press Release | TG4","description":"Rich Peppiatt\u2019s KNEECAP will have its world premiere at the renowned Sundance Film Festival in Utah next month where it will screen on the opening night on Thursday 18th January.","robots":{"index":"index","follow":"follow","max-snippet":"max-snippet:-1","max-image-preview":"max-image-preview:large","max-video-preview":"max-video-preview:-1"},"og_locale":"en_US","og_type":"article","og_title":"KNEECAP to have World Premiere at Sundance Film Festival | Press Release | TG4","og_description":"Rich Peppiatt\u2019s KNEECAP will have its world premiere at the renowned Sundance Film Festival in Utah next month where it will screen on the opening night on Thursday 18th January.","og_url":"https:\/\/dev.tg4.ie\/en\/information\/press\/press-releases\/2023-2\/kneecap-to-have-world-premiere-at-sundance-film-festival\/","og_site_name":"TG4","article_publisher":"https:\/\/www.facebook.com\/TG4TV","article_modified_time":"2023-12-07T17:20:44+00:00","og_image":[{"width":1920,"height":1080,"url":"https:\/\/tg4-docs.s3.amazonaws.com\/wp-content\/uploads\/2023\/12\/07154051\/Kneecap_Sundance_2024_1-1920x1080-1.jpg","type":"image\/jpeg"}],"twitter_card":"summary_large_image","twitter_image":"https:\/\/tg4-docs.s3.amazonaws.com\/wp-content\/uploads\/2023\/12\/07154051\/Kneecap_Sundance_2024_1-1920x1080-1.jpg","twitter_site":"@TG4TV","twitter_misc":{"Est. reading time":"4 minutes"},"schema":{"@context":"https:\/\/schema.org","@graph":[{"@type":"WebPage","@id":"https:\/\/dev.tg4.ie\/en\/information\/press\/press-releases\/2023-2\/kneecap-to-have-world-premiere-at-sundance-film-festival\/","url":"https:\/\/dev.tg4.ie\/en\/information\/press\/press-releases\/2023-2\/kneecap-to-have-world-premiere-at-sundance-film-festival\/","name":"KNEECAP to have World Premiere at Sundance Film Festival | Press Release | TG4","isPartOf":{"@id":"https:\/\/dev.tg4.ie\/en\/#website"},"primaryImageOfPage":{"@id":"https:\/\/dev.tg4.ie\/en\/information\/press\/press-releases\/2023-2\/kneecap-to-have-world-premiere-at-sundance-film-festival\/#primaryimage"},"image":{"@id":"https:\/\/dev.tg4.ie\/en\/information\/press\/press-releases\/2023-2\/kneecap-to-have-world-premiere-at-sundance-film-festival\/#primaryimage"},"thumbnailUrl":"https:\/\/dev.tg4.ie\/wp-content\/uploads\/2023\/12\/Kneecap_Sundance_2024_1-1920x1080-1.jpg","datePublished":"2023-12-07T16:01:22+00:00","dateModified":"2023-12-07T17:20:44+00:00","description":"Rich Peppiatt\u2019s KNEECAP will have its world premiere at the renowned Sundance Film Festival in Utah next month where it will screen on the opening night on Thursday 18th January.","breadcrumb":{"@id":"https:\/\/dev.tg4.ie\/en\/information\/press\/press-releases\/2023-2\/kneecap-to-have-world-premiere-at-sundance-film-festival\/#breadcrumb"},"inLanguage":"en-ie","potentialAction":[{"@type":"ReadAction","target":["https:\/\/dev.tg4.ie\/en\/information\/press\/press-releases\/2023-2\/kneecap-to-have-world-premiere-at-sundance-film-festival\/"]}]},{"@type":"ImageObject","inLanguage":"en-ie","@id":"https:\/\/dev.tg4.ie\/en\/information\/press\/press-releases\/2023-2\/kneecap-to-have-world-premiere-at-sundance-film-festival\/#primaryimage","url":"https:\/\/dev.tg4.ie\/wp-content\/uploads\/2023\/12\/Kneecap_Sundance_2024_1-1920x1080-1.jpg","contentUrl":"https:\/\/dev.tg4.ie\/wp-content\/uploads\/2023\/12\/Kneecap_Sundance_2024_1-1920x1080-1.jpg"},{"@type":"BreadcrumbList","@id":"https:\/\/dev.tg4.ie\/en\/information\/press\/press-releases\/2023-2\/kneecap-to-have-world-premiere-at-sundance-film-festival\/#breadcrumb","itemListElement":[{"@type":"ListItem","position":1,"name":"Home","item":"https:\/\/dev.tg4.ie\/en\/"},{"@type":"ListItem","position":2,"name":"Information","item":"https:\/\/dev.tg4.ie\/en\/information\/"},{"@type":"ListItem","position":3,"name":"Press","item":"https:\/\/dev.tg4.ie\/en\/information\/press\/"},{"@type":"ListItem","position":4,"name":"Press Releases","item":"https:\/\/dev.tg4.ie\/en\/information\/press\/press-releases\/"},{"@type":"ListItem","position":5,"name":"2023","item":"https:\/\/dev.tg4.ie\/en\/information\/press\/press-releases\/2023-2\/"},{"@type":"ListItem","position":6,"name":"KNEECAP to have World Premiere at Sundance Film Festival"}]},{"@type":"WebSite","@id":"https:\/\/dev.tg4.ie\/en\/#website","url":"https:\/\/dev.tg4.ie\/en\/","name":"TG4","description":"S\u00fail Eile","potentialAction":[{"@type":"SearchAction","target":{"@type":"EntryPoint","urlTemplate":"https:\/\/dev.tg4.ie\/en\/?s={search_term_string}"},"query-input":"required name=search_term_string"}],"inLanguage":"en-ie"}]}},"_links":{"self":[{"href":"https:\/\/dev.tg4.ie\/en\/wp-json\/wp\/v2\/pages\/207147"}],"collection":[{"href":"https:\/\/dev.tg4.ie\/en\/wp-json\/wp\/v2\/pages"}],"about":[{"href":"https:\/\/dev.tg4.ie\/en\/wp-json\/wp\/v2\/types\/page"}],"author":[{"embeddable":true,"href":"https:\/\/dev.tg4.ie\/en\/wp-json\/wp\/v2\/users\/876"}],"replies":[{"embeddable":true,"href":"https:\/\/dev.tg4.ie\/en\/wp-json\/wp\/v2\/comments?post=207147"}],"version-history":[{"count":0,"href":"https:\/\/dev.tg4.ie\/en\/wp-json\/wp\/v2\/pages\/207147\/revisions"}],"up":[{"embeddable":true,"href":"https:\/\/dev.tg4.ie\/en\/wp-json\/wp\/v2\/pages\/180925"}],"wp:attachment":[{"href":"https:\/\/dev.tg4.ie\/en\/wp-json\/wp\/v2\/media?parent=207147"}],"curies":[{"name":"wp","href":"https:\/\/api.w.org\/{rel}","templated":true}]}}